{"id":933,"date":"2025-08-18T08:52:46","date_gmt":"2025-08-18T11:52:46","guid":{"rendered":"https:\/\/redeicm.org.br\/stellamaris\/?page_id=933"},"modified":"2025-11-11T09:28:37","modified_gmt":"2025-11-11T12:28:37","slug":"bolsa-2026","status":"publish","type":"page","link":"https:\/\/redeicm.org.br\/stellamaris\/bolsa-2026\/","title":{"rendered":"Bolsa 2026"},"content":{"rendered":"\t\t<div data-elementor-type=\"wp-page\" data-elementor-id=\"933\" class=\"elementor elementor-933\" data-elementor-post-type=\"page\">\n\t\t\t\t<div class=\"elementor-element elementor-element-fab540a e-flex e-con-boxed e-con e-parent\" data-id=\"fab540a\" data-element_type=\"container\" data-e-type=\"container\" data-settings=\"{&quot;background_background&quot;:&quot;classic&quot;}\">\n\t\t\t\t\t<div class=\"e-con-inner\">\n\t\t\t\t<div class=\"elementor-element elementor-element-6c64377 elementor-widget elementor-widget-heading\" data-id=\"6c64377\" data-element_type=\"widget\" data-e-type=\"widget\" data-widget_type=\"heading.default\">\n\t\t\t\t<div class=\"elementor-widget-container\">\n\t\t\t\t\t<h1 class=\"elementor-heading-title elementor-size-default\">Bolsa 2026<\/h1>\t\t\t\t<\/div>\n\t\t\t\t<\/div>\n\t\t\t\t\t<\/div>\n\t\t\t\t<\/div>\n\t\t<div class=\"elementor-element elementor-element-214bd20 e-flex e-con-boxed e-con e-parent\" data-id=\"214bd20\" data-element_type=\"container\" data-e-type=\"container\">\n\t\t\t\t\t<div class=\"e-con-inner\">\n\t\t<div class=\"elementor-element elementor-element-d7f3d09 e-con-full e-flex e-con e-child\" data-id=\"d7f3d09\" data-element_type=\"container\" data-e-type=\"container\">\n\t\t\t\t<div class=\"elementor-element elementor-element-f01dee8 elementor-widget__width-auto elementor-widget elementor-widget-button\" data-id=\"f01dee8\" data-element_type=\"widget\" data-e-type=\"widget\" data-widget_type=\"button.default\">\n\t\t\t\t<div class=\"elementor-widget-container\">\n\t\t\t\t\t\t\t\t\t<div class=\"elementor-button-wrapper\">\n\t\t\t\t\t<a class=\"elementor-button elementor-button-link elementor-size-sm\" href=\"https:\/\/redeicm.org.br\/stellamaris\/wp-content\/uploads\/sites\/23\/2025\/08\/EDITAL-01_2026-BOLSAS-DE-ESTUDOS.pdf\" target=\"_blank\">\n\t\t\t\t\t\t<span class=\"elementor-button-content-wrapper\">\n\t\t\t\t\t\t\t\t\t<span class=\"elementor-button-text\">Edital<\/span>\n\t\t\t\t\t<\/span>\n\t\t\t\t\t<\/a>\n\t\t\t\t<\/div>\n\t\t\t\t\t\t\t\t<\/div>\n\t\t\t\t<\/div>\n\t\t\t\t<div class=\"elementor-element elementor-element-cd0d98b elementor-widget__width-auto elementor-widget elementor-widget-button\" data-id=\"cd0d98b\" data-element_type=\"widget\" data-e-type=\"widget\" data-widget_type=\"button.default\">\n\t\t\t\t<div class=\"elementor-widget-container\">\n\t\t\t\t\t\t\t\t\t<div class=\"elementor-button-wrapper\">\n\t\t\t\t\t<a class=\"elementor-button elementor-button-link elementor-size-sm\" href=\"https:\/\/redeicm.org.br\/stellamaris\/wp-content\/uploads\/sites\/23\/2025\/10\/001_2026-Portaria-Complementar-Bolsas-de-Estudo-2026.pdf\" target=\"_blank\">\n\t\t\t\t\t\t<span class=\"elementor-button-content-wrapper\">\n\t\t\t\t\t\t\t\t\t<span class=\"elementor-button-text\">PORTARIA 01\/2026<\/span>\n\t\t\t\t\t<\/span>\n\t\t\t\t\t<\/a>\n\t\t\t\t<\/div>\n\t\t\t\t\t\t\t\t<\/div>\n\t\t\t\t<\/div>\n\t\t\t\t<div class=\"elementor-element elementor-element-126b19c elementor-widget__width-auto elementor-widget elementor-widget-button\" data-id=\"126b19c\" data-element_type=\"widget\" data-e-type=\"widget\" data-widget_type=\"button.default\">\n\t\t\t\t<div class=\"elementor-widget-container\">\n\t\t\t\t\t\t\t\t\t<div class=\"elementor-button-wrapper\">\n\t\t\t\t\t<a class=\"elementor-button elementor-button-link elementor-size-sm\" href=\"https:\/\/redeicm.org.br\/stellamaris\/wp-content\/uploads\/sites\/23\/2025\/11\/02_2026-Portaria-Complementar-Bolsas-de-Estudo-2026-2.pdf\" target=\"_blank\">\n\t\t\t\t\t\t<span class=\"elementor-button-content-wrapper\">\n\t\t\t\t\t\t\t\t\t<span class=\"elementor-button-text\">PORTARIA 02\/2026<\/span>\n\t\t\t\t\t<\/span>\n\t\t\t\t\t<\/a>\n\t\t\t\t<\/div>\n\t\t\t\t\t\t\t\t<\/div>\n\t\t\t\t<\/div>\n\t\t\t\t<div class=\"elementor-element elementor-element-6a7ed52 elementor-widget__width-auto elementor-widget elementor-widget-button\" data-id=\"6a7ed52\" data-element_type=\"widget\" data-e-type=\"widget\" data-widget_type=\"button.default\">\n\t\t\t\t<div class=\"elementor-widget-container\">\n\t\t\t\t\t\t\t\t\t<div class=\"elementor-button-wrapper\">\n\t\t\t\t\t<a class=\"elementor-button elementor-button-link elementor-size-sm\" href=\"https:\/\/redeicm.org.br\/stellamaris\/documentos-bolsa-de-estudos-2026\/\" target=\"_blank\">\n\t\t\t\t\t\t<span class=\"elementor-button-content-wrapper\">\n\t\t\t\t\t\t\t\t\t<span class=\"elementor-button-text\">Documentos<\/span>\n\t\t\t\t\t<\/span>\n\t\t\t\t\t<\/a>\n\t\t\t\t<\/div>\n\t\t\t\t\t\t\t\t<\/div>\n\t\t\t\t<\/div>\n\t\t\t\t<div class=\"elementor-element elementor-element-6958758 elementor-widget__width-auto elementor-widget elementor-widget-button\" data-id=\"6958758\" data-element_type=\"widget\" data-e-type=\"widget\" data-widget_type=\"button.default\">\n\t\t\t\t<div class=\"elementor-widget-container\">\n\t\t\t\t\t\t\t\t\t<div class=\"elementor-button-wrapper\">\n\t\t\t\t\t<a class=\"elementor-button elementor-button-link elementor-size-sm\" href=\"https:\/\/forms.gle\/XbkAKJf7fRUmYhjv8\" target=\"_blank\">\n\t\t\t\t\t\t<span class=\"elementor-button-content-wrapper\">\n\t\t\t\t\t\t\t\t\t<span class=\"elementor-button-text\">Canditados Novos<\/span>\n\t\t\t\t\t<\/span>\n\t\t\t\t\t<\/a>\n\t\t\t\t<\/div>\n\t\t\t\t\t\t\t\t<\/div>\n\t\t\t\t<\/div>\n\t\t\t\t<\/div>\n\t\t\t\t\t<\/div>\n\t\t\t\t<\/div>\n\t\t\t\t<\/div>\n\t\t","protected":false},"excerpt":{"rendered":"<p>Edital PORTARIA 01\/2026 PORTARIA 02\/2026 Documentos Canditados Novos<\/p>\n","protected":false},"author":62,"featured_media":0,"parent":0,"menu_order":0,"comment_status":"closed","ping_status":"closed","template":"","meta":{"_acf_changed":false,"footnotes":""},"class_list":["post-933","page","type-page","status-publish","hentry"],"acf":[],"yoast_head":"<!-- This site is optimized with the Yoast SEO plugin v26.3 - https:\/\/yoast.com\/wordpress\/plugins\/seo\/ -->\n<title>Bolsa 2026 - Col\u00e9gio Stella Maris | Rede ICM de educa\u00e7\u00e3o<\/title>\n<meta name=\"robots\" content=\"index, follow, max-snippet:-1, max-image-preview:large, max-video-preview:-1\" \/>\n<link rel=\"canonical\" href=\"https:\/\/redeicm.org.br\/stellamaris\/bolsa-2026\/\" \/>\n<meta property=\"og:locale\" content=\"pt_BR\" \/>\n<meta property=\"og:type\" content=\"article\" \/>\n<meta property=\"og:title\" content=\"Bolsa 2026 - Col\u00e9gio Stella Maris | Rede ICM de educa\u00e7\u00e3o\" \/>\n<meta property=\"og:description\" content=\"Edital PORTARIA 01\/2026 PORTARIA 02\/2026 Documentos Canditados Novos\" \/>\n<meta property=\"og:url\" content=\"https:\/\/redeicm.org.br\/stellamaris\/bolsa-2026\/\" \/>\n<meta property=\"og:site_name\" content=\"Col\u00e9gio Stella Maris | Rede ICM de educa\u00e7\u00e3o\" \/>\n<meta property=\"article:modified_time\" content=\"2025-11-11T12:28:37+00:00\" \/>\n<meta name=\"twitter:card\" content=\"summary_large_image\" \/>\n<meta name=\"twitter:label1\" content=\"Est. tempo de leitura\" \/>\n\t<meta name=\"twitter:data1\" content=\"1 minuto\" \/>\n<script type=\"application\/ld+json\" class=\"yoast-schema-graph\">{\"@context\":\"https:\/\/schema.org\",\"@graph\":[{\"@type\":\"WebPage\",\"@id\":\"https:\/\/redeicm.org.br\/stellamaris\/bolsa-2026\/\",\"url\":\"https:\/\/redeicm.org.br\/stellamaris\/bolsa-2026\/\",\"name\":\"Bolsa 2026 - Col\u00e9gio Stella Maris | Rede ICM de educa\u00e7\u00e3o\",\"isPartOf\":{\"@id\":\"https:\/\/redeicm.org.br\/stellamaris\/#website\"},\"datePublished\":\"2025-08-18T11:52:46+00:00\",\"dateModified\":\"2025-11-11T12:28:37+00:00\",\"breadcrumb\":{\"@id\":\"https:\/\/redeicm.org.br\/stellamaris\/bolsa-2026\/#breadcrumb\"},\"inLanguage\":\"pt-BR\",\"potentialAction\":[{\"@type\":\"ReadAction\",\"target\":[\"https:\/\/redeicm.org.br\/stellamaris\/bolsa-2026\/\"]}]},{\"@type\":\"BreadcrumbList\",\"@id\":\"https:\/\/redeicm.org.br\/stellamaris\/bolsa-2026\/#breadcrumb\",\"itemListElement\":[{\"@type\":\"ListItem\",\"position\":1,\"name\":\"In\u00edcio\",\"item\":\"https:\/\/redeicm.org.br\/stellamaris\/\"},{\"@type\":\"ListItem\",\"position\":2,\"name\":\"Bolsa 2026\"}]},{\"@type\":\"WebSite\",\"@id\":\"https:\/\/redeicm.org.br\/stellamaris\/#website\",\"url\":\"https:\/\/redeicm.org.br\/stellamaris\/\",\"name\":\"Col\u00e9gio Stella Maris | Rede ICM de educa\u00e7\u00e3o\",\"description\":\"\",\"publisher\":{\"@id\":\"https:\/\/redeicm.org.br\/stellamaris\/#organization\"},\"potentialAction\":[{\"@type\":\"SearchAction\",\"target\":{\"@type\":\"EntryPoint\",\"urlTemplate\":\"https:\/\/redeicm.org.br\/stellamaris\/?s={search_term_string}\"},\"query-input\":{\"@type\":\"PropertyValueSpecification\",\"valueRequired\":true,\"valueName\":\"search_term_string\"}}],\"inLanguage\":\"pt-BR\"},{\"@type\":\"Organization\",\"@id\":\"https:\/\/redeicm.org.br\/stellamaris\/#organization\",\"name\":\"Col\u00e9gio Stella Maris | Rede ICM de educa\u00e7\u00e3o\",\"url\":\"https:\/\/redeicm.org.br\/stellamaris\/\",\"logo\":{\"@type\":\"ImageObject\",\"inLanguage\":\"pt-BR\",\"@id\":\"https:\/\/redeicm.org.br\/stellamaris\/#\/schema\/logo\/image\/\",\"url\":\"https:\/\/redeicm.org.br\/stellamaris\/wp-content\/uploads\/sites\/23\/2024\/08\/logo-icm-educacao-stella-maris-preferencial-cores.webp\",\"contentUrl\":\"https:\/\/redeicm.org.br\/stellamaris\/wp-content\/uploads\/sites\/23\/2024\/08\/logo-icm-educacao-stella-maris-preferencial-cores.webp\",\"width\":493,\"height\":185,\"caption\":\"Col\u00e9gio Stella Maris | Rede ICM de educa\u00e7\u00e3o\"},\"image\":{\"@id\":\"https:\/\/redeicm.org.br\/stellamaris\/#\/schema\/logo\/image\/\"}}]}<\/script>\n<!-- \/ Yoast SEO plugin. -->","yoast_head_json":{"title":"Bolsa 2026 - Col\u00e9gio Stella Maris | Rede ICM de educa\u00e7\u00e3o","robots":{"index":"index","follow":"follow","max-snippet":"max-snippet:-1","max-image-preview":"max-image-preview:large","max-video-preview":"max-video-preview:-1"},"canonical":"https:\/\/redeicm.org.br\/stellamaris\/bolsa-2026\/","og_locale":"pt_BR","og_type":"article","og_title":"Bolsa 2026 - Col\u00e9gio Stella Maris | Rede ICM de educa\u00e7\u00e3o","og_description":"Edital PORTARIA 01\/2026 PORTARIA 02\/2026 Documentos Canditados Novos","og_url":"https:\/\/redeicm.org.br\/stellamaris\/bolsa-2026\/","og_site_name":"Col\u00e9gio Stella Maris | Rede ICM de educa\u00e7\u00e3o","article_modified_time":"2025-11-11T12:28:37+00:00","twitter_card":"summary_large_image","twitter_misc":{"Est. tempo de leitura":"1 minuto"},"schema":{"@context":"https:\/\/schema.org","@graph":[{"@type":"WebPage","@id":"https:\/\/redeicm.org.br\/stellamaris\/bolsa-2026\/","url":"https:\/\/redeicm.org.br\/stellamaris\/bolsa-2026\/","name":"Bolsa 2026 - Col\u00e9gio Stella Maris | Rede ICM de educa\u00e7\u00e3o","isPartOf":{"@id":"https:\/\/redeicm.org.br\/stellamaris\/#website"},"datePublished":"2025-08-18T11:52:46+00:00","dateModified":"2025-11-11T12:28:37+00:00","breadcrumb":{"@id":"https:\/\/redeicm.org.br\/stellamaris\/bolsa-2026\/#breadcrumb"},"inLanguage":"pt-BR","potentialAction":[{"@type":"ReadAction","target":["https:\/\/redeicm.org.br\/stellamaris\/bolsa-2026\/"]}]},{"@type":"BreadcrumbList","@id":"https:\/\/redeicm.org.br\/stellamaris\/bolsa-2026\/#breadcrumb","itemListElement":[{"@type":"ListItem","position":1,"name":"In\u00edcio","item":"https:\/\/redeicm.org.br\/stellamaris\/"},{"@type":"ListItem","position":2,"name":"Bolsa 2026"}]},{"@type":"WebSite","@id":"https:\/\/redeicm.org.br\/stellamaris\/#website","url":"https:\/\/redeicm.org.br\/stellamaris\/","name":"Col\u00e9gio Stella Maris | Rede ICM de educa\u00e7\u00e3o","description":"","publisher":{"@id":"https:\/\/redeicm.org.br\/stellamaris\/#organization"},"potentialAction":[{"@type":"SearchAction","target":{"@type":"EntryPoint","urlTemplate":"https:\/\/redeicm.org.br\/stellamaris\/?s={search_term_string}"},"query-input":{"@type":"PropertyValueSpecification","valueRequired":true,"valueName":"search_term_string"}}],"inLanguage":"pt-BR"},{"@type":"Organization","@id":"https:\/\/redeicm.org.br\/stellamaris\/#organization","name":"Col\u00e9gio Stella Maris | Rede ICM de educa\u00e7\u00e3o","url":"https:\/\/redeicm.org.br\/stellamaris\/","logo":{"@type":"ImageObject","inLanguage":"pt-BR","@id":"https:\/\/redeicm.org.br\/stellamaris\/#\/schema\/logo\/image\/","url":"https:\/\/redeicm.org.br\/stellamaris\/wp-content\/uploads\/sites\/23\/2024\/08\/logo-icm-educacao-stella-maris-preferencial-cores.webp","contentUrl":"https:\/\/redeicm.org.br\/stellamaris\/wp-content\/uploads\/sites\/23\/2024\/08\/logo-icm-educacao-stella-maris-preferencial-cores.webp","width":493,"height":185,"caption":"Col\u00e9gio Stella Maris | Rede ICM de educa\u00e7\u00e3o"},"image":{"@id":"https:\/\/redeicm.org.br\/stellamaris\/#\/schema\/logo\/image\/"}}]}},"_links":{"self":[{"href":"https:\/\/redeicm.org.br\/stellamaris\/wp-json\/wp\/v2\/pages\/933","targetHints":{"allow":["GET"]}}],"collection":[{"href":"https:\/\/redeicm.org.br\/stellamaris\/wp-json\/wp\/v2\/pages"}],"about":[{"href":"https:\/\/redeicm.org.br\/stellamaris\/wp-json\/wp\/v2\/types\/page"}],"author":[{"embeddable":true,"href":"https:\/\/redeicm.org.br\/stellamaris\/wp-json\/wp\/v2\/users\/62"}],"replies":[{"embeddable":true,"href":"https:\/\/redeicm.org.br\/stellamaris\/wp-json\/wp\/v2\/comments?post=933"}],"version-history":[{"count":43,"href":"https:\/\/redeicm.org.br\/stellamaris\/wp-json\/wp\/v2\/pages\/933\/revisions"}],"predecessor-version":[{"id":2596,"href":"https:\/\/redeicm.org.br\/stellamaris\/wp-json\/wp\/v2\/pages\/933\/revisions\/2596"}],"wp:attachment":[{"href":"https:\/\/redeicm.org.br\/stellamaris\/wp-json\/wp\/v2\/media?parent=933"}],"curies":[{"name":"wp","href":"https:\/\/api.w.org\/{rel}","templated":true}]}}