{"id":357,"date":"2024-09-16T22:00:45","date_gmt":"2024-09-17T01:00:45","guid":{"rendered":"https:\/\/redeicm.org.br\/stellamaris\/?page_id=357"},"modified":"2025-09-05T16:31:45","modified_gmt":"2025-09-05T19:31:45","slug":"turno-integral","status":"publish","type":"page","link":"https:\/\/redeicm.org.br\/stellamaris\/turno-integral\/","title":{"rendered":"Turno Integral"},"content":{"rendered":"\t\t<div data-elementor-type=\"wp-page\" data-elementor-id=\"357\" class=\"elementor elementor-357\" data-elementor-post-type=\"page\">\n\t\t\t\t<div class=\"elementor-element elementor-element-5fca592 e-flex e-con-boxed e-con e-parent\" data-id=\"5fca592\" data-element_type=\"container\" data-e-type=\"container\">\n\t\t\t\t\t<div class=\"e-con-inner\">\n\t\t\t\t<div class=\"elementor-element elementor-element-c2ce042 elementor-widget elementor-widget-heading\" data-id=\"c2ce042\" data-element_type=\"widget\" data-e-type=\"widget\" data-widget_type=\"heading.default\">\n\t\t\t\t<div class=\"elementor-widget-container\">\n\t\t\t\t\t<h1 class=\"elementor-heading-title elementor-size-default\">TURNO INTEGRAL STELLA MARIS (TUINSM): CUIDADO E DESENVOLVIMENTO EM TEMPO INTEGRAL<\/h1>\t\t\t\t<\/div>\n\t\t\t\t<\/div>\n\t\t\t\t\t<\/div>\n\t\t\t\t<\/div>\n\t\t<div class=\"elementor-element elementor-element-7cb4fb0 e-flex e-con-boxed e-con e-parent\" data-id=\"7cb4fb0\" data-element_type=\"container\" data-e-type=\"container\">\n\t\t\t\t\t<div class=\"e-con-inner\">\n\t\t\t\t<div class=\"elementor-element elementor-element-d6d3e2d elementor-pagination-type-bullets elementor-arrows-position-inside elementor-pagination-position-outside elementor-widget elementor-widget-n-carousel\" data-id=\"d6d3e2d\" data-element_type=\"widget\" data-e-type=\"widget\" data-settings=\"{&quot;carousel_items&quot;:[{&quot;slide_title&quot;:&quot;Slide #1&quot;,&quot;_id&quot;:&quot;0146cc0&quot;},{&quot;slide_title&quot;:&quot;Slide #2&quot;,&quot;_id&quot;:&quot;f030d85&quot;},{&quot;slide_title&quot;:&quot;Slide #3&quot;,&quot;_id&quot;:&quot;e82e57c&quot;}],&quot;slides_to_show_tablet&quot;:&quot;2&quot;,&quot;slides_to_show_mobile&quot;:&quot;1&quot;,&quot;autoplay&quot;:&quot;yes&quot;,&quot;autoplay_speed&quot;:5000,&quot;pause_on_hover&quot;:&quot;yes&quot;,&quot;pause_on_interaction&quot;:&quot;yes&quot;,&quot;infinite&quot;:&quot;yes&quot;,&quot;speed&quot;:500,&quot;offset_sides&quot;:&quot;none&quot;,&quot;arrows&quot;:&quot;yes&quot;,&quot;pagination&quot;:&quot;bullets&quot;,&quot;image_spacing_custom&quot;:{&quot;unit&quot;:&quot;px&quot;,&quot;size&quot;:10,&quot;sizes&quot;:[]},&quot;image_spacing_custom_tablet&quot;:{&quot;unit&quot;:&quot;px&quot;,&quot;size&quot;:&quot;&quot;,&quot;sizes&quot;:[]},&quot;image_spacing_custom_mobile&quot;:{&quot;unit&quot;:&quot;px&quot;,&quot;size&quot;:&quot;&quot;,&quot;sizes&quot;:[]}}\" data-widget_type=\"nested-carousel.default\">\n\t\t\t\t<div class=\"elementor-widget-container\">\n\t\t\t\t\t\t\t<div class=\"e-n-carousel swiper\" role=\"region\" aria-roledescription=\"carousel\" aria-label=\"Carrossel\" dir=\"ltr\">\n\t\t\t<div class=\"swiper-wrapper\" aria-live=\"off\">\n\t\t\t\t\t\t\t\t\t\t<div class=\"swiper-slide\" data-slide=\"1\" role=\"group\" aria-roledescription=\"slide\" aria-label=\"1 de 3\">\n\t\t\t\t\t\t\t<div class=\"elementor-element elementor-element-e50e672 e-flex e-con-boxed e-con e-child\" data-id=\"e50e672\" data-element_type=\"container\" data-e-type=\"container\">\n\t\t\t\t\t<div class=\"e-con-inner\">\n\t\t<div class=\"elementor-element elementor-element-f431e57 e-con-full e-flex e-con e-child\" data-id=\"f431e57\" data-element_type=\"container\" data-e-type=\"container\">\n\t\t\t\t<div class=\"elementor-element elementor-element-98a5001 elementor-widget elementor-widget-image\" data-id=\"98a5001\" data-element_type=\"widget\" data-e-type=\"widget\" data-widget_type=\"image.default\">\n\t\t\t\t<div class=\"elementor-widget-container\">\n\t\t\t\t\t\t\t\t\t\t\t\t\t\t\t<img fetchpriority=\"high\" decoding=\"async\" width=\"800\" height=\"533\" src=\"https:\/\/redeicm.org.br\/stellamaris\/wp-content\/uploads\/sites\/23\/2025\/08\/Anos-Iniciais-4-1024x682.jpg\" class=\"attachment-large size-large wp-image-1375\" alt=\"\" srcset=\"https:\/\/redeicm.org.br\/stellamaris\/wp-content\/uploads\/sites\/23\/2025\/08\/Anos-Iniciais-4-1024x682.jpg 1024w, https:\/\/redeicm.org.br\/stellamaris\/wp-content\/uploads\/sites\/23\/2025\/08\/Anos-Iniciais-4-300x200.jpg 300w, https:\/\/redeicm.org.br\/stellamaris\/wp-content\/uploads\/sites\/23\/2025\/08\/Anos-Iniciais-4-768x512.jpg 768w, https:\/\/redeicm.org.br\/stellamaris\/wp-content\/uploads\/sites\/23\/2025\/08\/Anos-Iniciais-4-1536x1023.jpg 1536w, https:\/\/redeicm.org.br\/stellamaris\/wp-content\/uploads\/sites\/23\/2025\/08\/Anos-Iniciais-4.jpg 1600w\" sizes=\"(max-width: 800px) 100vw, 800px\" \/>\t\t\t\t\t\t\t\t\t\t\t\t\t\t\t<\/div>\n\t\t\t\t<\/div>\n\t\t\t\t<\/div>\n\t\t\t\t\t<\/div>\n\t\t\t\t<\/div>\n\t\t\t\t\t\t\t\t<\/div>\n\t\t\t\t\t\t\t\t\t\t\t<div class=\"swiper-slide\" data-slide=\"2\" role=\"group\" aria-roledescription=\"slide\" aria-label=\"2 de 3\">\n\t\t\t\t\t\t\t<div class=\"elementor-element elementor-element-e238c04 e-flex e-con-boxed e-con e-child\" data-id=\"e238c04\" data-element_type=\"container\" data-e-type=\"container\">\n\t\t\t\t\t<div class=\"e-con-inner\">\n\t\t<div class=\"elementor-element elementor-element-526435f e-con-full e-flex e-con e-child\" data-id=\"526435f\" data-element_type=\"container\" data-e-type=\"container\">\n\t\t\t\t<div class=\"elementor-element elementor-element-b5b3c3f elementor-widget elementor-widget-image\" data-id=\"b5b3c3f\" data-element_type=\"widget\" data-e-type=\"widget\" data-widget_type=\"image.default\">\n\t\t\t\t<div class=\"elementor-widget-container\">\n\t\t\t\t\t\t\t\t\t\t\t\t\t\t\t<img decoding=\"async\" width=\"800\" height=\"534\" src=\"https:\/\/redeicm.org.br\/stellamaris\/wp-content\/uploads\/sites\/23\/2025\/09\/DSC06985.jpg\" class=\"attachment-large size-large wp-image-1832\" alt=\"\" srcset=\"https:\/\/redeicm.org.br\/stellamaris\/wp-content\/uploads\/sites\/23\/2025\/09\/DSC06985.jpg 1024w, https:\/\/redeicm.org.br\/stellamaris\/wp-content\/uploads\/sites\/23\/2025\/09\/DSC06985-300x200.jpg 300w, https:\/\/redeicm.org.br\/stellamaris\/wp-content\/uploads\/sites\/23\/2025\/09\/DSC06985-768x512.jpg 768w\" sizes=\"(max-width: 800px) 100vw, 800px\" \/>\t\t\t\t\t\t\t\t\t\t\t\t\t\t\t<\/div>\n\t\t\t\t<\/div>\n\t\t\t\t<\/div>\n\t\t\t\t\t<\/div>\n\t\t\t\t<\/div>\n\t\t\t\t\t\t\t\t<\/div>\n\t\t\t\t\t\t\t\t\t\t\t<div class=\"swiper-slide\" data-slide=\"3\" role=\"group\" aria-roledescription=\"slide\" aria-label=\"3 de 3\">\n\t\t\t\t\t\t\t<div class=\"elementor-element elementor-element-5526d11 e-flex e-con-boxed e-con e-child\" data-id=\"5526d11\" data-element_type=\"container\" data-e-type=\"container\">\n\t\t\t\t\t<div class=\"e-con-inner\">\n\t\t<div class=\"elementor-element elementor-element-9187fb1 e-con-full e-flex e-con e-child\" data-id=\"9187fb1\" data-element_type=\"container\" data-e-type=\"container\">\n\t\t\t\t<div class=\"elementor-element elementor-element-e5c02ce elementor-widget elementor-widget-image\" data-id=\"e5c02ce\" data-element_type=\"widget\" data-e-type=\"widget\" data-widget_type=\"image.default\">\n\t\t\t\t<div class=\"elementor-widget-container\">\n\t\t\t\t\t\t\t\t\t\t\t\t\t\t\t<img decoding=\"async\" width=\"800\" height=\"534\" src=\"https:\/\/redeicm.org.br\/stellamaris\/wp-content\/uploads\/sites\/23\/2025\/09\/DSC06949.jpg\" class=\"attachment-large size-large wp-image-1831\" alt=\"\" srcset=\"https:\/\/redeicm.org.br\/stellamaris\/wp-content\/uploads\/sites\/23\/2025\/09\/DSC06949.jpg 1024w, https:\/\/redeicm.org.br\/stellamaris\/wp-content\/uploads\/sites\/23\/2025\/09\/DSC06949-300x200.jpg 300w, https:\/\/redeicm.org.br\/stellamaris\/wp-content\/uploads\/sites\/23\/2025\/09\/DSC06949-768x512.jpg 768w\" sizes=\"(max-width: 800px) 100vw, 800px\" \/>\t\t\t\t\t\t\t\t\t\t\t\t\t\t\t<\/div>\n\t\t\t\t<\/div>\n\t\t\t\t<\/div>\n\t\t\t\t\t<\/div>\n\t\t\t\t<\/div>\n\t\t\t\t\t\t\t\t<\/div>\n\t\t\t\t\t\t\t\t<\/div>\n\t\t<\/div>\n\t\t\t\t\t<div class=\"elementor-swiper-button elementor-swiper-button-prev\" role=\"button\" tabindex=\"0\" aria-label=\"Anterior\">\n\t\t\t\t<svg aria-hidden=\"true\" class=\"e-font-icon-svg e-eicon-chevron-left\" viewBox=\"0 0 1000 1000\" xmlns=\"http:\/\/www.w3.org\/2000\/svg\"><path d=\"M646 125C629 125 613 133 604 142L308 442C296 454 292 471 292 487 292 504 296 521 308 533L604 854C617 867 629 875 646 875 663 875 679 871 692 858 704 846 713 829 713 812 713 796 708 779 692 767L438 487 692 225C700 217 708 204 708 187 708 171 704 154 692 142 675 129 663 125 646 125Z\"><\/path><\/svg>\t\t\t<\/div>\n\t\t\t<div class=\"elementor-swiper-button elementor-swiper-button-next\" role=\"button\" tabindex=\"0\" aria-label=\"Pr\u00f3ximo\">\n\t\t\t\t<svg aria-hidden=\"true\" class=\"e-font-icon-svg e-eicon-chevron-right\" viewBox=\"0 0 1000 1000\" xmlns=\"http:\/\/www.w3.org\/2000\/svg\"><path d=\"M696 533C708 521 713 504 713 487 713 471 708 454 696 446L400 146C388 133 375 125 354 125 338 125 325 129 313 142 300 154 292 171 292 187 292 204 296 221 308 233L563 492 304 771C292 783 288 800 288 817 288 833 296 850 308 863 321 871 338 875 354 875 371 875 388 867 400 854L696 533Z\"><\/path><\/svg>\t\t\t<\/div>\n\t\t\t\t\t<div class=\"swiper-pagination\"><\/div>\n\t\t\t\t\t\t<\/div>\n\t\t\t\t<\/div>\n\t\t\t\t\t<\/div>\n\t\t\t\t<\/div>\n\t\t<div class=\"elementor-element elementor-element-f18c7cc e-flex e-con-boxed e-con e-parent\" data-id=\"f18c7cc\" data-element_type=\"container\" data-e-type=\"container\">\n\t\t\t\t\t<div class=\"e-con-inner\">\n\t\t\t\t<div class=\"elementor-element elementor-element-f63b966 elementor-widget__width-initial elementor-widget elementor-widget-text-editor\" data-id=\"f63b966\" data-element_type=\"widget\" data-e-type=\"widget\" data-widget_type=\"text-editor.default\">\n\t\t\t\t<div class=\"elementor-widget-container\">\n\t\t\t\t\t\t\t\t\t<p>Compreendendo a din\u00e2mica e as necessidades das fam\u00edlias modernas, o Col\u00e9gio Stella Maris oferece o Turno Integral (TUINSM), uma solu\u00e7\u00e3o completa que une a seguran\u00e7a de um ambiente familiar ao enriquecimento de uma proposta pedag\u00f3gica pensada para o dia todo.<\/p><p>O TUINSM foi criado para que os alunos da Educa\u00e7\u00e3o Infantil e dos Anos Iniciais possam vivenciar o ambiente escolar em dois turnos, desfrutando de uma rotina equilibrada que promove o desenvolvimento integral e harmonioso. Em um espa\u00e7o seguro e acolhedor, as crian\u00e7as participam de experi\u00eancias de aprendizagem significativas, ampliam seus conhecimentos e recebem acompanhamento pedag\u00f3gico dedicado, inclusive no aux\u00edlio \u00e0s tarefas escolares.<\/p><p>Mais do que praticidade para a rotina familiar, o TUINSM \u00e9 uma oportunidade para que seu filho se desenvolva atrav\u00e9s de atividades l\u00fadicas, art\u00edsticas e esportivas, fortalecendo la\u00e7os de amizade e o prazer em aprender.<\/p><h4>\u00a0<\/h4><h4><b>P\u00daBLICO-ALVO<\/b><\/h4><p>Alunos da Educa\u00e7\u00e3o Infantil e do Ensino Fundamental \u2013 Anos Iniciais (1\u00ba ao 5\u00ba ano).<\/p><h4>\u00a0<\/h4><h4><b>HOR\u00c1RIO<\/b><\/h4><p>Segunda a sexta-feira,das 7h15 \u00e0s 19h.<\/p><h4>\u00a0<\/h4><h4><b>DIFERENCIAIS<\/b><\/h4><ul><li>Alimenta\u00e7\u00e3o Inclusa: O servi\u00e7o contempla o lanche da manh\u00e3 e o almo\u00e7o, com um card\u00e1pio balanceado e preparado no col\u00e9gio.<\/li><li>Ambiente Seguro e Acolhedor: A crian\u00e7a permanece no espa\u00e7o escolar que j\u00e1 conhece e confia, sob o cuidado de profissionais dedicados.<\/li><li>Praticidade para a Fam\u00edlia: Otimiza a log\u00edstica familiar, centralizando as atividades e o cuidado em um \u00fanico local de excel\u00eancia.<\/li><\/ul><h4>\u00a0<\/h4><h4><b>ESTRUTURA E ATIVIDADES<\/b><\/h4><p>A rotina do TUINSM \u00e9 planejada para equilibrar momentos de estudo, lazer, alimenta\u00e7\u00e3o e descanso, incluindo:<\/p><ul><li>Acompanhamento Pedag\u00f3gico: Hor\u00e1rio dedicado para o aux\u00edlio na realiza\u00e7\u00e3o das tarefas de casa (temas), com a supervis\u00e3o de um educador.<\/li><li>Express\u00e3o Corporal: Atividades que desenvolvem a coordena\u00e7\u00e3o motora, o ritmo e a consci\u00eancia corporal.<\/li><li>M\u00fasica: Viv\u00eancias musicais que estimulam a sensibilidade, a criatividade e a socializa\u00e7\u00e3o.<\/li><li>Oficina de Culin\u00e1ria: Experi\u00eancias pr\u00e1ticas que ensinam sobre alimentos, sabores e trabalho em equipe.<\/li><li>Oficina de Cultura Maker: Projetos que incentivam a criatividade, a resolu\u00e7\u00e3o de problemas e o &#8220;aprender fazendo&#8221;.<\/li><li>Oficina de Horta: Contato com a natureza, aprendendo na pr\u00e1tica sobre o cultivo de alimentos e a sustentabilidade.<\/li><li>Oficinas L\u00fadicas: Momentos de &#8220;aprender brincando&#8221; com jogos e atividades dirigidas que desenvolvem o racioc\u00ednio e a intera\u00e7\u00e3o.<\/li><li>Pr\u00e1ticas Esportivas: Atividades f\u00edsicas e jogos que promovem a sa\u00fade, o bem-estar e o esp\u00edrito de equipe.<\/li><\/ul><h4>\u00a0<\/h4><h4><b>PARA CONTRATAR O TURNO INTEGRAL<\/b><\/h4><p><b>Respons\u00e1vel pela Contrata\u00e7\u00e3o<\/b><\/p><p>Juliana Lessa de Fraga<\/p><p>E-mail: <a href=\"mailto:financeiro@colegiostellamaris.com.br\">financeiro@colegiostellamaris.com.br<\/a><\/p><p><b>Coordena\u00e7\u00e3o Pedag\u00f3gica do Turno Integral<\/b><\/p><p>Nathalia Caggiano<\/p><p>E-mail: <a href=\"mailto:nathalia.caggiano@colegiostellamaris.com.br\">nathalia.caggiano@colegiostellamaris.com.br<\/a><\/p>\t\t\t\t\t\t\t\t<\/div>\n\t\t\t\t<\/div>\n\t\t\t\t\t<\/div>\n\t\t\t\t<\/div>\n\t\t\t\t<\/div>\n\t\t","protected":false},"excerpt":{"rendered":"<p>TURNO INTEGRAL STELLA MARIS (TUINSM): CUIDADO E DESENVOLVIMENTO EM TEMPO INTEGRAL Compreendendo a din\u00e2mica e as necessidades das fam\u00edlias modernas, o Col\u00e9gio Stella Maris oferece o Turno Integral (TUINSM), uma solu\u00e7\u00e3o completa que une a seguran\u00e7a de um ambiente familiar ao enriquecimento de uma proposta pedag\u00f3gica pensada para o dia todo. O TUINSM foi criado [&hellip;]<\/p>\n","protected":false},"author":1,"featured_media":0,"parent":0,"menu_order":0,"comment_status":"closed","ping_status":"closed","template":"","meta":{"_acf_changed":false,"footnotes":""},"class_list":["post-357","page","type-page","status-publish","hentry"],"acf":[],"yoast_head":"<!-- This site is optimized with the Yoast SEO plugin v26.3 - https:\/\/yoast.com\/wordpress\/plugins\/seo\/ -->\n<title>Turno Integral - Col\u00e9gio Stella Maris | Rede ICM de educa\u00e7\u00e3o<\/title>\n<meta name=\"robots\" content=\"index, follow, max-snippet:-1, max-image-preview:large, max-video-preview:-1\" \/>\n<link rel=\"canonical\" href=\"https:\/\/redeicm.org.br\/stellamaris\/turno-integral\/\" \/>\n<meta property=\"og:locale\" content=\"pt_BR\" \/>\n<meta property=\"og:type\" content=\"article\" \/>\n<meta property=\"og:title\" content=\"Turno Integral - Col\u00e9gio Stella Maris | Rede ICM de educa\u00e7\u00e3o\" \/>\n<meta property=\"og:description\" content=\"TURNO INTEGRAL STELLA MARIS (TUINSM): CUIDADO E DESENVOLVIMENTO EM TEMPO INTEGRAL Compreendendo a din\u00e2mica e as necessidades das fam\u00edlias modernas, o Col\u00e9gio Stella Maris oferece o Turno Integral (TUINSM), uma solu\u00e7\u00e3o completa que une a seguran\u00e7a de um ambiente familiar ao enriquecimento de uma proposta pedag\u00f3gica pensada para o dia todo. O TUINSM foi criado [&hellip;]\" \/>\n<meta property=\"og:url\" content=\"https:\/\/redeicm.org.br\/stellamaris\/turno-integral\/\" \/>\n<meta property=\"og:site_name\" content=\"Col\u00e9gio Stella Maris | Rede ICM de educa\u00e7\u00e3o\" \/>\n<meta property=\"article:modified_time\" content=\"2025-09-05T19:31:45+00:00\" \/>\n<meta property=\"og:image\" content=\"https:\/\/redeicm.org.br\/stellamaris\/wp-content\/uploads\/sites\/23\/2025\/08\/Anos-Iniciais-4.jpg\" \/>\n\t<meta property=\"og:image:width\" content=\"1600\" \/>\n\t<meta property=\"og:image:height\" content=\"1066\" \/>\n\t<meta property=\"og:image:type\" content=\"image\/jpeg\" \/>\n<meta name=\"twitter:card\" content=\"summary_large_image\" \/>\n<meta name=\"twitter:label1\" content=\"Est. tempo de leitura\" \/>\n\t<meta name=\"twitter:data1\" content=\"4 minutos\" \/>\n<script type=\"application\/ld+json\" class=\"yoast-schema-graph\">{\"@context\":\"https:\/\/schema.org\",\"@graph\":[{\"@type\":\"WebPage\",\"@id\":\"https:\/\/redeicm.org.br\/stellamaris\/turno-integral\/\",\"url\":\"https:\/\/redeicm.org.br\/stellamaris\/turno-integral\/\",\"name\":\"Turno Integral - Col\u00e9gio Stella Maris | Rede ICM de educa\u00e7\u00e3o\",\"isPartOf\":{\"@id\":\"https:\/\/redeicm.org.br\/stellamaris\/#website\"},\"primaryImageOfPage\":{\"@id\":\"https:\/\/redeicm.org.br\/stellamaris\/turno-integral\/#primaryimage\"},\"image\":{\"@id\":\"https:\/\/redeicm.org.br\/stellamaris\/turno-integral\/#primaryimage\"},\"thumbnailUrl\":\"https:\/\/redeicm.org.br\/stellamaris\/wp-content\/uploads\/sites\/23\/2025\/08\/Anos-Iniciais-4-1024x682.jpg\",\"datePublished\":\"2024-09-17T01:00:45+00:00\",\"dateModified\":\"2025-09-05T19:31:45+00:00\",\"breadcrumb\":{\"@id\":\"https:\/\/redeicm.org.br\/stellamaris\/turno-integral\/#breadcrumb\"},\"inLanguage\":\"pt-BR\",\"potentialAction\":[{\"@type\":\"ReadAction\",\"target\":[\"https:\/\/redeicm.org.br\/stellamaris\/turno-integral\/\"]}]},{\"@type\":\"ImageObject\",\"inLanguage\":\"pt-BR\",\"@id\":\"https:\/\/redeicm.org.br\/stellamaris\/turno-integral\/#primaryimage\",\"url\":\"https:\/\/redeicm.org.br\/stellamaris\/wp-content\/uploads\/sites\/23\/2025\/08\/Anos-Iniciais-4.jpg\",\"contentUrl\":\"https:\/\/redeicm.org.br\/stellamaris\/wp-content\/uploads\/sites\/23\/2025\/08\/Anos-Iniciais-4.jpg\",\"width\":1600,\"height\":1066},{\"@type\":\"BreadcrumbList\",\"@id\":\"https:\/\/redeicm.org.br\/stellamaris\/turno-integral\/#breadcrumb\",\"itemListElement\":[{\"@type\":\"ListItem\",\"position\":1,\"name\":\"In\u00edcio\",\"item\":\"https:\/\/redeicm.org.br\/stellamaris\/\"},{\"@type\":\"ListItem\",\"position\":2,\"name\":\"Turno Integral\"}]},{\"@type\":\"WebSite\",\"@id\":\"https:\/\/redeicm.org.br\/stellamaris\/#website\",\"url\":\"https:\/\/redeicm.org.br\/stellamaris\/\",\"name\":\"Col\u00e9gio Stella Maris | Rede ICM de educa\u00e7\u00e3o\",\"description\":\"\",\"publisher\":{\"@id\":\"https:\/\/redeicm.org.br\/stellamaris\/#organization\"},\"potentialAction\":[{\"@type\":\"SearchAction\",\"target\":{\"@type\":\"EntryPoint\",\"urlTemplate\":\"https:\/\/redeicm.org.br\/stellamaris\/?s={search_term_string}\"},\"query-input\":{\"@type\":\"PropertyValueSpecification\",\"valueRequired\":true,\"valueName\":\"search_term_string\"}}],\"inLanguage\":\"pt-BR\"},{\"@type\":\"Organization\",\"@id\":\"https:\/\/redeicm.org.br\/stellamaris\/#organization\",\"name\":\"Col\u00e9gio Stella Maris | Rede ICM de educa\u00e7\u00e3o\",\"url\":\"https:\/\/redeicm.org.br\/stellamaris\/\",\"logo\":{\"@type\":\"ImageObject\",\"inLanguage\":\"pt-BR\",\"@id\":\"https:\/\/redeicm.org.br\/stellamaris\/#\/schema\/logo\/image\/\",\"url\":\"https:\/\/redeicm.org.br\/stellamaris\/wp-content\/uploads\/sites\/23\/2024\/08\/logo-icm-educacao-stella-maris-preferencial-cores.webp\",\"contentUrl\":\"https:\/\/redeicm.org.br\/stellamaris\/wp-content\/uploads\/sites\/23\/2024\/08\/logo-icm-educacao-stella-maris-preferencial-cores.webp\",\"width\":493,\"height\":185,\"caption\":\"Col\u00e9gio Stella Maris | Rede ICM de educa\u00e7\u00e3o\"},\"image\":{\"@id\":\"https:\/\/redeicm.org.br\/stellamaris\/#\/schema\/logo\/image\/\"}}]}<\/script>\n<!-- \/ Yoast SEO plugin. -->","yoast_head_json":{"title":"Turno Integral - Col\u00e9gio Stella Maris | Rede ICM de educa\u00e7\u00e3o","robots":{"index":"index","follow":"follow","max-snippet":"max-snippet:-1","max-image-preview":"max-image-preview:large","max-video-preview":"max-video-preview:-1"},"canonical":"https:\/\/redeicm.org.br\/stellamaris\/turno-integral\/","og_locale":"pt_BR","og_type":"article","og_title":"Turno Integral - Col\u00e9gio Stella Maris | Rede ICM de educa\u00e7\u00e3o","og_description":"TURNO INTEGRAL STELLA MARIS (TUINSM): CUIDADO E DESENVOLVIMENTO EM TEMPO INTEGRAL Compreendendo a din\u00e2mica e as necessidades das fam\u00edlias modernas, o Col\u00e9gio Stella Maris oferece o Turno Integral (TUINSM), uma solu\u00e7\u00e3o completa que une a seguran\u00e7a de um ambiente familiar ao enriquecimento de uma proposta pedag\u00f3gica pensada para o dia todo. O TUINSM foi criado [&hellip;]","og_url":"https:\/\/redeicm.org.br\/stellamaris\/turno-integral\/","og_site_name":"Col\u00e9gio Stella Maris | Rede ICM de educa\u00e7\u00e3o","article_modified_time":"2025-09-05T19:31:45+00:00","og_image":[{"width":1600,"height":1066,"url":"https:\/\/redeicm.org.br\/stellamaris\/wp-content\/uploads\/sites\/23\/2025\/08\/Anos-Iniciais-4.jpg","type":"image\/jpeg"}],"twitter_card":"summary_large_image","twitter_misc":{"Est. tempo de leitura":"4 minutos"},"schema":{"@context":"https:\/\/schema.org","@graph":[{"@type":"WebPage","@id":"https:\/\/redeicm.org.br\/stellamaris\/turno-integral\/","url":"https:\/\/redeicm.org.br\/stellamaris\/turno-integral\/","name":"Turno Integral - Col\u00e9gio Stella Maris | Rede ICM de educa\u00e7\u00e3o","isPartOf":{"@id":"https:\/\/redeicm.org.br\/stellamaris\/#website"},"primaryImageOfPage":{"@id":"https:\/\/redeicm.org.br\/stellamaris\/turno-integral\/#primaryimage"},"image":{"@id":"https:\/\/redeicm.org.br\/stellamaris\/turno-integral\/#primaryimage"},"thumbnailUrl":"https:\/\/redeicm.org.br\/stellamaris\/wp-content\/uploads\/sites\/23\/2025\/08\/Anos-Iniciais-4-1024x682.jpg","datePublished":"2024-09-17T01:00:45+00:00","dateModified":"2025-09-05T19:31:45+00:00","breadcrumb":{"@id":"https:\/\/redeicm.org.br\/stellamaris\/turno-integral\/#breadcrumb"},"inLanguage":"pt-BR","potentialAction":[{"@type":"ReadAction","target":["https:\/\/redeicm.org.br\/stellamaris\/turno-integral\/"]}]},{"@type":"ImageObject","inLanguage":"pt-BR","@id":"https:\/\/redeicm.org.br\/stellamaris\/turno-integral\/#primaryimage","url":"https:\/\/redeicm.org.br\/stellamaris\/wp-content\/uploads\/sites\/23\/2025\/08\/Anos-Iniciais-4.jpg","contentUrl":"https:\/\/redeicm.org.br\/stellamaris\/wp-content\/uploads\/sites\/23\/2025\/08\/Anos-Iniciais-4.jpg","width":1600,"height":1066},{"@type":"BreadcrumbList","@id":"https:\/\/redeicm.org.br\/stellamaris\/turno-integral\/#breadcrumb","itemListElement":[{"@type":"ListItem","position":1,"name":"In\u00edcio","item":"https:\/\/redeicm.org.br\/stellamaris\/"},{"@type":"ListItem","position":2,"name":"Turno Integral"}]},{"@type":"WebSite","@id":"https:\/\/redeicm.org.br\/stellamaris\/#website","url":"https:\/\/redeicm.org.br\/stellamaris\/","name":"Col\u00e9gio Stella Maris | Rede ICM de educa\u00e7\u00e3o","description":"","publisher":{"@id":"https:\/\/redeicm.org.br\/stellamaris\/#organization"},"potentialAction":[{"@type":"SearchAction","target":{"@type":"EntryPoint","urlTemplate":"https:\/\/redeicm.org.br\/stellamaris\/?s={search_term_string}"},"query-input":{"@type":"PropertyValueSpecification","valueRequired":true,"valueName":"search_term_string"}}],"inLanguage":"pt-BR"},{"@type":"Organization","@id":"https:\/\/redeicm.org.br\/stellamaris\/#organization","name":"Col\u00e9gio Stella Maris | Rede ICM de educa\u00e7\u00e3o","url":"https:\/\/redeicm.org.br\/stellamaris\/","logo":{"@type":"ImageObject","inLanguage":"pt-BR","@id":"https:\/\/redeicm.org.br\/stellamaris\/#\/schema\/logo\/image\/","url":"https:\/\/redeicm.org.br\/stellamaris\/wp-content\/uploads\/sites\/23\/2024\/08\/logo-icm-educacao-stella-maris-preferencial-cores.webp","contentUrl":"https:\/\/redeicm.org.br\/stellamaris\/wp-content\/uploads\/sites\/23\/2024\/08\/logo-icm-educacao-stella-maris-preferencial-cores.webp","width":493,"height":185,"caption":"Col\u00e9gio Stella Maris | Rede ICM de educa\u00e7\u00e3o"},"image":{"@id":"https:\/\/redeicm.org.br\/stellamaris\/#\/schema\/logo\/image\/"}}]}},"_links":{"self":[{"href":"https:\/\/redeicm.org.br\/stellamaris\/wp-json\/wp\/v2\/pages\/357","targetHints":{"allow":["GET"]}}],"collection":[{"href":"https:\/\/redeicm.org.br\/stellamaris\/wp-json\/wp\/v2\/pages"}],"about":[{"href":"https:\/\/redeicm.org.br\/stellamaris\/wp-json\/wp\/v2\/types\/page"}],"author":[{"embeddable":true,"href":"https:\/\/redeicm.org.br\/stellamaris\/wp-json\/wp\/v2\/users\/1"}],"replies":[{"embeddable":true,"href":"https:\/\/redeicm.org.br\/stellamaris\/wp-json\/wp\/v2\/comments?post=357"}],"version-history":[{"count":35,"href":"https:\/\/redeicm.org.br\/stellamaris\/wp-json\/wp\/v2\/pages\/357\/revisions"}],"predecessor-version":[{"id":1835,"href":"https:\/\/redeicm.org.br\/stellamaris\/wp-json\/wp\/v2\/pages\/357\/revisions\/1835"}],"wp:attachment":[{"href":"https:\/\/redeicm.org.br\/stellamaris\/wp-json\/wp\/v2\/media?parent=357"}],"curies":[{"name":"wp","href":"https:\/\/api.w.org\/{rel}","templated":true}]}}