{"id":291,"date":"2024-09-13T13:59:59","date_gmt":"2024-09-13T16:59:59","guid":{"rendered":"https:\/\/redeicm.org.br\/stellamaris\/?page_id=291"},"modified":"2025-09-11T14:06:11","modified_gmt":"2025-09-11T17:06:11","slug":"normas-de-convivencia","status":"publish","type":"page","link":"https:\/\/redeicm.org.br\/stellamaris\/normas-de-convivencia\/","title":{"rendered":"Normas de Conviv\u00eancia"},"content":{"rendered":"\t\t<div data-elementor-type=\"wp-page\" data-elementor-id=\"291\" class=\"elementor elementor-291\" data-elementor-post-type=\"page\">\n\t\t\t\t<div class=\"elementor-element elementor-element-642bd38 e-flex e-con-boxed e-con e-parent\" data-id=\"642bd38\" data-element_type=\"container\" data-e-type=\"container\" data-settings=\"{&quot;background_background&quot;:&quot;classic&quot;}\">\n\t\t\t\t\t<div class=\"e-con-inner\">\n\t\t\t\t<div class=\"elementor-element elementor-element-1a1b289 elementor-widget elementor-widget-heading\" data-id=\"1a1b289\" data-element_type=\"widget\" data-e-type=\"widget\" data-widget_type=\"heading.default\">\n\t\t\t\t<div class=\"elementor-widget-container\">\n\t\t\t\t\t<h1 class=\"elementor-heading-title elementor-size-default\">NORMAS DE CONVIV\u00caNCIA<\/h1>\t\t\t\t<\/div>\n\t\t\t\t<\/div>\n\t\t\t\t\t<\/div>\n\t\t\t\t<\/div>\n\t\t<div class=\"elementor-element elementor-element-23cc24c e-flex e-con-boxed e-con e-parent\" data-id=\"23cc24c\" data-element_type=\"container\" data-e-type=\"container\">\n\t\t\t\t\t<div class=\"e-con-inner\">\n\t\t\t\t<div class=\"elementor-element elementor-element-e7f11ab elementor-widget__width-initial elementor-widget elementor-widget-text-editor\" data-id=\"e7f11ab\" data-element_type=\"widget\" data-e-type=\"widget\" data-widget_type=\"text-editor.default\">\n\t\t\t\t<div class=\"elementor-widget-container\">\n\t\t\t\t\t\t\t\t\t<h4><strong>UNIDADE DE ENSINO STELLA MARIS<\/strong><\/h4><p><strong>Respons\u00e1veis: Equipe Diretiva, Professores e Funcion\u00e1rios.<\/strong><\/p><p>1. Os pais e\/ou respons\u00e1veis devem se responsabilizar pelo acompanhamento do processo de ensino-aprendizagem dos alunos e orientar seus filhos para o cumprimento das NORMAS DE CONVIV\u00caNCIA do Col\u00e9gio.<\/p><p>2. Os respons\u00e1veis devem orientar seus filhos sobre a import\u00e2ncia do desjejum para a capacidade de concentra\u00e7\u00e3o e aprendizado.<\/p><p>3. \u00c9 obrigat\u00f3rio o uso do uniforme completo do Col\u00e9gio para todos os n\u00edveis de ensino. O aluno deve comparecer diariamente uniformizado, utilizando exclusivamente pe\u00e7as da linha oficial da escola nos modelos e cores produzidos pelas empresas autorizadas. Havendo sucessivas ocorr\u00eancias, a fam\u00edlia ser\u00e1 contatada. Nas aulas de Educa\u00e7\u00e3o F\u00edsica, \u00e9 tamb\u00e9m obrigat\u00f3rio o uso do t\u00eanis. Em car\u00e1ter de exce\u00e7\u00e3o, para uso que sobreponha o uniforme, em dias muito frios, ser\u00e1 permitido o uso de casaco de inverno, casaco grosso, parka, sobretudo ou jaqueta grossa nas cores preta ou azul marinho. Em dias de eventos: recreios tem\u00e1ticos, jogos, gincanas ou atividades que permitam o uso de outras vestimentas, as roupas devem seguir o crit\u00e9rio do uniforme escolar, no que refere-se ao comprimento das pe\u00e7as e ao tipo de roupa. N\u00e3o \u00e9 permitido o uso de vestimentas que n\u00e3o respeitem o crit\u00e9rio do uniforme escolar citado neste item.<\/p><p>4. Para o Ensino M\u00e9dio o uniforme oficial tamb\u00e9m \u00e9 obrigat\u00f3rio em todas as pe\u00e7as, mas o Col\u00e9gio aceita apenas essas varia\u00e7\u00f5es, caso o aluno necessite: cal\u00e7a azul marinho ou preta, jeans azul marinho ou preta, sem rasgos, ou, bermuda azul marinho ou preta ou jeans azul marinho ou preto, na altura do joelho, sem rasgos. Em dias de eventos: recreios tem\u00e1ticos, jogos, gincanas ou atividades que permitam o uso de outras vestimentas, as roupas devem seguir o crit\u00e9rio do uniforme escolar, no que refere-se ao comprimento das pe\u00e7as e ao tipo de roupa. N\u00e3o \u00e9 permitido o uso de vestimentas que n\u00e3o respeitem o crit\u00e9rio do uniforme escolar citado neste item.<\/p><p>5. A agenda para comunica\u00e7\u00e3o entre a escola e a fam\u00edlia \u00e9 no formato digital, feita pelo aplicativo da Rede ICM &#8211; GVdasa Sistemas, com usu\u00e1rio e senha do aluno, sendo de responsabilidade da fam\u00edlia o acompanhamento pela agenda.<\/p><p>6. O hor\u00e1rio do Col\u00e9gio deve ser observado com precis\u00e3o e pontualidade como elemento de ordem e como exerc\u00edcio de responsabilidade. A toler\u00e2ncia para a entrada \u00e9 no m\u00e1ximo de 10 minutos, ap\u00f3s esse hor\u00e1rio, o aluno entrar\u00e1 no 2o per\u00edodo. Em dias de provas, em caso de atraso, e passada a toler\u00e2ncia de 10 minutos, o estudante n\u00e3o ter\u00e1 o direito de realizar a avalia\u00e7\u00e3o. Recorr\u00eancias de atrasos, o pai e\/ou respons\u00e1vel ser\u00e1 chamado para di\u00e1logo. Seguem os hor\u00e1rios oficiais do Col\u00e9gio:<\/p><h4><strong><span style=\"text-decoration: underline\"><em>EDUCA\u00c7\u00c3O INFANTIL<\/em><\/span><\/strong><\/h4><p>Hor\u00e1rios <br \/>Entrada: 13h25min &#8211; Sa\u00edda: 17h45min<\/p><h4><strong><span style=\"text-decoration: underline\"><em>ENSINO FUNDAMENTAL &#8211; ANOS INICIAIS<\/em><\/span><\/strong><\/h4><p>Hor\u00e1rios &#8211; Turno da manh\u00e3 &#8211; 1o ao 5o ano: <br \/>Entrada: 7h30min. &#8211; Recreio: 9h10min. \u00e0s 9h30min. &#8211; Sa\u00edda: 11h55min.<\/p><p>Hor\u00e1rios &#8211; Turno da tarde &#8211; 1o ao 3o Ano: <br \/>Entrada: 13h25min. &#8211; Recreio: 15h \u00e0s 15h20min. &#8211; Sa\u00edda: 17h45min.<\/p><p>Hor\u00e1rios &#8211; Turno da Tarde &#8211; 4o e 5o Ano E.F. Anos Iniciais: <br \/>Entrada: 13h25min. &#8211; Recreio: 15h50min.\u00e0s 16h10min. &#8211; Sa\u00edda: 17h45min.<\/p><h4><strong><em><span style=\"text-decoration: underline\">ENSINO FUNDAMENTAL &#8211; ANOS FINAIS DO 6\u00ba AO 8\u00ba ANO<\/span><\/em><\/strong><\/h4><p>Hor\u00e1rios &#8211; Turno da manh\u00e3<br \/>Entrada: 7h30min. &#8211; Recreio: 10h \u00e0s 10h20min. &#8211; Sa\u00edda: 12h.<\/p><p>Hor\u00e1rios &#8211; Turno da tarde<br \/>Entrada: 13h20min.- Recreio: 15h50min.\u00e0s 16h10min. &#8211; Sa\u00edda: 17h50min.<\/p><h4><strong><span style=\"text-decoration: underline\"><em>ENSINO FUNDAMENTAL E M\u00c9DIO &#8211; ANOS FINAIS 9\u00ba ANO A 3\u00aa S\u00c9RIE ENSINO M\u00c9DIO<\/em><\/span><\/strong><\/h4><p>Hor\u00e1rios &#8211; Turno da manh\u00e3 &#8211; 9\u00ba Ano E.F. Anos Finais e Ensino M\u00e9dio<br \/>Entrada: 7h30min. &#8211; Recreio: 10h \u00e0s 10h20min. &#8211; Sa\u00edda: 12h50min.<\/p><p>7. O aluno que fizer o registro de entrada na recep\u00e7\u00e3o, ap\u00f3s a toler\u00e2ncia de 10 minutos, ficar\u00e1 em ambiente determinado pelo Setor, e entrar\u00e1 na sala de aula, no 2o per\u00edodo.<\/p><p>8. O aluno que precisar sair antes do hor\u00e1rio oficial da escola, o respons\u00e1vel enviar\u00e1 um e-mail para recepcao@colegiostellamais.com.br, informando nome completo do aluno, turma, motivo da sa\u00edda, hor\u00e1rio da sa\u00edda e o nome completo de quem ir\u00e1 busc\u00e1-lo.<\/p><p>9. N\u00e3o \u00e9 permitido sair da sala para imprimir trabalhos, tirar c\u00f3pias ou buscar materiais em hor\u00e1rio de aula e nas trocas de per\u00edodos, bem como circular pela Unidade de Ensino Stella Maris, sem autoriza\u00e7\u00e3o do professor.<\/p><p>10. Os profissionais dos Setores de Orienta\u00e7\u00e3o Educacional (SOE) est\u00e3o \u00e0 disposi\u00e7\u00e3o para quaisquer esclarecimentos, orienta\u00e7\u00f5es e di\u00e1logo sobre aspectos relacionados ao desenvolvimento do aluno. Para que a fam\u00edlia possa ser atendida da melhor forma, o encontro deve ser agendado previamente via telefone ou e-mail.<\/p><p>11. Fica expressamente proibido, em qualquer ambiente escolar ou espa\u00e7os fora da escola, sobre responsabilidade da escola, o uso, manuseio, e transporte de quaisquer cigarro, materiais n\u00e3o l\u00edcitos ou assemelhados: eletr\u00f4nicos, n\u00e3o eletr\u00f4nicos ou qualquer produto fum\u00edfero derivado ou n\u00e3o do tabaco: cigarros eletr\u00f4nicos, e-cigaretes, e-ciggy, ecigar, cigarrilhas, charutos, cachimbos entre outros assemelhados. \u00c9 expressamente proibido o uso de arma branca e assemelhados: artefato perfurante, cortante ou contundente, tesouras de costureiras, facas dos a\u00e7ougueiros, as enxadas e foices, ou qualquer objeto cortante e pontiagudo que n\u00e3o tenha uma intencionalidade pedag\u00f3gica. \u00c9 permitido o uso de tesoura n\u00e3o pontiaguda e de compasso, pois ambos t\u00eam fins pedag\u00f3gicos.<\/p><p>12. De acordo com a Lei no 15.100\/2025, passa a ser vedado o uso de celular e demais aparelhos eletr\u00f4nicos port\u00e1teis pessoais durante aulas, recreios e intervalos em todas as etapas da educa\u00e7\u00e3o b\u00e1sica: Educa\u00e7\u00e3o Infantil, Ensino Fundamental e Ensino M\u00e9dio. As normas sobre o celular na escola est\u00e3o dispon\u00edveis no documento Normas &#8211; Orienta\u00e7\u00f5es sobre o celular na escola, disponibilizados pelo canal institucional de comunica\u00e7\u00e3o, de acordo com o item 25 deste documento.<\/p><p>13. A Unidade de Ensino Stella Maris n\u00e3o se responsabiliza por nenhum objeto pessoal, equipamentos eletr\u00f4nicos ou valores monet\u00e1rios extraviados nas depend\u00eancias da escola e nas sa\u00eddas de Estudos.<\/p><p>14. A Unidade de Ensino Stella Maris n\u00e3o se responsabiliza por publica\u00e7\u00f5es ou por conflitos criados ou mantidos nas redes sociais e grupos de whatsapp.<\/p><p>15. N\u00e3o \u00e9 permitido publicar na Internet (redes sociais ou qualquer local virtual p\u00fablico) fotos, filmagens, coment\u00e1rios de qualquer inten\u00e7\u00e3o, brincadeiras que envolvam professores, colegas, funcion\u00e1rios, ou a Unidade de Ensino Stella Maris, de forma geral.<\/p><p>16. Em caso de impossibilidade de realiza\u00e7\u00e3o de alguma das Provas, P1 ou P2, o respons\u00e1vel dever\u00e1 informar o Col\u00e9gio, enviando comprovante (atestado m\u00e9dico), em at\u00e9 48h, da data da prova, que dever\u00e1 ser anexado ao preenchimento do formul\u00e1rio de REQUERIMENTO DE JUSTIFICATIVA PARA REALIZAR A PROVA DE SUBSTITUI\u00c7\u00c3O (PS). O link e o detalhamento das orienta\u00e7\u00f5es s\u00e3o enviados via comunicado, pelo canal institucional, de acordo com o item 25 deste documento.<\/p><p>17. As turmas dever\u00e3o manter a organiza\u00e7\u00e3o dos ambientes comuns escolares, tais como: sala de aula, salas de v\u00eddeo, sal\u00e3o, gin\u00e1sio e outros, ap\u00f3s o uso.<\/p><p>18. Fora o hor\u00e1rio reservado ao lanche, n\u00e3o \u00e9 permitido comer em sala de aula ou em outros ambientes.<\/p><p>19. Os alunos que estiverem indispostos ser\u00e3o encaminhados para o Setor de Apoio ou SOE. Se houver necessidade, a Unidade de Ensino Stella Maris, prontamente, far\u00e1 contato com os respons\u00e1veis.<\/p><p>20. A Unidade de Ensino Stella Maris n\u00e3o administra qualquer tipo de medica\u00e7\u00e3o aos alunos, somente administra medica\u00e7\u00e3o oral, vinda de casa e com receita m\u00e9dica, enviada para o email da pessoa respons\u00e1vel pelo SOE.<\/p><p>21. A Unidade de Ensino Stella Maris n\u00e3o fornece nenhum tipo de dados, tais como telefone, endere\u00e7o, e-mails e afins de alunos, professores ou funcion\u00e1rios.<\/p><p>22. Os respons\u00e1veis pelo aluno comprometem-se a participar das reuni\u00f5es de pais e atividades de cunho formativo, visando a integra\u00e7\u00e3o fam\u00edlia-escola-comunidade, ficando registrada a frequ\u00eancia aos eventos realizados.<\/p><p>23. Fica restrito a perman\u00eancia dos alunos na escola, fora do hor\u00e1rio de aula. Caso haja necessidade de permanecer na escola fora desse hor\u00e1rio, o Col\u00e9gio deve ser comunicado, por e-mail, para o SOE respons\u00e1vel por cada etapa de ensino.<\/p><p>24. \u00c9 dever dos respons\u00e1veis manter os contatos atualizados, principalmente telefone e endere\u00e7o de e-mail, para agilizar o contato entre escola e fam\u00edlia.<\/p><p>25. A escola disponibiliza os seguintes meios para a comunica\u00e7\u00e3o institucional: e-mail, telefone e o Aplicativo Rede ICM Gvdasa Sistemas.<\/p><p>26. Conforme previsto no Regimento Escolar, e em conson\u00e2ncia com o Projeto Educativo da Rede ICM de Educa\u00e7\u00e3o, s\u00e3o tomadas medidas pedag\u00f3gicas e educativas, quando o estudante n\u00e3o cumpre com seus deveres, rompendo o respeito, bem como, qualquer situa\u00e7\u00e3o de agress\u00e3o moral, f\u00edsica ou psicol\u00f3gica, de forma presencial ou virtual.<\/p>\t\t\t\t\t\t\t\t<\/div>\n\t\t\t\t<\/div>\n\t\t\t\t\t<\/div>\n\t\t\t\t<\/div>\n\t\t\t\t<\/div>\n\t\t","protected":false},"excerpt":{"rendered":"<p>NORMAS DE CONVIV\u00caNCIA UNIDADE DE ENSINO STELLA MARIS Respons\u00e1veis: Equipe Diretiva, Professores e Funcion\u00e1rios. 1. Os pais e\/ou respons\u00e1veis devem se responsabilizar pelo acompanhamento do processo de ensino-aprendizagem dos alunos e orientar seus filhos para o cumprimento das NORMAS DE CONVIV\u00caNCIA do Col\u00e9gio. 2. Os respons\u00e1veis devem orientar seus filhos sobre a import\u00e2ncia do desjejum [&hellip;]<\/p>\n","protected":false},"author":1,"featured_media":0,"parent":0,"menu_order":0,"comment_status":"closed","ping_status":"closed","template":"","meta":{"_acf_changed":false,"footnotes":""},"class_list":["post-291","page","type-page","status-publish","hentry"],"acf":[],"yoast_head":"<!-- This site is optimized with the Yoast SEO plugin v26.3 - https:\/\/yoast.com\/wordpress\/plugins\/seo\/ -->\n<title>Normas de Conviv\u00eancia - Col\u00e9gio Stella Maris | Rede ICM de educa\u00e7\u00e3o<\/title>\n<meta name=\"robots\" content=\"index, follow, max-snippet:-1, max-image-preview:large, max-video-preview:-1\" \/>\n<link rel=\"canonical\" href=\"https:\/\/redeicm.org.br\/stellamaris\/normas-de-convivencia\/\" \/>\n<meta property=\"og:locale\" content=\"pt_BR\" \/>\n<meta property=\"og:type\" content=\"article\" \/>\n<meta property=\"og:title\" content=\"Normas de Conviv\u00eancia - Col\u00e9gio Stella Maris | Rede ICM de educa\u00e7\u00e3o\" \/>\n<meta property=\"og:description\" content=\"NORMAS DE CONVIV\u00caNCIA UNIDADE DE ENSINO STELLA MARIS Respons\u00e1veis: Equipe Diretiva, Professores e Funcion\u00e1rios. 1. Os pais e\/ou respons\u00e1veis devem se responsabilizar pelo acompanhamento do processo de ensino-aprendizagem dos alunos e orientar seus filhos para o cumprimento das NORMAS DE CONVIV\u00caNCIA do Col\u00e9gio. 2. Os respons\u00e1veis devem orientar seus filhos sobre a import\u00e2ncia do desjejum [&hellip;]\" \/>\n<meta property=\"og:url\" content=\"https:\/\/redeicm.org.br\/stellamaris\/normas-de-convivencia\/\" \/>\n<meta property=\"og:site_name\" content=\"Col\u00e9gio Stella Maris | Rede ICM de educa\u00e7\u00e3o\" \/>\n<meta property=\"article:modified_time\" content=\"2025-09-11T17:06:11+00:00\" \/>\n<meta name=\"twitter:card\" content=\"summary_large_image\" \/>\n<meta name=\"twitter:label1\" content=\"Est. tempo de leitura\" \/>\n\t<meta name=\"twitter:data1\" content=\"8 minutos\" \/>\n<script type=\"application\/ld+json\" class=\"yoast-schema-graph\">{\"@context\":\"https:\/\/schema.org\",\"@graph\":[{\"@type\":\"WebPage\",\"@id\":\"https:\/\/redeicm.org.br\/stellamaris\/normas-de-convivencia\/\",\"url\":\"https:\/\/redeicm.org.br\/stellamaris\/normas-de-convivencia\/\",\"name\":\"Normas de Conviv\u00eancia - Col\u00e9gio Stella Maris | Rede ICM de educa\u00e7\u00e3o\",\"isPartOf\":{\"@id\":\"https:\/\/redeicm.org.br\/stellamaris\/#website\"},\"datePublished\":\"2024-09-13T16:59:59+00:00\",\"dateModified\":\"2025-09-11T17:06:11+00:00\",\"breadcrumb\":{\"@id\":\"https:\/\/redeicm.org.br\/stellamaris\/normas-de-convivencia\/#breadcrumb\"},\"inLanguage\":\"pt-BR\",\"potentialAction\":[{\"@type\":\"ReadAction\",\"target\":[\"https:\/\/redeicm.org.br\/stellamaris\/normas-de-convivencia\/\"]}]},{\"@type\":\"BreadcrumbList\",\"@id\":\"https:\/\/redeicm.org.br\/stellamaris\/normas-de-convivencia\/#breadcrumb\",\"itemListElement\":[{\"@type\":\"ListItem\",\"position\":1,\"name\":\"In\u00edcio\",\"item\":\"https:\/\/redeicm.org.br\/stellamaris\/\"},{\"@type\":\"ListItem\",\"position\":2,\"name\":\"Normas de Conviv\u00eancia\"}]},{\"@type\":\"WebSite\",\"@id\":\"https:\/\/redeicm.org.br\/stellamaris\/#website\",\"url\":\"https:\/\/redeicm.org.br\/stellamaris\/\",\"name\":\"Col\u00e9gio Stella Maris | Rede ICM de educa\u00e7\u00e3o\",\"description\":\"\",\"publisher\":{\"@id\":\"https:\/\/redeicm.org.br\/stellamaris\/#organization\"},\"potentialAction\":[{\"@type\":\"SearchAction\",\"target\":{\"@type\":\"EntryPoint\",\"urlTemplate\":\"https:\/\/redeicm.org.br\/stellamaris\/?s={search_term_string}\"},\"query-input\":{\"@type\":\"PropertyValueSpecification\",\"valueRequired\":true,\"valueName\":\"search_term_string\"}}],\"inLanguage\":\"pt-BR\"},{\"@type\":\"Organization\",\"@id\":\"https:\/\/redeicm.org.br\/stellamaris\/#organization\",\"name\":\"Col\u00e9gio Stella Maris | Rede ICM de educa\u00e7\u00e3o\",\"url\":\"https:\/\/redeicm.org.br\/stellamaris\/\",\"logo\":{\"@type\":\"ImageObject\",\"inLanguage\":\"pt-BR\",\"@id\":\"https:\/\/redeicm.org.br\/stellamaris\/#\/schema\/logo\/image\/\",\"url\":\"https:\/\/redeicm.org.br\/stellamaris\/wp-content\/uploads\/sites\/23\/2024\/08\/logo-icm-educacao-stella-maris-preferencial-cores.webp\",\"contentUrl\":\"https:\/\/redeicm.org.br\/stellamaris\/wp-content\/uploads\/sites\/23\/2024\/08\/logo-icm-educacao-stella-maris-preferencial-cores.webp\",\"width\":493,\"height\":185,\"caption\":\"Col\u00e9gio Stella Maris | Rede ICM de educa\u00e7\u00e3o\"},\"image\":{\"@id\":\"https:\/\/redeicm.org.br\/stellamaris\/#\/schema\/logo\/image\/\"}}]}<\/script>\n<!-- \/ Yoast SEO plugin. -->","yoast_head_json":{"title":"Normas de Conviv\u00eancia - Col\u00e9gio Stella Maris | Rede ICM de educa\u00e7\u00e3o","robots":{"index":"index","follow":"follow","max-snippet":"max-snippet:-1","max-image-preview":"max-image-preview:large","max-video-preview":"max-video-preview:-1"},"canonical":"https:\/\/redeicm.org.br\/stellamaris\/normas-de-convivencia\/","og_locale":"pt_BR","og_type":"article","og_title":"Normas de Conviv\u00eancia - Col\u00e9gio Stella Maris | Rede ICM de educa\u00e7\u00e3o","og_description":"NORMAS DE CONVIV\u00caNCIA UNIDADE DE ENSINO STELLA MARIS Respons\u00e1veis: Equipe Diretiva, Professores e Funcion\u00e1rios. 1. Os pais e\/ou respons\u00e1veis devem se responsabilizar pelo acompanhamento do processo de ensino-aprendizagem dos alunos e orientar seus filhos para o cumprimento das NORMAS DE CONVIV\u00caNCIA do Col\u00e9gio. 2. Os respons\u00e1veis devem orientar seus filhos sobre a import\u00e2ncia do desjejum [&hellip;]","og_url":"https:\/\/redeicm.org.br\/stellamaris\/normas-de-convivencia\/","og_site_name":"Col\u00e9gio Stella Maris | Rede ICM de educa\u00e7\u00e3o","article_modified_time":"2025-09-11T17:06:11+00:00","twitter_card":"summary_large_image","twitter_misc":{"Est. tempo de leitura":"8 minutos"},"schema":{"@context":"https:\/\/schema.org","@graph":[{"@type":"WebPage","@id":"https:\/\/redeicm.org.br\/stellamaris\/normas-de-convivencia\/","url":"https:\/\/redeicm.org.br\/stellamaris\/normas-de-convivencia\/","name":"Normas de Conviv\u00eancia - Col\u00e9gio Stella Maris | Rede ICM de educa\u00e7\u00e3o","isPartOf":{"@id":"https:\/\/redeicm.org.br\/stellamaris\/#website"},"datePublished":"2024-09-13T16:59:59+00:00","dateModified":"2025-09-11T17:06:11+00:00","breadcrumb":{"@id":"https:\/\/redeicm.org.br\/stellamaris\/normas-de-convivencia\/#breadcrumb"},"inLanguage":"pt-BR","potentialAction":[{"@type":"ReadAction","target":["https:\/\/redeicm.org.br\/stellamaris\/normas-de-convivencia\/"]}]},{"@type":"BreadcrumbList","@id":"https:\/\/redeicm.org.br\/stellamaris\/normas-de-convivencia\/#breadcrumb","itemListElement":[{"@type":"ListItem","position":1,"name":"In\u00edcio","item":"https:\/\/redeicm.org.br\/stellamaris\/"},{"@type":"ListItem","position":2,"name":"Normas de Conviv\u00eancia"}]},{"@type":"WebSite","@id":"https:\/\/redeicm.org.br\/stellamaris\/#website","url":"https:\/\/redeicm.org.br\/stellamaris\/","name":"Col\u00e9gio Stella Maris | Rede ICM de educa\u00e7\u00e3o","description":"","publisher":{"@id":"https:\/\/redeicm.org.br\/stellamaris\/#organization"},"potentialAction":[{"@type":"SearchAction","target":{"@type":"EntryPoint","urlTemplate":"https:\/\/redeicm.org.br\/stellamaris\/?s={search_term_string}"},"query-input":{"@type":"PropertyValueSpecification","valueRequired":true,"valueName":"search_term_string"}}],"inLanguage":"pt-BR"},{"@type":"Organization","@id":"https:\/\/redeicm.org.br\/stellamaris\/#organization","name":"Col\u00e9gio Stella Maris | Rede ICM de educa\u00e7\u00e3o","url":"https:\/\/redeicm.org.br\/stellamaris\/","logo":{"@type":"ImageObject","inLanguage":"pt-BR","@id":"https:\/\/redeicm.org.br\/stellamaris\/#\/schema\/logo\/image\/","url":"https:\/\/redeicm.org.br\/stellamaris\/wp-content\/uploads\/sites\/23\/2024\/08\/logo-icm-educacao-stella-maris-preferencial-cores.webp","contentUrl":"https:\/\/redeicm.org.br\/stellamaris\/wp-content\/uploads\/sites\/23\/2024\/08\/logo-icm-educacao-stella-maris-preferencial-cores.webp","width":493,"height":185,"caption":"Col\u00e9gio Stella Maris | Rede ICM de educa\u00e7\u00e3o"},"image":{"@id":"https:\/\/redeicm.org.br\/stellamaris\/#\/schema\/logo\/image\/"}}]}},"_links":{"self":[{"href":"https:\/\/redeicm.org.br\/stellamaris\/wp-json\/wp\/v2\/pages\/291","targetHints":{"allow":["GET"]}}],"collection":[{"href":"https:\/\/redeicm.org.br\/stellamaris\/wp-json\/wp\/v2\/pages"}],"about":[{"href":"https:\/\/redeicm.org.br\/stellamaris\/wp-json\/wp\/v2\/types\/page"}],"author":[{"embeddable":true,"href":"https:\/\/redeicm.org.br\/stellamaris\/wp-json\/wp\/v2\/users\/1"}],"replies":[{"embeddable":true,"href":"https:\/\/redeicm.org.br\/stellamaris\/wp-json\/wp\/v2\/comments?post=291"}],"version-history":[{"count":22,"href":"https:\/\/redeicm.org.br\/stellamaris\/wp-json\/wp\/v2\/pages\/291\/revisions"}],"predecessor-version":[{"id":2141,"href":"https:\/\/redeicm.org.br\/stellamaris\/wp-json\/wp\/v2\/pages\/291\/revisions\/2141"}],"wp:attachment":[{"href":"https:\/\/redeicm.org.br\/stellamaris\/wp-json\/wp\/v2\/media?parent=291"}],"curies":[{"name":"wp","href":"https:\/\/api.w.org\/{rel}","templated":true}]}}