{"id":270,"date":"2024-09-13T13:24:54","date_gmt":"2024-09-13T16:24:54","guid":{"rendered":"https:\/\/redeicm.org.br\/stellamaris\/?page_id=270"},"modified":"2025-09-08T14:55:17","modified_gmt":"2025-09-08T17:55:17","slug":"sobre-a-unidade-de-educacao","status":"publish","type":"page","link":"https:\/\/redeicm.org.br\/stellamaris\/sobre-a-unidade-de-educacao\/","title":{"rendered":"Sobre a Unidade de Educa\u00e7\u00e3o"},"content":{"rendered":"\t\t<div data-elementor-type=\"wp-page\" data-elementor-id=\"270\" class=\"elementor elementor-270\" data-elementor-post-type=\"page\">\n\t\t\t\t<div class=\"elementor-element elementor-element-2500f43 e-flex e-con-boxed e-con e-parent\" data-id=\"2500f43\" data-element_type=\"container\" data-e-type=\"container\" data-settings=\"{&quot;background_background&quot;:&quot;classic&quot;}\">\n\t\t\t\t\t<div class=\"e-con-inner\">\n\t\t\t\t<div class=\"elementor-element elementor-element-71553f5 elementor-widget elementor-widget-heading\" data-id=\"71553f5\" data-element_type=\"widget\" data-e-type=\"widget\" data-widget_type=\"heading.default\">\n\t\t\t\t<div class=\"elementor-widget-container\">\n\t\t\t\t\t<h1 class=\"elementor-heading-title elementor-size-default\">COL\u00c9GIO STELLA MARIS: \nUMA HIST\u00d3RIA DE CUIDADO, F\u00c9 E EDUCA\u00c7\u00c3O\n<\/h1>\t\t\t\t<\/div>\n\t\t\t\t<\/div>\n\t\t\t\t\t<\/div>\n\t\t\t\t<\/div>\n\t\t<div class=\"elementor-element elementor-element-e3bda5e e-flex e-con-boxed e-con e-parent\" data-id=\"e3bda5e\" data-element_type=\"container\" data-e-type=\"container\">\n\t\t\t\t\t<div class=\"e-con-inner\">\n\t\t\t\t<div class=\"elementor-element elementor-element-8073620 elementor-invisible elementor-widget elementor-widget-text-editor\" data-id=\"8073620\" data-element_type=\"widget\" data-e-type=\"widget\" data-settings=\"{&quot;_animation&quot;:&quot;fadeInUp&quot;}\" data-widget_type=\"text-editor.default\">\n\t\t\t\t<div class=\"elementor-widget-container\">\n\t\t\t\t\t\t\t\t\t<h4><strong>Conhe\u00e7a a jornada que transformou um sonho em uma das mais tradicionais institui\u00e7\u00f5es de ensino de Viam\u00e3o.<\/strong><\/h4><p><img fetchpriority=\"high\" decoding=\"async\" class=\"wp-image-1780 aligncenter\" src=\"https:\/\/redeicm.org.br\/stellamaris\/wp-content\/uploads\/sites\/23\/2025\/09\/Stella1930-300x167.jpg\" alt=\"\" width=\"567\" height=\"316\" srcset=\"https:\/\/redeicm.org.br\/stellamaris\/wp-content\/uploads\/sites\/23\/2025\/09\/Stella1930-300x167.jpg 300w, https:\/\/redeicm.org.br\/stellamaris\/wp-content\/uploads\/sites\/23\/2025\/09\/Stella1930.jpg 601w\" sizes=\"(max-width: 567px) 100vw, 567px\" \/><\/p><h4>\u00a0<\/h4><h4><b>O In\u00edcio de um Sonho (D\u00e9cada de 1930)<\/b><\/h4><p>No final da d\u00e9cada de 1930, a cidade de Viam\u00e3o, antiga capital do estado, crescia e, com ela, a necessidade de oferecer uma educa\u00e7\u00e3o de qualidade para suas crian\u00e7as e jovens. Sens\u00edvel a essa demanda, o vig\u00e1rio da par\u00f3quia, Padre Jos\u00e9 Breitenbach, buscou o apoio da Congrega\u00e7\u00e3o das Irm\u00e3s do Imaculado Cora\u00e7\u00e3o de Maria.<\/p><p>A Superiora Geral, Madre Maria Am\u00e9lia de S\u00e3o Jos\u00e9, acolheu o pedido e, em 24 de fevereiro de 1938, as primeiras Irm\u00e3s chegaram \u00e0 cidade com uma nobre miss\u00e3o: fundar uma escola. Recebidas calorosamente pela comunidade, elas deram in\u00edcio \u00e0s aulas em 2 de mar\u00e7o, em um espa\u00e7o cedido no Cine Clube, com 56 alunos. Nascia ali a Escola Stella Maris, um nome que homenageia Nossa Senhora, nossa protetora.<\/p><p>Com imensa dedica\u00e7\u00e3o e superando os desafios de instala\u00e7\u00f5es improvisadas, as Irm\u00e3s, com o apoio do povo, do vig\u00e1rio e do prefeito, logo ergueram o primeiro pr\u00e9dio pr\u00f3prio. A mudan\u00e7a, em junho do mesmo ano, j\u00e1 demonstrava o r\u00e1pido crescimento da escola, que encerrou seu primeiro ano letivo com quase 150 alunos.<\/p><h4>\u00a0<\/h4><h4><b>Crescimento e Consolida\u00e7\u00e3o (D\u00e9cadas de 1940 e 1950)<\/b><\/h4><p>As d\u00e9cadas seguintes foram marcadas por uma expans\u00e3o cont\u00ednua para acolher o n\u00famero crescente de alunos, incluindo muitos em regime de internato. Sob a lideran\u00e7a de diretoras vision\u00e1rias, como Madre Maria Petronila e Madre Maria Helenita, novos pr\u00e9dios foram constru\u00eddos, incluindo uma capela, refeit\u00f3rios e dormit\u00f3rios.<\/p><p>Mais do que a expans\u00e3o f\u00edsica, o col\u00e9gio consolidava sua voca\u00e7\u00e3o para uma forma\u00e7\u00e3o integral. As Irm\u00e3s se dedicavam incansavelmente \u00e0 instru\u00e7\u00e3o religiosa e moral dos alunos e de suas fam\u00edlias, tornando-se verdadeiras ap\u00f3stolas da caridade e do conhecimento. O Stella Maris firmava-se como um porto seguro para a educa\u00e7\u00e3o e a forma\u00e7\u00e3o de valores na comunidade.<\/p><h4>\u00a0<\/h4><h4><b>Moderniza\u00e7\u00e3o e Adapta\u00e7\u00e3o (D\u00e9cadas de 1960 e 1970)<\/b><\/h4><p>Os anos 60 e 70 trouxeram novos desafios e a necessidade de modernizar a estrutura. Grandes obras foram realizadas para ampliar ainda mais o espa\u00e7o, com novas salas de aula e \u00e1reas de conviv\u00eancia. Foi um per\u00edodo de muito sacrif\u00edcio e trabalho, que incluiu a demoli\u00e7\u00e3o do primeiro pr\u00e9dio para dar lugar a uma estrutura mais moderna e funcional.<\/p><p>Nessa \u00e9poca, o col\u00e9gio tamb\u00e9m abrigou o Postulado, para a forma\u00e7\u00e3o de candidatas \u00e0 Vida Religiosa, e cedeu espa\u00e7os para o funcionamento de um gin\u00e1sio municipal, refor\u00e7ando seus la\u00e7os com a comunidade de Viam\u00e3o. A inaugura\u00e7\u00e3o de um parque infantil e a cria\u00e7\u00e3o da APAMESMA (Associa\u00e7\u00e3o de Pais e Mestres) mostraram o foco crescente na integra\u00e7\u00e3o e no bem-estar dos alunos.<\/p><h4>\u00a0<\/h4><h4><b>Novos Tempos, Novos Rumos (D\u00e9cadas de 1980 e 1990)<\/b><\/h4><p>As d\u00e9cadas de 80 e 90 foram um per\u00edodo de renova\u00e7\u00e3o. O col\u00e9gio passou a sediar importantes encontros e retiros da Congrega\u00e7\u00e3o, ao mesmo tempo em que continuava a investir em sua infraestrutura, com a constru\u00e7\u00e3o de uma quadra poliesportiva e a cria\u00e7\u00e3o de laborat\u00f3rios e salas de inform\u00e1tica.<\/p><p>Um marco importante ocorreu em 1992, quando a dire\u00e7\u00e3o da escola foi assumida pela primeira vez por um professor leigo, o Sr. Jo\u00e3o Paulo Pacheco dos Reis, sempre sob a representa\u00e7\u00e3o da Mantenedora. Em 1995, o Stella Maris celebrou com orgulho a formatura de sua primeira turma do Ensino Fundamental completo, consolidando seu papel na educa\u00e7\u00e3o b\u00e1sica.<\/p><h4>\u00a0<\/h4><h4><b>Rumo ao Futuro: O Ensino M\u00e9dio e o S\u00e9culo XXI (Anos 2000 em diante)<\/b><\/h4><p>A virada do mil\u00eanio trouxe a maior conquista acad\u00eamica da nossa hist\u00f3ria: a autoriza\u00e7\u00e3o para o funcionamento do Ensino M\u00e9dio, em 2000. Com a primeira turma iniciando em 2001, a institui\u00e7\u00e3o passou a se chamar oficialmente Col\u00e9gio Stella Maris, oferecendo uma trajet\u00f3ria educacional completa, da Educa\u00e7\u00e3o Infantil ao Ensino M\u00e9dio.<\/p><p>Para isso, realizamos grandes investimentos, como a constru\u00e7\u00e3o de um moderno Gin\u00e1sio de Esportes e a amplia\u00e7\u00e3o de laborat\u00f3rios e da biblioteca. Hoje, com mais de 1000 alunos, continuamos a nos inspirar na Proposta Libertadora de Jesus Cristo e no legado de B\u00e1rbara Maix, buscando formar cidad\u00e3os cr\u00edticos, fraternos e protagonistas de suas pr\u00f3prias hist\u00f3rias.<\/p><p>A hist\u00f3ria do Col\u00e9gio Stella Maris \u00e9 escrita todos os dias, em cada sala de aula, em cada projeto e no sorriso de cada aluno. Uma hist\u00f3ria de f\u00e9, perseveran\u00e7a e amor \u00e0 educa\u00e7\u00e3o.<\/p><h4>\u00a0<\/h4><h4><b>O Presente e o Futuro: Inova\u00e7\u00e3o e Humanismo (2024 &#8211; 2025)<\/b><\/h4><p>Hoje, ao olharmos para nossa trajet\u00f3ria, vemos um Col\u00e9gio que honra seu hist\u00f3rico legado de f\u00e9 e dedica\u00e7\u00e3o, ao mesmo tempo em que abra\u00e7a com coragem os desafios do s\u00e9culo XXI. A partir de 2022 o Col\u00e9gio vive um momento de intensa inova\u00e7\u00e3o, consolidando nossa vis\u00e3o de uma educa\u00e7\u00e3o que equilibra excel\u00eancia acad\u00eamica, forma\u00e7\u00e3o de valores e prepara\u00e7\u00e3o para um mundo em constante transforma\u00e7\u00e3o.<\/p><p>Em 2024 e 2025, \u00e9 o momento em que a Cultura Maker e a Rob\u00f3tica florescem em nossos corredores, transformando alunos em inventores e solucionadores de problemas. \u00c9 o per\u00edodo em que a Inicia\u00e7\u00e3o Cient\u00edfica se aprofunda, incentivando nossos jovens a irem al\u00e9m do curr\u00edculo e a se tornarem produtores de conhecimento, prontos para a vida acad\u00eamica.<\/p><p>A tecnologia tornou-se uma poderosa aliada, n\u00e3o como um fim, mas como um meio para um aprendizado mais rico e engajador. Com Chromebooks, iPads e projetores interativos, nossas salas de aula se tornaram ambientes din\u00e2micos de colabora\u00e7\u00e3o. O investimento em Realidade Virtual abre portas para experi\u00eancias imersivas, permitindo que nossos alunos viajem pelo espa\u00e7o ou explorem o corpo humano de formas antes inimagin\u00e1veis.<\/p><p>Ao mesmo tempo em que avan\u00e7amos tecnologicamente, aprofundamos nosso compromisso com a forma\u00e7\u00e3o integral do ser humano. O Projeto Socioemocional est\u00e1 mais robusto do que nunca, ensinando habilidades essenciais como empatia, resili\u00eancia e lideran\u00e7a. Nossos projetos de Empreendedorismo e Educa\u00e7\u00e3o Financeira preparam os estudantes para um futuro de autonomia e responsabilidade, enquanto a Pastoral Escolar continua a ser o cora\u00e7\u00e3o pulsante da nossa comunidade, cultivando a espiritualidade e a solidariedade.<\/p><p>O Col\u00e9gio Stella Maris vive hoje um presente vibrante, onde tradi\u00e7\u00e3o e inova\u00e7\u00e3o caminham de m\u00e3os dadas, honrando um legado que acolhe e ensina. Continuamos a hist\u00f3ria iniciada por B\u00e1rbara Maix e pelas primeiras Irm\u00e3s com o mesmo prop\u00f3sito: formar n\u00e3o apenas excelentes alunos, mas cidad\u00e3os conscientes, cr\u00edticos e compassivos, prontos para construir um futuro brilhante para si e para o mundo.<\/p>\t\t\t\t\t\t\t\t<\/div>\n\t\t\t\t<\/div>\n\t\t\t\t\t<\/div>\n\t\t\t\t<\/div>\n\t\t\t\t<\/div>\n\t\t","protected":false},"excerpt":{"rendered":"<p>COL\u00c9GIO STELLA MARIS: UMA HIST\u00d3RIA DE CUIDADO, F\u00c9 E EDUCA\u00c7\u00c3O Conhe\u00e7a a jornada que transformou um sonho em uma das mais tradicionais institui\u00e7\u00f5es de ensino de Viam\u00e3o. \u00a0 O In\u00edcio de um Sonho (D\u00e9cada de 1930) No final da d\u00e9cada de 1930, a cidade de Viam\u00e3o, antiga capital do estado, crescia e, com ela, a [&hellip;]<\/p>\n","protected":false},"author":1,"featured_media":0,"parent":0,"menu_order":0,"comment_status":"closed","ping_status":"closed","template":"","meta":{"_acf_changed":false,"footnotes":""},"class_list":["post-270","page","type-page","status-publish","hentry"],"acf":[],"yoast_head":"<!-- This site is optimized with the Yoast SEO plugin v26.3 - https:\/\/yoast.com\/wordpress\/plugins\/seo\/ -->\n<title>Sobre a Unidade de Educa\u00e7\u00e3o - Col\u00e9gio Stella Maris | Rede ICM de educa\u00e7\u00e3o<\/title>\n<meta name=\"robots\" content=\"index, follow, max-snippet:-1, max-image-preview:large, max-video-preview:-1\" \/>\n<link rel=\"canonical\" href=\"https:\/\/redeicm.org.br\/stellamaris\/sobre-a-unidade-de-educacao\/\" \/>\n<meta property=\"og:locale\" content=\"pt_BR\" \/>\n<meta property=\"og:type\" content=\"article\" \/>\n<meta property=\"og:title\" content=\"Sobre a Unidade de Educa\u00e7\u00e3o - Col\u00e9gio Stella Maris | Rede ICM de educa\u00e7\u00e3o\" \/>\n<meta property=\"og:description\" content=\"COL\u00c9GIO STELLA MARIS: UMA HIST\u00d3RIA DE CUIDADO, F\u00c9 E EDUCA\u00c7\u00c3O Conhe\u00e7a a jornada que transformou um sonho em uma das mais tradicionais institui\u00e7\u00f5es de ensino de Viam\u00e3o. \u00a0 O In\u00edcio de um Sonho (D\u00e9cada de 1930) No final da d\u00e9cada de 1930, a cidade de Viam\u00e3o, antiga capital do estado, crescia e, com ela, a [&hellip;]\" \/>\n<meta property=\"og:url\" content=\"https:\/\/redeicm.org.br\/stellamaris\/sobre-a-unidade-de-educacao\/\" \/>\n<meta property=\"og:site_name\" content=\"Col\u00e9gio Stella Maris | Rede ICM de educa\u00e7\u00e3o\" \/>\n<meta property=\"article:modified_time\" content=\"2025-09-08T17:55:17+00:00\" \/>\n<meta property=\"og:image\" content=\"https:\/\/redeicm.org.br\/stellamaris\/wp-content\/uploads\/sites\/23\/2025\/09\/Stella1930.jpg\" \/>\n\t<meta property=\"og:image:width\" content=\"601\" \/>\n\t<meta property=\"og:image:height\" content=\"334\" \/>\n\t<meta property=\"og:image:type\" content=\"image\/jpeg\" \/>\n<meta name=\"twitter:card\" content=\"summary_large_image\" \/>\n<meta name=\"twitter:label1\" content=\"Est. tempo de leitura\" \/>\n\t<meta name=\"twitter:data1\" content=\"6 minutos\" \/>\n<script type=\"application\/ld+json\" class=\"yoast-schema-graph\">{\"@context\":\"https:\/\/schema.org\",\"@graph\":[{\"@type\":\"WebPage\",\"@id\":\"https:\/\/redeicm.org.br\/stellamaris\/sobre-a-unidade-de-educacao\/\",\"url\":\"https:\/\/redeicm.org.br\/stellamaris\/sobre-a-unidade-de-educacao\/\",\"name\":\"Sobre a Unidade de Educa\u00e7\u00e3o - Col\u00e9gio Stella Maris | Rede ICM de educa\u00e7\u00e3o\",\"isPartOf\":{\"@id\":\"https:\/\/redeicm.org.br\/stellamaris\/#website\"},\"primaryImageOfPage\":{\"@id\":\"https:\/\/redeicm.org.br\/stellamaris\/sobre-a-unidade-de-educacao\/#primaryimage\"},\"image\":{\"@id\":\"https:\/\/redeicm.org.br\/stellamaris\/sobre-a-unidade-de-educacao\/#primaryimage\"},\"thumbnailUrl\":\"https:\/\/redeicm.org.br\/stellamaris\/wp-content\/uploads\/sites\/23\/2025\/09\/Stella1930-300x167.jpg\",\"datePublished\":\"2024-09-13T16:24:54+00:00\",\"dateModified\":\"2025-09-08T17:55:17+00:00\",\"breadcrumb\":{\"@id\":\"https:\/\/redeicm.org.br\/stellamaris\/sobre-a-unidade-de-educacao\/#breadcrumb\"},\"inLanguage\":\"pt-BR\",\"potentialAction\":[{\"@type\":\"ReadAction\",\"target\":[\"https:\/\/redeicm.org.br\/stellamaris\/sobre-a-unidade-de-educacao\/\"]}]},{\"@type\":\"ImageObject\",\"inLanguage\":\"pt-BR\",\"@id\":\"https:\/\/redeicm.org.br\/stellamaris\/sobre-a-unidade-de-educacao\/#primaryimage\",\"url\":\"https:\/\/redeicm.org.br\/stellamaris\/wp-content\/uploads\/sites\/23\/2025\/09\/Stella1930.jpg\",\"contentUrl\":\"https:\/\/redeicm.org.br\/stellamaris\/wp-content\/uploads\/sites\/23\/2025\/09\/Stella1930.jpg\",\"width\":601,\"height\":334},{\"@type\":\"BreadcrumbList\",\"@id\":\"https:\/\/redeicm.org.br\/stellamaris\/sobre-a-unidade-de-educacao\/#breadcrumb\",\"itemListElement\":[{\"@type\":\"ListItem\",\"position\":1,\"name\":\"In\u00edcio\",\"item\":\"https:\/\/redeicm.org.br\/stellamaris\/\"},{\"@type\":\"ListItem\",\"position\":2,\"name\":\"Sobre a Unidade de Educa\u00e7\u00e3o\"}]},{\"@type\":\"WebSite\",\"@id\":\"https:\/\/redeicm.org.br\/stellamaris\/#website\",\"url\":\"https:\/\/redeicm.org.br\/stellamaris\/\",\"name\":\"Col\u00e9gio Stella Maris | Rede ICM de educa\u00e7\u00e3o\",\"description\":\"\",\"publisher\":{\"@id\":\"https:\/\/redeicm.org.br\/stellamaris\/#organization\"},\"potentialAction\":[{\"@type\":\"SearchAction\",\"target\":{\"@type\":\"EntryPoint\",\"urlTemplate\":\"https:\/\/redeicm.org.br\/stellamaris\/?s={search_term_string}\"},\"query-input\":{\"@type\":\"PropertyValueSpecification\",\"valueRequired\":true,\"valueName\":\"search_term_string\"}}],\"inLanguage\":\"pt-BR\"},{\"@type\":\"Organization\",\"@id\":\"https:\/\/redeicm.org.br\/stellamaris\/#organization\",\"name\":\"Col\u00e9gio Stella Maris | Rede ICM de educa\u00e7\u00e3o\",\"url\":\"https:\/\/redeicm.org.br\/stellamaris\/\",\"logo\":{\"@type\":\"ImageObject\",\"inLanguage\":\"pt-BR\",\"@id\":\"https:\/\/redeicm.org.br\/stellamaris\/#\/schema\/logo\/image\/\",\"url\":\"https:\/\/redeicm.org.br\/stellamaris\/wp-content\/uploads\/sites\/23\/2024\/08\/logo-icm-educacao-stella-maris-preferencial-cores.webp\",\"contentUrl\":\"https:\/\/redeicm.org.br\/stellamaris\/wp-content\/uploads\/sites\/23\/2024\/08\/logo-icm-educacao-stella-maris-preferencial-cores.webp\",\"width\":493,\"height\":185,\"caption\":\"Col\u00e9gio Stella Maris | Rede ICM de educa\u00e7\u00e3o\"},\"image\":{\"@id\":\"https:\/\/redeicm.org.br\/stellamaris\/#\/schema\/logo\/image\/\"}}]}<\/script>\n<!-- \/ Yoast SEO plugin. -->","yoast_head_json":{"title":"Sobre a Unidade de Educa\u00e7\u00e3o - Col\u00e9gio Stella Maris | Rede ICM de educa\u00e7\u00e3o","robots":{"index":"index","follow":"follow","max-snippet":"max-snippet:-1","max-image-preview":"max-image-preview:large","max-video-preview":"max-video-preview:-1"},"canonical":"https:\/\/redeicm.org.br\/stellamaris\/sobre-a-unidade-de-educacao\/","og_locale":"pt_BR","og_type":"article","og_title":"Sobre a Unidade de Educa\u00e7\u00e3o - Col\u00e9gio Stella Maris | Rede ICM de educa\u00e7\u00e3o","og_description":"COL\u00c9GIO STELLA MARIS: UMA HIST\u00d3RIA DE CUIDADO, F\u00c9 E EDUCA\u00c7\u00c3O Conhe\u00e7a a jornada que transformou um sonho em uma das mais tradicionais institui\u00e7\u00f5es de ensino de Viam\u00e3o. \u00a0 O In\u00edcio de um Sonho (D\u00e9cada de 1930) No final da d\u00e9cada de 1930, a cidade de Viam\u00e3o, antiga capital do estado, crescia e, com ela, a [&hellip;]","og_url":"https:\/\/redeicm.org.br\/stellamaris\/sobre-a-unidade-de-educacao\/","og_site_name":"Col\u00e9gio Stella Maris | Rede ICM de educa\u00e7\u00e3o","article_modified_time":"2025-09-08T17:55:17+00:00","og_image":[{"width":601,"height":334,"url":"https:\/\/redeicm.org.br\/stellamaris\/wp-content\/uploads\/sites\/23\/2025\/09\/Stella1930.jpg","type":"image\/jpeg"}],"twitter_card":"summary_large_image","twitter_misc":{"Est. tempo de leitura":"6 minutos"},"schema":{"@context":"https:\/\/schema.org","@graph":[{"@type":"WebPage","@id":"https:\/\/redeicm.org.br\/stellamaris\/sobre-a-unidade-de-educacao\/","url":"https:\/\/redeicm.org.br\/stellamaris\/sobre-a-unidade-de-educacao\/","name":"Sobre a Unidade de Educa\u00e7\u00e3o - Col\u00e9gio Stella Maris | Rede ICM de educa\u00e7\u00e3o","isPartOf":{"@id":"https:\/\/redeicm.org.br\/stellamaris\/#website"},"primaryImageOfPage":{"@id":"https:\/\/redeicm.org.br\/stellamaris\/sobre-a-unidade-de-educacao\/#primaryimage"},"image":{"@id":"https:\/\/redeicm.org.br\/stellamaris\/sobre-a-unidade-de-educacao\/#primaryimage"},"thumbnailUrl":"https:\/\/redeicm.org.br\/stellamaris\/wp-content\/uploads\/sites\/23\/2025\/09\/Stella1930-300x167.jpg","datePublished":"2024-09-13T16:24:54+00:00","dateModified":"2025-09-08T17:55:17+00:00","breadcrumb":{"@id":"https:\/\/redeicm.org.br\/stellamaris\/sobre-a-unidade-de-educacao\/#breadcrumb"},"inLanguage":"pt-BR","potentialAction":[{"@type":"ReadAction","target":["https:\/\/redeicm.org.br\/stellamaris\/sobre-a-unidade-de-educacao\/"]}]},{"@type":"ImageObject","inLanguage":"pt-BR","@id":"https:\/\/redeicm.org.br\/stellamaris\/sobre-a-unidade-de-educacao\/#primaryimage","url":"https:\/\/redeicm.org.br\/stellamaris\/wp-content\/uploads\/sites\/23\/2025\/09\/Stella1930.jpg","contentUrl":"https:\/\/redeicm.org.br\/stellamaris\/wp-content\/uploads\/sites\/23\/2025\/09\/Stella1930.jpg","width":601,"height":334},{"@type":"BreadcrumbList","@id":"https:\/\/redeicm.org.br\/stellamaris\/sobre-a-unidade-de-educacao\/#breadcrumb","itemListElement":[{"@type":"ListItem","position":1,"name":"In\u00edcio","item":"https:\/\/redeicm.org.br\/stellamaris\/"},{"@type":"ListItem","position":2,"name":"Sobre a Unidade de Educa\u00e7\u00e3o"}]},{"@type":"WebSite","@id":"https:\/\/redeicm.org.br\/stellamaris\/#website","url":"https:\/\/redeicm.org.br\/stellamaris\/","name":"Col\u00e9gio Stella Maris | Rede ICM de educa\u00e7\u00e3o","description":"","publisher":{"@id":"https:\/\/redeicm.org.br\/stellamaris\/#organization"},"potentialAction":[{"@type":"SearchAction","target":{"@type":"EntryPoint","urlTemplate":"https:\/\/redeicm.org.br\/stellamaris\/?s={search_term_string}"},"query-input":{"@type":"PropertyValueSpecification","valueRequired":true,"valueName":"search_term_string"}}],"inLanguage":"pt-BR"},{"@type":"Organization","@id":"https:\/\/redeicm.org.br\/stellamaris\/#organization","name":"Col\u00e9gio Stella Maris | Rede ICM de educa\u00e7\u00e3o","url":"https:\/\/redeicm.org.br\/stellamaris\/","logo":{"@type":"ImageObject","inLanguage":"pt-BR","@id":"https:\/\/redeicm.org.br\/stellamaris\/#\/schema\/logo\/image\/","url":"https:\/\/redeicm.org.br\/stellamaris\/wp-content\/uploads\/sites\/23\/2024\/08\/logo-icm-educacao-stella-maris-preferencial-cores.webp","contentUrl":"https:\/\/redeicm.org.br\/stellamaris\/wp-content\/uploads\/sites\/23\/2024\/08\/logo-icm-educacao-stella-maris-preferencial-cores.webp","width":493,"height":185,"caption":"Col\u00e9gio Stella Maris | Rede ICM de educa\u00e7\u00e3o"},"image":{"@id":"https:\/\/redeicm.org.br\/stellamaris\/#\/schema\/logo\/image\/"}}]}},"_links":{"self":[{"href":"https:\/\/redeicm.org.br\/stellamaris\/wp-json\/wp\/v2\/pages\/270","targetHints":{"allow":["GET"]}}],"collection":[{"href":"https:\/\/redeicm.org.br\/stellamaris\/wp-json\/wp\/v2\/pages"}],"about":[{"href":"https:\/\/redeicm.org.br\/stellamaris\/wp-json\/wp\/v2\/types\/page"}],"author":[{"embeddable":true,"href":"https:\/\/redeicm.org.br\/stellamaris\/wp-json\/wp\/v2\/users\/1"}],"replies":[{"embeddable":true,"href":"https:\/\/redeicm.org.br\/stellamaris\/wp-json\/wp\/v2\/comments?post=270"}],"version-history":[{"count":20,"href":"https:\/\/redeicm.org.br\/stellamaris\/wp-json\/wp\/v2\/pages\/270\/revisions"}],"predecessor-version":[{"id":1901,"href":"https:\/\/redeicm.org.br\/stellamaris\/wp-json\/wp\/v2\/pages\/270\/revisions\/1901"}],"wp:attachment":[{"href":"https:\/\/redeicm.org.br\/stellamaris\/wp-json\/wp\/v2\/media?parent=270"}],"curies":[{"name":"wp","href":"https:\/\/api.w.org\/{rel}","templated":true}]}}