{"id":1689,"date":"2025-09-05T11:46:11","date_gmt":"2025-09-05T14:46:11","guid":{"rendered":"https:\/\/redeicm.org.br\/stellamaris\/?page_id=1689"},"modified":"2025-09-05T11:52:44","modified_gmt":"2025-09-05T14:52:44","slug":"pastoral","status":"publish","type":"page","link":"https:\/\/redeicm.org.br\/stellamaris\/pastoral\/","title":{"rendered":"Pastoral Escolar"},"content":{"rendered":"\t\t<div data-elementor-type=\"wp-page\" data-elementor-id=\"1689\" class=\"elementor elementor-1689\" data-elementor-post-type=\"page\">\n\t\t\t\t<div class=\"elementor-element elementor-element-f81c545 e-flex e-con-boxed e-con e-parent\" data-id=\"f81c545\" data-element_type=\"container\" data-e-type=\"container\" data-settings=\"{&quot;background_background&quot;:&quot;classic&quot;}\">\n\t\t\t\t\t<div class=\"e-con-inner\">\n\t\t\t\t<div class=\"elementor-element elementor-element-7829283 elementor-widget elementor-widget-heading\" data-id=\"7829283\" data-element_type=\"widget\" data-e-type=\"widget\" data-widget_type=\"heading.default\">\n\t\t\t\t<div class=\"elementor-widget-container\">\n\t\t\t\t\t<h1 class=\"elementor-heading-title elementor-size-default\">SERVI\u00c7O DE PASTORAL ESCOLAR<\/h1>\t\t\t\t<\/div>\n\t\t\t\t<\/div>\n\t\t\t\t\t<\/div>\n\t\t\t\t<\/div>\n\t\t<div class=\"elementor-element elementor-element-4e6dd74 e-flex e-con-boxed e-con e-parent\" data-id=\"4e6dd74\" data-element_type=\"container\" data-e-type=\"container\">\n\t\t\t\t\t<div class=\"e-con-inner\">\n\t\t\t\t<div class=\"elementor-element elementor-element-a94eeee elementor-skin-carousel elementor-arrows-yes elementor-widget elementor-widget-media-carousel\" data-id=\"a94eeee\" data-element_type=\"widget\" data-e-type=\"widget\" data-settings=\"{&quot;skin&quot;:&quot;carousel&quot;,&quot;effect&quot;:&quot;slide&quot;,&quot;show_arrows&quot;:&quot;yes&quot;,&quot;speed&quot;:500,&quot;autoplay&quot;:&quot;yes&quot;,&quot;autoplay_speed&quot;:5000,&quot;loop&quot;:&quot;yes&quot;,&quot;pause_on_hover&quot;:&quot;yes&quot;,&quot;pause_on_interaction&quot;:&quot;yes&quot;,&quot;space_between&quot;:{&quot;unit&quot;:&quot;px&quot;,&quot;size&quot;:10,&quot;sizes&quot;:[]},&quot;space_between_tablet&quot;:{&quot;unit&quot;:&quot;px&quot;,&quot;size&quot;:10,&quot;sizes&quot;:[]},&quot;space_between_mobile&quot;:{&quot;unit&quot;:&quot;px&quot;,&quot;size&quot;:10,&quot;sizes&quot;:[]}}\" data-widget_type=\"media-carousel.default\">\n\t\t\t\t<div class=\"elementor-widget-container\">\n\t\t\t\t\t\t\t\t\t<div class=\"elementor-swiper\">\n\t\t\t\t\t<div class=\"elementor-main-swiper swiper\" role=\"region\" aria-roledescription=\"carousel\" aria-label=\"Slides\">\n\t\t\t\t<div class=\"swiper-wrapper\">\n\t\t\t\t\t\t\t\t\t\t\t<div class=\"swiper-slide\" role=\"group\" aria-roledescription=\"slide\">\n\t\t\t\t\t\t\t\t\t<div class=\"elementor-carousel-image\" role=\"img\" aria-label=\"DSC09992\" style=\"background-image: url(&#039;https:\/\/redeicm.org.br\/stellamaris\/wp-content\/uploads\/sites\/23\/2025\/09\/DSC09992.jpg&#039;)\">\n\n\t\t\t\n\t\t\t\t\t<\/div>\n\t\t\t\t\t\t\t\t<\/div>\n\t\t\t\t\t\t\t\t\t\t\t<div class=\"swiper-slide\" role=\"group\" aria-roledescription=\"slide\">\n\t\t\t\t\t\t\t\t\t<div class=\"elementor-carousel-image\" role=\"img\" aria-label=\"DSC00002\" style=\"background-image: url(&#039;https:\/\/redeicm.org.br\/stellamaris\/wp-content\/uploads\/sites\/23\/2025\/09\/DSC00002.jpg&#039;)\">\n\n\t\t\t\n\t\t\t\t\t<\/div>\n\t\t\t\t\t\t\t\t<\/div>\n\t\t\t\t\t\t\t\t\t\t\t<div class=\"swiper-slide\" role=\"group\" aria-roledescription=\"slide\">\n\t\t\t\t\t\t\t\t\t<div class=\"elementor-carousel-image\" role=\"img\" aria-label=\"DSC09990\" style=\"background-image: url(&#039;https:\/\/redeicm.org.br\/stellamaris\/wp-content\/uploads\/sites\/23\/2025\/09\/DSC09990.jpg&#039;)\">\n\n\t\t\t\n\t\t\t\t\t<\/div>\n\t\t\t\t\t\t\t\t<\/div>\n\t\t\t\t\t\t\t\t\t<\/div>\n\t\t\t\t\t\t\t\t\t\t\t\t\t\t\t<div class=\"elementor-swiper-button elementor-swiper-button-prev\" role=\"button\" tabindex=\"0\" aria-label=\"Anterior\">\n\t\t\t\t\t\t\t<svg aria-hidden=\"true\" class=\"e-font-icon-svg e-eicon-chevron-left\" viewBox=\"0 0 1000 1000\" xmlns=\"http:\/\/www.w3.org\/2000\/svg\"><path d=\"M646 125C629 125 613 133 604 142L308 442C296 454 292 471 292 487 292 504 296 521 308 533L604 854C617 867 629 875 646 875 663 875 679 871 692 858 704 846 713 829 713 812 713 796 708 779 692 767L438 487 692 225C700 217 708 204 708 187 708 171 704 154 692 142 675 129 663 125 646 125Z\"><\/path><\/svg>\t\t\t\t\t\t<\/div>\n\t\t\t\t\t\t<div class=\"elementor-swiper-button elementor-swiper-button-next\" role=\"button\" tabindex=\"0\" aria-label=\"Pr\u00f3ximo\">\n\t\t\t\t\t\t\t<svg aria-hidden=\"true\" class=\"e-font-icon-svg e-eicon-chevron-right\" viewBox=\"0 0 1000 1000\" xmlns=\"http:\/\/www.w3.org\/2000\/svg\"><path d=\"M696 533C708 521 713 504 713 487 713 471 708 454 696 446L400 146C388 133 375 125 354 125 338 125 325 129 313 142 300 154 292 171 292 187 292 204 296 221 308 233L563 492 304 771C292 783 288 800 288 817 288 833 296 850 308 863 321 871 338 875 354 875 371 875 388 867 400 854L696 533Z\"><\/path><\/svg>\t\t\t\t\t\t<\/div>\n\t\t\t\t\t\t\t\t\t\t\t\t\t\t\t\t\t<\/div>\n\t\t\t\t<\/div>\n\t\t\t\t\t\t\t\t<\/div>\n\t\t\t\t<\/div>\n\t\t\t\t<div class=\"elementor-element elementor-element-c23a8c4 elementor-invisible elementor-widget elementor-widget-text-editor\" data-id=\"c23a8c4\" data-element_type=\"widget\" data-e-type=\"widget\" data-settings=\"{&quot;_animation&quot;:&quot;fadeInUp&quot;}\" data-widget_type=\"text-editor.default\">\n\t\t\t\t<div class=\"elementor-widget-container\">\n\t\t\t\t\t\t\t\t\t<h4><b>SOBRE O SERVI\u00c7O<\/b><\/h4><p>O Servi\u00e7o de Pastoral Escolar se prop\u00f5e a intensificar o esfor\u00e7o de busca e compreens\u00e3o da pessoa no seu todo, valorizando sua experi\u00eancia de vida, procurando ser o elo vitalizador e dinamizador da proposta Educacional, a fim de que toda a comunidade Escolar possa sentir-se motivada a cultivar os valores humanos e crist\u00e3os.<\/p><p>O Ensino Religioso \u00e9 direito e dever de todos aqueles que, livremente, efetivarem matr\u00edcula em nossas Escolas, selando, assim, seu compromisso com esta proposta e, consequentemente, sua op\u00e7\u00e3o pelo Ensino Religioso.<\/p><h4><b>OBJETIVOS<\/b><\/h4><ul><li>Ser elo entre os servi\u00e7os para manter viva a Filosofia da Escola;<\/li><li>Anunciar explicitamente a pessoa de Jesus Cristo e sua Proposta;<\/li><li>Criar o clima de sensibilidade a abertura ao di\u00e1logo inter-religioso;<\/li><li>Integrar Pastoral Escolar \u00e0 Pastoral Org\u00e2nica;<\/li><li>Perceber as contradi\u00e7\u00f5es com rela\u00e7\u00e3o \u00e0 Filosofia Educacional e Buscar corrigi-las, oportunizando a educa\u00e7\u00e3o do homem na perspectiva da f\u00e9 crist\u00e3;<\/li><li>Buscar alternativas que favore\u00e7am a viv\u00eancia de valores que humanizam e libertam em vista da constru\u00e7\u00e3o do Reino de Deus;<\/li><li>Atender a pais e professores em quest\u00f5es de ordem filos\u00f3fica, moral e religiosa;<\/li><li>Oportunizar aos professores e funcion\u00e1rios treinamento e atualiza\u00e7\u00e3o quanto \u00e0 metodologia e aos conte\u00fados de Ensino Religioso;<\/li><li>Oportunizar a viv\u00eancia de uma espiritualidade que d\u00ea sentido \u00e0 vida e motive \u00e0 solidariedade;<\/li><li>Planejar, coordenar e realizar atividades concernentes \u00e0 metodologia e aos conte\u00fados do Ensino Religioso;<\/li><li>Orientar os professores no planejamento e desenvolvimento dos trabalhos, referentes \u00e0 Educa\u00e7\u00e3o Religiosa;<\/li><li>Estabelecer crit\u00e9rios para a escolha de professores de Ensino Religioso;<\/li><li>Intensificar a participa\u00e7\u00e3o e compromisso entre Escola, Fam\u00edlia e Comunidade.<\/li><\/ul>\t\t\t\t\t\t\t\t<\/div>\n\t\t\t\t<\/div>\n\t\t\t\t\t<\/div>\n\t\t\t\t<\/div>\n\t\t\t\t<\/div>\n\t\t","protected":false},"excerpt":{"rendered":"<p>SERVI\u00c7O DE PASTORAL ESCOLAR SOBRE O SERVI\u00c7O O Servi\u00e7o de Pastoral Escolar se prop\u00f5e a intensificar o esfor\u00e7o de busca e compreens\u00e3o da pessoa no seu todo, valorizando sua experi\u00eancia de vida, procurando ser o elo vitalizador e dinamizador da proposta Educacional, a fim de que toda a comunidade Escolar possa sentir-se motivada a cultivar [&hellip;]<\/p>\n","protected":false},"author":62,"featured_media":0,"parent":0,"menu_order":0,"comment_status":"closed","ping_status":"closed","template":"","meta":{"_acf_changed":false,"footnotes":""},"class_list":["post-1689","page","type-page","status-publish","hentry"],"acf":[],"yoast_head":"<!-- This site is optimized with the Yoast SEO plugin v26.3 - https:\/\/yoast.com\/wordpress\/plugins\/seo\/ -->\n<title>Pastoral Escolar - Col\u00e9gio Stella Maris | Rede ICM de educa\u00e7\u00e3o<\/title>\n<meta name=\"robots\" content=\"index, follow, max-snippet:-1, max-image-preview:large, max-video-preview:-1\" \/>\n<link rel=\"canonical\" href=\"https:\/\/redeicm.org.br\/stellamaris\/pastoral\/\" \/>\n<meta property=\"og:locale\" content=\"pt_BR\" \/>\n<meta property=\"og:type\" content=\"article\" \/>\n<meta property=\"og:title\" content=\"Pastoral Escolar - Col\u00e9gio Stella Maris | Rede ICM de educa\u00e7\u00e3o\" \/>\n<meta property=\"og:description\" content=\"SERVI\u00c7O DE PASTORAL ESCOLAR SOBRE O SERVI\u00c7O O Servi\u00e7o de Pastoral Escolar se prop\u00f5e a intensificar o esfor\u00e7o de busca e compreens\u00e3o da pessoa no seu todo, valorizando sua experi\u00eancia de vida, procurando ser o elo vitalizador e dinamizador da proposta Educacional, a fim de que toda a comunidade Escolar possa sentir-se motivada a cultivar [&hellip;]\" \/>\n<meta property=\"og:url\" content=\"https:\/\/redeicm.org.br\/stellamaris\/pastoral\/\" \/>\n<meta property=\"og:site_name\" content=\"Col\u00e9gio Stella Maris | Rede ICM de educa\u00e7\u00e3o\" \/>\n<meta property=\"article:modified_time\" content=\"2025-09-05T14:52:44+00:00\" \/>\n<meta name=\"twitter:card\" content=\"summary_large_image\" \/>\n<meta name=\"twitter:label1\" content=\"Est. tempo de leitura\" \/>\n\t<meta name=\"twitter:data1\" content=\"2 minutos\" \/>\n<script type=\"application\/ld+json\" class=\"yoast-schema-graph\">{\"@context\":\"https:\/\/schema.org\",\"@graph\":[{\"@type\":\"WebPage\",\"@id\":\"https:\/\/redeicm.org.br\/stellamaris\/pastoral\/\",\"url\":\"https:\/\/redeicm.org.br\/stellamaris\/pastoral\/\",\"name\":\"Pastoral Escolar - Col\u00e9gio Stella Maris | Rede ICM de educa\u00e7\u00e3o\",\"isPartOf\":{\"@id\":\"https:\/\/redeicm.org.br\/stellamaris\/#website\"},\"datePublished\":\"2025-09-05T14:46:11+00:00\",\"dateModified\":\"2025-09-05T14:52:44+00:00\",\"breadcrumb\":{\"@id\":\"https:\/\/redeicm.org.br\/stellamaris\/pastoral\/#breadcrumb\"},\"inLanguage\":\"pt-BR\",\"potentialAction\":[{\"@type\":\"ReadAction\",\"target\":[\"https:\/\/redeicm.org.br\/stellamaris\/pastoral\/\"]}]},{\"@type\":\"BreadcrumbList\",\"@id\":\"https:\/\/redeicm.org.br\/stellamaris\/pastoral\/#breadcrumb\",\"itemListElement\":[{\"@type\":\"ListItem\",\"position\":1,\"name\":\"In\u00edcio\",\"item\":\"https:\/\/redeicm.org.br\/stellamaris\/\"},{\"@type\":\"ListItem\",\"position\":2,\"name\":\"Pastoral Escolar\"}]},{\"@type\":\"WebSite\",\"@id\":\"https:\/\/redeicm.org.br\/stellamaris\/#website\",\"url\":\"https:\/\/redeicm.org.br\/stellamaris\/\",\"name\":\"Col\u00e9gio Stella Maris | Rede ICM de educa\u00e7\u00e3o\",\"description\":\"\",\"publisher\":{\"@id\":\"https:\/\/redeicm.org.br\/stellamaris\/#organization\"},\"potentialAction\":[{\"@type\":\"SearchAction\",\"target\":{\"@type\":\"EntryPoint\",\"urlTemplate\":\"https:\/\/redeicm.org.br\/stellamaris\/?s={search_term_string}\"},\"query-input\":{\"@type\":\"PropertyValueSpecification\",\"valueRequired\":true,\"valueName\":\"search_term_string\"}}],\"inLanguage\":\"pt-BR\"},{\"@type\":\"Organization\",\"@id\":\"https:\/\/redeicm.org.br\/stellamaris\/#organization\",\"name\":\"Col\u00e9gio Stella Maris | Rede ICM de educa\u00e7\u00e3o\",\"url\":\"https:\/\/redeicm.org.br\/stellamaris\/\",\"logo\":{\"@type\":\"ImageObject\",\"inLanguage\":\"pt-BR\",\"@id\":\"https:\/\/redeicm.org.br\/stellamaris\/#\/schema\/logo\/image\/\",\"url\":\"https:\/\/redeicm.org.br\/stellamaris\/wp-content\/uploads\/sites\/23\/2024\/08\/logo-icm-educacao-stella-maris-preferencial-cores.webp\",\"contentUrl\":\"https:\/\/redeicm.org.br\/stellamaris\/wp-content\/uploads\/sites\/23\/2024\/08\/logo-icm-educacao-stella-maris-preferencial-cores.webp\",\"width\":493,\"height\":185,\"caption\":\"Col\u00e9gio Stella Maris | Rede ICM de educa\u00e7\u00e3o\"},\"image\":{\"@id\":\"https:\/\/redeicm.org.br\/stellamaris\/#\/schema\/logo\/image\/\"}}]}<\/script>\n<!-- \/ Yoast SEO plugin. -->","yoast_head_json":{"title":"Pastoral Escolar - Col\u00e9gio Stella Maris | Rede ICM de educa\u00e7\u00e3o","robots":{"index":"index","follow":"follow","max-snippet":"max-snippet:-1","max-image-preview":"max-image-preview:large","max-video-preview":"max-video-preview:-1"},"canonical":"https:\/\/redeicm.org.br\/stellamaris\/pastoral\/","og_locale":"pt_BR","og_type":"article","og_title":"Pastoral Escolar - Col\u00e9gio Stella Maris | Rede ICM de educa\u00e7\u00e3o","og_description":"SERVI\u00c7O DE PASTORAL ESCOLAR SOBRE O SERVI\u00c7O O Servi\u00e7o de Pastoral Escolar se prop\u00f5e a intensificar o esfor\u00e7o de busca e compreens\u00e3o da pessoa no seu todo, valorizando sua experi\u00eancia de vida, procurando ser o elo vitalizador e dinamizador da proposta Educacional, a fim de que toda a comunidade Escolar possa sentir-se motivada a cultivar [&hellip;]","og_url":"https:\/\/redeicm.org.br\/stellamaris\/pastoral\/","og_site_name":"Col\u00e9gio Stella Maris | Rede ICM de educa\u00e7\u00e3o","article_modified_time":"2025-09-05T14:52:44+00:00","twitter_card":"summary_large_image","twitter_misc":{"Est. tempo de leitura":"2 minutos"},"schema":{"@context":"https:\/\/schema.org","@graph":[{"@type":"WebPage","@id":"https:\/\/redeicm.org.br\/stellamaris\/pastoral\/","url":"https:\/\/redeicm.org.br\/stellamaris\/pastoral\/","name":"Pastoral Escolar - Col\u00e9gio Stella Maris | Rede ICM de educa\u00e7\u00e3o","isPartOf":{"@id":"https:\/\/redeicm.org.br\/stellamaris\/#website"},"datePublished":"2025-09-05T14:46:11+00:00","dateModified":"2025-09-05T14:52:44+00:00","breadcrumb":{"@id":"https:\/\/redeicm.org.br\/stellamaris\/pastoral\/#breadcrumb"},"inLanguage":"pt-BR","potentialAction":[{"@type":"ReadAction","target":["https:\/\/redeicm.org.br\/stellamaris\/pastoral\/"]}]},{"@type":"BreadcrumbList","@id":"https:\/\/redeicm.org.br\/stellamaris\/pastoral\/#breadcrumb","itemListElement":[{"@type":"ListItem","position":1,"name":"In\u00edcio","item":"https:\/\/redeicm.org.br\/stellamaris\/"},{"@type":"ListItem","position":2,"name":"Pastoral Escolar"}]},{"@type":"WebSite","@id":"https:\/\/redeicm.org.br\/stellamaris\/#website","url":"https:\/\/redeicm.org.br\/stellamaris\/","name":"Col\u00e9gio Stella Maris | Rede ICM de educa\u00e7\u00e3o","description":"","publisher":{"@id":"https:\/\/redeicm.org.br\/stellamaris\/#organization"},"potentialAction":[{"@type":"SearchAction","target":{"@type":"EntryPoint","urlTemplate":"https:\/\/redeicm.org.br\/stellamaris\/?s={search_term_string}"},"query-input":{"@type":"PropertyValueSpecification","valueRequired":true,"valueName":"search_term_string"}}],"inLanguage":"pt-BR"},{"@type":"Organization","@id":"https:\/\/redeicm.org.br\/stellamaris\/#organization","name":"Col\u00e9gio Stella Maris | Rede ICM de educa\u00e7\u00e3o","url":"https:\/\/redeicm.org.br\/stellamaris\/","logo":{"@type":"ImageObject","inLanguage":"pt-BR","@id":"https:\/\/redeicm.org.br\/stellamaris\/#\/schema\/logo\/image\/","url":"https:\/\/redeicm.org.br\/stellamaris\/wp-content\/uploads\/sites\/23\/2024\/08\/logo-icm-educacao-stella-maris-preferencial-cores.webp","contentUrl":"https:\/\/redeicm.org.br\/stellamaris\/wp-content\/uploads\/sites\/23\/2024\/08\/logo-icm-educacao-stella-maris-preferencial-cores.webp","width":493,"height":185,"caption":"Col\u00e9gio Stella Maris | Rede ICM de educa\u00e7\u00e3o"},"image":{"@id":"https:\/\/redeicm.org.br\/stellamaris\/#\/schema\/logo\/image\/"}}]}},"_links":{"self":[{"href":"https:\/\/redeicm.org.br\/stellamaris\/wp-json\/wp\/v2\/pages\/1689","targetHints":{"allow":["GET"]}}],"collection":[{"href":"https:\/\/redeicm.org.br\/stellamaris\/wp-json\/wp\/v2\/pages"}],"about":[{"href":"https:\/\/redeicm.org.br\/stellamaris\/wp-json\/wp\/v2\/types\/page"}],"author":[{"embeddable":true,"href":"https:\/\/redeicm.org.br\/stellamaris\/wp-json\/wp\/v2\/users\/62"}],"replies":[{"embeddable":true,"href":"https:\/\/redeicm.org.br\/stellamaris\/wp-json\/wp\/v2\/comments?post=1689"}],"version-history":[{"count":7,"href":"https:\/\/redeicm.org.br\/stellamaris\/wp-json\/wp\/v2\/pages\/1689\/revisions"}],"predecessor-version":[{"id":1700,"href":"https:\/\/redeicm.org.br\/stellamaris\/wp-json\/wp\/v2\/pages\/1689\/revisions\/1700"}],"wp:attachment":[{"href":"https:\/\/redeicm.org.br\/stellamaris\/wp-json\/wp\/v2\/media?parent=1689"}],"curies":[{"name":"wp","href":"https:\/\/api.w.org\/{rel}","templated":true}]}}