{"id":168,"date":"2024-08-16T16:03:17","date_gmt":"2024-08-16T19:03:17","guid":{"rendered":"https:\/\/redeicm.org.br\/stellamaris\/calendario-escolar\/"},"modified":"2026-03-04T17:31:06","modified_gmt":"2026-03-04T20:31:06","slug":"calendario-escolar","status":"publish","type":"page","link":"https:\/\/redeicm.org.br\/stellamaris\/calendario-escolar\/","title":{"rendered":"Calend\u00e1rio Escolar"},"content":{"rendered":"\t\t<div data-elementor-type=\"wp-page\" data-elementor-id=\"168\" class=\"elementor elementor-168\" data-elementor-post-type=\"page\">\n\t\t\t\t<div class=\"elementor-element elementor-element-12fb1a9e e-flex e-con-boxed e-con e-parent\" data-id=\"12fb1a9e\" data-element_type=\"container\" data-e-type=\"container\">\n\t\t\t\t\t<div class=\"e-con-inner\">\n\t\t\t\t<div class=\"elementor-element elementor-element-2eda4c7f elementor-widget elementor-widget-heading\" data-id=\"2eda4c7f\" data-element_type=\"widget\" data-e-type=\"widget\" data-widget_type=\"heading.default\">\n\t\t\t\t<div class=\"elementor-widget-container\">\n\t\t\t\t\t<h1 class=\"elementor-heading-title elementor-size-default\">CALEND\u00c1RIO ESCOLAR<\/h1>\t\t\t\t<\/div>\n\t\t\t\t<\/div>\n\t\t\t\t\t<\/div>\n\t\t\t\t<\/div>\n\t\t<div class=\"elementor-element elementor-element-0c87c95 e-flex e-con-boxed e-con e-parent\" data-id=\"0c87c95\" data-element_type=\"container\" data-e-type=\"container\">\n\t\t\t\t\t<div class=\"e-con-inner\">\n\t\t<div class=\"elementor-element elementor-element-d9e04be e-con-full e-flex e-con e-child\" data-id=\"d9e04be\" data-element_type=\"container\" data-e-type=\"container\">\n\t\t\t\t<div class=\"elementor-element elementor-element-ab1a64a elementor-widget elementor-widget-embedpres_document\" data-id=\"ab1a64a\" data-element_type=\"widget\" data-e-type=\"widget\" data-widget_type=\"embedpres_document.default\">\n\t\t\t\t<div class=\"elementor-widget-container\">\n\t\t\t\t\t\n        <div class=\"embedpress-document-embed ep-doc-14b539996c7c037f5200e68d06ba712b ose-document \" style=\"width: 1000px; height: 1500px; max-width:100%; display: inline-block\">\n\n                        <div >\n\n                <div id=\"ep-elementor-content-ab1a64a\" class=\"ep-elementor-content    ep-content-protection-disabled\">\n                    <div id=\"ab1a64a\" class=\"ep-embed-content-wraper\">\n                        <div class=\"embedpress-embed-document-pdf embedpress-pdf-ab1a64a\" data-emid=\"embedpress-pdf-ab1a64a\" data-embedpress-content=\"02ddfc101d1611bf40961ff0ab4e3e22\" data-embed-type=\"Document\" data-emsrc=\"https:\/\/redeicm.org.br\/stellamaris\/wp-content\/uploads\/sites\/23\/2026\/03\/2026_-_CALENDARIO_LETIVO_STELLA_MARIS_-_Familias_1Sem_Atualizadado_03-03.pdf\"><iframe title=\"2026_-_CALENDARIO_LETIVO_STELLA_MARIS_-_Familias_1Sem_Atualizadado_03-03\" allowfullscreen=\"true\" mozallowfullscreen=\"true\" webkitallowfullscreen=\"true\" style=\"width: 1000px; height: 1500px; max-width:100%;\" src=\"https:\/\/redeicm.org.br\/stellamaris\/wp-content\/uploads\/sites\/23\/2026\/03\/2026_-_CALENDARIO_LETIVO_STELLA_MARIS_-_Familias_1Sem_Atualizadado_03-03.pdf\"><\/iframe><p class=\"embedpress-el-powered\">Desenvolvido por EmbedPress<\/p><\/div>                    <\/div>\n                <\/div>\n                            <\/div>\n        <\/div>\n\n    \t\t\t\t<\/div>\n\t\t\t\t<\/div>\n\t\t\t\t<\/div>\n\t\t\t\t\t<\/div>\n\t\t\t\t<\/div>\n\t\t\t\t<\/div>\n\t\t","protected":false},"excerpt":{"rendered":"<p>CALEND\u00c1RIO ESCOLAR Desenvolvido por EmbedPress<\/p>\n","protected":false},"author":1,"featured_media":172,"parent":0,"menu_order":0,"comment_status":"closed","ping_status":"closed","template":"","meta":{"_acf_changed":false,"footnotes":""},"class_list":["post-168","page","type-page","status-publish","has-post-thumbnail","hentry"],"acf":[],"yoast_head":"<!-- This site is optimized with the Yoast SEO plugin v26.3 - https:\/\/yoast.com\/wordpress\/plugins\/seo\/ -->\n<title>Calend\u00e1rio Escolar - Col\u00e9gio Stella Maris | Rede ICM de educa\u00e7\u00e3o<\/title>\n<meta name=\"robots\" content=\"index, follow, max-snippet:-1, max-image-preview:large, max-video-preview:-1\" \/>\n<link rel=\"canonical\" href=\"https:\/\/redeicm.org.br\/stellamaris\/calendario-escolar\/\" \/>\n<meta property=\"og:locale\" content=\"pt_BR\" \/>\n<meta property=\"og:type\" content=\"article\" \/>\n<meta property=\"og:title\" content=\"Calend\u00e1rio Escolar - Col\u00e9gio Stella Maris | Rede ICM de educa\u00e7\u00e3o\" \/>\n<meta property=\"og:description\" content=\"CALEND\u00c1RIO ESCOLAR Desenvolvido por EmbedPress\" \/>\n<meta property=\"og:url\" content=\"https:\/\/redeicm.org.br\/stellamaris\/calendario-escolar\/\" \/>\n<meta property=\"og:site_name\" content=\"Col\u00e9gio Stella Maris | Rede ICM de educa\u00e7\u00e3o\" \/>\n<meta property=\"article:modified_time\" content=\"2026-03-04T20:31:06+00:00\" \/>\n<meta property=\"og:image\" content=\"https:\/\/redeicm.org.br\/stellamaris\/wp-content\/uploads\/sites\/23\/2024\/08\/banner-projetos-educativos-1.jpg\" \/>\n\t<meta property=\"og:image:width\" content=\"1440\" \/>\n\t<meta property=\"og:image:height\" content=\"400\" \/>\n\t<meta property=\"og:image:type\" content=\"image\/jpeg\" \/>\n<meta name=\"twitter:card\" content=\"summary_large_image\" \/>\n<meta name=\"twitter:label1\" content=\"Est. tempo de leitura\" \/>\n\t<meta name=\"twitter:data1\" content=\"1 minuto\" \/>\n<script type=\"application\/ld+json\" class=\"yoast-schema-graph\">{\"@context\":\"https:\/\/schema.org\",\"@graph\":[{\"@type\":\"WebPage\",\"@id\":\"https:\/\/redeicm.org.br\/stellamaris\/calendario-escolar\/\",\"url\":\"https:\/\/redeicm.org.br\/stellamaris\/calendario-escolar\/\",\"name\":\"Calend\u00e1rio Escolar - Col\u00e9gio Stella Maris | Rede ICM de educa\u00e7\u00e3o\",\"isPartOf\":{\"@id\":\"https:\/\/redeicm.org.br\/stellamaris\/#website\"},\"primaryImageOfPage\":{\"@id\":\"https:\/\/redeicm.org.br\/stellamaris\/calendario-escolar\/#primaryimage\"},\"image\":{\"@id\":\"https:\/\/redeicm.org.br\/stellamaris\/calendario-escolar\/#primaryimage\"},\"thumbnailUrl\":\"https:\/\/redeicm.org.br\/stellamaris\/wp-content\/uploads\/sites\/23\/2024\/08\/banner-projetos-educativos-1.jpg\",\"datePublished\":\"2024-08-16T19:03:17+00:00\",\"dateModified\":\"2026-03-04T20:31:06+00:00\",\"breadcrumb\":{\"@id\":\"https:\/\/redeicm.org.br\/stellamaris\/calendario-escolar\/#breadcrumb\"},\"inLanguage\":\"pt-BR\",\"potentialAction\":[{\"@type\":\"ReadAction\",\"target\":[\"https:\/\/redeicm.org.br\/stellamaris\/calendario-escolar\/\"]}]},{\"@type\":\"ImageObject\",\"inLanguage\":\"pt-BR\",\"@id\":\"https:\/\/redeicm.org.br\/stellamaris\/calendario-escolar\/#primaryimage\",\"url\":\"https:\/\/redeicm.org.br\/stellamaris\/wp-content\/uploads\/sites\/23\/2024\/08\/banner-projetos-educativos-1.jpg\",\"contentUrl\":\"https:\/\/redeicm.org.br\/stellamaris\/wp-content\/uploads\/sites\/23\/2024\/08\/banner-projetos-educativos-1.jpg\",\"width\":1440,\"height\":400},{\"@type\":\"BreadcrumbList\",\"@id\":\"https:\/\/redeicm.org.br\/stellamaris\/calendario-escolar\/#breadcrumb\",\"itemListElement\":[{\"@type\":\"ListItem\",\"position\":1,\"name\":\"In\u00edcio\",\"item\":\"https:\/\/redeicm.org.br\/stellamaris\/\"},{\"@type\":\"ListItem\",\"position\":2,\"name\":\"Calend\u00e1rio Escolar\"}]},{\"@type\":\"WebSite\",\"@id\":\"https:\/\/redeicm.org.br\/stellamaris\/#website\",\"url\":\"https:\/\/redeicm.org.br\/stellamaris\/\",\"name\":\"Col\u00e9gio Stella Maris | Rede ICM de educa\u00e7\u00e3o\",\"description\":\"\",\"publisher\":{\"@id\":\"https:\/\/redeicm.org.br\/stellamaris\/#organization\"},\"potentialAction\":[{\"@type\":\"SearchAction\",\"target\":{\"@type\":\"EntryPoint\",\"urlTemplate\":\"https:\/\/redeicm.org.br\/stellamaris\/?s={search_term_string}\"},\"query-input\":{\"@type\":\"PropertyValueSpecification\",\"valueRequired\":true,\"valueName\":\"search_term_string\"}}],\"inLanguage\":\"pt-BR\"},{\"@type\":\"Organization\",\"@id\":\"https:\/\/redeicm.org.br\/stellamaris\/#organization\",\"name\":\"Col\u00e9gio Stella Maris | Rede ICM de educa\u00e7\u00e3o\",\"url\":\"https:\/\/redeicm.org.br\/stellamaris\/\",\"logo\":{\"@type\":\"ImageObject\",\"inLanguage\":\"pt-BR\",\"@id\":\"https:\/\/redeicm.org.br\/stellamaris\/#\/schema\/logo\/image\/\",\"url\":\"https:\/\/redeicm.org.br\/stellamaris\/wp-content\/uploads\/sites\/23\/2024\/08\/logo-icm-educacao-stella-maris-preferencial-cores.webp\",\"contentUrl\":\"https:\/\/redeicm.org.br\/stellamaris\/wp-content\/uploads\/sites\/23\/2024\/08\/logo-icm-educacao-stella-maris-preferencial-cores.webp\",\"width\":493,\"height\":185,\"caption\":\"Col\u00e9gio Stella Maris | Rede ICM de educa\u00e7\u00e3o\"},\"image\":{\"@id\":\"https:\/\/redeicm.org.br\/stellamaris\/#\/schema\/logo\/image\/\"}}]}<\/script>\n<!-- \/ Yoast SEO plugin. -->","yoast_head_json":{"title":"Calend\u00e1rio Escolar - Col\u00e9gio Stella Maris | Rede ICM de educa\u00e7\u00e3o","robots":{"index":"index","follow":"follow","max-snippet":"max-snippet:-1","max-image-preview":"max-image-preview:large","max-video-preview":"max-video-preview:-1"},"canonical":"https:\/\/redeicm.org.br\/stellamaris\/calendario-escolar\/","og_locale":"pt_BR","og_type":"article","og_title":"Calend\u00e1rio Escolar - Col\u00e9gio Stella Maris | Rede ICM de educa\u00e7\u00e3o","og_description":"CALEND\u00c1RIO ESCOLAR Desenvolvido por EmbedPress","og_url":"https:\/\/redeicm.org.br\/stellamaris\/calendario-escolar\/","og_site_name":"Col\u00e9gio Stella Maris | Rede ICM de educa\u00e7\u00e3o","article_modified_time":"2026-03-04T20:31:06+00:00","og_image":[{"width":1440,"height":400,"url":"https:\/\/redeicm.org.br\/stellamaris\/wp-content\/uploads\/sites\/23\/2024\/08\/banner-projetos-educativos-1.jpg","type":"image\/jpeg"}],"twitter_card":"summary_large_image","twitter_misc":{"Est. tempo de leitura":"1 minuto"},"schema":{"@context":"https:\/\/schema.org","@graph":[{"@type":"WebPage","@id":"https:\/\/redeicm.org.br\/stellamaris\/calendario-escolar\/","url":"https:\/\/redeicm.org.br\/stellamaris\/calendario-escolar\/","name":"Calend\u00e1rio Escolar - Col\u00e9gio Stella Maris | Rede ICM de educa\u00e7\u00e3o","isPartOf":{"@id":"https:\/\/redeicm.org.br\/stellamaris\/#website"},"primaryImageOfPage":{"@id":"https:\/\/redeicm.org.br\/stellamaris\/calendario-escolar\/#primaryimage"},"image":{"@id":"https:\/\/redeicm.org.br\/stellamaris\/calendario-escolar\/#primaryimage"},"thumbnailUrl":"https:\/\/redeicm.org.br\/stellamaris\/wp-content\/uploads\/sites\/23\/2024\/08\/banner-projetos-educativos-1.jpg","datePublished":"2024-08-16T19:03:17+00:00","dateModified":"2026-03-04T20:31:06+00:00","breadcrumb":{"@id":"https:\/\/redeicm.org.br\/stellamaris\/calendario-escolar\/#breadcrumb"},"inLanguage":"pt-BR","potentialAction":[{"@type":"ReadAction","target":["https:\/\/redeicm.org.br\/stellamaris\/calendario-escolar\/"]}]},{"@type":"ImageObject","inLanguage":"pt-BR","@id":"https:\/\/redeicm.org.br\/stellamaris\/calendario-escolar\/#primaryimage","url":"https:\/\/redeicm.org.br\/stellamaris\/wp-content\/uploads\/sites\/23\/2024\/08\/banner-projetos-educativos-1.jpg","contentUrl":"https:\/\/redeicm.org.br\/stellamaris\/wp-content\/uploads\/sites\/23\/2024\/08\/banner-projetos-educativos-1.jpg","width":1440,"height":400},{"@type":"BreadcrumbList","@id":"https:\/\/redeicm.org.br\/stellamaris\/calendario-escolar\/#breadcrumb","itemListElement":[{"@type":"ListItem","position":1,"name":"In\u00edcio","item":"https:\/\/redeicm.org.br\/stellamaris\/"},{"@type":"ListItem","position":2,"name":"Calend\u00e1rio Escolar"}]},{"@type":"WebSite","@id":"https:\/\/redeicm.org.br\/stellamaris\/#website","url":"https:\/\/redeicm.org.br\/stellamaris\/","name":"Col\u00e9gio Stella Maris | Rede ICM de educa\u00e7\u00e3o","description":"","publisher":{"@id":"https:\/\/redeicm.org.br\/stellamaris\/#organization"},"potentialAction":[{"@type":"SearchAction","target":{"@type":"EntryPoint","urlTemplate":"https:\/\/redeicm.org.br\/stellamaris\/?s={search_term_string}"},"query-input":{"@type":"PropertyValueSpecification","valueRequired":true,"valueName":"search_term_string"}}],"inLanguage":"pt-BR"},{"@type":"Organization","@id":"https:\/\/redeicm.org.br\/stellamaris\/#organization","name":"Col\u00e9gio Stella Maris | Rede ICM de educa\u00e7\u00e3o","url":"https:\/\/redeicm.org.br\/stellamaris\/","logo":{"@type":"ImageObject","inLanguage":"pt-BR","@id":"https:\/\/redeicm.org.br\/stellamaris\/#\/schema\/logo\/image\/","url":"https:\/\/redeicm.org.br\/stellamaris\/wp-content\/uploads\/sites\/23\/2024\/08\/logo-icm-educacao-stella-maris-preferencial-cores.webp","contentUrl":"https:\/\/redeicm.org.br\/stellamaris\/wp-content\/uploads\/sites\/23\/2024\/08\/logo-icm-educacao-stella-maris-preferencial-cores.webp","width":493,"height":185,"caption":"Col\u00e9gio Stella Maris | Rede ICM de educa\u00e7\u00e3o"},"image":{"@id":"https:\/\/redeicm.org.br\/stellamaris\/#\/schema\/logo\/image\/"}}]}},"_links":{"self":[{"href":"https:\/\/redeicm.org.br\/stellamaris\/wp-json\/wp\/v2\/pages\/168","targetHints":{"allow":["GET"]}}],"collection":[{"href":"https:\/\/redeicm.org.br\/stellamaris\/wp-json\/wp\/v2\/pages"}],"about":[{"href":"https:\/\/redeicm.org.br\/stellamaris\/wp-json\/wp\/v2\/types\/page"}],"author":[{"embeddable":true,"href":"https:\/\/redeicm.org.br\/stellamaris\/wp-json\/wp\/v2\/users\/1"}],"replies":[{"embeddable":true,"href":"https:\/\/redeicm.org.br\/stellamaris\/wp-json\/wp\/v2\/comments?post=168"}],"version-history":[{"count":66,"href":"https:\/\/redeicm.org.br\/stellamaris\/wp-json\/wp\/v2\/pages\/168\/revisions"}],"predecessor-version":[{"id":2782,"href":"https:\/\/redeicm.org.br\/stellamaris\/wp-json\/wp\/v2\/pages\/168\/revisions\/2782"}],"wp:featuredmedia":[{"embeddable":true,"href":"https:\/\/redeicm.org.br\/stellamaris\/wp-json\/wp\/v2\/media\/172"}],"wp:attachment":[{"href":"https:\/\/redeicm.org.br\/stellamaris\/wp-json\/wp\/v2\/media?parent=168"}],"curies":[{"name":"wp","href":"https:\/\/api.w.org\/{rel}","templated":true}]}}