{"id":1610,"date":"2025-09-04T15:46:12","date_gmt":"2025-09-04T18:46:12","guid":{"rendered":"https:\/\/redeicm.org.br\/stellamaris\/?page_id=1610"},"modified":"2025-09-05T08:08:06","modified_gmt":"2025-09-05T11:08:06","slug":"atividadeseprojetos","status":"publish","type":"page","link":"https:\/\/redeicm.org.br\/stellamaris\/atividadeseprojetos\/","title":{"rendered":"Atividades e Projetos"},"content":{"rendered":"\t\t<div data-elementor-type=\"wp-page\" data-elementor-id=\"1610\" class=\"elementor elementor-1610\" data-elementor-post-type=\"page\">\n\t\t\t\t<div class=\"elementor-element elementor-element-642bd38 e-flex e-con-boxed e-con e-parent\" data-id=\"642bd38\" data-element_type=\"container\" data-e-type=\"container\" data-settings=\"{&quot;background_background&quot;:&quot;classic&quot;}\">\n\t\t\t\t\t<div class=\"e-con-inner\">\n\t\t\t\t<div class=\"elementor-element elementor-element-1a1b289 elementor-widget elementor-widget-heading\" data-id=\"1a1b289\" data-element_type=\"widget\" data-e-type=\"widget\" data-widget_type=\"heading.default\">\n\t\t\t\t<div class=\"elementor-widget-container\">\n\t\t\t\t\t<h1 class=\"elementor-heading-title elementor-size-default\">ATIVIDADES E PROJETOS<\/h1>\t\t\t\t<\/div>\n\t\t\t\t<\/div>\n\t\t\t\t\t<\/div>\n\t\t\t\t<\/div>\n\t\t<div class=\"elementor-element elementor-element-eada290 e-flex e-con-boxed e-con e-parent\" data-id=\"eada290\" data-element_type=\"container\" data-e-type=\"container\">\n\t\t\t\t\t<div class=\"e-con-inner\">\n\t\t\t\t<div class=\"elementor-element elementor-element-244af3c elementor-widget elementor-widget-text-editor\" data-id=\"244af3c\" data-element_type=\"widget\" data-e-type=\"widget\" data-widget_type=\"text-editor.default\">\n\t\t\t\t<div class=\"elementor-widget-container\">\n\t\t\t\t\t\t\t\t\t<h4><b>UMA EDUCA\u00c7\u00c3O QUE INSPIRA, TRANSFORMA E VAI AL\u00c9M DA SALA DE AULA<\/b><\/h4><p>No Col\u00e9gio Stella Maris, acreditamos que a educa\u00e7\u00e3o \u00e9 uma jornada de descobertas que acontece em todos os espa\u00e7os e momentos. Mais do que transmitir conhecimento, nossa miss\u00e3o \u00e9 despertar paix\u00f5es, cultivar talentos e formar cidad\u00e3os completos, preparados para florescer em um mundo de infinitas possibilidades.<\/p><p>\u00c9 por isso que nossa proposta pedag\u00f3gica se estende para al\u00e9m da sala de aula, atrav\u00e9s de um ecossistema vibrante de projetos e atividades que enriquecem o aprendizado e desenvolvem habilidades para a vida.<\/p><p>Desde os primeiros passos na Inicia\u00e7\u00e3o Cient\u00edfica e na Cultura Maker, onde a curiosidade se transforma em inova\u00e7\u00e3o, at\u00e9 o desenvolvimento da lideran\u00e7a e da cidadania em nosso Gr\u00eamio Estudantil e nos projetos de Empreendedorismo, cada iniciativa \u00e9 pensada para desafiar e engajar.<\/p><p>Nas artes, nossos alunos encontram sua voz no Teatro e no Projeto Stella Musical. Nos esportes, aprendem sobre disciplina e trabalho em equipe no Futebol, no V\u00f4lei e no Jud\u00f4. Na tecnologia, preparam-se para o futuro nos Clubes de Rob\u00f3tica e Programa\u00e7\u00e3o. E, em nosso Projeto Socioemocional e nas a\u00e7\u00f5es da Pastoral Escolar, cultivam a empatia, a resili\u00eancia e os valores que os guiar\u00e3o por toda a vida.<\/p><p>Cada projeto, cada atividade extracurricular e cada evento \u00e9 uma pe\u00e7a fundamental na constru\u00e7\u00e3o de uma educa\u00e7\u00e3o integral, que equilibra excel\u00eancia acad\u00eamica com a forma\u00e7\u00e3o do car\u00e1ter. Convidamos voc\u00ea a explorar e descobrir como, no Col\u00e9gio Stella Maris, o aprendizado ganha vida, forma e prop\u00f3sito todos os dias.<\/p><h4><b>CONHE\u00c7A ALGUMAS DAS NOSSAS ATIVIDADES E PROJETOS<\/b><\/h4><ul><li><a href=\"https:\/\/redeicm.org.br\/stellamaris\/iniciacao-cientifica\/\">Inicia\u00e7\u00e3o Cient\u00edfica: Feiras Externas Cient\u00edficas<\/a><\/li><li>Olimp\u00edadas do conhecimento<\/li><li>Cultura Maker<\/li><li>Extracurriculares<\/li><li>Empreendedorismo &#8211; Junior Achievement<\/li><li>Stella Musical<\/li><li>Projeto Socioemocional<\/li><li>Pastoral Escolar<\/li><li>Grupo de Jovens<\/li><li>Gr\u00eamio Estudantil<\/li><\/ul><div>\u00a0<\/div><div>\u00a0<\/div>\t\t\t\t\t\t\t\t<\/div>\n\t\t\t\t<\/div>\n\t\t\t\t\t<\/div>\n\t\t\t\t<\/div>\n\t\t\t\t<\/div>\n\t\t","protected":false},"excerpt":{"rendered":"<p>ATIVIDADES E PROJETOS UMA EDUCA\u00c7\u00c3O QUE INSPIRA, TRANSFORMA E VAI AL\u00c9M DA SALA DE AULA No Col\u00e9gio Stella Maris, acreditamos que a educa\u00e7\u00e3o \u00e9 uma jornada de descobertas que acontece em todos os espa\u00e7os e momentos. Mais do que transmitir conhecimento, nossa miss\u00e3o \u00e9 despertar paix\u00f5es, cultivar talentos e formar cidad\u00e3os completos, preparados para florescer [&hellip;]<\/p>\n","protected":false},"author":62,"featured_media":0,"parent":0,"menu_order":0,"comment_status":"closed","ping_status":"closed","template":"","meta":{"_acf_changed":false,"footnotes":""},"class_list":["post-1610","page","type-page","status-publish","hentry"],"acf":[],"yoast_head":"<!-- This site is optimized with the Yoast SEO plugin v26.3 - https:\/\/yoast.com\/wordpress\/plugins\/seo\/ -->\n<title>Atividades e Projetos - Col\u00e9gio Stella Maris | Rede ICM de educa\u00e7\u00e3o<\/title>\n<meta name=\"robots\" content=\"index, follow, max-snippet:-1, max-image-preview:large, max-video-preview:-1\" \/>\n<link rel=\"canonical\" href=\"https:\/\/redeicm.org.br\/stellamaris\/atividadeseprojetos\/\" \/>\n<meta property=\"og:locale\" content=\"pt_BR\" \/>\n<meta property=\"og:type\" content=\"article\" \/>\n<meta property=\"og:title\" content=\"Atividades e Projetos - Col\u00e9gio Stella Maris | Rede ICM de educa\u00e7\u00e3o\" \/>\n<meta property=\"og:description\" content=\"ATIVIDADES E PROJETOS UMA EDUCA\u00c7\u00c3O QUE INSPIRA, TRANSFORMA E VAI AL\u00c9M DA SALA DE AULA No Col\u00e9gio Stella Maris, acreditamos que a educa\u00e7\u00e3o \u00e9 uma jornada de descobertas que acontece em todos os espa\u00e7os e momentos. Mais do que transmitir conhecimento, nossa miss\u00e3o \u00e9 despertar paix\u00f5es, cultivar talentos e formar cidad\u00e3os completos, preparados para florescer [&hellip;]\" \/>\n<meta property=\"og:url\" content=\"https:\/\/redeicm.org.br\/stellamaris\/atividadeseprojetos\/\" \/>\n<meta property=\"og:site_name\" content=\"Col\u00e9gio Stella Maris | Rede ICM de educa\u00e7\u00e3o\" \/>\n<meta property=\"article:modified_time\" content=\"2025-09-05T11:08:06+00:00\" \/>\n<meta name=\"twitter:card\" content=\"summary_large_image\" \/>\n<meta name=\"twitter:label1\" content=\"Est. tempo de leitura\" \/>\n\t<meta name=\"twitter:data1\" content=\"2 minutos\" \/>\n<script type=\"application\/ld+json\" class=\"yoast-schema-graph\">{\"@context\":\"https:\/\/schema.org\",\"@graph\":[{\"@type\":\"WebPage\",\"@id\":\"https:\/\/redeicm.org.br\/stellamaris\/atividadeseprojetos\/\",\"url\":\"https:\/\/redeicm.org.br\/stellamaris\/atividadeseprojetos\/\",\"name\":\"Atividades e Projetos - Col\u00e9gio Stella Maris | Rede ICM de educa\u00e7\u00e3o\",\"isPartOf\":{\"@id\":\"https:\/\/redeicm.org.br\/stellamaris\/#website\"},\"datePublished\":\"2025-09-04T18:46:12+00:00\",\"dateModified\":\"2025-09-05T11:08:06+00:00\",\"breadcrumb\":{\"@id\":\"https:\/\/redeicm.org.br\/stellamaris\/atividadeseprojetos\/#breadcrumb\"},\"inLanguage\":\"pt-BR\",\"potentialAction\":[{\"@type\":\"ReadAction\",\"target\":[\"https:\/\/redeicm.org.br\/stellamaris\/atividadeseprojetos\/\"]}]},{\"@type\":\"BreadcrumbList\",\"@id\":\"https:\/\/redeicm.org.br\/stellamaris\/atividadeseprojetos\/#breadcrumb\",\"itemListElement\":[{\"@type\":\"ListItem\",\"position\":1,\"name\":\"In\u00edcio\",\"item\":\"https:\/\/redeicm.org.br\/stellamaris\/\"},{\"@type\":\"ListItem\",\"position\":2,\"name\":\"Atividades e Projetos\"}]},{\"@type\":\"WebSite\",\"@id\":\"https:\/\/redeicm.org.br\/stellamaris\/#website\",\"url\":\"https:\/\/redeicm.org.br\/stellamaris\/\",\"name\":\"Col\u00e9gio Stella Maris | Rede ICM de educa\u00e7\u00e3o\",\"description\":\"\",\"publisher\":{\"@id\":\"https:\/\/redeicm.org.br\/stellamaris\/#organization\"},\"potentialAction\":[{\"@type\":\"SearchAction\",\"target\":{\"@type\":\"EntryPoint\",\"urlTemplate\":\"https:\/\/redeicm.org.br\/stellamaris\/?s={search_term_string}\"},\"query-input\":{\"@type\":\"PropertyValueSpecification\",\"valueRequired\":true,\"valueName\":\"search_term_string\"}}],\"inLanguage\":\"pt-BR\"},{\"@type\":\"Organization\",\"@id\":\"https:\/\/redeicm.org.br\/stellamaris\/#organization\",\"name\":\"Col\u00e9gio Stella Maris | Rede ICM de educa\u00e7\u00e3o\",\"url\":\"https:\/\/redeicm.org.br\/stellamaris\/\",\"logo\":{\"@type\":\"ImageObject\",\"inLanguage\":\"pt-BR\",\"@id\":\"https:\/\/redeicm.org.br\/stellamaris\/#\/schema\/logo\/image\/\",\"url\":\"https:\/\/redeicm.org.br\/stellamaris\/wp-content\/uploads\/sites\/23\/2024\/08\/logo-icm-educacao-stella-maris-preferencial-cores.webp\",\"contentUrl\":\"https:\/\/redeicm.org.br\/stellamaris\/wp-content\/uploads\/sites\/23\/2024\/08\/logo-icm-educacao-stella-maris-preferencial-cores.webp\",\"width\":493,\"height\":185,\"caption\":\"Col\u00e9gio Stella Maris | Rede ICM de educa\u00e7\u00e3o\"},\"image\":{\"@id\":\"https:\/\/redeicm.org.br\/stellamaris\/#\/schema\/logo\/image\/\"}}]}<\/script>\n<!-- \/ Yoast SEO plugin. -->","yoast_head_json":{"title":"Atividades e Projetos - Col\u00e9gio Stella Maris | Rede ICM de educa\u00e7\u00e3o","robots":{"index":"index","follow":"follow","max-snippet":"max-snippet:-1","max-image-preview":"max-image-preview:large","max-video-preview":"max-video-preview:-1"},"canonical":"https:\/\/redeicm.org.br\/stellamaris\/atividadeseprojetos\/","og_locale":"pt_BR","og_type":"article","og_title":"Atividades e Projetos - Col\u00e9gio Stella Maris | Rede ICM de educa\u00e7\u00e3o","og_description":"ATIVIDADES E PROJETOS UMA EDUCA\u00c7\u00c3O QUE INSPIRA, TRANSFORMA E VAI AL\u00c9M DA SALA DE AULA No Col\u00e9gio Stella Maris, acreditamos que a educa\u00e7\u00e3o \u00e9 uma jornada de descobertas que acontece em todos os espa\u00e7os e momentos. Mais do que transmitir conhecimento, nossa miss\u00e3o \u00e9 despertar paix\u00f5es, cultivar talentos e formar cidad\u00e3os completos, preparados para florescer [&hellip;]","og_url":"https:\/\/redeicm.org.br\/stellamaris\/atividadeseprojetos\/","og_site_name":"Col\u00e9gio Stella Maris | Rede ICM de educa\u00e7\u00e3o","article_modified_time":"2025-09-05T11:08:06+00:00","twitter_card":"summary_large_image","twitter_misc":{"Est. tempo de leitura":"2 minutos"},"schema":{"@context":"https:\/\/schema.org","@graph":[{"@type":"WebPage","@id":"https:\/\/redeicm.org.br\/stellamaris\/atividadeseprojetos\/","url":"https:\/\/redeicm.org.br\/stellamaris\/atividadeseprojetos\/","name":"Atividades e Projetos - Col\u00e9gio Stella Maris | Rede ICM de educa\u00e7\u00e3o","isPartOf":{"@id":"https:\/\/redeicm.org.br\/stellamaris\/#website"},"datePublished":"2025-09-04T18:46:12+00:00","dateModified":"2025-09-05T11:08:06+00:00","breadcrumb":{"@id":"https:\/\/redeicm.org.br\/stellamaris\/atividadeseprojetos\/#breadcrumb"},"inLanguage":"pt-BR","potentialAction":[{"@type":"ReadAction","target":["https:\/\/redeicm.org.br\/stellamaris\/atividadeseprojetos\/"]}]},{"@type":"BreadcrumbList","@id":"https:\/\/redeicm.org.br\/stellamaris\/atividadeseprojetos\/#breadcrumb","itemListElement":[{"@type":"ListItem","position":1,"name":"In\u00edcio","item":"https:\/\/redeicm.org.br\/stellamaris\/"},{"@type":"ListItem","position":2,"name":"Atividades e Projetos"}]},{"@type":"WebSite","@id":"https:\/\/redeicm.org.br\/stellamaris\/#website","url":"https:\/\/redeicm.org.br\/stellamaris\/","name":"Col\u00e9gio Stella Maris | Rede ICM de educa\u00e7\u00e3o","description":"","publisher":{"@id":"https:\/\/redeicm.org.br\/stellamaris\/#organization"},"potentialAction":[{"@type":"SearchAction","target":{"@type":"EntryPoint","urlTemplate":"https:\/\/redeicm.org.br\/stellamaris\/?s={search_term_string}"},"query-input":{"@type":"PropertyValueSpecification","valueRequired":true,"valueName":"search_term_string"}}],"inLanguage":"pt-BR"},{"@type":"Organization","@id":"https:\/\/redeicm.org.br\/stellamaris\/#organization","name":"Col\u00e9gio Stella Maris | Rede ICM de educa\u00e7\u00e3o","url":"https:\/\/redeicm.org.br\/stellamaris\/","logo":{"@type":"ImageObject","inLanguage":"pt-BR","@id":"https:\/\/redeicm.org.br\/stellamaris\/#\/schema\/logo\/image\/","url":"https:\/\/redeicm.org.br\/stellamaris\/wp-content\/uploads\/sites\/23\/2024\/08\/logo-icm-educacao-stella-maris-preferencial-cores.webp","contentUrl":"https:\/\/redeicm.org.br\/stellamaris\/wp-content\/uploads\/sites\/23\/2024\/08\/logo-icm-educacao-stella-maris-preferencial-cores.webp","width":493,"height":185,"caption":"Col\u00e9gio Stella Maris | Rede ICM de educa\u00e7\u00e3o"},"image":{"@id":"https:\/\/redeicm.org.br\/stellamaris\/#\/schema\/logo\/image\/"}}]}},"_links":{"self":[{"href":"https:\/\/redeicm.org.br\/stellamaris\/wp-json\/wp\/v2\/pages\/1610","targetHints":{"allow":["GET"]}}],"collection":[{"href":"https:\/\/redeicm.org.br\/stellamaris\/wp-json\/wp\/v2\/pages"}],"about":[{"href":"https:\/\/redeicm.org.br\/stellamaris\/wp-json\/wp\/v2\/types\/page"}],"author":[{"embeddable":true,"href":"https:\/\/redeicm.org.br\/stellamaris\/wp-json\/wp\/v2\/users\/62"}],"replies":[{"embeddable":true,"href":"https:\/\/redeicm.org.br\/stellamaris\/wp-json\/wp\/v2\/comments?post=1610"}],"version-history":[{"count":7,"href":"https:\/\/redeicm.org.br\/stellamaris\/wp-json\/wp\/v2\/pages\/1610\/revisions"}],"predecessor-version":[{"id":1619,"href":"https:\/\/redeicm.org.br\/stellamaris\/wp-json\/wp\/v2\/pages\/1610\/revisions\/1619"}],"wp:attachment":[{"href":"https:\/\/redeicm.org.br\/stellamaris\/wp-json\/wp\/v2\/media?parent=1610"}],"curies":[{"name":"wp","href":"https:\/\/api.w.org\/{rel}","templated":true}]}}