{"id":1602,"date":"2025-09-04T15:20:29","date_gmt":"2025-09-04T18:20:29","guid":{"rendered":"https:\/\/redeicm.org.br\/stellamaris\/?page_id=1602"},"modified":"2025-09-05T16:19:28","modified_gmt":"2025-09-05T19:19:28","slug":"clubedeferias","status":"publish","type":"page","link":"https:\/\/redeicm.org.br\/stellamaris\/clubedeferias\/","title":{"rendered":"Clube de F\u00e9rias"},"content":{"rendered":"\t\t<div data-elementor-type=\"wp-page\" data-elementor-id=\"1602\" class=\"elementor elementor-1602\" data-elementor-post-type=\"page\">\n\t\t\t\t<div class=\"elementor-element elementor-element-642bd38 e-flex e-con-boxed e-con e-parent\" data-id=\"642bd38\" data-element_type=\"container\" data-e-type=\"container\" data-settings=\"{&quot;background_background&quot;:&quot;classic&quot;}\">\n\t\t\t\t\t<div class=\"e-con-inner\">\n\t\t\t\t<div class=\"elementor-element elementor-element-1a1b289 elementor-widget elementor-widget-heading\" data-id=\"1a1b289\" data-element_type=\"widget\" data-e-type=\"widget\" data-widget_type=\"heading.default\">\n\t\t\t\t<div class=\"elementor-widget-container\">\n\t\t\t\t\t<h1 class=\"elementor-heading-title elementor-size-default\">CLUBE DE F\u00c9RIAS<\/h1>\t\t\t\t<\/div>\n\t\t\t\t<\/div>\n\t\t\t\t\t<\/div>\n\t\t\t\t<\/div>\n\t\t<div class=\"elementor-element elementor-element-eada290 e-flex e-con-boxed e-con e-parent\" data-id=\"eada290\" data-element_type=\"container\" data-e-type=\"container\">\n\t\t\t\t\t<div class=\"e-con-inner\">\n\t\t\t\t<div class=\"elementor-element elementor-element-244af3c elementor-widget elementor-widget-text-editor\" data-id=\"244af3c\" data-element_type=\"widget\" data-e-type=\"widget\" data-widget_type=\"text-editor.default\">\n\t\t\t\t<div class=\"elementor-widget-container\">\n\t\t\t\t\t\t\t\t\t<h4><b>COL\u00c9GIO ABERTO O ANO INTEIRO<\/b><\/h4><p>O Clube de F\u00e9rias \u00e9 o nosso programa especial de recrea\u00e7\u00e3o que acontece durante os per\u00edodos de recesso escolar (janeiro e julho). O Col\u00e9gio permanece de portas abertas, oferecendo uma programa\u00e7\u00e3o repleta de brincadeiras, oficinas, esportes e atividades l\u00fadicas, com a seguran\u00e7a e o cuidado da nossa equipe.<\/p><h4>\u00a0<\/h4><h4><b>OBJETIVO<\/b><\/h4><p>Oferecer uma solu\u00e7\u00e3o pr\u00e1tica e confi\u00e1vel para as fam\u00edlias que precisam de suporte durante as f\u00e9rias, garantindo que as crian\u00e7as tenham um per\u00edodo de descanso divertido, criativo e de muita socializa\u00e7\u00e3o, em um ambiente que elas j\u00e1 conhecem e amam.<\/p><h4>\u00a0<\/h4><h4><b>HOR\u00c1RIO<\/b><\/h4><p>Segunda a sexta-feira, das 13:30 \u00e0s 18:00.\u00a0<br \/>*Contrata\u00e7\u00e3o \u00e0 parte.<\/p><h4>\u00a0<\/h4><h4><b>PER\u00cdODO DO ANO<\/b><\/h4><p>Recessos de julho, dezembro, janeiro e fevereiro.<br \/>*Fechado 2 dias do ano para forma\u00e7\u00e3o.<\/p><h4>\u00a0<\/h4><h4><b>PARA CONTRATAR O CLUBE DE F\u00c9RIAS<\/b><\/h4><p><b>Respons\u00e1vel pela Contrata\u00e7\u00e3o<br \/><\/b>Juliana Lessa de Fraga<br \/>E-mail: <a href=\"mailto:financeiro@colegiostellamaris.com.br\">financeiro@colegiostellamaris.com.br<\/a><\/p><p><b>Coordena\u00e7\u00e3o Pedag\u00f3gica do Turno Integral<br \/><\/b>Nathalia Coelho Caggiano<br \/>E-mail: <a href=\"mailto:nathalia.caggiano@colegiostellamaris.com.br\">nathalia.caggiano@colegiostellamaris.com.br<\/a><\/p>\t\t\t\t\t\t\t\t<\/div>\n\t\t\t\t<\/div>\n\t\t\t\t\t<\/div>\n\t\t\t\t<\/div>\n\t\t\t\t<\/div>\n\t\t","protected":false},"excerpt":{"rendered":"<p>CLUBE DE F\u00c9RIAS COL\u00c9GIO ABERTO O ANO INTEIRO O Clube de F\u00e9rias \u00e9 o nosso programa especial de recrea\u00e7\u00e3o que acontece durante os per\u00edodos de recesso escolar (janeiro e julho). O Col\u00e9gio permanece de portas abertas, oferecendo uma programa\u00e7\u00e3o repleta de brincadeiras, oficinas, esportes e atividades l\u00fadicas, com a seguran\u00e7a e o cuidado da nossa [&hellip;]<\/p>\n","protected":false},"author":62,"featured_media":0,"parent":0,"menu_order":0,"comment_status":"closed","ping_status":"closed","template":"","meta":{"_acf_changed":false,"footnotes":""},"class_list":["post-1602","page","type-page","status-publish","hentry"],"acf":[],"yoast_head":"<!-- This site is optimized with the Yoast SEO plugin v26.3 - https:\/\/yoast.com\/wordpress\/plugins\/seo\/ -->\n<title>Clube de F\u00e9rias - Col\u00e9gio Stella Maris | Rede ICM de educa\u00e7\u00e3o<\/title>\n<meta name=\"robots\" content=\"index, follow, max-snippet:-1, max-image-preview:large, max-video-preview:-1\" \/>\n<link rel=\"canonical\" href=\"https:\/\/redeicm.org.br\/stellamaris\/clubedeferias\/\" \/>\n<meta property=\"og:locale\" content=\"pt_BR\" \/>\n<meta property=\"og:type\" content=\"article\" \/>\n<meta property=\"og:title\" content=\"Clube de F\u00e9rias - Col\u00e9gio Stella Maris | Rede ICM de educa\u00e7\u00e3o\" \/>\n<meta property=\"og:description\" content=\"CLUBE DE F\u00c9RIAS COL\u00c9GIO ABERTO O ANO INTEIRO O Clube de F\u00e9rias \u00e9 o nosso programa especial de recrea\u00e7\u00e3o que acontece durante os per\u00edodos de recesso escolar (janeiro e julho). O Col\u00e9gio permanece de portas abertas, oferecendo uma programa\u00e7\u00e3o repleta de brincadeiras, oficinas, esportes e atividades l\u00fadicas, com a seguran\u00e7a e o cuidado da nossa [&hellip;]\" \/>\n<meta property=\"og:url\" content=\"https:\/\/redeicm.org.br\/stellamaris\/clubedeferias\/\" \/>\n<meta property=\"og:site_name\" content=\"Col\u00e9gio Stella Maris | Rede ICM de educa\u00e7\u00e3o\" \/>\n<meta property=\"article:modified_time\" content=\"2025-09-05T19:19:28+00:00\" \/>\n<meta name=\"twitter:card\" content=\"summary_large_image\" \/>\n<meta name=\"twitter:label1\" content=\"Est. tempo de leitura\" \/>\n\t<meta name=\"twitter:data1\" content=\"1 minuto\" \/>\n<script type=\"application\/ld+json\" class=\"yoast-schema-graph\">{\"@context\":\"https:\/\/schema.org\",\"@graph\":[{\"@type\":\"WebPage\",\"@id\":\"https:\/\/redeicm.org.br\/stellamaris\/clubedeferias\/\",\"url\":\"https:\/\/redeicm.org.br\/stellamaris\/clubedeferias\/\",\"name\":\"Clube de F\u00e9rias - Col\u00e9gio Stella Maris | Rede ICM de educa\u00e7\u00e3o\",\"isPartOf\":{\"@id\":\"https:\/\/redeicm.org.br\/stellamaris\/#website\"},\"datePublished\":\"2025-09-04T18:20:29+00:00\",\"dateModified\":\"2025-09-05T19:19:28+00:00\",\"breadcrumb\":{\"@id\":\"https:\/\/redeicm.org.br\/stellamaris\/clubedeferias\/#breadcrumb\"},\"inLanguage\":\"pt-BR\",\"potentialAction\":[{\"@type\":\"ReadAction\",\"target\":[\"https:\/\/redeicm.org.br\/stellamaris\/clubedeferias\/\"]}]},{\"@type\":\"BreadcrumbList\",\"@id\":\"https:\/\/redeicm.org.br\/stellamaris\/clubedeferias\/#breadcrumb\",\"itemListElement\":[{\"@type\":\"ListItem\",\"position\":1,\"name\":\"In\u00edcio\",\"item\":\"https:\/\/redeicm.org.br\/stellamaris\/\"},{\"@type\":\"ListItem\",\"position\":2,\"name\":\"Clube de F\u00e9rias\"}]},{\"@type\":\"WebSite\",\"@id\":\"https:\/\/redeicm.org.br\/stellamaris\/#website\",\"url\":\"https:\/\/redeicm.org.br\/stellamaris\/\",\"name\":\"Col\u00e9gio Stella Maris | Rede ICM de educa\u00e7\u00e3o\",\"description\":\"\",\"publisher\":{\"@id\":\"https:\/\/redeicm.org.br\/stellamaris\/#organization\"},\"potentialAction\":[{\"@type\":\"SearchAction\",\"target\":{\"@type\":\"EntryPoint\",\"urlTemplate\":\"https:\/\/redeicm.org.br\/stellamaris\/?s={search_term_string}\"},\"query-input\":{\"@type\":\"PropertyValueSpecification\",\"valueRequired\":true,\"valueName\":\"search_term_string\"}}],\"inLanguage\":\"pt-BR\"},{\"@type\":\"Organization\",\"@id\":\"https:\/\/redeicm.org.br\/stellamaris\/#organization\",\"name\":\"Col\u00e9gio Stella Maris | Rede ICM de educa\u00e7\u00e3o\",\"url\":\"https:\/\/redeicm.org.br\/stellamaris\/\",\"logo\":{\"@type\":\"ImageObject\",\"inLanguage\":\"pt-BR\",\"@id\":\"https:\/\/redeicm.org.br\/stellamaris\/#\/schema\/logo\/image\/\",\"url\":\"https:\/\/redeicm.org.br\/stellamaris\/wp-content\/uploads\/sites\/23\/2024\/08\/logo-icm-educacao-stella-maris-preferencial-cores.webp\",\"contentUrl\":\"https:\/\/redeicm.org.br\/stellamaris\/wp-content\/uploads\/sites\/23\/2024\/08\/logo-icm-educacao-stella-maris-preferencial-cores.webp\",\"width\":493,\"height\":185,\"caption\":\"Col\u00e9gio Stella Maris | Rede ICM de educa\u00e7\u00e3o\"},\"image\":{\"@id\":\"https:\/\/redeicm.org.br\/stellamaris\/#\/schema\/logo\/image\/\"}}]}<\/script>\n<!-- \/ Yoast SEO plugin. -->","yoast_head_json":{"title":"Clube de F\u00e9rias - Col\u00e9gio Stella Maris | Rede ICM de educa\u00e7\u00e3o","robots":{"index":"index","follow":"follow","max-snippet":"max-snippet:-1","max-image-preview":"max-image-preview:large","max-video-preview":"max-video-preview:-1"},"canonical":"https:\/\/redeicm.org.br\/stellamaris\/clubedeferias\/","og_locale":"pt_BR","og_type":"article","og_title":"Clube de F\u00e9rias - Col\u00e9gio Stella Maris | Rede ICM de educa\u00e7\u00e3o","og_description":"CLUBE DE F\u00c9RIAS COL\u00c9GIO ABERTO O ANO INTEIRO O Clube de F\u00e9rias \u00e9 o nosso programa especial de recrea\u00e7\u00e3o que acontece durante os per\u00edodos de recesso escolar (janeiro e julho). O Col\u00e9gio permanece de portas abertas, oferecendo uma programa\u00e7\u00e3o repleta de brincadeiras, oficinas, esportes e atividades l\u00fadicas, com a seguran\u00e7a e o cuidado da nossa [&hellip;]","og_url":"https:\/\/redeicm.org.br\/stellamaris\/clubedeferias\/","og_site_name":"Col\u00e9gio Stella Maris | Rede ICM de educa\u00e7\u00e3o","article_modified_time":"2025-09-05T19:19:28+00:00","twitter_card":"summary_large_image","twitter_misc":{"Est. tempo de leitura":"1 minuto"},"schema":{"@context":"https:\/\/schema.org","@graph":[{"@type":"WebPage","@id":"https:\/\/redeicm.org.br\/stellamaris\/clubedeferias\/","url":"https:\/\/redeicm.org.br\/stellamaris\/clubedeferias\/","name":"Clube de F\u00e9rias - Col\u00e9gio Stella Maris | Rede ICM de educa\u00e7\u00e3o","isPartOf":{"@id":"https:\/\/redeicm.org.br\/stellamaris\/#website"},"datePublished":"2025-09-04T18:20:29+00:00","dateModified":"2025-09-05T19:19:28+00:00","breadcrumb":{"@id":"https:\/\/redeicm.org.br\/stellamaris\/clubedeferias\/#breadcrumb"},"inLanguage":"pt-BR","potentialAction":[{"@type":"ReadAction","target":["https:\/\/redeicm.org.br\/stellamaris\/clubedeferias\/"]}]},{"@type":"BreadcrumbList","@id":"https:\/\/redeicm.org.br\/stellamaris\/clubedeferias\/#breadcrumb","itemListElement":[{"@type":"ListItem","position":1,"name":"In\u00edcio","item":"https:\/\/redeicm.org.br\/stellamaris\/"},{"@type":"ListItem","position":2,"name":"Clube de F\u00e9rias"}]},{"@type":"WebSite","@id":"https:\/\/redeicm.org.br\/stellamaris\/#website","url":"https:\/\/redeicm.org.br\/stellamaris\/","name":"Col\u00e9gio Stella Maris | Rede ICM de educa\u00e7\u00e3o","description":"","publisher":{"@id":"https:\/\/redeicm.org.br\/stellamaris\/#organization"},"potentialAction":[{"@type":"SearchAction","target":{"@type":"EntryPoint","urlTemplate":"https:\/\/redeicm.org.br\/stellamaris\/?s={search_term_string}"},"query-input":{"@type":"PropertyValueSpecification","valueRequired":true,"valueName":"search_term_string"}}],"inLanguage":"pt-BR"},{"@type":"Organization","@id":"https:\/\/redeicm.org.br\/stellamaris\/#organization","name":"Col\u00e9gio Stella Maris | Rede ICM de educa\u00e7\u00e3o","url":"https:\/\/redeicm.org.br\/stellamaris\/","logo":{"@type":"ImageObject","inLanguage":"pt-BR","@id":"https:\/\/redeicm.org.br\/stellamaris\/#\/schema\/logo\/image\/","url":"https:\/\/redeicm.org.br\/stellamaris\/wp-content\/uploads\/sites\/23\/2024\/08\/logo-icm-educacao-stella-maris-preferencial-cores.webp","contentUrl":"https:\/\/redeicm.org.br\/stellamaris\/wp-content\/uploads\/sites\/23\/2024\/08\/logo-icm-educacao-stella-maris-preferencial-cores.webp","width":493,"height":185,"caption":"Col\u00e9gio Stella Maris | Rede ICM de educa\u00e7\u00e3o"},"image":{"@id":"https:\/\/redeicm.org.br\/stellamaris\/#\/schema\/logo\/image\/"}}]}},"_links":{"self":[{"href":"https:\/\/redeicm.org.br\/stellamaris\/wp-json\/wp\/v2\/pages\/1602","targetHints":{"allow":["GET"]}}],"collection":[{"href":"https:\/\/redeicm.org.br\/stellamaris\/wp-json\/wp\/v2\/pages"}],"about":[{"href":"https:\/\/redeicm.org.br\/stellamaris\/wp-json\/wp\/v2\/types\/page"}],"author":[{"embeddable":true,"href":"https:\/\/redeicm.org.br\/stellamaris\/wp-json\/wp\/v2\/users\/62"}],"replies":[{"embeddable":true,"href":"https:\/\/redeicm.org.br\/stellamaris\/wp-json\/wp\/v2\/comments?post=1602"}],"version-history":[{"count":11,"href":"https:\/\/redeicm.org.br\/stellamaris\/wp-json\/wp\/v2\/pages\/1602\/revisions"}],"predecessor-version":[{"id":1821,"href":"https:\/\/redeicm.org.br\/stellamaris\/wp-json\/wp\/v2\/pages\/1602\/revisions\/1821"}],"wp:attachment":[{"href":"https:\/\/redeicm.org.br\/stellamaris\/wp-json\/wp\/v2\/media?parent=1602"}],"curies":[{"name":"wp","href":"https:\/\/api.w.org\/{rel}","templated":true}]}}