{"id":1509,"date":"2025-08-29T11:37:51","date_gmt":"2025-08-29T14:37:51","guid":{"rendered":"https:\/\/redeicm.org.br\/stellamaris\/?page_id=1509"},"modified":"2025-08-29T11:41:17","modified_gmt":"2025-08-29T14:41:17","slug":"docsmatricula","status":"publish","type":"page","link":"https:\/\/redeicm.org.br\/stellamaris\/docsmatricula\/","title":{"rendered":"Documentos Matr\u00edcula"},"content":{"rendered":"\t\t<div data-elementor-type=\"wp-page\" data-elementor-id=\"1509\" class=\"elementor elementor-1509\" data-elementor-post-type=\"page\">\n\t\t\t\t<div class=\"elementor-element elementor-element-444aba7 e-flex e-con-boxed e-con e-parent\" data-id=\"444aba7\" data-element_type=\"container\" data-e-type=\"container\" data-settings=\"{&quot;background_background&quot;:&quot;classic&quot;}\">\n\t\t\t\t\t<div class=\"e-con-inner\">\n\t\t\t\t<div class=\"elementor-element elementor-element-6a67da3 elementor-widget elementor-widget-heading\" data-id=\"6a67da3\" data-element_type=\"widget\" data-e-type=\"widget\" data-widget_type=\"heading.default\">\n\t\t\t\t<div class=\"elementor-widget-container\">\n\t\t\t\t\t<h1 class=\"elementor-heading-title elementor-size-default\">DOCUMENTOS PARA MATR\u00cdCULA\n<\/h1>\t\t\t\t<\/div>\n\t\t\t\t<\/div>\n\t\t\t\t\t<\/div>\n\t\t\t\t<\/div>\n\t\t<div class=\"elementor-element elementor-element-b490053 e-flex e-con-boxed e-con e-parent\" data-id=\"b490053\" data-element_type=\"container\" data-e-type=\"container\">\n\t\t\t\t\t<div class=\"e-con-inner\">\n\t\t\t\t\t<\/div>\n\t\t\t\t<\/div>\n\t\t<div class=\"elementor-element elementor-element-a826db5 e-flex e-con-boxed e-con e-parent\" data-id=\"a826db5\" data-element_type=\"container\" data-e-type=\"container\">\n\t\t\t\t\t<div class=\"e-con-inner\">\n\t\t<div class=\"elementor-element elementor-element-8e04159 e-con-full e-flex e-con e-child\" data-id=\"8e04159\" data-element_type=\"container\" data-e-type=\"container\">\n\t\t<div class=\"elementor-element elementor-element-873b8ee e-con-full e-flex e-con e-child\" data-id=\"873b8ee\" data-element_type=\"container\" data-e-type=\"container\">\n\t\t\t\t<div class=\"elementor-element elementor-element-bdebf4d elementor-headline--style-highlight elementor-widget elementor-widget-animated-headline\" data-id=\"bdebf4d\" data-element_type=\"widget\" data-e-type=\"widget\" data-settings=\"{&quot;highlighted_text&quot;:&quot;Matr\\u00edcula&quot;,&quot;headline_style&quot;:&quot;highlight&quot;,&quot;marker&quot;:&quot;circle&quot;,&quot;loop&quot;:&quot;yes&quot;,&quot;highlight_animation_duration&quot;:1200,&quot;highlight_iteration_delay&quot;:8000}\" data-widget_type=\"animated-headline.default\">\n\t\t\t\t<div class=\"elementor-widget-container\">\n\t\t\t\t\t\t\t<h3 class=\"elementor-headline\">\n\t\t\t\t\t<span class=\"elementor-headline-plain-text elementor-headline-text-wrapper\">Documenta\u00e7\u00e3o necess\u00e1ria para a <\/span>\n\t\t\t\t<span class=\"elementor-headline-dynamic-wrapper elementor-headline-text-wrapper\">\n\t\t\t\t\t<span class=\"elementor-headline-dynamic-text elementor-headline-text-active\">Matr\u00edcula<\/span>\n\t\t\t\t<\/span>\n\t\t\t\t<\/h3>\n\t\t\t\t\t\t<\/div>\n\t\t\t\t<\/div>\n\t\t\t\t<\/div>\n\t\t<div class=\"elementor-element elementor-element-1dd9d82 e-con-full e-flex e-con e-child\" data-id=\"1dd9d82\" data-element_type=\"container\" data-e-type=\"container\">\n\t\t\t\t<div class=\"elementor-element elementor-element-1537b16 elementor-widget elementor-widget-text-editor\" data-id=\"1537b16\" data-element_type=\"widget\" data-e-type=\"widget\" data-widget_type=\"text-editor.default\">\n\t\t\t\t<div class=\"elementor-widget-container\">\n\t\t\t\t\t\t\t\t\t<p><strong>Documenta\u00e7\u00e3o necess\u00e1ria para a matr\u00edcula:<\/strong>\u00a0<br \/>\u2022\u00a0 \u00a0 \u00a0 \u00a0 C\u00f3pia da Certid\u00e3o de Nascimento ou RG e CPF do estudante;<br \/>\u2022\u00a0 \u00a0 \u00a0 \u00a0 C\u00f3pia do RG e do CPF dos pais e\/ou respons\u00e1veis.;<br \/>\u2022\u00a0 \u00a0 \u00a0 \u00a0 C\u00f3pia do comprovante de endere\u00e7o atualizado;<br \/>\u2022\u00a0 \u00a0 \u00a0 \u00a0 Atestado de Escolaridade;<br \/>\u2022\u00a0 \u00a0 \u00a0 \u00a0 Hist\u00f3rico Escolar original (provisoriamente ser\u00e1 aceito o atestado de escolaridade, que dever\u00e1 ser substitu\u00eddo pelo Hist\u00f3rico Escolar Escolar at\u00e9 31\/01\/2026.<br \/>\u2022\u00a0 \u00a0 \u00a0 \u00a0 Ficha de Cadastro (fornecida pela escola) preenchida.\u00a0<\/p><p><strong>Enviar a documenta\u00e7\u00e3o para o e-mail:<\/strong> <a href=\"mailto:secretaria@colegiostellamaris.com.br\">secretaria@colegiostellamaris.com.br<\/a> ou pelo WhatsApp da escola 51 3485-1390.<\/p><p>\u00a0<\/p>\t\t\t\t\t\t\t\t<\/div>\n\t\t\t\t<\/div>\n\t\t\t\t<\/div>\n\t\t\t\t<\/div>\n\t\t\t\t<div class=\"elementor-element elementor-element-67f4fa0 elementor-widget elementor-widget-image\" data-id=\"67f4fa0\" data-element_type=\"widget\" data-e-type=\"widget\" data-widget_type=\"image.default\">\n\t\t\t\t<div class=\"elementor-widget-container\">\n\t\t\t\t\t\t\t\t\t\t\t\t\t\t\t<img fetchpriority=\"high\" decoding=\"async\" width=\"724\" height=\"1024\" src=\"https:\/\/redeicm.org.br\/stellamaris\/wp-content\/uploads\/sites\/23\/2025\/08\/Stelinha-a-direita-724x1024.jpeg\" class=\"attachment-large size-large wp-image-1481\" alt=\"\" srcset=\"https:\/\/redeicm.org.br\/stellamaris\/wp-content\/uploads\/sites\/23\/2025\/08\/Stelinha-a-direita-724x1024.jpeg 724w, https:\/\/redeicm.org.br\/stellamaris\/wp-content\/uploads\/sites\/23\/2025\/08\/Stelinha-a-direita-212x300.jpeg 212w, https:\/\/redeicm.org.br\/stellamaris\/wp-content\/uploads\/sites\/23\/2025\/08\/Stelinha-a-direita-768x1086.jpeg 768w, https:\/\/redeicm.org.br\/stellamaris\/wp-content\/uploads\/sites\/23\/2025\/08\/Stelinha-a-direita-1086x1536.jpeg 1086w, https:\/\/redeicm.org.br\/stellamaris\/wp-content\/uploads\/sites\/23\/2025\/08\/Stelinha-a-direita.jpeg 1131w\" sizes=\"(max-width: 724px) 100vw, 724px\" \/>\t\t\t\t\t\t\t\t\t\t\t\t\t\t\t<\/div>\n\t\t\t\t<\/div>\n\t\t\t\t\t<\/div>\n\t\t\t\t<\/div>\n\t\t\t\t<\/div>\n\t\t","protected":false},"excerpt":{"rendered":"<p>DOCUMENTOS PARA MATR\u00cdCULA Documenta\u00e7\u00e3o necess\u00e1ria para a Matr\u00edcula Documenta\u00e7\u00e3o necess\u00e1ria para a matr\u00edcula: \u2022\u00a0 \u00a0 \u00a0 \u00a0 C\u00f3pia da Certid\u00e3o de Nascimento ou RG e CPF do estudante; \u2022\u00a0 \u00a0 \u00a0 \u00a0 C\u00f3pia do RG e do CPF dos pais e\/ou respons\u00e1veis.; \u2022\u00a0 \u00a0 \u00a0 \u00a0 C\u00f3pia do comprovante de endere\u00e7o atualizado; \u2022\u00a0 \u00a0 \u00a0 [&hellip;]<\/p>\n","protected":false},"author":62,"featured_media":0,"parent":0,"menu_order":0,"comment_status":"closed","ping_status":"closed","template":"","meta":{"_acf_changed":false,"footnotes":""},"class_list":["post-1509","page","type-page","status-publish","hentry"],"acf":[],"yoast_head":"<!-- This site is optimized with the Yoast SEO plugin v26.3 - https:\/\/yoast.com\/wordpress\/plugins\/seo\/ -->\n<title>Documentos Matr\u00edcula - Col\u00e9gio Stella Maris | Rede ICM de educa\u00e7\u00e3o<\/title>\n<meta name=\"robots\" content=\"index, follow, max-snippet:-1, max-image-preview:large, max-video-preview:-1\" \/>\n<link rel=\"canonical\" href=\"https:\/\/redeicm.org.br\/stellamaris\/docsmatricula\/\" \/>\n<meta property=\"og:locale\" content=\"pt_BR\" \/>\n<meta property=\"og:type\" content=\"article\" \/>\n<meta property=\"og:title\" content=\"Documentos Matr\u00edcula - Col\u00e9gio Stella Maris | Rede ICM de educa\u00e7\u00e3o\" \/>\n<meta property=\"og:description\" content=\"DOCUMENTOS PARA MATR\u00cdCULA Documenta\u00e7\u00e3o necess\u00e1ria para a Matr\u00edcula Documenta\u00e7\u00e3o necess\u00e1ria para a matr\u00edcula: \u2022\u00a0 \u00a0 \u00a0 \u00a0 C\u00f3pia da Certid\u00e3o de Nascimento ou RG e CPF do estudante; \u2022\u00a0 \u00a0 \u00a0 \u00a0 C\u00f3pia do RG e do CPF dos pais e\/ou respons\u00e1veis.; \u2022\u00a0 \u00a0 \u00a0 \u00a0 C\u00f3pia do comprovante de endere\u00e7o atualizado; \u2022\u00a0 \u00a0 \u00a0 [&hellip;]\" \/>\n<meta property=\"og:url\" content=\"https:\/\/redeicm.org.br\/stellamaris\/docsmatricula\/\" \/>\n<meta property=\"og:site_name\" content=\"Col\u00e9gio Stella Maris | Rede ICM de educa\u00e7\u00e3o\" \/>\n<meta property=\"article:modified_time\" content=\"2025-08-29T14:41:17+00:00\" \/>\n<meta property=\"og:image\" content=\"https:\/\/redeicm.org.br\/stellamaris\/wp-content\/uploads\/sites\/23\/2025\/08\/Stelinha-a-direita-724x1024.jpeg\" \/>\n<meta name=\"twitter:card\" content=\"summary_large_image\" \/>\n<meta name=\"twitter:label1\" content=\"Est. tempo de leitura\" \/>\n\t<meta name=\"twitter:data1\" content=\"1 minuto\" \/>\n<script type=\"application\/ld+json\" class=\"yoast-schema-graph\">{\"@context\":\"https:\/\/schema.org\",\"@graph\":[{\"@type\":\"WebPage\",\"@id\":\"https:\/\/redeicm.org.br\/stellamaris\/docsmatricula\/\",\"url\":\"https:\/\/redeicm.org.br\/stellamaris\/docsmatricula\/\",\"name\":\"Documentos Matr\u00edcula - Col\u00e9gio Stella Maris | Rede ICM de educa\u00e7\u00e3o\",\"isPartOf\":{\"@id\":\"https:\/\/redeicm.org.br\/stellamaris\/#website\"},\"primaryImageOfPage\":{\"@id\":\"https:\/\/redeicm.org.br\/stellamaris\/docsmatricula\/#primaryimage\"},\"image\":{\"@id\":\"https:\/\/redeicm.org.br\/stellamaris\/docsmatricula\/#primaryimage\"},\"thumbnailUrl\":\"https:\/\/redeicm.org.br\/stellamaris\/wp-content\/uploads\/sites\/23\/2025\/08\/Stelinha-a-direita-724x1024.jpeg\",\"datePublished\":\"2025-08-29T14:37:51+00:00\",\"dateModified\":\"2025-08-29T14:41:17+00:00\",\"breadcrumb\":{\"@id\":\"https:\/\/redeicm.org.br\/stellamaris\/docsmatricula\/#breadcrumb\"},\"inLanguage\":\"pt-BR\",\"potentialAction\":[{\"@type\":\"ReadAction\",\"target\":[\"https:\/\/redeicm.org.br\/stellamaris\/docsmatricula\/\"]}]},{\"@type\":\"ImageObject\",\"inLanguage\":\"pt-BR\",\"@id\":\"https:\/\/redeicm.org.br\/stellamaris\/docsmatricula\/#primaryimage\",\"url\":\"https:\/\/redeicm.org.br\/stellamaris\/wp-content\/uploads\/sites\/23\/2025\/08\/Stelinha-a-direita.jpeg\",\"contentUrl\":\"https:\/\/redeicm.org.br\/stellamaris\/wp-content\/uploads\/sites\/23\/2025\/08\/Stelinha-a-direita.jpeg\",\"width\":1131,\"height\":1600},{\"@type\":\"BreadcrumbList\",\"@id\":\"https:\/\/redeicm.org.br\/stellamaris\/docsmatricula\/#breadcrumb\",\"itemListElement\":[{\"@type\":\"ListItem\",\"position\":1,\"name\":\"In\u00edcio\",\"item\":\"https:\/\/redeicm.org.br\/stellamaris\/\"},{\"@type\":\"ListItem\",\"position\":2,\"name\":\"Documentos Matr\u00edcula\"}]},{\"@type\":\"WebSite\",\"@id\":\"https:\/\/redeicm.org.br\/stellamaris\/#website\",\"url\":\"https:\/\/redeicm.org.br\/stellamaris\/\",\"name\":\"Col\u00e9gio Stella Maris | Rede ICM de educa\u00e7\u00e3o\",\"description\":\"\",\"publisher\":{\"@id\":\"https:\/\/redeicm.org.br\/stellamaris\/#organization\"},\"potentialAction\":[{\"@type\":\"SearchAction\",\"target\":{\"@type\":\"EntryPoint\",\"urlTemplate\":\"https:\/\/redeicm.org.br\/stellamaris\/?s={search_term_string}\"},\"query-input\":{\"@type\":\"PropertyValueSpecification\",\"valueRequired\":true,\"valueName\":\"search_term_string\"}}],\"inLanguage\":\"pt-BR\"},{\"@type\":\"Organization\",\"@id\":\"https:\/\/redeicm.org.br\/stellamaris\/#organization\",\"name\":\"Col\u00e9gio Stella Maris | Rede ICM de educa\u00e7\u00e3o\",\"url\":\"https:\/\/redeicm.org.br\/stellamaris\/\",\"logo\":{\"@type\":\"ImageObject\",\"inLanguage\":\"pt-BR\",\"@id\":\"https:\/\/redeicm.org.br\/stellamaris\/#\/schema\/logo\/image\/\",\"url\":\"https:\/\/redeicm.org.br\/stellamaris\/wp-content\/uploads\/sites\/23\/2024\/08\/logo-icm-educacao-stella-maris-preferencial-cores.webp\",\"contentUrl\":\"https:\/\/redeicm.org.br\/stellamaris\/wp-content\/uploads\/sites\/23\/2024\/08\/logo-icm-educacao-stella-maris-preferencial-cores.webp\",\"width\":493,\"height\":185,\"caption\":\"Col\u00e9gio Stella Maris | Rede ICM de educa\u00e7\u00e3o\"},\"image\":{\"@id\":\"https:\/\/redeicm.org.br\/stellamaris\/#\/schema\/logo\/image\/\"}}]}<\/script>\n<!-- \/ Yoast SEO plugin. -->","yoast_head_json":{"title":"Documentos Matr\u00edcula - Col\u00e9gio Stella Maris | Rede ICM de educa\u00e7\u00e3o","robots":{"index":"index","follow":"follow","max-snippet":"max-snippet:-1","max-image-preview":"max-image-preview:large","max-video-preview":"max-video-preview:-1"},"canonical":"https:\/\/redeicm.org.br\/stellamaris\/docsmatricula\/","og_locale":"pt_BR","og_type":"article","og_title":"Documentos Matr\u00edcula - Col\u00e9gio Stella Maris | Rede ICM de educa\u00e7\u00e3o","og_description":"DOCUMENTOS PARA MATR\u00cdCULA Documenta\u00e7\u00e3o necess\u00e1ria para a Matr\u00edcula Documenta\u00e7\u00e3o necess\u00e1ria para a matr\u00edcula: \u2022\u00a0 \u00a0 \u00a0 \u00a0 C\u00f3pia da Certid\u00e3o de Nascimento ou RG e CPF do estudante; \u2022\u00a0 \u00a0 \u00a0 \u00a0 C\u00f3pia do RG e do CPF dos pais e\/ou respons\u00e1veis.; \u2022\u00a0 \u00a0 \u00a0 \u00a0 C\u00f3pia do comprovante de endere\u00e7o atualizado; \u2022\u00a0 \u00a0 \u00a0 [&hellip;]","og_url":"https:\/\/redeicm.org.br\/stellamaris\/docsmatricula\/","og_site_name":"Col\u00e9gio Stella Maris | Rede ICM de educa\u00e7\u00e3o","article_modified_time":"2025-08-29T14:41:17+00:00","og_image":[{"url":"https:\/\/redeicm.org.br\/stellamaris\/wp-content\/uploads\/sites\/23\/2025\/08\/Stelinha-a-direita-724x1024.jpeg","type":"","width":"","height":""}],"twitter_card":"summary_large_image","twitter_misc":{"Est. tempo de leitura":"1 minuto"},"schema":{"@context":"https:\/\/schema.org","@graph":[{"@type":"WebPage","@id":"https:\/\/redeicm.org.br\/stellamaris\/docsmatricula\/","url":"https:\/\/redeicm.org.br\/stellamaris\/docsmatricula\/","name":"Documentos Matr\u00edcula - Col\u00e9gio Stella Maris | Rede ICM de educa\u00e7\u00e3o","isPartOf":{"@id":"https:\/\/redeicm.org.br\/stellamaris\/#website"},"primaryImageOfPage":{"@id":"https:\/\/redeicm.org.br\/stellamaris\/docsmatricula\/#primaryimage"},"image":{"@id":"https:\/\/redeicm.org.br\/stellamaris\/docsmatricula\/#primaryimage"},"thumbnailUrl":"https:\/\/redeicm.org.br\/stellamaris\/wp-content\/uploads\/sites\/23\/2025\/08\/Stelinha-a-direita-724x1024.jpeg","datePublished":"2025-08-29T14:37:51+00:00","dateModified":"2025-08-29T14:41:17+00:00","breadcrumb":{"@id":"https:\/\/redeicm.org.br\/stellamaris\/docsmatricula\/#breadcrumb"},"inLanguage":"pt-BR","potentialAction":[{"@type":"ReadAction","target":["https:\/\/redeicm.org.br\/stellamaris\/docsmatricula\/"]}]},{"@type":"ImageObject","inLanguage":"pt-BR","@id":"https:\/\/redeicm.org.br\/stellamaris\/docsmatricula\/#primaryimage","url":"https:\/\/redeicm.org.br\/stellamaris\/wp-content\/uploads\/sites\/23\/2025\/08\/Stelinha-a-direita.jpeg","contentUrl":"https:\/\/redeicm.org.br\/stellamaris\/wp-content\/uploads\/sites\/23\/2025\/08\/Stelinha-a-direita.jpeg","width":1131,"height":1600},{"@type":"BreadcrumbList","@id":"https:\/\/redeicm.org.br\/stellamaris\/docsmatricula\/#breadcrumb","itemListElement":[{"@type":"ListItem","position":1,"name":"In\u00edcio","item":"https:\/\/redeicm.org.br\/stellamaris\/"},{"@type":"ListItem","position":2,"name":"Documentos Matr\u00edcula"}]},{"@type":"WebSite","@id":"https:\/\/redeicm.org.br\/stellamaris\/#website","url":"https:\/\/redeicm.org.br\/stellamaris\/","name":"Col\u00e9gio Stella Maris | Rede ICM de educa\u00e7\u00e3o","description":"","publisher":{"@id":"https:\/\/redeicm.org.br\/stellamaris\/#organization"},"potentialAction":[{"@type":"SearchAction","target":{"@type":"EntryPoint","urlTemplate":"https:\/\/redeicm.org.br\/stellamaris\/?s={search_term_string}"},"query-input":{"@type":"PropertyValueSpecification","valueRequired":true,"valueName":"search_term_string"}}],"inLanguage":"pt-BR"},{"@type":"Organization","@id":"https:\/\/redeicm.org.br\/stellamaris\/#organization","name":"Col\u00e9gio Stella Maris | Rede ICM de educa\u00e7\u00e3o","url":"https:\/\/redeicm.org.br\/stellamaris\/","logo":{"@type":"ImageObject","inLanguage":"pt-BR","@id":"https:\/\/redeicm.org.br\/stellamaris\/#\/schema\/logo\/image\/","url":"https:\/\/redeicm.org.br\/stellamaris\/wp-content\/uploads\/sites\/23\/2024\/08\/logo-icm-educacao-stella-maris-preferencial-cores.webp","contentUrl":"https:\/\/redeicm.org.br\/stellamaris\/wp-content\/uploads\/sites\/23\/2024\/08\/logo-icm-educacao-stella-maris-preferencial-cores.webp","width":493,"height":185,"caption":"Col\u00e9gio Stella Maris | Rede ICM de educa\u00e7\u00e3o"},"image":{"@id":"https:\/\/redeicm.org.br\/stellamaris\/#\/schema\/logo\/image\/"}}]}},"_links":{"self":[{"href":"https:\/\/redeicm.org.br\/stellamaris\/wp-json\/wp\/v2\/pages\/1509","targetHints":{"allow":["GET"]}}],"collection":[{"href":"https:\/\/redeicm.org.br\/stellamaris\/wp-json\/wp\/v2\/pages"}],"about":[{"href":"https:\/\/redeicm.org.br\/stellamaris\/wp-json\/wp\/v2\/types\/page"}],"author":[{"embeddable":true,"href":"https:\/\/redeicm.org.br\/stellamaris\/wp-json\/wp\/v2\/users\/62"}],"replies":[{"embeddable":true,"href":"https:\/\/redeicm.org.br\/stellamaris\/wp-json\/wp\/v2\/comments?post=1509"}],"version-history":[{"count":8,"href":"https:\/\/redeicm.org.br\/stellamaris\/wp-json\/wp\/v2\/pages\/1509\/revisions"}],"predecessor-version":[{"id":1518,"href":"https:\/\/redeicm.org.br\/stellamaris\/wp-json\/wp\/v2\/pages\/1509\/revisions\/1518"}],"wp:attachment":[{"href":"https:\/\/redeicm.org.br\/stellamaris\/wp-json\/wp\/v2\/media?parent=1509"}],"curies":[{"name":"wp","href":"https:\/\/api.w.org\/{rel}","templated":true}]}}