{"id":122,"date":"2024-08-16T16:02:58","date_gmt":"2024-08-16T19:02:58","guid":{"rendered":"https:\/\/redeicm.org.br\/stellamaris\/setores\/"},"modified":"2025-09-09T07:47:56","modified_gmt":"2025-09-09T10:47:56","slug":"setores","status":"publish","type":"page","link":"https:\/\/redeicm.org.br\/stellamaris\/setores\/","title":{"rendered":"Setores"},"content":{"rendered":"\t\t<div data-elementor-type=\"wp-page\" data-elementor-id=\"122\" class=\"elementor elementor-122\" data-elementor-post-type=\"page\">\n\t\t\t\t<div class=\"elementor-element elementor-element-7f53c1a9 e-flex e-con-boxed e-con e-parent\" data-id=\"7f53c1a9\" data-element_type=\"container\" data-e-type=\"container\" data-settings=\"{&quot;background_background&quot;:&quot;classic&quot;}\">\n\t\t\t\t\t<div class=\"e-con-inner\">\n\t\t\t\t<div class=\"elementor-element elementor-element-48242c18 elementor-widget elementor-widget-heading\" data-id=\"48242c18\" data-element_type=\"widget\" data-e-type=\"widget\" data-widget_type=\"heading.default\">\n\t\t\t\t<div class=\"elementor-widget-container\">\n\t\t\t\t\t<h1 class=\"elementor-heading-title elementor-size-default\">NOSSOS SETORES: UMA EQUIPE DEDICADA AO DESENVOLVIMENTO INTEGRAL<\/h1>\t\t\t\t<\/div>\n\t\t\t\t<\/div>\n\t\t\t\t\t<\/div>\n\t\t\t\t<\/div>\n\t\t<div class=\"elementor-element elementor-element-714c9f97 e-con-full e-flex e-con e-parent\" data-id=\"714c9f97\" data-element_type=\"container\" data-e-type=\"container\" id=\"sop\">\n\t\t<div class=\"elementor-element elementor-element-73813380 e-flex e-con-boxed e-con e-child\" data-id=\"73813380\" data-element_type=\"container\" data-e-type=\"container\">\n\t\t\t\t\t<div class=\"e-con-inner\">\n\t\t<div class=\"elementor-element elementor-element-48116ab3 e-flex e-con-boxed elementor-invisible e-con e-child\" data-id=\"48116ab3\" data-element_type=\"container\" data-e-type=\"container\" data-settings=\"{&quot;animation&quot;:&quot;fadeInUp&quot;}\">\n\t\t\t\t\t<div class=\"e-con-inner\">\n\t\t\t\t<div class=\"elementor-element elementor-element-5e4ed955 elementor-widget elementor-widget-text-editor\" data-id=\"5e4ed955\" data-element_type=\"widget\" data-e-type=\"widget\" data-widget_type=\"text-editor.default\">\n\t\t\t\t<div class=\"elementor-widget-container\">\n\t\t\t\t\t\t\t\t\t<p>Conhe\u00e7a os setores que comp\u00f5em o Col\u00e9gio Stella Maris. Cada um deles trabalha de forma integrada para garantir o melhor ambiente de aprendizagem, acolhimento e desenvolvimento para nossos alunos, em sintonia com as fam\u00edlias e nossa proposta educacional.<\/p><h4>\u00a0<\/h4><h4><strong>COORDENA\u00c7\u00c3O PEDAG\u00d3GICA (SCP)<\/strong><\/h4><p><b>Objetivo do Setor\u00a0<\/b><\/p><p>A Coordena\u00e7\u00e3o Pedag\u00f3gica atua como elo fundamental no processo educativo, oferecendo suporte a educadores e alunos para o aprimoramento cont\u00ednuo das pr\u00e1ticas em sala de aula. O setor orienta o planejamento pedag\u00f3gico, promove a forma\u00e7\u00e3o docente e assegura que nossa proposta educacional seja vivenciada em sua plenitude, garantindo um ensino de excel\u00eancia e alinhado aos nossos valores.<\/p><p><b>Respons\u00e1vel:<\/b> Nathalia Caggiano: Educa\u00e7\u00e3o Infantil e Ensino Fundamental I \u2013 Anos Iniciais.<\/p><p><strong>E-mail:<\/strong> <span style=\"text-decoration: underline\"><a href=\"mailto:nathalia.caggiano@colegiostellamaris.com.br\">nathalia.caggiano@colegiostellamaris.com.br<\/a><\/span><\/p><p><b>Respons\u00e1vel: <\/b>Miriam Rios: Ensino Fundamental II \u2013 Anos Finais e Ensino M\u00e9dio.<\/p><p><strong>E-mail:<\/strong> <a href=\"mailto:miriam.rios@colegiostellamaris.com.br\"><span style=\"text-decoration: underline\">miriam.rios@colegiostellamaris.com.br<\/span><\/a><\/p><h4>\u00a0<\/h4><h4><strong>ORIENTA\u00c7\u00c3O EDUCACIONAL (SOE)<\/strong><\/h4><p><b>Objetivo do Setor<\/b><\/p><p>O Servi\u00e7o de Orienta\u00e7\u00e3o Educacional tem como miss\u00e3o o cuidado integral do aluno, assessorando-o em seu desenvolvimento pessoal, social e emocional. Atrav\u00e9s de um trabalho preventivo e educativo, o SOE promove o autoconhecimento, a boa conviv\u00eancia e oferece suporte individual ou em grupo para que os estudantes superem dificuldades, realizem seu potencial e construam um projeto de vida s\u00f3lido e feliz.<\/p><p><b>Respons\u00e1veis e Contatos<\/b><\/p><p><b>Respons\u00e1vel:<\/b> Cati\u00facia Ferreira (8\u00ba e 9\u00ba ano do Ensino Fundamental e Ensino M\u00e9dio):<\/p><p><strong>E-mail:<\/strong><a href=\"mailto:catiucia.ferreira@colegiostellamaris.com.br\"><span style=\"text-decoration: underline\">catiucia.ferreira@colegiostellamaris.com.br<\/span><\/a><\/p><p><b>Respons\u00e1vel:<\/b> Debora Oliveira (1\u00ba ao 7\u00ba ano do Ensino Fundamental):<\/p><p><strong>E-mail<\/strong>: <a href=\"mailto:debora.oliveira@colegiostellamaris.com.br\"><span style=\"text-decoration: underline\">debora.oliveira@colegiostellamaris.com.br<\/span><\/a><\/p><p><b>Respons\u00e1vel:<\/b> Juliane Santanna (Educa\u00e7\u00e3o Infantil ao 3\u00ba ano do Ensino Fundamental):<\/p><p><strong>E-mail:<\/strong> <a href=\"mailto:juliane.santanna@colegiostellamaris.com.br\"><span style=\"text-decoration: underline\">juliane.santanna@colegiostellamaris.com.br<\/span><\/a><\/p><h4>\u00a0<\/h4><h4><strong>PASTORAL ESCOLAR<\/strong><\/h4><p><b>Objetivo do Setor<\/b><\/p><p>A Pastoral Escolar \u00e9 o cora\u00e7\u00e3o da nossa identidade confessional, respons\u00e1vel por zelar e dinamizar os valores humanos e crist\u00e3os em toda a comunidade educativa. O setor promove a viv\u00eancia da f\u00e9 e da espiritualidade, anuncia a proposta de Jesus Cristo e coordena o Ensino Religioso, buscando criar um ambiente de di\u00e1logo, solidariedade e fraternidade, onde cada pessoa se sinta motivada a construir um mundo mais justo e humano.<\/p><p><b>Respons\u00e1vel:<\/b> S\u00f4nia Maria Ramos de Abreu\u00a0<\/p><p><strong>E-mail:<\/strong> <a href=\"mailto:sonia.abreu@colegiostellamaris.com.br\"><span style=\"text-decoration: underline\">sonia.abreu@colegiostellamaris.com.br<\/span><\/a><\/p><h4>\u00a0<\/h4><h4><b>SECRETARIA<\/b><\/h4><p><b>Objetivo do Setor<\/b><\/p><p>A Secretaria \u00e9 o setor respons\u00e1vel pela gest\u00e3o de toda a documenta\u00e7\u00e3o escolar dos alunos, garantindo a organiza\u00e7\u00e3o e a regularidade dos registros acad\u00eamicos. \u00c9 o ponto de apoio para matr\u00edculas, transfer\u00eancias, emiss\u00e3o de hist\u00f3ricos, declara\u00e7\u00f5es e outros documentos oficiais.<\/p><p><b>Respons\u00e1vel:<\/b> Sandra de Almeida Viegas<\/p><p><strong>E-mail:<\/strong> <span style=\"text-decoration: underline\">s<a href=\"mailto:ecretaria@colegiostellamaris.com.br\">ecretaria@colegiostellamaris.com.br<\/a><\/span>\u00a0<\/p><p><b>Hor\u00e1rio de Funcionamento: <\/b>Segunda a sexta-feira, das 8h \u00e0s 12h e das 13h30 \u00e0s 17h30.<\/p><h4>\u00a0<\/h4><h4><b>FINANCEIRO<\/b><\/h4><p><b>Objetivo do Setor<\/b><\/p><p>O setor Financeiro \u00e9 respons\u00e1vel por administrar as quest\u00f5es relacionadas \u00e0s mensalidades e outras taxas escolares. Oferece suporte \u00e0s fam\u00edlias para esclarecimento de d\u00favidas, negocia\u00e7\u00f5es e organiza\u00e7\u00e3o dos pagamentos, garantindo um atendimento claro e eficiente.<\/p><p><b>Respons\u00e1vel:<\/b> Juliana Lessa de Fraga<\/p><p><strong>E-mail:<\/strong> <span style=\"text-decoration: underline\"><a href=\"mailto:financeiro@colegiostellamaris.com.br\">financeiro@colegiostellamaris.com.br<\/a><\/span><\/p><p><b>Hor\u00e1rio de Funcionamento: <\/b>Segunda a sexta-feira, das 8h \u00e0s 12h e das 13h30 \u00e0s 17h30.<\/p><h4>\u00a0<\/h4><h4><strong>BIBLIOTECA MONTEIRO LOBATO<\/strong><\/h4><p><b>Objetivo do Setor<\/b><\/p><p>Nossa biblioteca \u00e9 um centro vivo de cultura, pesquisa e incentivo \u00e0 leitura. Com um vasto acervo, o espa\u00e7o tem como objetivo apoiar o trabalho pedag\u00f3gico, estimular a curiosidade intelectual e formar leitores apaixonados, oferecendo um ambiente acolhedor para o estudo e a descoberta do conhecimento.<\/p><p><b>Respons\u00e1vel:<\/b> Taiana Fagundes Bicca<\/p><p><strong>E-mail:<\/strong> <a href=\"mailto:biblioteca@colegiostellamaris.com.br\"><span style=\"text-decoration: underline\">biblioteca@colegiostellamaris.com.br<\/span><\/a><\/p><p><b>Hor\u00e1rio de Funcionamento: <\/b>Segunda a sexta-feira, das 8h30 \u00e0s 12h e das 13h30 \u00e0s 17h.<\/p>\t\t\t\t\t\t\t\t<\/div>\n\t\t\t\t<\/div>\n\t\t\t\t\t<\/div>\n\t\t\t\t<\/div>\n\t\t\t\t\t<\/div>\n\t\t\t\t<\/div>\n\t\t\t\t<\/div>\n\t\t\t\t<\/div>\n\t\t","protected":false},"excerpt":{"rendered":"<p>NOSSOS SETORES: UMA EQUIPE DEDICADA AO DESENVOLVIMENTO INTEGRAL Conhe\u00e7a os setores que comp\u00f5em o Col\u00e9gio Stella Maris. Cada um deles trabalha de forma integrada para garantir o melhor ambiente de aprendizagem, acolhimento e desenvolvimento para nossos alunos, em sintonia com as fam\u00edlias e nossa proposta educacional. \u00a0 COORDENA\u00c7\u00c3O PEDAG\u00d3GICA (SCP) Objetivo do Setor\u00a0 A Coordena\u00e7\u00e3o [&hellip;]<\/p>\n","protected":false},"author":1,"featured_media":126,"parent":0,"menu_order":0,"comment_status":"closed","ping_status":"closed","template":"","meta":{"_acf_changed":false,"footnotes":""},"class_list":["post-122","page","type-page","status-publish","has-post-thumbnail","hentry"],"acf":[],"yoast_head":"<!-- This site is optimized with the Yoast SEO plugin v26.3 - https:\/\/yoast.com\/wordpress\/plugins\/seo\/ -->\n<title>Setores - Col\u00e9gio Stella Maris | Rede ICM de educa\u00e7\u00e3o<\/title>\n<meta name=\"robots\" content=\"index, follow, max-snippet:-1, max-image-preview:large, max-video-preview:-1\" \/>\n<link rel=\"canonical\" href=\"https:\/\/redeicm.org.br\/stellamaris\/setores\/\" \/>\n<meta property=\"og:locale\" content=\"pt_BR\" \/>\n<meta property=\"og:type\" content=\"article\" \/>\n<meta property=\"og:title\" content=\"Setores - Col\u00e9gio Stella Maris | Rede ICM de educa\u00e7\u00e3o\" \/>\n<meta property=\"og:description\" content=\"NOSSOS SETORES: UMA EQUIPE DEDICADA AO DESENVOLVIMENTO INTEGRAL Conhe\u00e7a os setores que comp\u00f5em o Col\u00e9gio Stella Maris. Cada um deles trabalha de forma integrada para garantir o melhor ambiente de aprendizagem, acolhimento e desenvolvimento para nossos alunos, em sintonia com as fam\u00edlias e nossa proposta educacional. \u00a0 COORDENA\u00c7\u00c3O PEDAG\u00d3GICA (SCP) Objetivo do Setor\u00a0 A Coordena\u00e7\u00e3o [&hellip;]\" \/>\n<meta property=\"og:url\" content=\"https:\/\/redeicm.org.br\/stellamaris\/setores\/\" \/>\n<meta property=\"og:site_name\" content=\"Col\u00e9gio Stella Maris | Rede ICM de educa\u00e7\u00e3o\" \/>\n<meta property=\"article:modified_time\" content=\"2025-09-09T10:47:56+00:00\" \/>\n<meta property=\"og:image\" content=\"https:\/\/redeicm.org.br\/stellamaris\/wp-content\/uploads\/sites\/23\/2024\/08\/banner-direcao.jpg\" \/>\n\t<meta property=\"og:image:width\" content=\"1440\" \/>\n\t<meta property=\"og:image:height\" content=\"400\" \/>\n\t<meta property=\"og:image:type\" content=\"image\/jpeg\" \/>\n<meta name=\"twitter:card\" content=\"summary_large_image\" \/>\n<meta name=\"twitter:label1\" content=\"Est. tempo de leitura\" \/>\n\t<meta name=\"twitter:data1\" content=\"3 minutos\" \/>\n<script type=\"application\/ld+json\" class=\"yoast-schema-graph\">{\"@context\":\"https:\/\/schema.org\",\"@graph\":[{\"@type\":\"WebPage\",\"@id\":\"https:\/\/redeicm.org.br\/stellamaris\/setores\/\",\"url\":\"https:\/\/redeicm.org.br\/stellamaris\/setores\/\",\"name\":\"Setores - Col\u00e9gio Stella Maris | Rede ICM de educa\u00e7\u00e3o\",\"isPartOf\":{\"@id\":\"https:\/\/redeicm.org.br\/stellamaris\/#website\"},\"primaryImageOfPage\":{\"@id\":\"https:\/\/redeicm.org.br\/stellamaris\/setores\/#primaryimage\"},\"image\":{\"@id\":\"https:\/\/redeicm.org.br\/stellamaris\/setores\/#primaryimage\"},\"thumbnailUrl\":\"https:\/\/redeicm.org.br\/stellamaris\/wp-content\/uploads\/sites\/23\/2024\/08\/banner-direcao.jpg\",\"datePublished\":\"2024-08-16T19:02:58+00:00\",\"dateModified\":\"2025-09-09T10:47:56+00:00\",\"breadcrumb\":{\"@id\":\"https:\/\/redeicm.org.br\/stellamaris\/setores\/#breadcrumb\"},\"inLanguage\":\"pt-BR\",\"potentialAction\":[{\"@type\":\"ReadAction\",\"target\":[\"https:\/\/redeicm.org.br\/stellamaris\/setores\/\"]}]},{\"@type\":\"ImageObject\",\"inLanguage\":\"pt-BR\",\"@id\":\"https:\/\/redeicm.org.br\/stellamaris\/setores\/#primaryimage\",\"url\":\"https:\/\/redeicm.org.br\/stellamaris\/wp-content\/uploads\/sites\/23\/2024\/08\/banner-direcao.jpg\",\"contentUrl\":\"https:\/\/redeicm.org.br\/stellamaris\/wp-content\/uploads\/sites\/23\/2024\/08\/banner-direcao.jpg\",\"width\":1440,\"height\":400},{\"@type\":\"BreadcrumbList\",\"@id\":\"https:\/\/redeicm.org.br\/stellamaris\/setores\/#breadcrumb\",\"itemListElement\":[{\"@type\":\"ListItem\",\"position\":1,\"name\":\"In\u00edcio\",\"item\":\"https:\/\/redeicm.org.br\/stellamaris\/\"},{\"@type\":\"ListItem\",\"position\":2,\"name\":\"Setores\"}]},{\"@type\":\"WebSite\",\"@id\":\"https:\/\/redeicm.org.br\/stellamaris\/#website\",\"url\":\"https:\/\/redeicm.org.br\/stellamaris\/\",\"name\":\"Col\u00e9gio Stella Maris | Rede ICM de educa\u00e7\u00e3o\",\"description\":\"\",\"publisher\":{\"@id\":\"https:\/\/redeicm.org.br\/stellamaris\/#organization\"},\"potentialAction\":[{\"@type\":\"SearchAction\",\"target\":{\"@type\":\"EntryPoint\",\"urlTemplate\":\"https:\/\/redeicm.org.br\/stellamaris\/?s={search_term_string}\"},\"query-input\":{\"@type\":\"PropertyValueSpecification\",\"valueRequired\":true,\"valueName\":\"search_term_string\"}}],\"inLanguage\":\"pt-BR\"},{\"@type\":\"Organization\",\"@id\":\"https:\/\/redeicm.org.br\/stellamaris\/#organization\",\"name\":\"Col\u00e9gio Stella Maris | Rede ICM de educa\u00e7\u00e3o\",\"url\":\"https:\/\/redeicm.org.br\/stellamaris\/\",\"logo\":{\"@type\":\"ImageObject\",\"inLanguage\":\"pt-BR\",\"@id\":\"https:\/\/redeicm.org.br\/stellamaris\/#\/schema\/logo\/image\/\",\"url\":\"https:\/\/redeicm.org.br\/stellamaris\/wp-content\/uploads\/sites\/23\/2024\/08\/logo-icm-educacao-stella-maris-preferencial-cores.webp\",\"contentUrl\":\"https:\/\/redeicm.org.br\/stellamaris\/wp-content\/uploads\/sites\/23\/2024\/08\/logo-icm-educacao-stella-maris-preferencial-cores.webp\",\"width\":493,\"height\":185,\"caption\":\"Col\u00e9gio Stella Maris | Rede ICM de educa\u00e7\u00e3o\"},\"image\":{\"@id\":\"https:\/\/redeicm.org.br\/stellamaris\/#\/schema\/logo\/image\/\"}}]}<\/script>\n<!-- \/ Yoast SEO plugin. -->","yoast_head_json":{"title":"Setores - Col\u00e9gio Stella Maris | Rede ICM de educa\u00e7\u00e3o","robots":{"index":"index","follow":"follow","max-snippet":"max-snippet:-1","max-image-preview":"max-image-preview:large","max-video-preview":"max-video-preview:-1"},"canonical":"https:\/\/redeicm.org.br\/stellamaris\/setores\/","og_locale":"pt_BR","og_type":"article","og_title":"Setores - Col\u00e9gio Stella Maris | Rede ICM de educa\u00e7\u00e3o","og_description":"NOSSOS SETORES: UMA EQUIPE DEDICADA AO DESENVOLVIMENTO INTEGRAL Conhe\u00e7a os setores que comp\u00f5em o Col\u00e9gio Stella Maris. Cada um deles trabalha de forma integrada para garantir o melhor ambiente de aprendizagem, acolhimento e desenvolvimento para nossos alunos, em sintonia com as fam\u00edlias e nossa proposta educacional. \u00a0 COORDENA\u00c7\u00c3O PEDAG\u00d3GICA (SCP) Objetivo do Setor\u00a0 A Coordena\u00e7\u00e3o [&hellip;]","og_url":"https:\/\/redeicm.org.br\/stellamaris\/setores\/","og_site_name":"Col\u00e9gio Stella Maris | Rede ICM de educa\u00e7\u00e3o","article_modified_time":"2025-09-09T10:47:56+00:00","og_image":[{"width":1440,"height":400,"url":"https:\/\/redeicm.org.br\/stellamaris\/wp-content\/uploads\/sites\/23\/2024\/08\/banner-direcao.jpg","type":"image\/jpeg"}],"twitter_card":"summary_large_image","twitter_misc":{"Est. tempo de leitura":"3 minutos"},"schema":{"@context":"https:\/\/schema.org","@graph":[{"@type":"WebPage","@id":"https:\/\/redeicm.org.br\/stellamaris\/setores\/","url":"https:\/\/redeicm.org.br\/stellamaris\/setores\/","name":"Setores - Col\u00e9gio Stella Maris | Rede ICM de educa\u00e7\u00e3o","isPartOf":{"@id":"https:\/\/redeicm.org.br\/stellamaris\/#website"},"primaryImageOfPage":{"@id":"https:\/\/redeicm.org.br\/stellamaris\/setores\/#primaryimage"},"image":{"@id":"https:\/\/redeicm.org.br\/stellamaris\/setores\/#primaryimage"},"thumbnailUrl":"https:\/\/redeicm.org.br\/stellamaris\/wp-content\/uploads\/sites\/23\/2024\/08\/banner-direcao.jpg","datePublished":"2024-08-16T19:02:58+00:00","dateModified":"2025-09-09T10:47:56+00:00","breadcrumb":{"@id":"https:\/\/redeicm.org.br\/stellamaris\/setores\/#breadcrumb"},"inLanguage":"pt-BR","potentialAction":[{"@type":"ReadAction","target":["https:\/\/redeicm.org.br\/stellamaris\/setores\/"]}]},{"@type":"ImageObject","inLanguage":"pt-BR","@id":"https:\/\/redeicm.org.br\/stellamaris\/setores\/#primaryimage","url":"https:\/\/redeicm.org.br\/stellamaris\/wp-content\/uploads\/sites\/23\/2024\/08\/banner-direcao.jpg","contentUrl":"https:\/\/redeicm.org.br\/stellamaris\/wp-content\/uploads\/sites\/23\/2024\/08\/banner-direcao.jpg","width":1440,"height":400},{"@type":"BreadcrumbList","@id":"https:\/\/redeicm.org.br\/stellamaris\/setores\/#breadcrumb","itemListElement":[{"@type":"ListItem","position":1,"name":"In\u00edcio","item":"https:\/\/redeicm.org.br\/stellamaris\/"},{"@type":"ListItem","position":2,"name":"Setores"}]},{"@type":"WebSite","@id":"https:\/\/redeicm.org.br\/stellamaris\/#website","url":"https:\/\/redeicm.org.br\/stellamaris\/","name":"Col\u00e9gio Stella Maris | Rede ICM de educa\u00e7\u00e3o","description":"","publisher":{"@id":"https:\/\/redeicm.org.br\/stellamaris\/#organization"},"potentialAction":[{"@type":"SearchAction","target":{"@type":"EntryPoint","urlTemplate":"https:\/\/redeicm.org.br\/stellamaris\/?s={search_term_string}"},"query-input":{"@type":"PropertyValueSpecification","valueRequired":true,"valueName":"search_term_string"}}],"inLanguage":"pt-BR"},{"@type":"Organization","@id":"https:\/\/redeicm.org.br\/stellamaris\/#organization","name":"Col\u00e9gio Stella Maris | Rede ICM de educa\u00e7\u00e3o","url":"https:\/\/redeicm.org.br\/stellamaris\/","logo":{"@type":"ImageObject","inLanguage":"pt-BR","@id":"https:\/\/redeicm.org.br\/stellamaris\/#\/schema\/logo\/image\/","url":"https:\/\/redeicm.org.br\/stellamaris\/wp-content\/uploads\/sites\/23\/2024\/08\/logo-icm-educacao-stella-maris-preferencial-cores.webp","contentUrl":"https:\/\/redeicm.org.br\/stellamaris\/wp-content\/uploads\/sites\/23\/2024\/08\/logo-icm-educacao-stella-maris-preferencial-cores.webp","width":493,"height":185,"caption":"Col\u00e9gio Stella Maris | Rede ICM de educa\u00e7\u00e3o"},"image":{"@id":"https:\/\/redeicm.org.br\/stellamaris\/#\/schema\/logo\/image\/"}}]}},"_links":{"self":[{"href":"https:\/\/redeicm.org.br\/stellamaris\/wp-json\/wp\/v2\/pages\/122","targetHints":{"allow":["GET"]}}],"collection":[{"href":"https:\/\/redeicm.org.br\/stellamaris\/wp-json\/wp\/v2\/pages"}],"about":[{"href":"https:\/\/redeicm.org.br\/stellamaris\/wp-json\/wp\/v2\/types\/page"}],"author":[{"embeddable":true,"href":"https:\/\/redeicm.org.br\/stellamaris\/wp-json\/wp\/v2\/users\/1"}],"replies":[{"embeddable":true,"href":"https:\/\/redeicm.org.br\/stellamaris\/wp-json\/wp\/v2\/comments?post=122"}],"version-history":[{"count":70,"href":"https:\/\/redeicm.org.br\/stellamaris\/wp-json\/wp\/v2\/pages\/122\/revisions"}],"predecessor-version":[{"id":1940,"href":"https:\/\/redeicm.org.br\/stellamaris\/wp-json\/wp\/v2\/pages\/122\/revisions\/1940"}],"wp:featuredmedia":[{"embeddable":true,"href":"https:\/\/redeicm.org.br\/stellamaris\/wp-json\/wp\/v2\/media\/126"}],"wp:attachment":[{"href":"https:\/\/redeicm.org.br\/stellamaris\/wp-json\/wp\/v2\/media?parent=122"}],"curies":[{"name":"wp","href":"https:\/\/api.w.org\/{rel}","templated":true}]}}