{"id":342,"date":"2024-09-09T11:08:58","date_gmt":"2024-09-09T14:08:58","guid":{"rendered":"https:\/\/redeicm.org.br\/saojose\/?page_id=342"},"modified":"2026-03-13T10:21:05","modified_gmt":"2026-03-13T13:21:05","slug":"sobre-a-unidade-socioassistencial","status":"publish","type":"page","link":"https:\/\/redeicm.org.br\/saojose\/sobre-a-unidade-socioassistencial\/","title":{"rendered":"Sobre a Unidade Socioassistencial"},"content":{"rendered":"\t\t<div data-elementor-type=\"wp-page\" data-elementor-id=\"342\" class=\"elementor elementor-342\" data-elementor-post-type=\"page\">\n\t\t\t\t<div class=\"elementor-element elementor-element-c219d90 e-flex e-con-boxed e-con e-parent\" data-id=\"c219d90\" data-element_type=\"container\" data-e-type=\"container\">\n\t\t\t\t\t<div class=\"e-con-inner\">\n\t\t\t\t<div class=\"elementor-element elementor-element-97a1073 elementor-widget elementor-widget-heading\" data-id=\"97a1073\" data-element_type=\"widget\" data-e-type=\"widget\" data-widget_type=\"heading.default\">\n\t\t\t\t<div class=\"elementor-widget-container\">\n\t\t\t\t\t<h2 class=\"elementor-heading-title elementor-size-default\">Hist\u00f3rico e Atua\u00e7\u00e3o do Educand\u00e1rio S\u00e3o Jos\u00e9 do Bel\u00e9m <\/h2>\t\t\t\t<\/div>\n\t\t\t\t<\/div>\n\t\t\t\t\t<\/div>\n\t\t\t\t<\/div>\n\t\t<div class=\"elementor-element elementor-element-fd720a7 e-con-full e-flex e-con e-parent\" data-id=\"fd720a7\" data-element_type=\"container\" data-e-type=\"container\">\n\t\t<div class=\"elementor-element elementor-element-16b72a2 e-flex e-con-boxed e-con e-child\" data-id=\"16b72a2\" data-element_type=\"container\" data-e-type=\"container\">\n\t\t\t\t\t<div class=\"e-con-inner\">\n\t\t\t\t<div class=\"elementor-element elementor-element-4816fd4 elementor-invisible elementor-widget elementor-widget-text-editor\" data-id=\"4816fd4\" data-element_type=\"widget\" data-e-type=\"widget\" data-settings=\"{&quot;_animation&quot;:&quot;fadeInUp&quot;}\" data-widget_type=\"text-editor.default\">\n\t\t\t\t<div class=\"elementor-widget-container\">\n\t\t\t\t\t\t\t\t\t<p style=\"text-align: center\">O Educand\u00e1rio S\u00e3o Jos\u00e9 do Bel\u00e9m (ESJB), fundado em 23 de janeiro de 1909, situado na Rua Bel\u00e9m, 129, Belenzinho\/SP, nos seus mais de 116 anos sempre atuou na defesa e garantia dos direitos humanos de crian\u00e7as e adolescentes, ofertando atendimento direto nas pol\u00edticas de Educa\u00e7\u00e3o e Assist\u00eancia Social. Atualmente, tem suas a\u00e7\u00f5es voltadas para a Prote\u00e7\u00e3o Social, atrav\u00e9s do atendimento de crian\u00e7as e adolescentes de 06 a 15 anos no Servi\u00e7o de Conviv\u00eancia e Fortalecimento de V\u00ednculos (200 usu\u00e1rios). E tamb\u00e9m vem buscando contribuir para a redu\u00e7\u00e3o da pobreza das fam\u00edlias atendidas, por meio do projeto de enfrentamento da pobreza, &#8220;M\u00e3os que constroem cidadania&#8221;, cujo atendimento se destina a pessoas acima dos 18 anos, focado na inclus\u00e3o produtiva para gera\u00e7\u00e3o de trabalho e renda.&nbsp;<\/p>\n<p style=\"text-align: center\">Mantido pela Sociedade Educa\u00e7\u00e3o e Caridade (SEC), fundada em 06 de janeiro de 1911, que j\u00e1 existia, como Congrega\u00e7\u00e3o Religiosa, dedicada \u00e0 Educa\u00e7\u00e3o e Assist\u00eancia Social de meninas \u00f3rf\u00e3s e desvalidas, desde 1849, e foi pioneira junto \u00e0s popula\u00e7\u00f5es mais necessitadas, atuando nas \u00e1reas de Sa\u00fade, Educa\u00e7\u00e3o e na Assist\u00eancia Social, sobretudo em localidades do interior do Rio Grande do Sul, e em algumas cidades dos Estados do Paran\u00e1, S\u00e3o Paulo e do Rio de Janeiro. A SEC \u00e9 uma Entidade Beneficente de Assist\u00eancia Social, com sede em Porto Alegre, RS, na Rua Andr\u00e9 Puente, no 460, inscrita no CNPJ sob no 92.812.049\/0001-67, com atua\u00e7\u00e3o preponderante na \u00e1rea de Educa\u00e7\u00e3o, onde mant\u00e9m atualmente 15 (quinze) Estabelecimentos de Ensino, e 07 (sete) Estabelecimentos Socioassistenciais, sendo um deles o Educand\u00e1rio S\u00e3o Jos\u00e9 do Bel\u00e9m (ESJB).&nbsp;<\/p>\n<p style=\"text-align: center\">O Educand\u00e1rio S\u00e3o Jos\u00e9 do Bel\u00e9m integra a Rede ICM de Educa\u00e7\u00e3o e Assist\u00eancia Social, que \u00e9 o nome de posicionamento da Sociedade Educa\u00e7\u00e3o e Caridade \u2013 SEC, est\u00e1 inscrito regularmente no Conselho Municipal de Assist\u00eancia Social e no Conselho Municipal dos Direitos da Crian\u00e7a e do Adolescente do munic\u00edpio de S\u00e3o Paulo. E segue alinhado aos pressupostos da Pol\u00edtica P\u00fablica de Assist\u00eancia Social (PNAS\/SUAS), bem como do Marco Regulat\u00f3rio das Organiza\u00e7\u00f5es da Sociedade Civil e das Entidades Beneficentes de Assist\u00eancia Social.&nbsp;<\/p>\n<p style=\"text-align: center\">Localizado no bairro do Belenzinho, na regi\u00e3o leste da capital paulista, tem como refer\u00eancia o Centro Regional de Assist\u00eancia Social \u2013 CRAS Mooca (com abrang\u00eancia para atuar nos bairros: Tatuap\u00e9, Mooca, Br\u00e1s, Pari, \u00c1gua Rasa e<br>Bel\u00e9m). H\u00e1 um grande contingente de fam\u00edlias que moram em corti\u00e7os, pens\u00f5es, em moradias prec\u00e1rias e insalubres. Al\u00e9m de um n\u00famero significativo de migrantes. \u00c9 dentro desse contexto que vivem os usu\u00e1rios atendidos.&nbsp;<\/p>\n<p style=\"text-align: center\">Todo o trabalho \u00e9 planejado e desenvolvido, a partir do conhecimento t\u00e9cnico, tendo profissionais do Servi\u00e7o Social, Psicologia Social, Pedagogia, Instrutor de Cursos Livres e toda a estrutura administrativa e de apoio para que o atendimento seja realizado de forma qualificada, permanente, continuada e com impacto na realidade social trabalhada, atua\u00e7\u00e3o essa, fundamentada pela Miss\u00e3o Institucional que busca \u201c Promover e defender a vida das pessoas em situa\u00e7\u00e3o de vulnerabilidade e risco social e pessoal, atrav\u00e9s de espa\u00e7os de preven\u00e7\u00e3o e prote\u00e7\u00e3o, para o acesso aos direitos sociais, incentivando o desenvolvimento do pensamento cr\u00edtico e a pr\u00e1tica da cidadania. E iluminada pela Vis\u00e3o de \u201cSer uma Rede de Assist\u00eancia Social reconhecida pelos servi\u00e7os qualificados de prote\u00e7\u00e3o social, em busca de sustentabilidade\u201d.<\/p>\t\t\t\t\t\t\t\t<\/div>\n\t\t\t\t<\/div>\n\t\t\t\t\t<\/div>\n\t\t\t\t<\/div>\n\t\t\t\t<\/div>\n\t\t\t\t<\/div>\n\t\t","protected":false},"excerpt":{"rendered":"<p>Hist\u00f3rico e Atua\u00e7\u00e3o do Educand\u00e1rio S\u00e3o Jos\u00e9 do Bel\u00e9m O Educand\u00e1rio S\u00e3o Jos\u00e9 do Bel\u00e9m (ESJB), fundado em 23 de janeiro de 1909, situado na Rua Bel\u00e9m, 129, Belenzinho\/SP, nos seus mais de 116 anos sempre atuou na defesa e garantia dos direitos humanos de crian\u00e7as e adolescentes, ofertando atendimento direto nas pol\u00edticas de Educa\u00e7\u00e3o [&hellip;]<\/p>\n","protected":false},"author":1,"featured_media":126,"parent":0,"menu_order":0,"comment_status":"closed","ping_status":"closed","template":"","meta":{"_acf_changed":false,"footnotes":""},"class_list":["post-342","page","type-page","status-publish","has-post-thumbnail","hentry"],"acf":[],"yoast_head":"<!-- This site is optimized with the Yoast SEO plugin v26.3 - https:\/\/yoast.com\/wordpress\/plugins\/seo\/ -->\n<title>Sobre a Unidade Socioassistencial - Educand\u00e1rio S\u00e3o Jos\u00e9 de Bel\u00e9m | Rede ICM de Educa\u00e7\u00e3o e Assist\u00eancia Social<\/title>\n<meta name=\"robots\" content=\"index, follow, max-snippet:-1, max-image-preview:large, max-video-preview:-1\" \/>\n<link rel=\"canonical\" href=\"https:\/\/redeicm.org.br\/saojose\/sobre-a-unidade-socioassistencial\/\" \/>\n<meta property=\"og:locale\" content=\"pt_BR\" \/>\n<meta property=\"og:type\" content=\"article\" \/>\n<meta property=\"og:title\" content=\"Sobre a Unidade Socioassistencial - Educand\u00e1rio S\u00e3o Jos\u00e9 de Bel\u00e9m | Rede ICM de Educa\u00e7\u00e3o e Assist\u00eancia Social\" \/>\n<meta property=\"og:description\" content=\"Hist\u00f3rico e Atua\u00e7\u00e3o do Educand\u00e1rio S\u00e3o Jos\u00e9 do Bel\u00e9m O Educand\u00e1rio S\u00e3o Jos\u00e9 do Bel\u00e9m (ESJB), fundado em 23 de janeiro de 1909, situado na Rua Bel\u00e9m, 129, Belenzinho\/SP, nos seus mais de 116 anos sempre atuou na defesa e garantia dos direitos humanos de crian\u00e7as e adolescentes, ofertando atendimento direto nas pol\u00edticas de Educa\u00e7\u00e3o [&hellip;]\" \/>\n<meta property=\"og:url\" content=\"https:\/\/redeicm.org.br\/saojose\/sobre-a-unidade-socioassistencial\/\" \/>\n<meta property=\"og:site_name\" content=\"Educand\u00e1rio S\u00e3o Jos\u00e9 de Bel\u00e9m | Rede ICM de Educa\u00e7\u00e3o e Assist\u00eancia Social\" \/>\n<meta property=\"article:modified_time\" content=\"2026-03-13T13:21:05+00:00\" \/>\n<meta property=\"og:image\" content=\"https:\/\/redeicm.org.br\/saojose\/wp-content\/uploads\/sites\/22\/2024\/08\/banner-direcao.jpg\" \/>\n\t<meta property=\"og:image:width\" content=\"1440\" \/>\n\t<meta property=\"og:image:height\" content=\"400\" \/>\n\t<meta property=\"og:image:type\" content=\"image\/jpeg\" \/>\n<meta name=\"twitter:card\" content=\"summary_large_image\" \/>\n<meta name=\"twitter:label1\" content=\"Est. tempo de leitura\" \/>\n\t<meta name=\"twitter:data1\" content=\"3 minutos\" \/>\n<script type=\"application\/ld+json\" class=\"yoast-schema-graph\">{\"@context\":\"https:\/\/schema.org\",\"@graph\":[{\"@type\":\"WebPage\",\"@id\":\"https:\/\/redeicm.org.br\/saojose\/sobre-a-unidade-socioassistencial\/\",\"url\":\"https:\/\/redeicm.org.br\/saojose\/sobre-a-unidade-socioassistencial\/\",\"name\":\"Sobre a Unidade Socioassistencial - Educand\u00e1rio S\u00e3o Jos\u00e9 de Bel\u00e9m | Rede ICM de Educa\u00e7\u00e3o e Assist\u00eancia Social\",\"isPartOf\":{\"@id\":\"https:\/\/redeicm.org.br\/saojose\/#website\"},\"primaryImageOfPage\":{\"@id\":\"https:\/\/redeicm.org.br\/saojose\/sobre-a-unidade-socioassistencial\/#primaryimage\"},\"image\":{\"@id\":\"https:\/\/redeicm.org.br\/saojose\/sobre-a-unidade-socioassistencial\/#primaryimage\"},\"thumbnailUrl\":\"https:\/\/redeicm.org.br\/saojose\/wp-content\/uploads\/sites\/22\/2024\/08\/banner-direcao.jpg\",\"datePublished\":\"2024-09-09T14:08:58+00:00\",\"dateModified\":\"2026-03-13T13:21:05+00:00\",\"breadcrumb\":{\"@id\":\"https:\/\/redeicm.org.br\/saojose\/sobre-a-unidade-socioassistencial\/#breadcrumb\"},\"inLanguage\":\"pt-BR\",\"potentialAction\":[{\"@type\":\"ReadAction\",\"target\":[\"https:\/\/redeicm.org.br\/saojose\/sobre-a-unidade-socioassistencial\/\"]}]},{\"@type\":\"ImageObject\",\"inLanguage\":\"pt-BR\",\"@id\":\"https:\/\/redeicm.org.br\/saojose\/sobre-a-unidade-socioassistencial\/#primaryimage\",\"url\":\"https:\/\/redeicm.org.br\/saojose\/wp-content\/uploads\/sites\/22\/2024\/08\/banner-direcao.jpg\",\"contentUrl\":\"https:\/\/redeicm.org.br\/saojose\/wp-content\/uploads\/sites\/22\/2024\/08\/banner-direcao.jpg\",\"width\":1440,\"height\":400},{\"@type\":\"BreadcrumbList\",\"@id\":\"https:\/\/redeicm.org.br\/saojose\/sobre-a-unidade-socioassistencial\/#breadcrumb\",\"itemListElement\":[{\"@type\":\"ListItem\",\"position\":1,\"name\":\"In\u00edcio\",\"item\":\"https:\/\/redeicm.org.br\/saojose\/\"},{\"@type\":\"ListItem\",\"position\":2,\"name\":\"Sobre a Unidade Socioassistencial\"}]},{\"@type\":\"WebSite\",\"@id\":\"https:\/\/redeicm.org.br\/saojose\/#website\",\"url\":\"https:\/\/redeicm.org.br\/saojose\/\",\"name\":\"Educand\u00e1rio S\u00e3o Jos\u00e9 de Bel\u00e9m | Rede ICM de Educa\u00e7\u00e3o e Assist\u00eancia Social\",\"description\":\"\",\"publisher\":{\"@id\":\"https:\/\/redeicm.org.br\/saojose\/#organization\"},\"potentialAction\":[{\"@type\":\"SearchAction\",\"target\":{\"@type\":\"EntryPoint\",\"urlTemplate\":\"https:\/\/redeicm.org.br\/saojose\/?s={search_term_string}\"},\"query-input\":{\"@type\":\"PropertyValueSpecification\",\"valueRequired\":true,\"valueName\":\"search_term_string\"}}],\"inLanguage\":\"pt-BR\"},{\"@type\":\"Organization\",\"@id\":\"https:\/\/redeicm.org.br\/saojose\/#organization\",\"name\":\"Educand\u00e1rio S\u00e3o Jos\u00e9 de Bel\u00e9m | Rede ICM de Educa\u00e7\u00e3o e Assist\u00eancia Social\",\"url\":\"https:\/\/redeicm.org.br\/saojose\/\",\"logo\":{\"@type\":\"ImageObject\",\"inLanguage\":\"pt-BR\",\"@id\":\"https:\/\/redeicm.org.br\/saojose\/#\/schema\/logo\/image\/\",\"url\":\"https:\/\/redeicm.org.br\/saojose\/wp-content\/uploads\/sites\/22\/2024\/08\/logo-icm-educandario-sao-jose-do-belem.webp\",\"contentUrl\":\"https:\/\/redeicm.org.br\/saojose\/wp-content\/uploads\/sites\/22\/2024\/08\/logo-icm-educandario-sao-jose-do-belem.webp\",\"width\":1024,\"height\":385,\"caption\":\"Educand\u00e1rio S\u00e3o Jos\u00e9 de Bel\u00e9m | Rede ICM de Educa\u00e7\u00e3o e Assist\u00eancia Social\"},\"image\":{\"@id\":\"https:\/\/redeicm.org.br\/saojose\/#\/schema\/logo\/image\/\"}}]}<\/script>\n<!-- \/ Yoast SEO plugin. -->","yoast_head_json":{"title":"Sobre a Unidade Socioassistencial - Educand\u00e1rio S\u00e3o Jos\u00e9 de Bel\u00e9m | Rede ICM de Educa\u00e7\u00e3o e Assist\u00eancia Social","robots":{"index":"index","follow":"follow","max-snippet":"max-snippet:-1","max-image-preview":"max-image-preview:large","max-video-preview":"max-video-preview:-1"},"canonical":"https:\/\/redeicm.org.br\/saojose\/sobre-a-unidade-socioassistencial\/","og_locale":"pt_BR","og_type":"article","og_title":"Sobre a Unidade Socioassistencial - Educand\u00e1rio S\u00e3o Jos\u00e9 de Bel\u00e9m | Rede ICM de Educa\u00e7\u00e3o e Assist\u00eancia Social","og_description":"Hist\u00f3rico e Atua\u00e7\u00e3o do Educand\u00e1rio S\u00e3o Jos\u00e9 do Bel\u00e9m O Educand\u00e1rio S\u00e3o Jos\u00e9 do Bel\u00e9m (ESJB), fundado em 23 de janeiro de 1909, situado na Rua Bel\u00e9m, 129, Belenzinho\/SP, nos seus mais de 116 anos sempre atuou na defesa e garantia dos direitos humanos de crian\u00e7as e adolescentes, ofertando atendimento direto nas pol\u00edticas de Educa\u00e7\u00e3o [&hellip;]","og_url":"https:\/\/redeicm.org.br\/saojose\/sobre-a-unidade-socioassistencial\/","og_site_name":"Educand\u00e1rio S\u00e3o Jos\u00e9 de Bel\u00e9m | Rede ICM de Educa\u00e7\u00e3o e Assist\u00eancia Social","article_modified_time":"2026-03-13T13:21:05+00:00","og_image":[{"width":1440,"height":400,"url":"https:\/\/redeicm.org.br\/saojose\/wp-content\/uploads\/sites\/22\/2024\/08\/banner-direcao.jpg","type":"image\/jpeg"}],"twitter_card":"summary_large_image","twitter_misc":{"Est. tempo de leitura":"3 minutos"},"schema":{"@context":"https:\/\/schema.org","@graph":[{"@type":"WebPage","@id":"https:\/\/redeicm.org.br\/saojose\/sobre-a-unidade-socioassistencial\/","url":"https:\/\/redeicm.org.br\/saojose\/sobre-a-unidade-socioassistencial\/","name":"Sobre a Unidade Socioassistencial - Educand\u00e1rio S\u00e3o Jos\u00e9 de Bel\u00e9m | Rede ICM de Educa\u00e7\u00e3o e Assist\u00eancia Social","isPartOf":{"@id":"https:\/\/redeicm.org.br\/saojose\/#website"},"primaryImageOfPage":{"@id":"https:\/\/redeicm.org.br\/saojose\/sobre-a-unidade-socioassistencial\/#primaryimage"},"image":{"@id":"https:\/\/redeicm.org.br\/saojose\/sobre-a-unidade-socioassistencial\/#primaryimage"},"thumbnailUrl":"https:\/\/redeicm.org.br\/saojose\/wp-content\/uploads\/sites\/22\/2024\/08\/banner-direcao.jpg","datePublished":"2024-09-09T14:08:58+00:00","dateModified":"2026-03-13T13:21:05+00:00","breadcrumb":{"@id":"https:\/\/redeicm.org.br\/saojose\/sobre-a-unidade-socioassistencial\/#breadcrumb"},"inLanguage":"pt-BR","potentialAction":[{"@type":"ReadAction","target":["https:\/\/redeicm.org.br\/saojose\/sobre-a-unidade-socioassistencial\/"]}]},{"@type":"ImageObject","inLanguage":"pt-BR","@id":"https:\/\/redeicm.org.br\/saojose\/sobre-a-unidade-socioassistencial\/#primaryimage","url":"https:\/\/redeicm.org.br\/saojose\/wp-content\/uploads\/sites\/22\/2024\/08\/banner-direcao.jpg","contentUrl":"https:\/\/redeicm.org.br\/saojose\/wp-content\/uploads\/sites\/22\/2024\/08\/banner-direcao.jpg","width":1440,"height":400},{"@type":"BreadcrumbList","@id":"https:\/\/redeicm.org.br\/saojose\/sobre-a-unidade-socioassistencial\/#breadcrumb","itemListElement":[{"@type":"ListItem","position":1,"name":"In\u00edcio","item":"https:\/\/redeicm.org.br\/saojose\/"},{"@type":"ListItem","position":2,"name":"Sobre a Unidade Socioassistencial"}]},{"@type":"WebSite","@id":"https:\/\/redeicm.org.br\/saojose\/#website","url":"https:\/\/redeicm.org.br\/saojose\/","name":"Educand\u00e1rio S\u00e3o Jos\u00e9 de Bel\u00e9m | Rede ICM de Educa\u00e7\u00e3o e Assist\u00eancia Social","description":"","publisher":{"@id":"https:\/\/redeicm.org.br\/saojose\/#organization"},"potentialAction":[{"@type":"SearchAction","target":{"@type":"EntryPoint","urlTemplate":"https:\/\/redeicm.org.br\/saojose\/?s={search_term_string}"},"query-input":{"@type":"PropertyValueSpecification","valueRequired":true,"valueName":"search_term_string"}}],"inLanguage":"pt-BR"},{"@type":"Organization","@id":"https:\/\/redeicm.org.br\/saojose\/#organization","name":"Educand\u00e1rio S\u00e3o Jos\u00e9 de Bel\u00e9m | Rede ICM de Educa\u00e7\u00e3o e Assist\u00eancia Social","url":"https:\/\/redeicm.org.br\/saojose\/","logo":{"@type":"ImageObject","inLanguage":"pt-BR","@id":"https:\/\/redeicm.org.br\/saojose\/#\/schema\/logo\/image\/","url":"https:\/\/redeicm.org.br\/saojose\/wp-content\/uploads\/sites\/22\/2024\/08\/logo-icm-educandario-sao-jose-do-belem.webp","contentUrl":"https:\/\/redeicm.org.br\/saojose\/wp-content\/uploads\/sites\/22\/2024\/08\/logo-icm-educandario-sao-jose-do-belem.webp","width":1024,"height":385,"caption":"Educand\u00e1rio S\u00e3o Jos\u00e9 de Bel\u00e9m | Rede ICM de Educa\u00e7\u00e3o e Assist\u00eancia Social"},"image":{"@id":"https:\/\/redeicm.org.br\/saojose\/#\/schema\/logo\/image\/"}}]}},"_links":{"self":[{"href":"https:\/\/redeicm.org.br\/saojose\/wp-json\/wp\/v2\/pages\/342","targetHints":{"allow":["GET"]}}],"collection":[{"href":"https:\/\/redeicm.org.br\/saojose\/wp-json\/wp\/v2\/pages"}],"about":[{"href":"https:\/\/redeicm.org.br\/saojose\/wp-json\/wp\/v2\/types\/page"}],"author":[{"embeddable":true,"href":"https:\/\/redeicm.org.br\/saojose\/wp-json\/wp\/v2\/users\/1"}],"replies":[{"embeddable":true,"href":"https:\/\/redeicm.org.br\/saojose\/wp-json\/wp\/v2\/comments?post=342"}],"version-history":[{"count":22,"href":"https:\/\/redeicm.org.br\/saojose\/wp-json\/wp\/v2\/pages\/342\/revisions"}],"predecessor-version":[{"id":856,"href":"https:\/\/redeicm.org.br\/saojose\/wp-json\/wp\/v2\/pages\/342\/revisions\/856"}],"wp:featuredmedia":[{"embeddable":true,"href":"https:\/\/redeicm.org.br\/saojose\/wp-json\/wp\/v2\/media\/126"}],"wp:attachment":[{"href":"https:\/\/redeicm.org.br\/saojose\/wp-json\/wp\/v2\/media?parent=342"}],"curies":[{"name":"wp","href":"https:\/\/api.w.org\/{rel}","templated":true}]}}