{"id":164,"date":"2024-08-16T15:58:15","date_gmt":"2024-08-16T18:58:15","guid":{"rendered":"https:\/\/redeicm.org.br\/saojose\/horarios-de-funcionamento\/"},"modified":"2026-03-13T10:41:35","modified_gmt":"2026-03-13T13:41:35","slug":"rede-icm","status":"publish","type":"page","link":"https:\/\/redeicm.org.br\/saojose\/rede-icm\/","title":{"rendered":"Rede ICM"},"content":{"rendered":"\t\t<div data-elementor-type=\"wp-page\" data-elementor-id=\"164\" class=\"elementor elementor-164\" data-elementor-post-type=\"page\">\n\t\t\t\t<div class=\"elementor-element elementor-element-a77ab68 e-con-full e-flex e-con e-parent\" data-id=\"a77ab68\" data-element_type=\"container\" data-e-type=\"container\">\n\t\t<div class=\"elementor-element elementor-element-64e6709 e-flex e-con-boxed e-con e-child\" data-id=\"64e6709\" data-element_type=\"container\" data-e-type=\"container\">\n\t\t\t\t\t<div class=\"e-con-inner\">\n\t\t\t\t<div class=\"elementor-element elementor-element-b58faee elementor-invisible elementor-widget elementor-widget-text-editor\" data-id=\"b58faee\" data-element_type=\"widget\" data-e-type=\"widget\" data-settings=\"{&quot;_animation&quot;:&quot;fadeInUp&quot;}\" data-widget_type=\"text-editor.default\">\n\t\t\t\t<div class=\"elementor-widget-container\">\n\t\t\t\t\t\t\t\t\t<p style=\"text-align: center\">Somos a&nbsp;<strong>Rede ICM de Educa\u00e7\u00e3o e Assist\u00eancia Social<\/strong>&nbsp;que, fiel \u00e0s suas origens, acolhe e educa crian\u00e7as, adolescentes e jovens, garantindo um processo formativo integral e inovador, que possibilita o desenvolvimento do senso cr\u00edtico, da \u00e9tica, da solidariedade e da cidadania.<br>As unidades de ensino e socioassistenciais, em seu fazer educativo, favorecem a constru\u00e7\u00e3o do conhecimento e do desenvolvimento humano, cient\u00edfico, tecnol\u00f3gico e espiritual; contribuem para a forma\u00e7\u00e3o de cidad\u00e3os capazes de analisar, compreender, posicionar-se e intervir na realidade, promovendo transforma\u00e7\u00f5es sociais, com vistas ao bem estar da pessoa, no plano pessoal e coletivo.<br>Assim, a Rede ICM de Educa\u00e7\u00e3o e Assist\u00eancia Social garante a excel\u00eancia humana e pedag\u00f3gica, sempre <i><b>comprometida com o futuro.<\/b><\/i><\/p>\t\t\t\t\t\t\t\t<\/div>\n\t\t\t\t<\/div>\n\t\t\t\t\t<\/div>\n\t\t\t\t<\/div>\n\t\t\t\t<\/div>\n\t\t\t\t<\/div>\n\t\t","protected":false},"excerpt":{"rendered":"<p>Somos a&nbsp;Rede ICM de Educa\u00e7\u00e3o e Assist\u00eancia Social&nbsp;que, fiel \u00e0s suas origens, acolhe e educa crian\u00e7as, adolescentes e jovens, garantindo um processo formativo integral e inovador, que possibilita o desenvolvimento do senso cr\u00edtico, da \u00e9tica, da solidariedade e da cidadania.As unidades de ensino e socioassistenciais, em seu fazer educativo, favorecem a constru\u00e7\u00e3o do conhecimento e [&hellip;]<\/p>\n","protected":false},"author":1,"featured_media":167,"parent":0,"menu_order":0,"comment_status":"closed","ping_status":"closed","template":"","meta":{"_acf_changed":false,"footnotes":""},"class_list":["post-164","page","type-page","status-publish","has-post-thumbnail","hentry"],"acf":[],"yoast_head":"<!-- This site is optimized with the Yoast SEO plugin v26.3 - https:\/\/yoast.com\/wordpress\/plugins\/seo\/ -->\n<title>Rede ICM - Educand\u00e1rio S\u00e3o Jos\u00e9 de Bel\u00e9m | Rede ICM de Educa\u00e7\u00e3o e Assist\u00eancia Social<\/title>\n<meta name=\"robots\" content=\"index, follow, max-snippet:-1, max-image-preview:large, max-video-preview:-1\" \/>\n<link rel=\"canonical\" href=\"https:\/\/redeicm.org.br\/saojose\/rede-icm\/\" \/>\n<meta property=\"og:locale\" content=\"pt_BR\" \/>\n<meta property=\"og:type\" content=\"article\" \/>\n<meta property=\"og:title\" content=\"Rede ICM - Educand\u00e1rio S\u00e3o Jos\u00e9 de Bel\u00e9m | Rede ICM de Educa\u00e7\u00e3o e Assist\u00eancia Social\" \/>\n<meta property=\"og:description\" content=\"Somos a&nbsp;Rede ICM de Educa\u00e7\u00e3o e Assist\u00eancia Social&nbsp;que, fiel \u00e0s suas origens, acolhe e educa crian\u00e7as, adolescentes e jovens, garantindo um processo formativo integral e inovador, que possibilita o desenvolvimento do senso cr\u00edtico, da \u00e9tica, da solidariedade e da cidadania.As unidades de ensino e socioassistenciais, em seu fazer educativo, favorecem a constru\u00e7\u00e3o do conhecimento e [&hellip;]\" \/>\n<meta property=\"og:url\" content=\"https:\/\/redeicm.org.br\/saojose\/rede-icm\/\" \/>\n<meta property=\"og:site_name\" content=\"Educand\u00e1rio S\u00e3o Jos\u00e9 de Bel\u00e9m | Rede ICM de Educa\u00e7\u00e3o e Assist\u00eancia Social\" \/>\n<meta property=\"article:modified_time\" content=\"2026-03-13T13:41:35+00:00\" \/>\n<meta property=\"og:image\" content=\"https:\/\/redeicm.org.br\/saojose\/wp-content\/uploads\/sites\/22\/2024\/08\/banner-projetos-educativos-2.jpg\" \/>\n\t<meta property=\"og:image:width\" content=\"1440\" \/>\n\t<meta property=\"og:image:height\" content=\"400\" \/>\n\t<meta property=\"og:image:type\" content=\"image\/jpeg\" \/>\n<meta name=\"twitter:card\" content=\"summary_large_image\" \/>\n<meta name=\"twitter:label1\" content=\"Est. tempo de leitura\" \/>\n\t<meta name=\"twitter:data1\" content=\"1 minuto\" \/>\n<script type=\"application\/ld+json\" class=\"yoast-schema-graph\">{\"@context\":\"https:\/\/schema.org\",\"@graph\":[{\"@type\":\"WebPage\",\"@id\":\"https:\/\/redeicm.org.br\/saojose\/rede-icm\/\",\"url\":\"https:\/\/redeicm.org.br\/saojose\/rede-icm\/\",\"name\":\"Rede ICM - Educand\u00e1rio S\u00e3o Jos\u00e9 de Bel\u00e9m | Rede ICM de Educa\u00e7\u00e3o e Assist\u00eancia Social\",\"isPartOf\":{\"@id\":\"https:\/\/redeicm.org.br\/saojose\/#website\"},\"primaryImageOfPage\":{\"@id\":\"https:\/\/redeicm.org.br\/saojose\/rede-icm\/#primaryimage\"},\"image\":{\"@id\":\"https:\/\/redeicm.org.br\/saojose\/rede-icm\/#primaryimage\"},\"thumbnailUrl\":\"https:\/\/redeicm.org.br\/saojose\/wp-content\/uploads\/sites\/22\/2024\/08\/banner-projetos-educativos-2.jpg\",\"datePublished\":\"2024-08-16T18:58:15+00:00\",\"dateModified\":\"2026-03-13T13:41:35+00:00\",\"breadcrumb\":{\"@id\":\"https:\/\/redeicm.org.br\/saojose\/rede-icm\/#breadcrumb\"},\"inLanguage\":\"pt-BR\",\"potentialAction\":[{\"@type\":\"ReadAction\",\"target\":[\"https:\/\/redeicm.org.br\/saojose\/rede-icm\/\"]}]},{\"@type\":\"ImageObject\",\"inLanguage\":\"pt-BR\",\"@id\":\"https:\/\/redeicm.org.br\/saojose\/rede-icm\/#primaryimage\",\"url\":\"https:\/\/redeicm.org.br\/saojose\/wp-content\/uploads\/sites\/22\/2024\/08\/banner-projetos-educativos-2.jpg\",\"contentUrl\":\"https:\/\/redeicm.org.br\/saojose\/wp-content\/uploads\/sites\/22\/2024\/08\/banner-projetos-educativos-2.jpg\",\"width\":1440,\"height\":400},{\"@type\":\"BreadcrumbList\",\"@id\":\"https:\/\/redeicm.org.br\/saojose\/rede-icm\/#breadcrumb\",\"itemListElement\":[{\"@type\":\"ListItem\",\"position\":1,\"name\":\"In\u00edcio\",\"item\":\"https:\/\/redeicm.org.br\/saojose\/\"},{\"@type\":\"ListItem\",\"position\":2,\"name\":\"Rede ICM\"}]},{\"@type\":\"WebSite\",\"@id\":\"https:\/\/redeicm.org.br\/saojose\/#website\",\"url\":\"https:\/\/redeicm.org.br\/saojose\/\",\"name\":\"Educand\u00e1rio S\u00e3o Jos\u00e9 de Bel\u00e9m | Rede ICM de Educa\u00e7\u00e3o e Assist\u00eancia Social\",\"description\":\"\",\"publisher\":{\"@id\":\"https:\/\/redeicm.org.br\/saojose\/#organization\"},\"potentialAction\":[{\"@type\":\"SearchAction\",\"target\":{\"@type\":\"EntryPoint\",\"urlTemplate\":\"https:\/\/redeicm.org.br\/saojose\/?s={search_term_string}\"},\"query-input\":{\"@type\":\"PropertyValueSpecification\",\"valueRequired\":true,\"valueName\":\"search_term_string\"}}],\"inLanguage\":\"pt-BR\"},{\"@type\":\"Organization\",\"@id\":\"https:\/\/redeicm.org.br\/saojose\/#organization\",\"name\":\"Educand\u00e1rio S\u00e3o Jos\u00e9 de Bel\u00e9m | Rede ICM de Educa\u00e7\u00e3o e Assist\u00eancia Social\",\"url\":\"https:\/\/redeicm.org.br\/saojose\/\",\"logo\":{\"@type\":\"ImageObject\",\"inLanguage\":\"pt-BR\",\"@id\":\"https:\/\/redeicm.org.br\/saojose\/#\/schema\/logo\/image\/\",\"url\":\"https:\/\/redeicm.org.br\/saojose\/wp-content\/uploads\/sites\/22\/2024\/08\/logo-icm-educandario-sao-jose-do-belem.webp\",\"contentUrl\":\"https:\/\/redeicm.org.br\/saojose\/wp-content\/uploads\/sites\/22\/2024\/08\/logo-icm-educandario-sao-jose-do-belem.webp\",\"width\":1024,\"height\":385,\"caption\":\"Educand\u00e1rio S\u00e3o Jos\u00e9 de Bel\u00e9m | Rede ICM de Educa\u00e7\u00e3o e Assist\u00eancia Social\"},\"image\":{\"@id\":\"https:\/\/redeicm.org.br\/saojose\/#\/schema\/logo\/image\/\"}}]}<\/script>\n<!-- \/ Yoast SEO plugin. -->","yoast_head_json":{"title":"Rede ICM - Educand\u00e1rio S\u00e3o Jos\u00e9 de Bel\u00e9m | Rede ICM de Educa\u00e7\u00e3o e Assist\u00eancia Social","robots":{"index":"index","follow":"follow","max-snippet":"max-snippet:-1","max-image-preview":"max-image-preview:large","max-video-preview":"max-video-preview:-1"},"canonical":"https:\/\/redeicm.org.br\/saojose\/rede-icm\/","og_locale":"pt_BR","og_type":"article","og_title":"Rede ICM - Educand\u00e1rio S\u00e3o Jos\u00e9 de Bel\u00e9m | Rede ICM de Educa\u00e7\u00e3o e Assist\u00eancia Social","og_description":"Somos a&nbsp;Rede ICM de Educa\u00e7\u00e3o e Assist\u00eancia Social&nbsp;que, fiel \u00e0s suas origens, acolhe e educa crian\u00e7as, adolescentes e jovens, garantindo um processo formativo integral e inovador, que possibilita o desenvolvimento do senso cr\u00edtico, da \u00e9tica, da solidariedade e da cidadania.As unidades de ensino e socioassistenciais, em seu fazer educativo, favorecem a constru\u00e7\u00e3o do conhecimento e [&hellip;]","og_url":"https:\/\/redeicm.org.br\/saojose\/rede-icm\/","og_site_name":"Educand\u00e1rio S\u00e3o Jos\u00e9 de Bel\u00e9m | Rede ICM de Educa\u00e7\u00e3o e Assist\u00eancia Social","article_modified_time":"2026-03-13T13:41:35+00:00","og_image":[{"width":1440,"height":400,"url":"https:\/\/redeicm.org.br\/saojose\/wp-content\/uploads\/sites\/22\/2024\/08\/banner-projetos-educativos-2.jpg","type":"image\/jpeg"}],"twitter_card":"summary_large_image","twitter_misc":{"Est. tempo de leitura":"1 minuto"},"schema":{"@context":"https:\/\/schema.org","@graph":[{"@type":"WebPage","@id":"https:\/\/redeicm.org.br\/saojose\/rede-icm\/","url":"https:\/\/redeicm.org.br\/saojose\/rede-icm\/","name":"Rede ICM - Educand\u00e1rio S\u00e3o Jos\u00e9 de Bel\u00e9m | Rede ICM de Educa\u00e7\u00e3o e Assist\u00eancia Social","isPartOf":{"@id":"https:\/\/redeicm.org.br\/saojose\/#website"},"primaryImageOfPage":{"@id":"https:\/\/redeicm.org.br\/saojose\/rede-icm\/#primaryimage"},"image":{"@id":"https:\/\/redeicm.org.br\/saojose\/rede-icm\/#primaryimage"},"thumbnailUrl":"https:\/\/redeicm.org.br\/saojose\/wp-content\/uploads\/sites\/22\/2024\/08\/banner-projetos-educativos-2.jpg","datePublished":"2024-08-16T18:58:15+00:00","dateModified":"2026-03-13T13:41:35+00:00","breadcrumb":{"@id":"https:\/\/redeicm.org.br\/saojose\/rede-icm\/#breadcrumb"},"inLanguage":"pt-BR","potentialAction":[{"@type":"ReadAction","target":["https:\/\/redeicm.org.br\/saojose\/rede-icm\/"]}]},{"@type":"ImageObject","inLanguage":"pt-BR","@id":"https:\/\/redeicm.org.br\/saojose\/rede-icm\/#primaryimage","url":"https:\/\/redeicm.org.br\/saojose\/wp-content\/uploads\/sites\/22\/2024\/08\/banner-projetos-educativos-2.jpg","contentUrl":"https:\/\/redeicm.org.br\/saojose\/wp-content\/uploads\/sites\/22\/2024\/08\/banner-projetos-educativos-2.jpg","width":1440,"height":400},{"@type":"BreadcrumbList","@id":"https:\/\/redeicm.org.br\/saojose\/rede-icm\/#breadcrumb","itemListElement":[{"@type":"ListItem","position":1,"name":"In\u00edcio","item":"https:\/\/redeicm.org.br\/saojose\/"},{"@type":"ListItem","position":2,"name":"Rede ICM"}]},{"@type":"WebSite","@id":"https:\/\/redeicm.org.br\/saojose\/#website","url":"https:\/\/redeicm.org.br\/saojose\/","name":"Educand\u00e1rio S\u00e3o Jos\u00e9 de Bel\u00e9m | Rede ICM de Educa\u00e7\u00e3o e Assist\u00eancia Social","description":"","publisher":{"@id":"https:\/\/redeicm.org.br\/saojose\/#organization"},"potentialAction":[{"@type":"SearchAction","target":{"@type":"EntryPoint","urlTemplate":"https:\/\/redeicm.org.br\/saojose\/?s={search_term_string}"},"query-input":{"@type":"PropertyValueSpecification","valueRequired":true,"valueName":"search_term_string"}}],"inLanguage":"pt-BR"},{"@type":"Organization","@id":"https:\/\/redeicm.org.br\/saojose\/#organization","name":"Educand\u00e1rio S\u00e3o Jos\u00e9 de Bel\u00e9m | Rede ICM de Educa\u00e7\u00e3o e Assist\u00eancia Social","url":"https:\/\/redeicm.org.br\/saojose\/","logo":{"@type":"ImageObject","inLanguage":"pt-BR","@id":"https:\/\/redeicm.org.br\/saojose\/#\/schema\/logo\/image\/","url":"https:\/\/redeicm.org.br\/saojose\/wp-content\/uploads\/sites\/22\/2024\/08\/logo-icm-educandario-sao-jose-do-belem.webp","contentUrl":"https:\/\/redeicm.org.br\/saojose\/wp-content\/uploads\/sites\/22\/2024\/08\/logo-icm-educandario-sao-jose-do-belem.webp","width":1024,"height":385,"caption":"Educand\u00e1rio S\u00e3o Jos\u00e9 de Bel\u00e9m | Rede ICM de Educa\u00e7\u00e3o e Assist\u00eancia Social"},"image":{"@id":"https:\/\/redeicm.org.br\/saojose\/#\/schema\/logo\/image\/"}}]}},"_links":{"self":[{"href":"https:\/\/redeicm.org.br\/saojose\/wp-json\/wp\/v2\/pages\/164","targetHints":{"allow":["GET"]}}],"collection":[{"href":"https:\/\/redeicm.org.br\/saojose\/wp-json\/wp\/v2\/pages"}],"about":[{"href":"https:\/\/redeicm.org.br\/saojose\/wp-json\/wp\/v2\/types\/page"}],"author":[{"embeddable":true,"href":"https:\/\/redeicm.org.br\/saojose\/wp-json\/wp\/v2\/users\/1"}],"replies":[{"embeddable":true,"href":"https:\/\/redeicm.org.br\/saojose\/wp-json\/wp\/v2\/comments?post=164"}],"version-history":[{"count":20,"href":"https:\/\/redeicm.org.br\/saojose\/wp-json\/wp\/v2\/pages\/164\/revisions"}],"predecessor-version":[{"id":870,"href":"https:\/\/redeicm.org.br\/saojose\/wp-json\/wp\/v2\/pages\/164\/revisions\/870"}],"wp:featuredmedia":[{"embeddable":true,"href":"https:\/\/redeicm.org.br\/saojose\/wp-json\/wp\/v2\/media\/167"}],"wp:attachment":[{"href":"https:\/\/redeicm.org.br\/saojose\/wp-json\/wp\/v2\/media?parent=164"}],"curies":[{"name":"wp","href":"https:\/\/api.w.org\/{rel}","templated":true}]}}