{"id":159,"date":"2024-08-16T15:58:14","date_gmt":"2024-08-16T18:58:14","guid":{"rendered":"https:\/\/redeicm.org.br\/saojose\/pastoral-escolar\/"},"modified":"2026-03-13T10:42:54","modified_gmt":"2026-03-13T13:42:54","slug":"servico-de-convivencia-e-fortalecimento-de-vinculos-scfv","status":"publish","type":"page","link":"https:\/\/redeicm.org.br\/saojose\/servico-de-convivencia-e-fortalecimento-de-vinculos-scfv\/","title":{"rendered":"Servi\u00e7o de Conviv\u00eancia e Fortalecimento de V\u00ednculos (SCFV)"},"content":{"rendered":"\t\t<div data-elementor-type=\"wp-page\" data-elementor-id=\"159\" class=\"elementor elementor-159\" data-elementor-post-type=\"page\">\n\t\t\t\t<div class=\"elementor-element elementor-element-94d8474 e-con-full e-flex e-con e-parent\" data-id=\"94d8474\" data-element_type=\"container\" data-e-type=\"container\">\n\t\t<div class=\"elementor-element elementor-element-fd4342f e-flex e-con-boxed e-con e-child\" data-id=\"fd4342f\" data-element_type=\"container\" data-e-type=\"container\">\n\t\t\t\t\t<div class=\"e-con-inner\">\n\t\t\t\t<div class=\"elementor-element elementor-element-1827d4e elementor-invisible elementor-widget elementor-widget-text-editor\" data-id=\"1827d4e\" data-element_type=\"widget\" data-e-type=\"widget\" data-settings=\"{&quot;_animation&quot;:&quot;fadeInUp&quot;}\" data-widget_type=\"text-editor.default\">\n\t\t\t\t<div class=\"elementor-widget-container\">\n\t\t\t\t\t\t\t\t\t<p style=\"text-align: center\">O Servi\u00e7o de Conviv\u00eancia e Fortalecimento de V\u00ednculos (SCFV) \u00e9, segundo a Tipifica\u00e7\u00e3o Nacional de Servi\u00e7os Socioassistenciais, um servi\u00e7o realizado com grupos, organizado de modo a prevenir as situa\u00e7\u00f5es de risco social, ampliar trocas culturais e de viv\u00eancias, desenvolver o sentimento de perten\u00e7a e de identidade, fortalecer v\u00ednculos e incentivar a socializa\u00e7\u00e3o e a conviv\u00eancia comunit\u00e1ria. Possui car\u00e1ter preventivo, pautado na defesa dos direitos e desenvolvimento das capacidades e potencialidades de cada indiv\u00edduo, prevenindo situa\u00e7\u00f5es de vulnerabilidade social.<\/p><p style=\"text-align: center\">Trata-se de um Servi\u00e7o da Prote\u00e7\u00e3o Social B\u00e1sica do Sistema \u00danico de Assist\u00eancia Social, regulamentado pela Tipifica\u00e7\u00e3o Nacional de Servi\u00e7os Socioassistenciais (Resolu\u00e7\u00e3o CNAS n\u00ba 109\/2009). E foi reordenado em 2013 por meio da Resolu\u00e7\u00e3o CNAS n\u00ba01\/2013.<\/p><p style=\"text-align: center\">O p\u00fablico-alvo do SCFV atendido no\u00a0Educand\u00e1rio S\u00e3o Jos\u00e9 do Bel\u00e9m\u00a0s\u00e3o crian\u00e7as e adolescentes, usu\u00e1rios da faixa de 06 a 14 anos e 11 meses. E do Projeto \u201cM\u00e3os que constroem cidadania\u201d, o p\u00fablico-alvo s\u00e3o usu\u00e1rios de 18 a 65 anos e\/ou mais.<em style=\"color: inherit;font-family: inherit;font-size: 1.25rem\"><strong>\u00a0 \u00a0 \u00a0 \u00a0 \u00a0 \u00a0 \u00a0 \u00a0 \u00a0 \u00a0<\/strong><\/em><\/p>\t\t\t\t\t\t\t\t<\/div>\n\t\t\t\t<\/div>\n\t\t\t\t\t<\/div>\n\t\t\t\t<\/div>\n\t\t\t\t<\/div>\n\t\t\t\t<\/div>\n\t\t","protected":false},"excerpt":{"rendered":"<p>O Servi\u00e7o de Conviv\u00eancia e Fortalecimento de V\u00ednculos (SCFV) \u00e9, segundo a Tipifica\u00e7\u00e3o Nacional de Servi\u00e7os Socioassistenciais, um servi\u00e7o realizado com grupos, organizado de modo a prevenir as situa\u00e7\u00f5es de risco social, ampliar trocas culturais e de viv\u00eancias, desenvolver o sentimento de perten\u00e7a e de identidade, fortalecer v\u00ednculos e incentivar a socializa\u00e7\u00e3o e a conviv\u00eancia [&hellip;]<\/p>\n","protected":false},"author":1,"featured_media":163,"parent":0,"menu_order":0,"comment_status":"closed","ping_status":"closed","template":"","meta":{"_acf_changed":false,"footnotes":""},"class_list":["post-159","page","type-page","status-publish","has-post-thumbnail","hentry"],"acf":[],"yoast_head":"<!-- This site is optimized with the Yoast SEO plugin v26.3 - https:\/\/yoast.com\/wordpress\/plugins\/seo\/ -->\n<title>Servi\u00e7o de Conviv\u00eancia e Fortalecimento de V\u00ednculos (SCFV) - Educand\u00e1rio S\u00e3o Jos\u00e9 de Bel\u00e9m | Rede ICM de Educa\u00e7\u00e3o e Assist\u00eancia Social<\/title>\n<meta name=\"robots\" content=\"index, follow, max-snippet:-1, max-image-preview:large, max-video-preview:-1\" \/>\n<link rel=\"canonical\" href=\"https:\/\/redeicm.org.br\/saojose\/servico-de-convivencia-e-fortalecimento-de-vinculos-scfv\/\" \/>\n<meta property=\"og:locale\" content=\"pt_BR\" \/>\n<meta property=\"og:type\" content=\"article\" \/>\n<meta property=\"og:title\" content=\"Servi\u00e7o de Conviv\u00eancia e Fortalecimento de V\u00ednculos (SCFV) - Educand\u00e1rio S\u00e3o Jos\u00e9 de Bel\u00e9m | Rede ICM de Educa\u00e7\u00e3o e Assist\u00eancia Social\" \/>\n<meta property=\"og:description\" content=\"O Servi\u00e7o de Conviv\u00eancia e Fortalecimento de V\u00ednculos (SCFV) \u00e9, segundo a Tipifica\u00e7\u00e3o Nacional de Servi\u00e7os Socioassistenciais, um servi\u00e7o realizado com grupos, organizado de modo a prevenir as situa\u00e7\u00f5es de risco social, ampliar trocas culturais e de viv\u00eancias, desenvolver o sentimento de perten\u00e7a e de identidade, fortalecer v\u00ednculos e incentivar a socializa\u00e7\u00e3o e a conviv\u00eancia [&hellip;]\" \/>\n<meta property=\"og:url\" content=\"https:\/\/redeicm.org.br\/saojose\/servico-de-convivencia-e-fortalecimento-de-vinculos-scfv\/\" \/>\n<meta property=\"og:site_name\" content=\"Educand\u00e1rio S\u00e3o Jos\u00e9 de Bel\u00e9m | Rede ICM de Educa\u00e7\u00e3o e Assist\u00eancia Social\" \/>\n<meta property=\"article:modified_time\" content=\"2026-03-13T13:42:54+00:00\" \/>\n<meta property=\"og:image\" content=\"https:\/\/redeicm.org.br\/saojose\/wp-content\/uploads\/sites\/22\/2024\/08\/banner-barbara-maix.jpg\" \/>\n\t<meta property=\"og:image:width\" content=\"1440\" \/>\n\t<meta property=\"og:image:height\" content=\"400\" \/>\n\t<meta property=\"og:image:type\" content=\"image\/jpeg\" \/>\n<meta name=\"twitter:card\" content=\"summary_large_image\" \/>\n<meta name=\"twitter:label1\" content=\"Est. tempo de leitura\" \/>\n\t<meta name=\"twitter:data1\" content=\"1 minuto\" \/>\n<script type=\"application\/ld+json\" class=\"yoast-schema-graph\">{\"@context\":\"https:\/\/schema.org\",\"@graph\":[{\"@type\":\"WebPage\",\"@id\":\"https:\/\/redeicm.org.br\/saojose\/servico-de-convivencia-e-fortalecimento-de-vinculos-scfv\/\",\"url\":\"https:\/\/redeicm.org.br\/saojose\/servico-de-convivencia-e-fortalecimento-de-vinculos-scfv\/\",\"name\":\"Servi\u00e7o de Conviv\u00eancia e Fortalecimento de V\u00ednculos (SCFV) - Educand\u00e1rio S\u00e3o Jos\u00e9 de Bel\u00e9m | Rede ICM de Educa\u00e7\u00e3o e Assist\u00eancia Social\",\"isPartOf\":{\"@id\":\"https:\/\/redeicm.org.br\/saojose\/#website\"},\"primaryImageOfPage\":{\"@id\":\"https:\/\/redeicm.org.br\/saojose\/servico-de-convivencia-e-fortalecimento-de-vinculos-scfv\/#primaryimage\"},\"image\":{\"@id\":\"https:\/\/redeicm.org.br\/saojose\/servico-de-convivencia-e-fortalecimento-de-vinculos-scfv\/#primaryimage\"},\"thumbnailUrl\":\"https:\/\/redeicm.org.br\/saojose\/wp-content\/uploads\/sites\/22\/2024\/08\/banner-barbara-maix.jpg\",\"datePublished\":\"2024-08-16T18:58:14+00:00\",\"dateModified\":\"2026-03-13T13:42:54+00:00\",\"breadcrumb\":{\"@id\":\"https:\/\/redeicm.org.br\/saojose\/servico-de-convivencia-e-fortalecimento-de-vinculos-scfv\/#breadcrumb\"},\"inLanguage\":\"pt-BR\",\"potentialAction\":[{\"@type\":\"ReadAction\",\"target\":[\"https:\/\/redeicm.org.br\/saojose\/servico-de-convivencia-e-fortalecimento-de-vinculos-scfv\/\"]}]},{\"@type\":\"ImageObject\",\"inLanguage\":\"pt-BR\",\"@id\":\"https:\/\/redeicm.org.br\/saojose\/servico-de-convivencia-e-fortalecimento-de-vinculos-scfv\/#primaryimage\",\"url\":\"https:\/\/redeicm.org.br\/saojose\/wp-content\/uploads\/sites\/22\/2024\/08\/banner-barbara-maix.jpg\",\"contentUrl\":\"https:\/\/redeicm.org.br\/saojose\/wp-content\/uploads\/sites\/22\/2024\/08\/banner-barbara-maix.jpg\",\"width\":1440,\"height\":400},{\"@type\":\"BreadcrumbList\",\"@id\":\"https:\/\/redeicm.org.br\/saojose\/servico-de-convivencia-e-fortalecimento-de-vinculos-scfv\/#breadcrumb\",\"itemListElement\":[{\"@type\":\"ListItem\",\"position\":1,\"name\":\"In\u00edcio\",\"item\":\"https:\/\/redeicm.org.br\/saojose\/\"},{\"@type\":\"ListItem\",\"position\":2,\"name\":\"Servi\u00e7o de Conviv\u00eancia e Fortalecimento de V\u00ednculos (SCFV)\"}]},{\"@type\":\"WebSite\",\"@id\":\"https:\/\/redeicm.org.br\/saojose\/#website\",\"url\":\"https:\/\/redeicm.org.br\/saojose\/\",\"name\":\"Educand\u00e1rio S\u00e3o Jos\u00e9 de Bel\u00e9m | Rede ICM de Educa\u00e7\u00e3o e Assist\u00eancia Social\",\"description\":\"\",\"publisher\":{\"@id\":\"https:\/\/redeicm.org.br\/saojose\/#organization\"},\"potentialAction\":[{\"@type\":\"SearchAction\",\"target\":{\"@type\":\"EntryPoint\",\"urlTemplate\":\"https:\/\/redeicm.org.br\/saojose\/?s={search_term_string}\"},\"query-input\":{\"@type\":\"PropertyValueSpecification\",\"valueRequired\":true,\"valueName\":\"search_term_string\"}}],\"inLanguage\":\"pt-BR\"},{\"@type\":\"Organization\",\"@id\":\"https:\/\/redeicm.org.br\/saojose\/#organization\",\"name\":\"Educand\u00e1rio S\u00e3o Jos\u00e9 de Bel\u00e9m | Rede ICM de Educa\u00e7\u00e3o e Assist\u00eancia Social\",\"url\":\"https:\/\/redeicm.org.br\/saojose\/\",\"logo\":{\"@type\":\"ImageObject\",\"inLanguage\":\"pt-BR\",\"@id\":\"https:\/\/redeicm.org.br\/saojose\/#\/schema\/logo\/image\/\",\"url\":\"https:\/\/redeicm.org.br\/saojose\/wp-content\/uploads\/sites\/22\/2024\/08\/logo-icm-educandario-sao-jose-do-belem.webp\",\"contentUrl\":\"https:\/\/redeicm.org.br\/saojose\/wp-content\/uploads\/sites\/22\/2024\/08\/logo-icm-educandario-sao-jose-do-belem.webp\",\"width\":1024,\"height\":385,\"caption\":\"Educand\u00e1rio S\u00e3o Jos\u00e9 de Bel\u00e9m | Rede ICM de Educa\u00e7\u00e3o e Assist\u00eancia Social\"},\"image\":{\"@id\":\"https:\/\/redeicm.org.br\/saojose\/#\/schema\/logo\/image\/\"}}]}<\/script>\n<!-- \/ Yoast SEO plugin. -->","yoast_head_json":{"title":"Servi\u00e7o de Conviv\u00eancia e Fortalecimento de V\u00ednculos (SCFV) - Educand\u00e1rio S\u00e3o Jos\u00e9 de Bel\u00e9m | Rede ICM de Educa\u00e7\u00e3o e Assist\u00eancia Social","robots":{"index":"index","follow":"follow","max-snippet":"max-snippet:-1","max-image-preview":"max-image-preview:large","max-video-preview":"max-video-preview:-1"},"canonical":"https:\/\/redeicm.org.br\/saojose\/servico-de-convivencia-e-fortalecimento-de-vinculos-scfv\/","og_locale":"pt_BR","og_type":"article","og_title":"Servi\u00e7o de Conviv\u00eancia e Fortalecimento de V\u00ednculos (SCFV) - Educand\u00e1rio S\u00e3o Jos\u00e9 de Bel\u00e9m | Rede ICM de Educa\u00e7\u00e3o e Assist\u00eancia Social","og_description":"O Servi\u00e7o de Conviv\u00eancia e Fortalecimento de V\u00ednculos (SCFV) \u00e9, segundo a Tipifica\u00e7\u00e3o Nacional de Servi\u00e7os Socioassistenciais, um servi\u00e7o realizado com grupos, organizado de modo a prevenir as situa\u00e7\u00f5es de risco social, ampliar trocas culturais e de viv\u00eancias, desenvolver o sentimento de perten\u00e7a e de identidade, fortalecer v\u00ednculos e incentivar a socializa\u00e7\u00e3o e a conviv\u00eancia [&hellip;]","og_url":"https:\/\/redeicm.org.br\/saojose\/servico-de-convivencia-e-fortalecimento-de-vinculos-scfv\/","og_site_name":"Educand\u00e1rio S\u00e3o Jos\u00e9 de Bel\u00e9m | Rede ICM de Educa\u00e7\u00e3o e Assist\u00eancia Social","article_modified_time":"2026-03-13T13:42:54+00:00","og_image":[{"width":1440,"height":400,"url":"https:\/\/redeicm.org.br\/saojose\/wp-content\/uploads\/sites\/22\/2024\/08\/banner-barbara-maix.jpg","type":"image\/jpeg"}],"twitter_card":"summary_large_image","twitter_misc":{"Est. tempo de leitura":"1 minuto"},"schema":{"@context":"https:\/\/schema.org","@graph":[{"@type":"WebPage","@id":"https:\/\/redeicm.org.br\/saojose\/servico-de-convivencia-e-fortalecimento-de-vinculos-scfv\/","url":"https:\/\/redeicm.org.br\/saojose\/servico-de-convivencia-e-fortalecimento-de-vinculos-scfv\/","name":"Servi\u00e7o de Conviv\u00eancia e Fortalecimento de V\u00ednculos (SCFV) - Educand\u00e1rio S\u00e3o Jos\u00e9 de Bel\u00e9m | Rede ICM de Educa\u00e7\u00e3o e Assist\u00eancia Social","isPartOf":{"@id":"https:\/\/redeicm.org.br\/saojose\/#website"},"primaryImageOfPage":{"@id":"https:\/\/redeicm.org.br\/saojose\/servico-de-convivencia-e-fortalecimento-de-vinculos-scfv\/#primaryimage"},"image":{"@id":"https:\/\/redeicm.org.br\/saojose\/servico-de-convivencia-e-fortalecimento-de-vinculos-scfv\/#primaryimage"},"thumbnailUrl":"https:\/\/redeicm.org.br\/saojose\/wp-content\/uploads\/sites\/22\/2024\/08\/banner-barbara-maix.jpg","datePublished":"2024-08-16T18:58:14+00:00","dateModified":"2026-03-13T13:42:54+00:00","breadcrumb":{"@id":"https:\/\/redeicm.org.br\/saojose\/servico-de-convivencia-e-fortalecimento-de-vinculos-scfv\/#breadcrumb"},"inLanguage":"pt-BR","potentialAction":[{"@type":"ReadAction","target":["https:\/\/redeicm.org.br\/saojose\/servico-de-convivencia-e-fortalecimento-de-vinculos-scfv\/"]}]},{"@type":"ImageObject","inLanguage":"pt-BR","@id":"https:\/\/redeicm.org.br\/saojose\/servico-de-convivencia-e-fortalecimento-de-vinculos-scfv\/#primaryimage","url":"https:\/\/redeicm.org.br\/saojose\/wp-content\/uploads\/sites\/22\/2024\/08\/banner-barbara-maix.jpg","contentUrl":"https:\/\/redeicm.org.br\/saojose\/wp-content\/uploads\/sites\/22\/2024\/08\/banner-barbara-maix.jpg","width":1440,"height":400},{"@type":"BreadcrumbList","@id":"https:\/\/redeicm.org.br\/saojose\/servico-de-convivencia-e-fortalecimento-de-vinculos-scfv\/#breadcrumb","itemListElement":[{"@type":"ListItem","position":1,"name":"In\u00edcio","item":"https:\/\/redeicm.org.br\/saojose\/"},{"@type":"ListItem","position":2,"name":"Servi\u00e7o de Conviv\u00eancia e Fortalecimento de V\u00ednculos (SCFV)"}]},{"@type":"WebSite","@id":"https:\/\/redeicm.org.br\/saojose\/#website","url":"https:\/\/redeicm.org.br\/saojose\/","name":"Educand\u00e1rio S\u00e3o Jos\u00e9 de Bel\u00e9m | Rede ICM de Educa\u00e7\u00e3o e Assist\u00eancia Social","description":"","publisher":{"@id":"https:\/\/redeicm.org.br\/saojose\/#organization"},"potentialAction":[{"@type":"SearchAction","target":{"@type":"EntryPoint","urlTemplate":"https:\/\/redeicm.org.br\/saojose\/?s={search_term_string}"},"query-input":{"@type":"PropertyValueSpecification","valueRequired":true,"valueName":"search_term_string"}}],"inLanguage":"pt-BR"},{"@type":"Organization","@id":"https:\/\/redeicm.org.br\/saojose\/#organization","name":"Educand\u00e1rio S\u00e3o Jos\u00e9 de Bel\u00e9m | Rede ICM de Educa\u00e7\u00e3o e Assist\u00eancia Social","url":"https:\/\/redeicm.org.br\/saojose\/","logo":{"@type":"ImageObject","inLanguage":"pt-BR","@id":"https:\/\/redeicm.org.br\/saojose\/#\/schema\/logo\/image\/","url":"https:\/\/redeicm.org.br\/saojose\/wp-content\/uploads\/sites\/22\/2024\/08\/logo-icm-educandario-sao-jose-do-belem.webp","contentUrl":"https:\/\/redeicm.org.br\/saojose\/wp-content\/uploads\/sites\/22\/2024\/08\/logo-icm-educandario-sao-jose-do-belem.webp","width":1024,"height":385,"caption":"Educand\u00e1rio S\u00e3o Jos\u00e9 de Bel\u00e9m | Rede ICM de Educa\u00e7\u00e3o e Assist\u00eancia Social"},"image":{"@id":"https:\/\/redeicm.org.br\/saojose\/#\/schema\/logo\/image\/"}}]}},"_links":{"self":[{"href":"https:\/\/redeicm.org.br\/saojose\/wp-json\/wp\/v2\/pages\/159","targetHints":{"allow":["GET"]}}],"collection":[{"href":"https:\/\/redeicm.org.br\/saojose\/wp-json\/wp\/v2\/pages"}],"about":[{"href":"https:\/\/redeicm.org.br\/saojose\/wp-json\/wp\/v2\/types\/page"}],"author":[{"embeddable":true,"href":"https:\/\/redeicm.org.br\/saojose\/wp-json\/wp\/v2\/users\/1"}],"replies":[{"embeddable":true,"href":"https:\/\/redeicm.org.br\/saojose\/wp-json\/wp\/v2\/comments?post=159"}],"version-history":[{"count":26,"href":"https:\/\/redeicm.org.br\/saojose\/wp-json\/wp\/v2\/pages\/159\/revisions"}],"predecessor-version":[{"id":873,"href":"https:\/\/redeicm.org.br\/saojose\/wp-json\/wp\/v2\/pages\/159\/revisions\/873"}],"wp:featuredmedia":[{"embeddable":true,"href":"https:\/\/redeicm.org.br\/saojose\/wp-json\/wp\/v2\/media\/163"}],"wp:attachment":[{"href":"https:\/\/redeicm.org.br\/saojose\/wp-json\/wp\/v2\/media?parent=159"}],"curies":[{"name":"wp","href":"https:\/\/api.w.org\/{rel}","templated":true}]}}