{"id":118,"date":"2024-08-16T15:57:56","date_gmt":"2024-08-16T18:57:56","guid":{"rendered":"https:\/\/redeicm.org.br\/saojose\/ensino-medio\/"},"modified":"2025-10-16T16:13:32","modified_gmt":"2025-10-16T19:13:32","slug":"certificado-de-entidade-beneficente-de-assistencia-social","status":"publish","type":"page","link":"https:\/\/redeicm.org.br\/saojose\/certificado-de-entidade-beneficente-de-assistencia-social\/","title":{"rendered":"Certificado de  Entidade Beneficente de Assist\u00eancia Social"},"content":{"rendered":"\t\t<div data-elementor-type=\"wp-page\" data-elementor-id=\"118\" class=\"elementor elementor-118\" data-elementor-post-type=\"page\">\n\t\t\t\t<div class=\"elementor-element elementor-element-f599064 e-con-full e-flex e-con e-parent\" data-id=\"f599064\" data-element_type=\"container\" data-e-type=\"container\">\n\t\t<div class=\"elementor-element elementor-element-110cf4e e-flex e-con-boxed e-con e-child\" data-id=\"110cf4e\" data-element_type=\"container\" data-e-type=\"container\">\n\t\t\t\t\t<div class=\"e-con-inner\">\n\t\t\t\t<div class=\"elementor-element elementor-element-7ed32f3 elementor-widget elementor-widget-image\" data-id=\"7ed32f3\" data-element_type=\"widget\" data-e-type=\"widget\" data-widget_type=\"image.default\">\n\t\t\t\t<div class=\"elementor-widget-container\">\n\t\t\t\t\t\t\t\t\t\t\t\t\t\t\t<img fetchpriority=\"high\" decoding=\"async\" width=\"800\" height=\"562\" src=\"https:\/\/redeicm.org.br\/saojose\/wp-content\/uploads\/sites\/22\/2024\/09\/Entidade-Beneficiente-1024x719-1.png\" class=\"attachment-large size-large wp-image-304\" alt=\"\" srcset=\"https:\/\/redeicm.org.br\/saojose\/wp-content\/uploads\/sites\/22\/2024\/09\/Entidade-Beneficiente-1024x719-1.png 1024w, https:\/\/redeicm.org.br\/saojose\/wp-content\/uploads\/sites\/22\/2024\/09\/Entidade-Beneficiente-1024x719-1-300x211.png 300w, https:\/\/redeicm.org.br\/saojose\/wp-content\/uploads\/sites\/22\/2024\/09\/Entidade-Beneficiente-1024x719-1-768x539.png 768w\" sizes=\"(max-width: 800px) 100vw, 800px\" \/>\t\t\t\t\t\t\t\t\t\t\t\t\t\t\t<\/div>\n\t\t\t\t<\/div>\n\t\t\t\t\t<\/div>\n\t\t\t\t<\/div>\n\t\t\t\t<\/div>\n\t\t\t\t<\/div>\n\t\t","protected":false},"excerpt":{"rendered":"","protected":false},"author":1,"featured_media":121,"parent":0,"menu_order":0,"comment_status":"closed","ping_status":"closed","template":"","meta":{"_acf_changed":false,"footnotes":""},"class_list":["post-118","page","type-page","status-publish","has-post-thumbnail","hentry"],"acf":[],"yoast_head":"<!-- This site is optimized with the Yoast SEO plugin v26.3 - https:\/\/yoast.com\/wordpress\/plugins\/seo\/ -->\n<title>Certificado de Entidade Beneficente de Assist\u00eancia Social - Educand\u00e1rio S\u00e3o Jos\u00e9 de Bel\u00e9m | Rede ICM de Educa\u00e7\u00e3o e Assist\u00eancia Social<\/title>\n<meta name=\"robots\" content=\"index, follow, max-snippet:-1, max-image-preview:large, max-video-preview:-1\" \/>\n<link rel=\"canonical\" href=\"https:\/\/redeicm.org.br\/saojose\/certificado-de-entidade-beneficente-de-assistencia-social\/\" \/>\n<meta property=\"og:locale\" content=\"pt_BR\" \/>\n<meta property=\"og:type\" content=\"article\" \/>\n<meta property=\"og:title\" content=\"Certificado de Entidade Beneficente de Assist\u00eancia Social - Educand\u00e1rio S\u00e3o Jos\u00e9 de Bel\u00e9m | Rede ICM de Educa\u00e7\u00e3o e Assist\u00eancia Social\" \/>\n<meta property=\"og:url\" content=\"https:\/\/redeicm.org.br\/saojose\/certificado-de-entidade-beneficente-de-assistencia-social\/\" \/>\n<meta property=\"og:site_name\" content=\"Educand\u00e1rio S\u00e3o Jos\u00e9 de Bel\u00e9m | Rede ICM de Educa\u00e7\u00e3o e Assist\u00eancia Social\" \/>\n<meta property=\"article:modified_time\" content=\"2025-10-16T19:13:32+00:00\" \/>\n<meta property=\"og:image\" content=\"https:\/\/redeicm.org.br\/saojose\/wp-content\/uploads\/sites\/22\/2024\/08\/banner-ensino-medio.jpg\" \/>\n\t<meta property=\"og:image:width\" content=\"1440\" \/>\n\t<meta property=\"og:image:height\" content=\"401\" \/>\n\t<meta property=\"og:image:type\" content=\"image\/jpeg\" \/>\n<meta name=\"twitter:card\" content=\"summary_large_image\" \/>\n<script type=\"application\/ld+json\" class=\"yoast-schema-graph\">{\"@context\":\"https:\/\/schema.org\",\"@graph\":[{\"@type\":\"WebPage\",\"@id\":\"https:\/\/redeicm.org.br\/saojose\/certificado-de-entidade-beneficente-de-assistencia-social\/\",\"url\":\"https:\/\/redeicm.org.br\/saojose\/certificado-de-entidade-beneficente-de-assistencia-social\/\",\"name\":\"Certificado de Entidade Beneficente de Assist\u00eancia Social - Educand\u00e1rio S\u00e3o Jos\u00e9 de Bel\u00e9m | Rede ICM de Educa\u00e7\u00e3o e Assist\u00eancia Social\",\"isPartOf\":{\"@id\":\"https:\/\/redeicm.org.br\/saojose\/#website\"},\"primaryImageOfPage\":{\"@id\":\"https:\/\/redeicm.org.br\/saojose\/certificado-de-entidade-beneficente-de-assistencia-social\/#primaryimage\"},\"image\":{\"@id\":\"https:\/\/redeicm.org.br\/saojose\/certificado-de-entidade-beneficente-de-assistencia-social\/#primaryimage\"},\"thumbnailUrl\":\"https:\/\/redeicm.org.br\/saojose\/wp-content\/uploads\/sites\/22\/2024\/08\/banner-ensino-medio.jpg\",\"datePublished\":\"2024-08-16T18:57:56+00:00\",\"dateModified\":\"2025-10-16T19:13:32+00:00\",\"breadcrumb\":{\"@id\":\"https:\/\/redeicm.org.br\/saojose\/certificado-de-entidade-beneficente-de-assistencia-social\/#breadcrumb\"},\"inLanguage\":\"pt-BR\",\"potentialAction\":[{\"@type\":\"ReadAction\",\"target\":[\"https:\/\/redeicm.org.br\/saojose\/certificado-de-entidade-beneficente-de-assistencia-social\/\"]}]},{\"@type\":\"ImageObject\",\"inLanguage\":\"pt-BR\",\"@id\":\"https:\/\/redeicm.org.br\/saojose\/certificado-de-entidade-beneficente-de-assistencia-social\/#primaryimage\",\"url\":\"https:\/\/redeicm.org.br\/saojose\/wp-content\/uploads\/sites\/22\/2024\/08\/banner-ensino-medio.jpg\",\"contentUrl\":\"https:\/\/redeicm.org.br\/saojose\/wp-content\/uploads\/sites\/22\/2024\/08\/banner-ensino-medio.jpg\",\"width\":1440,\"height\":401},{\"@type\":\"BreadcrumbList\",\"@id\":\"https:\/\/redeicm.org.br\/saojose\/certificado-de-entidade-beneficente-de-assistencia-social\/#breadcrumb\",\"itemListElement\":[{\"@type\":\"ListItem\",\"position\":1,\"name\":\"In\u00edcio\",\"item\":\"https:\/\/redeicm.org.br\/saojose\/\"},{\"@type\":\"ListItem\",\"position\":2,\"name\":\"Certificado de Entidade Beneficente de Assist\u00eancia Social\"}]},{\"@type\":\"WebSite\",\"@id\":\"https:\/\/redeicm.org.br\/saojose\/#website\",\"url\":\"https:\/\/redeicm.org.br\/saojose\/\",\"name\":\"Educand\u00e1rio S\u00e3o Jos\u00e9 de Bel\u00e9m | Rede ICM de Educa\u00e7\u00e3o e Assist\u00eancia Social\",\"description\":\"\",\"publisher\":{\"@id\":\"https:\/\/redeicm.org.br\/saojose\/#organization\"},\"potentialAction\":[{\"@type\":\"SearchAction\",\"target\":{\"@type\":\"EntryPoint\",\"urlTemplate\":\"https:\/\/redeicm.org.br\/saojose\/?s={search_term_string}\"},\"query-input\":{\"@type\":\"PropertyValueSpecification\",\"valueRequired\":true,\"valueName\":\"search_term_string\"}}],\"inLanguage\":\"pt-BR\"},{\"@type\":\"Organization\",\"@id\":\"https:\/\/redeicm.org.br\/saojose\/#organization\",\"name\":\"Educand\u00e1rio S\u00e3o Jos\u00e9 de Bel\u00e9m | Rede ICM de Educa\u00e7\u00e3o e Assist\u00eancia Social\",\"url\":\"https:\/\/redeicm.org.br\/saojose\/\",\"logo\":{\"@type\":\"ImageObject\",\"inLanguage\":\"pt-BR\",\"@id\":\"https:\/\/redeicm.org.br\/saojose\/#\/schema\/logo\/image\/\",\"url\":\"https:\/\/redeicm.org.br\/saojose\/wp-content\/uploads\/sites\/22\/2024\/08\/logo-icm-educandario-sao-jose-do-belem.webp\",\"contentUrl\":\"https:\/\/redeicm.org.br\/saojose\/wp-content\/uploads\/sites\/22\/2024\/08\/logo-icm-educandario-sao-jose-do-belem.webp\",\"width\":1024,\"height\":385,\"caption\":\"Educand\u00e1rio S\u00e3o Jos\u00e9 de Bel\u00e9m | Rede ICM de Educa\u00e7\u00e3o e Assist\u00eancia Social\"},\"image\":{\"@id\":\"https:\/\/redeicm.org.br\/saojose\/#\/schema\/logo\/image\/\"}}]}<\/script>\n<!-- \/ Yoast SEO plugin. -->","yoast_head_json":{"title":"Certificado de Entidade Beneficente de Assist\u00eancia Social - Educand\u00e1rio S\u00e3o Jos\u00e9 de Bel\u00e9m | Rede ICM de Educa\u00e7\u00e3o e Assist\u00eancia Social","robots":{"index":"index","follow":"follow","max-snippet":"max-snippet:-1","max-image-preview":"max-image-preview:large","max-video-preview":"max-video-preview:-1"},"canonical":"https:\/\/redeicm.org.br\/saojose\/certificado-de-entidade-beneficente-de-assistencia-social\/","og_locale":"pt_BR","og_type":"article","og_title":"Certificado de Entidade Beneficente de Assist\u00eancia Social - Educand\u00e1rio S\u00e3o Jos\u00e9 de Bel\u00e9m | Rede ICM de Educa\u00e7\u00e3o e Assist\u00eancia Social","og_url":"https:\/\/redeicm.org.br\/saojose\/certificado-de-entidade-beneficente-de-assistencia-social\/","og_site_name":"Educand\u00e1rio S\u00e3o Jos\u00e9 de Bel\u00e9m | Rede ICM de Educa\u00e7\u00e3o e Assist\u00eancia Social","article_modified_time":"2025-10-16T19:13:32+00:00","og_image":[{"width":1440,"height":401,"url":"https:\/\/redeicm.org.br\/saojose\/wp-content\/uploads\/sites\/22\/2024\/08\/banner-ensino-medio.jpg","type":"image\/jpeg"}],"twitter_card":"summary_large_image","schema":{"@context":"https:\/\/schema.org","@graph":[{"@type":"WebPage","@id":"https:\/\/redeicm.org.br\/saojose\/certificado-de-entidade-beneficente-de-assistencia-social\/","url":"https:\/\/redeicm.org.br\/saojose\/certificado-de-entidade-beneficente-de-assistencia-social\/","name":"Certificado de Entidade Beneficente de Assist\u00eancia Social - Educand\u00e1rio S\u00e3o Jos\u00e9 de Bel\u00e9m | Rede ICM de Educa\u00e7\u00e3o e Assist\u00eancia Social","isPartOf":{"@id":"https:\/\/redeicm.org.br\/saojose\/#website"},"primaryImageOfPage":{"@id":"https:\/\/redeicm.org.br\/saojose\/certificado-de-entidade-beneficente-de-assistencia-social\/#primaryimage"},"image":{"@id":"https:\/\/redeicm.org.br\/saojose\/certificado-de-entidade-beneficente-de-assistencia-social\/#primaryimage"},"thumbnailUrl":"https:\/\/redeicm.org.br\/saojose\/wp-content\/uploads\/sites\/22\/2024\/08\/banner-ensino-medio.jpg","datePublished":"2024-08-16T18:57:56+00:00","dateModified":"2025-10-16T19:13:32+00:00","breadcrumb":{"@id":"https:\/\/redeicm.org.br\/saojose\/certificado-de-entidade-beneficente-de-assistencia-social\/#breadcrumb"},"inLanguage":"pt-BR","potentialAction":[{"@type":"ReadAction","target":["https:\/\/redeicm.org.br\/saojose\/certificado-de-entidade-beneficente-de-assistencia-social\/"]}]},{"@type":"ImageObject","inLanguage":"pt-BR","@id":"https:\/\/redeicm.org.br\/saojose\/certificado-de-entidade-beneficente-de-assistencia-social\/#primaryimage","url":"https:\/\/redeicm.org.br\/saojose\/wp-content\/uploads\/sites\/22\/2024\/08\/banner-ensino-medio.jpg","contentUrl":"https:\/\/redeicm.org.br\/saojose\/wp-content\/uploads\/sites\/22\/2024\/08\/banner-ensino-medio.jpg","width":1440,"height":401},{"@type":"BreadcrumbList","@id":"https:\/\/redeicm.org.br\/saojose\/certificado-de-entidade-beneficente-de-assistencia-social\/#breadcrumb","itemListElement":[{"@type":"ListItem","position":1,"name":"In\u00edcio","item":"https:\/\/redeicm.org.br\/saojose\/"},{"@type":"ListItem","position":2,"name":"Certificado de Entidade Beneficente de Assist\u00eancia Social"}]},{"@type":"WebSite","@id":"https:\/\/redeicm.org.br\/saojose\/#website","url":"https:\/\/redeicm.org.br\/saojose\/","name":"Educand\u00e1rio S\u00e3o Jos\u00e9 de Bel\u00e9m | Rede ICM de Educa\u00e7\u00e3o e Assist\u00eancia Social","description":"","publisher":{"@id":"https:\/\/redeicm.org.br\/saojose\/#organization"},"potentialAction":[{"@type":"SearchAction","target":{"@type":"EntryPoint","urlTemplate":"https:\/\/redeicm.org.br\/saojose\/?s={search_term_string}"},"query-input":{"@type":"PropertyValueSpecification","valueRequired":true,"valueName":"search_term_string"}}],"inLanguage":"pt-BR"},{"@type":"Organization","@id":"https:\/\/redeicm.org.br\/saojose\/#organization","name":"Educand\u00e1rio S\u00e3o Jos\u00e9 de Bel\u00e9m | Rede ICM de Educa\u00e7\u00e3o e Assist\u00eancia Social","url":"https:\/\/redeicm.org.br\/saojose\/","logo":{"@type":"ImageObject","inLanguage":"pt-BR","@id":"https:\/\/redeicm.org.br\/saojose\/#\/schema\/logo\/image\/","url":"https:\/\/redeicm.org.br\/saojose\/wp-content\/uploads\/sites\/22\/2024\/08\/logo-icm-educandario-sao-jose-do-belem.webp","contentUrl":"https:\/\/redeicm.org.br\/saojose\/wp-content\/uploads\/sites\/22\/2024\/08\/logo-icm-educandario-sao-jose-do-belem.webp","width":1024,"height":385,"caption":"Educand\u00e1rio S\u00e3o Jos\u00e9 de Bel\u00e9m | Rede ICM de Educa\u00e7\u00e3o e Assist\u00eancia Social"},"image":{"@id":"https:\/\/redeicm.org.br\/saojose\/#\/schema\/logo\/image\/"}}]}},"_links":{"self":[{"href":"https:\/\/redeicm.org.br\/saojose\/wp-json\/wp\/v2\/pages\/118","targetHints":{"allow":["GET"]}}],"collection":[{"href":"https:\/\/redeicm.org.br\/saojose\/wp-json\/wp\/v2\/pages"}],"about":[{"href":"https:\/\/redeicm.org.br\/saojose\/wp-json\/wp\/v2\/types\/page"}],"author":[{"embeddable":true,"href":"https:\/\/redeicm.org.br\/saojose\/wp-json\/wp\/v2\/users\/1"}],"replies":[{"embeddable":true,"href":"https:\/\/redeicm.org.br\/saojose\/wp-json\/wp\/v2\/comments?post=118"}],"version-history":[{"count":15,"href":"https:\/\/redeicm.org.br\/saojose\/wp-json\/wp\/v2\/pages\/118\/revisions"}],"predecessor-version":[{"id":821,"href":"https:\/\/redeicm.org.br\/saojose\/wp-json\/wp\/v2\/pages\/118\/revisions\/821"}],"wp:featuredmedia":[{"embeddable":true,"href":"https:\/\/redeicm.org.br\/saojose\/wp-json\/wp\/v2\/media\/121"}],"wp:attachment":[{"href":"https:\/\/redeicm.org.br\/saojose\/wp-json\/wp\/v2\/media?parent=118"}],"curies":[{"name":"wp","href":"https:\/\/api.w.org\/{rel}","templated":true}]}}