{"id":321,"date":"2024-09-09T15:55:27","date_gmt":"2024-09-09T18:55:27","guid":{"rendered":"https:\/\/redeicm.org.br\/saobenedito\/?page_id=321"},"modified":"2025-05-27T10:25:21","modified_gmt":"2025-05-27T13:25:21","slug":"sistema-de-avaliacao","status":"publish","type":"page","link":"https:\/\/redeicm.org.br\/saobenedito\/sistema-de-avaliacao\/","title":{"rendered":"Sistema de Avalia\u00e7\u00e3o"},"content":{"rendered":"\t\t<div data-elementor-type=\"wp-page\" data-elementor-id=\"321\" class=\"elementor elementor-321\" data-elementor-post-type=\"page\">\n\t\t\t\t<div class=\"elementor-element elementor-element-332469c e-con-full e-flex e-con e-parent\" data-id=\"332469c\" data-element_type=\"container\" data-e-type=\"container\">\n\t\t<div class=\"elementor-element elementor-element-29ff129 e-flex e-con-boxed e-con e-child\" data-id=\"29ff129\" data-element_type=\"container\" data-e-type=\"container\">\n\t\t\t\t\t<div class=\"e-con-inner\">\n\t\t\t\t<div class=\"elementor-element elementor-element-bf78b94 elementor-invisible elementor-widget elementor-widget-text-editor\" data-id=\"bf78b94\" data-element_type=\"widget\" data-e-type=\"widget\" data-settings=\"{&quot;_animation&quot;:&quot;fadeInUp&quot;}\" data-widget_type=\"text-editor.default\">\n\t\t\t\t<div class=\"elementor-widget-container\">\n\t\t\t\t\t\t\t\t\t<p>A avalia\u00e7\u00e3o \u00e9 an\u00e1lise do desenvolvimento das rela\u00e7\u00f5es pedag\u00f3gicas, processo em que, pensando a pr\u00e1tica, analisa-se a fundamenta\u00e7\u00e3o te\u00f3rica que o motiva e se redimensiona o planejamento sempre considerando a Proposta Educacional.<\/p><p><strong>Assim, a avalia\u00e7\u00e3o:<\/strong><\/p><ol><li>Consiste em dinamizar oportunidades de a\u00e7\u00e3o-reflex\u00e3o que sensibilizar\u00e3o o educando a novas quest\u00f5es, a partir de respostas formuladas;<\/li><li>\u00c9 cont\u00ednua e cumulativa, com preval\u00eancia dos aspectos qualitativos sobre os quantitativos;<\/li><li>Envolve o educando em seu todo biopsicossocial, abrangendo as tr\u00eas dimens\u00f5es cognitiva, afetiva e psicomotora;<\/li><li>\u00c9 instrumento auxiliar da aprendizagem significativa e, por isso, est\u00e1 estruturalmente vinculada ao processo metodol\u00f3gico com que a Escola est\u00e1 comprometida;<\/li><li>\u00c9 um julgamento de valor sobre dados relevantes para uma tomada de posi\u00e7\u00e3o, no qual se percebe o estado em que se est\u00e1 e a dist\u00e2ncia do que se quer, e \u00e9 est\u00edmulo par atingir o que se quer;<\/li><li>\u00c9 um instrumento de crescimento pessoal e comunit\u00e1rio;<\/li><li>Tem, na auto avalia\u00e7\u00e3o, um meio de crescimento no ser, na consci\u00eancia dos pr\u00f3prios valores e limita\u00e7\u00f5es;<\/li><li>D\u00e1-se ao longo de todo o processo pedag\u00f3gico com a participa\u00e7\u00e3o e o compromisso de todos: educadores, educandos e pais;<\/li><li>\u00c9 um todo globalizante que enfatiza a qualidade das modifica\u00e7\u00f5es que v\u00e3o se operando.<\/li><\/ol>\t\t\t\t\t\t\t\t<\/div>\n\t\t\t\t<\/div>\n\t\t\t\t\t<\/div>\n\t\t\t\t<\/div>\n\t\t\t\t<\/div>\n\t\t\t\t<\/div>\n\t\t","protected":false},"excerpt":{"rendered":"<p>A avalia\u00e7\u00e3o \u00e9 an\u00e1lise do desenvolvimento das rela\u00e7\u00f5es pedag\u00f3gicas, processo em que, pensando a pr\u00e1tica, analisa-se a fundamenta\u00e7\u00e3o te\u00f3rica que o motiva e se redimensiona o planejamento sempre considerando a Proposta Educacional. Assim, a avalia\u00e7\u00e3o: Consiste em dinamizar oportunidades de a\u00e7\u00e3o-reflex\u00e3o que sensibilizar\u00e3o o educando a novas quest\u00f5es, a partir de respostas formuladas; \u00c9 cont\u00ednua [&hellip;]<\/p>\n","protected":false},"author":1,"featured_media":0,"parent":0,"menu_order":0,"comment_status":"closed","ping_status":"closed","template":"","meta":{"_acf_changed":false,"footnotes":""},"class_list":["post-321","page","type-page","status-publish","hentry"],"acf":[],"yoast_head":"<!-- This site is optimized with the Yoast SEO plugin v26.3 - https:\/\/yoast.com\/wordpress\/plugins\/seo\/ -->\n<title>Sistema de Avalia\u00e7\u00e3o - Escola S\u00e3o Benedito | Rede ICM de educa\u00e7\u00e3o<\/title>\n<meta name=\"robots\" content=\"index, follow, max-snippet:-1, max-image-preview:large, max-video-preview:-1\" \/>\n<link rel=\"canonical\" href=\"https:\/\/redeicm.org.br\/saobenedito\/sistema-de-avaliacao\/\" \/>\n<meta property=\"og:locale\" content=\"pt_BR\" \/>\n<meta property=\"og:type\" content=\"article\" \/>\n<meta property=\"og:title\" content=\"Sistema de Avalia\u00e7\u00e3o - Escola S\u00e3o Benedito | Rede ICM de educa\u00e7\u00e3o\" \/>\n<meta property=\"og:description\" content=\"A avalia\u00e7\u00e3o \u00e9 an\u00e1lise do desenvolvimento das rela\u00e7\u00f5es pedag\u00f3gicas, processo em que, pensando a pr\u00e1tica, analisa-se a fundamenta\u00e7\u00e3o te\u00f3rica que o motiva e se redimensiona o planejamento sempre considerando a Proposta Educacional. Assim, a avalia\u00e7\u00e3o: Consiste em dinamizar oportunidades de a\u00e7\u00e3o-reflex\u00e3o que sensibilizar\u00e3o o educando a novas quest\u00f5es, a partir de respostas formuladas; \u00c9 cont\u00ednua [&hellip;]\" \/>\n<meta property=\"og:url\" content=\"https:\/\/redeicm.org.br\/saobenedito\/sistema-de-avaliacao\/\" \/>\n<meta property=\"og:site_name\" content=\"Escola S\u00e3o Benedito | Rede ICM de educa\u00e7\u00e3o\" \/>\n<meta property=\"article:modified_time\" content=\"2025-05-27T13:25:21+00:00\" \/>\n<meta name=\"twitter:card\" content=\"summary_large_image\" \/>\n<meta name=\"twitter:label1\" content=\"Est. tempo de leitura\" \/>\n\t<meta name=\"twitter:data1\" content=\"2 minutos\" \/>\n<script type=\"application\/ld+json\" class=\"yoast-schema-graph\">{\"@context\":\"https:\/\/schema.org\",\"@graph\":[{\"@type\":\"WebPage\",\"@id\":\"https:\/\/redeicm.org.br\/saobenedito\/sistema-de-avaliacao\/\",\"url\":\"https:\/\/redeicm.org.br\/saobenedito\/sistema-de-avaliacao\/\",\"name\":\"Sistema de Avalia\u00e7\u00e3o - Escola S\u00e3o Benedito | Rede ICM de educa\u00e7\u00e3o\",\"isPartOf\":{\"@id\":\"https:\/\/redeicm.org.br\/saobenedito\/#website\"},\"datePublished\":\"2024-09-09T18:55:27+00:00\",\"dateModified\":\"2025-05-27T13:25:21+00:00\",\"breadcrumb\":{\"@id\":\"https:\/\/redeicm.org.br\/saobenedito\/sistema-de-avaliacao\/#breadcrumb\"},\"inLanguage\":\"pt-BR\",\"potentialAction\":[{\"@type\":\"ReadAction\",\"target\":[\"https:\/\/redeicm.org.br\/saobenedito\/sistema-de-avaliacao\/\"]}]},{\"@type\":\"BreadcrumbList\",\"@id\":\"https:\/\/redeicm.org.br\/saobenedito\/sistema-de-avaliacao\/#breadcrumb\",\"itemListElement\":[{\"@type\":\"ListItem\",\"position\":1,\"name\":\"In\u00edcio\",\"item\":\"https:\/\/redeicm.org.br\/saobenedito\/\"},{\"@type\":\"ListItem\",\"position\":2,\"name\":\"Sistema de Avalia\u00e7\u00e3o\"}]},{\"@type\":\"WebSite\",\"@id\":\"https:\/\/redeicm.org.br\/saobenedito\/#website\",\"url\":\"https:\/\/redeicm.org.br\/saobenedito\/\",\"name\":\"Escola S\u00e3o Benedito | Rede ICM de educa\u00e7\u00e3o\",\"description\":\"\",\"publisher\":{\"@id\":\"https:\/\/redeicm.org.br\/saobenedito\/#organization\"},\"potentialAction\":[{\"@type\":\"SearchAction\",\"target\":{\"@type\":\"EntryPoint\",\"urlTemplate\":\"https:\/\/redeicm.org.br\/saobenedito\/?s={search_term_string}\"},\"query-input\":{\"@type\":\"PropertyValueSpecification\",\"valueRequired\":true,\"valueName\":\"search_term_string\"}}],\"inLanguage\":\"pt-BR\"},{\"@type\":\"Organization\",\"@id\":\"https:\/\/redeicm.org.br\/saobenedito\/#organization\",\"name\":\"Escola S\u00e3o Benedito | Rede ICM de educa\u00e7\u00e3o\",\"url\":\"https:\/\/redeicm.org.br\/saobenedito\/\",\"logo\":{\"@type\":\"ImageObject\",\"inLanguage\":\"pt-BR\",\"@id\":\"https:\/\/redeicm.org.br\/saobenedito\/#\/schema\/logo\/image\/\",\"url\":\"https:\/\/redeicm.org.br\/saobenedito\/wp-content\/uploads\/sites\/21\/2024\/08\/logo-icm-sao-benedito.webp\",\"contentUrl\":\"https:\/\/redeicm.org.br\/saobenedito\/wp-content\/uploads\/sites\/21\/2024\/08\/logo-icm-sao-benedito.webp\",\"width\":1024,\"height\":369,\"caption\":\"Escola S\u00e3o Benedito | Rede ICM de educa\u00e7\u00e3o\"},\"image\":{\"@id\":\"https:\/\/redeicm.org.br\/saobenedito\/#\/schema\/logo\/image\/\"}}]}<\/script>\n<!-- \/ Yoast SEO plugin. -->","yoast_head_json":{"title":"Sistema de Avalia\u00e7\u00e3o - Escola S\u00e3o Benedito | Rede ICM de educa\u00e7\u00e3o","robots":{"index":"index","follow":"follow","max-snippet":"max-snippet:-1","max-image-preview":"max-image-preview:large","max-video-preview":"max-video-preview:-1"},"canonical":"https:\/\/redeicm.org.br\/saobenedito\/sistema-de-avaliacao\/","og_locale":"pt_BR","og_type":"article","og_title":"Sistema de Avalia\u00e7\u00e3o - Escola S\u00e3o Benedito | Rede ICM de educa\u00e7\u00e3o","og_description":"A avalia\u00e7\u00e3o \u00e9 an\u00e1lise do desenvolvimento das rela\u00e7\u00f5es pedag\u00f3gicas, processo em que, pensando a pr\u00e1tica, analisa-se a fundamenta\u00e7\u00e3o te\u00f3rica que o motiva e se redimensiona o planejamento sempre considerando a Proposta Educacional. Assim, a avalia\u00e7\u00e3o: Consiste em dinamizar oportunidades de a\u00e7\u00e3o-reflex\u00e3o que sensibilizar\u00e3o o educando a novas quest\u00f5es, a partir de respostas formuladas; \u00c9 cont\u00ednua [&hellip;]","og_url":"https:\/\/redeicm.org.br\/saobenedito\/sistema-de-avaliacao\/","og_site_name":"Escola S\u00e3o Benedito | Rede ICM de educa\u00e7\u00e3o","article_modified_time":"2025-05-27T13:25:21+00:00","twitter_card":"summary_large_image","twitter_misc":{"Est. tempo de leitura":"2 minutos"},"schema":{"@context":"https:\/\/schema.org","@graph":[{"@type":"WebPage","@id":"https:\/\/redeicm.org.br\/saobenedito\/sistema-de-avaliacao\/","url":"https:\/\/redeicm.org.br\/saobenedito\/sistema-de-avaliacao\/","name":"Sistema de Avalia\u00e7\u00e3o - Escola S\u00e3o Benedito | Rede ICM de educa\u00e7\u00e3o","isPartOf":{"@id":"https:\/\/redeicm.org.br\/saobenedito\/#website"},"datePublished":"2024-09-09T18:55:27+00:00","dateModified":"2025-05-27T13:25:21+00:00","breadcrumb":{"@id":"https:\/\/redeicm.org.br\/saobenedito\/sistema-de-avaliacao\/#breadcrumb"},"inLanguage":"pt-BR","potentialAction":[{"@type":"ReadAction","target":["https:\/\/redeicm.org.br\/saobenedito\/sistema-de-avaliacao\/"]}]},{"@type":"BreadcrumbList","@id":"https:\/\/redeicm.org.br\/saobenedito\/sistema-de-avaliacao\/#breadcrumb","itemListElement":[{"@type":"ListItem","position":1,"name":"In\u00edcio","item":"https:\/\/redeicm.org.br\/saobenedito\/"},{"@type":"ListItem","position":2,"name":"Sistema de Avalia\u00e7\u00e3o"}]},{"@type":"WebSite","@id":"https:\/\/redeicm.org.br\/saobenedito\/#website","url":"https:\/\/redeicm.org.br\/saobenedito\/","name":"Escola S\u00e3o Benedito | Rede ICM de educa\u00e7\u00e3o","description":"","publisher":{"@id":"https:\/\/redeicm.org.br\/saobenedito\/#organization"},"potentialAction":[{"@type":"SearchAction","target":{"@type":"EntryPoint","urlTemplate":"https:\/\/redeicm.org.br\/saobenedito\/?s={search_term_string}"},"query-input":{"@type":"PropertyValueSpecification","valueRequired":true,"valueName":"search_term_string"}}],"inLanguage":"pt-BR"},{"@type":"Organization","@id":"https:\/\/redeicm.org.br\/saobenedito\/#organization","name":"Escola S\u00e3o Benedito | Rede ICM de educa\u00e7\u00e3o","url":"https:\/\/redeicm.org.br\/saobenedito\/","logo":{"@type":"ImageObject","inLanguage":"pt-BR","@id":"https:\/\/redeicm.org.br\/saobenedito\/#\/schema\/logo\/image\/","url":"https:\/\/redeicm.org.br\/saobenedito\/wp-content\/uploads\/sites\/21\/2024\/08\/logo-icm-sao-benedito.webp","contentUrl":"https:\/\/redeicm.org.br\/saobenedito\/wp-content\/uploads\/sites\/21\/2024\/08\/logo-icm-sao-benedito.webp","width":1024,"height":369,"caption":"Escola S\u00e3o Benedito | Rede ICM de educa\u00e7\u00e3o"},"image":{"@id":"https:\/\/redeicm.org.br\/saobenedito\/#\/schema\/logo\/image\/"}}]}},"_links":{"self":[{"href":"https:\/\/redeicm.org.br\/saobenedito\/wp-json\/wp\/v2\/pages\/321","targetHints":{"allow":["GET"]}}],"collection":[{"href":"https:\/\/redeicm.org.br\/saobenedito\/wp-json\/wp\/v2\/pages"}],"about":[{"href":"https:\/\/redeicm.org.br\/saobenedito\/wp-json\/wp\/v2\/types\/page"}],"author":[{"embeddable":true,"href":"https:\/\/redeicm.org.br\/saobenedito\/wp-json\/wp\/v2\/users\/1"}],"replies":[{"embeddable":true,"href":"https:\/\/redeicm.org.br\/saobenedito\/wp-json\/wp\/v2\/comments?post=321"}],"version-history":[{"count":13,"href":"https:\/\/redeicm.org.br\/saobenedito\/wp-json\/wp\/v2\/pages\/321\/revisions"}],"predecessor-version":[{"id":1640,"href":"https:\/\/redeicm.org.br\/saobenedito\/wp-json\/wp\/v2\/pages\/321\/revisions\/1640"}],"wp:attachment":[{"href":"https:\/\/redeicm.org.br\/saobenedito\/wp-json\/wp\/v2\/media?parent=321"}],"curies":[{"name":"wp","href":"https:\/\/api.w.org\/{rel}","templated":true}]}}