{"id":312,"date":"2024-09-09T15:53:10","date_gmt":"2024-09-09T18:53:10","guid":{"rendered":"https:\/\/redeicm.org.br\/saobenedito\/?page_id=312"},"modified":"2025-05-27T10:21:51","modified_gmt":"2025-05-27T13:21:51","slug":"proposta-educacional","status":"publish","type":"page","link":"https:\/\/redeicm.org.br\/saobenedito\/proposta-educacional\/","title":{"rendered":"Proposta Educacional"},"content":{"rendered":"\t\t<div data-elementor-type=\"wp-page\" data-elementor-id=\"312\" class=\"elementor elementor-312\" data-elementor-post-type=\"page\">\n\t\t\t\t<div class=\"elementor-element elementor-element-26fb433 e-con-full e-flex e-con e-parent\" data-id=\"26fb433\" data-element_type=\"container\" data-e-type=\"container\">\n\t\t<div class=\"elementor-element elementor-element-3701742 e-flex e-con-boxed e-con e-child\" data-id=\"3701742\" data-element_type=\"container\" data-e-type=\"container\">\n\t\t\t\t\t<div class=\"e-con-inner\">\n\t\t\t\t<div class=\"elementor-element elementor-element-d7650f8 elementor-invisible elementor-widget elementor-widget-text-editor\" data-id=\"d7650f8\" data-element_type=\"widget\" data-e-type=\"widget\" data-settings=\"{&quot;_animation&quot;:&quot;fadeInUp&quot;}\" data-widget_type=\"text-editor.default\">\n\t\t\t\t<div class=\"elementor-widget-container\">\n\t\t\t\t\t\t\t\t\t<p>A Escola assume a avalia\u00e7\u00e3o como um processo din\u00e2mico e permanente do qual participam todos os elementos da comunidade educativa e visa:<\/p><ol><li>Um constante \u201cpensar a pr\u00e1tica\u201d e retom\u00e1-la com a finalidade de diagnosticar o que est\u00e1 acontecendo e reorientar o processo pedag\u00f3gico;<\/li><li>Identificar os meios e instrumentos que est\u00e3o sendo empregados para atingir os objetivos propostos e os resultados a que est\u00e3o sendo conduzidos;<\/li><li>Identificar a atua\u00e7\u00e3o da escola na Comunidade local, sua presen\u00e7a e influ\u00eancia no mundo da educa\u00e7\u00e3o e sua integra\u00e7\u00e3o na Pastoral Org\u00e2nica;<\/li><li>Identificar a adequa\u00e7\u00e3o do pr\u00e9dio e dos equipamentos \u00e0s necessidades e exig\u00eancias do processo educativo;<\/li><li>Possibilitar modifica\u00e7\u00f5es constantes no trabalho, servindo de base para ao planejamento para o pr\u00f3ximo ano.<\/li><\/ol><p>\u00a0\u00a0\u00a0\u00a0 As formas de realiza\u00e7\u00e3o do processo de avalia\u00e7\u00e3o institucional, os instrumentos de avalia\u00e7\u00e3o e a forma de apresenta\u00e7\u00e3o dos resultados est\u00e3o definidos no Plano Global da Escola.<\/p><p><strong>AVALIA\u00c7\u00c3O DA APRENDIZAGEM:<\/strong><\/p><p>A avalia\u00e7\u00e3o, como processo sistem\u00e1tico de acompanhamento, assist\u00eancia e orienta\u00e7\u00e3o ao crescimento do educando, tem com o objetivo auxili\u00e1-lo na descoberta de seus pr\u00f3prios valores, na constru\u00e7\u00e3o de seu saber, buscando descobrir as causas que prejudicam o seu desenvolvimento individual e coletivo, proporcionando ao Professor as condi\u00e7\u00f5es necess\u00e1rias para verificar se e como as mudan\u00e7as est\u00e3o operando e encaminhar o replanejamento de sua a\u00e7\u00e3o pedag\u00f3gica.<\/p>\t\t\t\t\t\t\t\t<\/div>\n\t\t\t\t<\/div>\n\t\t\t\t\t<\/div>\n\t\t\t\t<\/div>\n\t\t\t\t<\/div>\n\t\t\t\t<\/div>\n\t\t","protected":false},"excerpt":{"rendered":"<p>A Escola assume a avalia\u00e7\u00e3o como um processo din\u00e2mico e permanente do qual participam todos os elementos da comunidade educativa e visa: Um constante \u201cpensar a pr\u00e1tica\u201d e retom\u00e1-la com a finalidade de diagnosticar o que est\u00e1 acontecendo e reorientar o processo pedag\u00f3gico; Identificar os meios e instrumentos que est\u00e3o sendo empregados para atingir os [&hellip;]<\/p>\n","protected":false},"author":1,"featured_media":0,"parent":0,"menu_order":0,"comment_status":"closed","ping_status":"closed","template":"","meta":{"_acf_changed":false,"footnotes":""},"class_list":["post-312","page","type-page","status-publish","hentry"],"acf":[],"yoast_head":"<!-- This site is optimized with the Yoast SEO plugin v26.3 - https:\/\/yoast.com\/wordpress\/plugins\/seo\/ -->\n<title>Proposta Educacional - Escola S\u00e3o Benedito | Rede ICM de educa\u00e7\u00e3o<\/title>\n<meta name=\"robots\" content=\"index, follow, max-snippet:-1, max-image-preview:large, max-video-preview:-1\" \/>\n<link rel=\"canonical\" href=\"https:\/\/redeicm.org.br\/saobenedito\/proposta-educacional\/\" \/>\n<meta property=\"og:locale\" content=\"pt_BR\" \/>\n<meta property=\"og:type\" content=\"article\" \/>\n<meta property=\"og:title\" content=\"Proposta Educacional - Escola S\u00e3o Benedito | Rede ICM de educa\u00e7\u00e3o\" \/>\n<meta property=\"og:description\" content=\"A Escola assume a avalia\u00e7\u00e3o como um processo din\u00e2mico e permanente do qual participam todos os elementos da comunidade educativa e visa: Um constante \u201cpensar a pr\u00e1tica\u201d e retom\u00e1-la com a finalidade de diagnosticar o que est\u00e1 acontecendo e reorientar o processo pedag\u00f3gico; Identificar os meios e instrumentos que est\u00e3o sendo empregados para atingir os [&hellip;]\" \/>\n<meta property=\"og:url\" content=\"https:\/\/redeicm.org.br\/saobenedito\/proposta-educacional\/\" \/>\n<meta property=\"og:site_name\" content=\"Escola S\u00e3o Benedito | Rede ICM de educa\u00e7\u00e3o\" \/>\n<meta property=\"article:modified_time\" content=\"2025-05-27T13:21:51+00:00\" \/>\n<meta name=\"twitter:card\" content=\"summary_large_image\" \/>\n<meta name=\"twitter:label1\" content=\"Est. tempo de leitura\" \/>\n\t<meta name=\"twitter:data1\" content=\"2 minutos\" \/>\n<script type=\"application\/ld+json\" class=\"yoast-schema-graph\">{\"@context\":\"https:\/\/schema.org\",\"@graph\":[{\"@type\":\"WebPage\",\"@id\":\"https:\/\/redeicm.org.br\/saobenedito\/proposta-educacional\/\",\"url\":\"https:\/\/redeicm.org.br\/saobenedito\/proposta-educacional\/\",\"name\":\"Proposta Educacional - Escola S\u00e3o Benedito | Rede ICM de educa\u00e7\u00e3o\",\"isPartOf\":{\"@id\":\"https:\/\/redeicm.org.br\/saobenedito\/#website\"},\"datePublished\":\"2024-09-09T18:53:10+00:00\",\"dateModified\":\"2025-05-27T13:21:51+00:00\",\"breadcrumb\":{\"@id\":\"https:\/\/redeicm.org.br\/saobenedito\/proposta-educacional\/#breadcrumb\"},\"inLanguage\":\"pt-BR\",\"potentialAction\":[{\"@type\":\"ReadAction\",\"target\":[\"https:\/\/redeicm.org.br\/saobenedito\/proposta-educacional\/\"]}]},{\"@type\":\"BreadcrumbList\",\"@id\":\"https:\/\/redeicm.org.br\/saobenedito\/proposta-educacional\/#breadcrumb\",\"itemListElement\":[{\"@type\":\"ListItem\",\"position\":1,\"name\":\"In\u00edcio\",\"item\":\"https:\/\/redeicm.org.br\/saobenedito\/\"},{\"@type\":\"ListItem\",\"position\":2,\"name\":\"Proposta Educacional\"}]},{\"@type\":\"WebSite\",\"@id\":\"https:\/\/redeicm.org.br\/saobenedito\/#website\",\"url\":\"https:\/\/redeicm.org.br\/saobenedito\/\",\"name\":\"Escola S\u00e3o Benedito | Rede ICM de educa\u00e7\u00e3o\",\"description\":\"\",\"publisher\":{\"@id\":\"https:\/\/redeicm.org.br\/saobenedito\/#organization\"},\"potentialAction\":[{\"@type\":\"SearchAction\",\"target\":{\"@type\":\"EntryPoint\",\"urlTemplate\":\"https:\/\/redeicm.org.br\/saobenedito\/?s={search_term_string}\"},\"query-input\":{\"@type\":\"PropertyValueSpecification\",\"valueRequired\":true,\"valueName\":\"search_term_string\"}}],\"inLanguage\":\"pt-BR\"},{\"@type\":\"Organization\",\"@id\":\"https:\/\/redeicm.org.br\/saobenedito\/#organization\",\"name\":\"Escola S\u00e3o Benedito | Rede ICM de educa\u00e7\u00e3o\",\"url\":\"https:\/\/redeicm.org.br\/saobenedito\/\",\"logo\":{\"@type\":\"ImageObject\",\"inLanguage\":\"pt-BR\",\"@id\":\"https:\/\/redeicm.org.br\/saobenedito\/#\/schema\/logo\/image\/\",\"url\":\"https:\/\/redeicm.org.br\/saobenedito\/wp-content\/uploads\/sites\/21\/2024\/08\/logo-icm-sao-benedito.webp\",\"contentUrl\":\"https:\/\/redeicm.org.br\/saobenedito\/wp-content\/uploads\/sites\/21\/2024\/08\/logo-icm-sao-benedito.webp\",\"width\":1024,\"height\":369,\"caption\":\"Escola S\u00e3o Benedito | Rede ICM de educa\u00e7\u00e3o\"},\"image\":{\"@id\":\"https:\/\/redeicm.org.br\/saobenedito\/#\/schema\/logo\/image\/\"}}]}<\/script>\n<!-- \/ Yoast SEO plugin. -->","yoast_head_json":{"title":"Proposta Educacional - Escola S\u00e3o Benedito | Rede ICM de educa\u00e7\u00e3o","robots":{"index":"index","follow":"follow","max-snippet":"max-snippet:-1","max-image-preview":"max-image-preview:large","max-video-preview":"max-video-preview:-1"},"canonical":"https:\/\/redeicm.org.br\/saobenedito\/proposta-educacional\/","og_locale":"pt_BR","og_type":"article","og_title":"Proposta Educacional - Escola S\u00e3o Benedito | Rede ICM de educa\u00e7\u00e3o","og_description":"A Escola assume a avalia\u00e7\u00e3o como um processo din\u00e2mico e permanente do qual participam todos os elementos da comunidade educativa e visa: Um constante \u201cpensar a pr\u00e1tica\u201d e retom\u00e1-la com a finalidade de diagnosticar o que est\u00e1 acontecendo e reorientar o processo pedag\u00f3gico; Identificar os meios e instrumentos que est\u00e3o sendo empregados para atingir os [&hellip;]","og_url":"https:\/\/redeicm.org.br\/saobenedito\/proposta-educacional\/","og_site_name":"Escola S\u00e3o Benedito | Rede ICM de educa\u00e7\u00e3o","article_modified_time":"2025-05-27T13:21:51+00:00","twitter_card":"summary_large_image","twitter_misc":{"Est. tempo de leitura":"2 minutos"},"schema":{"@context":"https:\/\/schema.org","@graph":[{"@type":"WebPage","@id":"https:\/\/redeicm.org.br\/saobenedito\/proposta-educacional\/","url":"https:\/\/redeicm.org.br\/saobenedito\/proposta-educacional\/","name":"Proposta Educacional - Escola S\u00e3o Benedito | Rede ICM de educa\u00e7\u00e3o","isPartOf":{"@id":"https:\/\/redeicm.org.br\/saobenedito\/#website"},"datePublished":"2024-09-09T18:53:10+00:00","dateModified":"2025-05-27T13:21:51+00:00","breadcrumb":{"@id":"https:\/\/redeicm.org.br\/saobenedito\/proposta-educacional\/#breadcrumb"},"inLanguage":"pt-BR","potentialAction":[{"@type":"ReadAction","target":["https:\/\/redeicm.org.br\/saobenedito\/proposta-educacional\/"]}]},{"@type":"BreadcrumbList","@id":"https:\/\/redeicm.org.br\/saobenedito\/proposta-educacional\/#breadcrumb","itemListElement":[{"@type":"ListItem","position":1,"name":"In\u00edcio","item":"https:\/\/redeicm.org.br\/saobenedito\/"},{"@type":"ListItem","position":2,"name":"Proposta Educacional"}]},{"@type":"WebSite","@id":"https:\/\/redeicm.org.br\/saobenedito\/#website","url":"https:\/\/redeicm.org.br\/saobenedito\/","name":"Escola S\u00e3o Benedito | Rede ICM de educa\u00e7\u00e3o","description":"","publisher":{"@id":"https:\/\/redeicm.org.br\/saobenedito\/#organization"},"potentialAction":[{"@type":"SearchAction","target":{"@type":"EntryPoint","urlTemplate":"https:\/\/redeicm.org.br\/saobenedito\/?s={search_term_string}"},"query-input":{"@type":"PropertyValueSpecification","valueRequired":true,"valueName":"search_term_string"}}],"inLanguage":"pt-BR"},{"@type":"Organization","@id":"https:\/\/redeicm.org.br\/saobenedito\/#organization","name":"Escola S\u00e3o Benedito | Rede ICM de educa\u00e7\u00e3o","url":"https:\/\/redeicm.org.br\/saobenedito\/","logo":{"@type":"ImageObject","inLanguage":"pt-BR","@id":"https:\/\/redeicm.org.br\/saobenedito\/#\/schema\/logo\/image\/","url":"https:\/\/redeicm.org.br\/saobenedito\/wp-content\/uploads\/sites\/21\/2024\/08\/logo-icm-sao-benedito.webp","contentUrl":"https:\/\/redeicm.org.br\/saobenedito\/wp-content\/uploads\/sites\/21\/2024\/08\/logo-icm-sao-benedito.webp","width":1024,"height":369,"caption":"Escola S\u00e3o Benedito | Rede ICM de educa\u00e7\u00e3o"},"image":{"@id":"https:\/\/redeicm.org.br\/saobenedito\/#\/schema\/logo\/image\/"}}]}},"_links":{"self":[{"href":"https:\/\/redeicm.org.br\/saobenedito\/wp-json\/wp\/v2\/pages\/312","targetHints":{"allow":["GET"]}}],"collection":[{"href":"https:\/\/redeicm.org.br\/saobenedito\/wp-json\/wp\/v2\/pages"}],"about":[{"href":"https:\/\/redeicm.org.br\/saobenedito\/wp-json\/wp\/v2\/types\/page"}],"author":[{"embeddable":true,"href":"https:\/\/redeicm.org.br\/saobenedito\/wp-json\/wp\/v2\/users\/1"}],"replies":[{"embeddable":true,"href":"https:\/\/redeicm.org.br\/saobenedito\/wp-json\/wp\/v2\/comments?post=312"}],"version-history":[{"count":7,"href":"https:\/\/redeicm.org.br\/saobenedito\/wp-json\/wp\/v2\/pages\/312\/revisions"}],"predecessor-version":[{"id":1631,"href":"https:\/\/redeicm.org.br\/saobenedito\/wp-json\/wp\/v2\/pages\/312\/revisions\/1631"}],"wp:attachment":[{"href":"https:\/\/redeicm.org.br\/saobenedito\/wp-json\/wp\/v2\/media?parent=312"}],"curies":[{"name":"wp","href":"https:\/\/api.w.org\/{rel}","templated":true}]}}