{"id":292,"date":"2024-09-09T15:48:37","date_gmt":"2024-09-09T18:48:37","guid":{"rendered":"https:\/\/redeicm.org.br\/saobenedito\/?page_id=292"},"modified":"2025-02-27T00:35:16","modified_gmt":"2025-02-27T03:35:16","slug":"sobre-a-unidade-de-educacao","status":"publish","type":"page","link":"https:\/\/redeicm.org.br\/saobenedito\/sobre-a-unidade-de-educacao\/","title":{"rendered":"Sobre a Unidade de Educa\u00e7\u00e3o"},"content":{"rendered":"\t\t<div data-elementor-type=\"wp-page\" data-elementor-id=\"292\" class=\"elementor elementor-292\" data-elementor-post-type=\"page\">\n\t\t\t\t<div class=\"elementor-element elementor-element-b29d1fb e-flex e-con-boxed e-con e-parent\" data-id=\"b29d1fb\" data-element_type=\"container\" data-e-type=\"container\">\n\t\t\t\t\t<div class=\"e-con-inner\">\n\t\t\t\t\t<\/div>\n\t\t\t\t<\/div>\n\t\t<div class=\"elementor-element elementor-element-efda55c e-flex e-con-boxed e-con e-parent\" data-id=\"efda55c\" data-element_type=\"container\" data-e-type=\"container\">\n\t\t\t\t\t<div class=\"e-con-inner\">\n\t\t\t\t<div class=\"elementor-element elementor-element-8f98d3a elementor-widget elementor-widget-video\" data-id=\"8f98d3a\" data-element_type=\"widget\" data-e-type=\"widget\" data-settings=\"{&quot;youtube_url&quot;:&quot;https:\\\/\\\/youtu.be\\\/UQRvLsp6VPQ&quot;,&quot;autoplay&quot;:&quot;yes&quot;,&quot;video_type&quot;:&quot;youtube&quot;,&quot;controls&quot;:&quot;yes&quot;}\" data-widget_type=\"video.default\">\n\t\t\t\t<div class=\"elementor-widget-container\">\n\t\t\t\t\t\t\t<div class=\"elementor-wrapper elementor-open-inline\">\n\t\t\t<div class=\"elementor-video\"><\/div>\t\t<\/div>\n\t\t\t\t\t\t<\/div>\n\t\t\t\t<\/div>\n\t\t\t\t\t<\/div>\n\t\t\t\t<\/div>\n\t\t<div class=\"elementor-element elementor-element-ad6875c e-con-full e-flex e-con e-parent\" data-id=\"ad6875c\" data-element_type=\"container\" data-e-type=\"container\">\n\t\t<div class=\"elementor-element elementor-element-2090780 e-flex e-con-boxed e-con e-child\" data-id=\"2090780\" data-element_type=\"container\" data-e-type=\"container\">\n\t\t\t\t\t<div class=\"e-con-inner\">\n\t\t\t\t<div class=\"elementor-element elementor-element-1c1df52 elementor-invisible elementor-widget elementor-widget-text-editor\" data-id=\"1c1df52\" data-element_type=\"widget\" data-e-type=\"widget\" data-settings=\"{&quot;_animation&quot;:&quot;fadeInUp&quot;}\" data-widget_type=\"text-editor.default\">\n\t\t\t\t<div class=\"elementor-widget-container\">\n\t\t\t\t\t\t\t\t\t<p><strong>FUNDA\u00c7\u00c3O (1909)<\/strong><\/p><p><span style=\"font-weight: 400\">A Escola De Ensino Fundamental S\u00e3o Benedito foi fundada no dia 01 de setembro de 1909, intitulada \u201cOrfanato S\u00e3o Benedito\u201d por Luciana Lealdina de Ara\u00fajo, natural de Porto Alegre, com a finalidade de amparar as crian\u00e7as desvalidas, especialmente da orfandade necessitada.\u00a0<\/span><\/p><p><strong>PRIMEIRAS MUDAN\u00c7AS (1913-1919)<\/strong><\/p><p><span style=\"font-weight: 400\">Ficou a Institui\u00e7\u00e3o diretamente ligada \u00e0 Par\u00f3quia de S\u00e3o Sebasti\u00e3o, sob a dire\u00e7\u00e3o do Vig\u00e1rio C\u00f4nego Constabile Hip\u00f3lito, no que dizia respeito \u00e0 parte material do edif\u00edcio e seus pertences, e a fiscaliza\u00e7\u00e3o e dire\u00e7\u00e3o interna sob a vigil\u00e2ncia de sua fundadora. Por\u00e9m, em 1913, o ent\u00e3o vig\u00e1rio resolveu entregar a Dire\u00e7\u00e3o do Orfanato a uma associa\u00e7\u00e3o religiosa, escreveu \u00e0 Superiora Geral de nossa Congrega\u00e7\u00e3o pedindo algumas religiosas. A Madre Maria Margarida de S\u00e3o Jos\u00e9, Superiora Geral, n\u00e3o atendeu esse pedido, prometendo faz\u00ea-lo em ocasi\u00e3o mais prop\u00edcia, pois n\u00e3o dispunha de pessoal necess\u00e1rio. Mais tarde, com a elei\u00e7\u00e3o da nova Superiora Geral, Madre Maria In\u00eas de S\u00e3o Luiz, continuaram as insist\u00eancias, n\u00e3o s\u00f3 do Vig\u00e1rio, mas tamb\u00e9m de Dom Francisco de Campos Barreto, Bispo de Pelotas, j\u00e1 que Bag\u00e9 pertencia \u00e0 Comarca de Pelotas. A Madre Geral, em considera\u00e7\u00e3o a tais pedidos, concordou em mandar algumas irm\u00e3s, com o fim de tomarem conta deste Orfanato.<\/span><\/p><p><strong>CHEGADA DAS IRM\u00c3S E DESAFIOS FINANCEIROS (1919-1921)<\/strong><\/p><p><span style=\"font-weight: 400\">Em julho de 1919, foram nomeadas para assumir este Orfanato as seguintes Irm\u00e3s: Madre Maria Eufr\u00e1sia do Sant\u00edssimo Nome de Jesus, na qualidade de Superiora; Irm\u00e3 Maria Br\u00edgida de Nossa Senhora do Carmo, Irm\u00e3 Maria Augusta de Santo In\u00e1cio e Irm\u00e3 Maria Hermana de S\u00e3o Jos\u00e9. Em Porto Alegre se reuniram as 4 Irm\u00e3s, tomaram o vapor para Pelotas, e partiram, a 26 de julho, com destino a Bag\u00e9. Na chegada do trem, havia muitas pessoas amigas do orfanato \u00e0 espera das Irm\u00e3s, inclusive o vig\u00e1rio Constabile Hip\u00f3lito e o diretor do Col\u00e9gio Auxiliadora, Pe. Francisco Gayotto Salesiano.<\/span><\/p><p><span style=\"font-weight: 400\">O Orfanato passava por muitas dificuldades financeiras, as damas de caridade faziam doa\u00e7\u00f5es e se empenharam para ajudar as Irm\u00e3s. Tamb\u00e9m o Vig\u00e1rio fez doa\u00e7\u00e3o de uma cust\u00f3dia para as solenes exposi\u00e7\u00f5es do Sant\u00edssimo Sacramento, bem como uma linda imagem do Sagrado Cora\u00e7\u00e3o de Jesus, que ainda \u00e9 conservada na capela. S\u00e3o destacadas nesta \u00e9poca as duas grandes benfeitoras do Orfanato: Ana Doroth\u00e9ia Gaffr\u00e9e e a Sra. Francisca Torrescasana. A senhora D. Anna Dorothea Gaffr\u00e9e fez um importante donativo para suas protegidas e para que o pr\u00e9dio fosse melhorado ou ampliado. Ouvido o parecer da Madre Diretora, foi adquirido por compra os dois pr\u00e9dios e respectivos terrenos entre o orfanato e a rua Maurity. Ficou resolvido, conforme a ilustre doadora, que o pr\u00e9dio mais novo funcionaria um externato para meninas.<\/span><\/p><p><span style=\"font-weight: 400\">No ano de 1920, a partir do segundo semestre, o orfanato come\u00e7ou a ser subsidiado pelo Estado e pelo Munic\u00edpio. No ano de 1921, foi formada uma sociedade que se orientava conforme os estatutos do Orfanato, intitulada de \u201cSociedade Cooperadora do Orfanato S\u00e3o Benedito\u201d.<\/span><\/p><p><strong>CANDIDATURAS E TRANSFORMA\u00c7\u00d5ES (1943 &#8211; 1949)<\/strong><\/p><p><span style=\"font-weight: 400\">Em mar\u00e7o do ano de 1943, foi recebida a primeira candidata \u00e0 vida religiosa, a menina Diva Lisboa. No ano de 1945, Dom Ant\u00f4nio Zattera, tencionava eliminar as meninas e internar somente os meninos, retirando as Irm\u00e3s do Imaculado Cora\u00e7\u00e3o de Maria e em substitui\u00e7\u00e3o viriam as Irm\u00e3s da Ordem S\u00e3o Carlos, para tomar conta dos meninos, visto que nossa Congrega\u00e7\u00e3o n\u00e3o abrangia o cuidado exclusivo de meninos. O povo de Bag\u00e9, por\u00e9m, op\u00f4s-se protestando ser uma injusti\u00e7a sa\u00edrem as Irm\u00e3s do Cora\u00e7\u00e3o de Maria, depois de terem trabalhado tanto e que as meninas n\u00e3o poderiam ficar desamparadas. Passado alguns meses, Dom Ant\u00f4nio Zattera visitou o Orfanato e comunicou que resolveu deixar como antes e comprar as casas ao lado para reform\u00e1-las e instalar a sess\u00e3o dos meninos, ficando assim duas sess\u00f5es: a de meninos e de meninas, a exemplo de outras casas cong\u00eaneres em nossa Congrega\u00e7\u00e3o. Em novembro de 1947, foi extinta a sess\u00e3o dos meninos pelo Dom Ant\u00f4nio Zattera, Bispo Diocesano.<\/span><\/p><p><span style=\"font-weight: 400\">No ano de 1948, foi extinta a Diretoria, devido a cont\u00ednuos desentendimentos. Seus membros retiraram-se e entregaram ao Pe. Frei Irineu de Guapor\u00e9 as cadernetas da Caixa Econ\u00f4mica e do Banco do Rio Grande do Sul, onde se achavam depositadas algumas economias pertencentes ao Orfanato. Neste mesmo ano, Dom Ant\u00f4nio Zattera sugeriu a possibilidade da jun\u00e7\u00e3o das duas Entidades locais, \u201cOrfanato S\u00e3o Benedito e o Bidart\u201d, formando uma nova funda\u00e7\u00e3o intitulada \u201cInstituto de Menores\u201d, mas o povo de Bag\u00e9 protestou contra tal possibilidade.<\/span><\/p><p><span style=\"font-weight: 400\">Em 1949, foi lan\u00e7ado um \u201cApelo \u00e0 popula\u00e7\u00e3o\u201d, campanha para angariar assinaturas de novos s\u00f3cios, o que possibilitou a continuidade do Orfanato S\u00e3o Benedito, elevando o n\u00famero de s\u00f3cios de 18 para 1350. Em vista da simpatia dos Bageenses, Madre Maria Imilda do Sant\u00edssimo Sacramento, Diretora Geral, pediu para as irm\u00e3s tentarem a reconstru\u00e7\u00e3o do velho Orfanato.<\/span><\/p><p><strong>EXPANS\u00c3O E REFORMAS (1953 &#8211; 1956)<\/strong><\/p><p><span style=\"font-weight: 400\">At\u00e9 o ano de 1953, as matr\u00edculas anuais ficavam em m\u00e9dia de 55 alunas. A partir do ano de 1954, iniciou-se um externato com 30 estudantes no jardim de inf\u00e2ncia e no curso prim\u00e1rio foram matriculados 108 estudantes.<\/span><\/p><p><span style=\"font-weight: 400\">Neste mesmo ano, teve in\u00edcio a constru\u00e7\u00e3o da sede da Assist\u00eancia Social Rural, que compreenderia uma Escola Rural, um Centro Catequ\u00e9tico, e uma capela, com o intuito de facilitar aos moradores da Vila Ga\u00facha e arredores.<\/span><\/p><p><span style=\"font-weight: 400\">Em 1\u00ba de junho de 1955, as Escrituras foram passadas e o Orfanato passou a pertencer \u00e0 Sociedade Educa\u00e7\u00e3o e Caridade. Em 1956, j\u00e1 foram matriculadas 68 internas e 142 estudantes externos.<\/span><\/p><p><span style=\"font-weight: 400\">Em 1977 abriu-se a\u00a0 Pr\u00e9\u00a0 Escola, N\u00edvel \u201cB\u201d para crian\u00e7as de 06 anos, por\u00e9m sem autoriza\u00e7\u00e3o do Conselho Estadual de Educa\u00e7\u00e3o.<\/span><\/p><p><span style=\"font-weight: 400\">MUDAN\u00c7AS NO REGIME E NOVAS REFORMAS (1980 &#8211; 2006)<\/span><\/p><p><span style=\"font-weight: 400\">No ano de 1980, o Regime de internato foi substitu\u00eddo pelo Regime de Semi-internato. No ano de 1982, foi realizada a pintura interna do pr\u00e9dio. Em 1985, foi feita uma \u00e1rea coberta no p\u00e1tio de entrada com a finalidade de abrigar os estudantes, especialmente em dias de chuva.<\/span><\/p><p><span style=\"font-weight: 400\">Em 1987, foi aberta a turma Pr\u00e9 \u201cB\u201d (6 anos), com duas turmas, manh\u00e3 e tarde.<\/span><\/p><p><span style=\"font-weight: 400\">A Lei Estadual de Educa\u00e7\u00e3o n\u00ba 9.672 \u2013 Parecer 800\/93 de 08 de junho de 1993 autorizou o funcionamento de classe de Jardim de Inf\u00e2ncia N\u00edvel \u201cA\u201d e \u201cB\u201d.<\/span><\/p><p><span style=\"font-weight: 400\">Em 1997, houve a troca geral do telhado de telha de barro por telha de Brasilit devido \u00e0s grandes goteiras.<\/span><\/p><p><span style=\"font-weight: 400\">No ano de 2002, foi feita a troca do telhado de Brasilit por uma estrutura met\u00e1lica com telha de zinco e alum\u00ednio na estrada principal da escola.<\/span><\/p><p><span style=\"font-weight: 400\">Em 2005, houve a troca geral de duas \u00e1reas cobertas, com telhado de Brasilit substitu\u00eddo por estrutura met\u00e1lica com telha de zinco e alum\u00ednio.<\/span><\/p><p><span style=\"font-weight: 400\">Em 2006, foi iniciada a constru\u00e7\u00e3o de uma quadra de esportes e, em 2008, foi feita a cobertura da mesma, ampliando o espa\u00e7o para recrea\u00e7\u00e3o e esportes.<\/span><\/p><p><span style=\"font-weight: 400\">Em 2008, iniciou-se o Ensino Fundamental de 9 anos, n\u00e3o mais s\u00e9ries.<\/span><\/p><p><span style=\"font-weight: 400\">DESAFIOS E EVOLU\u00c7\u00d5ES RECENTES (2010 &#8211; 2024)<\/span><\/p><p><span style=\"font-weight: 400\">Em 2010, o Regime de Semi-internato passou para o turno integral, hoje extracurricular.<\/span><\/p><p><span style=\"font-weight: 400\">Em 2012, a Comiss\u00e3o Especial de Educa\u00e7\u00e3o Infantil e Comiss\u00e3o de Ensino Fundamental do Conselho Estadual de Educa\u00e7\u00e3o, sob o Parecer 851\/2012, 07 de novembro de 2012, aprovou e autorizou o funcionamento da Educa\u00e7\u00e3o Infantil na faixa de 03 anos para a Escola de Ensino Fundamental S\u00e3o Benedito.<\/span><\/p><p><span style=\"font-weight: 400\">Em 2014, com aumento da Educa\u00e7\u00e3o Infantil, a Biblioteca passou para as salas t\u00e9rreas e as duas salas superiores come\u00e7aram a ser ocupadas pelo Maternal (3 anos).<\/span><\/p><p><span style=\"font-weight: 400\">No dia 28 de outubro de 2015, o Conselho Estadual de Educa\u00e7\u00e3o sob o Parecer 789\/2015 aprovou a abertura do 6\u00ba ao 9\u00ba ano.<\/span><\/p><p><span style=\"font-weight: 400\">Em 2016, foi feito um projeto para a constru\u00e7\u00e3o de um espa\u00e7o reservado \u00e0 Educa\u00e7\u00e3o Infantil devido ao aumento de estudantes. Em outubro deste mesmo ano, iniciou-se a constru\u00e7\u00e3o de um pr\u00e9dio para 14 salas, incluindo uma para a Biblioteca.<\/span><\/p><p><span style=\"font-weight: 400\">No dia 04 de maio de 2016, a Comunidade das irm\u00e3s, at\u00e9 ent\u00e3o chamada \u201cEducand\u00e1rio S\u00e3o Benedito\u201d, passou a se chamar &#8220;Comunidade S\u00e3o Benedito\u201d.<\/span><\/p><p><span style=\"font-weight: 400\">No ano de 2018, foi criada a \u201cSala de Recursos\u201d.<\/span><\/p><p><span style=\"font-weight: 400\">Em 2018 e 2019, a recep\u00e7\u00e3o e o setor administrativo passaram por uma revitaliza\u00e7\u00e3o, tornando os ambientes mais acolhedores e confort\u00e1veis para os pais, respons\u00e1veis e visitantes.<\/span><\/p><p><span style=\"font-weight: 400\">No ano de 2019, a pracinha da escola sofreu uma transforma\u00e7\u00e3o, onde foi adquirido um piso emborrachado, garantindo maior seguran\u00e7a e conforto aos estudantes.<\/span><\/p><p><span style=\"font-weight: 400\">No dia 06 de janeiro de 2020, o Conselho Estadual de Educa\u00e7\u00e3o aprovou a abertura da Educa\u00e7\u00e3o Infantil na faixa et\u00e1ria de 02 anos para a Escola de Ensino Fundamental S\u00e3o Benedito.<\/span><\/p><p><span style=\"font-weight: 400\">Ainda em 2020, foi realizada a cobertura com isolamento t\u00e9rmico do P\u00e1tio Interno, trazendo maior conforto para os estudantes.<\/span><\/p><p><span style=\"font-weight: 400\">No mesmo ano, foi criada a Cantina, um espa\u00e7o para conviv\u00eancia e alimenta\u00e7\u00e3o saud\u00e1vel.<\/span><\/p><p><span style=\"font-weight: 400\">Em 2022, o audit\u00f3rio passou por uma reforma, em que obteve um sistema de ilumina\u00e7\u00e3o e som completo.<\/span><\/p><p><span style=\"font-weight: 400\">Em 2024, foram inauguradas tr\u00eas novas salas de aula.<\/span><\/p><p><span style=\"font-weight: 400\">Tamb\u00e9m em 2024, foi lan\u00e7ado o programa \u201cLaborat\u00f3rio de Aprendizagem\u201d.<\/span><\/p>\t\t\t\t\t\t\t\t<\/div>\n\t\t\t\t<\/div>\n\t\t\t\t\t<\/div>\n\t\t\t\t<\/div>\n\t\t\t\t<\/div>\n\t\t\t\t<\/div>\n\t\t","protected":false},"excerpt":{"rendered":"<p>https:\/\/youtu.be\/UQRvLsp6VPQ FUNDA\u00c7\u00c3O (1909) A Escola De Ensino Fundamental S\u00e3o Benedito foi fundada no dia 01 de setembro de 1909, intitulada \u201cOrfanato S\u00e3o Benedito\u201d por Luciana Lealdina de Ara\u00fajo, natural de Porto Alegre, com a finalidade de amparar as crian\u00e7as desvalidas, especialmente da orfandade necessitada.\u00a0 PRIMEIRAS MUDAN\u00c7AS (1913-1919) Ficou a Institui\u00e7\u00e3o diretamente ligada \u00e0 Par\u00f3quia de [&hellip;]<\/p>\n","protected":false},"author":1,"featured_media":0,"parent":0,"menu_order":0,"comment_status":"closed","ping_status":"closed","template":"","meta":{"_acf_changed":false,"footnotes":""},"class_list":["post-292","page","type-page","status-publish","hentry"],"acf":[],"yoast_head":"<!-- This site is optimized with the Yoast SEO plugin v26.3 - https:\/\/yoast.com\/wordpress\/plugins\/seo\/ -->\n<title>Sobre a Unidade de Educa\u00e7\u00e3o - Escola S\u00e3o Benedito | Rede ICM de educa\u00e7\u00e3o<\/title>\n<meta name=\"robots\" content=\"index, follow, max-snippet:-1, max-image-preview:large, max-video-preview:-1\" \/>\n<link rel=\"canonical\" href=\"https:\/\/redeicm.org.br\/saobenedito\/sobre-a-unidade-de-educacao\/\" \/>\n<meta property=\"og:locale\" content=\"pt_BR\" \/>\n<meta property=\"og:type\" content=\"article\" \/>\n<meta property=\"og:title\" content=\"Sobre a Unidade de Educa\u00e7\u00e3o - Escola S\u00e3o Benedito | Rede ICM de educa\u00e7\u00e3o\" \/>\n<meta property=\"og:description\" content=\"https:\/\/youtu.be\/UQRvLsp6VPQ FUNDA\u00c7\u00c3O (1909) A Escola De Ensino Fundamental S\u00e3o Benedito foi fundada no dia 01 de setembro de 1909, intitulada \u201cOrfanato S\u00e3o Benedito\u201d por Luciana Lealdina de Ara\u00fajo, natural de Porto Alegre, com a finalidade de amparar as crian\u00e7as desvalidas, especialmente da orfandade necessitada.\u00a0 PRIMEIRAS MUDAN\u00c7AS (1913-1919) Ficou a Institui\u00e7\u00e3o diretamente ligada \u00e0 Par\u00f3quia de [&hellip;]\" \/>\n<meta property=\"og:url\" content=\"https:\/\/redeicm.org.br\/saobenedito\/sobre-a-unidade-de-educacao\/\" \/>\n<meta property=\"og:site_name\" content=\"Escola S\u00e3o Benedito | Rede ICM de educa\u00e7\u00e3o\" \/>\n<meta property=\"article:modified_time\" content=\"2025-02-27T03:35:16+00:00\" \/>\n<meta name=\"twitter:card\" content=\"summary_large_image\" \/>\n<meta name=\"twitter:label1\" content=\"Est. tempo de leitura\" \/>\n\t<meta name=\"twitter:data1\" content=\"9 minutos\" \/>\n<script type=\"application\/ld+json\" class=\"yoast-schema-graph\">{\"@context\":\"https:\/\/schema.org\",\"@graph\":[{\"@type\":\"WebPage\",\"@id\":\"https:\/\/redeicm.org.br\/saobenedito\/sobre-a-unidade-de-educacao\/\",\"url\":\"https:\/\/redeicm.org.br\/saobenedito\/sobre-a-unidade-de-educacao\/\",\"name\":\"Sobre a Unidade de Educa\u00e7\u00e3o - Escola S\u00e3o Benedito | Rede ICM de educa\u00e7\u00e3o\",\"isPartOf\":{\"@id\":\"https:\/\/redeicm.org.br\/saobenedito\/#website\"},\"datePublished\":\"2024-09-09T18:48:37+00:00\",\"dateModified\":\"2025-02-27T03:35:16+00:00\",\"breadcrumb\":{\"@id\":\"https:\/\/redeicm.org.br\/saobenedito\/sobre-a-unidade-de-educacao\/#breadcrumb\"},\"inLanguage\":\"pt-BR\",\"potentialAction\":[{\"@type\":\"ReadAction\",\"target\":[\"https:\/\/redeicm.org.br\/saobenedito\/sobre-a-unidade-de-educacao\/\"]}]},{\"@type\":\"BreadcrumbList\",\"@id\":\"https:\/\/redeicm.org.br\/saobenedito\/sobre-a-unidade-de-educacao\/#breadcrumb\",\"itemListElement\":[{\"@type\":\"ListItem\",\"position\":1,\"name\":\"In\u00edcio\",\"item\":\"https:\/\/redeicm.org.br\/saobenedito\/\"},{\"@type\":\"ListItem\",\"position\":2,\"name\":\"Sobre a Unidade de Educa\u00e7\u00e3o\"}]},{\"@type\":\"WebSite\",\"@id\":\"https:\/\/redeicm.org.br\/saobenedito\/#website\",\"url\":\"https:\/\/redeicm.org.br\/saobenedito\/\",\"name\":\"Escola S\u00e3o Benedito | Rede ICM de educa\u00e7\u00e3o\",\"description\":\"\",\"publisher\":{\"@id\":\"https:\/\/redeicm.org.br\/saobenedito\/#organization\"},\"potentialAction\":[{\"@type\":\"SearchAction\",\"target\":{\"@type\":\"EntryPoint\",\"urlTemplate\":\"https:\/\/redeicm.org.br\/saobenedito\/?s={search_term_string}\"},\"query-input\":{\"@type\":\"PropertyValueSpecification\",\"valueRequired\":true,\"valueName\":\"search_term_string\"}}],\"inLanguage\":\"pt-BR\"},{\"@type\":\"Organization\",\"@id\":\"https:\/\/redeicm.org.br\/saobenedito\/#organization\",\"name\":\"Escola S\u00e3o Benedito | Rede ICM de educa\u00e7\u00e3o\",\"url\":\"https:\/\/redeicm.org.br\/saobenedito\/\",\"logo\":{\"@type\":\"ImageObject\",\"inLanguage\":\"pt-BR\",\"@id\":\"https:\/\/redeicm.org.br\/saobenedito\/#\/schema\/logo\/image\/\",\"url\":\"https:\/\/redeicm.org.br\/saobenedito\/wp-content\/uploads\/sites\/21\/2024\/08\/logo-icm-sao-benedito.webp\",\"contentUrl\":\"https:\/\/redeicm.org.br\/saobenedito\/wp-content\/uploads\/sites\/21\/2024\/08\/logo-icm-sao-benedito.webp\",\"width\":1024,\"height\":369,\"caption\":\"Escola S\u00e3o Benedito | Rede ICM de educa\u00e7\u00e3o\"},\"image\":{\"@id\":\"https:\/\/redeicm.org.br\/saobenedito\/#\/schema\/logo\/image\/\"}}]}<\/script>\n<!-- \/ Yoast SEO plugin. -->","yoast_head_json":{"title":"Sobre a Unidade de Educa\u00e7\u00e3o - Escola S\u00e3o Benedito | Rede ICM de educa\u00e7\u00e3o","robots":{"index":"index","follow":"follow","max-snippet":"max-snippet:-1","max-image-preview":"max-image-preview:large","max-video-preview":"max-video-preview:-1"},"canonical":"https:\/\/redeicm.org.br\/saobenedito\/sobre-a-unidade-de-educacao\/","og_locale":"pt_BR","og_type":"article","og_title":"Sobre a Unidade de Educa\u00e7\u00e3o - Escola S\u00e3o Benedito | Rede ICM de educa\u00e7\u00e3o","og_description":"https:\/\/youtu.be\/UQRvLsp6VPQ FUNDA\u00c7\u00c3O (1909) A Escola De Ensino Fundamental S\u00e3o Benedito foi fundada no dia 01 de setembro de 1909, intitulada \u201cOrfanato S\u00e3o Benedito\u201d por Luciana Lealdina de Ara\u00fajo, natural de Porto Alegre, com a finalidade de amparar as crian\u00e7as desvalidas, especialmente da orfandade necessitada.\u00a0 PRIMEIRAS MUDAN\u00c7AS (1913-1919) Ficou a Institui\u00e7\u00e3o diretamente ligada \u00e0 Par\u00f3quia de [&hellip;]","og_url":"https:\/\/redeicm.org.br\/saobenedito\/sobre-a-unidade-de-educacao\/","og_site_name":"Escola S\u00e3o Benedito | Rede ICM de educa\u00e7\u00e3o","article_modified_time":"2025-02-27T03:35:16+00:00","twitter_card":"summary_large_image","twitter_misc":{"Est. tempo de leitura":"9 minutos"},"schema":{"@context":"https:\/\/schema.org","@graph":[{"@type":"WebPage","@id":"https:\/\/redeicm.org.br\/saobenedito\/sobre-a-unidade-de-educacao\/","url":"https:\/\/redeicm.org.br\/saobenedito\/sobre-a-unidade-de-educacao\/","name":"Sobre a Unidade de Educa\u00e7\u00e3o - Escola S\u00e3o Benedito | Rede ICM de educa\u00e7\u00e3o","isPartOf":{"@id":"https:\/\/redeicm.org.br\/saobenedito\/#website"},"datePublished":"2024-09-09T18:48:37+00:00","dateModified":"2025-02-27T03:35:16+00:00","breadcrumb":{"@id":"https:\/\/redeicm.org.br\/saobenedito\/sobre-a-unidade-de-educacao\/#breadcrumb"},"inLanguage":"pt-BR","potentialAction":[{"@type":"ReadAction","target":["https:\/\/redeicm.org.br\/saobenedito\/sobre-a-unidade-de-educacao\/"]}]},{"@type":"BreadcrumbList","@id":"https:\/\/redeicm.org.br\/saobenedito\/sobre-a-unidade-de-educacao\/#breadcrumb","itemListElement":[{"@type":"ListItem","position":1,"name":"In\u00edcio","item":"https:\/\/redeicm.org.br\/saobenedito\/"},{"@type":"ListItem","position":2,"name":"Sobre a Unidade de Educa\u00e7\u00e3o"}]},{"@type":"WebSite","@id":"https:\/\/redeicm.org.br\/saobenedito\/#website","url":"https:\/\/redeicm.org.br\/saobenedito\/","name":"Escola S\u00e3o Benedito | Rede ICM de educa\u00e7\u00e3o","description":"","publisher":{"@id":"https:\/\/redeicm.org.br\/saobenedito\/#organization"},"potentialAction":[{"@type":"SearchAction","target":{"@type":"EntryPoint","urlTemplate":"https:\/\/redeicm.org.br\/saobenedito\/?s={search_term_string}"},"query-input":{"@type":"PropertyValueSpecification","valueRequired":true,"valueName":"search_term_string"}}],"inLanguage":"pt-BR"},{"@type":"Organization","@id":"https:\/\/redeicm.org.br\/saobenedito\/#organization","name":"Escola S\u00e3o Benedito | Rede ICM de educa\u00e7\u00e3o","url":"https:\/\/redeicm.org.br\/saobenedito\/","logo":{"@type":"ImageObject","inLanguage":"pt-BR","@id":"https:\/\/redeicm.org.br\/saobenedito\/#\/schema\/logo\/image\/","url":"https:\/\/redeicm.org.br\/saobenedito\/wp-content\/uploads\/sites\/21\/2024\/08\/logo-icm-sao-benedito.webp","contentUrl":"https:\/\/redeicm.org.br\/saobenedito\/wp-content\/uploads\/sites\/21\/2024\/08\/logo-icm-sao-benedito.webp","width":1024,"height":369,"caption":"Escola S\u00e3o Benedito | Rede ICM de educa\u00e7\u00e3o"},"image":{"@id":"https:\/\/redeicm.org.br\/saobenedito\/#\/schema\/logo\/image\/"}}]}},"_links":{"self":[{"href":"https:\/\/redeicm.org.br\/saobenedito\/wp-json\/wp\/v2\/pages\/292","targetHints":{"allow":["GET"]}}],"collection":[{"href":"https:\/\/redeicm.org.br\/saobenedito\/wp-json\/wp\/v2\/pages"}],"about":[{"href":"https:\/\/redeicm.org.br\/saobenedito\/wp-json\/wp\/v2\/types\/page"}],"author":[{"embeddable":true,"href":"https:\/\/redeicm.org.br\/saobenedito\/wp-json\/wp\/v2\/users\/1"}],"replies":[{"embeddable":true,"href":"https:\/\/redeicm.org.br\/saobenedito\/wp-json\/wp\/v2\/comments?post=292"}],"version-history":[{"count":13,"href":"https:\/\/redeicm.org.br\/saobenedito\/wp-json\/wp\/v2\/pages\/292\/revisions"}],"predecessor-version":[{"id":657,"href":"https:\/\/redeicm.org.br\/saobenedito\/wp-json\/wp\/v2\/pages\/292\/revisions\/657"}],"wp:attachment":[{"href":"https:\/\/redeicm.org.br\/saobenedito\/wp-json\/wp\/v2\/media?parent=292"}],"curies":[{"name":"wp","href":"https:\/\/api.w.org\/{rel}","templated":true}]}}