{"id":1648,"date":"2025-05-27T11:02:26","date_gmt":"2025-05-27T14:02:26","guid":{"rendered":"https:\/\/redeicm.org.br\/saobenedito\/?page_id=1648"},"modified":"2025-05-27T11:03:04","modified_gmt":"2025-05-27T14:03:04","slug":"normas-de-convivencia","status":"publish","type":"page","link":"https:\/\/redeicm.org.br\/saobenedito\/normas-de-convivencia\/","title":{"rendered":"Normas de Conviv\u00eancia"},"content":{"rendered":"\t\t<div data-elementor-type=\"wp-page\" data-elementor-id=\"1648\" class=\"elementor elementor-1648\" data-elementor-post-type=\"page\">\n\t\t\t\t<div class=\"elementor-element elementor-element-933d7f5 e-flex e-con-boxed e-con e-parent\" data-id=\"933d7f5\" data-element_type=\"container\" data-e-type=\"container\">\n\t\t\t\t\t<div class=\"e-con-inner\">\n\t\t\t\t<div class=\"elementor-element elementor-element-dcb44a0 elementor-invisible elementor-widget elementor-widget-text-editor\" data-id=\"dcb44a0\" data-element_type=\"widget\" data-e-type=\"widget\" data-settings=\"{&quot;_animation&quot;:&quot;fadeInUp&quot;}\" data-widget_type=\"text-editor.default\">\n\t\t\t\t<div class=\"elementor-widget-container\">\n\t\t\t\t\t\t\t\t\t<p>As normas de conviv\u00eancia s\u00e3o constru\u00eddas no exerc\u00edcio da liberdade, do respeito, da corresponsabilidade.<\/p><p>Os conflitos existentes na Escola devem ser compartilhados pela comunidade escolar, tendo como suporte a rede de apoio, buscando os servi\u00e7os especializados e aprofundando o di\u00e1logo com a fam\u00edlia. Importante fazer com que os educandos fortale\u00e7am seus v\u00ednculos nas rela\u00e7\u00f5es do seu dia-a-dia.<\/p><p>A Escola desenvolvendo sua fun\u00e7\u00e3o social deve buscar o acesso e a perman\u00eancia dos alunos no ambiente escolar, para isso faz-se necess\u00e1rio os encaminhamentos com a Equipe Diretiva e dos professores construindo solu\u00e7\u00f5es de corresponsabilidade das partes envolvidas nos conflitos.<\/p><p>No contexto escolar a indisciplina \u00e9 caracterizada pelo desrespeito \u00e0s regras que garantem o bom conv\u00edvio social e a viol\u00eancia \u00e9 o desrespeito \u00e1s regras que garantem a integridade f\u00edsica e ps\u00edquica do outro. O que for considerado viol\u00eancia grave contra a pessoa ou contra o Patrim\u00f4nio da Escola, o respons\u00e1vel dever\u00e1 ser encaminhado aos \u00f3rg\u00e3os pr\u00f3prios para os procedimentos adequados.<\/p><p>\u00a0Cabe a cada \u00a0integrante da comunidade educativa:<\/p><ol><li>buscar sempre mais a compreens\u00e3o da Filosofia da Escola e com ela se compromete;<\/li><li>assumir sua responsabilidade pessoal como necessidade vital \u00e0 constru\u00e7\u00e3o do bem comum;<\/li><li>exercitar-se no di\u00e1logo, na escuta, na partilha, no respeito como forma de supera\u00e7\u00e3o do individualismo e de busca de unidade na pluralidade de concep\u00e7\u00f5es;<\/li><li>conscientizar-se de que sua dignidade pessoal est\u00e1 profundamente vinculada a uma responsabilidade social.<\/li><\/ol>\t\t\t\t\t\t\t\t<\/div>\n\t\t\t\t<\/div>\n\t\t\t\t\t<\/div>\n\t\t\t\t<\/div>\n\t\t\t\t<\/div>\n\t\t","protected":false},"excerpt":{"rendered":"<p>As normas de conviv\u00eancia s\u00e3o constru\u00eddas no exerc\u00edcio da liberdade, do respeito, da corresponsabilidade. Os conflitos existentes na Escola devem ser compartilhados pela comunidade escolar, tendo como suporte a rede de apoio, buscando os servi\u00e7os especializados e aprofundando o di\u00e1logo com a fam\u00edlia. Importante fazer com que os educandos fortale\u00e7am seus v\u00ednculos nas rela\u00e7\u00f5es do [&hellip;]<\/p>\n","protected":false},"author":1,"featured_media":0,"parent":0,"menu_order":0,"comment_status":"closed","ping_status":"closed","template":"","meta":{"_acf_changed":false,"footnotes":""},"class_list":["post-1648","page","type-page","status-publish","hentry"],"acf":[],"yoast_head":"<!-- This site is optimized with the Yoast SEO plugin v26.3 - https:\/\/yoast.com\/wordpress\/plugins\/seo\/ -->\n<title>Normas de Conviv\u00eancia - Escola S\u00e3o Benedito | Rede ICM de educa\u00e7\u00e3o<\/title>\n<meta name=\"robots\" content=\"index, follow, max-snippet:-1, max-image-preview:large, max-video-preview:-1\" \/>\n<link rel=\"canonical\" href=\"https:\/\/redeicm.org.br\/saobenedito\/normas-de-convivencia\/\" \/>\n<meta property=\"og:locale\" content=\"pt_BR\" \/>\n<meta property=\"og:type\" content=\"article\" \/>\n<meta property=\"og:title\" content=\"Normas de Conviv\u00eancia - Escola S\u00e3o Benedito | Rede ICM de educa\u00e7\u00e3o\" \/>\n<meta property=\"og:description\" content=\"As normas de conviv\u00eancia s\u00e3o constru\u00eddas no exerc\u00edcio da liberdade, do respeito, da corresponsabilidade. Os conflitos existentes na Escola devem ser compartilhados pela comunidade escolar, tendo como suporte a rede de apoio, buscando os servi\u00e7os especializados e aprofundando o di\u00e1logo com a fam\u00edlia. Importante fazer com que os educandos fortale\u00e7am seus v\u00ednculos nas rela\u00e7\u00f5es do [&hellip;]\" \/>\n<meta property=\"og:url\" content=\"https:\/\/redeicm.org.br\/saobenedito\/normas-de-convivencia\/\" \/>\n<meta property=\"og:site_name\" content=\"Escola S\u00e3o Benedito | Rede ICM de educa\u00e7\u00e3o\" \/>\n<meta property=\"article:modified_time\" content=\"2025-05-27T14:03:04+00:00\" \/>\n<meta name=\"twitter:card\" content=\"summary_large_image\" \/>\n<meta name=\"twitter:label1\" content=\"Est. tempo de leitura\" \/>\n\t<meta name=\"twitter:data1\" content=\"2 minutos\" \/>\n<script type=\"application\/ld+json\" class=\"yoast-schema-graph\">{\"@context\":\"https:\/\/schema.org\",\"@graph\":[{\"@type\":\"WebPage\",\"@id\":\"https:\/\/redeicm.org.br\/saobenedito\/normas-de-convivencia\/\",\"url\":\"https:\/\/redeicm.org.br\/saobenedito\/normas-de-convivencia\/\",\"name\":\"Normas de Conviv\u00eancia - Escola S\u00e3o Benedito | Rede ICM de educa\u00e7\u00e3o\",\"isPartOf\":{\"@id\":\"https:\/\/redeicm.org.br\/saobenedito\/#website\"},\"datePublished\":\"2025-05-27T14:02:26+00:00\",\"dateModified\":\"2025-05-27T14:03:04+00:00\",\"breadcrumb\":{\"@id\":\"https:\/\/redeicm.org.br\/saobenedito\/normas-de-convivencia\/#breadcrumb\"},\"inLanguage\":\"pt-BR\",\"potentialAction\":[{\"@type\":\"ReadAction\",\"target\":[\"https:\/\/redeicm.org.br\/saobenedito\/normas-de-convivencia\/\"]}]},{\"@type\":\"BreadcrumbList\",\"@id\":\"https:\/\/redeicm.org.br\/saobenedito\/normas-de-convivencia\/#breadcrumb\",\"itemListElement\":[{\"@type\":\"ListItem\",\"position\":1,\"name\":\"In\u00edcio\",\"item\":\"https:\/\/redeicm.org.br\/saobenedito\/\"},{\"@type\":\"ListItem\",\"position\":2,\"name\":\"Normas de Conviv\u00eancia\"}]},{\"@type\":\"WebSite\",\"@id\":\"https:\/\/redeicm.org.br\/saobenedito\/#website\",\"url\":\"https:\/\/redeicm.org.br\/saobenedito\/\",\"name\":\"Escola S\u00e3o Benedito | Rede ICM de educa\u00e7\u00e3o\",\"description\":\"\",\"publisher\":{\"@id\":\"https:\/\/redeicm.org.br\/saobenedito\/#organization\"},\"potentialAction\":[{\"@type\":\"SearchAction\",\"target\":{\"@type\":\"EntryPoint\",\"urlTemplate\":\"https:\/\/redeicm.org.br\/saobenedito\/?s={search_term_string}\"},\"query-input\":{\"@type\":\"PropertyValueSpecification\",\"valueRequired\":true,\"valueName\":\"search_term_string\"}}],\"inLanguage\":\"pt-BR\"},{\"@type\":\"Organization\",\"@id\":\"https:\/\/redeicm.org.br\/saobenedito\/#organization\",\"name\":\"Escola S\u00e3o Benedito | Rede ICM de educa\u00e7\u00e3o\",\"url\":\"https:\/\/redeicm.org.br\/saobenedito\/\",\"logo\":{\"@type\":\"ImageObject\",\"inLanguage\":\"pt-BR\",\"@id\":\"https:\/\/redeicm.org.br\/saobenedito\/#\/schema\/logo\/image\/\",\"url\":\"https:\/\/redeicm.org.br\/saobenedito\/wp-content\/uploads\/sites\/21\/2024\/08\/logo-icm-sao-benedito.webp\",\"contentUrl\":\"https:\/\/redeicm.org.br\/saobenedito\/wp-content\/uploads\/sites\/21\/2024\/08\/logo-icm-sao-benedito.webp\",\"width\":1024,\"height\":369,\"caption\":\"Escola S\u00e3o Benedito | Rede ICM de educa\u00e7\u00e3o\"},\"image\":{\"@id\":\"https:\/\/redeicm.org.br\/saobenedito\/#\/schema\/logo\/image\/\"}}]}<\/script>\n<!-- \/ Yoast SEO plugin. -->","yoast_head_json":{"title":"Normas de Conviv\u00eancia - Escola S\u00e3o Benedito | Rede ICM de educa\u00e7\u00e3o","robots":{"index":"index","follow":"follow","max-snippet":"max-snippet:-1","max-image-preview":"max-image-preview:large","max-video-preview":"max-video-preview:-1"},"canonical":"https:\/\/redeicm.org.br\/saobenedito\/normas-de-convivencia\/","og_locale":"pt_BR","og_type":"article","og_title":"Normas de Conviv\u00eancia - Escola S\u00e3o Benedito | Rede ICM de educa\u00e7\u00e3o","og_description":"As normas de conviv\u00eancia s\u00e3o constru\u00eddas no exerc\u00edcio da liberdade, do respeito, da corresponsabilidade. Os conflitos existentes na Escola devem ser compartilhados pela comunidade escolar, tendo como suporte a rede de apoio, buscando os servi\u00e7os especializados e aprofundando o di\u00e1logo com a fam\u00edlia. Importante fazer com que os educandos fortale\u00e7am seus v\u00ednculos nas rela\u00e7\u00f5es do [&hellip;]","og_url":"https:\/\/redeicm.org.br\/saobenedito\/normas-de-convivencia\/","og_site_name":"Escola S\u00e3o Benedito | Rede ICM de educa\u00e7\u00e3o","article_modified_time":"2025-05-27T14:03:04+00:00","twitter_card":"summary_large_image","twitter_misc":{"Est. tempo de leitura":"2 minutos"},"schema":{"@context":"https:\/\/schema.org","@graph":[{"@type":"WebPage","@id":"https:\/\/redeicm.org.br\/saobenedito\/normas-de-convivencia\/","url":"https:\/\/redeicm.org.br\/saobenedito\/normas-de-convivencia\/","name":"Normas de Conviv\u00eancia - Escola S\u00e3o Benedito | Rede ICM de educa\u00e7\u00e3o","isPartOf":{"@id":"https:\/\/redeicm.org.br\/saobenedito\/#website"},"datePublished":"2025-05-27T14:02:26+00:00","dateModified":"2025-05-27T14:03:04+00:00","breadcrumb":{"@id":"https:\/\/redeicm.org.br\/saobenedito\/normas-de-convivencia\/#breadcrumb"},"inLanguage":"pt-BR","potentialAction":[{"@type":"ReadAction","target":["https:\/\/redeicm.org.br\/saobenedito\/normas-de-convivencia\/"]}]},{"@type":"BreadcrumbList","@id":"https:\/\/redeicm.org.br\/saobenedito\/normas-de-convivencia\/#breadcrumb","itemListElement":[{"@type":"ListItem","position":1,"name":"In\u00edcio","item":"https:\/\/redeicm.org.br\/saobenedito\/"},{"@type":"ListItem","position":2,"name":"Normas de Conviv\u00eancia"}]},{"@type":"WebSite","@id":"https:\/\/redeicm.org.br\/saobenedito\/#website","url":"https:\/\/redeicm.org.br\/saobenedito\/","name":"Escola S\u00e3o Benedito | Rede ICM de educa\u00e7\u00e3o","description":"","publisher":{"@id":"https:\/\/redeicm.org.br\/saobenedito\/#organization"},"potentialAction":[{"@type":"SearchAction","target":{"@type":"EntryPoint","urlTemplate":"https:\/\/redeicm.org.br\/saobenedito\/?s={search_term_string}"},"query-input":{"@type":"PropertyValueSpecification","valueRequired":true,"valueName":"search_term_string"}}],"inLanguage":"pt-BR"},{"@type":"Organization","@id":"https:\/\/redeicm.org.br\/saobenedito\/#organization","name":"Escola S\u00e3o Benedito | Rede ICM de educa\u00e7\u00e3o","url":"https:\/\/redeicm.org.br\/saobenedito\/","logo":{"@type":"ImageObject","inLanguage":"pt-BR","@id":"https:\/\/redeicm.org.br\/saobenedito\/#\/schema\/logo\/image\/","url":"https:\/\/redeicm.org.br\/saobenedito\/wp-content\/uploads\/sites\/21\/2024\/08\/logo-icm-sao-benedito.webp","contentUrl":"https:\/\/redeicm.org.br\/saobenedito\/wp-content\/uploads\/sites\/21\/2024\/08\/logo-icm-sao-benedito.webp","width":1024,"height":369,"caption":"Escola S\u00e3o Benedito | Rede ICM de educa\u00e7\u00e3o"},"image":{"@id":"https:\/\/redeicm.org.br\/saobenedito\/#\/schema\/logo\/image\/"}}]}},"_links":{"self":[{"href":"https:\/\/redeicm.org.br\/saobenedito\/wp-json\/wp\/v2\/pages\/1648","targetHints":{"allow":["GET"]}}],"collection":[{"href":"https:\/\/redeicm.org.br\/saobenedito\/wp-json\/wp\/v2\/pages"}],"about":[{"href":"https:\/\/redeicm.org.br\/saobenedito\/wp-json\/wp\/v2\/types\/page"}],"author":[{"embeddable":true,"href":"https:\/\/redeicm.org.br\/saobenedito\/wp-json\/wp\/v2\/users\/1"}],"replies":[{"embeddable":true,"href":"https:\/\/redeicm.org.br\/saobenedito\/wp-json\/wp\/v2\/comments?post=1648"}],"version-history":[{"count":6,"href":"https:\/\/redeicm.org.br\/saobenedito\/wp-json\/wp\/v2\/pages\/1648\/revisions"}],"predecessor-version":[{"id":1654,"href":"https:\/\/redeicm.org.br\/saobenedito\/wp-json\/wp\/v2\/pages\/1648\/revisions\/1654"}],"wp:attachment":[{"href":"https:\/\/redeicm.org.br\/saobenedito\/wp-json\/wp\/v2\/media?parent=1648"}],"curies":[{"name":"wp","href":"https:\/\/api.w.org\/{rel}","templated":true}]}}