{"id":1177,"date":"2025-03-25T16:49:02","date_gmt":"2025-03-25T19:49:02","guid":{"rendered":"https:\/\/redeicm.org.br\/saobenedito\/?page_id=1177"},"modified":"2025-03-25T17:45:20","modified_gmt":"2025-03-25T20:45:20","slug":"cursos-oferecidos","status":"publish","type":"page","link":"https:\/\/redeicm.org.br\/saobenedito\/cursos-oferecidos\/","title":{"rendered":"Cursos Oferecidos"},"content":{"rendered":"\t\t<div data-elementor-type=\"wp-page\" data-elementor-id=\"1177\" class=\"elementor elementor-1177\" data-elementor-post-type=\"page\">\n\t\t\t\t<div class=\"elementor-element elementor-element-1e7711a e-flex e-con-boxed e-con e-parent\" data-id=\"1e7711a\" data-element_type=\"container\" data-e-type=\"container\" data-settings=\"{&quot;background_background&quot;:&quot;classic&quot;}\">\n\t\t\t\t\t<div class=\"e-con-inner\">\n\t\t<div class=\"elementor-element elementor-element-42d0701 e-con-full e-flex elementor-invisible e-con e-child\" data-id=\"42d0701\" data-element_type=\"container\" data-e-type=\"container\" data-settings=\"{&quot;animation&quot;:&quot;fadeInUp&quot;}\">\n\t\t\t\t<div class=\"elementor-element elementor-element-df61d70 elementor-widget elementor-widget-image\" data-id=\"df61d70\" data-element_type=\"widget\" data-e-type=\"widget\" data-widget_type=\"image.default\">\n\t\t\t\t<div class=\"elementor-widget-container\">\n\t\t\t\t\t\t\t\t\t\t\t\t\t\t\t<img fetchpriority=\"high\" decoding=\"async\" width=\"1080\" height=\"1080\" src=\"https:\/\/redeicm.org.br\/saobenedito\/wp-content\/uploads\/sites\/21\/2025\/03\/Design-sem-nome-1.jpg\" class=\"attachment-full size-full wp-image-1183\" alt=\"\" srcset=\"https:\/\/redeicm.org.br\/saobenedito\/wp-content\/uploads\/sites\/21\/2025\/03\/Design-sem-nome-1.jpg 1080w, https:\/\/redeicm.org.br\/saobenedito\/wp-content\/uploads\/sites\/21\/2025\/03\/Design-sem-nome-1-300x300.jpg 300w, https:\/\/redeicm.org.br\/saobenedito\/wp-content\/uploads\/sites\/21\/2025\/03\/Design-sem-nome-1-1024x1024.jpg 1024w, https:\/\/redeicm.org.br\/saobenedito\/wp-content\/uploads\/sites\/21\/2025\/03\/Design-sem-nome-1-150x150.jpg 150w, https:\/\/redeicm.org.br\/saobenedito\/wp-content\/uploads\/sites\/21\/2025\/03\/Design-sem-nome-1-768x768.jpg 768w\" sizes=\"(max-width: 1080px) 100vw, 1080px\" \/>\t\t\t\t\t\t\t\t\t\t\t\t\t\t\t<\/div>\n\t\t\t\t<\/div>\n\t\t\t\t<\/div>\n\t\t<div class=\"elementor-element elementor-element-9893020 e-con-full e-flex elementor-invisible e-con e-child\" data-id=\"9893020\" data-element_type=\"container\" data-e-type=\"container\" data-settings=\"{&quot;animation&quot;:&quot;fadeInUp&quot;,&quot;animation_delay&quot;:&quot;100&quot;}\">\n\t\t<div class=\"elementor-element elementor-element-da2cd13 e-con-full e-flex e-con e-child\" data-id=\"da2cd13\" data-element_type=\"container\" data-e-type=\"container\" data-settings=\"{&quot;background_background&quot;:&quot;classic&quot;}\">\n\t\t\t\t<div class=\"elementor-element elementor-element-67adf24 elementor-widget elementor-widget-heading\" data-id=\"67adf24\" data-element_type=\"widget\" data-e-type=\"widget\" data-widget_type=\"heading.default\">\n\t\t\t\t<div class=\"elementor-widget-container\">\n\t\t\t\t\t<h2 class=\"elementor-heading-title elementor-size-default\">Educa\u00e7\u00e3o Infantil<\/h2>\t\t\t\t<\/div>\n\t\t\t\t<\/div>\n\t\t\t\t<div class=\"elementor-element elementor-element-a93b4e2 elementor-widget elementor-widget-text-editor\" data-id=\"a93b4e2\" data-element_type=\"widget\" data-e-type=\"widget\" data-widget_type=\"text-editor.default\">\n\t\t\t\t<div class=\"elementor-widget-container\">\n\t\t\t\t\t\t\t\t\t<p class=\"\" data-start=\"0\" data-end=\"300\">A Educa\u00e7\u00e3o Infantil \u00e9 o solo f\u00e9rtil onde as primeiras sementes do conhecimento e do desenvolvimento humano s\u00e3o plantadas. Com cuidado e dedica\u00e7\u00e3o, cultivamos um ambiente que incentiva a descoberta, a criatividade e a autonomia, preparando cada crian\u00e7a para crescer e florescer ao longo da vida.<\/p><p class=\"\" data-start=\"302\" data-end=\"707\">No S\u00e3o Benedito, primamos pela aprendizagem integral, valorizando a identidade e a autonomia, o est\u00edmulo \u00e0 criatividade, e os espa\u00e7os l\u00fadicos e criativos, que favorecem a explora\u00e7\u00e3o e a experimenta\u00e7\u00e3o.<\/p>\t\t\t\t\t\t\t\t<\/div>\n\t\t\t\t<\/div>\n\t\t\t\t<div class=\"elementor-element elementor-element-2ad581c elementor-widget elementor-widget-button\" data-id=\"2ad581c\" data-element_type=\"widget\" data-e-type=\"widget\" data-widget_type=\"button.default\">\n\t\t\t\t<div class=\"elementor-widget-container\">\n\t\t\t\t\t\t\t\t\t<div class=\"elementor-button-wrapper\">\n\t\t\t\t\t<a class=\"elementor-button elementor-button-link elementor-size-sm\" href=\"https:\/\/redeicm.org.br\/saobenedito\/educacao-infantil\/\">\n\t\t\t\t\t\t<span class=\"elementor-button-content-wrapper\">\n\t\t\t\t\t\t\t\t\t<span class=\"elementor-button-text\">SAIBA MAIS<\/span>\n\t\t\t\t\t<\/span>\n\t\t\t\t\t<\/a>\n\t\t\t\t<\/div>\n\t\t\t\t\t\t\t\t<\/div>\n\t\t\t\t<\/div>\n\t\t\t\t<\/div>\n\t\t\t\t<\/div>\n\t\t\t\t\t<\/div>\n\t\t\t\t<\/div>\n\t\t<div class=\"elementor-element elementor-element-561d03f e-flex e-con-boxed elementor-invisible e-con e-parent\" data-id=\"561d03f\" data-element_type=\"container\" data-e-type=\"container\" data-settings=\"{&quot;background_background&quot;:&quot;classic&quot;,&quot;animation&quot;:&quot;fadeInUp&quot;}\">\n\t\t\t\t\t<div class=\"e-con-inner\">\n\t\t<div class=\"elementor-element elementor-element-e567d6b e-con-full e-transform e-flex elementor-invisible e-con e-child\" data-id=\"e567d6b\" data-element_type=\"container\" data-e-type=\"container\" data-settings=\"{&quot;_transform_translateY_effect_tablet&quot;:{&quot;unit&quot;:&quot;px&quot;,&quot;size&quot;:&quot;-150&quot;,&quot;sizes&quot;:[]},&quot;animation&quot;:&quot;fadeInUp&quot;,&quot;animation_delay&quot;:&quot;100&quot;,&quot;_transform_translateX_effect&quot;:{&quot;unit&quot;:&quot;px&quot;,&quot;size&quot;:&quot;-8&quot;,&quot;sizes&quot;:[]},&quot;_transform_translateX_effect_tablet&quot;:{&quot;unit&quot;:&quot;px&quot;,&quot;size&quot;:&quot;&quot;,&quot;sizes&quot;:[]},&quot;_transform_translateX_effect_mobile&quot;:{&quot;unit&quot;:&quot;px&quot;,&quot;size&quot;:&quot;&quot;,&quot;sizes&quot;:[]},&quot;_transform_translateY_effect&quot;:{&quot;unit&quot;:&quot;px&quot;,&quot;size&quot;:&quot;&quot;,&quot;sizes&quot;:[]},&quot;_transform_translateY_effect_mobile&quot;:{&quot;unit&quot;:&quot;px&quot;,&quot;size&quot;:&quot;&quot;,&quot;sizes&quot;:[]}}\">\n\t\t<div class=\"elementor-element elementor-element-33037f4 e-con-full e-transform e-flex e-con e-child\" data-id=\"33037f4\" data-element_type=\"container\" data-e-type=\"container\" data-settings=\"{&quot;background_background&quot;:&quot;classic&quot;,&quot;_transform_translateX_effect&quot;:{&quot;unit&quot;:&quot;px&quot;,&quot;size&quot;:&quot;38&quot;,&quot;sizes&quot;:[]},&quot;_transform_translateX_effect_tablet&quot;:{&quot;unit&quot;:&quot;px&quot;,&quot;size&quot;:&quot;&quot;,&quot;sizes&quot;:[]},&quot;_transform_translateX_effect_mobile&quot;:{&quot;unit&quot;:&quot;px&quot;,&quot;size&quot;:&quot;&quot;,&quot;sizes&quot;:[]},&quot;_transform_translateY_effect&quot;:{&quot;unit&quot;:&quot;px&quot;,&quot;size&quot;:&quot;&quot;,&quot;sizes&quot;:[]},&quot;_transform_translateY_effect_tablet&quot;:{&quot;unit&quot;:&quot;px&quot;,&quot;size&quot;:&quot;&quot;,&quot;sizes&quot;:[]},&quot;_transform_translateY_effect_mobile&quot;:{&quot;unit&quot;:&quot;px&quot;,&quot;size&quot;:&quot;&quot;,&quot;sizes&quot;:[]}}\">\n\t\t\t\t<div class=\"elementor-element elementor-element-f8a8225 elementor-widget elementor-widget-heading\" data-id=\"f8a8225\" data-element_type=\"widget\" data-e-type=\"widget\" data-widget_type=\"heading.default\">\n\t\t\t\t<div class=\"elementor-widget-container\">\n\t\t\t\t\t<h2 class=\"elementor-heading-title elementor-size-default\">Anos Iniciais - Fundamental<\/h2>\t\t\t\t<\/div>\n\t\t\t\t<\/div>\n\t\t\t\t<div class=\"elementor-element elementor-element-d690f43 elementor-widget elementor-widget-text-editor\" data-id=\"d690f43\" data-element_type=\"widget\" data-e-type=\"widget\" data-widget_type=\"text-editor.default\">\n\t\t\t\t<div class=\"elementor-widget-container\">\n\t\t\t\t\t\t\t\t\t<p class=\"\" data-start=\"0\" data-end=\"244\">Nos Anos Iniciais do Ensino Fundamental, a semente plantada na inf\u00e2ncia come\u00e7a a crescer, criando ra\u00edzes fortes para novos aprendizados. Nesta fase, o desenvolvimento exige cuidado e est\u00edmulo, preparando a crian\u00e7a para dar frutos no futuro.<\/p><p class=\"\" data-start=\"246\" data-end=\"462\">O processo formativo integra a coopera\u00e7\u00e3o, a inicia\u00e7\u00e3o cient\u00edfica, o uso de espa\u00e7os l\u00fadicos, a compet\u00eancia comunicativa, a consci\u00eancia ecol\u00f3gica e a educa\u00e7\u00e3o financeira, promovendo um crescimento saud\u00e1vel e completo.<\/p>\t\t\t\t\t\t\t\t<\/div>\n\t\t\t\t<\/div>\n\t\t\t\t<div class=\"elementor-element elementor-element-2018201 elementor-widget elementor-widget-button\" data-id=\"2018201\" data-element_type=\"widget\" data-e-type=\"widget\" data-widget_type=\"button.default\">\n\t\t\t\t<div class=\"elementor-widget-container\">\n\t\t\t\t\t\t\t\t\t<div class=\"elementor-button-wrapper\">\n\t\t\t\t\t<a class=\"elementor-button elementor-button-link elementor-size-sm\" href=\"https:\/\/redeicm.org.br\/saobenedito\/ensino-fundamental-anos-iniciais\/\">\n\t\t\t\t\t\t<span class=\"elementor-button-content-wrapper\">\n\t\t\t\t\t\t\t\t\t<span class=\"elementor-button-text\">SAIBA MAIS<\/span>\n\t\t\t\t\t<\/span>\n\t\t\t\t\t<\/a>\n\t\t\t\t<\/div>\n\t\t\t\t\t\t\t\t<\/div>\n\t\t\t\t<\/div>\n\t\t\t\t<\/div>\n\t\t\t\t<\/div>\n\t\t<div class=\"elementor-element elementor-element-cb95548 e-con-full e-flex elementor-invisible e-con e-child\" data-id=\"cb95548\" data-element_type=\"container\" data-e-type=\"container\" data-settings=\"{&quot;animation&quot;:&quot;fadeInUp&quot;}\">\n\t\t\t\t<div class=\"elementor-element elementor-element-768875d elementor-widget elementor-widget-image\" data-id=\"768875d\" data-element_type=\"widget\" data-e-type=\"widget\" data-widget_type=\"image.default\">\n\t\t\t\t<div class=\"elementor-widget-container\">\n\t\t\t\t\t\t\t\t\t\t\t\t\t\t\t<img decoding=\"async\" width=\"1080\" height=\"1080\" src=\"https:\/\/redeicm.org.br\/saobenedito\/wp-content\/uploads\/sites\/21\/2025\/03\/Design-sem-nome-1-1.jpg\" class=\"attachment-full size-full wp-image-1185\" alt=\"\" srcset=\"https:\/\/redeicm.org.br\/saobenedito\/wp-content\/uploads\/sites\/21\/2025\/03\/Design-sem-nome-1-1.jpg 1080w, https:\/\/redeicm.org.br\/saobenedito\/wp-content\/uploads\/sites\/21\/2025\/03\/Design-sem-nome-1-1-300x300.jpg 300w, https:\/\/redeicm.org.br\/saobenedito\/wp-content\/uploads\/sites\/21\/2025\/03\/Design-sem-nome-1-1-1024x1024.jpg 1024w, https:\/\/redeicm.org.br\/saobenedito\/wp-content\/uploads\/sites\/21\/2025\/03\/Design-sem-nome-1-1-150x150.jpg 150w, https:\/\/redeicm.org.br\/saobenedito\/wp-content\/uploads\/sites\/21\/2025\/03\/Design-sem-nome-1-1-768x768.jpg 768w\" sizes=\"(max-width: 1080px) 100vw, 1080px\" \/>\t\t\t\t\t\t\t\t\t\t\t\t\t\t\t<\/div>\n\t\t\t\t<\/div>\n\t\t\t\t<\/div>\n\t\t\t\t\t<\/div>\n\t\t\t\t<\/div>\n\t\t<div class=\"elementor-element elementor-element-98d45af e-flex e-con-boxed elementor-invisible e-con e-parent\" data-id=\"98d45af\" data-element_type=\"container\" data-e-type=\"container\" data-settings=\"{&quot;background_background&quot;:&quot;classic&quot;,&quot;animation&quot;:&quot;fadeInUp&quot;}\">\n\t\t\t\t\t<div class=\"e-con-inner\">\n\t\t<div class=\"elementor-element elementor-element-3cc3c45 e-con-full e-flex elementor-invisible e-con e-child\" data-id=\"3cc3c45\" data-element_type=\"container\" data-e-type=\"container\" data-settings=\"{&quot;animation&quot;:&quot;fadeInUp&quot;}\">\n\t\t\t\t<div class=\"elementor-element elementor-element-4438f1c elementor-widget elementor-widget-image\" data-id=\"4438f1c\" data-element_type=\"widget\" data-e-type=\"widget\" data-widget_type=\"image.default\">\n\t\t\t\t<div class=\"elementor-widget-container\">\n\t\t\t\t\t\t\t\t\t\t\t\t\t\t\t<img decoding=\"async\" width=\"1080\" height=\"1080\" src=\"https:\/\/redeicm.org.br\/saobenedito\/wp-content\/uploads\/sites\/21\/2025\/03\/Design-sem-nome-2.jpg\" class=\"attachment-full size-full wp-image-1193\" alt=\"\" srcset=\"https:\/\/redeicm.org.br\/saobenedito\/wp-content\/uploads\/sites\/21\/2025\/03\/Design-sem-nome-2.jpg 1080w, https:\/\/redeicm.org.br\/saobenedito\/wp-content\/uploads\/sites\/21\/2025\/03\/Design-sem-nome-2-300x300.jpg 300w, https:\/\/redeicm.org.br\/saobenedito\/wp-content\/uploads\/sites\/21\/2025\/03\/Design-sem-nome-2-1024x1024.jpg 1024w, https:\/\/redeicm.org.br\/saobenedito\/wp-content\/uploads\/sites\/21\/2025\/03\/Design-sem-nome-2-150x150.jpg 150w, https:\/\/redeicm.org.br\/saobenedito\/wp-content\/uploads\/sites\/21\/2025\/03\/Design-sem-nome-2-768x768.jpg 768w\" sizes=\"(max-width: 1080px) 100vw, 1080px\" \/>\t\t\t\t\t\t\t\t\t\t\t\t\t\t\t<\/div>\n\t\t\t\t<\/div>\n\t\t\t\t<\/div>\n\t\t<div class=\"elementor-element elementor-element-b9ce538 e-con-full e-flex elementor-invisible e-con e-child\" data-id=\"b9ce538\" data-element_type=\"container\" data-e-type=\"container\" data-settings=\"{&quot;animation&quot;:&quot;fadeInUp&quot;,&quot;animation_delay&quot;:&quot;100&quot;}\">\n\t\t<div class=\"elementor-element elementor-element-e0bf943 e-con-full e-flex e-con e-child\" data-id=\"e0bf943\" data-element_type=\"container\" data-e-type=\"container\" data-settings=\"{&quot;background_background&quot;:&quot;classic&quot;}\">\n\t\t\t\t<div class=\"elementor-element elementor-element-ea25856 elementor-widget elementor-widget-heading\" data-id=\"ea25856\" data-element_type=\"widget\" data-e-type=\"widget\" data-widget_type=\"heading.default\">\n\t\t\t\t<div class=\"elementor-widget-container\">\n\t\t\t\t\t<h2 class=\"elementor-heading-title elementor-size-default\">Anos Finais - Fundamental<\/h2>\t\t\t\t<\/div>\n\t\t\t\t<\/div>\n\t\t\t\t<div class=\"elementor-element elementor-element-4793889 elementor-widget elementor-widget-text-editor\" data-id=\"4793889\" data-element_type=\"widget\" data-e-type=\"widget\" data-widget_type=\"text-editor.default\">\n\t\t\t\t<div class=\"elementor-widget-container\">\n\t\t\t\t\t\t\t\t\t<p class=\"\" data-start=\"0\" data-end=\"355\">Nos Anos Finais do Ensino Fundamental, a semente plantada na Educa\u00e7\u00e3o Infantil e regada nos Anos Iniciais come\u00e7a, de forma abundante, a dar frutos mais robustos, e os alunos come\u00e7am a colher os resultados desse processo. Nesse per\u00edodo, os conhecimentos se consolidam, impulsionando o desenvolvimento intelectual e ampliando as experi\u00eancias socioculturais.<\/p><p class=\"\" data-start=\"357\" data-end=\"632\">Nosso processo formativo valoriza o protagonismo, a lideran\u00e7a, a cientificidade e o letramento tecnol\u00f3gico, al\u00e9m de incentivar o &#8220;aprender a aprender&#8221;, a sustentabilidade e a autogest\u00e3o financeira, preparando os alunos para os desafios em sua jornada.<\/p>\t\t\t\t\t\t\t\t<\/div>\n\t\t\t\t<\/div>\n\t\t\t\t<div class=\"elementor-element elementor-element-06edd55 elementor-widget elementor-widget-button\" data-id=\"06edd55\" data-element_type=\"widget\" data-e-type=\"widget\" data-widget_type=\"button.default\">\n\t\t\t\t<div class=\"elementor-widget-container\">\n\t\t\t\t\t\t\t\t\t<div class=\"elementor-button-wrapper\">\n\t\t\t\t\t<a class=\"elementor-button elementor-button-link elementor-size-sm\" href=\"https:\/\/redeicm.org.br\/saobenedito\/ensino-fundamental-anos-finais\/\">\n\t\t\t\t\t\t<span class=\"elementor-button-content-wrapper\">\n\t\t\t\t\t\t\t\t\t<span class=\"elementor-button-text\">CONHE\u00c7A MAIS<\/span>\n\t\t\t\t\t<\/span>\n\t\t\t\t\t<\/a>\n\t\t\t\t<\/div>\n\t\t\t\t\t\t\t\t<\/div>\n\t\t\t\t<\/div>\n\t\t\t\t<\/div>\n\t\t\t\t<\/div>\n\t\t\t\t\t<\/div>\n\t\t\t\t<\/div>\n\t\t\t\t<\/div>\n\t\t","protected":false},"excerpt":{"rendered":"<p>Educa\u00e7\u00e3o Infantil A Educa\u00e7\u00e3o Infantil \u00e9 o solo f\u00e9rtil onde as primeiras sementes do conhecimento e do desenvolvimento humano s\u00e3o plantadas. Com cuidado e dedica\u00e7\u00e3o, cultivamos um ambiente que incentiva a descoberta, a criatividade e a autonomia, preparando cada crian\u00e7a para crescer e florescer ao longo da vida. No S\u00e3o Benedito, primamos pela aprendizagem integral, [&hellip;]<\/p>\n","protected":false},"author":9,"featured_media":0,"parent":0,"menu_order":0,"comment_status":"closed","ping_status":"closed","template":"","meta":{"_acf_changed":false,"footnotes":""},"class_list":["post-1177","page","type-page","status-publish","hentry"],"acf":[],"yoast_head":"<!-- This site is optimized with the Yoast SEO plugin v26.3 - https:\/\/yoast.com\/wordpress\/plugins\/seo\/ -->\n<title>Cursos Oferecidos - Escola S\u00e3o Benedito | Rede ICM de educa\u00e7\u00e3o<\/title>\n<meta name=\"robots\" content=\"index, follow, max-snippet:-1, max-image-preview:large, max-video-preview:-1\" \/>\n<link rel=\"canonical\" href=\"https:\/\/redeicm.org.br\/saobenedito\/cursos-oferecidos\/\" \/>\n<meta property=\"og:locale\" content=\"pt_BR\" \/>\n<meta property=\"og:type\" content=\"article\" \/>\n<meta property=\"og:title\" content=\"Cursos Oferecidos - Escola S\u00e3o Benedito | Rede ICM de educa\u00e7\u00e3o\" \/>\n<meta property=\"og:description\" content=\"Educa\u00e7\u00e3o Infantil A Educa\u00e7\u00e3o Infantil \u00e9 o solo f\u00e9rtil onde as primeiras sementes do conhecimento e do desenvolvimento humano s\u00e3o plantadas. Com cuidado e dedica\u00e7\u00e3o, cultivamos um ambiente que incentiva a descoberta, a criatividade e a autonomia, preparando cada crian\u00e7a para crescer e florescer ao longo da vida. No S\u00e3o Benedito, primamos pela aprendizagem integral, [&hellip;]\" \/>\n<meta property=\"og:url\" content=\"https:\/\/redeicm.org.br\/saobenedito\/cursos-oferecidos\/\" \/>\n<meta property=\"og:site_name\" content=\"Escola S\u00e3o Benedito | Rede ICM de educa\u00e7\u00e3o\" \/>\n<meta property=\"article:modified_time\" content=\"2025-03-25T20:45:20+00:00\" \/>\n<meta property=\"og:image\" content=\"https:\/\/redeicm.org.br\/saobenedito\/wp-content\/uploads\/sites\/21\/2025\/03\/Design-sem-nome-1.jpg\" \/>\n\t<meta property=\"og:image:width\" content=\"1080\" \/>\n\t<meta property=\"og:image:height\" content=\"1080\" \/>\n\t<meta property=\"og:image:type\" content=\"image\/jpeg\" \/>\n<meta name=\"twitter:card\" content=\"summary_large_image\" \/>\n<meta name=\"twitter:label1\" content=\"Est. tempo de leitura\" \/>\n\t<meta name=\"twitter:data1\" content=\"2 minutos\" \/>\n<script type=\"application\/ld+json\" class=\"yoast-schema-graph\">{\"@context\":\"https:\/\/schema.org\",\"@graph\":[{\"@type\":\"WebPage\",\"@id\":\"https:\/\/redeicm.org.br\/saobenedito\/cursos-oferecidos\/\",\"url\":\"https:\/\/redeicm.org.br\/saobenedito\/cursos-oferecidos\/\",\"name\":\"Cursos Oferecidos - Escola S\u00e3o Benedito | Rede ICM de educa\u00e7\u00e3o\",\"isPartOf\":{\"@id\":\"https:\/\/redeicm.org.br\/saobenedito\/#website\"},\"primaryImageOfPage\":{\"@id\":\"https:\/\/redeicm.org.br\/saobenedito\/cursos-oferecidos\/#primaryimage\"},\"image\":{\"@id\":\"https:\/\/redeicm.org.br\/saobenedito\/cursos-oferecidos\/#primaryimage\"},\"thumbnailUrl\":\"https:\/\/redeicm.org.br\/saobenedito\/wp-content\/uploads\/sites\/21\/2025\/03\/Design-sem-nome-1.jpg\",\"datePublished\":\"2025-03-25T19:49:02+00:00\",\"dateModified\":\"2025-03-25T20:45:20+00:00\",\"breadcrumb\":{\"@id\":\"https:\/\/redeicm.org.br\/saobenedito\/cursos-oferecidos\/#breadcrumb\"},\"inLanguage\":\"pt-BR\",\"potentialAction\":[{\"@type\":\"ReadAction\",\"target\":[\"https:\/\/redeicm.org.br\/saobenedito\/cursos-oferecidos\/\"]}]},{\"@type\":\"ImageObject\",\"inLanguage\":\"pt-BR\",\"@id\":\"https:\/\/redeicm.org.br\/saobenedito\/cursos-oferecidos\/#primaryimage\",\"url\":\"https:\/\/redeicm.org.br\/saobenedito\/wp-content\/uploads\/sites\/21\/2025\/03\/Design-sem-nome-1.jpg\",\"contentUrl\":\"https:\/\/redeicm.org.br\/saobenedito\/wp-content\/uploads\/sites\/21\/2025\/03\/Design-sem-nome-1.jpg\",\"width\":1080,\"height\":1080},{\"@type\":\"BreadcrumbList\",\"@id\":\"https:\/\/redeicm.org.br\/saobenedito\/cursos-oferecidos\/#breadcrumb\",\"itemListElement\":[{\"@type\":\"ListItem\",\"position\":1,\"name\":\"In\u00edcio\",\"item\":\"https:\/\/redeicm.org.br\/saobenedito\/\"},{\"@type\":\"ListItem\",\"position\":2,\"name\":\"Cursos Oferecidos\"}]},{\"@type\":\"WebSite\",\"@id\":\"https:\/\/redeicm.org.br\/saobenedito\/#website\",\"url\":\"https:\/\/redeicm.org.br\/saobenedito\/\",\"name\":\"Escola S\u00e3o Benedito | Rede ICM de educa\u00e7\u00e3o\",\"description\":\"\",\"publisher\":{\"@id\":\"https:\/\/redeicm.org.br\/saobenedito\/#organization\"},\"potentialAction\":[{\"@type\":\"SearchAction\",\"target\":{\"@type\":\"EntryPoint\",\"urlTemplate\":\"https:\/\/redeicm.org.br\/saobenedito\/?s={search_term_string}\"},\"query-input\":{\"@type\":\"PropertyValueSpecification\",\"valueRequired\":true,\"valueName\":\"search_term_string\"}}],\"inLanguage\":\"pt-BR\"},{\"@type\":\"Organization\",\"@id\":\"https:\/\/redeicm.org.br\/saobenedito\/#organization\",\"name\":\"Escola S\u00e3o Benedito | Rede ICM de educa\u00e7\u00e3o\",\"url\":\"https:\/\/redeicm.org.br\/saobenedito\/\",\"logo\":{\"@type\":\"ImageObject\",\"inLanguage\":\"pt-BR\",\"@id\":\"https:\/\/redeicm.org.br\/saobenedito\/#\/schema\/logo\/image\/\",\"url\":\"https:\/\/redeicm.org.br\/saobenedito\/wp-content\/uploads\/sites\/21\/2024\/08\/logo-icm-sao-benedito.webp\",\"contentUrl\":\"https:\/\/redeicm.org.br\/saobenedito\/wp-content\/uploads\/sites\/21\/2024\/08\/logo-icm-sao-benedito.webp\",\"width\":1024,\"height\":369,\"caption\":\"Escola S\u00e3o Benedito | Rede ICM de educa\u00e7\u00e3o\"},\"image\":{\"@id\":\"https:\/\/redeicm.org.br\/saobenedito\/#\/schema\/logo\/image\/\"}}]}<\/script>\n<!-- \/ Yoast SEO plugin. -->","yoast_head_json":{"title":"Cursos Oferecidos - Escola S\u00e3o Benedito | Rede ICM de educa\u00e7\u00e3o","robots":{"index":"index","follow":"follow","max-snippet":"max-snippet:-1","max-image-preview":"max-image-preview:large","max-video-preview":"max-video-preview:-1"},"canonical":"https:\/\/redeicm.org.br\/saobenedito\/cursos-oferecidos\/","og_locale":"pt_BR","og_type":"article","og_title":"Cursos Oferecidos - Escola S\u00e3o Benedito | Rede ICM de educa\u00e7\u00e3o","og_description":"Educa\u00e7\u00e3o Infantil A Educa\u00e7\u00e3o Infantil \u00e9 o solo f\u00e9rtil onde as primeiras sementes do conhecimento e do desenvolvimento humano s\u00e3o plantadas. Com cuidado e dedica\u00e7\u00e3o, cultivamos um ambiente que incentiva a descoberta, a criatividade e a autonomia, preparando cada crian\u00e7a para crescer e florescer ao longo da vida. No S\u00e3o Benedito, primamos pela aprendizagem integral, [&hellip;]","og_url":"https:\/\/redeicm.org.br\/saobenedito\/cursos-oferecidos\/","og_site_name":"Escola S\u00e3o Benedito | Rede ICM de educa\u00e7\u00e3o","article_modified_time":"2025-03-25T20:45:20+00:00","og_image":[{"width":1080,"height":1080,"url":"https:\/\/redeicm.org.br\/saobenedito\/wp-content\/uploads\/sites\/21\/2025\/03\/Design-sem-nome-1.jpg","type":"image\/jpeg"}],"twitter_card":"summary_large_image","twitter_misc":{"Est. tempo de leitura":"2 minutos"},"schema":{"@context":"https:\/\/schema.org","@graph":[{"@type":"WebPage","@id":"https:\/\/redeicm.org.br\/saobenedito\/cursos-oferecidos\/","url":"https:\/\/redeicm.org.br\/saobenedito\/cursos-oferecidos\/","name":"Cursos Oferecidos - Escola S\u00e3o Benedito | Rede ICM de educa\u00e7\u00e3o","isPartOf":{"@id":"https:\/\/redeicm.org.br\/saobenedito\/#website"},"primaryImageOfPage":{"@id":"https:\/\/redeicm.org.br\/saobenedito\/cursos-oferecidos\/#primaryimage"},"image":{"@id":"https:\/\/redeicm.org.br\/saobenedito\/cursos-oferecidos\/#primaryimage"},"thumbnailUrl":"https:\/\/redeicm.org.br\/saobenedito\/wp-content\/uploads\/sites\/21\/2025\/03\/Design-sem-nome-1.jpg","datePublished":"2025-03-25T19:49:02+00:00","dateModified":"2025-03-25T20:45:20+00:00","breadcrumb":{"@id":"https:\/\/redeicm.org.br\/saobenedito\/cursos-oferecidos\/#breadcrumb"},"inLanguage":"pt-BR","potentialAction":[{"@type":"ReadAction","target":["https:\/\/redeicm.org.br\/saobenedito\/cursos-oferecidos\/"]}]},{"@type":"ImageObject","inLanguage":"pt-BR","@id":"https:\/\/redeicm.org.br\/saobenedito\/cursos-oferecidos\/#primaryimage","url":"https:\/\/redeicm.org.br\/saobenedito\/wp-content\/uploads\/sites\/21\/2025\/03\/Design-sem-nome-1.jpg","contentUrl":"https:\/\/redeicm.org.br\/saobenedito\/wp-content\/uploads\/sites\/21\/2025\/03\/Design-sem-nome-1.jpg","width":1080,"height":1080},{"@type":"BreadcrumbList","@id":"https:\/\/redeicm.org.br\/saobenedito\/cursos-oferecidos\/#breadcrumb","itemListElement":[{"@type":"ListItem","position":1,"name":"In\u00edcio","item":"https:\/\/redeicm.org.br\/saobenedito\/"},{"@type":"ListItem","position":2,"name":"Cursos Oferecidos"}]},{"@type":"WebSite","@id":"https:\/\/redeicm.org.br\/saobenedito\/#website","url":"https:\/\/redeicm.org.br\/saobenedito\/","name":"Escola S\u00e3o Benedito | Rede ICM de educa\u00e7\u00e3o","description":"","publisher":{"@id":"https:\/\/redeicm.org.br\/saobenedito\/#organization"},"potentialAction":[{"@type":"SearchAction","target":{"@type":"EntryPoint","urlTemplate":"https:\/\/redeicm.org.br\/saobenedito\/?s={search_term_string}"},"query-input":{"@type":"PropertyValueSpecification","valueRequired":true,"valueName":"search_term_string"}}],"inLanguage":"pt-BR"},{"@type":"Organization","@id":"https:\/\/redeicm.org.br\/saobenedito\/#organization","name":"Escola S\u00e3o Benedito | Rede ICM de educa\u00e7\u00e3o","url":"https:\/\/redeicm.org.br\/saobenedito\/","logo":{"@type":"ImageObject","inLanguage":"pt-BR","@id":"https:\/\/redeicm.org.br\/saobenedito\/#\/schema\/logo\/image\/","url":"https:\/\/redeicm.org.br\/saobenedito\/wp-content\/uploads\/sites\/21\/2024\/08\/logo-icm-sao-benedito.webp","contentUrl":"https:\/\/redeicm.org.br\/saobenedito\/wp-content\/uploads\/sites\/21\/2024\/08\/logo-icm-sao-benedito.webp","width":1024,"height":369,"caption":"Escola S\u00e3o Benedito | Rede ICM de educa\u00e7\u00e3o"},"image":{"@id":"https:\/\/redeicm.org.br\/saobenedito\/#\/schema\/logo\/image\/"}}]}},"_links":{"self":[{"href":"https:\/\/redeicm.org.br\/saobenedito\/wp-json\/wp\/v2\/pages\/1177","targetHints":{"allow":["GET"]}}],"collection":[{"href":"https:\/\/redeicm.org.br\/saobenedito\/wp-json\/wp\/v2\/pages"}],"about":[{"href":"https:\/\/redeicm.org.br\/saobenedito\/wp-json\/wp\/v2\/types\/page"}],"author":[{"embeddable":true,"href":"https:\/\/redeicm.org.br\/saobenedito\/wp-json\/wp\/v2\/users\/9"}],"replies":[{"embeddable":true,"href":"https:\/\/redeicm.org.br\/saobenedito\/wp-json\/wp\/v2\/comments?post=1177"}],"version-history":[{"count":13,"href":"https:\/\/redeicm.org.br\/saobenedito\/wp-json\/wp\/v2\/pages\/1177\/revisions"}],"predecessor-version":[{"id":1202,"href":"https:\/\/redeicm.org.br\/saobenedito\/wp-json\/wp\/v2\/pages\/1177\/revisions\/1202"}],"wp:attachment":[{"href":"https:\/\/redeicm.org.br\/saobenedito\/wp-json\/wp\/v2\/media?parent=1177"}],"curies":[{"name":"wp","href":"https:\/\/api.w.org\/{rel}","templated":true}]}}