{"id":106,"date":"2024-08-16T15:54:35","date_gmt":"2024-08-16T18:54:35","guid":{"rendered":"https:\/\/redeicm.org.br\/saobenedito\/educacao-infantil\/"},"modified":"2025-05-27T11:05:59","modified_gmt":"2025-05-27T14:05:59","slug":"educacao-infantil","status":"publish","type":"page","link":"https:\/\/redeicm.org.br\/saobenedito\/educacao-infantil\/","title":{"rendered":"Educa\u00e7\u00e3o Infantil"},"content":{"rendered":"\t\t<div data-elementor-type=\"wp-page\" data-elementor-id=\"106\" class=\"elementor elementor-106\" data-elementor-post-type=\"page\">\n\t\t\t\t<div class=\"elementor-element elementor-element-da6bf52 e-flex e-con-boxed e-con e-parent\" data-id=\"da6bf52\" data-element_type=\"container\" data-e-type=\"container\">\n\t\t\t\t\t<div class=\"e-con-inner\">\n\t\t\t\t<div class=\"elementor-element elementor-element-18ad46b elementor-widget elementor-widget-image\" data-id=\"18ad46b\" data-element_type=\"widget\" data-e-type=\"widget\" data-widget_type=\"image.default\">\n\t\t\t\t<div class=\"elementor-widget-container\">\n\t\t\t\t\t\t\t\t\t\t\t\t\t\t\t<img decoding=\"async\" src=\"https:\/\/www.redeicm.org.br\/saobenedito\/wp-content\/uploads\/sites\/17\/2019\/06\/educa%C3%A7%C3%A3o-infantil.png\" title=\"\" alt=\"\" loading=\"lazy\" \/>\t\t\t\t\t\t\t\t\t\t\t\t\t\t\t<\/div>\n\t\t\t\t<\/div>\n\t\t\t\t\t<\/div>\n\t\t\t\t<\/div>\n\t\t<div class=\"elementor-element elementor-element-494a42c7 e-con-full e-flex e-con e-parent\" data-id=\"494a42c7\" data-element_type=\"container\" data-e-type=\"container\">\n\t\t<div class=\"elementor-element elementor-element-81ab19f e-flex e-con-boxed e-con e-child\" data-id=\"81ab19f\" data-element_type=\"container\" data-e-type=\"container\">\n\t\t\t\t\t<div class=\"e-con-inner\">\n\t\t\t\t<div class=\"elementor-element elementor-element-b740dd5 elementor-invisible elementor-widget elementor-widget-text-editor\" data-id=\"b740dd5\" data-element_type=\"widget\" data-e-type=\"widget\" data-settings=\"{&quot;_animation&quot;:&quot;fadeInUp&quot;}\" data-widget_type=\"text-editor.default\">\n\t\t\t\t<div class=\"elementor-widget-container\">\n\t\t\t\t\t\t\t\t\t<p>A\u00a0<b>EDUCA\u00c7\u00c3O INFANTIL<\/b>\u00a0atende crian\u00e7as a partir dos 03 (tr\u00eas) anos, e se divide em 2 modalidades:\u00a0<strong>Maternal (I e II)\u00a0<\/strong>\u00a0e<br \/><strong>Pr\u00e9 (N\u00edveis I e II)<\/strong>, tendo por objetivo proporcionar \u00e0 crian\u00e7a:<\/p><ol><li>A viv\u00eancia de valores humanos e crist\u00e3os;<\/li><li>A criatividade e a socializa\u00e7\u00e3o;<\/li><li>A busca de identidade;<\/li><li>O desenvolvimento afetivo e psicomotor na constru\u00e7\u00e3o de seu conhecimento;<\/li><li>A constru\u00e7\u00e3o de sua intelig\u00eancia;<\/li><li>O desenvolvimento da capacidade cr\u00edtico criadora;<\/li><li>A amplia\u00e7\u00e3o do contexto social;<\/li><li>A integra\u00e7\u00e3o dos aspectos f\u00edsicos, emocionais, afetivos, cognitivos e sociais;<\/li><li>A livre express\u00e3o de ideias, opini\u00f5es e experi\u00eancias;<\/li><li>O desenvolvimento das diferentes \u00e1reas do conhecimento;<\/li><li>A descoberta atrav\u00e9s da curiosidade.<\/li><\/ol>\t\t\t\t\t\t\t\t<\/div>\n\t\t\t\t<\/div>\n\t\t\t\t\t<\/div>\n\t\t\t\t<\/div>\n\t\t\t\t<\/div>\n\t\t\t\t<\/div>\n\t\t","protected":false},"excerpt":{"rendered":"<p>A\u00a0EDUCA\u00c7\u00c3O INFANTIL\u00a0atende crian\u00e7as a partir dos 03 (tr\u00eas) anos, e se divide em 2 modalidades:\u00a0Maternal (I e II)\u00a0\u00a0ePr\u00e9 (N\u00edveis I e II), tendo por objetivo proporcionar \u00e0 crian\u00e7a: A viv\u00eancia de valores humanos e crist\u00e3os; A criatividade e a socializa\u00e7\u00e3o; A busca de identidade; O desenvolvimento afetivo e psicomotor na constru\u00e7\u00e3o de seu conhecimento; A [&hellip;]<\/p>\n","protected":false},"author":1,"featured_media":109,"parent":0,"menu_order":0,"comment_status":"closed","ping_status":"closed","template":"","meta":{"_acf_changed":false,"footnotes":""},"class_list":["post-106","page","type-page","status-publish","has-post-thumbnail","hentry"],"acf":[],"yoast_head":"<!-- This site is optimized with the Yoast SEO plugin v26.3 - https:\/\/yoast.com\/wordpress\/plugins\/seo\/ -->\n<title>Educa\u00e7\u00e3o Infantil - Escola S\u00e3o Benedito | Rede ICM de educa\u00e7\u00e3o<\/title>\n<meta name=\"robots\" content=\"index, follow, max-snippet:-1, max-image-preview:large, max-video-preview:-1\" \/>\n<link rel=\"canonical\" href=\"https:\/\/redeicm.org.br\/saobenedito\/educacao-infantil\/\" \/>\n<meta property=\"og:locale\" content=\"pt_BR\" \/>\n<meta property=\"og:type\" content=\"article\" \/>\n<meta property=\"og:title\" content=\"Educa\u00e7\u00e3o Infantil - Escola S\u00e3o Benedito | Rede ICM de educa\u00e7\u00e3o\" \/>\n<meta property=\"og:description\" content=\"A\u00a0EDUCA\u00c7\u00c3O INFANTIL\u00a0atende crian\u00e7as a partir dos 03 (tr\u00eas) anos, e se divide em 2 modalidades:\u00a0Maternal (I e II)\u00a0\u00a0ePr\u00e9 (N\u00edveis I e II), tendo por objetivo proporcionar \u00e0 crian\u00e7a: A viv\u00eancia de valores humanos e crist\u00e3os; A criatividade e a socializa\u00e7\u00e3o; A busca de identidade; O desenvolvimento afetivo e psicomotor na constru\u00e7\u00e3o de seu conhecimento; A [&hellip;]\" \/>\n<meta property=\"og:url\" content=\"https:\/\/redeicm.org.br\/saobenedito\/educacao-infantil\/\" \/>\n<meta property=\"og:site_name\" content=\"Escola S\u00e3o Benedito | Rede ICM de educa\u00e7\u00e3o\" \/>\n<meta property=\"article:modified_time\" content=\"2025-05-27T14:05:59+00:00\" \/>\n<meta property=\"og:image\" content=\"https:\/\/redeicm.org.br\/saobenedito\/wp-content\/uploads\/sites\/21\/2024\/08\/banner-educacao-infantil.jpg\" \/>\n\t<meta property=\"og:image:width\" content=\"1440\" \/>\n\t<meta property=\"og:image:height\" content=\"400\" \/>\n\t<meta property=\"og:image:type\" content=\"image\/jpeg\" \/>\n<meta name=\"twitter:card\" content=\"summary_large_image\" \/>\n<meta name=\"twitter:label1\" content=\"Est. tempo de leitura\" \/>\n\t<meta name=\"twitter:data1\" content=\"1 minuto\" \/>\n<script type=\"application\/ld+json\" class=\"yoast-schema-graph\">{\"@context\":\"https:\/\/schema.org\",\"@graph\":[{\"@type\":\"WebPage\",\"@id\":\"https:\/\/redeicm.org.br\/saobenedito\/educacao-infantil\/\",\"url\":\"https:\/\/redeicm.org.br\/saobenedito\/educacao-infantil\/\",\"name\":\"Educa\u00e7\u00e3o Infantil - Escola S\u00e3o Benedito | Rede ICM de educa\u00e7\u00e3o\",\"isPartOf\":{\"@id\":\"https:\/\/redeicm.org.br\/saobenedito\/#website\"},\"primaryImageOfPage\":{\"@id\":\"https:\/\/redeicm.org.br\/saobenedito\/educacao-infantil\/#primaryimage\"},\"image\":{\"@id\":\"https:\/\/redeicm.org.br\/saobenedito\/educacao-infantil\/#primaryimage\"},\"thumbnailUrl\":\"https:\/\/redeicm.org.br\/saobenedito\/wp-content\/uploads\/sites\/21\/2024\/08\/banner-educacao-infantil.jpg\",\"datePublished\":\"2024-08-16T18:54:35+00:00\",\"dateModified\":\"2025-05-27T14:05:59+00:00\",\"breadcrumb\":{\"@id\":\"https:\/\/redeicm.org.br\/saobenedito\/educacao-infantil\/#breadcrumb\"},\"inLanguage\":\"pt-BR\",\"potentialAction\":[{\"@type\":\"ReadAction\",\"target\":[\"https:\/\/redeicm.org.br\/saobenedito\/educacao-infantil\/\"]}]},{\"@type\":\"ImageObject\",\"inLanguage\":\"pt-BR\",\"@id\":\"https:\/\/redeicm.org.br\/saobenedito\/educacao-infantil\/#primaryimage\",\"url\":\"https:\/\/redeicm.org.br\/saobenedito\/wp-content\/uploads\/sites\/21\/2024\/08\/banner-educacao-infantil.jpg\",\"contentUrl\":\"https:\/\/redeicm.org.br\/saobenedito\/wp-content\/uploads\/sites\/21\/2024\/08\/banner-educacao-infantil.jpg\",\"width\":1440,\"height\":400},{\"@type\":\"BreadcrumbList\",\"@id\":\"https:\/\/redeicm.org.br\/saobenedito\/educacao-infantil\/#breadcrumb\",\"itemListElement\":[{\"@type\":\"ListItem\",\"position\":1,\"name\":\"In\u00edcio\",\"item\":\"https:\/\/redeicm.org.br\/saobenedito\/\"},{\"@type\":\"ListItem\",\"position\":2,\"name\":\"Educa\u00e7\u00e3o Infantil\"}]},{\"@type\":\"WebSite\",\"@id\":\"https:\/\/redeicm.org.br\/saobenedito\/#website\",\"url\":\"https:\/\/redeicm.org.br\/saobenedito\/\",\"name\":\"Escola S\u00e3o Benedito | Rede ICM de educa\u00e7\u00e3o\",\"description\":\"\",\"publisher\":{\"@id\":\"https:\/\/redeicm.org.br\/saobenedito\/#organization\"},\"potentialAction\":[{\"@type\":\"SearchAction\",\"target\":{\"@type\":\"EntryPoint\",\"urlTemplate\":\"https:\/\/redeicm.org.br\/saobenedito\/?s={search_term_string}\"},\"query-input\":{\"@type\":\"PropertyValueSpecification\",\"valueRequired\":true,\"valueName\":\"search_term_string\"}}],\"inLanguage\":\"pt-BR\"},{\"@type\":\"Organization\",\"@id\":\"https:\/\/redeicm.org.br\/saobenedito\/#organization\",\"name\":\"Escola S\u00e3o Benedito | Rede ICM de educa\u00e7\u00e3o\",\"url\":\"https:\/\/redeicm.org.br\/saobenedito\/\",\"logo\":{\"@type\":\"ImageObject\",\"inLanguage\":\"pt-BR\",\"@id\":\"https:\/\/redeicm.org.br\/saobenedito\/#\/schema\/logo\/image\/\",\"url\":\"https:\/\/redeicm.org.br\/saobenedito\/wp-content\/uploads\/sites\/21\/2024\/08\/logo-icm-sao-benedito.webp\",\"contentUrl\":\"https:\/\/redeicm.org.br\/saobenedito\/wp-content\/uploads\/sites\/21\/2024\/08\/logo-icm-sao-benedito.webp\",\"width\":1024,\"height\":369,\"caption\":\"Escola S\u00e3o Benedito | Rede ICM de educa\u00e7\u00e3o\"},\"image\":{\"@id\":\"https:\/\/redeicm.org.br\/saobenedito\/#\/schema\/logo\/image\/\"}}]}<\/script>\n<!-- \/ Yoast SEO plugin. -->","yoast_head_json":{"title":"Educa\u00e7\u00e3o Infantil - Escola S\u00e3o Benedito | Rede ICM de educa\u00e7\u00e3o","robots":{"index":"index","follow":"follow","max-snippet":"max-snippet:-1","max-image-preview":"max-image-preview:large","max-video-preview":"max-video-preview:-1"},"canonical":"https:\/\/redeicm.org.br\/saobenedito\/educacao-infantil\/","og_locale":"pt_BR","og_type":"article","og_title":"Educa\u00e7\u00e3o Infantil - Escola S\u00e3o Benedito | Rede ICM de educa\u00e7\u00e3o","og_description":"A\u00a0EDUCA\u00c7\u00c3O INFANTIL\u00a0atende crian\u00e7as a partir dos 03 (tr\u00eas) anos, e se divide em 2 modalidades:\u00a0Maternal (I e II)\u00a0\u00a0ePr\u00e9 (N\u00edveis I e II), tendo por objetivo proporcionar \u00e0 crian\u00e7a: A viv\u00eancia de valores humanos e crist\u00e3os; A criatividade e a socializa\u00e7\u00e3o; A busca de identidade; O desenvolvimento afetivo e psicomotor na constru\u00e7\u00e3o de seu conhecimento; A [&hellip;]","og_url":"https:\/\/redeicm.org.br\/saobenedito\/educacao-infantil\/","og_site_name":"Escola S\u00e3o Benedito | Rede ICM de educa\u00e7\u00e3o","article_modified_time":"2025-05-27T14:05:59+00:00","og_image":[{"width":1440,"height":400,"url":"https:\/\/redeicm.org.br\/saobenedito\/wp-content\/uploads\/sites\/21\/2024\/08\/banner-educacao-infantil.jpg","type":"image\/jpeg"}],"twitter_card":"summary_large_image","twitter_misc":{"Est. tempo de leitura":"1 minuto"},"schema":{"@context":"https:\/\/schema.org","@graph":[{"@type":"WebPage","@id":"https:\/\/redeicm.org.br\/saobenedito\/educacao-infantil\/","url":"https:\/\/redeicm.org.br\/saobenedito\/educacao-infantil\/","name":"Educa\u00e7\u00e3o Infantil - Escola S\u00e3o Benedito | Rede ICM de educa\u00e7\u00e3o","isPartOf":{"@id":"https:\/\/redeicm.org.br\/saobenedito\/#website"},"primaryImageOfPage":{"@id":"https:\/\/redeicm.org.br\/saobenedito\/educacao-infantil\/#primaryimage"},"image":{"@id":"https:\/\/redeicm.org.br\/saobenedito\/educacao-infantil\/#primaryimage"},"thumbnailUrl":"https:\/\/redeicm.org.br\/saobenedito\/wp-content\/uploads\/sites\/21\/2024\/08\/banner-educacao-infantil.jpg","datePublished":"2024-08-16T18:54:35+00:00","dateModified":"2025-05-27T14:05:59+00:00","breadcrumb":{"@id":"https:\/\/redeicm.org.br\/saobenedito\/educacao-infantil\/#breadcrumb"},"inLanguage":"pt-BR","potentialAction":[{"@type":"ReadAction","target":["https:\/\/redeicm.org.br\/saobenedito\/educacao-infantil\/"]}]},{"@type":"ImageObject","inLanguage":"pt-BR","@id":"https:\/\/redeicm.org.br\/saobenedito\/educacao-infantil\/#primaryimage","url":"https:\/\/redeicm.org.br\/saobenedito\/wp-content\/uploads\/sites\/21\/2024\/08\/banner-educacao-infantil.jpg","contentUrl":"https:\/\/redeicm.org.br\/saobenedito\/wp-content\/uploads\/sites\/21\/2024\/08\/banner-educacao-infantil.jpg","width":1440,"height":400},{"@type":"BreadcrumbList","@id":"https:\/\/redeicm.org.br\/saobenedito\/educacao-infantil\/#breadcrumb","itemListElement":[{"@type":"ListItem","position":1,"name":"In\u00edcio","item":"https:\/\/redeicm.org.br\/saobenedito\/"},{"@type":"ListItem","position":2,"name":"Educa\u00e7\u00e3o Infantil"}]},{"@type":"WebSite","@id":"https:\/\/redeicm.org.br\/saobenedito\/#website","url":"https:\/\/redeicm.org.br\/saobenedito\/","name":"Escola S\u00e3o Benedito | Rede ICM de educa\u00e7\u00e3o","description":"","publisher":{"@id":"https:\/\/redeicm.org.br\/saobenedito\/#organization"},"potentialAction":[{"@type":"SearchAction","target":{"@type":"EntryPoint","urlTemplate":"https:\/\/redeicm.org.br\/saobenedito\/?s={search_term_string}"},"query-input":{"@type":"PropertyValueSpecification","valueRequired":true,"valueName":"search_term_string"}}],"inLanguage":"pt-BR"},{"@type":"Organization","@id":"https:\/\/redeicm.org.br\/saobenedito\/#organization","name":"Escola S\u00e3o Benedito | Rede ICM de educa\u00e7\u00e3o","url":"https:\/\/redeicm.org.br\/saobenedito\/","logo":{"@type":"ImageObject","inLanguage":"pt-BR","@id":"https:\/\/redeicm.org.br\/saobenedito\/#\/schema\/logo\/image\/","url":"https:\/\/redeicm.org.br\/saobenedito\/wp-content\/uploads\/sites\/21\/2024\/08\/logo-icm-sao-benedito.webp","contentUrl":"https:\/\/redeicm.org.br\/saobenedito\/wp-content\/uploads\/sites\/21\/2024\/08\/logo-icm-sao-benedito.webp","width":1024,"height":369,"caption":"Escola S\u00e3o Benedito | Rede ICM de educa\u00e7\u00e3o"},"image":{"@id":"https:\/\/redeicm.org.br\/saobenedito\/#\/schema\/logo\/image\/"}}]}},"_links":{"self":[{"href":"https:\/\/redeicm.org.br\/saobenedito\/wp-json\/wp\/v2\/pages\/106","targetHints":{"allow":["GET"]}}],"collection":[{"href":"https:\/\/redeicm.org.br\/saobenedito\/wp-json\/wp\/v2\/pages"}],"about":[{"href":"https:\/\/redeicm.org.br\/saobenedito\/wp-json\/wp\/v2\/types\/page"}],"author":[{"embeddable":true,"href":"https:\/\/redeicm.org.br\/saobenedito\/wp-json\/wp\/v2\/users\/1"}],"replies":[{"embeddable":true,"href":"https:\/\/redeicm.org.br\/saobenedito\/wp-json\/wp\/v2\/comments?post=106"}],"version-history":[{"count":13,"href":"https:\/\/redeicm.org.br\/saobenedito\/wp-json\/wp\/v2\/pages\/106\/revisions"}],"predecessor-version":[{"id":1660,"href":"https:\/\/redeicm.org.br\/saobenedito\/wp-json\/wp\/v2\/pages\/106\/revisions\/1660"}],"wp:featuredmedia":[{"embeddable":true,"href":"https:\/\/redeicm.org.br\/saobenedito\/wp-json\/wp\/v2\/media\/109"}],"wp:attachment":[{"href":"https:\/\/redeicm.org.br\/saobenedito\/wp-json\/wp\/v2\/media?parent=106"}],"curies":[{"name":"wp","href":"https:\/\/api.w.org\/{rel}","templated":true}]}}