{"id":33,"date":"2026-01-12T14:06:50","date_gmt":"2026-01-12T17:06:50","guid":{"rendered":"https:\/\/redeicm.org.br\/revista\/?page_id=33"},"modified":"2026-01-13T14:28:13","modified_gmt":"2026-01-13T17:28:13","slug":"contato","status":"publish","type":"page","link":"https:\/\/redeicm.org.br\/revista\/contato\/","title":{"rendered":"Contato"},"content":{"rendered":"\t\t<div data-elementor-type=\"wp-page\" data-elementor-id=\"33\" class=\"elementor elementor-33\" data-elementor-post-type=\"page\">\n\t\t\t\t<div class=\"elementor-element elementor-element-5523308 e-flex e-con-boxed e-con e-parent\" data-id=\"5523308\" data-element_type=\"container\" data-e-type=\"container\">\n\t\t\t\t\t<div class=\"e-con-inner\">\n\t\t\t\t<div class=\"elementor-element elementor-element-5089033 elementor-widget elementor-widget-image\" data-id=\"5089033\" data-element_type=\"widget\" data-e-type=\"widget\" data-widget_type=\"image.default\">\n\t\t\t\t\t\t\t\t\t\t\t\t\t\t\t<img fetchpriority=\"high\" decoding=\"async\" width=\"1295\" height=\"312\" src=\"https:\/\/redeicm.org.br\/revista\/wp-content\/uploads\/sites\/24\/2026\/01\/banner-mae-de-deus.webp\" class=\"attachment-full size-full wp-image-119\" alt=\"\" srcset=\"https:\/\/redeicm.org.br\/revista\/wp-content\/uploads\/sites\/24\/2026\/01\/banner-mae-de-deus.webp 1295w, https:\/\/redeicm.org.br\/revista\/wp-content\/uploads\/sites\/24\/2026\/01\/banner-mae-de-deus-300x72.webp 300w, https:\/\/redeicm.org.br\/revista\/wp-content\/uploads\/sites\/24\/2026\/01\/banner-mae-de-deus-1024x247.webp 1024w, https:\/\/redeicm.org.br\/revista\/wp-content\/uploads\/sites\/24\/2026\/01\/banner-mae-de-deus-768x185.webp 768w\" sizes=\"(max-width: 1295px) 100vw, 1295px\" \/>\t\t\t\t\t\t\t\t\t\t\t\t\t\t\t<\/div>\n\t\t\t\t\t<\/div>\n\t\t\t\t<\/div>\n\t\t<div class=\"elementor-element elementor-element-a05eee9 e-flex e-con-boxed e-con e-parent\" data-id=\"a05eee9\" data-element_type=\"container\" data-e-type=\"container\">\n\t\t\t\t\t<div class=\"e-con-inner\">\n\t\t\t\t<div class=\"elementor-element elementor-element-060d92f elementor-widget elementor-widget-heading\" data-id=\"060d92f\" data-element_type=\"widget\" data-e-type=\"widget\" data-widget_type=\"heading.default\">\n\t\t\t\t\t<h1 class=\"elementor-heading-title elementor-size-default\">Contato<\/h1>\t\t\t\t<\/div>\n\t\t\t\t<div class=\"elementor-element elementor-element-9be4d87 elementor-widget__width-initial elementor-widget elementor-widget-text-editor\" data-id=\"9be4d87\" data-element_type=\"widget\" data-e-type=\"widget\" data-widget_type=\"text-editor.default\">\n\t\t\t\t\t\t\t\t\t<p>Entre em contato conosco atrav\u00e9s do formul\u00e1rio abaixo:<\/p>\t\t\t\t\t\t\t\t<\/div>\n\t\t\t\t<div class=\"elementor-element elementor-element-c7a978b elementor-button-align-stretch elementor-widget elementor-widget-form\" data-id=\"c7a978b\" data-element_type=\"widget\" data-e-type=\"widget\" data-settings=\"{&quot;step_next_label&quot;:&quot;Pr\\u00f3ximo&quot;,&quot;step_previous_label&quot;:&quot;Anterior&quot;,&quot;button_width&quot;:&quot;100&quot;,&quot;step_type&quot;:&quot;number_text&quot;,&quot;step_icon_shape&quot;:&quot;circle&quot;}\" data-widget_type=\"form.default\">\n\t\t\t\t\t\t\t<form class=\"elementor-form\" method=\"post\" name=\"Contato\" aria-label=\"Contato\">\n\t\t\t<input type=\"hidden\" name=\"post_id\" value=\"33\"\/>\n\t\t\t<input type=\"hidden\" name=\"form_id\" value=\"c7a978b\"\/>\n\t\t\t<input type=\"hidden\" name=\"referer_title\" value=\"Contato - Col\u00e9gio M\u00e3e de Deus - Revista\" \/>\n\n\t\t\t\t\t\t\t<input type=\"hidden\" name=\"queried_id\" value=\"33\"\/>\n\t\t\t\n\t\t\t<div class=\"elementor-form-fields-wrapper elementor-labels-\">\n\t\t\t\t\t\t\t\t<div class=\"elementor-field-type-text elementor-field-group elementor-column elementor-field-group-name elementor-col-100\">\n\t\t\t\t\t\t\t\t\t\t\t\t<label for=\"form-field-name\" class=\"elementor-field-label elementor-screen-only\">\n\t\t\t\t\t\t\t\tNome\t\t\t\t\t\t\t<\/label>\n\t\t\t\t\t\t\t\t\t\t\t\t\t\t<input size=\"1\" type=\"text\" name=\"form_fields[name]\" id=\"form-field-name\" class=\"elementor-field elementor-size-lg  elementor-field-textual\" placeholder=\"Nome\">\n\t\t\t\t\t\t\t\t\t\t\t<\/div>\n\t\t\t\t\t\t\t\t<div class=\"elementor-field-type-email elementor-field-group elementor-column elementor-field-group-email elementor-col-100 elementor-field-required\">\n\t\t\t\t\t\t\t\t\t\t\t\t<label for=\"form-field-email\" class=\"elementor-field-label elementor-screen-only\">\n\t\t\t\t\t\t\t\tE-mail\t\t\t\t\t\t\t<\/label>\n\t\t\t\t\t\t\t\t\t\t\t\t\t\t<input size=\"1\" type=\"email\" name=\"form_fields[email]\" id=\"form-field-email\" class=\"elementor-field elementor-size-lg  elementor-field-textual\" placeholder=\"E-mail\" required=\"required\">\n\t\t\t\t\t\t\t\t\t\t\t<\/div>\n\t\t\t\t\t\t\t\t<div class=\"elementor-field-type-textarea elementor-field-group elementor-column elementor-field-group-message elementor-col-100\">\n\t\t\t\t\t\t\t\t\t\t\t\t<label for=\"form-field-message\" class=\"elementor-field-label elementor-screen-only\">\n\t\t\t\t\t\t\t\tMensagem\t\t\t\t\t\t\t<\/label>\n\t\t\t\t\t\t<textarea class=\"elementor-field-textual elementor-field  elementor-size-lg\" name=\"form_fields[message]\" id=\"form-field-message\" rows=\"4\" placeholder=\"Mensagem\"><\/textarea>\t\t\t\t<\/div>\n\t\t\t\t\t\t\t\t<div class=\"elementor-field-group elementor-column elementor-field-type-submit elementor-col-100 e-form__buttons\">\n\t\t\t\t\t<button class=\"elementor-button elementor-size-lg\" type=\"submit\">\n\t\t\t\t\t\t<span class=\"elementor-button-content-wrapper\">\n\t\t\t\t\t\t\t\t\t\t\t\t\t\t\t\t\t\t\t\t\t\t<span class=\"elementor-button-text\">ENVIAR<\/span>\n\t\t\t\t\t\t\t\t\t\t\t\t\t<\/span>\n\t\t\t\t\t<\/button>\n\t\t\t\t<\/div>\n\t\t\t<\/div>\n\t\t<\/form>\n\t\t\t\t\t\t<\/div>\n\t\t\t\t\t<\/div>\n\t\t\t\t<\/div>\n\t\t\t\t<\/div>\n\t\t","protected":false},"excerpt":{"rendered":"<p>Entre em contato conosco atrav\u00e9s do formul\u00e1rio abaixo:<\/p>\n","protected":false},"author":1,"featured_media":0,"parent":0,"menu_order":0,"comment_status":"closed","ping_status":"closed","template":"","meta":{"_acf_changed":false,"footnotes":""},"class_list":["post-33","page","type-page","status-publish","hentry"],"acf":[],"yoast_head":"<!-- This site is optimized with the Yoast SEO plugin v26.3 - https:\/\/yoast.com\/wordpress\/plugins\/seo\/ -->\n<title>Contato - Col\u00e9gio M\u00e3e de Deus - Revista<\/title>\n<meta name=\"robots\" content=\"index, follow, max-snippet:-1, max-image-preview:large, max-video-preview:-1\" \/>\n<link rel=\"canonical\" href=\"https:\/\/redeicm.org.br\/revista\/contato\/\" \/>\n<meta property=\"og:locale\" content=\"pt_BR\" \/>\n<meta property=\"og:type\" content=\"article\" \/>\n<meta property=\"og:title\" content=\"Contato - Col\u00e9gio M\u00e3e de Deus - Revista\" \/>\n<meta property=\"og:description\" content=\"Entre em contato conosco atrav\u00e9s do formul\u00e1rio abaixo:\" \/>\n<meta property=\"og:url\" content=\"https:\/\/redeicm.org.br\/revista\/contato\/\" \/>\n<meta property=\"og:site_name\" content=\"Col\u00e9gio M\u00e3e de Deus - Revista\" \/>\n<meta property=\"article:modified_time\" content=\"2026-01-13T17:28:13+00:00\" \/>\n<meta property=\"og:image\" content=\"https:\/\/redeicm.org.br\/revista\/wp-content\/uploads\/sites\/24\/2026\/01\/banner-mae-de-deus.webp\" \/>\n<meta name=\"twitter:card\" content=\"summary_large_image\" \/>\n<meta name=\"twitter:label1\" content=\"Est. tempo de leitura\" \/>\n\t<meta name=\"twitter:data1\" content=\"1 minuto\" \/>\n<script type=\"application\/ld+json\" class=\"yoast-schema-graph\">{\"@context\":\"https:\/\/schema.org\",\"@graph\":[{\"@type\":\"WebPage\",\"@id\":\"https:\/\/redeicm.org.br\/revista\/contato\/\",\"url\":\"https:\/\/redeicm.org.br\/revista\/contato\/\",\"name\":\"Contato - Col\u00e9gio M\u00e3e de Deus - Revista\",\"isPartOf\":{\"@id\":\"https:\/\/redeicm.org.br\/revista\/#website\"},\"primaryImageOfPage\":{\"@id\":\"https:\/\/redeicm.org.br\/revista\/contato\/#primaryimage\"},\"image\":{\"@id\":\"https:\/\/redeicm.org.br\/revista\/contato\/#primaryimage\"},\"thumbnailUrl\":\"https:\/\/redeicm.org.br\/revista\/wp-content\/uploads\/sites\/24\/2026\/01\/banner-mae-de-deus.webp\",\"datePublished\":\"2026-01-12T17:06:50+00:00\",\"dateModified\":\"2026-01-13T17:28:13+00:00\",\"breadcrumb\":{\"@id\":\"https:\/\/redeicm.org.br\/revista\/contato\/#breadcrumb\"},\"inLanguage\":\"pt-BR\",\"potentialAction\":[{\"@type\":\"ReadAction\",\"target\":[\"https:\/\/redeicm.org.br\/revista\/contato\/\"]}]},{\"@type\":\"ImageObject\",\"inLanguage\":\"pt-BR\",\"@id\":\"https:\/\/redeicm.org.br\/revista\/contato\/#primaryimage\",\"url\":\"https:\/\/redeicm.org.br\/revista\/wp-content\/uploads\/sites\/24\/2026\/01\/banner-mae-de-deus.webp\",\"contentUrl\":\"https:\/\/redeicm.org.br\/revista\/wp-content\/uploads\/sites\/24\/2026\/01\/banner-mae-de-deus.webp\",\"width\":1295,\"height\":312},{\"@type\":\"BreadcrumbList\",\"@id\":\"https:\/\/redeicm.org.br\/revista\/contato\/#breadcrumb\",\"itemListElement\":[{\"@type\":\"ListItem\",\"position\":1,\"name\":\"In\u00edcio\",\"item\":\"https:\/\/redeicm.org.br\/revista\/\"},{\"@type\":\"ListItem\",\"position\":2,\"name\":\"Contato\"}]},{\"@type\":\"WebSite\",\"@id\":\"https:\/\/redeicm.org.br\/revista\/#website\",\"url\":\"https:\/\/redeicm.org.br\/revista\/\",\"name\":\"Col\u00e9gio M\u00e3e de Deus - Revista\",\"description\":\"\",\"publisher\":{\"@id\":\"https:\/\/redeicm.org.br\/revista\/#organization\"},\"potentialAction\":[{\"@type\":\"SearchAction\",\"target\":{\"@type\":\"EntryPoint\",\"urlTemplate\":\"https:\/\/redeicm.org.br\/revista\/?s={search_term_string}\"},\"query-input\":{\"@type\":\"PropertyValueSpecification\",\"valueRequired\":true,\"valueName\":\"search_term_string\"}}],\"inLanguage\":\"pt-BR\"},{\"@type\":\"Organization\",\"@id\":\"https:\/\/redeicm.org.br\/revista\/#organization\",\"name\":\"Col\u00e9gio M\u00e3e de Deus - Revista\",\"url\":\"https:\/\/redeicm.org.br\/revista\/\",\"logo\":{\"@type\":\"ImageObject\",\"inLanguage\":\"pt-BR\",\"@id\":\"https:\/\/redeicm.org.br\/revista\/#\/schema\/logo\/image\/\",\"url\":\"https:\/\/redeicm.org.br\/revista\/wp-content\/uploads\/sites\/24\/2026\/01\/loog-colegio-mae-de-deus.webp\",\"contentUrl\":\"https:\/\/redeicm.org.br\/revista\/wp-content\/uploads\/sites\/24\/2026\/01\/loog-colegio-mae-de-deus.webp\",\"width\":493,\"height\":185,\"caption\":\"Col\u00e9gio M\u00e3e de Deus - Revista\"},\"image\":{\"@id\":\"https:\/\/redeicm.org.br\/revista\/#\/schema\/logo\/image\/\"}}]}<\/script>\n<!-- \/ Yoast SEO plugin. -->","yoast_head_json":{"title":"Contato - Col\u00e9gio M\u00e3e de Deus - Revista","robots":{"index":"index","follow":"follow","max-snippet":"max-snippet:-1","max-image-preview":"max-image-preview:large","max-video-preview":"max-video-preview:-1"},"canonical":"https:\/\/redeicm.org.br\/revista\/contato\/","og_locale":"pt_BR","og_type":"article","og_title":"Contato - Col\u00e9gio M\u00e3e de Deus - Revista","og_description":"Entre em contato conosco atrav\u00e9s do formul\u00e1rio abaixo:","og_url":"https:\/\/redeicm.org.br\/revista\/contato\/","og_site_name":"Col\u00e9gio M\u00e3e de Deus - Revista","article_modified_time":"2026-01-13T17:28:13+00:00","og_image":[{"url":"https:\/\/redeicm.org.br\/revista\/wp-content\/uploads\/sites\/24\/2026\/01\/banner-mae-de-deus.webp","type":"","width":"","height":""}],"twitter_card":"summary_large_image","twitter_misc":{"Est. tempo de leitura":"1 minuto"},"schema":{"@context":"https:\/\/schema.org","@graph":[{"@type":"WebPage","@id":"https:\/\/redeicm.org.br\/revista\/contato\/","url":"https:\/\/redeicm.org.br\/revista\/contato\/","name":"Contato - Col\u00e9gio M\u00e3e de Deus - Revista","isPartOf":{"@id":"https:\/\/redeicm.org.br\/revista\/#website"},"primaryImageOfPage":{"@id":"https:\/\/redeicm.org.br\/revista\/contato\/#primaryimage"},"image":{"@id":"https:\/\/redeicm.org.br\/revista\/contato\/#primaryimage"},"thumbnailUrl":"https:\/\/redeicm.org.br\/revista\/wp-content\/uploads\/sites\/24\/2026\/01\/banner-mae-de-deus.webp","datePublished":"2026-01-12T17:06:50+00:00","dateModified":"2026-01-13T17:28:13+00:00","breadcrumb":{"@id":"https:\/\/redeicm.org.br\/revista\/contato\/#breadcrumb"},"inLanguage":"pt-BR","potentialAction":[{"@type":"ReadAction","target":["https:\/\/redeicm.org.br\/revista\/contato\/"]}]},{"@type":"ImageObject","inLanguage":"pt-BR","@id":"https:\/\/redeicm.org.br\/revista\/contato\/#primaryimage","url":"https:\/\/redeicm.org.br\/revista\/wp-content\/uploads\/sites\/24\/2026\/01\/banner-mae-de-deus.webp","contentUrl":"https:\/\/redeicm.org.br\/revista\/wp-content\/uploads\/sites\/24\/2026\/01\/banner-mae-de-deus.webp","width":1295,"height":312},{"@type":"BreadcrumbList","@id":"https:\/\/redeicm.org.br\/revista\/contato\/#breadcrumb","itemListElement":[{"@type":"ListItem","position":1,"name":"In\u00edcio","item":"https:\/\/redeicm.org.br\/revista\/"},{"@type":"ListItem","position":2,"name":"Contato"}]},{"@type":"WebSite","@id":"https:\/\/redeicm.org.br\/revista\/#website","url":"https:\/\/redeicm.org.br\/revista\/","name":"Col\u00e9gio M\u00e3e de Deus - Revista","description":"","publisher":{"@id":"https:\/\/redeicm.org.br\/revista\/#organization"},"potentialAction":[{"@type":"SearchAction","target":{"@type":"EntryPoint","urlTemplate":"https:\/\/redeicm.org.br\/revista\/?s={search_term_string}"},"query-input":{"@type":"PropertyValueSpecification","valueRequired":true,"valueName":"search_term_string"}}],"inLanguage":"pt-BR"},{"@type":"Organization","@id":"https:\/\/redeicm.org.br\/revista\/#organization","name":"Col\u00e9gio M\u00e3e de Deus - Revista","url":"https:\/\/redeicm.org.br\/revista\/","logo":{"@type":"ImageObject","inLanguage":"pt-BR","@id":"https:\/\/redeicm.org.br\/revista\/#\/schema\/logo\/image\/","url":"https:\/\/redeicm.org.br\/revista\/wp-content\/uploads\/sites\/24\/2026\/01\/loog-colegio-mae-de-deus.webp","contentUrl":"https:\/\/redeicm.org.br\/revista\/wp-content\/uploads\/sites\/24\/2026\/01\/loog-colegio-mae-de-deus.webp","width":493,"height":185,"caption":"Col\u00e9gio M\u00e3e de Deus - Revista"},"image":{"@id":"https:\/\/redeicm.org.br\/revista\/#\/schema\/logo\/image\/"}}]}},"_links":{"self":[{"href":"https:\/\/redeicm.org.br\/revista\/wp-json\/wp\/v2\/pages\/33","targetHints":{"allow":["GET"]}}],"collection":[{"href":"https:\/\/redeicm.org.br\/revista\/wp-json\/wp\/v2\/pages"}],"about":[{"href":"https:\/\/redeicm.org.br\/revista\/wp-json\/wp\/v2\/types\/page"}],"author":[{"embeddable":true,"href":"https:\/\/redeicm.org.br\/revista\/wp-json\/wp\/v2\/users\/1"}],"replies":[{"embeddable":true,"href":"https:\/\/redeicm.org.br\/revista\/wp-json\/wp\/v2\/comments?post=33"}],"version-history":[{"count":10,"href":"https:\/\/redeicm.org.br\/revista\/wp-json\/wp\/v2\/pages\/33\/revisions"}],"predecessor-version":[{"id":182,"href":"https:\/\/redeicm.org.br\/revista\/wp-json\/wp\/v2\/pages\/33\/revisions\/182"}],"wp:attachment":[{"href":"https:\/\/redeicm.org.br\/revista\/wp-json\/wp\/v2\/media?parent=33"}],"curies":[{"name":"wp","href":"https:\/\/api.w.org\/{rel}","templated":true}]}}