{"id":29,"date":"2026-01-12T14:06:20","date_gmt":"2026-01-12T17:06:20","guid":{"rendered":"https:\/\/redeicm.org.br\/revista\/?page_id=29"},"modified":"2026-01-13T14:27:09","modified_gmt":"2026-01-13T17:27:09","slug":"normas-para-publicacao","status":"publish","type":"page","link":"https:\/\/redeicm.org.br\/revista\/normas-para-publicacao\/","title":{"rendered":"Normas para Publica\u00e7\u00e3o"},"content":{"rendered":"\t\t<div data-elementor-type=\"wp-page\" data-elementor-id=\"29\" class=\"elementor elementor-29\" data-elementor-post-type=\"page\">\n\t\t\t\t<div class=\"elementor-element elementor-element-9444979 e-flex e-con-boxed e-con e-parent\" data-id=\"9444979\" data-element_type=\"container\" data-e-type=\"container\">\n\t\t\t\t\t<div class=\"e-con-inner\">\n\t\t\t\t<div class=\"elementor-element elementor-element-c4285e6 elementor-widget elementor-widget-image\" data-id=\"c4285e6\" data-element_type=\"widget\" data-e-type=\"widget\" data-widget_type=\"image.default\">\n\t\t\t\t\t\t\t\t\t\t\t\t\t\t\t<img fetchpriority=\"high\" decoding=\"async\" width=\"1295\" height=\"312\" src=\"https:\/\/redeicm.org.br\/revista\/wp-content\/uploads\/sites\/24\/2026\/01\/banner-mae-de-deus.webp\" class=\"attachment-full size-full wp-image-119\" alt=\"\" srcset=\"https:\/\/redeicm.org.br\/revista\/wp-content\/uploads\/sites\/24\/2026\/01\/banner-mae-de-deus.webp 1295w, https:\/\/redeicm.org.br\/revista\/wp-content\/uploads\/sites\/24\/2026\/01\/banner-mae-de-deus-300x72.webp 300w, https:\/\/redeicm.org.br\/revista\/wp-content\/uploads\/sites\/24\/2026\/01\/banner-mae-de-deus-1024x247.webp 1024w, https:\/\/redeicm.org.br\/revista\/wp-content\/uploads\/sites\/24\/2026\/01\/banner-mae-de-deus-768x185.webp 768w\" sizes=\"(max-width: 1295px) 100vw, 1295px\" \/>\t\t\t\t\t\t\t\t\t\t\t\t\t\t\t<\/div>\n\t\t\t\t\t<\/div>\n\t\t\t\t<\/div>\n\t\t<div class=\"elementor-element elementor-element-54c11b4 e-flex e-con-boxed e-con e-parent\" data-id=\"54c11b4\" data-element_type=\"container\" data-e-type=\"container\">\n\t\t\t\t\t<div class=\"e-con-inner\">\n\t\t\t\t<div class=\"elementor-element elementor-element-aec5d66 elementor-widget elementor-widget-heading\" data-id=\"aec5d66\" data-element_type=\"widget\" data-e-type=\"widget\" data-widget_type=\"heading.default\">\n\t\t\t\t\t<h1 class=\"elementor-heading-title elementor-size-default\">Normas para Publica\u00e7\u00e3o<\/h1>\t\t\t\t<\/div>\n\t\t\t\t<div class=\"elementor-element elementor-element-ae1978a elementor-widget elementor-widget-text-editor\" data-id=\"ae1978a\" data-element_type=\"widget\" data-e-type=\"widget\" data-widget_type=\"text-editor.default\">\n\t\t\t\t\t\t\t\t\t<p>Os artigos para serem publicados precisam seguir as normas para Elabora\u00e7\u00e3o do Artigo Cient\u00edfico que seguem:<\/p><p><strong>T\u00edtulo do artigo<\/strong><\/p><p><strong>Nome completo dos autores:<\/strong><br \/>Registrar o nome completo dos autores em ordem alfab\u00e9tica.<\/p><p><strong>Ep\u00edgrafe:<\/strong><br \/>Escolher uma frase que sintetize o trabalho (n\u00e3o precisa ser da autoria do grupo).<\/p><p><strong>Resumo e abstract:<\/strong><br \/>\u00c9 necess\u00e1rio conter os objetivos do artigo, a metodologia e os resultados alcan\u00e7ados. N\u00e3o deve conter cita\u00e7\u00f5es. Dever\u00e1 ser escrito sem recuo de par\u00e1grafo, entre linhas simples. (contendo entre 8 e 10 linhas).<br \/>Palavras-chave: 3 ou 4 palavras que representem os principais conceitos do trabalho.<\/p><p><strong>Introdu\u00e7\u00e3o:<\/strong><br \/>Dever\u00e1 conter a descri\u00e7\u00e3o dos seguintes elementos:<br \/>Conceitua\u00e7\u00e3o do tema; o objeto de estudo; a justificativa (motivos que levaram a escolha e a import\u00e2ncia do tema na atualidade), o problema de pesquisa e o objetivo pretendido (geral e espec\u00edficos).<\/p><p><strong>Referencial Te\u00f3rico (subitens):<\/strong><br \/>O referencial te\u00f3rico \u00e9 a parte principal e mais extensa da pesquisa.<br \/>Dever\u00e1 conter a fundamenta\u00e7\u00e3o te\u00f3rica sobre o assunto em estudo. \u00c9 importante usar os conceitos essenciais da teoria que visam explicar ou esclarecer o problema de pesquisa.<br \/>No referencial \u00e9 importante usar t\u00f3picos e subt\u00f3picos para fundamentar a pesquisa.<br \/>Pode-se tamb\u00e9m fazer uso de cita\u00e7\u00f5es diretas longas e curtas e cita\u00e7\u00f5es indiretas, para refor\u00e7ar e fundamentar as ideias apresentadas.<\/p><p><strong>Metodologia:<\/strong><br \/>Dever\u00e1 conter o m\u00e9todo utilizado, as t\u00e9cnicas escolhidas, a an\u00e1lise dos dados encontrados, (usar cita\u00e7\u00f5es para validar a sua metodologia). Caso o trabalho n\u00e3o possua pesquisa de campo, a metodologia n\u00e3o precisa ser colocada como subitem. Ela pode ser inclu\u00edda na introdu\u00e7\u00e3o, informando que o m\u00e9todo utilizado \u00e9 o bibliogr\u00e1fico.<\/p><p><strong>Resultados:<\/strong><br \/>Apresentar os resultados encontrados na pesquisa. Nesta parte do artigo podem aparecer tabelas e gr\u00e1ficos derivados do trabalho de an\u00e1lise. Caso o trabalho n\u00e3o possua pesquisa de campo, este t\u00f3pico n\u00e3o precisa aparecer no trabalho.<br \/>Considera\u00e7\u00f5es Finais:<br \/>Apresentar as respostas ao problema de pesquisa, os objetivos e valida\u00e7\u00e3o das hip\u00f3teses levantadas durante a pesquisa.<br \/>\u00c9 o fechamento do artigo, no qual o autor precisa trazer as contribui\u00e7\u00f5es mais significativas em torno do tema pesquisado.<\/p><p><strong>Refer\u00eancias:<\/strong><br \/>Utilizar no m\u00ednimo 3 livros.<br \/>Conter uma lista ordenada de todas as obras citadas no artigo.<br \/>Estar de acordo com as Normas da ABNT.<br \/>As refer\u00eancias t\u00eam espa\u00e7amento simples e duplo entre si.<br \/>As refer\u00eancias s\u00e3o apresentadas em ordem alfab\u00e9tica de autor e alinhadas somente \u00e0 margem esquerda.<\/p><p><strong>Anexos\/Ap\u00eandices:<\/strong><br \/>Espa\u00e7o destinado a inclus\u00e3o dos textos dos anexos ou ap\u00eandices.<br \/>N\u00e3o \u00e9 obrigat\u00f3rio.<\/p><p><strong>Estrutura textual:<\/strong><br \/>O texto deve:<br \/>Apresentar coes\u00e3o e coer\u00eancia.<br \/>Seguir a formata\u00e7\u00e3o do modelo apresentado pelos educadores e as normas da ABNT.<br \/>Manter a estrutura\u00e7\u00e3o de par\u00e1grafos de forma sequencial.<br \/>Demonstrar o estudo que foi realizado (pesquisa bibliogr\u00e1fica ou de campo).<\/p><p><strong>Regras gerais e de formata\u00e7\u00e3o:<\/strong><br \/>Tamanho do papel: A4 (21,0 cm x 29,7 cm);<br \/>Margens: 3 cm superior e esquerda, 2 cm inferior e direita.<br \/>Cor da fonte: preta em todo o trabalho<br \/>Fonte do texto: Verdana<br \/>Tamanho da fonte do corpo do texto: 12 pts<br \/>Tamanho da fonte de 10 pts para:<\/p><ul><li>Cita\u00e7\u00f5es longas;<\/li><li>Notas de rodap\u00e9;<\/li><li>Abstract;<\/li><li>Palavras-chaves;<\/li><\/ul><p>Espa\u00e7amento entre linhas 1,5 para todo corpo do texto e de 1,0 (simples) para:<\/p><ul><li>Cita\u00e7\u00f5es diretas (mais de 3 linhas);<\/li><li>Notas de rodap\u00e9;<\/li><li>Resumo;<\/li><li>Notas de Rodap\u00e9;<\/li><li>Abstract;<\/li><li>Legendas dos elementos especiais (gr\u00e1ficos, figuras, quadros e tabelas)<\/li><li>Refer\u00eancias Bibliogr\u00e1ficas.<\/li><\/ul><p>Tamanho do texto:<\/p><ul><li>M\u00ednimo de p\u00e1ginas: 7 p\u00e1ginas<\/li><li>M\u00e1ximo de p\u00e1ginas: 12 p\u00e1ginas<\/li><\/ul><p><strong>Cita\u00e7\u00f5es:<\/strong><br \/>Cita\u00e7\u00e3o \u00e9 a inclus\u00e3o no texto de informa\u00e7\u00f5es extra\u00eddas de outras fontes. As cita\u00e7\u00f5es podem ser curtas ou longas, diretas ou indiretas.<\/p><p><em>Cita\u00e7\u00f5es curtas<\/em>: (at\u00e9 tr\u00eas linhas) entram no alinhamento normal do texto, como parte de um par\u00e1grafo, entre aspas.<br \/>Cita\u00e7\u00f5es longas: (mais de tr\u00eas linhas) devem ser destacadas do par\u00e1grafo (tr\u00eas espa\u00e7os simples entre o par\u00e1grafo anterior e o posterior), recuadas (cerca de 4 cm da margem esquerda), sem entrada de par\u00e1grafo, digitadas em espa\u00e7o simples e com tamanho de letra menor.<\/p><p><em>Cita\u00e7\u00e3o direta<\/em>: \u00e9 a transcri\u00e7\u00e3o literal de um texto ou parte do texto de um autor, que conserva grafia, pontua\u00e7\u00e3o e l\u00edngua originais.<\/p><p><em>Cita\u00e7\u00e3o indireta<\/em>: \u00e9 um texto redigido pelo autor do trabalho, mas que mant\u00e9m fielmente as ideias originais de outros autores. A cita\u00e7\u00e3o indireta pode ser uma condensa\u00e7\u00e3o, ou seja, uma s\u00edntese ou resumo de um texto maior, sem alterar a ideia original do autor. \u00c9 escrita sem aspas, com o mesmo espa\u00e7amento e o mesmo tipo de letra do texto em que est\u00e1 sendo utilizada.<\/p><p><strong>Observa\u00e7\u00f5es<\/strong>:<\/p><ul><li>Para visualizar artigos produzidos na escola, acesse: https:\/\/legado.redeicm.org.br\/revista\/<\/li><li>Os trabalhos dever\u00e3o ser enviados para o e-mail: tarefasdehistoria@gmail.com<\/li><\/ul><p><strong>Refer\u00eancia<\/strong>:<\/p><p>SANTOS, Antonio Raimundo. Metodologia Cient\u00edfica: a constru\u00e7\u00e3o do conhecimento. 7\u00aaed. Rio de Janeiro: Lamparina, 2007.<\/p>\t\t\t\t\t\t\t\t<\/div>\n\t\t\t\t\t<\/div>\n\t\t\t\t<\/div>\n\t\t\t\t<\/div>\n\t\t","protected":false},"excerpt":{"rendered":"<p>Os artigos para serem publicados precisam seguir as normas para Elabora\u00e7\u00e3o do Artigo Cient\u00edfico que seguem: T\u00edtulo do artigo Nome completo dos autores:Registrar o nome completo dos autores em ordem alfab\u00e9tica. Ep\u00edgrafe:Escolher uma frase que sintetize o trabalho (n\u00e3o precisa ser da autoria do grupo). Resumo e abstract:\u00c9 necess\u00e1rio conter os objetivos do artigo, a [&hellip;]<\/p>\n","protected":false},"author":1,"featured_media":0,"parent":0,"menu_order":0,"comment_status":"closed","ping_status":"closed","template":"","meta":{"_acf_changed":false,"footnotes":""},"class_list":["post-29","page","type-page","status-publish","hentry"],"acf":[],"yoast_head":"<!-- This site is optimized with the Yoast SEO plugin v26.3 - https:\/\/yoast.com\/wordpress\/plugins\/seo\/ -->\n<title>Normas para Publica\u00e7\u00e3o - Col\u00e9gio M\u00e3e de Deus - Revista<\/title>\n<meta name=\"robots\" content=\"index, follow, max-snippet:-1, max-image-preview:large, max-video-preview:-1\" \/>\n<link rel=\"canonical\" href=\"https:\/\/redeicm.org.br\/revista\/normas-para-publicacao\/\" \/>\n<meta property=\"og:locale\" content=\"pt_BR\" \/>\n<meta property=\"og:type\" content=\"article\" \/>\n<meta property=\"og:title\" content=\"Normas para Publica\u00e7\u00e3o - Col\u00e9gio M\u00e3e de Deus - Revista\" \/>\n<meta property=\"og:description\" content=\"Os artigos para serem publicados precisam seguir as normas para Elabora\u00e7\u00e3o do Artigo Cient\u00edfico que seguem: T\u00edtulo do artigo Nome completo dos autores:Registrar o nome completo dos autores em ordem alfab\u00e9tica. Ep\u00edgrafe:Escolher uma frase que sintetize o trabalho (n\u00e3o precisa ser da autoria do grupo). Resumo e abstract:\u00c9 necess\u00e1rio conter os objetivos do artigo, a [&hellip;]\" \/>\n<meta property=\"og:url\" content=\"https:\/\/redeicm.org.br\/revista\/normas-para-publicacao\/\" \/>\n<meta property=\"og:site_name\" content=\"Col\u00e9gio M\u00e3e de Deus - Revista\" \/>\n<meta property=\"article:modified_time\" content=\"2026-01-13T17:27:09+00:00\" \/>\n<meta property=\"og:image\" content=\"https:\/\/redeicm.org.br\/revista\/wp-content\/uploads\/sites\/24\/2026\/01\/banner-mae-de-deus.webp\" \/>\n<meta name=\"twitter:card\" content=\"summary_large_image\" \/>\n<meta name=\"twitter:label1\" content=\"Est. tempo de leitura\" \/>\n\t<meta name=\"twitter:data1\" content=\"5 minutos\" \/>\n<script type=\"application\/ld+json\" class=\"yoast-schema-graph\">{\"@context\":\"https:\/\/schema.org\",\"@graph\":[{\"@type\":\"WebPage\",\"@id\":\"https:\/\/redeicm.org.br\/revista\/normas-para-publicacao\/\",\"url\":\"https:\/\/redeicm.org.br\/revista\/normas-para-publicacao\/\",\"name\":\"Normas para Publica\u00e7\u00e3o - Col\u00e9gio M\u00e3e de Deus - Revista\",\"isPartOf\":{\"@id\":\"https:\/\/redeicm.org.br\/revista\/#website\"},\"primaryImageOfPage\":{\"@id\":\"https:\/\/redeicm.org.br\/revista\/normas-para-publicacao\/#primaryimage\"},\"image\":{\"@id\":\"https:\/\/redeicm.org.br\/revista\/normas-para-publicacao\/#primaryimage\"},\"thumbnailUrl\":\"https:\/\/redeicm.org.br\/revista\/wp-content\/uploads\/sites\/24\/2026\/01\/banner-mae-de-deus.webp\",\"datePublished\":\"2026-01-12T17:06:20+00:00\",\"dateModified\":\"2026-01-13T17:27:09+00:00\",\"breadcrumb\":{\"@id\":\"https:\/\/redeicm.org.br\/revista\/normas-para-publicacao\/#breadcrumb\"},\"inLanguage\":\"pt-BR\",\"potentialAction\":[{\"@type\":\"ReadAction\",\"target\":[\"https:\/\/redeicm.org.br\/revista\/normas-para-publicacao\/\"]}]},{\"@type\":\"ImageObject\",\"inLanguage\":\"pt-BR\",\"@id\":\"https:\/\/redeicm.org.br\/revista\/normas-para-publicacao\/#primaryimage\",\"url\":\"https:\/\/redeicm.org.br\/revista\/wp-content\/uploads\/sites\/24\/2026\/01\/banner-mae-de-deus.webp\",\"contentUrl\":\"https:\/\/redeicm.org.br\/revista\/wp-content\/uploads\/sites\/24\/2026\/01\/banner-mae-de-deus.webp\",\"width\":1295,\"height\":312},{\"@type\":\"BreadcrumbList\",\"@id\":\"https:\/\/redeicm.org.br\/revista\/normas-para-publicacao\/#breadcrumb\",\"itemListElement\":[{\"@type\":\"ListItem\",\"position\":1,\"name\":\"In\u00edcio\",\"item\":\"https:\/\/redeicm.org.br\/revista\/\"},{\"@type\":\"ListItem\",\"position\":2,\"name\":\"Normas para Publica\u00e7\u00e3o\"}]},{\"@type\":\"WebSite\",\"@id\":\"https:\/\/redeicm.org.br\/revista\/#website\",\"url\":\"https:\/\/redeicm.org.br\/revista\/\",\"name\":\"Col\u00e9gio M\u00e3e de Deus - Revista\",\"description\":\"\",\"publisher\":{\"@id\":\"https:\/\/redeicm.org.br\/revista\/#organization\"},\"potentialAction\":[{\"@type\":\"SearchAction\",\"target\":{\"@type\":\"EntryPoint\",\"urlTemplate\":\"https:\/\/redeicm.org.br\/revista\/?s={search_term_string}\"},\"query-input\":{\"@type\":\"PropertyValueSpecification\",\"valueRequired\":true,\"valueName\":\"search_term_string\"}}],\"inLanguage\":\"pt-BR\"},{\"@type\":\"Organization\",\"@id\":\"https:\/\/redeicm.org.br\/revista\/#organization\",\"name\":\"Col\u00e9gio M\u00e3e de Deus - Revista\",\"url\":\"https:\/\/redeicm.org.br\/revista\/\",\"logo\":{\"@type\":\"ImageObject\",\"inLanguage\":\"pt-BR\",\"@id\":\"https:\/\/redeicm.org.br\/revista\/#\/schema\/logo\/image\/\",\"url\":\"https:\/\/redeicm.org.br\/revista\/wp-content\/uploads\/sites\/24\/2026\/01\/loog-colegio-mae-de-deus.webp\",\"contentUrl\":\"https:\/\/redeicm.org.br\/revista\/wp-content\/uploads\/sites\/24\/2026\/01\/loog-colegio-mae-de-deus.webp\",\"width\":493,\"height\":185,\"caption\":\"Col\u00e9gio M\u00e3e de Deus - Revista\"},\"image\":{\"@id\":\"https:\/\/redeicm.org.br\/revista\/#\/schema\/logo\/image\/\"}}]}<\/script>\n<!-- \/ Yoast SEO plugin. -->","yoast_head_json":{"title":"Normas para Publica\u00e7\u00e3o - Col\u00e9gio M\u00e3e de Deus - Revista","robots":{"index":"index","follow":"follow","max-snippet":"max-snippet:-1","max-image-preview":"max-image-preview:large","max-video-preview":"max-video-preview:-1"},"canonical":"https:\/\/redeicm.org.br\/revista\/normas-para-publicacao\/","og_locale":"pt_BR","og_type":"article","og_title":"Normas para Publica\u00e7\u00e3o - Col\u00e9gio M\u00e3e de Deus - Revista","og_description":"Os artigos para serem publicados precisam seguir as normas para Elabora\u00e7\u00e3o do Artigo Cient\u00edfico que seguem: T\u00edtulo do artigo Nome completo dos autores:Registrar o nome completo dos autores em ordem alfab\u00e9tica. Ep\u00edgrafe:Escolher uma frase que sintetize o trabalho (n\u00e3o precisa ser da autoria do grupo). Resumo e abstract:\u00c9 necess\u00e1rio conter os objetivos do artigo, a [&hellip;]","og_url":"https:\/\/redeicm.org.br\/revista\/normas-para-publicacao\/","og_site_name":"Col\u00e9gio M\u00e3e de Deus - Revista","article_modified_time":"2026-01-13T17:27:09+00:00","og_image":[{"url":"https:\/\/redeicm.org.br\/revista\/wp-content\/uploads\/sites\/24\/2026\/01\/banner-mae-de-deus.webp","type":"","width":"","height":""}],"twitter_card":"summary_large_image","twitter_misc":{"Est. tempo de leitura":"5 minutos"},"schema":{"@context":"https:\/\/schema.org","@graph":[{"@type":"WebPage","@id":"https:\/\/redeicm.org.br\/revista\/normas-para-publicacao\/","url":"https:\/\/redeicm.org.br\/revista\/normas-para-publicacao\/","name":"Normas para Publica\u00e7\u00e3o - Col\u00e9gio M\u00e3e de Deus - Revista","isPartOf":{"@id":"https:\/\/redeicm.org.br\/revista\/#website"},"primaryImageOfPage":{"@id":"https:\/\/redeicm.org.br\/revista\/normas-para-publicacao\/#primaryimage"},"image":{"@id":"https:\/\/redeicm.org.br\/revista\/normas-para-publicacao\/#primaryimage"},"thumbnailUrl":"https:\/\/redeicm.org.br\/revista\/wp-content\/uploads\/sites\/24\/2026\/01\/banner-mae-de-deus.webp","datePublished":"2026-01-12T17:06:20+00:00","dateModified":"2026-01-13T17:27:09+00:00","breadcrumb":{"@id":"https:\/\/redeicm.org.br\/revista\/normas-para-publicacao\/#breadcrumb"},"inLanguage":"pt-BR","potentialAction":[{"@type":"ReadAction","target":["https:\/\/redeicm.org.br\/revista\/normas-para-publicacao\/"]}]},{"@type":"ImageObject","inLanguage":"pt-BR","@id":"https:\/\/redeicm.org.br\/revista\/normas-para-publicacao\/#primaryimage","url":"https:\/\/redeicm.org.br\/revista\/wp-content\/uploads\/sites\/24\/2026\/01\/banner-mae-de-deus.webp","contentUrl":"https:\/\/redeicm.org.br\/revista\/wp-content\/uploads\/sites\/24\/2026\/01\/banner-mae-de-deus.webp","width":1295,"height":312},{"@type":"BreadcrumbList","@id":"https:\/\/redeicm.org.br\/revista\/normas-para-publicacao\/#breadcrumb","itemListElement":[{"@type":"ListItem","position":1,"name":"In\u00edcio","item":"https:\/\/redeicm.org.br\/revista\/"},{"@type":"ListItem","position":2,"name":"Normas para Publica\u00e7\u00e3o"}]},{"@type":"WebSite","@id":"https:\/\/redeicm.org.br\/revista\/#website","url":"https:\/\/redeicm.org.br\/revista\/","name":"Col\u00e9gio M\u00e3e de Deus - Revista","description":"","publisher":{"@id":"https:\/\/redeicm.org.br\/revista\/#organization"},"potentialAction":[{"@type":"SearchAction","target":{"@type":"EntryPoint","urlTemplate":"https:\/\/redeicm.org.br\/revista\/?s={search_term_string}"},"query-input":{"@type":"PropertyValueSpecification","valueRequired":true,"valueName":"search_term_string"}}],"inLanguage":"pt-BR"},{"@type":"Organization","@id":"https:\/\/redeicm.org.br\/revista\/#organization","name":"Col\u00e9gio M\u00e3e de Deus - Revista","url":"https:\/\/redeicm.org.br\/revista\/","logo":{"@type":"ImageObject","inLanguage":"pt-BR","@id":"https:\/\/redeicm.org.br\/revista\/#\/schema\/logo\/image\/","url":"https:\/\/redeicm.org.br\/revista\/wp-content\/uploads\/sites\/24\/2026\/01\/loog-colegio-mae-de-deus.webp","contentUrl":"https:\/\/redeicm.org.br\/revista\/wp-content\/uploads\/sites\/24\/2026\/01\/loog-colegio-mae-de-deus.webp","width":493,"height":185,"caption":"Col\u00e9gio M\u00e3e de Deus - Revista"},"image":{"@id":"https:\/\/redeicm.org.br\/revista\/#\/schema\/logo\/image\/"}}]}},"_links":{"self":[{"href":"https:\/\/redeicm.org.br\/revista\/wp-json\/wp\/v2\/pages\/29","targetHints":{"allow":["GET"]}}],"collection":[{"href":"https:\/\/redeicm.org.br\/revista\/wp-json\/wp\/v2\/pages"}],"about":[{"href":"https:\/\/redeicm.org.br\/revista\/wp-json\/wp\/v2\/types\/page"}],"author":[{"embeddable":true,"href":"https:\/\/redeicm.org.br\/revista\/wp-json\/wp\/v2\/users\/1"}],"replies":[{"embeddable":true,"href":"https:\/\/redeicm.org.br\/revista\/wp-json\/wp\/v2\/comments?post=29"}],"version-history":[{"count":13,"href":"https:\/\/redeicm.org.br\/revista\/wp-json\/wp\/v2\/pages\/29\/revisions"}],"predecessor-version":[{"id":179,"href":"https:\/\/redeicm.org.br\/revista\/wp-json\/wp\/v2\/pages\/29\/revisions\/179"}],"wp:attachment":[{"href":"https:\/\/redeicm.org.br\/revista\/wp-json\/wp\/v2\/media?parent=29"}],"curies":[{"name":"wp","href":"https:\/\/api.w.org\/{rel}","templated":true}]}}