{"id":27,"date":"2026-01-12T14:05:58","date_gmt":"2026-01-12T17:05:58","guid":{"rendered":"https:\/\/redeicm.org.br\/revista\/?page_id=27"},"modified":"2026-01-13T14:25:20","modified_gmt":"2026-01-13T17:25:20","slug":"perfil-editorial","status":"publish","type":"page","link":"https:\/\/redeicm.org.br\/revista\/perfil-editorial\/","title":{"rendered":"Perfil Editorial"},"content":{"rendered":"\t\t<div data-elementor-type=\"wp-page\" data-elementor-id=\"27\" class=\"elementor elementor-27\" data-elementor-post-type=\"page\">\n\t\t\t\t<div class=\"elementor-element elementor-element-061b8af e-flex e-con-boxed e-con e-parent\" data-id=\"061b8af\" data-element_type=\"container\" data-e-type=\"container\">\n\t\t\t\t\t<div class=\"e-con-inner\">\n\t\t\t\t<div class=\"elementor-element elementor-element-cf0c5a1 elementor-widget elementor-widget-image\" data-id=\"cf0c5a1\" data-element_type=\"widget\" data-e-type=\"widget\" data-widget_type=\"image.default\">\n\t\t\t\t\t\t\t\t\t\t\t\t\t\t\t<img fetchpriority=\"high\" decoding=\"async\" width=\"1295\" height=\"312\" src=\"https:\/\/redeicm.org.br\/revista\/wp-content\/uploads\/sites\/24\/2026\/01\/banner-mae-de-deus.webp\" class=\"attachment-full size-full wp-image-119\" alt=\"\" srcset=\"https:\/\/redeicm.org.br\/revista\/wp-content\/uploads\/sites\/24\/2026\/01\/banner-mae-de-deus.webp 1295w, https:\/\/redeicm.org.br\/revista\/wp-content\/uploads\/sites\/24\/2026\/01\/banner-mae-de-deus-300x72.webp 300w, https:\/\/redeicm.org.br\/revista\/wp-content\/uploads\/sites\/24\/2026\/01\/banner-mae-de-deus-1024x247.webp 1024w, https:\/\/redeicm.org.br\/revista\/wp-content\/uploads\/sites\/24\/2026\/01\/banner-mae-de-deus-768x185.webp 768w\" sizes=\"(max-width: 1295px) 100vw, 1295px\" \/>\t\t\t\t\t\t\t\t\t\t\t\t\t\t\t<\/div>\n\t\t\t\t\t<\/div>\n\t\t\t\t<\/div>\n\t\t<div class=\"elementor-element elementor-element-3b70fa2 e-flex e-con-boxed e-con e-parent\" data-id=\"3b70fa2\" data-element_type=\"container\" data-e-type=\"container\">\n\t\t\t\t\t<div class=\"e-con-inner\">\n\t\t\t\t<div class=\"elementor-element elementor-element-9133a99 elementor-widget elementor-widget-heading\" data-id=\"9133a99\" data-element_type=\"widget\" data-e-type=\"widget\" data-widget_type=\"heading.default\">\n\t\t\t\t\t<h1 class=\"elementor-heading-title elementor-size-default\">Perfil Editorial<\/h1>\t\t\t\t<\/div>\n\t\t\t\t<div class=\"elementor-element elementor-element-0c43ff4 elementor-widget elementor-widget-text-editor\" data-id=\"0c43ff4\" data-element_type=\"widget\" data-e-type=\"widget\" data-widget_type=\"text-editor.default\">\n\t\t\t\t\t\t\t\t\t<blockquote><p style=\"text-align: right;\"><strong>\u201cA utopia \u00e9 como o horizonte.<\/strong><br \/><strong>N\u00f3s o vemos ao longe, nunca o alcan\u00e7aremos,<\/strong><br \/><strong>mas serve para que continuemos<\/strong><br \/><strong>a caminhar.\u201d (Fernando Berri)<\/strong><\/p><\/blockquote><p>Reunir um escopo de ideias numa edi\u00e7\u00e3o \u00e9 algo que exige um esfor\u00e7o coletivo e uma aten\u00e7\u00e3o apurada. Afinal, trata-se de uma produ\u00e7\u00e3o intelectual dos alunos e, mais especificamente, a culmin\u00e2ncia de um per\u00edodo que come\u00e7ou na remota s\u00e9rie inicial e que agora se completa na \u00faltima s\u00e9rie do ensino m\u00e9dio, como uma celebra\u00e7\u00e3o ao conhecimento adquirido ao longo desse per\u00edodo de forma\u00e7\u00e3o.<\/p><p>Comemorar esse ac\u00famulo de conhecimento e torn\u00e1-lo concreto atrav\u00e9s da produ\u00e7\u00e3o de artigos pode ser entendido como o objetivo principal do projeto \u201cConstruindo um olhar cient\u00edfico sobre o mundo\u201d. A consagra\u00e7\u00e3o deste ideal pode ser vislumbrado em cada volume da Revista Eletr\u00f4nica cujo nome sugestivo \u00e9 Materializando Conhecimentos.<\/p><p>Fazendo um trocadilho pueril com a c\u00e9lebre frase do antigo poeta \u201cpensar \u00e9 preciso, viver n\u00e3o \u00e9 preciso\u201d. O movimento intelectual \u00e9 apenas uma forma diminuta de buscar compreender racionalmente e precisamente a ess\u00eancia do mundo, ou seja, a inexatid\u00e3o da vida em sociedade.<\/p><p>Estamos falando de educandos que at\u00e9 o momento seguiam trajet\u00f3rias determinadas pelo outrem, mas que a partir desse momento se viram desafiados a trilhar seu pr\u00f3prio caminho, com todas as dificuldades inerentes ao processo, pois o exerc\u00edcio pleno da autonomia n\u00e3o \u00e9 seguir simplesmente um percurso j\u00e1 existente, mas sim criar seu pr\u00f3prio caminho, principal ess\u00eancia do porvir.<\/p><p>Desde o lan\u00e7amento da proposta da Revista Eletr\u00f4nica Materializando Conhecimentos at\u00e9 a sua edi\u00e7\u00e3o atual, os sentimentos orbitaram entre prontid\u00e3o, ang\u00fastia e certeza. Prontid\u00e3o em prol da manuten\u00e7\u00e3o da vitalidade do projeto, ang\u00fastia pelo desejo de fazer o melhor poss\u00edvel e certeza de que, ao final do processo, esses dois sentimentos acima seriam dirimidos por um superior, que \u00e9 a satisfa\u00e7\u00e3o pelo dever cumprido e pelo valor agregado aos escritos publicados nessa edi\u00e7\u00e3o. Antes de tudo, pela certeza de que fizemos a diferen\u00e7a.<\/p><p>Portanto, nesta Revista reunimos as produ\u00e7\u00f5es intelectuais dos alunos da terceira s\u00e9rie do Ensino M\u00e9dio do Col\u00e9gio M\u00e3e de Deus. A escolha do tema e o cronograma de orienta\u00e7\u00e3o iniciaram no, agora, distante primeiro trimestre e seguiram uma trajet\u00f3ria natural at\u00e9 a publica\u00e7\u00e3o desta nova edi\u00e7\u00e3o.<\/p><p>Temos consci\u00eancia que o trabalho n\u00e3o se esgotou e ainda pode ser aprimorado em v\u00e1rios aspectos, dependendo, para tanto, das diretrizes e expectativas de cada educando. Continuamos imbu\u00eddos deste desejo de transformar a nossa realidade atrav\u00e9s da educa\u00e7\u00e3o e dos referenciais de justi\u00e7a e de solidariedade social.<\/p><p>Tenham, todos, uma boa leitura!<\/p>\t\t\t\t\t\t\t\t<\/div>\n\t\t\t\t\t<\/div>\n\t\t\t\t<\/div>\n\t\t\t\t<\/div>\n\t\t","protected":false},"excerpt":{"rendered":"<p>\u201cA utopia \u00e9 como o horizonte.N\u00f3s o vemos ao longe, nunca o alcan\u00e7aremos,mas serve para que continuemosa caminhar.\u201d (Fernando Berri) Reunir um escopo de ideias numa edi\u00e7\u00e3o \u00e9 algo que exige um esfor\u00e7o coletivo e uma aten\u00e7\u00e3o apurada. Afinal, trata-se de uma produ\u00e7\u00e3o intelectual dos alunos e, mais especificamente, a culmin\u00e2ncia de um per\u00edodo que [&hellip;]<\/p>\n","protected":false},"author":1,"featured_media":0,"parent":0,"menu_order":0,"comment_status":"closed","ping_status":"closed","template":"","meta":{"_acf_changed":false,"footnotes":""},"class_list":["post-27","page","type-page","status-publish","hentry"],"acf":[],"yoast_head":"<!-- This site is optimized with the Yoast SEO plugin v26.3 - https:\/\/yoast.com\/wordpress\/plugins\/seo\/ -->\n<title>Perfil Editorial - Col\u00e9gio M\u00e3e de Deus - Revista<\/title>\n<meta name=\"robots\" content=\"index, follow, max-snippet:-1, max-image-preview:large, max-video-preview:-1\" \/>\n<link rel=\"canonical\" href=\"https:\/\/redeicm.org.br\/revista\/perfil-editorial\/\" \/>\n<meta property=\"og:locale\" content=\"pt_BR\" \/>\n<meta property=\"og:type\" content=\"article\" \/>\n<meta property=\"og:title\" content=\"Perfil Editorial - Col\u00e9gio M\u00e3e de Deus - Revista\" \/>\n<meta property=\"og:description\" content=\"\u201cA utopia \u00e9 como o horizonte.N\u00f3s o vemos ao longe, nunca o alcan\u00e7aremos,mas serve para que continuemosa caminhar.\u201d (Fernando Berri) Reunir um escopo de ideias numa edi\u00e7\u00e3o \u00e9 algo que exige um esfor\u00e7o coletivo e uma aten\u00e7\u00e3o apurada. Afinal, trata-se de uma produ\u00e7\u00e3o intelectual dos alunos e, mais especificamente, a culmin\u00e2ncia de um per\u00edodo que [&hellip;]\" \/>\n<meta property=\"og:url\" content=\"https:\/\/redeicm.org.br\/revista\/perfil-editorial\/\" \/>\n<meta property=\"og:site_name\" content=\"Col\u00e9gio M\u00e3e de Deus - Revista\" \/>\n<meta property=\"article:modified_time\" content=\"2026-01-13T17:25:20+00:00\" \/>\n<meta property=\"og:image\" content=\"https:\/\/redeicm.org.br\/revista\/wp-content\/uploads\/sites\/24\/2026\/01\/banner-mae-de-deus.webp\" \/>\n<meta name=\"twitter:card\" content=\"summary_large_image\" \/>\n<meta name=\"twitter:label1\" content=\"Est. tempo de leitura\" \/>\n\t<meta name=\"twitter:data1\" content=\"3 minutos\" \/>\n<script type=\"application\/ld+json\" class=\"yoast-schema-graph\">{\"@context\":\"https:\/\/schema.org\",\"@graph\":[{\"@type\":\"WebPage\",\"@id\":\"https:\/\/redeicm.org.br\/revista\/perfil-editorial\/\",\"url\":\"https:\/\/redeicm.org.br\/revista\/perfil-editorial\/\",\"name\":\"Perfil Editorial - Col\u00e9gio M\u00e3e de Deus - Revista\",\"isPartOf\":{\"@id\":\"https:\/\/redeicm.org.br\/revista\/#website\"},\"primaryImageOfPage\":{\"@id\":\"https:\/\/redeicm.org.br\/revista\/perfil-editorial\/#primaryimage\"},\"image\":{\"@id\":\"https:\/\/redeicm.org.br\/revista\/perfil-editorial\/#primaryimage\"},\"thumbnailUrl\":\"https:\/\/redeicm.org.br\/revista\/wp-content\/uploads\/sites\/24\/2026\/01\/banner-mae-de-deus.webp\",\"datePublished\":\"2026-01-12T17:05:58+00:00\",\"dateModified\":\"2026-01-13T17:25:20+00:00\",\"breadcrumb\":{\"@id\":\"https:\/\/redeicm.org.br\/revista\/perfil-editorial\/#breadcrumb\"},\"inLanguage\":\"pt-BR\",\"potentialAction\":[{\"@type\":\"ReadAction\",\"target\":[\"https:\/\/redeicm.org.br\/revista\/perfil-editorial\/\"]}]},{\"@type\":\"ImageObject\",\"inLanguage\":\"pt-BR\",\"@id\":\"https:\/\/redeicm.org.br\/revista\/perfil-editorial\/#primaryimage\",\"url\":\"https:\/\/redeicm.org.br\/revista\/wp-content\/uploads\/sites\/24\/2026\/01\/banner-mae-de-deus.webp\",\"contentUrl\":\"https:\/\/redeicm.org.br\/revista\/wp-content\/uploads\/sites\/24\/2026\/01\/banner-mae-de-deus.webp\",\"width\":1295,\"height\":312},{\"@type\":\"BreadcrumbList\",\"@id\":\"https:\/\/redeicm.org.br\/revista\/perfil-editorial\/#breadcrumb\",\"itemListElement\":[{\"@type\":\"ListItem\",\"position\":1,\"name\":\"In\u00edcio\",\"item\":\"https:\/\/redeicm.org.br\/revista\/\"},{\"@type\":\"ListItem\",\"position\":2,\"name\":\"Perfil Editorial\"}]},{\"@type\":\"WebSite\",\"@id\":\"https:\/\/redeicm.org.br\/revista\/#website\",\"url\":\"https:\/\/redeicm.org.br\/revista\/\",\"name\":\"Col\u00e9gio M\u00e3e de Deus - Revista\",\"description\":\"\",\"publisher\":{\"@id\":\"https:\/\/redeicm.org.br\/revista\/#organization\"},\"potentialAction\":[{\"@type\":\"SearchAction\",\"target\":{\"@type\":\"EntryPoint\",\"urlTemplate\":\"https:\/\/redeicm.org.br\/revista\/?s={search_term_string}\"},\"query-input\":{\"@type\":\"PropertyValueSpecification\",\"valueRequired\":true,\"valueName\":\"search_term_string\"}}],\"inLanguage\":\"pt-BR\"},{\"@type\":\"Organization\",\"@id\":\"https:\/\/redeicm.org.br\/revista\/#organization\",\"name\":\"Col\u00e9gio M\u00e3e de Deus - Revista\",\"url\":\"https:\/\/redeicm.org.br\/revista\/\",\"logo\":{\"@type\":\"ImageObject\",\"inLanguage\":\"pt-BR\",\"@id\":\"https:\/\/redeicm.org.br\/revista\/#\/schema\/logo\/image\/\",\"url\":\"https:\/\/redeicm.org.br\/revista\/wp-content\/uploads\/sites\/24\/2026\/01\/loog-colegio-mae-de-deus.webp\",\"contentUrl\":\"https:\/\/redeicm.org.br\/revista\/wp-content\/uploads\/sites\/24\/2026\/01\/loog-colegio-mae-de-deus.webp\",\"width\":493,\"height\":185,\"caption\":\"Col\u00e9gio M\u00e3e de Deus - Revista\"},\"image\":{\"@id\":\"https:\/\/redeicm.org.br\/revista\/#\/schema\/logo\/image\/\"}}]}<\/script>\n<!-- \/ Yoast SEO plugin. -->","yoast_head_json":{"title":"Perfil Editorial - Col\u00e9gio M\u00e3e de Deus - Revista","robots":{"index":"index","follow":"follow","max-snippet":"max-snippet:-1","max-image-preview":"max-image-preview:large","max-video-preview":"max-video-preview:-1"},"canonical":"https:\/\/redeicm.org.br\/revista\/perfil-editorial\/","og_locale":"pt_BR","og_type":"article","og_title":"Perfil Editorial - Col\u00e9gio M\u00e3e de Deus - Revista","og_description":"\u201cA utopia \u00e9 como o horizonte.N\u00f3s o vemos ao longe, nunca o alcan\u00e7aremos,mas serve para que continuemosa caminhar.\u201d (Fernando Berri) Reunir um escopo de ideias numa edi\u00e7\u00e3o \u00e9 algo que exige um esfor\u00e7o coletivo e uma aten\u00e7\u00e3o apurada. Afinal, trata-se de uma produ\u00e7\u00e3o intelectual dos alunos e, mais especificamente, a culmin\u00e2ncia de um per\u00edodo que [&hellip;]","og_url":"https:\/\/redeicm.org.br\/revista\/perfil-editorial\/","og_site_name":"Col\u00e9gio M\u00e3e de Deus - Revista","article_modified_time":"2026-01-13T17:25:20+00:00","og_image":[{"url":"https:\/\/redeicm.org.br\/revista\/wp-content\/uploads\/sites\/24\/2026\/01\/banner-mae-de-deus.webp","type":"","width":"","height":""}],"twitter_card":"summary_large_image","twitter_misc":{"Est. tempo de leitura":"3 minutos"},"schema":{"@context":"https:\/\/schema.org","@graph":[{"@type":"WebPage","@id":"https:\/\/redeicm.org.br\/revista\/perfil-editorial\/","url":"https:\/\/redeicm.org.br\/revista\/perfil-editorial\/","name":"Perfil Editorial - Col\u00e9gio M\u00e3e de Deus - Revista","isPartOf":{"@id":"https:\/\/redeicm.org.br\/revista\/#website"},"primaryImageOfPage":{"@id":"https:\/\/redeicm.org.br\/revista\/perfil-editorial\/#primaryimage"},"image":{"@id":"https:\/\/redeicm.org.br\/revista\/perfil-editorial\/#primaryimage"},"thumbnailUrl":"https:\/\/redeicm.org.br\/revista\/wp-content\/uploads\/sites\/24\/2026\/01\/banner-mae-de-deus.webp","datePublished":"2026-01-12T17:05:58+00:00","dateModified":"2026-01-13T17:25:20+00:00","breadcrumb":{"@id":"https:\/\/redeicm.org.br\/revista\/perfil-editorial\/#breadcrumb"},"inLanguage":"pt-BR","potentialAction":[{"@type":"ReadAction","target":["https:\/\/redeicm.org.br\/revista\/perfil-editorial\/"]}]},{"@type":"ImageObject","inLanguage":"pt-BR","@id":"https:\/\/redeicm.org.br\/revista\/perfil-editorial\/#primaryimage","url":"https:\/\/redeicm.org.br\/revista\/wp-content\/uploads\/sites\/24\/2026\/01\/banner-mae-de-deus.webp","contentUrl":"https:\/\/redeicm.org.br\/revista\/wp-content\/uploads\/sites\/24\/2026\/01\/banner-mae-de-deus.webp","width":1295,"height":312},{"@type":"BreadcrumbList","@id":"https:\/\/redeicm.org.br\/revista\/perfil-editorial\/#breadcrumb","itemListElement":[{"@type":"ListItem","position":1,"name":"In\u00edcio","item":"https:\/\/redeicm.org.br\/revista\/"},{"@type":"ListItem","position":2,"name":"Perfil Editorial"}]},{"@type":"WebSite","@id":"https:\/\/redeicm.org.br\/revista\/#website","url":"https:\/\/redeicm.org.br\/revista\/","name":"Col\u00e9gio M\u00e3e de Deus - Revista","description":"","publisher":{"@id":"https:\/\/redeicm.org.br\/revista\/#organization"},"potentialAction":[{"@type":"SearchAction","target":{"@type":"EntryPoint","urlTemplate":"https:\/\/redeicm.org.br\/revista\/?s={search_term_string}"},"query-input":{"@type":"PropertyValueSpecification","valueRequired":true,"valueName":"search_term_string"}}],"inLanguage":"pt-BR"},{"@type":"Organization","@id":"https:\/\/redeicm.org.br\/revista\/#organization","name":"Col\u00e9gio M\u00e3e de Deus - Revista","url":"https:\/\/redeicm.org.br\/revista\/","logo":{"@type":"ImageObject","inLanguage":"pt-BR","@id":"https:\/\/redeicm.org.br\/revista\/#\/schema\/logo\/image\/","url":"https:\/\/redeicm.org.br\/revista\/wp-content\/uploads\/sites\/24\/2026\/01\/loog-colegio-mae-de-deus.webp","contentUrl":"https:\/\/redeicm.org.br\/revista\/wp-content\/uploads\/sites\/24\/2026\/01\/loog-colegio-mae-de-deus.webp","width":493,"height":185,"caption":"Col\u00e9gio M\u00e3e de Deus - Revista"},"image":{"@id":"https:\/\/redeicm.org.br\/revista\/#\/schema\/logo\/image\/"}}]}},"_links":{"self":[{"href":"https:\/\/redeicm.org.br\/revista\/wp-json\/wp\/v2\/pages\/27","targetHints":{"allow":["GET"]}}],"collection":[{"href":"https:\/\/redeicm.org.br\/revista\/wp-json\/wp\/v2\/pages"}],"about":[{"href":"https:\/\/redeicm.org.br\/revista\/wp-json\/wp\/v2\/types\/page"}],"author":[{"embeddable":true,"href":"https:\/\/redeicm.org.br\/revista\/wp-json\/wp\/v2\/users\/1"}],"replies":[{"embeddable":true,"href":"https:\/\/redeicm.org.br\/revista\/wp-json\/wp\/v2\/comments?post=27"}],"version-history":[{"count":7,"href":"https:\/\/redeicm.org.br\/revista\/wp-json\/wp\/v2\/pages\/27\/revisions"}],"predecessor-version":[{"id":176,"href":"https:\/\/redeicm.org.br\/revista\/wp-json\/wp\/v2\/pages\/27\/revisions\/176"}],"wp:attachment":[{"href":"https:\/\/redeicm.org.br\/revista\/wp-json\/wp\/v2\/media?parent=27"}],"curies":[{"name":"wp","href":"https:\/\/api.w.org\/{rel}","templated":true}]}}