{"id":25,"date":"2026-01-12T14:05:38","date_gmt":"2026-01-12T17:05:38","guid":{"rendered":"https:\/\/redeicm.org.br\/revista\/?page_id=25"},"modified":"2026-01-13T14:24:30","modified_gmt":"2026-01-13T17:24:30","slug":"sobre-o-projeto","status":"publish","type":"page","link":"https:\/\/redeicm.org.br\/revista\/sobre-o-projeto\/","title":{"rendered":"Sobre o projeto"},"content":{"rendered":"\t\t<div data-elementor-type=\"wp-page\" data-elementor-id=\"25\" class=\"elementor elementor-25\" data-elementor-post-type=\"page\">\n\t\t\t\t<div class=\"elementor-element elementor-element-b5fe220 e-flex e-con-boxed e-con e-parent\" data-id=\"b5fe220\" data-element_type=\"container\" data-e-type=\"container\">\n\t\t\t\t\t<div class=\"e-con-inner\">\n\t\t\t\t<div class=\"elementor-element elementor-element-fa2719e elementor-widget elementor-widget-image\" data-id=\"fa2719e\" data-element_type=\"widget\" data-e-type=\"widget\" data-widget_type=\"image.default\">\n\t\t\t\t\t\t\t\t\t\t\t\t\t\t\t<img fetchpriority=\"high\" decoding=\"async\" width=\"1295\" height=\"312\" src=\"https:\/\/redeicm.org.br\/revista\/wp-content\/uploads\/sites\/24\/2026\/01\/banner-mae-de-deus.webp\" class=\"attachment-full size-full wp-image-119\" alt=\"\" srcset=\"https:\/\/redeicm.org.br\/revista\/wp-content\/uploads\/sites\/24\/2026\/01\/banner-mae-de-deus.webp 1295w, https:\/\/redeicm.org.br\/revista\/wp-content\/uploads\/sites\/24\/2026\/01\/banner-mae-de-deus-300x72.webp 300w, https:\/\/redeicm.org.br\/revista\/wp-content\/uploads\/sites\/24\/2026\/01\/banner-mae-de-deus-1024x247.webp 1024w, https:\/\/redeicm.org.br\/revista\/wp-content\/uploads\/sites\/24\/2026\/01\/banner-mae-de-deus-768x185.webp 768w\" sizes=\"(max-width: 1295px) 100vw, 1295px\" \/>\t\t\t\t\t\t\t\t\t\t\t\t\t\t\t<\/div>\n\t\t\t\t\t<\/div>\n\t\t\t\t<\/div>\n\t\t<div class=\"elementor-element elementor-element-ed21b79 e-flex e-con-boxed e-con e-parent\" data-id=\"ed21b79\" data-element_type=\"container\" data-e-type=\"container\">\n\t\t\t\t\t<div class=\"e-con-inner\">\n\t\t\t\t<div class=\"elementor-element elementor-element-e706eed elementor-widget elementor-widget-heading\" data-id=\"e706eed\" data-element_type=\"widget\" data-e-type=\"widget\" data-widget_type=\"heading.default\">\n\t\t\t\t\t<h1 class=\"elementor-heading-title elementor-size-default\">Sobre o projeto<\/h1>\t\t\t\t<\/div>\n\t\t\t\t<div class=\"elementor-element elementor-element-8fb6f27 elementor-widget elementor-widget-text-editor\" data-id=\"8fb6f27\" data-element_type=\"widget\" data-e-type=\"widget\" data-widget_type=\"text-editor.default\">\n\t\t\t\t\t\t\t\t\t<p class=\"style13\" align=\"justify\">A\u00a0<strong>Revista Eletr\u00f4nica Materializando Conhecimentos<\/strong>\u00a0\u00e9 fruto de uma longa trajet\u00f3ria de dedica\u00e7\u00e3o ao estudo, a pesquisa e a an\u00e1lise sobre a realidade que nos cerca e \u00e9 parte integrante da proposta cognitiva do Ensino M\u00e9dio do Col\u00e9gio M\u00e3e de Deus. Seu escopo \u00e9 a forma\u00e7\u00e3o intelectual e moral voltado para a constru\u00e7\u00e3o de um olhar cient\u00edfico sobre o mundo. Suas diretrizes levam em considera\u00e7\u00e3o a habilidade de selecionar, analisar e produzir diversos tipos de informa\u00e7\u00f5es, bem como exercitar o dom\u00ednio e registro da diversidade de discursos pertinentes \u00e0 comunidade cient\u00edfica.<\/p><p class=\"style13\" align=\"justify\">Os trabalhos interdisciplinares apresentados nas diferentes edi\u00e7\u00f5es pelos alunos da 3\u00aa s\u00e9rie do Ensino M\u00e9dio fazem parte de um esfor\u00e7o coletivo que mobiliza a dire\u00e7\u00e3o, coordena\u00e7\u00e3o, corpo docente e setores desta institui\u00e7\u00e3o, com vistas a propiciar um horizonte cognitivo que vai al\u00e9m dos muros da escola.<\/p>\t\t\t\t\t\t\t\t<\/div>\n\t\t\t\t\t<\/div>\n\t\t\t\t<\/div>\n\t\t\t\t<\/div>\n\t\t","protected":false},"excerpt":{"rendered":"<p>A\u00a0Revista Eletr\u00f4nica Materializando Conhecimentos\u00a0\u00e9 fruto de uma longa trajet\u00f3ria de dedica\u00e7\u00e3o ao estudo, a pesquisa e a an\u00e1lise sobre a realidade que nos cerca e \u00e9 parte integrante da proposta cognitiva do Ensino M\u00e9dio do Col\u00e9gio M\u00e3e de Deus. Seu escopo \u00e9 a forma\u00e7\u00e3o intelectual e moral voltado para a constru\u00e7\u00e3o de um olhar cient\u00edfico [&hellip;]<\/p>\n","protected":false},"author":1,"featured_media":0,"parent":0,"menu_order":0,"comment_status":"closed","ping_status":"closed","template":"","meta":{"_acf_changed":false,"footnotes":""},"class_list":["post-25","page","type-page","status-publish","hentry"],"acf":[],"yoast_head":"<!-- This site is optimized with the Yoast SEO plugin v26.3 - https:\/\/yoast.com\/wordpress\/plugins\/seo\/ -->\n<title>Sobre o projeto - Col\u00e9gio M\u00e3e de Deus - Revista<\/title>\n<meta name=\"robots\" content=\"index, follow, max-snippet:-1, max-image-preview:large, max-video-preview:-1\" \/>\n<link rel=\"canonical\" href=\"https:\/\/redeicm.org.br\/revista\/sobre-o-projeto\/\" \/>\n<meta property=\"og:locale\" content=\"pt_BR\" \/>\n<meta property=\"og:type\" content=\"article\" \/>\n<meta property=\"og:title\" content=\"Sobre o projeto - Col\u00e9gio M\u00e3e de Deus - Revista\" \/>\n<meta property=\"og:description\" content=\"A\u00a0Revista Eletr\u00f4nica Materializando Conhecimentos\u00a0\u00e9 fruto de uma longa trajet\u00f3ria de dedica\u00e7\u00e3o ao estudo, a pesquisa e a an\u00e1lise sobre a realidade que nos cerca e \u00e9 parte integrante da proposta cognitiva do Ensino M\u00e9dio do Col\u00e9gio M\u00e3e de Deus. Seu escopo \u00e9 a forma\u00e7\u00e3o intelectual e moral voltado para a constru\u00e7\u00e3o de um olhar cient\u00edfico [&hellip;]\" \/>\n<meta property=\"og:url\" content=\"https:\/\/redeicm.org.br\/revista\/sobre-o-projeto\/\" \/>\n<meta property=\"og:site_name\" content=\"Col\u00e9gio M\u00e3e de Deus - Revista\" \/>\n<meta property=\"article:modified_time\" content=\"2026-01-13T17:24:30+00:00\" \/>\n<meta property=\"og:image\" content=\"https:\/\/redeicm.org.br\/revista\/wp-content\/uploads\/sites\/24\/2026\/01\/banner-mae-de-deus.webp\" \/>\n<meta name=\"twitter:card\" content=\"summary_large_image\" \/>\n<meta name=\"twitter:label1\" content=\"Est. tempo de leitura\" \/>\n\t<meta name=\"twitter:data1\" content=\"1 minuto\" \/>\n<script type=\"application\/ld+json\" class=\"yoast-schema-graph\">{\"@context\":\"https:\/\/schema.org\",\"@graph\":[{\"@type\":\"WebPage\",\"@id\":\"https:\/\/redeicm.org.br\/revista\/sobre-o-projeto\/\",\"url\":\"https:\/\/redeicm.org.br\/revista\/sobre-o-projeto\/\",\"name\":\"Sobre o projeto - Col\u00e9gio M\u00e3e de Deus - Revista\",\"isPartOf\":{\"@id\":\"https:\/\/redeicm.org.br\/revista\/#website\"},\"primaryImageOfPage\":{\"@id\":\"https:\/\/redeicm.org.br\/revista\/sobre-o-projeto\/#primaryimage\"},\"image\":{\"@id\":\"https:\/\/redeicm.org.br\/revista\/sobre-o-projeto\/#primaryimage\"},\"thumbnailUrl\":\"https:\/\/redeicm.org.br\/revista\/wp-content\/uploads\/sites\/24\/2026\/01\/banner-mae-de-deus.webp\",\"datePublished\":\"2026-01-12T17:05:38+00:00\",\"dateModified\":\"2026-01-13T17:24:30+00:00\",\"breadcrumb\":{\"@id\":\"https:\/\/redeicm.org.br\/revista\/sobre-o-projeto\/#breadcrumb\"},\"inLanguage\":\"pt-BR\",\"potentialAction\":[{\"@type\":\"ReadAction\",\"target\":[\"https:\/\/redeicm.org.br\/revista\/sobre-o-projeto\/\"]}]},{\"@type\":\"ImageObject\",\"inLanguage\":\"pt-BR\",\"@id\":\"https:\/\/redeicm.org.br\/revista\/sobre-o-projeto\/#primaryimage\",\"url\":\"https:\/\/redeicm.org.br\/revista\/wp-content\/uploads\/sites\/24\/2026\/01\/banner-mae-de-deus.webp\",\"contentUrl\":\"https:\/\/redeicm.org.br\/revista\/wp-content\/uploads\/sites\/24\/2026\/01\/banner-mae-de-deus.webp\",\"width\":1295,\"height\":312},{\"@type\":\"BreadcrumbList\",\"@id\":\"https:\/\/redeicm.org.br\/revista\/sobre-o-projeto\/#breadcrumb\",\"itemListElement\":[{\"@type\":\"ListItem\",\"position\":1,\"name\":\"In\u00edcio\",\"item\":\"https:\/\/redeicm.org.br\/revista\/\"},{\"@type\":\"ListItem\",\"position\":2,\"name\":\"Sobre o projeto\"}]},{\"@type\":\"WebSite\",\"@id\":\"https:\/\/redeicm.org.br\/revista\/#website\",\"url\":\"https:\/\/redeicm.org.br\/revista\/\",\"name\":\"Col\u00e9gio M\u00e3e de Deus - Revista\",\"description\":\"\",\"publisher\":{\"@id\":\"https:\/\/redeicm.org.br\/revista\/#organization\"},\"potentialAction\":[{\"@type\":\"SearchAction\",\"target\":{\"@type\":\"EntryPoint\",\"urlTemplate\":\"https:\/\/redeicm.org.br\/revista\/?s={search_term_string}\"},\"query-input\":{\"@type\":\"PropertyValueSpecification\",\"valueRequired\":true,\"valueName\":\"search_term_string\"}}],\"inLanguage\":\"pt-BR\"},{\"@type\":\"Organization\",\"@id\":\"https:\/\/redeicm.org.br\/revista\/#organization\",\"name\":\"Col\u00e9gio M\u00e3e de Deus - Revista\",\"url\":\"https:\/\/redeicm.org.br\/revista\/\",\"logo\":{\"@type\":\"ImageObject\",\"inLanguage\":\"pt-BR\",\"@id\":\"https:\/\/redeicm.org.br\/revista\/#\/schema\/logo\/image\/\",\"url\":\"https:\/\/redeicm.org.br\/revista\/wp-content\/uploads\/sites\/24\/2026\/01\/loog-colegio-mae-de-deus.webp\",\"contentUrl\":\"https:\/\/redeicm.org.br\/revista\/wp-content\/uploads\/sites\/24\/2026\/01\/loog-colegio-mae-de-deus.webp\",\"width\":493,\"height\":185,\"caption\":\"Col\u00e9gio M\u00e3e de Deus - Revista\"},\"image\":{\"@id\":\"https:\/\/redeicm.org.br\/revista\/#\/schema\/logo\/image\/\"}}]}<\/script>\n<!-- \/ Yoast SEO plugin. -->","yoast_head_json":{"title":"Sobre o projeto - Col\u00e9gio M\u00e3e de Deus - Revista","robots":{"index":"index","follow":"follow","max-snippet":"max-snippet:-1","max-image-preview":"max-image-preview:large","max-video-preview":"max-video-preview:-1"},"canonical":"https:\/\/redeicm.org.br\/revista\/sobre-o-projeto\/","og_locale":"pt_BR","og_type":"article","og_title":"Sobre o projeto - Col\u00e9gio M\u00e3e de Deus - Revista","og_description":"A\u00a0Revista Eletr\u00f4nica Materializando Conhecimentos\u00a0\u00e9 fruto de uma longa trajet\u00f3ria de dedica\u00e7\u00e3o ao estudo, a pesquisa e a an\u00e1lise sobre a realidade que nos cerca e \u00e9 parte integrante da proposta cognitiva do Ensino M\u00e9dio do Col\u00e9gio M\u00e3e de Deus. Seu escopo \u00e9 a forma\u00e7\u00e3o intelectual e moral voltado para a constru\u00e7\u00e3o de um olhar cient\u00edfico [&hellip;]","og_url":"https:\/\/redeicm.org.br\/revista\/sobre-o-projeto\/","og_site_name":"Col\u00e9gio M\u00e3e de Deus - Revista","article_modified_time":"2026-01-13T17:24:30+00:00","og_image":[{"url":"https:\/\/redeicm.org.br\/revista\/wp-content\/uploads\/sites\/24\/2026\/01\/banner-mae-de-deus.webp","type":"","width":"","height":""}],"twitter_card":"summary_large_image","twitter_misc":{"Est. tempo de leitura":"1 minuto"},"schema":{"@context":"https:\/\/schema.org","@graph":[{"@type":"WebPage","@id":"https:\/\/redeicm.org.br\/revista\/sobre-o-projeto\/","url":"https:\/\/redeicm.org.br\/revista\/sobre-o-projeto\/","name":"Sobre o projeto - Col\u00e9gio M\u00e3e de Deus - Revista","isPartOf":{"@id":"https:\/\/redeicm.org.br\/revista\/#website"},"primaryImageOfPage":{"@id":"https:\/\/redeicm.org.br\/revista\/sobre-o-projeto\/#primaryimage"},"image":{"@id":"https:\/\/redeicm.org.br\/revista\/sobre-o-projeto\/#primaryimage"},"thumbnailUrl":"https:\/\/redeicm.org.br\/revista\/wp-content\/uploads\/sites\/24\/2026\/01\/banner-mae-de-deus.webp","datePublished":"2026-01-12T17:05:38+00:00","dateModified":"2026-01-13T17:24:30+00:00","breadcrumb":{"@id":"https:\/\/redeicm.org.br\/revista\/sobre-o-projeto\/#breadcrumb"},"inLanguage":"pt-BR","potentialAction":[{"@type":"ReadAction","target":["https:\/\/redeicm.org.br\/revista\/sobre-o-projeto\/"]}]},{"@type":"ImageObject","inLanguage":"pt-BR","@id":"https:\/\/redeicm.org.br\/revista\/sobre-o-projeto\/#primaryimage","url":"https:\/\/redeicm.org.br\/revista\/wp-content\/uploads\/sites\/24\/2026\/01\/banner-mae-de-deus.webp","contentUrl":"https:\/\/redeicm.org.br\/revista\/wp-content\/uploads\/sites\/24\/2026\/01\/banner-mae-de-deus.webp","width":1295,"height":312},{"@type":"BreadcrumbList","@id":"https:\/\/redeicm.org.br\/revista\/sobre-o-projeto\/#breadcrumb","itemListElement":[{"@type":"ListItem","position":1,"name":"In\u00edcio","item":"https:\/\/redeicm.org.br\/revista\/"},{"@type":"ListItem","position":2,"name":"Sobre o projeto"}]},{"@type":"WebSite","@id":"https:\/\/redeicm.org.br\/revista\/#website","url":"https:\/\/redeicm.org.br\/revista\/","name":"Col\u00e9gio M\u00e3e de Deus - Revista","description":"","publisher":{"@id":"https:\/\/redeicm.org.br\/revista\/#organization"},"potentialAction":[{"@type":"SearchAction","target":{"@type":"EntryPoint","urlTemplate":"https:\/\/redeicm.org.br\/revista\/?s={search_term_string}"},"query-input":{"@type":"PropertyValueSpecification","valueRequired":true,"valueName":"search_term_string"}}],"inLanguage":"pt-BR"},{"@type":"Organization","@id":"https:\/\/redeicm.org.br\/revista\/#organization","name":"Col\u00e9gio M\u00e3e de Deus - Revista","url":"https:\/\/redeicm.org.br\/revista\/","logo":{"@type":"ImageObject","inLanguage":"pt-BR","@id":"https:\/\/redeicm.org.br\/revista\/#\/schema\/logo\/image\/","url":"https:\/\/redeicm.org.br\/revista\/wp-content\/uploads\/sites\/24\/2026\/01\/loog-colegio-mae-de-deus.webp","contentUrl":"https:\/\/redeicm.org.br\/revista\/wp-content\/uploads\/sites\/24\/2026\/01\/loog-colegio-mae-de-deus.webp","width":493,"height":185,"caption":"Col\u00e9gio M\u00e3e de Deus - Revista"},"image":{"@id":"https:\/\/redeicm.org.br\/revista\/#\/schema\/logo\/image\/"}}]}},"_links":{"self":[{"href":"https:\/\/redeicm.org.br\/revista\/wp-json\/wp\/v2\/pages\/25","targetHints":{"allow":["GET"]}}],"collection":[{"href":"https:\/\/redeicm.org.br\/revista\/wp-json\/wp\/v2\/pages"}],"about":[{"href":"https:\/\/redeicm.org.br\/revista\/wp-json\/wp\/v2\/types\/page"}],"author":[{"embeddable":true,"href":"https:\/\/redeicm.org.br\/revista\/wp-json\/wp\/v2\/users\/1"}],"replies":[{"embeddable":true,"href":"https:\/\/redeicm.org.br\/revista\/wp-json\/wp\/v2\/comments?post=25"}],"version-history":[{"count":10,"href":"https:\/\/redeicm.org.br\/revista\/wp-json\/wp\/v2\/pages\/25\/revisions"}],"predecessor-version":[{"id":173,"href":"https:\/\/redeicm.org.br\/revista\/wp-json\/wp\/v2\/pages\/25\/revisions\/173"}],"wp:attachment":[{"href":"https:\/\/redeicm.org.br\/revista\/wp-json\/wp\/v2\/media?parent=25"}],"curies":[{"name":"wp","href":"https:\/\/api.w.org\/{rel}","templated":true}]}}