{"id":979,"date":"2025-05-26T10:57:18","date_gmt":"2025-05-26T13:57:18","guid":{"rendered":"https:\/\/redeicm.org.br\/purissimo\/?page_id=979"},"modified":"2025-06-16T18:21:04","modified_gmt":"2025-06-16T21:21:04","slug":"colegio-2","status":"publish","type":"page","link":"https:\/\/redeicm.org.br\/purissimo\/colegio-2\/","title":{"rendered":"Biblioteca do Col\u00e9gio"},"content":{"rendered":"\t\t<div data-elementor-type=\"wp-page\" data-elementor-id=\"979\" class=\"elementor elementor-979\" data-elementor-post-type=\"page\">\n\t\t\t\t<div class=\"elementor-element elementor-element-738fca07 e-flex e-con-boxed e-con e-parent\" data-id=\"738fca07\" data-element_type=\"container\" data-e-type=\"container\" data-settings=\"{&quot;background_background&quot;:&quot;classic&quot;}\">\n\t\t\t\t\t<div class=\"e-con-inner\">\n\t\t\t\t<div class=\"elementor-element elementor-element-4091aaef elementor-widget elementor-widget-heading\" data-id=\"4091aaef\" data-element_type=\"widget\" data-e-type=\"widget\" data-widget_type=\"heading.default\">\n\t\t\t\t<div class=\"elementor-widget-container\">\n\t\t\t\t\t<h1 class=\"elementor-heading-title elementor-size-default\">Biblioteca do Col\u00e9gio<\/h1>\t\t\t\t<\/div>\n\t\t\t\t<\/div>\n\t\t\t\t\t<\/div>\n\t\t\t\t<\/div>\n\t\t<div class=\"elementor-element elementor-element-14af296 e-flex e-con-boxed e-con e-parent\" data-id=\"14af296\" data-element_type=\"container\" data-e-type=\"container\">\n\t\t\t\t\t<div class=\"e-con-inner\">\n\t\t\t\t<div class=\"elementor-element elementor-element-cae08aa elementor-invisible elementor-widget elementor-widget-text-editor\" data-id=\"cae08aa\" data-element_type=\"widget\" data-e-type=\"widget\" data-settings=\"{&quot;_animation&quot;:&quot;fadeInUp&quot;}\" data-widget_type=\"text-editor.default\">\n\t\t\t\t<div class=\"elementor-widget-container\">\n\t\t\t\t\t\t\t\t\t<p><strong>INSCRI\u00c7\u00c3O<\/strong><\/p><p>A inscri\u00e7\u00e3o do aluno \u00e9 autom\u00e1tica ao ingresso no col\u00e9gio.<\/p><p>Cada aluno receber\u00e1 uma carteirinha de identifica\u00e7\u00e3o (que \u00e9 estritamente pessoal) e mediante sua apresenta\u00e7\u00e3o poder\u00e1 usufruir o que a biblioteca disp\u00f5e (empr\u00e9stimo, pesquisas, consultas\u2026)<\/p><p><strong>HOR\u00c1RIO DE FUNCIONAMENTO<\/strong><\/p><p>Segunda \u00e0 sexta, das 7hs \u00e0s 17hs.<\/p><p><strong>EMPR\u00c9STIMOS E PENALIDADES<\/strong><\/p><p>Cada aluno poder\u00e1 retirar um exemplar por vez, com prazo de 07 (sete) dias para a devolu\u00e7\u00e3o.<\/p><p>Ser\u00e1 cobrada uma multa de R$ 1,00 (um real) por dia de atraso (incluindo s\u00e1bados e domingos)<\/p><p>Em caso de perda ou dano do material, o usu\u00e1rio dever\u00e1 substitu\u00ed-lo (exemplar id\u00eantico) e\/ou indenizar a biblioteca.<\/p><p>Os livros de leitura mensal de cada s\u00e9rie, n\u00e3o poder\u00e3o ser renovados na devolu\u00e7\u00e3o, visando sua maior rotatividade entre os alunos.<\/p><p>O empr\u00e9stimo somente ser\u00e1 efetuado com a apresenta\u00e7\u00e3o da carteirinha.<\/p><p>Consulte nosso\u00a0<a href=\"https:\/\/biblioteca.redeicm.org.br\/?q=&amp;for=LIVRE&amp;id_biblioteca=33\"><strong>CAT\u00c1LOGO ON-LINE<\/strong><\/a>, e solicite o empr\u00e9stimo em nosso balc\u00e3o.<\/p><p>O aluno tem acesso livre ao acervo.<\/p><p>Sempre que precisar de ajuda para localizar um material deve procurar a Bibliotec\u00e1ria ou um dos funcion\u00e1rios da biblioteca.<\/p><p>Os livros consultados devem ser deixados nas mesas e jamais serem recolocados de volta nas prateleiras, pois cada livro tem seu lugar espec\u00edfico no acervo da biblioteca.<\/p><p>Revistas e gibis tamb\u00e9m est\u00e3o dispon\u00edveis para consulta local.<\/p><p><strong>USO DOS COMPUTADORES<\/strong><\/p><p>Os computadores da biblioteca s\u00e3o estritamente para pesquisa, e s\u00f3 dever\u00e3o ser utilizados quando o assunto n\u00e3o for encontrado nos livros.<\/p><p>O tempo de uso \u00e9 de 30 minutos por aluno ou por grupo, podendo ser estendido caso n\u00e3o tenha aluno aguardando para o uso.<\/p><p><strong>IMPRESS\u00d5ES<\/strong><\/p><p>S\u00f3 aceitamos dinheiro e o pagamento deve ser realizado no ato da impress\u00e3o.<\/p><p>Impress\u00e3o preto e branco: R$0,30 por folha;<\/p><p>Colorida: R$ 0,50 por folha.<\/p><p><strong>OBSERVA\u00c7\u00d5ES IMPORTANTES<\/strong><\/p><p>Vir \u00e0 biblioteca somente com o material necess\u00e1rio para a pesquisa.<\/p><p>N\u00e3o utilizar telefone celular nas depend\u00eancias da biblioteca.<\/p><p>N\u00e3o \u00e9 permitido ficar no local com lanches, bebidas e balas.<\/p><p>Moderar o tom de voz e evitar barulho desconfort\u00e1vel ao ambiente, que \u00e9 de leitura e pesquisa.<\/p>\t\t\t\t\t\t\t\t<\/div>\n\t\t\t\t<\/div>\n\t\t\t\t\t<\/div>\n\t\t\t\t<\/div>\n\t\t\t\t<\/div>\n\t\t","protected":false},"excerpt":{"rendered":"<p>INSCRI\u00c7\u00c3O A inscri\u00e7\u00e3o do aluno \u00e9 autom\u00e1tica ao ingresso no col\u00e9gio. Cada aluno receber\u00e1 uma carteirinha de identifica\u00e7\u00e3o (que \u00e9 estritamente pessoal) e mediante sua apresenta\u00e7\u00e3o poder\u00e1 usufruir o que a biblioteca disp\u00f5e (empr\u00e9stimo, pesquisas, consultas\u2026) HOR\u00c1RIO DE FUNCIONAMENTO Segunda \u00e0 sexta, das 7hs \u00e0s 17hs. EMPR\u00c9STIMOS E PENALIDADES Cada aluno poder\u00e1 retirar um exemplar [&hellip;]<\/p>\n","protected":false},"author":1,"featured_media":0,"parent":0,"menu_order":0,"comment_status":"closed","ping_status":"closed","template":"","meta":{"_acf_changed":false,"footnotes":""},"class_list":["post-979","page","type-page","status-publish","hentry"],"acf":[],"yoast_head":"<!-- This site is optimized with the Yoast SEO plugin v26.3 - https:\/\/yoast.com\/wordpress\/plugins\/seo\/ -->\n<title>Biblioteca do Col\u00e9gio - Col\u00e9gio Pur\u00edssimo Cora\u00e7\u00e3o de Maria | Rede ICM de educa\u00e7\u00e3o<\/title>\n<meta name=\"robots\" content=\"index, follow, max-snippet:-1, max-image-preview:large, max-video-preview:-1\" \/>\n<link rel=\"canonical\" href=\"https:\/\/redeicm.org.br\/purissimo\/colegio-2\/\" \/>\n<meta property=\"og:locale\" content=\"pt_BR\" \/>\n<meta property=\"og:type\" content=\"article\" \/>\n<meta property=\"og:title\" content=\"Biblioteca do Col\u00e9gio - Col\u00e9gio Pur\u00edssimo Cora\u00e7\u00e3o de Maria | Rede ICM de educa\u00e7\u00e3o\" \/>\n<meta property=\"og:description\" content=\"INSCRI\u00c7\u00c3O A inscri\u00e7\u00e3o do aluno \u00e9 autom\u00e1tica ao ingresso no col\u00e9gio. Cada aluno receber\u00e1 uma carteirinha de identifica\u00e7\u00e3o (que \u00e9 estritamente pessoal) e mediante sua apresenta\u00e7\u00e3o poder\u00e1 usufruir o que a biblioteca disp\u00f5e (empr\u00e9stimo, pesquisas, consultas\u2026) HOR\u00c1RIO DE FUNCIONAMENTO Segunda \u00e0 sexta, das 7hs \u00e0s 17hs. EMPR\u00c9STIMOS E PENALIDADES Cada aluno poder\u00e1 retirar um exemplar [&hellip;]\" \/>\n<meta property=\"og:url\" content=\"https:\/\/redeicm.org.br\/purissimo\/colegio-2\/\" \/>\n<meta property=\"og:site_name\" content=\"Col\u00e9gio Pur\u00edssimo Cora\u00e7\u00e3o de Maria | Rede ICM de educa\u00e7\u00e3o\" \/>\n<meta property=\"article:modified_time\" content=\"2025-06-16T21:21:04+00:00\" \/>\n<meta name=\"twitter:card\" content=\"summary_large_image\" \/>\n<meta name=\"twitter:label1\" content=\"Est. tempo de leitura\" \/>\n\t<meta name=\"twitter:data1\" content=\"2 minutos\" \/>\n<script type=\"application\/ld+json\" class=\"yoast-schema-graph\">{\"@context\":\"https:\/\/schema.org\",\"@graph\":[{\"@type\":\"WebPage\",\"@id\":\"https:\/\/redeicm.org.br\/purissimo\/colegio-2\/\",\"url\":\"https:\/\/redeicm.org.br\/purissimo\/colegio-2\/\",\"name\":\"Biblioteca do Col\u00e9gio - Col\u00e9gio Pur\u00edssimo Cora\u00e7\u00e3o de Maria | Rede ICM de educa\u00e7\u00e3o\",\"isPartOf\":{\"@id\":\"https:\/\/redeicm.org.br\/purissimo\/#website\"},\"datePublished\":\"2025-05-26T13:57:18+00:00\",\"dateModified\":\"2025-06-16T21:21:04+00:00\",\"breadcrumb\":{\"@id\":\"https:\/\/redeicm.org.br\/purissimo\/colegio-2\/#breadcrumb\"},\"inLanguage\":\"pt-BR\",\"potentialAction\":[{\"@type\":\"ReadAction\",\"target\":[\"https:\/\/redeicm.org.br\/purissimo\/colegio-2\/\"]}]},{\"@type\":\"BreadcrumbList\",\"@id\":\"https:\/\/redeicm.org.br\/purissimo\/colegio-2\/#breadcrumb\",\"itemListElement\":[{\"@type\":\"ListItem\",\"position\":1,\"name\":\"In\u00edcio\",\"item\":\"https:\/\/redeicm.org.br\/purissimo\/\"},{\"@type\":\"ListItem\",\"position\":2,\"name\":\"Biblioteca do Col\u00e9gio\"}]},{\"@type\":\"WebSite\",\"@id\":\"https:\/\/redeicm.org.br\/purissimo\/#website\",\"url\":\"https:\/\/redeicm.org.br\/purissimo\/\",\"name\":\"Col\u00e9gio Pur\u00edssimo Cora\u00e7\u00e3o de Maria | Rede ICM de educa\u00e7\u00e3o\",\"description\":\"\",\"publisher\":{\"@id\":\"https:\/\/redeicm.org.br\/purissimo\/#organization\"},\"potentialAction\":[{\"@type\":\"SearchAction\",\"target\":{\"@type\":\"EntryPoint\",\"urlTemplate\":\"https:\/\/redeicm.org.br\/purissimo\/?s={search_term_string}\"},\"query-input\":{\"@type\":\"PropertyValueSpecification\",\"valueRequired\":true,\"valueName\":\"search_term_string\"}}],\"inLanguage\":\"pt-BR\"},{\"@type\":\"Organization\",\"@id\":\"https:\/\/redeicm.org.br\/purissimo\/#organization\",\"name\":\"Col\u00e9gio Pur\u00edssimo Cora\u00e7\u00e3o de Maria | Rede ICM de educa\u00e7\u00e3o\",\"url\":\"https:\/\/redeicm.org.br\/purissimo\/\",\"logo\":{\"@type\":\"ImageObject\",\"inLanguage\":\"pt-BR\",\"@id\":\"https:\/\/redeicm.org.br\/purissimo\/#\/schema\/logo\/image\/\",\"url\":\"https:\/\/redeicm.org.br\/purissimo\/wp-content\/uploads\/sites\/20\/2024\/08\/ICM_Educacao_Purissimo-12-1024x450-1.webp\",\"contentUrl\":\"https:\/\/redeicm.org.br\/purissimo\/wp-content\/uploads\/sites\/20\/2024\/08\/ICM_Educacao_Purissimo-12-1024x450-1.webp\",\"width\":1024,\"height\":450,\"caption\":\"Col\u00e9gio Pur\u00edssimo Cora\u00e7\u00e3o de Maria | Rede ICM de educa\u00e7\u00e3o\"},\"image\":{\"@id\":\"https:\/\/redeicm.org.br\/purissimo\/#\/schema\/logo\/image\/\"}}]}<\/script>\n<!-- \/ Yoast SEO plugin. -->","yoast_head_json":{"title":"Biblioteca do Col\u00e9gio - Col\u00e9gio Pur\u00edssimo Cora\u00e7\u00e3o de Maria | Rede ICM de educa\u00e7\u00e3o","robots":{"index":"index","follow":"follow","max-snippet":"max-snippet:-1","max-image-preview":"max-image-preview:large","max-video-preview":"max-video-preview:-1"},"canonical":"https:\/\/redeicm.org.br\/purissimo\/colegio-2\/","og_locale":"pt_BR","og_type":"article","og_title":"Biblioteca do Col\u00e9gio - Col\u00e9gio Pur\u00edssimo Cora\u00e7\u00e3o de Maria | Rede ICM de educa\u00e7\u00e3o","og_description":"INSCRI\u00c7\u00c3O A inscri\u00e7\u00e3o do aluno \u00e9 autom\u00e1tica ao ingresso no col\u00e9gio. Cada aluno receber\u00e1 uma carteirinha de identifica\u00e7\u00e3o (que \u00e9 estritamente pessoal) e mediante sua apresenta\u00e7\u00e3o poder\u00e1 usufruir o que a biblioteca disp\u00f5e (empr\u00e9stimo, pesquisas, consultas\u2026) HOR\u00c1RIO DE FUNCIONAMENTO Segunda \u00e0 sexta, das 7hs \u00e0s 17hs. EMPR\u00c9STIMOS E PENALIDADES Cada aluno poder\u00e1 retirar um exemplar [&hellip;]","og_url":"https:\/\/redeicm.org.br\/purissimo\/colegio-2\/","og_site_name":"Col\u00e9gio Pur\u00edssimo Cora\u00e7\u00e3o de Maria | Rede ICM de educa\u00e7\u00e3o","article_modified_time":"2025-06-16T21:21:04+00:00","twitter_card":"summary_large_image","twitter_misc":{"Est. tempo de leitura":"2 minutos"},"schema":{"@context":"https:\/\/schema.org","@graph":[{"@type":"WebPage","@id":"https:\/\/redeicm.org.br\/purissimo\/colegio-2\/","url":"https:\/\/redeicm.org.br\/purissimo\/colegio-2\/","name":"Biblioteca do Col\u00e9gio - Col\u00e9gio Pur\u00edssimo Cora\u00e7\u00e3o de Maria | Rede ICM de educa\u00e7\u00e3o","isPartOf":{"@id":"https:\/\/redeicm.org.br\/purissimo\/#website"},"datePublished":"2025-05-26T13:57:18+00:00","dateModified":"2025-06-16T21:21:04+00:00","breadcrumb":{"@id":"https:\/\/redeicm.org.br\/purissimo\/colegio-2\/#breadcrumb"},"inLanguage":"pt-BR","potentialAction":[{"@type":"ReadAction","target":["https:\/\/redeicm.org.br\/purissimo\/colegio-2\/"]}]},{"@type":"BreadcrumbList","@id":"https:\/\/redeicm.org.br\/purissimo\/colegio-2\/#breadcrumb","itemListElement":[{"@type":"ListItem","position":1,"name":"In\u00edcio","item":"https:\/\/redeicm.org.br\/purissimo\/"},{"@type":"ListItem","position":2,"name":"Biblioteca do Col\u00e9gio"}]},{"@type":"WebSite","@id":"https:\/\/redeicm.org.br\/purissimo\/#website","url":"https:\/\/redeicm.org.br\/purissimo\/","name":"Col\u00e9gio Pur\u00edssimo Cora\u00e7\u00e3o de Maria | Rede ICM de educa\u00e7\u00e3o","description":"","publisher":{"@id":"https:\/\/redeicm.org.br\/purissimo\/#organization"},"potentialAction":[{"@type":"SearchAction","target":{"@type":"EntryPoint","urlTemplate":"https:\/\/redeicm.org.br\/purissimo\/?s={search_term_string}"},"query-input":{"@type":"PropertyValueSpecification","valueRequired":true,"valueName":"search_term_string"}}],"inLanguage":"pt-BR"},{"@type":"Organization","@id":"https:\/\/redeicm.org.br\/purissimo\/#organization","name":"Col\u00e9gio Pur\u00edssimo Cora\u00e7\u00e3o de Maria | Rede ICM de educa\u00e7\u00e3o","url":"https:\/\/redeicm.org.br\/purissimo\/","logo":{"@type":"ImageObject","inLanguage":"pt-BR","@id":"https:\/\/redeicm.org.br\/purissimo\/#\/schema\/logo\/image\/","url":"https:\/\/redeicm.org.br\/purissimo\/wp-content\/uploads\/sites\/20\/2024\/08\/ICM_Educacao_Purissimo-12-1024x450-1.webp","contentUrl":"https:\/\/redeicm.org.br\/purissimo\/wp-content\/uploads\/sites\/20\/2024\/08\/ICM_Educacao_Purissimo-12-1024x450-1.webp","width":1024,"height":450,"caption":"Col\u00e9gio Pur\u00edssimo Cora\u00e7\u00e3o de Maria | Rede ICM de educa\u00e7\u00e3o"},"image":{"@id":"https:\/\/redeicm.org.br\/purissimo\/#\/schema\/logo\/image\/"}}]}},"_links":{"self":[{"href":"https:\/\/redeicm.org.br\/purissimo\/wp-json\/wp\/v2\/pages\/979","targetHints":{"allow":["GET"]}}],"collection":[{"href":"https:\/\/redeicm.org.br\/purissimo\/wp-json\/wp\/v2\/pages"}],"about":[{"href":"https:\/\/redeicm.org.br\/purissimo\/wp-json\/wp\/v2\/types\/page"}],"author":[{"embeddable":true,"href":"https:\/\/redeicm.org.br\/purissimo\/wp-json\/wp\/v2\/users\/1"}],"replies":[{"embeddable":true,"href":"https:\/\/redeicm.org.br\/purissimo\/wp-json\/wp\/v2\/comments?post=979"}],"version-history":[{"count":8,"href":"https:\/\/redeicm.org.br\/purissimo\/wp-json\/wp\/v2\/pages\/979\/revisions"}],"predecessor-version":[{"id":1395,"href":"https:\/\/redeicm.org.br\/purissimo\/wp-json\/wp\/v2\/pages\/979\/revisions\/1395"}],"wp:attachment":[{"href":"https:\/\/redeicm.org.br\/purissimo\/wp-json\/wp\/v2\/media?parent=979"}],"curies":[{"name":"wp","href":"https:\/\/api.w.org\/{rel}","templated":true}]}}