{"id":914,"date":"2025-05-26T09:59:58","date_gmt":"2025-05-26T12:59:58","guid":{"rendered":"https:\/\/redeicm.org.br\/purissimo\/?page_id=914"},"modified":"2025-11-04T16:00:14","modified_gmt":"2025-11-04T19:00:14","slug":"duplo-diploma-colegio-purissimo-rio-claro","status":"publish","type":"page","link":"https:\/\/redeicm.org.br\/purissimo\/duplo-diploma-colegio-purissimo-rio-claro\/","title":{"rendered":"Duplo Diploma"},"content":{"rendered":"\t\t<div data-elementor-type=\"wp-page\" data-elementor-id=\"914\" class=\"elementor elementor-914\" data-elementor-post-type=\"page\">\n\t\t\t\t<div class=\"elementor-element elementor-element-5b0b03d5 e-flex e-con-boxed e-con e-parent\" data-id=\"5b0b03d5\" data-element_type=\"container\" data-e-type=\"container\" data-settings=\"{&quot;background_background&quot;:&quot;classic&quot;}\">\n\t\t\t\t\t<div class=\"e-con-inner\">\n\t\t\t\t<div class=\"elementor-element elementor-element-4e56ce49 elementor-widget elementor-widget-heading\" data-id=\"4e56ce49\" data-element_type=\"widget\" data-e-type=\"widget\" data-widget_type=\"heading.default\">\n\t\t\t\t<div class=\"elementor-widget-container\">\n\t\t\t\t\t<h1 class=\"elementor-heading-title elementor-size-default\">Duplo Diploma Col\u00e9gio Pur\u00edssimo em Rio Claro<\/h1>\t\t\t\t<\/div>\n\t\t\t\t<\/div>\n\t\t\t\t\t<\/div>\n\t\t\t\t<\/div>\n\t\t<div class=\"elementor-element elementor-element-7f57423 e-flex e-con-boxed e-con e-parent\" data-id=\"7f57423\" data-element_type=\"container\" data-e-type=\"container\">\n\t\t\t\t\t<div class=\"e-con-inner\">\n\t\t<div class=\"elementor-element elementor-element-290d3d5 e-con-full e-flex e-con e-child\" data-id=\"290d3d5\" data-element_type=\"container\" data-e-type=\"container\">\n\t\t<div class=\"elementor-element elementor-element-8a38b0a e-grid e-con-boxed e-con e-child\" data-id=\"8a38b0a\" data-element_type=\"container\" data-e-type=\"container\">\n\t\t\t\t\t<div class=\"e-con-inner\">\n\t\t\t\t<div class=\"elementor-element elementor-element-00cd924 elementor-widget elementor-widget-image\" data-id=\"00cd924\" data-element_type=\"widget\" data-e-type=\"widget\" data-widget_type=\"image.default\">\n\t\t\t\t<div class=\"elementor-widget-container\">\n\t\t\t\t\t\t\t\t\t\t\t\t\t\t\t<img fetchpriority=\"high\" decoding=\"async\" width=\"800\" height=\"450\" src=\"https:\/\/redeicm.org.br\/purissimo\/wp-content\/uploads\/sites\/20\/2025\/11\/EFIGIE-ACADEMY-_-LOGO-HORIZONTAL-1-1024x576.png\" class=\"attachment-large size-large wp-image-5365\" alt=\"\" srcset=\"https:\/\/redeicm.org.br\/purissimo\/wp-content\/uploads\/sites\/20\/2025\/11\/EFIGIE-ACADEMY-_-LOGO-HORIZONTAL-1-1024x576.png 1024w, https:\/\/redeicm.org.br\/purissimo\/wp-content\/uploads\/sites\/20\/2025\/11\/EFIGIE-ACADEMY-_-LOGO-HORIZONTAL-1-300x169.png 300w, https:\/\/redeicm.org.br\/purissimo\/wp-content\/uploads\/sites\/20\/2025\/11\/EFIGIE-ACADEMY-_-LOGO-HORIZONTAL-1-768x432.png 768w, https:\/\/redeicm.org.br\/purissimo\/wp-content\/uploads\/sites\/20\/2025\/11\/EFIGIE-ACADEMY-_-LOGO-HORIZONTAL-1-1536x864.png 1536w, https:\/\/redeicm.org.br\/purissimo\/wp-content\/uploads\/sites\/20\/2025\/11\/EFIGIE-ACADEMY-_-LOGO-HORIZONTAL-1.png 1920w\" sizes=\"(max-width: 800px) 100vw, 800px\" \/>\t\t\t\t\t\t\t\t\t\t\t\t\t\t\t<\/div>\n\t\t\t\t<\/div>\n\t\t\t\t<div class=\"elementor-element elementor-element-bb524b5 elementor-widget elementor-widget-image\" data-id=\"bb524b5\" data-element_type=\"widget\" data-e-type=\"widget\" data-widget_type=\"image.default\">\n\t\t\t\t<div class=\"elementor-widget-container\">\n\t\t\t\t\t\t\t\t\t\t\t\t\t\t\t<img decoding=\"async\" width=\"2276\" height=\"556\" src=\"https:\/\/redeicm.org.br\/purissimo\/wp-content\/uploads\/sites\/20\/2025\/11\/DUPLO-DIPLOMA-_-ICONE-LOGO.png\" class=\"attachment-full size-full wp-image-5364\" alt=\"\" srcset=\"https:\/\/redeicm.org.br\/purissimo\/wp-content\/uploads\/sites\/20\/2025\/11\/DUPLO-DIPLOMA-_-ICONE-LOGO.png 2276w, https:\/\/redeicm.org.br\/purissimo\/wp-content\/uploads\/sites\/20\/2025\/11\/DUPLO-DIPLOMA-_-ICONE-LOGO-300x73.png 300w, https:\/\/redeicm.org.br\/purissimo\/wp-content\/uploads\/sites\/20\/2025\/11\/DUPLO-DIPLOMA-_-ICONE-LOGO-1024x250.png 1024w, https:\/\/redeicm.org.br\/purissimo\/wp-content\/uploads\/sites\/20\/2025\/11\/DUPLO-DIPLOMA-_-ICONE-LOGO-768x188.png 768w, https:\/\/redeicm.org.br\/purissimo\/wp-content\/uploads\/sites\/20\/2025\/11\/DUPLO-DIPLOMA-_-ICONE-LOGO-1536x375.png 1536w, https:\/\/redeicm.org.br\/purissimo\/wp-content\/uploads\/sites\/20\/2025\/11\/DUPLO-DIPLOMA-_-ICONE-LOGO-2048x500.png 2048w\" sizes=\"(max-width: 2276px) 100vw, 2276px\" \/>\t\t\t\t\t\t\t\t\t\t\t\t\t\t\t<\/div>\n\t\t\t\t<\/div>\n\t\t\t\t\t<\/div>\n\t\t\t\t<\/div>\n\t\t\t\t<\/div>\n\t\t\t\t<div class=\"elementor-element elementor-element-2dcd7b4 elementor-invisible elementor-widget elementor-widget-text-editor\" data-id=\"2dcd7b4\" data-element_type=\"widget\" data-e-type=\"widget\" data-settings=\"{&quot;_animation&quot;:&quot;fadeInUp&quot;}\" data-widget_type=\"text-editor.default\">\n\t\t\t\t<div class=\"elementor-widget-container\">\n\t\t\t\t\t\t\t\t\t<h2 data-start=\"380\" data-end=\"434\">\ud83c\udfeb <strong data-start=\"386\" data-end=\"434\">Duplo Diploma Col\u00e9gio Pur\u00edssimo em Rio Claro<\/strong><\/h2><p data-start=\"436\" data-end=\"909\">O <strong data-start=\"438\" data-end=\"472\">Col\u00e9gio Pur\u00edssimo em Rio Claro<\/strong> oferece o <strong data-start=\"483\" data-end=\"509\">Programa Duplo Diploma<\/strong>, uma oportunidade \u00fanica para os estudantes conquistarem uma <strong data-start=\"570\" data-end=\"605\">forma\u00e7\u00e3o internacional bil\u00edngue<\/strong>, reconhecida por institui\u00e7\u00f5es de ensino em diversos pa\u00edses, especialmente nos <strong data-start=\"684\" data-end=\"702\">Estados Unidos<\/strong>.<br data-start=\"703\" data-end=\"706\" \/>Por meio dessa parceria educacional, o aluno pode obter <strong data-start=\"762\" data-end=\"795\">dois diplomas simultaneamente<\/strong> \u2014 o brasileiro e o norte-americano \u2014 ampliando significativamente suas possibilidades acad\u00eamicas e profissionais.<\/p><h2 data-start=\"916\" data-end=\"958\">\ud83c\udf0d <strong data-start=\"922\" data-end=\"958\">O que \u00e9 o Programa Duplo Diploma<\/strong><\/h2><p data-start=\"960\" data-end=\"1361\">O <strong data-start=\"962\" data-end=\"988\">Programa Duplo Diploma<\/strong> permite que os estudantes cursando o Ensino M\u00e9dio no Col\u00e9gio Pur\u00edssimo tenham acesso a uma grade curricular que combina disciplinas nacionais e internacionais.<br data-start=\"1148\" data-end=\"1151\" \/>Com o acompanhamento de professores especializados e aulas em ingl\u00eas, o aluno desenvolve compet\u00eancias globais e habilidades lingu\u00edsticas que o preparam para um <strong data-start=\"1311\" data-end=\"1360\">mundo cada vez mais conectado e multicultural<\/strong>.<\/p><p data-start=\"1363\" data-end=\"1538\">Esse modelo educacional \u00e9 inspirado nas melhores pr\u00e1ticas de ensino internacionais, promovendo o <strong data-start=\"1460\" data-end=\"1537\">pensamento cr\u00edtico, a autonomia intelectual e a comunica\u00e7\u00e3o intercultural<\/strong>.<\/p><h2 data-start=\"1545\" data-end=\"1603\">\ud83c\udf93 <strong data-start=\"1551\" data-end=\"1603\">Benef\u00edcios do Duplo Diploma no Col\u00e9gio Pur\u00edssimo<\/strong><\/h2><ul data-start=\"1605\" data-end=\"2110\"><li data-start=\"1605\" data-end=\"1719\"><p data-start=\"1607\" data-end=\"1719\"><strong data-start=\"1607\" data-end=\"1638\">Certifica\u00e7\u00e3o internacional:<\/strong> reconhecimento oficial de conclus\u00e3o do Ensino M\u00e9dio v\u00e1lido nos Estados Unidos.<\/p><\/li><li data-start=\"1720\" data-end=\"1832\"><p data-start=\"1722\" data-end=\"1832\"><strong data-start=\"1722\" data-end=\"1743\">Imers\u00e3o bil\u00edngue:<\/strong> aprendizado cont\u00ednuo em ingl\u00eas, com foco em comunica\u00e7\u00e3o, escrita e compreens\u00e3o global.<\/p><\/li><li data-start=\"1833\" data-end=\"1917\"><p data-start=\"1835\" data-end=\"1917\"><strong data-start=\"1835\" data-end=\"1868\">Oportunidades universit\u00e1rias:<\/strong> acesso facilitado a universidades no exterior.<\/p><\/li><li data-start=\"1918\" data-end=\"2020\"><p data-start=\"1920\" data-end=\"2020\"><strong data-start=\"1920\" data-end=\"1948\">Desenvolvimento pessoal:<\/strong> incentivo \u00e0 responsabilidade, disciplina, colabora\u00e7\u00e3o e protagonismo.<\/p><\/li><li data-start=\"2021\" data-end=\"2110\"><p data-start=\"2023\" data-end=\"2110\"><strong data-start=\"2023\" data-end=\"2043\">Vis\u00e3o de futuro:<\/strong> prepara\u00e7\u00e3o para o mercado de trabalho globalizado e multicultural.<\/p><\/li><\/ul><blockquote data-start=\"2112\" data-end=\"2315\"><p data-start=\"2114\" data-end=\"2315\">\ud83d\udca1 <strong data-start=\"2117\" data-end=\"2126\">Dica:<\/strong> Saiba mais sobre a nossa <a class=\"decorated-link cursor-pointer\" href=\"https:\/\/redeicm.org.br\/purissimo\/proposta-pedagogica\/\" target=\"_blank\" rel=\"noopener\" data-start=\"2152\" data-end=\"2228\">Proposta Pedag\u00f3gica <\/a>e veja como o Col\u00e9gio Pur\u00edssimo forma cidad\u00e3os conscientes e preparados para o futuro.<\/p><p data-start=\"2114\" data-end=\"2315\">\u00a0<\/p><\/blockquote><h2 data-start=\"2322\" data-end=\"2372\">\ud83c\udf10 <strong data-start=\"2328\" data-end=\"2372\">Como funciona o processo de certifica\u00e7\u00e3o<\/strong><\/h2><p data-start=\"2374\" data-end=\"2786\">O programa \u00e9 realizado em parceria com institui\u00e7\u00f5es internacionais credenciadas, garantindo o alinhamento curricular e a validade do diploma.<br data-start=\"2515\" data-end=\"2518\" \/>Os alunos realizam disciplinas complementares online, com acompanhamento cont\u00ednuo dos educadores do Col\u00e9gio Pur\u00edssimo, al\u00e9m de avalia\u00e7\u00f5es e projetos integradores.<br data-start=\"2680\" data-end=\"2683\" \/>Ao concluir o curso, o estudante recebe o <strong data-start=\"2725\" data-end=\"2747\">diploma brasileiro<\/strong> e o <strong data-start=\"2752\" data-end=\"2785\">High School Diploma americano<\/strong>.<\/p><p data-start=\"2788\" data-end=\"2961\">Para mais informa\u00e7\u00f5es sobre programas de equival\u00eancia educacional internacional, acesse o site do <a class=\"decorated-link\" href=\"https:\/\/ap.collegeboard.org\/\" target=\"_new\" rel=\"noopener\" data-start=\"2886\" data-end=\"2960\">College Board \u2013 Advanced Placement Program<\/a><\/p><h2 data-start=\"2968\" data-end=\"3014\">\ud83d\udcac <strong data-start=\"2974\" data-end=\"3014\">Por que escolher o Col\u00e9gio Pur\u00edssimo<\/strong><\/h2><p data-start=\"3016\" data-end=\"3309\">O Col\u00e9gio Pur\u00edssimo \u00e9 refer\u00eancia em <strong data-start=\"3052\" data-end=\"3091\">educa\u00e7\u00e3o de excel\u00eancia em Rio Claro<\/strong>, unindo tradi\u00e7\u00e3o, inova\u00e7\u00e3o e valores humanos.<br data-start=\"3137\" data-end=\"3140\" \/>Com o <strong data-start=\"3146\" data-end=\"3172\">Programa Duplo Diploma<\/strong>, reafirmamos nosso compromisso em preparar nossos estudantes para <strong data-start=\"3239\" data-end=\"3308\">atuar com \u00e9tica, compet\u00eancia e sensibilidade no Brasil e no mundo<\/strong>.<\/p><p data-start=\"3311\" data-end=\"3579\">Descubra tamb\u00e9m nossos programas de <a href=\"https:\/\/redeicm.org.br\/purissimo\/turno-extracurricular-colegio-purissimo\/\" target=\"_blank\" rel=\"noopener\">Turno Extracurricular<\/a> e <a href=\"https:\/\/redeicm.org.br\/purissimo\/cursos-extras-do-colegio-purissimo-rio-claro\/\" target=\"_blank\" rel=\"noopener\">Cursos Extras<\/a>, que ampliam ainda mais o desenvolvimento integral dos alunos.<\/p>\t\t\t\t\t\t\t\t<\/div>\n\t\t\t\t<\/div>\n\t\t\t\t\t<\/div>\n\t\t\t\t<\/div>\n\t\t\t\t<\/div>\n\t\t","protected":false},"excerpt":{"rendered":"<p>Duplo Diploma Col\u00e9gio Pur\u00edssimo em Rio Claro \ud83c\udfeb Duplo Diploma Col\u00e9gio Pur\u00edssimo em Rio Claro O Col\u00e9gio Pur\u00edssimo em Rio Claro oferece o Programa Duplo Diploma, uma oportunidade \u00fanica para os estudantes conquistarem uma forma\u00e7\u00e3o internacional bil\u00edngue, reconhecida por institui\u00e7\u00f5es de ensino em diversos pa\u00edses, especialmente nos Estados Unidos.Por meio dessa parceria educacional, o aluno [&hellip;]<\/p>\n","protected":false},"author":1,"featured_media":0,"parent":0,"menu_order":0,"comment_status":"closed","ping_status":"closed","template":"","meta":{"_acf_changed":false,"footnotes":""},"class_list":["post-914","page","type-page","status-publish","hentry"],"acf":[],"yoast_head":"<!-- This site is optimized with the Yoast SEO plugin v26.3 - https:\/\/yoast.com\/wordpress\/plugins\/seo\/ -->\n<title>Duplo Diploma - Col\u00e9gio Pur\u00edssimo Cora\u00e7\u00e3o de Maria | Rede ICM de educa\u00e7\u00e3o<\/title>\n<meta name=\"description\" content=\"Conhe\u00e7a o programa Duplo Diploma do Col\u00e9gio Pur\u00edssimo em Rio Claro! Uma forma\u00e7\u00e3o internacional que prepara estudantes para universidades no Brasil e no exterior, com excel\u00eancia bil\u00edngue e vis\u00e3o global.\" \/>\n<meta name=\"robots\" content=\"index, follow, max-snippet:-1, max-image-preview:large, max-video-preview:-1\" \/>\n<link rel=\"canonical\" href=\"https:\/\/redeicm.org.br\/purissimo\/duplo-diploma-colegio-purissimo-rio-claro\/\" \/>\n<meta property=\"og:locale\" content=\"pt_BR\" \/>\n<meta property=\"og:type\" content=\"article\" \/>\n<meta property=\"og:title\" content=\"Duplo Diploma - Col\u00e9gio Pur\u00edssimo Cora\u00e7\u00e3o de Maria | Rede ICM de educa\u00e7\u00e3o\" \/>\n<meta property=\"og:description\" content=\"Conhe\u00e7a o programa Duplo Diploma do Col\u00e9gio Pur\u00edssimo em Rio Claro! Uma forma\u00e7\u00e3o internacional que prepara estudantes para universidades no Brasil e no exterior, com excel\u00eancia bil\u00edngue e vis\u00e3o global.\" \/>\n<meta property=\"og:url\" content=\"https:\/\/redeicm.org.br\/purissimo\/duplo-diploma-colegio-purissimo-rio-claro\/\" \/>\n<meta property=\"og:site_name\" content=\"Col\u00e9gio Pur\u00edssimo Cora\u00e7\u00e3o de Maria | Rede ICM de educa\u00e7\u00e3o\" \/>\n<meta property=\"article:modified_time\" content=\"2025-11-04T19:00:14+00:00\" \/>\n<meta property=\"og:image\" content=\"https:\/\/redeicm.org.br\/purissimo\/wp-content\/uploads\/sites\/20\/2025\/11\/EFIGIE-ACADEMY-_-LOGO-HORIZONTAL-1.png\" \/>\n\t<meta property=\"og:image:width\" content=\"1920\" \/>\n\t<meta property=\"og:image:height\" content=\"1080\" \/>\n\t<meta property=\"og:image:type\" content=\"image\/png\" \/>\n<meta name=\"twitter:card\" content=\"summary_large_image\" \/>\n<meta name=\"twitter:label1\" content=\"Est. tempo de leitura\" \/>\n\t<meta name=\"twitter:data1\" content=\"4 minutos\" \/>\n<script type=\"application\/ld+json\" class=\"yoast-schema-graph\">{\"@context\":\"https:\/\/schema.org\",\"@graph\":[{\"@type\":\"WebPage\",\"@id\":\"https:\/\/redeicm.org.br\/purissimo\/duplo-diploma-colegio-purissimo-rio-claro\/\",\"url\":\"https:\/\/redeicm.org.br\/purissimo\/duplo-diploma-colegio-purissimo-rio-claro\/\",\"name\":\"Duplo Diploma - Col\u00e9gio Pur\u00edssimo Cora\u00e7\u00e3o de Maria | Rede ICM de educa\u00e7\u00e3o\",\"isPartOf\":{\"@id\":\"https:\/\/redeicm.org.br\/purissimo\/#website\"},\"primaryImageOfPage\":{\"@id\":\"https:\/\/redeicm.org.br\/purissimo\/duplo-diploma-colegio-purissimo-rio-claro\/#primaryimage\"},\"image\":{\"@id\":\"https:\/\/redeicm.org.br\/purissimo\/duplo-diploma-colegio-purissimo-rio-claro\/#primaryimage\"},\"thumbnailUrl\":\"https:\/\/redeicm.org.br\/purissimo\/wp-content\/uploads\/sites\/20\/2025\/11\/EFIGIE-ACADEMY-_-LOGO-HORIZONTAL-1-1024x576.png\",\"datePublished\":\"2025-05-26T12:59:58+00:00\",\"dateModified\":\"2025-11-04T19:00:14+00:00\",\"description\":\"Conhe\u00e7a o programa Duplo Diploma do Col\u00e9gio Pur\u00edssimo em Rio Claro! Uma forma\u00e7\u00e3o internacional que prepara estudantes para universidades no Brasil e no exterior, com excel\u00eancia bil\u00edngue e vis\u00e3o global.\",\"breadcrumb\":{\"@id\":\"https:\/\/redeicm.org.br\/purissimo\/duplo-diploma-colegio-purissimo-rio-claro\/#breadcrumb\"},\"inLanguage\":\"pt-BR\",\"potentialAction\":[{\"@type\":\"ReadAction\",\"target\":[\"https:\/\/redeicm.org.br\/purissimo\/duplo-diploma-colegio-purissimo-rio-claro\/\"]}]},{\"@type\":\"ImageObject\",\"inLanguage\":\"pt-BR\",\"@id\":\"https:\/\/redeicm.org.br\/purissimo\/duplo-diploma-colegio-purissimo-rio-claro\/#primaryimage\",\"url\":\"https:\/\/redeicm.org.br\/purissimo\/wp-content\/uploads\/sites\/20\/2025\/11\/EFIGIE-ACADEMY-_-LOGO-HORIZONTAL-1.png\",\"contentUrl\":\"https:\/\/redeicm.org.br\/purissimo\/wp-content\/uploads\/sites\/20\/2025\/11\/EFIGIE-ACADEMY-_-LOGO-HORIZONTAL-1.png\",\"width\":1920,\"height\":1080},{\"@type\":\"BreadcrumbList\",\"@id\":\"https:\/\/redeicm.org.br\/purissimo\/duplo-diploma-colegio-purissimo-rio-claro\/#breadcrumb\",\"itemListElement\":[{\"@type\":\"ListItem\",\"position\":1,\"name\":\"In\u00edcio\",\"item\":\"https:\/\/redeicm.org.br\/purissimo\/\"},{\"@type\":\"ListItem\",\"position\":2,\"name\":\"Duplo Diploma\"}]},{\"@type\":\"WebSite\",\"@id\":\"https:\/\/redeicm.org.br\/purissimo\/#website\",\"url\":\"https:\/\/redeicm.org.br\/purissimo\/\",\"name\":\"Col\u00e9gio Pur\u00edssimo Cora\u00e7\u00e3o de Maria | Rede ICM de educa\u00e7\u00e3o\",\"description\":\"\",\"publisher\":{\"@id\":\"https:\/\/redeicm.org.br\/purissimo\/#organization\"},\"potentialAction\":[{\"@type\":\"SearchAction\",\"target\":{\"@type\":\"EntryPoint\",\"urlTemplate\":\"https:\/\/redeicm.org.br\/purissimo\/?s={search_term_string}\"},\"query-input\":{\"@type\":\"PropertyValueSpecification\",\"valueRequired\":true,\"valueName\":\"search_term_string\"}}],\"inLanguage\":\"pt-BR\"},{\"@type\":\"Organization\",\"@id\":\"https:\/\/redeicm.org.br\/purissimo\/#organization\",\"name\":\"Col\u00e9gio Pur\u00edssimo Cora\u00e7\u00e3o de Maria | Rede ICM de educa\u00e7\u00e3o\",\"url\":\"https:\/\/redeicm.org.br\/purissimo\/\",\"logo\":{\"@type\":\"ImageObject\",\"inLanguage\":\"pt-BR\",\"@id\":\"https:\/\/redeicm.org.br\/purissimo\/#\/schema\/logo\/image\/\",\"url\":\"https:\/\/redeicm.org.br\/purissimo\/wp-content\/uploads\/sites\/20\/2024\/08\/ICM_Educacao_Purissimo-12-1024x450-1.webp\",\"contentUrl\":\"https:\/\/redeicm.org.br\/purissimo\/wp-content\/uploads\/sites\/20\/2024\/08\/ICM_Educacao_Purissimo-12-1024x450-1.webp\",\"width\":1024,\"height\":450,\"caption\":\"Col\u00e9gio Pur\u00edssimo Cora\u00e7\u00e3o de Maria | Rede ICM de educa\u00e7\u00e3o\"},\"image\":{\"@id\":\"https:\/\/redeicm.org.br\/purissimo\/#\/schema\/logo\/image\/\"}}]}<\/script>\n<!-- \/ Yoast SEO plugin. -->","yoast_head_json":{"title":"Duplo Diploma - Col\u00e9gio Pur\u00edssimo Cora\u00e7\u00e3o de Maria | Rede ICM de educa\u00e7\u00e3o","description":"Conhe\u00e7a o programa Duplo Diploma do Col\u00e9gio Pur\u00edssimo em Rio Claro! Uma forma\u00e7\u00e3o internacional que prepara estudantes para universidades no Brasil e no exterior, com excel\u00eancia bil\u00edngue e vis\u00e3o global.","robots":{"index":"index","follow":"follow","max-snippet":"max-snippet:-1","max-image-preview":"max-image-preview:large","max-video-preview":"max-video-preview:-1"},"canonical":"https:\/\/redeicm.org.br\/purissimo\/duplo-diploma-colegio-purissimo-rio-claro\/","og_locale":"pt_BR","og_type":"article","og_title":"Duplo Diploma - Col\u00e9gio Pur\u00edssimo Cora\u00e7\u00e3o de Maria | Rede ICM de educa\u00e7\u00e3o","og_description":"Conhe\u00e7a o programa Duplo Diploma do Col\u00e9gio Pur\u00edssimo em Rio Claro! Uma forma\u00e7\u00e3o internacional que prepara estudantes para universidades no Brasil e no exterior, com excel\u00eancia bil\u00edngue e vis\u00e3o global.","og_url":"https:\/\/redeicm.org.br\/purissimo\/duplo-diploma-colegio-purissimo-rio-claro\/","og_site_name":"Col\u00e9gio Pur\u00edssimo Cora\u00e7\u00e3o de Maria | Rede ICM de educa\u00e7\u00e3o","article_modified_time":"2025-11-04T19:00:14+00:00","og_image":[{"width":1920,"height":1080,"url":"https:\/\/redeicm.org.br\/purissimo\/wp-content\/uploads\/sites\/20\/2025\/11\/EFIGIE-ACADEMY-_-LOGO-HORIZONTAL-1.png","type":"image\/png"}],"twitter_card":"summary_large_image","twitter_misc":{"Est. tempo de leitura":"4 minutos"},"schema":{"@context":"https:\/\/schema.org","@graph":[{"@type":"WebPage","@id":"https:\/\/redeicm.org.br\/purissimo\/duplo-diploma-colegio-purissimo-rio-claro\/","url":"https:\/\/redeicm.org.br\/purissimo\/duplo-diploma-colegio-purissimo-rio-claro\/","name":"Duplo Diploma - Col\u00e9gio Pur\u00edssimo Cora\u00e7\u00e3o de Maria | Rede ICM de educa\u00e7\u00e3o","isPartOf":{"@id":"https:\/\/redeicm.org.br\/purissimo\/#website"},"primaryImageOfPage":{"@id":"https:\/\/redeicm.org.br\/purissimo\/duplo-diploma-colegio-purissimo-rio-claro\/#primaryimage"},"image":{"@id":"https:\/\/redeicm.org.br\/purissimo\/duplo-diploma-colegio-purissimo-rio-claro\/#primaryimage"},"thumbnailUrl":"https:\/\/redeicm.org.br\/purissimo\/wp-content\/uploads\/sites\/20\/2025\/11\/EFIGIE-ACADEMY-_-LOGO-HORIZONTAL-1-1024x576.png","datePublished":"2025-05-26T12:59:58+00:00","dateModified":"2025-11-04T19:00:14+00:00","description":"Conhe\u00e7a o programa Duplo Diploma do Col\u00e9gio Pur\u00edssimo em Rio Claro! Uma forma\u00e7\u00e3o internacional que prepara estudantes para universidades no Brasil e no exterior, com excel\u00eancia bil\u00edngue e vis\u00e3o global.","breadcrumb":{"@id":"https:\/\/redeicm.org.br\/purissimo\/duplo-diploma-colegio-purissimo-rio-claro\/#breadcrumb"},"inLanguage":"pt-BR","potentialAction":[{"@type":"ReadAction","target":["https:\/\/redeicm.org.br\/purissimo\/duplo-diploma-colegio-purissimo-rio-claro\/"]}]},{"@type":"ImageObject","inLanguage":"pt-BR","@id":"https:\/\/redeicm.org.br\/purissimo\/duplo-diploma-colegio-purissimo-rio-claro\/#primaryimage","url":"https:\/\/redeicm.org.br\/purissimo\/wp-content\/uploads\/sites\/20\/2025\/11\/EFIGIE-ACADEMY-_-LOGO-HORIZONTAL-1.png","contentUrl":"https:\/\/redeicm.org.br\/purissimo\/wp-content\/uploads\/sites\/20\/2025\/11\/EFIGIE-ACADEMY-_-LOGO-HORIZONTAL-1.png","width":1920,"height":1080},{"@type":"BreadcrumbList","@id":"https:\/\/redeicm.org.br\/purissimo\/duplo-diploma-colegio-purissimo-rio-claro\/#breadcrumb","itemListElement":[{"@type":"ListItem","position":1,"name":"In\u00edcio","item":"https:\/\/redeicm.org.br\/purissimo\/"},{"@type":"ListItem","position":2,"name":"Duplo Diploma"}]},{"@type":"WebSite","@id":"https:\/\/redeicm.org.br\/purissimo\/#website","url":"https:\/\/redeicm.org.br\/purissimo\/","name":"Col\u00e9gio Pur\u00edssimo Cora\u00e7\u00e3o de Maria | Rede ICM de educa\u00e7\u00e3o","description":"","publisher":{"@id":"https:\/\/redeicm.org.br\/purissimo\/#organization"},"potentialAction":[{"@type":"SearchAction","target":{"@type":"EntryPoint","urlTemplate":"https:\/\/redeicm.org.br\/purissimo\/?s={search_term_string}"},"query-input":{"@type":"PropertyValueSpecification","valueRequired":true,"valueName":"search_term_string"}}],"inLanguage":"pt-BR"},{"@type":"Organization","@id":"https:\/\/redeicm.org.br\/purissimo\/#organization","name":"Col\u00e9gio Pur\u00edssimo Cora\u00e7\u00e3o de Maria | Rede ICM de educa\u00e7\u00e3o","url":"https:\/\/redeicm.org.br\/purissimo\/","logo":{"@type":"ImageObject","inLanguage":"pt-BR","@id":"https:\/\/redeicm.org.br\/purissimo\/#\/schema\/logo\/image\/","url":"https:\/\/redeicm.org.br\/purissimo\/wp-content\/uploads\/sites\/20\/2024\/08\/ICM_Educacao_Purissimo-12-1024x450-1.webp","contentUrl":"https:\/\/redeicm.org.br\/purissimo\/wp-content\/uploads\/sites\/20\/2024\/08\/ICM_Educacao_Purissimo-12-1024x450-1.webp","width":1024,"height":450,"caption":"Col\u00e9gio Pur\u00edssimo Cora\u00e7\u00e3o de Maria | Rede ICM de educa\u00e7\u00e3o"},"image":{"@id":"https:\/\/redeicm.org.br\/purissimo\/#\/schema\/logo\/image\/"}}]}},"_links":{"self":[{"href":"https:\/\/redeicm.org.br\/purissimo\/wp-json\/wp\/v2\/pages\/914","targetHints":{"allow":["GET"]}}],"collection":[{"href":"https:\/\/redeicm.org.br\/purissimo\/wp-json\/wp\/v2\/pages"}],"about":[{"href":"https:\/\/redeicm.org.br\/purissimo\/wp-json\/wp\/v2\/types\/page"}],"author":[{"embeddable":true,"href":"https:\/\/redeicm.org.br\/purissimo\/wp-json\/wp\/v2\/users\/1"}],"replies":[{"embeddable":true,"href":"https:\/\/redeicm.org.br\/purissimo\/wp-json\/wp\/v2\/comments?post=914"}],"version-history":[{"count":24,"href":"https:\/\/redeicm.org.br\/purissimo\/wp-json\/wp\/v2\/pages\/914\/revisions"}],"predecessor-version":[{"id":5380,"href":"https:\/\/redeicm.org.br\/purissimo\/wp-json\/wp\/v2\/pages\/914\/revisions\/5380"}],"wp:attachment":[{"href":"https:\/\/redeicm.org.br\/purissimo\/wp-json\/wp\/v2\/media?parent=914"}],"curies":[{"name":"wp","href":"https:\/\/api.w.org\/{rel}","templated":true}]}}