{"id":860,"date":"2024-08-27T20:21:55","date_gmt":"2024-08-27T23:21:55","guid":{"rendered":"https:\/\/redeicm.org.br\/purissimo\/?page_id=860"},"modified":"2025-06-30T11:34:38","modified_gmt":"2025-06-30T14:34:38","slug":"uniforme","status":"publish","type":"page","link":"https:\/\/redeicm.org.br\/purissimo\/uniforme\/","title":{"rendered":"Uniforme"},"content":{"rendered":"\t\t<div data-elementor-type=\"wp-page\" data-elementor-id=\"860\" class=\"elementor elementor-860\" data-elementor-post-type=\"page\">\n\t\t\t\t<div class=\"elementor-element elementor-element-156bd9d e-flex e-con-boxed e-con e-parent\" data-id=\"156bd9d\" data-element_type=\"container\" data-e-type=\"container\" data-settings=\"{&quot;background_background&quot;:&quot;classic&quot;}\">\n\t\t\t\t\t<div class=\"e-con-inner\">\n\t\t\t\t<div class=\"elementor-element elementor-element-5a12a5d elementor-widget elementor-widget-heading\" data-id=\"5a12a5d\" data-element_type=\"widget\" data-e-type=\"widget\" data-widget_type=\"heading.default\">\n\t\t\t\t<div class=\"elementor-widget-container\">\n\t\t\t\t\t<h1 class=\"elementor-heading-title elementor-size-default\">Uniforme<\/h1>\t\t\t\t<\/div>\n\t\t\t\t<\/div>\n\t\t\t\t\t<\/div>\n\t\t\t\t<\/div>\n\t\t<div class=\"elementor-element elementor-element-e37722c e-flex e-con-boxed e-con e-parent\" data-id=\"e37722c\" data-element_type=\"container\" data-e-type=\"container\">\n\t\t\t\t\t<div class=\"e-con-inner\">\n\t\t\t\t<div class=\"elementor-element elementor-element-1163ab6 elementor-invisible elementor-widget elementor-widget-text-editor\" data-id=\"1163ab6\" data-element_type=\"widget\" data-e-type=\"widget\" data-settings=\"{&quot;_animation&quot;:&quot;fadeInUp&quot;}\" data-widget_type=\"text-editor.default\">\n\t\t\t\t<div class=\"elementor-widget-container\">\n\t\t\t\t\t\t\t\t\t<div><strong>Vestimentas permitidas:<\/strong><\/div><div>\u00a0<\/div><div><ul><li>\u2013 Cal\u00e7a jeans de qualquer tipo;<\/li><li>\u2013 Camiseta azul marinho e branca (manga curta, longa e regata) com logo estampado;<\/li><\/ul><\/div><div><p><em>Obs: As camisetas das gincanas tamb\u00e9m podem ser utilizadas;<\/em><\/p><\/div><div><ul><li><strong>\u2013 Meninos:<\/strong>\u00a0bermuda \u201cfuradinha\u201d e em tactel com logo estampado;<\/li><\/ul><\/div><div><ul><li><strong>\u2013 Meninas:<\/strong>\u00a0cal\u00e7as cors\u00e1rio e legging; saia e bermuda de Educa\u00e7\u00e3o F\u00edsica com logo e na cor azul marinho;<\/li><li><em>Uniforme de inverno:<\/em>\u00a0agasalho azul marinho e branco com logo estampado;<\/li><\/ul><\/div><div><ul><li><strong>\u2013 Cal\u00e7ados:<\/strong>\u00a0t\u00eanis e crocs.<\/li><\/ul><\/div><div>\u00a0<\/div><div>Os uniformes do Col\u00e9gio est\u00e3o dispon\u00edveis para compra nas malharias:<\/div><div>\u00a0<\/div><ul><li><strong>Bellatrix \u2013 Multimodas<\/strong>\u00a0\u2013 Av. 6, 338, entre ruas 4 e 5 \u2013 Centro \u2013 Rio Claro\/SP \u2013 19 3534-6045<\/li><li><strong>Maria Bonita e Lampi\u00e3o<\/strong>\u00a0\u2013 Rua 8, esquina da Avenida 14 \u2013 Santa Cruz \u2013 19 3525-6638<\/li><li><strong>Teresa Roupas Feitas<\/strong>\u00a0\u2013 Av. 40, 1180 \u2013 Vila Oper\u00e1ria \u2013 Rio Claro\/SP \u2013 19 3531-5341<\/li><\/ul><p>*Os uniformes precisam ter o selo de homologa\u00e7\u00e3o<\/p>\t\t\t\t\t\t\t\t<\/div>\n\t\t\t\t<\/div>\n\t\t\t\t<div class=\"elementor-element elementor-element-44cef8f elementor-skin-carousel elementor-arrows-yes elementor-widget elementor-widget-media-carousel\" data-id=\"44cef8f\" data-element_type=\"widget\" data-e-type=\"widget\" data-settings=\"{&quot;skin&quot;:&quot;carousel&quot;,&quot;effect&quot;:&quot;slide&quot;,&quot;show_arrows&quot;:&quot;yes&quot;,&quot;speed&quot;:500,&quot;autoplay&quot;:&quot;yes&quot;,&quot;autoplay_speed&quot;:5000,&quot;loop&quot;:&quot;yes&quot;,&quot;pause_on_hover&quot;:&quot;yes&quot;,&quot;pause_on_interaction&quot;:&quot;yes&quot;,&quot;space_between&quot;:{&quot;unit&quot;:&quot;px&quot;,&quot;size&quot;:10,&quot;sizes&quot;:[]},&quot;space_between_tablet&quot;:{&quot;unit&quot;:&quot;px&quot;,&quot;size&quot;:10,&quot;sizes&quot;:[]},&quot;space_between_mobile&quot;:{&quot;unit&quot;:&quot;px&quot;,&quot;size&quot;:10,&quot;sizes&quot;:[]}}\" data-widget_type=\"media-carousel.default\">\n\t\t\t\t<div class=\"elementor-widget-container\">\n\t\t\t\t\t\t\t\t\t<div class=\"elementor-swiper\">\n\t\t\t\t\t<div class=\"elementor-main-swiper swiper\" role=\"region\" aria-roledescription=\"carousel\" aria-label=\"Slides\">\n\t\t\t\t<div class=\"swiper-wrapper\">\n\t\t\t\t\t\t\t\t\t\t\t<div class=\"swiper-slide\" role=\"group\" aria-roledescription=\"slide\">\n\t\t\t\t\t\t\t\t\t<div class=\"elementor-carousel-image\" role=\"img\" aria-label=\"catalogo_uniformes_2024_pag_2-722x1024\" style=\"background-image: url(&#039;https:\/\/redeicm.org.br\/purissimo\/wp-content\/uploads\/sites\/20\/2024\/08\/catalogo_uniformes_2024_pag_2-722x1024-1.webp&#039;)\">\n\n\t\t\t\n\t\t\t\t\t<\/div>\n\t\t\t\t\t\t\t\t<\/div>\n\t\t\t\t\t\t\t\t\t\t\t<div class=\"swiper-slide\" role=\"group\" aria-roledescription=\"slide\">\n\t\t\t\t\t\t\t\t\t<div class=\"elementor-carousel-image\" role=\"img\" aria-label=\"catalogo_uniformes_2024_pag_3_v2-768x987\" style=\"background-image: url(&#039;https:\/\/redeicm.org.br\/purissimo\/wp-content\/uploads\/sites\/20\/2024\/08\/catalogo_uniformes_2024_pag_3_v2-768x987-1.webp&#039;)\">\n\n\t\t\t\n\t\t\t\t\t<\/div>\n\t\t\t\t\t\t\t\t<\/div>\n\t\t\t\t\t\t\t\t\t<\/div>\n\t\t\t\t\t\t\t\t\t\t\t\t\t\t\t<div class=\"elementor-swiper-button elementor-swiper-button-prev\" role=\"button\" tabindex=\"0\" aria-label=\"Anterior\">\n\t\t\t\t\t\t\t<svg aria-hidden=\"true\" class=\"e-font-icon-svg e-eicon-chevron-left\" viewBox=\"0 0 1000 1000\" xmlns=\"http:\/\/www.w3.org\/2000\/svg\"><path d=\"M646 125C629 125 613 133 604 142L308 442C296 454 292 471 292 487 292 504 296 521 308 533L604 854C617 867 629 875 646 875 663 875 679 871 692 858 704 846 713 829 713 812 713 796 708 779 692 767L438 487 692 225C700 217 708 204 708 187 708 171 704 154 692 142 675 129 663 125 646 125Z\"><\/path><\/svg>\t\t\t\t\t\t<\/div>\n\t\t\t\t\t\t<div class=\"elementor-swiper-button elementor-swiper-button-next\" role=\"button\" tabindex=\"0\" aria-label=\"Pr\u00f3ximo\">\n\t\t\t\t\t\t\t<svg aria-hidden=\"true\" class=\"e-font-icon-svg e-eicon-chevron-right\" viewBox=\"0 0 1000 1000\" xmlns=\"http:\/\/www.w3.org\/2000\/svg\"><path d=\"M696 533C708 521 713 504 713 487 713 471 708 454 696 446L400 146C388 133 375 125 354 125 338 125 325 129 313 142 300 154 292 171 292 187 292 204 296 221 308 233L563 492 304 771C292 783 288 800 288 817 288 833 296 850 308 863 321 871 338 875 354 875 371 875 388 867 400 854L696 533Z\"><\/path><\/svg>\t\t\t\t\t\t<\/div>\n\t\t\t\t\t\t\t\t\t\t\t\t\t\t\t\t\t<\/div>\n\t\t\t\t<\/div>\n\t\t\t\t\t\t\t\t<\/div>\n\t\t\t\t<\/div>\n\t\t\t\t\t<\/div>\n\t\t\t\t<\/div>\n\t\t\t\t<\/div>\n\t\t","protected":false},"excerpt":{"rendered":"<p>Uniforme Vestimentas permitidas:\u00a0 \u2013 Cal\u00e7a jeans de qualquer tipo; \u2013 Camiseta azul marinho e branca (manga curta, longa e regata) com logo estampado; Obs: As camisetas das gincanas tamb\u00e9m podem ser utilizadas; \u2013 Meninos:\u00a0bermuda \u201cfuradinha\u201d e em tactel com logo estampado; \u2013 Meninas:\u00a0cal\u00e7as cors\u00e1rio e legging; saia e bermuda de Educa\u00e7\u00e3o F\u00edsica com logo e [&hellip;]<\/p>\n","protected":false},"author":1,"featured_media":0,"parent":0,"menu_order":0,"comment_status":"closed","ping_status":"closed","template":"","meta":{"_acf_changed":false,"footnotes":""},"class_list":["post-860","page","type-page","status-publish","hentry"],"acf":[],"yoast_head":"<!-- This site is optimized with the Yoast SEO plugin v26.3 - https:\/\/yoast.com\/wordpress\/plugins\/seo\/ -->\n<title>Uniforme - Col\u00e9gio Pur\u00edssimo Cora\u00e7\u00e3o de Maria | Rede ICM de educa\u00e7\u00e3o<\/title>\n<meta name=\"robots\" content=\"index, follow, max-snippet:-1, max-image-preview:large, max-video-preview:-1\" \/>\n<link rel=\"canonical\" href=\"https:\/\/redeicm.org.br\/purissimo\/uniforme\/\" \/>\n<meta property=\"og:locale\" content=\"pt_BR\" \/>\n<meta property=\"og:type\" content=\"article\" \/>\n<meta property=\"og:title\" content=\"Uniforme - Col\u00e9gio Pur\u00edssimo Cora\u00e7\u00e3o de Maria | Rede ICM de educa\u00e7\u00e3o\" \/>\n<meta property=\"og:description\" content=\"Uniforme Vestimentas permitidas:\u00a0 \u2013 Cal\u00e7a jeans de qualquer tipo; \u2013 Camiseta azul marinho e branca (manga curta, longa e regata) com logo estampado; Obs: As camisetas das gincanas tamb\u00e9m podem ser utilizadas; \u2013 Meninos:\u00a0bermuda \u201cfuradinha\u201d e em tactel com logo estampado; \u2013 Meninas:\u00a0cal\u00e7as cors\u00e1rio e legging; saia e bermuda de Educa\u00e7\u00e3o F\u00edsica com logo e [&hellip;]\" \/>\n<meta property=\"og:url\" content=\"https:\/\/redeicm.org.br\/purissimo\/uniforme\/\" \/>\n<meta property=\"og:site_name\" content=\"Col\u00e9gio Pur\u00edssimo Cora\u00e7\u00e3o de Maria | Rede ICM de educa\u00e7\u00e3o\" \/>\n<meta property=\"article:modified_time\" content=\"2025-06-30T14:34:38+00:00\" \/>\n<meta name=\"twitter:card\" content=\"summary_large_image\" \/>\n<meta name=\"twitter:label1\" content=\"Est. tempo de leitura\" \/>\n\t<meta name=\"twitter:data1\" content=\"1 minuto\" \/>\n<script type=\"application\/ld+json\" class=\"yoast-schema-graph\">{\"@context\":\"https:\/\/schema.org\",\"@graph\":[{\"@type\":\"WebPage\",\"@id\":\"https:\/\/redeicm.org.br\/purissimo\/uniforme\/\",\"url\":\"https:\/\/redeicm.org.br\/purissimo\/uniforme\/\",\"name\":\"Uniforme - Col\u00e9gio Pur\u00edssimo Cora\u00e7\u00e3o de Maria | Rede ICM de educa\u00e7\u00e3o\",\"isPartOf\":{\"@id\":\"https:\/\/redeicm.org.br\/purissimo\/#website\"},\"datePublished\":\"2024-08-27T23:21:55+00:00\",\"dateModified\":\"2025-06-30T14:34:38+00:00\",\"breadcrumb\":{\"@id\":\"https:\/\/redeicm.org.br\/purissimo\/uniforme\/#breadcrumb\"},\"inLanguage\":\"pt-BR\",\"potentialAction\":[{\"@type\":\"ReadAction\",\"target\":[\"https:\/\/redeicm.org.br\/purissimo\/uniforme\/\"]}]},{\"@type\":\"BreadcrumbList\",\"@id\":\"https:\/\/redeicm.org.br\/purissimo\/uniforme\/#breadcrumb\",\"itemListElement\":[{\"@type\":\"ListItem\",\"position\":1,\"name\":\"In\u00edcio\",\"item\":\"https:\/\/redeicm.org.br\/purissimo\/\"},{\"@type\":\"ListItem\",\"position\":2,\"name\":\"Uniforme\"}]},{\"@type\":\"WebSite\",\"@id\":\"https:\/\/redeicm.org.br\/purissimo\/#website\",\"url\":\"https:\/\/redeicm.org.br\/purissimo\/\",\"name\":\"Col\u00e9gio Pur\u00edssimo Cora\u00e7\u00e3o de Maria | Rede ICM de educa\u00e7\u00e3o\",\"description\":\"\",\"publisher\":{\"@id\":\"https:\/\/redeicm.org.br\/purissimo\/#organization\"},\"potentialAction\":[{\"@type\":\"SearchAction\",\"target\":{\"@type\":\"EntryPoint\",\"urlTemplate\":\"https:\/\/redeicm.org.br\/purissimo\/?s={search_term_string}\"},\"query-input\":{\"@type\":\"PropertyValueSpecification\",\"valueRequired\":true,\"valueName\":\"search_term_string\"}}],\"inLanguage\":\"pt-BR\"},{\"@type\":\"Organization\",\"@id\":\"https:\/\/redeicm.org.br\/purissimo\/#organization\",\"name\":\"Col\u00e9gio Pur\u00edssimo Cora\u00e7\u00e3o de Maria | Rede ICM de educa\u00e7\u00e3o\",\"url\":\"https:\/\/redeicm.org.br\/purissimo\/\",\"logo\":{\"@type\":\"ImageObject\",\"inLanguage\":\"pt-BR\",\"@id\":\"https:\/\/redeicm.org.br\/purissimo\/#\/schema\/logo\/image\/\",\"url\":\"https:\/\/redeicm.org.br\/purissimo\/wp-content\/uploads\/sites\/20\/2024\/08\/ICM_Educacao_Purissimo-12-1024x450-1.webp\",\"contentUrl\":\"https:\/\/redeicm.org.br\/purissimo\/wp-content\/uploads\/sites\/20\/2024\/08\/ICM_Educacao_Purissimo-12-1024x450-1.webp\",\"width\":1024,\"height\":450,\"caption\":\"Col\u00e9gio Pur\u00edssimo Cora\u00e7\u00e3o de Maria | Rede ICM de educa\u00e7\u00e3o\"},\"image\":{\"@id\":\"https:\/\/redeicm.org.br\/purissimo\/#\/schema\/logo\/image\/\"}}]}<\/script>\n<!-- \/ Yoast SEO plugin. -->","yoast_head_json":{"title":"Uniforme - Col\u00e9gio Pur\u00edssimo Cora\u00e7\u00e3o de Maria | Rede ICM de educa\u00e7\u00e3o","robots":{"index":"index","follow":"follow","max-snippet":"max-snippet:-1","max-image-preview":"max-image-preview:large","max-video-preview":"max-video-preview:-1"},"canonical":"https:\/\/redeicm.org.br\/purissimo\/uniforme\/","og_locale":"pt_BR","og_type":"article","og_title":"Uniforme - Col\u00e9gio Pur\u00edssimo Cora\u00e7\u00e3o de Maria | Rede ICM de educa\u00e7\u00e3o","og_description":"Uniforme Vestimentas permitidas:\u00a0 \u2013 Cal\u00e7a jeans de qualquer tipo; \u2013 Camiseta azul marinho e branca (manga curta, longa e regata) com logo estampado; Obs: As camisetas das gincanas tamb\u00e9m podem ser utilizadas; \u2013 Meninos:\u00a0bermuda \u201cfuradinha\u201d e em tactel com logo estampado; \u2013 Meninas:\u00a0cal\u00e7as cors\u00e1rio e legging; saia e bermuda de Educa\u00e7\u00e3o F\u00edsica com logo e [&hellip;]","og_url":"https:\/\/redeicm.org.br\/purissimo\/uniforme\/","og_site_name":"Col\u00e9gio Pur\u00edssimo Cora\u00e7\u00e3o de Maria | Rede ICM de educa\u00e7\u00e3o","article_modified_time":"2025-06-30T14:34:38+00:00","twitter_card":"summary_large_image","twitter_misc":{"Est. tempo de leitura":"1 minuto"},"schema":{"@context":"https:\/\/schema.org","@graph":[{"@type":"WebPage","@id":"https:\/\/redeicm.org.br\/purissimo\/uniforme\/","url":"https:\/\/redeicm.org.br\/purissimo\/uniforme\/","name":"Uniforme - Col\u00e9gio Pur\u00edssimo Cora\u00e7\u00e3o de Maria | Rede ICM de educa\u00e7\u00e3o","isPartOf":{"@id":"https:\/\/redeicm.org.br\/purissimo\/#website"},"datePublished":"2024-08-27T23:21:55+00:00","dateModified":"2025-06-30T14:34:38+00:00","breadcrumb":{"@id":"https:\/\/redeicm.org.br\/purissimo\/uniforme\/#breadcrumb"},"inLanguage":"pt-BR","potentialAction":[{"@type":"ReadAction","target":["https:\/\/redeicm.org.br\/purissimo\/uniforme\/"]}]},{"@type":"BreadcrumbList","@id":"https:\/\/redeicm.org.br\/purissimo\/uniforme\/#breadcrumb","itemListElement":[{"@type":"ListItem","position":1,"name":"In\u00edcio","item":"https:\/\/redeicm.org.br\/purissimo\/"},{"@type":"ListItem","position":2,"name":"Uniforme"}]},{"@type":"WebSite","@id":"https:\/\/redeicm.org.br\/purissimo\/#website","url":"https:\/\/redeicm.org.br\/purissimo\/","name":"Col\u00e9gio Pur\u00edssimo Cora\u00e7\u00e3o de Maria | Rede ICM de educa\u00e7\u00e3o","description":"","publisher":{"@id":"https:\/\/redeicm.org.br\/purissimo\/#organization"},"potentialAction":[{"@type":"SearchAction","target":{"@type":"EntryPoint","urlTemplate":"https:\/\/redeicm.org.br\/purissimo\/?s={search_term_string}"},"query-input":{"@type":"PropertyValueSpecification","valueRequired":true,"valueName":"search_term_string"}}],"inLanguage":"pt-BR"},{"@type":"Organization","@id":"https:\/\/redeicm.org.br\/purissimo\/#organization","name":"Col\u00e9gio Pur\u00edssimo Cora\u00e7\u00e3o de Maria | Rede ICM de educa\u00e7\u00e3o","url":"https:\/\/redeicm.org.br\/purissimo\/","logo":{"@type":"ImageObject","inLanguage":"pt-BR","@id":"https:\/\/redeicm.org.br\/purissimo\/#\/schema\/logo\/image\/","url":"https:\/\/redeicm.org.br\/purissimo\/wp-content\/uploads\/sites\/20\/2024\/08\/ICM_Educacao_Purissimo-12-1024x450-1.webp","contentUrl":"https:\/\/redeicm.org.br\/purissimo\/wp-content\/uploads\/sites\/20\/2024\/08\/ICM_Educacao_Purissimo-12-1024x450-1.webp","width":1024,"height":450,"caption":"Col\u00e9gio Pur\u00edssimo Cora\u00e7\u00e3o de Maria | Rede ICM de educa\u00e7\u00e3o"},"image":{"@id":"https:\/\/redeicm.org.br\/purissimo\/#\/schema\/logo\/image\/"}}]}},"_links":{"self":[{"href":"https:\/\/redeicm.org.br\/purissimo\/wp-json\/wp\/v2\/pages\/860","targetHints":{"allow":["GET"]}}],"collection":[{"href":"https:\/\/redeicm.org.br\/purissimo\/wp-json\/wp\/v2\/pages"}],"about":[{"href":"https:\/\/redeicm.org.br\/purissimo\/wp-json\/wp\/v2\/types\/page"}],"author":[{"embeddable":true,"href":"https:\/\/redeicm.org.br\/purissimo\/wp-json\/wp\/v2\/users\/1"}],"replies":[{"embeddable":true,"href":"https:\/\/redeicm.org.br\/purissimo\/wp-json\/wp\/v2\/comments?post=860"}],"version-history":[{"count":13,"href":"https:\/\/redeicm.org.br\/purissimo\/wp-json\/wp\/v2\/pages\/860\/revisions"}],"predecessor-version":[{"id":1525,"href":"https:\/\/redeicm.org.br\/purissimo\/wp-json\/wp\/v2\/pages\/860\/revisions\/1525"}],"wp:attachment":[{"href":"https:\/\/redeicm.org.br\/purissimo\/wp-json\/wp\/v2\/media?parent=860"}],"curies":[{"name":"wp","href":"https:\/\/api.w.org\/{rel}","templated":true}]}}