{"id":760,"date":"2024-08-27T17:54:28","date_gmt":"2024-08-27T20:54:28","guid":{"rendered":"https:\/\/redeicm.org.br\/purissimo\/?page_id=760"},"modified":"2024-08-27T17:57:50","modified_gmt":"2024-08-27T20:57:50","slug":"casa-azul","status":"publish","type":"page","link":"https:\/\/redeicm.org.br\/purissimo\/casa-azul\/","title":{"rendered":"Casa Azul"},"content":{"rendered":"\t\t<div data-elementor-type=\"wp-page\" data-elementor-id=\"760\" class=\"elementor elementor-760\" data-elementor-post-type=\"page\">\n\t\t\t\t<div class=\"elementor-element elementor-element-4f6e8b2 e-flex e-con-boxed e-con e-parent\" data-id=\"4f6e8b2\" data-element_type=\"container\" data-e-type=\"container\" data-settings=\"{&quot;background_background&quot;:&quot;classic&quot;}\">\n\t\t\t\t\t<div class=\"e-con-inner\">\n\t\t\t\t<div class=\"elementor-element elementor-element-5d4c59e elementor-widget elementor-widget-heading\" data-id=\"5d4c59e\" data-element_type=\"widget\" data-e-type=\"widget\" data-widget_type=\"heading.default\">\n\t\t\t\t<div class=\"elementor-widget-container\">\n\t\t\t\t\t<h1 class=\"elementor-heading-title elementor-size-default\">Casa Azul<\/h1>\t\t\t\t<\/div>\n\t\t\t\t<\/div>\n\t\t\t\t\t<\/div>\n\t\t\t\t<\/div>\n\t\t<div class=\"elementor-element elementor-element-e0f95dc e-flex e-con-boxed e-con e-parent\" data-id=\"e0f95dc\" data-element_type=\"container\" data-e-type=\"container\">\n\t\t\t\t\t<div class=\"e-con-inner\">\n\t\t\t\t<div class=\"elementor-element elementor-element-a0f6e9c elementor-invisible elementor-widget elementor-widget-text-editor\" data-id=\"a0f6e9c\" data-element_type=\"widget\" data-e-type=\"widget\" data-settings=\"{&quot;_animation&quot;:&quot;fadeInUp&quot;}\" data-widget_type=\"text-editor.default\">\n\t\t\t\t<div class=\"elementor-widget-container\">\n\t\t\t\t\t\t\t\t\t<h2><strong>INSCRI\u00c7\u00c3O<\/strong><\/h2><p>A inscri\u00e7\u00e3o do aluno \u00e9 autom\u00e1tica ao ingresso no col\u00e9gio.<\/p><p>Cada aluno receber\u00e1 uma carteirinha de identifica\u00e7\u00e3o (que \u00e9 estritamente pessoal) e mediante sua apresenta\u00e7\u00e3o poder\u00e1 usufruir o que a biblioteca disp\u00f5e (empr\u00e9stimo, pesquisas, consultas\u2026)<\/p><p>\u00a0<\/p><h3><strong>HOR\u00c1RIO DE FUNCIONAMENTO<\/strong><\/h3><p>Segunda \u00e0 sexta, das 7h30 11h00 e das 12h30 \u00e0s 16h30.<\/p><p>\u00a0<\/p><h3><strong>EMPR\u00c9STIMOS E PENALIDADES<\/strong><\/h3><p>Cada aluno poder\u00e1 retirar um exemplar por vez, com prazo de 07 (sete) dias para a devolu\u00e7\u00e3o. O respons\u00e1vel deve ajudar o aluno no cumprimento do prazo de devolu\u00e7\u00e3o, pois como s\u00e3o pequenos muitas vezes apresentam dificuldade para entregar o livro na data correta.<\/p><h6>Consulte nosso\u00a0<a href=\"https:\/\/biblioteca.redeicm.org.br\/?q=&amp;for=LIVRE&amp;id_biblioteca=33\">CAT\u00c1LOGO ON-LINE<\/a>, e solicite o empr\u00e9stimo no balc\u00e3o de atendimento.<\/h6><p>Ser\u00e1 cobrada uma multa de R$ 1,00 (um real) por dia de atraso (incluindo s\u00e1bados e domingos).<\/p><p>Em caso de perda ou dano do material, o usu\u00e1rio dever\u00e1 substitu\u00ed-lo (exemplar id\u00eantico) e\/ou indenizar a biblioteca.<br \/>O empr\u00e9stimo somente ser\u00e1 efetuado com a apresenta\u00e7\u00e3o da carteirinha.<\/p><p>Em caso de atraso na devolu\u00e7\u00e3o do livro por motivo de doen\u00e7a, o respons\u00e1vel pelo aluno deve informar o motivo do atraso e a multa ser\u00e1 perdoada.<\/p>\t\t\t\t\t\t\t\t<\/div>\n\t\t\t\t<\/div>\n\t\t\t\t\t<\/div>\n\t\t\t\t<\/div>\n\t\t\t\t<\/div>\n\t\t","protected":false},"excerpt":{"rendered":"<p>Casa Azul INSCRI\u00c7\u00c3O A inscri\u00e7\u00e3o do aluno \u00e9 autom\u00e1tica ao ingresso no col\u00e9gio. Cada aluno receber\u00e1 uma carteirinha de identifica\u00e7\u00e3o (que \u00e9 estritamente pessoal) e mediante sua apresenta\u00e7\u00e3o poder\u00e1 usufruir o que a biblioteca disp\u00f5e (empr\u00e9stimo, pesquisas, consultas\u2026) \u00a0 HOR\u00c1RIO DE FUNCIONAMENTO Segunda \u00e0 sexta, das 7h30 11h00 e das 12h30 \u00e0s 16h30. \u00a0 EMPR\u00c9STIMOS [&hellip;]<\/p>\n","protected":false},"author":1,"featured_media":0,"parent":0,"menu_order":0,"comment_status":"closed","ping_status":"closed","template":"","meta":{"_acf_changed":false,"footnotes":""},"class_list":["post-760","page","type-page","status-publish","hentry"],"acf":[],"yoast_head":"<!-- This site is optimized with the Yoast SEO plugin v26.3 - https:\/\/yoast.com\/wordpress\/plugins\/seo\/ -->\n<title>Casa Azul - Col\u00e9gio Pur\u00edssimo Cora\u00e7\u00e3o de Maria | Rede ICM de educa\u00e7\u00e3o<\/title>\n<meta name=\"robots\" content=\"index, follow, max-snippet:-1, max-image-preview:large, max-video-preview:-1\" \/>\n<link rel=\"canonical\" href=\"https:\/\/redeicm.org.br\/purissimo\/casa-azul\/\" \/>\n<meta property=\"og:locale\" content=\"pt_BR\" \/>\n<meta property=\"og:type\" content=\"article\" \/>\n<meta property=\"og:title\" content=\"Casa Azul - Col\u00e9gio Pur\u00edssimo Cora\u00e7\u00e3o de Maria | Rede ICM de educa\u00e7\u00e3o\" \/>\n<meta property=\"og:description\" content=\"Casa Azul INSCRI\u00c7\u00c3O A inscri\u00e7\u00e3o do aluno \u00e9 autom\u00e1tica ao ingresso no col\u00e9gio. Cada aluno receber\u00e1 uma carteirinha de identifica\u00e7\u00e3o (que \u00e9 estritamente pessoal) e mediante sua apresenta\u00e7\u00e3o poder\u00e1 usufruir o que a biblioteca disp\u00f5e (empr\u00e9stimo, pesquisas, consultas\u2026) \u00a0 HOR\u00c1RIO DE FUNCIONAMENTO Segunda \u00e0 sexta, das 7h30 11h00 e das 12h30 \u00e0s 16h30. \u00a0 EMPR\u00c9STIMOS [&hellip;]\" \/>\n<meta property=\"og:url\" content=\"https:\/\/redeicm.org.br\/purissimo\/casa-azul\/\" \/>\n<meta property=\"og:site_name\" content=\"Col\u00e9gio Pur\u00edssimo Cora\u00e7\u00e3o de Maria | Rede ICM de educa\u00e7\u00e3o\" \/>\n<meta property=\"article:modified_time\" content=\"2024-08-27T20:57:50+00:00\" \/>\n<meta name=\"twitter:card\" content=\"summary_large_image\" \/>\n<meta name=\"twitter:label1\" content=\"Est. tempo de leitura\" \/>\n\t<meta name=\"twitter:data1\" content=\"1 minuto\" \/>\n<script type=\"application\/ld+json\" class=\"yoast-schema-graph\">{\"@context\":\"https:\/\/schema.org\",\"@graph\":[{\"@type\":\"WebPage\",\"@id\":\"https:\/\/redeicm.org.br\/purissimo\/casa-azul\/\",\"url\":\"https:\/\/redeicm.org.br\/purissimo\/casa-azul\/\",\"name\":\"Casa Azul - Col\u00e9gio Pur\u00edssimo Cora\u00e7\u00e3o de Maria | Rede ICM de educa\u00e7\u00e3o\",\"isPartOf\":{\"@id\":\"https:\/\/redeicm.org.br\/purissimo\/#website\"},\"datePublished\":\"2024-08-27T20:54:28+00:00\",\"dateModified\":\"2024-08-27T20:57:50+00:00\",\"breadcrumb\":{\"@id\":\"https:\/\/redeicm.org.br\/purissimo\/casa-azul\/#breadcrumb\"},\"inLanguage\":\"pt-BR\",\"potentialAction\":[{\"@type\":\"ReadAction\",\"target\":[\"https:\/\/redeicm.org.br\/purissimo\/casa-azul\/\"]}]},{\"@type\":\"BreadcrumbList\",\"@id\":\"https:\/\/redeicm.org.br\/purissimo\/casa-azul\/#breadcrumb\",\"itemListElement\":[{\"@type\":\"ListItem\",\"position\":1,\"name\":\"In\u00edcio\",\"item\":\"https:\/\/redeicm.org.br\/purissimo\/\"},{\"@type\":\"ListItem\",\"position\":2,\"name\":\"Casa Azul\"}]},{\"@type\":\"WebSite\",\"@id\":\"https:\/\/redeicm.org.br\/purissimo\/#website\",\"url\":\"https:\/\/redeicm.org.br\/purissimo\/\",\"name\":\"Col\u00e9gio Pur\u00edssimo Cora\u00e7\u00e3o de Maria | Rede ICM de educa\u00e7\u00e3o\",\"description\":\"\",\"publisher\":{\"@id\":\"https:\/\/redeicm.org.br\/purissimo\/#organization\"},\"potentialAction\":[{\"@type\":\"SearchAction\",\"target\":{\"@type\":\"EntryPoint\",\"urlTemplate\":\"https:\/\/redeicm.org.br\/purissimo\/?s={search_term_string}\"},\"query-input\":{\"@type\":\"PropertyValueSpecification\",\"valueRequired\":true,\"valueName\":\"search_term_string\"}}],\"inLanguage\":\"pt-BR\"},{\"@type\":\"Organization\",\"@id\":\"https:\/\/redeicm.org.br\/purissimo\/#organization\",\"name\":\"Col\u00e9gio Pur\u00edssimo Cora\u00e7\u00e3o de Maria | Rede ICM de educa\u00e7\u00e3o\",\"url\":\"https:\/\/redeicm.org.br\/purissimo\/\",\"logo\":{\"@type\":\"ImageObject\",\"inLanguage\":\"pt-BR\",\"@id\":\"https:\/\/redeicm.org.br\/purissimo\/#\/schema\/logo\/image\/\",\"url\":\"https:\/\/redeicm.org.br\/purissimo\/wp-content\/uploads\/sites\/20\/2024\/08\/ICM_Educacao_Purissimo-12-1024x450-1.webp\",\"contentUrl\":\"https:\/\/redeicm.org.br\/purissimo\/wp-content\/uploads\/sites\/20\/2024\/08\/ICM_Educacao_Purissimo-12-1024x450-1.webp\",\"width\":1024,\"height\":450,\"caption\":\"Col\u00e9gio Pur\u00edssimo Cora\u00e7\u00e3o de Maria | Rede ICM de educa\u00e7\u00e3o\"},\"image\":{\"@id\":\"https:\/\/redeicm.org.br\/purissimo\/#\/schema\/logo\/image\/\"}}]}<\/script>\n<!-- \/ Yoast SEO plugin. -->","yoast_head_json":{"title":"Casa Azul - Col\u00e9gio Pur\u00edssimo Cora\u00e7\u00e3o de Maria | Rede ICM de educa\u00e7\u00e3o","robots":{"index":"index","follow":"follow","max-snippet":"max-snippet:-1","max-image-preview":"max-image-preview:large","max-video-preview":"max-video-preview:-1"},"canonical":"https:\/\/redeicm.org.br\/purissimo\/casa-azul\/","og_locale":"pt_BR","og_type":"article","og_title":"Casa Azul - Col\u00e9gio Pur\u00edssimo Cora\u00e7\u00e3o de Maria | Rede ICM de educa\u00e7\u00e3o","og_description":"Casa Azul INSCRI\u00c7\u00c3O A inscri\u00e7\u00e3o do aluno \u00e9 autom\u00e1tica ao ingresso no col\u00e9gio. Cada aluno receber\u00e1 uma carteirinha de identifica\u00e7\u00e3o (que \u00e9 estritamente pessoal) e mediante sua apresenta\u00e7\u00e3o poder\u00e1 usufruir o que a biblioteca disp\u00f5e (empr\u00e9stimo, pesquisas, consultas\u2026) \u00a0 HOR\u00c1RIO DE FUNCIONAMENTO Segunda \u00e0 sexta, das 7h30 11h00 e das 12h30 \u00e0s 16h30. \u00a0 EMPR\u00c9STIMOS [&hellip;]","og_url":"https:\/\/redeicm.org.br\/purissimo\/casa-azul\/","og_site_name":"Col\u00e9gio Pur\u00edssimo Cora\u00e7\u00e3o de Maria | Rede ICM de educa\u00e7\u00e3o","article_modified_time":"2024-08-27T20:57:50+00:00","twitter_card":"summary_large_image","twitter_misc":{"Est. tempo de leitura":"1 minuto"},"schema":{"@context":"https:\/\/schema.org","@graph":[{"@type":"WebPage","@id":"https:\/\/redeicm.org.br\/purissimo\/casa-azul\/","url":"https:\/\/redeicm.org.br\/purissimo\/casa-azul\/","name":"Casa Azul - Col\u00e9gio Pur\u00edssimo Cora\u00e7\u00e3o de Maria | Rede ICM de educa\u00e7\u00e3o","isPartOf":{"@id":"https:\/\/redeicm.org.br\/purissimo\/#website"},"datePublished":"2024-08-27T20:54:28+00:00","dateModified":"2024-08-27T20:57:50+00:00","breadcrumb":{"@id":"https:\/\/redeicm.org.br\/purissimo\/casa-azul\/#breadcrumb"},"inLanguage":"pt-BR","potentialAction":[{"@type":"ReadAction","target":["https:\/\/redeicm.org.br\/purissimo\/casa-azul\/"]}]},{"@type":"BreadcrumbList","@id":"https:\/\/redeicm.org.br\/purissimo\/casa-azul\/#breadcrumb","itemListElement":[{"@type":"ListItem","position":1,"name":"In\u00edcio","item":"https:\/\/redeicm.org.br\/purissimo\/"},{"@type":"ListItem","position":2,"name":"Casa Azul"}]},{"@type":"WebSite","@id":"https:\/\/redeicm.org.br\/purissimo\/#website","url":"https:\/\/redeicm.org.br\/purissimo\/","name":"Col\u00e9gio Pur\u00edssimo Cora\u00e7\u00e3o de Maria | Rede ICM de educa\u00e7\u00e3o","description":"","publisher":{"@id":"https:\/\/redeicm.org.br\/purissimo\/#organization"},"potentialAction":[{"@type":"SearchAction","target":{"@type":"EntryPoint","urlTemplate":"https:\/\/redeicm.org.br\/purissimo\/?s={search_term_string}"},"query-input":{"@type":"PropertyValueSpecification","valueRequired":true,"valueName":"search_term_string"}}],"inLanguage":"pt-BR"},{"@type":"Organization","@id":"https:\/\/redeicm.org.br\/purissimo\/#organization","name":"Col\u00e9gio Pur\u00edssimo Cora\u00e7\u00e3o de Maria | Rede ICM de educa\u00e7\u00e3o","url":"https:\/\/redeicm.org.br\/purissimo\/","logo":{"@type":"ImageObject","inLanguage":"pt-BR","@id":"https:\/\/redeicm.org.br\/purissimo\/#\/schema\/logo\/image\/","url":"https:\/\/redeicm.org.br\/purissimo\/wp-content\/uploads\/sites\/20\/2024\/08\/ICM_Educacao_Purissimo-12-1024x450-1.webp","contentUrl":"https:\/\/redeicm.org.br\/purissimo\/wp-content\/uploads\/sites\/20\/2024\/08\/ICM_Educacao_Purissimo-12-1024x450-1.webp","width":1024,"height":450,"caption":"Col\u00e9gio Pur\u00edssimo Cora\u00e7\u00e3o de Maria | Rede ICM de educa\u00e7\u00e3o"},"image":{"@id":"https:\/\/redeicm.org.br\/purissimo\/#\/schema\/logo\/image\/"}}]}},"_links":{"self":[{"href":"https:\/\/redeicm.org.br\/purissimo\/wp-json\/wp\/v2\/pages\/760","targetHints":{"allow":["GET"]}}],"collection":[{"href":"https:\/\/redeicm.org.br\/purissimo\/wp-json\/wp\/v2\/pages"}],"about":[{"href":"https:\/\/redeicm.org.br\/purissimo\/wp-json\/wp\/v2\/types\/page"}],"author":[{"embeddable":true,"href":"https:\/\/redeicm.org.br\/purissimo\/wp-json\/wp\/v2\/users\/1"}],"replies":[{"embeddable":true,"href":"https:\/\/redeicm.org.br\/purissimo\/wp-json\/wp\/v2\/comments?post=760"}],"version-history":[{"count":4,"href":"https:\/\/redeicm.org.br\/purissimo\/wp-json\/wp\/v2\/pages\/760\/revisions"}],"predecessor-version":[{"id":764,"href":"https:\/\/redeicm.org.br\/purissimo\/wp-json\/wp\/v2\/pages\/760\/revisions\/764"}],"wp:attachment":[{"href":"https:\/\/redeicm.org.br\/purissimo\/wp-json\/wp\/v2\/media?parent=760"}],"curies":[{"name":"wp","href":"https:\/\/api.w.org\/{rel}","templated":true}]}}