{"id":726,"date":"2024-08-26T20:52:42","date_gmt":"2024-08-26T23:52:42","guid":{"rendered":"https:\/\/redeicm.org.br\/purissimo\/?page_id=726"},"modified":"2024-08-26T20:53:44","modified_gmt":"2024-08-26T23:53:44","slug":"material-didatico","status":"publish","type":"page","link":"https:\/\/redeicm.org.br\/purissimo\/material-didatico\/","title":{"rendered":"Material Did\u00e1tico"},"content":{"rendered":"\t\t<div data-elementor-type=\"wp-page\" data-elementor-id=\"726\" class=\"elementor elementor-726\" data-elementor-post-type=\"page\">\n\t\t\t\t<div class=\"elementor-element elementor-element-68db921 e-flex e-con-boxed e-con e-parent\" data-id=\"68db921\" data-element_type=\"container\" data-e-type=\"container\" data-settings=\"{&quot;background_background&quot;:&quot;classic&quot;}\">\n\t\t\t\t\t<div class=\"e-con-inner\">\n\t\t\t\t<div class=\"elementor-element elementor-element-6d69413 elementor-widget elementor-widget-heading\" data-id=\"6d69413\" data-element_type=\"widget\" data-e-type=\"widget\" data-widget_type=\"heading.default\">\n\t\t\t\t<div class=\"elementor-widget-container\">\n\t\t\t\t\t<h1 class=\"elementor-heading-title elementor-size-default\">Material Did\u00e1tico<\/h1>\t\t\t\t<\/div>\n\t\t\t\t<\/div>\n\t\t\t\t\t<\/div>\n\t\t\t\t<\/div>\n\t\t<div class=\"elementor-element elementor-element-0933a88 e-con-full e-flex e-con e-parent\" data-id=\"0933a88\" data-element_type=\"container\" data-e-type=\"container\">\n\t\t<div class=\"elementor-element elementor-element-008b205 e-flex e-con-boxed e-con e-child\" data-id=\"008b205\" data-element_type=\"container\" data-e-type=\"container\">\n\t\t\t\t\t<div class=\"e-con-inner\">\n\t\t\t\t<div class=\"elementor-element elementor-element-0e51daa elementor-invisible elementor-widget elementor-widget-text-editor\" data-id=\"0e51daa\" data-element_type=\"widget\" data-e-type=\"widget\" data-settings=\"{&quot;_animation&quot;:&quot;fadeInUp&quot;}\" data-widget_type=\"text-editor.default\">\n\t\t\t\t<div class=\"elementor-widget-container\">\n\t\t\t\t\t\t\t\t\t<h2><strong>EXTENSIVO<\/strong><\/h2><p>Curso Pr\u00e9-vestibular que prepara para os vestibulares mais importantes do pa\u00eds. O material utilizado \u00e9 o TETRA com carga hor\u00e1ria de 41 aulas semanais. Plant\u00f5es de todas as disciplinas e plant\u00f5es individualizados de Reda\u00e7\u00e3o.<\/p><ul><li>Portugu\u00eas: 06<\/li><li>Matem\u00e1tica: 06<\/li><li>Qu\u00edmica: 06<\/li><li>F\u00edsica: 06<\/li><li>Biologia: 06<\/li><li>Ingl\u00eas: 02<\/li><li>Hist\u00f3ria: 04<\/li><li>Geografia: 04<\/li><li>Filosofia: 01<\/li><\/ul><p>Total : 41 aulas semanais<\/p><p>\u00a0<\/p><h2><strong>MATERIAL DID\u00c1TICO \u2013 EXTENSIVO<\/strong><\/h2><p>4 Cadernos de sala, espec\u00edficos para Extensivo \u2013 Que tornam o estudo do aluno racionalmente organizado.<\/p><p>35 Livros \u2013 Cole\u00e7\u00e3o TETRA<\/p><ul><li>4 Portugu\u00eas<\/li><li>1 Interpreta\u00e7\u00e3o de Texto<\/li><li>1 Reda\u00e7\u00e3o<\/li><li>1 Ingl\u00eas<\/li><li>4 F\u00edsica<\/li><li>4 Qu\u00edmica<\/li><li>4 Biologia<\/li><li>4 Matem\u00e1tica<\/li><li>4 Geografia<\/li><li>4 Hist\u00f3ria<\/li><li>1 Matem\u00e1tica B\u00e1sica<\/li><li>1 Revis\u00e3o<\/li><li>1 An\u00e1lise das Obras Liter\u00e1rias \u2013 Fuvest &amp; Unicamp<\/li><li><strong>\u00a0M\u00f3dulo de Prepara\u00e7\u00e3o para o ENEM<\/strong><br \/><strong>+ de 24.000 exerc\u00edcios<\/strong><\/li><\/ul><p>\u00a0<\/p><h2><strong>MEDICINA<\/strong><\/h2><p>O aluno que cursar a Turma Medicina deve ter claro que ser\u00e1 um ano de muito trabalho e de entrega para um alvo maior: passar no concorrido vestibular de Medicina. \u00c9 necess\u00e1rio ter muita garra e total dedica\u00e7\u00e3o para suportar as press\u00f5es normais de quem faz uma op\u00e7\u00e3o t\u00e3o ambiciosa quanto essa.<br \/>O material utilizado \u00e9 o MEDICINA com carga hor\u00e1ria de 44 aulas semanais. Plant\u00f5es de todas as disciplinas e plant\u00f5es individualizados de Reda\u00e7\u00e3o.<\/p><p>Abaixo a quantidade de aulas por disciplina:<\/p><ul><li>Portugu\u00eas: 06<\/li><li>Matem\u00e1tica: 06<\/li><li>Qu\u00edmica: 07<\/li><li>F\u00edsica: 07<\/li><li>Biologia: 07<\/li><li>Ingl\u00eas: 02<\/li><li>Hist\u00f3ria: 04<\/li><li>Geografia: 04<\/li><li>Filosofia: 01<\/li><\/ul><p>Total: 44 aulas semanais<\/p><p>\u00a0<\/p><h2><strong>MATERIAL DID\u00c1TICO \u2013 MEDICINA<\/strong><\/h2><p>4 Cadernos de sala, espec\u00edficos para Turma \u2013 Que tornam o estudo do aluno racionalmente organizado<br \/>35 Livros \u2013 Cole\u00e7\u00e3o MEDICINA<\/p><ul><li>4 Portugu\u00eas<\/li><li>1 Interpreta\u00e7\u00e3o de Texto<\/li><li>1 Reda\u00e7\u00e3o<\/li><li>1 Ingl\u00eas<\/li><li>4 F\u00edsica<\/li><li>4 Qu\u00edmica<\/li><li>4 Biologia<\/li><li>4 Matem\u00e1tica<\/li><li>4 Geografia<\/li><li>4 Hist\u00f3ria<\/li><li>1 Matem\u00e1tica B\u00e1sica<\/li><li>1 Revis\u00e3o<\/li><li>1 An\u00e1lise das Obras Liter\u00e1rias \u2013 Fuvest &amp; Unicamp<\/li><li><strong>1 M\u00f3dulo de Prepara\u00e7\u00e3o para o ENEM<\/strong><br \/><strong>+ de 24.000 exerc\u00edcios<\/strong><\/li><\/ul>\t\t\t\t\t\t\t\t<\/div>\n\t\t\t\t<\/div>\n\t\t\t\t\t<\/div>\n\t\t\t\t<\/div>\n\t\t\t\t<\/div>\n\t\t\t\t<\/div>\n\t\t","protected":false},"excerpt":{"rendered":"<p>Material Did\u00e1tico EXTENSIVO Curso Pr\u00e9-vestibular que prepara para os vestibulares mais importantes do pa\u00eds. O material utilizado \u00e9 o TETRA com carga hor\u00e1ria de 41 aulas semanais. Plant\u00f5es de todas as disciplinas e plant\u00f5es individualizados de Reda\u00e7\u00e3o. Portugu\u00eas: 06 Matem\u00e1tica: 06 Qu\u00edmica: 06 F\u00edsica: 06 Biologia: 06 Ingl\u00eas: 02 Hist\u00f3ria: 04 Geografia: 04 Filosofia: 01 [&hellip;]<\/p>\n","protected":false},"author":1,"featured_media":0,"parent":0,"menu_order":0,"comment_status":"closed","ping_status":"closed","template":"","meta":{"_acf_changed":false,"footnotes":""},"class_list":["post-726","page","type-page","status-publish","hentry"],"acf":[],"yoast_head":"<!-- This site is optimized with the Yoast SEO plugin v26.3 - https:\/\/yoast.com\/wordpress\/plugins\/seo\/ -->\n<title>Material Did\u00e1tico - Col\u00e9gio Pur\u00edssimo Cora\u00e7\u00e3o de Maria | Rede ICM de educa\u00e7\u00e3o<\/title>\n<meta name=\"robots\" content=\"index, follow, max-snippet:-1, max-image-preview:large, max-video-preview:-1\" \/>\n<link rel=\"canonical\" href=\"https:\/\/redeicm.org.br\/purissimo\/material-didatico\/\" \/>\n<meta property=\"og:locale\" content=\"pt_BR\" \/>\n<meta property=\"og:type\" content=\"article\" \/>\n<meta property=\"og:title\" content=\"Material Did\u00e1tico - Col\u00e9gio Pur\u00edssimo Cora\u00e7\u00e3o de Maria | Rede ICM de educa\u00e7\u00e3o\" \/>\n<meta property=\"og:description\" content=\"Material Did\u00e1tico EXTENSIVO Curso Pr\u00e9-vestibular que prepara para os vestibulares mais importantes do pa\u00eds. O material utilizado \u00e9 o TETRA com carga hor\u00e1ria de 41 aulas semanais. Plant\u00f5es de todas as disciplinas e plant\u00f5es individualizados de Reda\u00e7\u00e3o. Portugu\u00eas: 06 Matem\u00e1tica: 06 Qu\u00edmica: 06 F\u00edsica: 06 Biologia: 06 Ingl\u00eas: 02 Hist\u00f3ria: 04 Geografia: 04 Filosofia: 01 [&hellip;]\" \/>\n<meta property=\"og:url\" content=\"https:\/\/redeicm.org.br\/purissimo\/material-didatico\/\" \/>\n<meta property=\"og:site_name\" content=\"Col\u00e9gio Pur\u00edssimo Cora\u00e7\u00e3o de Maria | Rede ICM de educa\u00e7\u00e3o\" \/>\n<meta property=\"article:modified_time\" content=\"2024-08-26T23:53:44+00:00\" \/>\n<meta name=\"twitter:card\" content=\"summary_large_image\" \/>\n<meta name=\"twitter:label1\" content=\"Est. tempo de leitura\" \/>\n\t<meta name=\"twitter:data1\" content=\"2 minutos\" \/>\n<script type=\"application\/ld+json\" class=\"yoast-schema-graph\">{\"@context\":\"https:\/\/schema.org\",\"@graph\":[{\"@type\":\"WebPage\",\"@id\":\"https:\/\/redeicm.org.br\/purissimo\/material-didatico\/\",\"url\":\"https:\/\/redeicm.org.br\/purissimo\/material-didatico\/\",\"name\":\"Material Did\u00e1tico - Col\u00e9gio Pur\u00edssimo Cora\u00e7\u00e3o de Maria | Rede ICM de educa\u00e7\u00e3o\",\"isPartOf\":{\"@id\":\"https:\/\/redeicm.org.br\/purissimo\/#website\"},\"datePublished\":\"2024-08-26T23:52:42+00:00\",\"dateModified\":\"2024-08-26T23:53:44+00:00\",\"breadcrumb\":{\"@id\":\"https:\/\/redeicm.org.br\/purissimo\/material-didatico\/#breadcrumb\"},\"inLanguage\":\"pt-BR\",\"potentialAction\":[{\"@type\":\"ReadAction\",\"target\":[\"https:\/\/redeicm.org.br\/purissimo\/material-didatico\/\"]}]},{\"@type\":\"BreadcrumbList\",\"@id\":\"https:\/\/redeicm.org.br\/purissimo\/material-didatico\/#breadcrumb\",\"itemListElement\":[{\"@type\":\"ListItem\",\"position\":1,\"name\":\"In\u00edcio\",\"item\":\"https:\/\/redeicm.org.br\/purissimo\/\"},{\"@type\":\"ListItem\",\"position\":2,\"name\":\"Material Did\u00e1tico\"}]},{\"@type\":\"WebSite\",\"@id\":\"https:\/\/redeicm.org.br\/purissimo\/#website\",\"url\":\"https:\/\/redeicm.org.br\/purissimo\/\",\"name\":\"Col\u00e9gio Pur\u00edssimo Cora\u00e7\u00e3o de Maria | Rede ICM de educa\u00e7\u00e3o\",\"description\":\"\",\"publisher\":{\"@id\":\"https:\/\/redeicm.org.br\/purissimo\/#organization\"},\"potentialAction\":[{\"@type\":\"SearchAction\",\"target\":{\"@type\":\"EntryPoint\",\"urlTemplate\":\"https:\/\/redeicm.org.br\/purissimo\/?s={search_term_string}\"},\"query-input\":{\"@type\":\"PropertyValueSpecification\",\"valueRequired\":true,\"valueName\":\"search_term_string\"}}],\"inLanguage\":\"pt-BR\"},{\"@type\":\"Organization\",\"@id\":\"https:\/\/redeicm.org.br\/purissimo\/#organization\",\"name\":\"Col\u00e9gio Pur\u00edssimo Cora\u00e7\u00e3o de Maria | Rede ICM de educa\u00e7\u00e3o\",\"url\":\"https:\/\/redeicm.org.br\/purissimo\/\",\"logo\":{\"@type\":\"ImageObject\",\"inLanguage\":\"pt-BR\",\"@id\":\"https:\/\/redeicm.org.br\/purissimo\/#\/schema\/logo\/image\/\",\"url\":\"https:\/\/redeicm.org.br\/purissimo\/wp-content\/uploads\/sites\/20\/2024\/08\/ICM_Educacao_Purissimo-12-1024x450-1.webp\",\"contentUrl\":\"https:\/\/redeicm.org.br\/purissimo\/wp-content\/uploads\/sites\/20\/2024\/08\/ICM_Educacao_Purissimo-12-1024x450-1.webp\",\"width\":1024,\"height\":450,\"caption\":\"Col\u00e9gio Pur\u00edssimo Cora\u00e7\u00e3o de Maria | Rede ICM de educa\u00e7\u00e3o\"},\"image\":{\"@id\":\"https:\/\/redeicm.org.br\/purissimo\/#\/schema\/logo\/image\/\"}}]}<\/script>\n<!-- \/ Yoast SEO plugin. -->","yoast_head_json":{"title":"Material Did\u00e1tico - Col\u00e9gio Pur\u00edssimo Cora\u00e7\u00e3o de Maria | Rede ICM de educa\u00e7\u00e3o","robots":{"index":"index","follow":"follow","max-snippet":"max-snippet:-1","max-image-preview":"max-image-preview:large","max-video-preview":"max-video-preview:-1"},"canonical":"https:\/\/redeicm.org.br\/purissimo\/material-didatico\/","og_locale":"pt_BR","og_type":"article","og_title":"Material Did\u00e1tico - Col\u00e9gio Pur\u00edssimo Cora\u00e7\u00e3o de Maria | Rede ICM de educa\u00e7\u00e3o","og_description":"Material Did\u00e1tico EXTENSIVO Curso Pr\u00e9-vestibular que prepara para os vestibulares mais importantes do pa\u00eds. O material utilizado \u00e9 o TETRA com carga hor\u00e1ria de 41 aulas semanais. Plant\u00f5es de todas as disciplinas e plant\u00f5es individualizados de Reda\u00e7\u00e3o. Portugu\u00eas: 06 Matem\u00e1tica: 06 Qu\u00edmica: 06 F\u00edsica: 06 Biologia: 06 Ingl\u00eas: 02 Hist\u00f3ria: 04 Geografia: 04 Filosofia: 01 [&hellip;]","og_url":"https:\/\/redeicm.org.br\/purissimo\/material-didatico\/","og_site_name":"Col\u00e9gio Pur\u00edssimo Cora\u00e7\u00e3o de Maria | Rede ICM de educa\u00e7\u00e3o","article_modified_time":"2024-08-26T23:53:44+00:00","twitter_card":"summary_large_image","twitter_misc":{"Est. tempo de leitura":"2 minutos"},"schema":{"@context":"https:\/\/schema.org","@graph":[{"@type":"WebPage","@id":"https:\/\/redeicm.org.br\/purissimo\/material-didatico\/","url":"https:\/\/redeicm.org.br\/purissimo\/material-didatico\/","name":"Material Did\u00e1tico - Col\u00e9gio Pur\u00edssimo Cora\u00e7\u00e3o de Maria | Rede ICM de educa\u00e7\u00e3o","isPartOf":{"@id":"https:\/\/redeicm.org.br\/purissimo\/#website"},"datePublished":"2024-08-26T23:52:42+00:00","dateModified":"2024-08-26T23:53:44+00:00","breadcrumb":{"@id":"https:\/\/redeicm.org.br\/purissimo\/material-didatico\/#breadcrumb"},"inLanguage":"pt-BR","potentialAction":[{"@type":"ReadAction","target":["https:\/\/redeicm.org.br\/purissimo\/material-didatico\/"]}]},{"@type":"BreadcrumbList","@id":"https:\/\/redeicm.org.br\/purissimo\/material-didatico\/#breadcrumb","itemListElement":[{"@type":"ListItem","position":1,"name":"In\u00edcio","item":"https:\/\/redeicm.org.br\/purissimo\/"},{"@type":"ListItem","position":2,"name":"Material Did\u00e1tico"}]},{"@type":"WebSite","@id":"https:\/\/redeicm.org.br\/purissimo\/#website","url":"https:\/\/redeicm.org.br\/purissimo\/","name":"Col\u00e9gio Pur\u00edssimo Cora\u00e7\u00e3o de Maria | Rede ICM de educa\u00e7\u00e3o","description":"","publisher":{"@id":"https:\/\/redeicm.org.br\/purissimo\/#organization"},"potentialAction":[{"@type":"SearchAction","target":{"@type":"EntryPoint","urlTemplate":"https:\/\/redeicm.org.br\/purissimo\/?s={search_term_string}"},"query-input":{"@type":"PropertyValueSpecification","valueRequired":true,"valueName":"search_term_string"}}],"inLanguage":"pt-BR"},{"@type":"Organization","@id":"https:\/\/redeicm.org.br\/purissimo\/#organization","name":"Col\u00e9gio Pur\u00edssimo Cora\u00e7\u00e3o de Maria | Rede ICM de educa\u00e7\u00e3o","url":"https:\/\/redeicm.org.br\/purissimo\/","logo":{"@type":"ImageObject","inLanguage":"pt-BR","@id":"https:\/\/redeicm.org.br\/purissimo\/#\/schema\/logo\/image\/","url":"https:\/\/redeicm.org.br\/purissimo\/wp-content\/uploads\/sites\/20\/2024\/08\/ICM_Educacao_Purissimo-12-1024x450-1.webp","contentUrl":"https:\/\/redeicm.org.br\/purissimo\/wp-content\/uploads\/sites\/20\/2024\/08\/ICM_Educacao_Purissimo-12-1024x450-1.webp","width":1024,"height":450,"caption":"Col\u00e9gio Pur\u00edssimo Cora\u00e7\u00e3o de Maria | Rede ICM de educa\u00e7\u00e3o"},"image":{"@id":"https:\/\/redeicm.org.br\/purissimo\/#\/schema\/logo\/image\/"}}]}},"_links":{"self":[{"href":"https:\/\/redeicm.org.br\/purissimo\/wp-json\/wp\/v2\/pages\/726","targetHints":{"allow":["GET"]}}],"collection":[{"href":"https:\/\/redeicm.org.br\/purissimo\/wp-json\/wp\/v2\/pages"}],"about":[{"href":"https:\/\/redeicm.org.br\/purissimo\/wp-json\/wp\/v2\/types\/page"}],"author":[{"embeddable":true,"href":"https:\/\/redeicm.org.br\/purissimo\/wp-json\/wp\/v2\/users\/1"}],"replies":[{"embeddable":true,"href":"https:\/\/redeicm.org.br\/purissimo\/wp-json\/wp\/v2\/comments?post=726"}],"version-history":[{"count":4,"href":"https:\/\/redeicm.org.br\/purissimo\/wp-json\/wp\/v2\/pages\/726\/revisions"}],"predecessor-version":[{"id":730,"href":"https:\/\/redeicm.org.br\/purissimo\/wp-json\/wp\/v2\/pages\/726\/revisions\/730"}],"wp:attachment":[{"href":"https:\/\/redeicm.org.br\/purissimo\/wp-json\/wp\/v2\/media?parent=726"}],"curies":[{"name":"wp","href":"https:\/\/api.w.org\/{rel}","templated":true}]}}