{"id":712,"date":"2024-08-26T20:48:31","date_gmt":"2024-08-26T23:48:31","guid":{"rendered":"https:\/\/redeicm.org.br\/purissimo\/?page_id=712"},"modified":"2024-08-26T20:50:23","modified_gmt":"2024-08-26T23:50:23","slug":"pre-vestibular","status":"publish","type":"page","link":"https:\/\/redeicm.org.br\/purissimo\/pre-vestibular\/","title":{"rendered":"Pr\u00e9-Vestibular"},"content":{"rendered":"\t\t<div data-elementor-type=\"wp-page\" data-elementor-id=\"712\" class=\"elementor elementor-712\" data-elementor-post-type=\"page\">\n\t\t\t\t<div class=\"elementor-element elementor-element-05f3f1e e-flex e-con-boxed e-con e-parent\" data-id=\"05f3f1e\" data-element_type=\"container\" data-e-type=\"container\" data-settings=\"{&quot;background_background&quot;:&quot;classic&quot;}\">\n\t\t\t\t\t<div class=\"e-con-inner\">\n\t\t\t\t<div class=\"elementor-element elementor-element-bfb2975 elementor-widget elementor-widget-heading\" data-id=\"bfb2975\" data-element_type=\"widget\" data-e-type=\"widget\" data-widget_type=\"heading.default\">\n\t\t\t\t<div class=\"elementor-widget-container\">\n\t\t\t\t\t<h1 class=\"elementor-heading-title elementor-size-default\">Pr\u00e9-Vestibular<\/h1>\t\t\t\t<\/div>\n\t\t\t\t<\/div>\n\t\t\t\t\t<\/div>\n\t\t\t\t<\/div>\n\t\t<div class=\"elementor-element elementor-element-0a9ff34 e-con-full e-flex e-con e-parent\" data-id=\"0a9ff34\" data-element_type=\"container\" data-e-type=\"container\">\n\t\t<div class=\"elementor-element elementor-element-6c81dce e-flex e-con-boxed e-con e-child\" data-id=\"6c81dce\" data-element_type=\"container\" data-e-type=\"container\">\n\t\t\t\t\t<div class=\"e-con-inner\">\n\t\t\t\t<div class=\"elementor-element elementor-element-c4475a7 elementor-skin-carousel elementor-arrows-yes elementor-widget elementor-widget-media-carousel\" data-id=\"c4475a7\" data-element_type=\"widget\" data-e-type=\"widget\" data-settings=\"{&quot;skin&quot;:&quot;carousel&quot;,&quot;effect&quot;:&quot;slide&quot;,&quot;show_arrows&quot;:&quot;yes&quot;,&quot;speed&quot;:500,&quot;autoplay&quot;:&quot;yes&quot;,&quot;autoplay_speed&quot;:5000,&quot;loop&quot;:&quot;yes&quot;,&quot;pause_on_hover&quot;:&quot;yes&quot;,&quot;pause_on_interaction&quot;:&quot;yes&quot;,&quot;space_between&quot;:{&quot;unit&quot;:&quot;px&quot;,&quot;size&quot;:10,&quot;sizes&quot;:[]},&quot;space_between_tablet&quot;:{&quot;unit&quot;:&quot;px&quot;,&quot;size&quot;:10,&quot;sizes&quot;:[]},&quot;space_between_mobile&quot;:{&quot;unit&quot;:&quot;px&quot;,&quot;size&quot;:10,&quot;sizes&quot;:[]}}\" data-widget_type=\"media-carousel.default\">\n\t\t\t\t<div class=\"elementor-widget-container\">\n\t\t\t\t\t\t\t\t\t<div class=\"elementor-swiper\">\n\t\t\t\t\t<div class=\"elementor-main-swiper swiper\" role=\"region\" aria-roledescription=\"carousel\" aria-label=\"Slides\">\n\t\t\t\t<div class=\"swiper-wrapper\">\n\t\t\t\t\t\t\t\t\t\t\t<div class=\"swiper-slide\" role=\"group\" aria-roledescription=\"slide\">\n\t\t\t\t\t\t\t\t\t<div class=\"elementor-carousel-image\" role=\"img\" aria-label=\"RJ01-857411-min_optimized-350x350\" style=\"background-image: url(&#039;https:\/\/redeicm.org.br\/purissimo\/wp-content\/uploads\/sites\/20\/2024\/08\/RJ01-857411-min_optimized-350x350-1.webp&#039;)\">\n\n\t\t\t\n\t\t\t\t\t<\/div>\n\t\t\t\t\t\t\t\t<\/div>\n\t\t\t\t\t\t\t\t\t\t\t<div class=\"swiper-slide\" role=\"group\" aria-roledescription=\"slide\">\n\t\t\t\t\t\t\t\t\t<div class=\"elementor-carousel-image\" role=\"img\" aria-label=\"RJ01-8597-350x350\" style=\"background-image: url(&#039;https:\/\/redeicm.org.br\/purissimo\/wp-content\/uploads\/sites\/20\/2024\/08\/RJ01-8597-350x350-1.webp&#039;)\">\n\n\t\t\t\n\t\t\t\t\t<\/div>\n\t\t\t\t\t\t\t\t<\/div>\n\t\t\t\t\t\t\t\t\t<\/div>\n\t\t\t\t\t\t\t\t\t\t\t\t\t\t\t<div class=\"elementor-swiper-button elementor-swiper-button-prev\" role=\"button\" tabindex=\"0\" aria-label=\"Anterior\">\n\t\t\t\t\t\t\t<svg aria-hidden=\"true\" class=\"e-font-icon-svg e-eicon-chevron-left\" viewBox=\"0 0 1000 1000\" xmlns=\"http:\/\/www.w3.org\/2000\/svg\"><path d=\"M646 125C629 125 613 133 604 142L308 442C296 454 292 471 292 487 292 504 296 521 308 533L604 854C617 867 629 875 646 875 663 875 679 871 692 858 704 846 713 829 713 812 713 796 708 779 692 767L438 487 692 225C700 217 708 204 708 187 708 171 704 154 692 142 675 129 663 125 646 125Z\"><\/path><\/svg>\t\t\t\t\t\t<\/div>\n\t\t\t\t\t\t<div class=\"elementor-swiper-button elementor-swiper-button-next\" role=\"button\" tabindex=\"0\" aria-label=\"Pr\u00f3ximo\">\n\t\t\t\t\t\t\t<svg aria-hidden=\"true\" class=\"e-font-icon-svg e-eicon-chevron-right\" viewBox=\"0 0 1000 1000\" xmlns=\"http:\/\/www.w3.org\/2000\/svg\"><path d=\"M696 533C708 521 713 504 713 487 713 471 708 454 696 446L400 146C388 133 375 125 354 125 338 125 325 129 313 142 300 154 292 171 292 187 292 204 296 221 308 233L563 492 304 771C292 783 288 800 288 817 288 833 296 850 308 863 321 871 338 875 354 875 371 875 388 867 400 854L696 533Z\"><\/path><\/svg>\t\t\t\t\t\t<\/div>\n\t\t\t\t\t\t\t\t\t\t\t\t\t\t\t\t\t<\/div>\n\t\t\t\t<\/div>\n\t\t\t\t\t\t\t\t<\/div>\n\t\t\t\t<\/div>\n\t\t\t\t<div class=\"elementor-element elementor-element-2bfada9 elementor-invisible elementor-widget elementor-widget-text-editor\" data-id=\"2bfada9\" data-element_type=\"widget\" data-e-type=\"widget\" data-settings=\"{&quot;_animation&quot;:&quot;fadeInUp&quot;}\" data-widget_type=\"text-editor.default\">\n\t\t\t\t<div class=\"elementor-widget-container\">\n\t\t\t\t\t\t\t\t\t<p>Nosso pr\u00e9-vestibular trabalha com o comprometimento das principais aprova\u00e7\u00f5es nos diversos vestibulares do pa\u00eds.<\/p><p>Utilizando o material did\u00e1tico do Sistema de Ensino Poliedro, estabelecemos a excel\u00eancia acad\u00eamica necess\u00e1ria para preparar os alunos para os desafios das provas e, com professores qualificados, estabelecemos uma rela\u00e7\u00e3o de autoria e autonomia em rela\u00e7\u00e3o ao conhecimento, dando o suporte necess\u00e1rio para alcan\u00e7arem os objetivos.<\/p><p>O Curso, dividido em turmas Extensivo (Tetra) e Medicina, conta com mais de 40 aulas semanais, Plant\u00f5es de D\u00favidas de todas as Disciplinas com hor\u00e1rio fixo semanal, Corre\u00e7\u00e3o de Reda\u00e7\u00e3o Individualizada, Simulados ENEM e FUVEST, incluindo de 2 Fase, Salas Climatizadas com Blindagem Ac\u00fastica.<\/p><p>O novo andar destinado ao Pr\u00e9-Vestibular conta ainda com Banheiros com Chuveiro, Copa com Forno de Micro-ondas, Geladeira e Caf\u00e9, para melhor atender os alunos, muitos dos quais s\u00e3o oriundos de outras cidades.<\/p><p><strong>NOVIDADE<\/strong>: Para o ano de 2020 teremos, ainda, uma Psic\u00f3loga que estar\u00e1 \u00e0 disposi\u00e7\u00e3o dos alunos para orienta\u00e7\u00f5es e para ajudar a cuidar da Sa\u00fade Emocional, nessa \u00e9poca de estudos e escolhas.<\/p>\t\t\t\t\t\t\t\t<\/div>\n\t\t\t\t<\/div>\n\t\t\t\t\t<\/div>\n\t\t\t\t<\/div>\n\t\t\t\t<\/div>\n\t\t\t\t<\/div>\n\t\t","protected":false},"excerpt":{"rendered":"<p>Pr\u00e9-Vestibular Previous Next Nosso pr\u00e9-vestibular trabalha com o comprometimento das principais aprova\u00e7\u00f5es nos diversos vestibulares do pa\u00eds. Utilizando o material did\u00e1tico do Sistema de Ensino Poliedro, estabelecemos a excel\u00eancia acad\u00eamica necess\u00e1ria para preparar os alunos para os desafios das provas e, com professores qualificados, estabelecemos uma rela\u00e7\u00e3o de autoria e autonomia em rela\u00e7\u00e3o ao conhecimento, [&hellip;]<\/p>\n","protected":false},"author":1,"featured_media":0,"parent":0,"menu_order":0,"comment_status":"closed","ping_status":"closed","template":"","meta":{"_acf_changed":false,"footnotes":""},"class_list":["post-712","page","type-page","status-publish","hentry"],"acf":[],"yoast_head":"<!-- This site is optimized with the Yoast SEO plugin v26.3 - https:\/\/yoast.com\/wordpress\/plugins\/seo\/ -->\n<title>Pr\u00e9-Vestibular - Col\u00e9gio Pur\u00edssimo Cora\u00e7\u00e3o de Maria | Rede ICM de educa\u00e7\u00e3o<\/title>\n<meta name=\"robots\" content=\"index, follow, max-snippet:-1, max-image-preview:large, max-video-preview:-1\" \/>\n<link rel=\"canonical\" href=\"https:\/\/redeicm.org.br\/purissimo\/pre-vestibular\/\" \/>\n<meta property=\"og:locale\" content=\"pt_BR\" \/>\n<meta property=\"og:type\" content=\"article\" \/>\n<meta property=\"og:title\" content=\"Pr\u00e9-Vestibular - Col\u00e9gio Pur\u00edssimo Cora\u00e7\u00e3o de Maria | Rede ICM de educa\u00e7\u00e3o\" \/>\n<meta property=\"og:description\" content=\"Pr\u00e9-Vestibular Previous Next Nosso pr\u00e9-vestibular trabalha com o comprometimento das principais aprova\u00e7\u00f5es nos diversos vestibulares do pa\u00eds. Utilizando o material did\u00e1tico do Sistema de Ensino Poliedro, estabelecemos a excel\u00eancia acad\u00eamica necess\u00e1ria para preparar os alunos para os desafios das provas e, com professores qualificados, estabelecemos uma rela\u00e7\u00e3o de autoria e autonomia em rela\u00e7\u00e3o ao conhecimento, [&hellip;]\" \/>\n<meta property=\"og:url\" content=\"https:\/\/redeicm.org.br\/purissimo\/pre-vestibular\/\" \/>\n<meta property=\"og:site_name\" content=\"Col\u00e9gio Pur\u00edssimo Cora\u00e7\u00e3o de Maria | Rede ICM de educa\u00e7\u00e3o\" \/>\n<meta property=\"article:modified_time\" content=\"2024-08-26T23:50:23+00:00\" \/>\n<meta name=\"twitter:card\" content=\"summary_large_image\" \/>\n<meta name=\"twitter:label1\" content=\"Est. tempo de leitura\" \/>\n\t<meta name=\"twitter:data1\" content=\"1 minuto\" \/>\n<script type=\"application\/ld+json\" class=\"yoast-schema-graph\">{\"@context\":\"https:\/\/schema.org\",\"@graph\":[{\"@type\":\"WebPage\",\"@id\":\"https:\/\/redeicm.org.br\/purissimo\/pre-vestibular\/\",\"url\":\"https:\/\/redeicm.org.br\/purissimo\/pre-vestibular\/\",\"name\":\"Pr\u00e9-Vestibular - Col\u00e9gio Pur\u00edssimo Cora\u00e7\u00e3o de Maria | Rede ICM de educa\u00e7\u00e3o\",\"isPartOf\":{\"@id\":\"https:\/\/redeicm.org.br\/purissimo\/#website\"},\"datePublished\":\"2024-08-26T23:48:31+00:00\",\"dateModified\":\"2024-08-26T23:50:23+00:00\",\"breadcrumb\":{\"@id\":\"https:\/\/redeicm.org.br\/purissimo\/pre-vestibular\/#breadcrumb\"},\"inLanguage\":\"pt-BR\",\"potentialAction\":[{\"@type\":\"ReadAction\",\"target\":[\"https:\/\/redeicm.org.br\/purissimo\/pre-vestibular\/\"]}]},{\"@type\":\"BreadcrumbList\",\"@id\":\"https:\/\/redeicm.org.br\/purissimo\/pre-vestibular\/#breadcrumb\",\"itemListElement\":[{\"@type\":\"ListItem\",\"position\":1,\"name\":\"In\u00edcio\",\"item\":\"https:\/\/redeicm.org.br\/purissimo\/\"},{\"@type\":\"ListItem\",\"position\":2,\"name\":\"Pr\u00e9-Vestibular\"}]},{\"@type\":\"WebSite\",\"@id\":\"https:\/\/redeicm.org.br\/purissimo\/#website\",\"url\":\"https:\/\/redeicm.org.br\/purissimo\/\",\"name\":\"Col\u00e9gio Pur\u00edssimo Cora\u00e7\u00e3o de Maria | Rede ICM de educa\u00e7\u00e3o\",\"description\":\"\",\"publisher\":{\"@id\":\"https:\/\/redeicm.org.br\/purissimo\/#organization\"},\"potentialAction\":[{\"@type\":\"SearchAction\",\"target\":{\"@type\":\"EntryPoint\",\"urlTemplate\":\"https:\/\/redeicm.org.br\/purissimo\/?s={search_term_string}\"},\"query-input\":{\"@type\":\"PropertyValueSpecification\",\"valueRequired\":true,\"valueName\":\"search_term_string\"}}],\"inLanguage\":\"pt-BR\"},{\"@type\":\"Organization\",\"@id\":\"https:\/\/redeicm.org.br\/purissimo\/#organization\",\"name\":\"Col\u00e9gio Pur\u00edssimo Cora\u00e7\u00e3o de Maria | Rede ICM de educa\u00e7\u00e3o\",\"url\":\"https:\/\/redeicm.org.br\/purissimo\/\",\"logo\":{\"@type\":\"ImageObject\",\"inLanguage\":\"pt-BR\",\"@id\":\"https:\/\/redeicm.org.br\/purissimo\/#\/schema\/logo\/image\/\",\"url\":\"https:\/\/redeicm.org.br\/purissimo\/wp-content\/uploads\/sites\/20\/2024\/08\/ICM_Educacao_Purissimo-12-1024x450-1.webp\",\"contentUrl\":\"https:\/\/redeicm.org.br\/purissimo\/wp-content\/uploads\/sites\/20\/2024\/08\/ICM_Educacao_Purissimo-12-1024x450-1.webp\",\"width\":1024,\"height\":450,\"caption\":\"Col\u00e9gio Pur\u00edssimo Cora\u00e7\u00e3o de Maria | Rede ICM de educa\u00e7\u00e3o\"},\"image\":{\"@id\":\"https:\/\/redeicm.org.br\/purissimo\/#\/schema\/logo\/image\/\"}}]}<\/script>\n<!-- \/ Yoast SEO plugin. -->","yoast_head_json":{"title":"Pr\u00e9-Vestibular - Col\u00e9gio Pur\u00edssimo Cora\u00e7\u00e3o de Maria | Rede ICM de educa\u00e7\u00e3o","robots":{"index":"index","follow":"follow","max-snippet":"max-snippet:-1","max-image-preview":"max-image-preview:large","max-video-preview":"max-video-preview:-1"},"canonical":"https:\/\/redeicm.org.br\/purissimo\/pre-vestibular\/","og_locale":"pt_BR","og_type":"article","og_title":"Pr\u00e9-Vestibular - Col\u00e9gio Pur\u00edssimo Cora\u00e7\u00e3o de Maria | Rede ICM de educa\u00e7\u00e3o","og_description":"Pr\u00e9-Vestibular Previous Next Nosso pr\u00e9-vestibular trabalha com o comprometimento das principais aprova\u00e7\u00f5es nos diversos vestibulares do pa\u00eds. Utilizando o material did\u00e1tico do Sistema de Ensino Poliedro, estabelecemos a excel\u00eancia acad\u00eamica necess\u00e1ria para preparar os alunos para os desafios das provas e, com professores qualificados, estabelecemos uma rela\u00e7\u00e3o de autoria e autonomia em rela\u00e7\u00e3o ao conhecimento, [&hellip;]","og_url":"https:\/\/redeicm.org.br\/purissimo\/pre-vestibular\/","og_site_name":"Col\u00e9gio Pur\u00edssimo Cora\u00e7\u00e3o de Maria | Rede ICM de educa\u00e7\u00e3o","article_modified_time":"2024-08-26T23:50:23+00:00","twitter_card":"summary_large_image","twitter_misc":{"Est. tempo de leitura":"1 minuto"},"schema":{"@context":"https:\/\/schema.org","@graph":[{"@type":"WebPage","@id":"https:\/\/redeicm.org.br\/purissimo\/pre-vestibular\/","url":"https:\/\/redeicm.org.br\/purissimo\/pre-vestibular\/","name":"Pr\u00e9-Vestibular - Col\u00e9gio Pur\u00edssimo Cora\u00e7\u00e3o de Maria | Rede ICM de educa\u00e7\u00e3o","isPartOf":{"@id":"https:\/\/redeicm.org.br\/purissimo\/#website"},"datePublished":"2024-08-26T23:48:31+00:00","dateModified":"2024-08-26T23:50:23+00:00","breadcrumb":{"@id":"https:\/\/redeicm.org.br\/purissimo\/pre-vestibular\/#breadcrumb"},"inLanguage":"pt-BR","potentialAction":[{"@type":"ReadAction","target":["https:\/\/redeicm.org.br\/purissimo\/pre-vestibular\/"]}]},{"@type":"BreadcrumbList","@id":"https:\/\/redeicm.org.br\/purissimo\/pre-vestibular\/#breadcrumb","itemListElement":[{"@type":"ListItem","position":1,"name":"In\u00edcio","item":"https:\/\/redeicm.org.br\/purissimo\/"},{"@type":"ListItem","position":2,"name":"Pr\u00e9-Vestibular"}]},{"@type":"WebSite","@id":"https:\/\/redeicm.org.br\/purissimo\/#website","url":"https:\/\/redeicm.org.br\/purissimo\/","name":"Col\u00e9gio Pur\u00edssimo Cora\u00e7\u00e3o de Maria | Rede ICM de educa\u00e7\u00e3o","description":"","publisher":{"@id":"https:\/\/redeicm.org.br\/purissimo\/#organization"},"potentialAction":[{"@type":"SearchAction","target":{"@type":"EntryPoint","urlTemplate":"https:\/\/redeicm.org.br\/purissimo\/?s={search_term_string}"},"query-input":{"@type":"PropertyValueSpecification","valueRequired":true,"valueName":"search_term_string"}}],"inLanguage":"pt-BR"},{"@type":"Organization","@id":"https:\/\/redeicm.org.br\/purissimo\/#organization","name":"Col\u00e9gio Pur\u00edssimo Cora\u00e7\u00e3o de Maria | Rede ICM de educa\u00e7\u00e3o","url":"https:\/\/redeicm.org.br\/purissimo\/","logo":{"@type":"ImageObject","inLanguage":"pt-BR","@id":"https:\/\/redeicm.org.br\/purissimo\/#\/schema\/logo\/image\/","url":"https:\/\/redeicm.org.br\/purissimo\/wp-content\/uploads\/sites\/20\/2024\/08\/ICM_Educacao_Purissimo-12-1024x450-1.webp","contentUrl":"https:\/\/redeicm.org.br\/purissimo\/wp-content\/uploads\/sites\/20\/2024\/08\/ICM_Educacao_Purissimo-12-1024x450-1.webp","width":1024,"height":450,"caption":"Col\u00e9gio Pur\u00edssimo Cora\u00e7\u00e3o de Maria | Rede ICM de educa\u00e7\u00e3o"},"image":{"@id":"https:\/\/redeicm.org.br\/purissimo\/#\/schema\/logo\/image\/"}}]}},"_links":{"self":[{"href":"https:\/\/redeicm.org.br\/purissimo\/wp-json\/wp\/v2\/pages\/712","targetHints":{"allow":["GET"]}}],"collection":[{"href":"https:\/\/redeicm.org.br\/purissimo\/wp-json\/wp\/v2\/pages"}],"about":[{"href":"https:\/\/redeicm.org.br\/purissimo\/wp-json\/wp\/v2\/types\/page"}],"author":[{"embeddable":true,"href":"https:\/\/redeicm.org.br\/purissimo\/wp-json\/wp\/v2\/users\/1"}],"replies":[{"embeddable":true,"href":"https:\/\/redeicm.org.br\/purissimo\/wp-json\/wp\/v2\/comments?post=712"}],"version-history":[{"count":4,"href":"https:\/\/redeicm.org.br\/purissimo\/wp-json\/wp\/v2\/pages\/712\/revisions"}],"predecessor-version":[{"id":718,"href":"https:\/\/redeicm.org.br\/purissimo\/wp-json\/wp\/v2\/pages\/712\/revisions\/718"}],"wp:attachment":[{"href":"https:\/\/redeicm.org.br\/purissimo\/wp-json\/wp\/v2\/media?parent=712"}],"curies":[{"name":"wp","href":"https:\/\/api.w.org\/{rel}","templated":true}]}}