{"id":5309,"date":"2025-10-29T16:26:41","date_gmt":"2025-10-29T19:26:41","guid":{"rendered":"https:\/\/redeicm.org.br\/purissimo\/?page_id=5309"},"modified":"2025-10-29T16:26:41","modified_gmt":"2025-10-29T19:26:41","slug":"rumo-ao-6o-ano-uma-nova-etapa","status":"publish","type":"page","link":"https:\/\/redeicm.org.br\/purissimo\/rumo-ao-6o-ano-uma-nova-etapa\/","title":{"rendered":"Rumo ao 6\u00ba ano: Uma nova etapa!"},"content":{"rendered":"<p data-start=\"114\" data-end=\"396\">Os alunos dos 5\u00bas anos participaram de um momento especial conduzido pela Orientadora Educacional do EFAF, professora Janaina. O encontro teve como tema a transi\u00e7\u00e3o para o 6\u00ba ano em 2026\u00a0 uma etapa significativa no percurso escolar, marcada por novas experi\u00eancias e aprendizados.<\/p>\n<p data-start=\"398\" data-end=\"663\">A atividade proporcionou um ambiente acolhedor, no qual os estudantes puderam esclarecer d\u00favidas, compartilhar expectativas e compreender de forma mais profunda as mudan\u00e7as que acompanham essa nova fase, contribuindo para uma adapta\u00e7\u00e3o mais tranquila e confiante.<div id='gallery-1' class='gallery galleryid-5309 gallery-columns-3 gallery-size-thumbnail'><figure class='gallery-item'>\n\t\t\t<div class='gallery-icon landscape'>\n\t\t\t\t<a href='https:\/\/redeicm.org.br\/purissimo\/rumo-ao-6o-ano-uma-nova-etapa\/2-4\/'><img decoding=\"async\" width=\"150\" height=\"150\" src=\"https:\/\/redeicm.org.br\/purissimo\/wp-content\/uploads\/sites\/20\/2025\/10\/2-150x150.png\" class=\"attachment-thumbnail size-thumbnail\" alt=\"\" \/><\/a>\n\t\t\t<\/div><\/figure>\n\t\t<\/div>\n<\/p>\n","protected":false},"excerpt":{"rendered":"<p>Os alunos dos 5\u00bas anos participaram de um momento especial conduzido pela Orientadora Educacional do EFAF, professora Janaina. O encontro teve como tema a transi\u00e7\u00e3o para o 6\u00ba ano em 2026\u00a0 uma etapa significativa no percurso escolar, marcada por novas experi\u00eancias e aprendizados. A atividade proporcionou um ambiente acolhedor, no qual os estudantes puderam esclarecer [&hellip;]<\/p>\n","protected":false},"author":55,"featured_media":5311,"parent":0,"menu_order":0,"comment_status":"closed","ping_status":"closed","template":"","meta":{"_acf_changed":false,"footnotes":""},"class_list":["post-5309","page","type-page","status-publish","has-post-thumbnail","hentry"],"acf":[],"yoast_head":"<!-- This site is optimized with the Yoast SEO plugin v26.3 - https:\/\/yoast.com\/wordpress\/plugins\/seo\/ -->\n<title>Rumo ao 6\u00ba ano: Uma nova etapa! - Col\u00e9gio Pur\u00edssimo Cora\u00e7\u00e3o de Maria | Rede ICM de educa\u00e7\u00e3o<\/title>\n<meta name=\"robots\" content=\"index, follow, max-snippet:-1, max-image-preview:large, max-video-preview:-1\" \/>\n<link rel=\"canonical\" href=\"https:\/\/redeicm.org.br\/purissimo\/rumo-ao-6o-ano-uma-nova-etapa\/\" \/>\n<meta property=\"og:locale\" content=\"pt_BR\" \/>\n<meta property=\"og:type\" content=\"article\" \/>\n<meta property=\"og:title\" content=\"Rumo ao 6\u00ba ano: Uma nova etapa! - Col\u00e9gio Pur\u00edssimo Cora\u00e7\u00e3o de Maria | Rede ICM de educa\u00e7\u00e3o\" \/>\n<meta property=\"og:description\" content=\"Os alunos dos 5\u00bas anos participaram de um momento especial conduzido pela Orientadora Educacional do EFAF, professora Janaina. O encontro teve como tema a transi\u00e7\u00e3o para o 6\u00ba ano em 2026\u00a0 uma etapa significativa no percurso escolar, marcada por novas experi\u00eancias e aprendizados. A atividade proporcionou um ambiente acolhedor, no qual os estudantes puderam esclarecer [&hellip;]\" \/>\n<meta property=\"og:url\" content=\"https:\/\/redeicm.org.br\/purissimo\/rumo-ao-6o-ano-uma-nova-etapa\/\" \/>\n<meta property=\"og:site_name\" content=\"Col\u00e9gio Pur\u00edssimo Cora\u00e7\u00e3o de Maria | Rede ICM de educa\u00e7\u00e3o\" \/>\n<meta property=\"og:image\" content=\"https:\/\/redeicm.org.br\/purissimo\/wp-content\/uploads\/sites\/20\/2025\/10\/2.png\" \/>\n\t<meta property=\"og:image:width\" content=\"600\" \/>\n\t<meta property=\"og:image:height\" content=\"400\" \/>\n\t<meta property=\"og:image:type\" content=\"image\/png\" \/>\n<meta name=\"twitter:card\" content=\"summary_large_image\" \/>\n<meta name=\"twitter:label1\" content=\"Est. tempo de leitura\" \/>\n\t<meta name=\"twitter:data1\" content=\"1 minuto\" \/>\n<script type=\"application\/ld+json\" class=\"yoast-schema-graph\">{\"@context\":\"https:\/\/schema.org\",\"@graph\":[{\"@type\":\"WebPage\",\"@id\":\"https:\/\/redeicm.org.br\/purissimo\/rumo-ao-6o-ano-uma-nova-etapa\/\",\"url\":\"https:\/\/redeicm.org.br\/purissimo\/rumo-ao-6o-ano-uma-nova-etapa\/\",\"name\":\"Rumo ao 6\u00ba ano: Uma nova etapa! - Col\u00e9gio Pur\u00edssimo Cora\u00e7\u00e3o de Maria | Rede ICM de educa\u00e7\u00e3o\",\"isPartOf\":{\"@id\":\"https:\/\/redeicm.org.br\/purissimo\/#website\"},\"primaryImageOfPage\":{\"@id\":\"https:\/\/redeicm.org.br\/purissimo\/rumo-ao-6o-ano-uma-nova-etapa\/#primaryimage\"},\"image\":{\"@id\":\"https:\/\/redeicm.org.br\/purissimo\/rumo-ao-6o-ano-uma-nova-etapa\/#primaryimage\"},\"thumbnailUrl\":\"https:\/\/redeicm.org.br\/purissimo\/wp-content\/uploads\/sites\/20\/2025\/10\/2.png\",\"datePublished\":\"2025-10-29T19:26:41+00:00\",\"breadcrumb\":{\"@id\":\"https:\/\/redeicm.org.br\/purissimo\/rumo-ao-6o-ano-uma-nova-etapa\/#breadcrumb\"},\"inLanguage\":\"pt-BR\",\"potentialAction\":[{\"@type\":\"ReadAction\",\"target\":[\"https:\/\/redeicm.org.br\/purissimo\/rumo-ao-6o-ano-uma-nova-etapa\/\"]}]},{\"@type\":\"ImageObject\",\"inLanguage\":\"pt-BR\",\"@id\":\"https:\/\/redeicm.org.br\/purissimo\/rumo-ao-6o-ano-uma-nova-etapa\/#primaryimage\",\"url\":\"https:\/\/redeicm.org.br\/purissimo\/wp-content\/uploads\/sites\/20\/2025\/10\/2.png\",\"contentUrl\":\"https:\/\/redeicm.org.br\/purissimo\/wp-content\/uploads\/sites\/20\/2025\/10\/2.png\",\"width\":600,\"height\":400},{\"@type\":\"BreadcrumbList\",\"@id\":\"https:\/\/redeicm.org.br\/purissimo\/rumo-ao-6o-ano-uma-nova-etapa\/#breadcrumb\",\"itemListElement\":[{\"@type\":\"ListItem\",\"position\":1,\"name\":\"In\u00edcio\",\"item\":\"https:\/\/redeicm.org.br\/purissimo\/\"},{\"@type\":\"ListItem\",\"position\":2,\"name\":\"Rumo ao 6\u00ba ano: Uma nova etapa!\"}]},{\"@type\":\"WebSite\",\"@id\":\"https:\/\/redeicm.org.br\/purissimo\/#website\",\"url\":\"https:\/\/redeicm.org.br\/purissimo\/\",\"name\":\"Col\u00e9gio Pur\u00edssimo Cora\u00e7\u00e3o de Maria | Rede ICM de educa\u00e7\u00e3o\",\"description\":\"\",\"publisher\":{\"@id\":\"https:\/\/redeicm.org.br\/purissimo\/#organization\"},\"potentialAction\":[{\"@type\":\"SearchAction\",\"target\":{\"@type\":\"EntryPoint\",\"urlTemplate\":\"https:\/\/redeicm.org.br\/purissimo\/?s={search_term_string}\"},\"query-input\":{\"@type\":\"PropertyValueSpecification\",\"valueRequired\":true,\"valueName\":\"search_term_string\"}}],\"inLanguage\":\"pt-BR\"},{\"@type\":\"Organization\",\"@id\":\"https:\/\/redeicm.org.br\/purissimo\/#organization\",\"name\":\"Col\u00e9gio Pur\u00edssimo Cora\u00e7\u00e3o de Maria | Rede ICM de educa\u00e7\u00e3o\",\"url\":\"https:\/\/redeicm.org.br\/purissimo\/\",\"logo\":{\"@type\":\"ImageObject\",\"inLanguage\":\"pt-BR\",\"@id\":\"https:\/\/redeicm.org.br\/purissimo\/#\/schema\/logo\/image\/\",\"url\":\"https:\/\/redeicm.org.br\/purissimo\/wp-content\/uploads\/sites\/20\/2024\/08\/ICM_Educacao_Purissimo-12-1024x450-1.webp\",\"contentUrl\":\"https:\/\/redeicm.org.br\/purissimo\/wp-content\/uploads\/sites\/20\/2024\/08\/ICM_Educacao_Purissimo-12-1024x450-1.webp\",\"width\":1024,\"height\":450,\"caption\":\"Col\u00e9gio Pur\u00edssimo Cora\u00e7\u00e3o de Maria | Rede ICM de educa\u00e7\u00e3o\"},\"image\":{\"@id\":\"https:\/\/redeicm.org.br\/purissimo\/#\/schema\/logo\/image\/\"}}]}<\/script>\n<!-- \/ Yoast SEO plugin. -->","yoast_head_json":{"title":"Rumo ao 6\u00ba ano: Uma nova etapa! - Col\u00e9gio Pur\u00edssimo Cora\u00e7\u00e3o de Maria | Rede ICM de educa\u00e7\u00e3o","robots":{"index":"index","follow":"follow","max-snippet":"max-snippet:-1","max-image-preview":"max-image-preview:large","max-video-preview":"max-video-preview:-1"},"canonical":"https:\/\/redeicm.org.br\/purissimo\/rumo-ao-6o-ano-uma-nova-etapa\/","og_locale":"pt_BR","og_type":"article","og_title":"Rumo ao 6\u00ba ano: Uma nova etapa! - Col\u00e9gio Pur\u00edssimo Cora\u00e7\u00e3o de Maria | Rede ICM de educa\u00e7\u00e3o","og_description":"Os alunos dos 5\u00bas anos participaram de um momento especial conduzido pela Orientadora Educacional do EFAF, professora Janaina. O encontro teve como tema a transi\u00e7\u00e3o para o 6\u00ba ano em 2026\u00a0 uma etapa significativa no percurso escolar, marcada por novas experi\u00eancias e aprendizados. A atividade proporcionou um ambiente acolhedor, no qual os estudantes puderam esclarecer [&hellip;]","og_url":"https:\/\/redeicm.org.br\/purissimo\/rumo-ao-6o-ano-uma-nova-etapa\/","og_site_name":"Col\u00e9gio Pur\u00edssimo Cora\u00e7\u00e3o de Maria | Rede ICM de educa\u00e7\u00e3o","og_image":[{"width":600,"height":400,"url":"https:\/\/redeicm.org.br\/purissimo\/wp-content\/uploads\/sites\/20\/2025\/10\/2.png","type":"image\/png"}],"twitter_card":"summary_large_image","twitter_misc":{"Est. tempo de leitura":"1 minuto"},"schema":{"@context":"https:\/\/schema.org","@graph":[{"@type":"WebPage","@id":"https:\/\/redeicm.org.br\/purissimo\/rumo-ao-6o-ano-uma-nova-etapa\/","url":"https:\/\/redeicm.org.br\/purissimo\/rumo-ao-6o-ano-uma-nova-etapa\/","name":"Rumo ao 6\u00ba ano: Uma nova etapa! - Col\u00e9gio Pur\u00edssimo Cora\u00e7\u00e3o de Maria | Rede ICM de educa\u00e7\u00e3o","isPartOf":{"@id":"https:\/\/redeicm.org.br\/purissimo\/#website"},"primaryImageOfPage":{"@id":"https:\/\/redeicm.org.br\/purissimo\/rumo-ao-6o-ano-uma-nova-etapa\/#primaryimage"},"image":{"@id":"https:\/\/redeicm.org.br\/purissimo\/rumo-ao-6o-ano-uma-nova-etapa\/#primaryimage"},"thumbnailUrl":"https:\/\/redeicm.org.br\/purissimo\/wp-content\/uploads\/sites\/20\/2025\/10\/2.png","datePublished":"2025-10-29T19:26:41+00:00","breadcrumb":{"@id":"https:\/\/redeicm.org.br\/purissimo\/rumo-ao-6o-ano-uma-nova-etapa\/#breadcrumb"},"inLanguage":"pt-BR","potentialAction":[{"@type":"ReadAction","target":["https:\/\/redeicm.org.br\/purissimo\/rumo-ao-6o-ano-uma-nova-etapa\/"]}]},{"@type":"ImageObject","inLanguage":"pt-BR","@id":"https:\/\/redeicm.org.br\/purissimo\/rumo-ao-6o-ano-uma-nova-etapa\/#primaryimage","url":"https:\/\/redeicm.org.br\/purissimo\/wp-content\/uploads\/sites\/20\/2025\/10\/2.png","contentUrl":"https:\/\/redeicm.org.br\/purissimo\/wp-content\/uploads\/sites\/20\/2025\/10\/2.png","width":600,"height":400},{"@type":"BreadcrumbList","@id":"https:\/\/redeicm.org.br\/purissimo\/rumo-ao-6o-ano-uma-nova-etapa\/#breadcrumb","itemListElement":[{"@type":"ListItem","position":1,"name":"In\u00edcio","item":"https:\/\/redeicm.org.br\/purissimo\/"},{"@type":"ListItem","position":2,"name":"Rumo ao 6\u00ba ano: Uma nova etapa!"}]},{"@type":"WebSite","@id":"https:\/\/redeicm.org.br\/purissimo\/#website","url":"https:\/\/redeicm.org.br\/purissimo\/","name":"Col\u00e9gio Pur\u00edssimo Cora\u00e7\u00e3o de Maria | Rede ICM de educa\u00e7\u00e3o","description":"","publisher":{"@id":"https:\/\/redeicm.org.br\/purissimo\/#organization"},"potentialAction":[{"@type":"SearchAction","target":{"@type":"EntryPoint","urlTemplate":"https:\/\/redeicm.org.br\/purissimo\/?s={search_term_string}"},"query-input":{"@type":"PropertyValueSpecification","valueRequired":true,"valueName":"search_term_string"}}],"inLanguage":"pt-BR"},{"@type":"Organization","@id":"https:\/\/redeicm.org.br\/purissimo\/#organization","name":"Col\u00e9gio Pur\u00edssimo Cora\u00e7\u00e3o de Maria | Rede ICM de educa\u00e7\u00e3o","url":"https:\/\/redeicm.org.br\/purissimo\/","logo":{"@type":"ImageObject","inLanguage":"pt-BR","@id":"https:\/\/redeicm.org.br\/purissimo\/#\/schema\/logo\/image\/","url":"https:\/\/redeicm.org.br\/purissimo\/wp-content\/uploads\/sites\/20\/2024\/08\/ICM_Educacao_Purissimo-12-1024x450-1.webp","contentUrl":"https:\/\/redeicm.org.br\/purissimo\/wp-content\/uploads\/sites\/20\/2024\/08\/ICM_Educacao_Purissimo-12-1024x450-1.webp","width":1024,"height":450,"caption":"Col\u00e9gio Pur\u00edssimo Cora\u00e7\u00e3o de Maria | Rede ICM de educa\u00e7\u00e3o"},"image":{"@id":"https:\/\/redeicm.org.br\/purissimo\/#\/schema\/logo\/image\/"}}]}},"_links":{"self":[{"href":"https:\/\/redeicm.org.br\/purissimo\/wp-json\/wp\/v2\/pages\/5309","targetHints":{"allow":["GET"]}}],"collection":[{"href":"https:\/\/redeicm.org.br\/purissimo\/wp-json\/wp\/v2\/pages"}],"about":[{"href":"https:\/\/redeicm.org.br\/purissimo\/wp-json\/wp\/v2\/types\/page"}],"author":[{"embeddable":true,"href":"https:\/\/redeicm.org.br\/purissimo\/wp-json\/wp\/v2\/users\/55"}],"replies":[{"embeddable":true,"href":"https:\/\/redeicm.org.br\/purissimo\/wp-json\/wp\/v2\/comments?post=5309"}],"version-history":[{"count":1,"href":"https:\/\/redeicm.org.br\/purissimo\/wp-json\/wp\/v2\/pages\/5309\/revisions"}],"predecessor-version":[{"id":5312,"href":"https:\/\/redeicm.org.br\/purissimo\/wp-json\/wp\/v2\/pages\/5309\/revisions\/5312"}],"wp:featuredmedia":[{"embeddable":true,"href":"https:\/\/redeicm.org.br\/purissimo\/wp-json\/wp\/v2\/media\/5311"}],"wp:attachment":[{"href":"https:\/\/redeicm.org.br\/purissimo\/wp-json\/wp\/v2\/media?parent=5309"}],"curies":[{"name":"wp","href":"https:\/\/api.w.org\/{rel}","templated":true}]}}