{"id":441,"date":"2024-08-22T20:20:56","date_gmt":"2024-08-22T23:20:56","guid":{"rendered":"https:\/\/redeicm.org.br\/purissimo\/?page_id=441"},"modified":"2025-06-13T18:33:15","modified_gmt":"2025-06-13T21:33:15","slug":"sistema-de-ensino-poliedro","status":"publish","type":"page","link":"https:\/\/redeicm.org.br\/purissimo\/sistema-de-ensino-poliedro\/","title":{"rendered":"Sistema de Ensino Poliedro"},"content":{"rendered":"\t\t<div data-elementor-type=\"wp-page\" data-elementor-id=\"441\" class=\"elementor elementor-441\" data-elementor-post-type=\"page\">\n\t\t\t\t<div class=\"elementor-element elementor-element-21961576 e-flex e-con-boxed e-con e-parent\" data-id=\"21961576\" data-element_type=\"container\" data-e-type=\"container\" data-settings=\"{&quot;background_background&quot;:&quot;classic&quot;}\">\n\t\t\t\t\t<div class=\"e-con-inner\">\n\t\t\t\t<div class=\"elementor-element elementor-element-3bbe6c94 elementor-widget elementor-widget-heading\" data-id=\"3bbe6c94\" data-element_type=\"widget\" data-e-type=\"widget\" data-widget_type=\"heading.default\">\n\t\t\t\t<div class=\"elementor-widget-container\">\n\t\t\t\t\t<h1 class=\"elementor-heading-title elementor-size-default\">Sistema de Ensino Poliedro<\/h1>\t\t\t\t<\/div>\n\t\t\t\t<\/div>\n\t\t\t\t\t<\/div>\n\t\t\t\t<\/div>\n\t\t<div class=\"elementor-element elementor-element-23f4ab7 e-flex e-con-boxed e-con e-parent\" data-id=\"23f4ab7\" data-element_type=\"container\" data-e-type=\"container\">\n\t\t\t\t\t<div class=\"e-con-inner\">\n\t\t\t\t<div class=\"elementor-element elementor-element-dd5393e elementor-invisible elementor-widget elementor-widget-text-editor\" data-id=\"dd5393e\" data-element_type=\"widget\" data-e-type=\"widget\" data-settings=\"{&quot;_animation&quot;:&quot;fadeInUp&quot;}\" data-widget_type=\"text-editor.default\">\n\t\t\t\t<div class=\"elementor-widget-container\">\n\t\t\t\t\t\t\t\t\t<p>O Ensino M\u00e9dio do Col\u00e9gio Pur\u00edssimo adota o Sistema de Ensino Poliedro, um sistema forte e muito diferenciado.<\/p><p>O Poliedro iniciou suas atividades em 1993 para preparar os jovens para o ingresso nas melhores universidades do pa\u00eds. Com o desenvolvimento de um trabalho s\u00e9rio e direcionado e, consequentemente, com os sucessivos \u00eaxitos obtidos pelos alunos nos vestibulares, sentiu-se a necessidade de expandir os esfor\u00e7os, inaugurando a Unidade S\u00e3o Paulo em 2004.<\/p><p>Em 2008, o Col\u00e9gio Pur\u00edssimo inicia sua parceria com o Poliedro, apresentando um curso de alto desempenho, visando \u00e0 aprova\u00e7\u00e3o de seus alunos nas melhores universidades p\u00fablicas e privadas. O Ensino M\u00e9dio utiliza desde 2011 o Sistema de Ensino Poliedro e conta com a maior aprova\u00e7\u00e3o da cidade nos principais exames vestibulares.<\/p><p>Al\u00e9m de material did\u00e1tico denso reconhecido em todo o territ\u00f3rio nacional, o Sistema oferece ainda simulados com an\u00e1lise de dados via aplicativo (P+), livros f\u00edsicos e<br \/>digitais, banco de reda\u00e7\u00f5es, banco de quest\u00f5es, resolu\u00e7\u00f5es de vestibulares, entre outros, qualificando-se como um sistema de alto desempenho que atinge n\u00edveis alt\u00edssimos de aprova\u00e7\u00f5es, com muita inova\u00e7\u00e3o e compromisso com o aprendizado.<\/p><p>\u00a0<\/p><p><strong><a href=\"http:\/\/www.sistemapoliedro.com.br\/\" target=\"_blank\" rel=\"noopener\">www.sistemapoliedro.com.br<\/a><\/strong><\/p>\t\t\t\t\t\t\t\t<\/div>\n\t\t\t\t<\/div>\n\t\t\t\t\t<\/div>\n\t\t\t\t<\/div>\n\t\t\t\t<\/div>\n\t\t","protected":false},"excerpt":{"rendered":"<p>O Ensino M\u00e9dio do Col\u00e9gio Pur\u00edssimo adota o Sistema de Ensino Poliedro, um sistema forte e muito diferenciado. O Poliedro iniciou suas atividades em 1993 para preparar os jovens para o ingresso nas melhores universidades do pa\u00eds. Com o desenvolvimento de um trabalho s\u00e9rio e direcionado e, consequentemente, com os sucessivos \u00eaxitos obtidos pelos alunos [&hellip;]<\/p>\n","protected":false},"author":1,"featured_media":0,"parent":0,"menu_order":0,"comment_status":"closed","ping_status":"closed","template":"","meta":{"_acf_changed":false,"footnotes":""},"class_list":["post-441","page","type-page","status-publish","hentry"],"acf":[],"yoast_head":"<!-- This site is optimized with the Yoast SEO plugin v26.3 - https:\/\/yoast.com\/wordpress\/plugins\/seo\/ -->\n<title>Sistema de Ensino Poliedro - Col\u00e9gio Pur\u00edssimo Cora\u00e7\u00e3o de Maria | Rede ICM de educa\u00e7\u00e3o<\/title>\n<meta name=\"robots\" content=\"index, follow, max-snippet:-1, max-image-preview:large, max-video-preview:-1\" \/>\n<link rel=\"canonical\" href=\"https:\/\/redeicm.org.br\/purissimo\/sistema-de-ensino-poliedro\/\" \/>\n<meta property=\"og:locale\" content=\"pt_BR\" \/>\n<meta property=\"og:type\" content=\"article\" \/>\n<meta property=\"og:title\" content=\"Sistema de Ensino Poliedro - Col\u00e9gio Pur\u00edssimo Cora\u00e7\u00e3o de Maria | Rede ICM de educa\u00e7\u00e3o\" \/>\n<meta property=\"og:description\" content=\"O Ensino M\u00e9dio do Col\u00e9gio Pur\u00edssimo adota o Sistema de Ensino Poliedro, um sistema forte e muito diferenciado. O Poliedro iniciou suas atividades em 1993 para preparar os jovens para o ingresso nas melhores universidades do pa\u00eds. Com o desenvolvimento de um trabalho s\u00e9rio e direcionado e, consequentemente, com os sucessivos \u00eaxitos obtidos pelos alunos [&hellip;]\" \/>\n<meta property=\"og:url\" content=\"https:\/\/redeicm.org.br\/purissimo\/sistema-de-ensino-poliedro\/\" \/>\n<meta property=\"og:site_name\" content=\"Col\u00e9gio Pur\u00edssimo Cora\u00e7\u00e3o de Maria | Rede ICM de educa\u00e7\u00e3o\" \/>\n<meta property=\"article:modified_time\" content=\"2025-06-13T21:33:15+00:00\" \/>\n<meta name=\"twitter:card\" content=\"summary_large_image\" \/>\n<meta name=\"twitter:label1\" content=\"Est. tempo de leitura\" \/>\n\t<meta name=\"twitter:data1\" content=\"1 minuto\" \/>\n<script type=\"application\/ld+json\" class=\"yoast-schema-graph\">{\"@context\":\"https:\/\/schema.org\",\"@graph\":[{\"@type\":\"WebPage\",\"@id\":\"https:\/\/redeicm.org.br\/purissimo\/sistema-de-ensino-poliedro\/\",\"url\":\"https:\/\/redeicm.org.br\/purissimo\/sistema-de-ensino-poliedro\/\",\"name\":\"Sistema de Ensino Poliedro - Col\u00e9gio Pur\u00edssimo Cora\u00e7\u00e3o de Maria | Rede ICM de educa\u00e7\u00e3o\",\"isPartOf\":{\"@id\":\"https:\/\/redeicm.org.br\/purissimo\/#website\"},\"datePublished\":\"2024-08-22T23:20:56+00:00\",\"dateModified\":\"2025-06-13T21:33:15+00:00\",\"breadcrumb\":{\"@id\":\"https:\/\/redeicm.org.br\/purissimo\/sistema-de-ensino-poliedro\/#breadcrumb\"},\"inLanguage\":\"pt-BR\",\"potentialAction\":[{\"@type\":\"ReadAction\",\"target\":[\"https:\/\/redeicm.org.br\/purissimo\/sistema-de-ensino-poliedro\/\"]}]},{\"@type\":\"BreadcrumbList\",\"@id\":\"https:\/\/redeicm.org.br\/purissimo\/sistema-de-ensino-poliedro\/#breadcrumb\",\"itemListElement\":[{\"@type\":\"ListItem\",\"position\":1,\"name\":\"In\u00edcio\",\"item\":\"https:\/\/redeicm.org.br\/purissimo\/\"},{\"@type\":\"ListItem\",\"position\":2,\"name\":\"Sistema de Ensino Poliedro\"}]},{\"@type\":\"WebSite\",\"@id\":\"https:\/\/redeicm.org.br\/purissimo\/#website\",\"url\":\"https:\/\/redeicm.org.br\/purissimo\/\",\"name\":\"Col\u00e9gio Pur\u00edssimo Cora\u00e7\u00e3o de Maria | Rede ICM de educa\u00e7\u00e3o\",\"description\":\"\",\"publisher\":{\"@id\":\"https:\/\/redeicm.org.br\/purissimo\/#organization\"},\"potentialAction\":[{\"@type\":\"SearchAction\",\"target\":{\"@type\":\"EntryPoint\",\"urlTemplate\":\"https:\/\/redeicm.org.br\/purissimo\/?s={search_term_string}\"},\"query-input\":{\"@type\":\"PropertyValueSpecification\",\"valueRequired\":true,\"valueName\":\"search_term_string\"}}],\"inLanguage\":\"pt-BR\"},{\"@type\":\"Organization\",\"@id\":\"https:\/\/redeicm.org.br\/purissimo\/#organization\",\"name\":\"Col\u00e9gio Pur\u00edssimo Cora\u00e7\u00e3o de Maria | Rede ICM de educa\u00e7\u00e3o\",\"url\":\"https:\/\/redeicm.org.br\/purissimo\/\",\"logo\":{\"@type\":\"ImageObject\",\"inLanguage\":\"pt-BR\",\"@id\":\"https:\/\/redeicm.org.br\/purissimo\/#\/schema\/logo\/image\/\",\"url\":\"https:\/\/redeicm.org.br\/purissimo\/wp-content\/uploads\/sites\/20\/2024\/08\/ICM_Educacao_Purissimo-12-1024x450-1.webp\",\"contentUrl\":\"https:\/\/redeicm.org.br\/purissimo\/wp-content\/uploads\/sites\/20\/2024\/08\/ICM_Educacao_Purissimo-12-1024x450-1.webp\",\"width\":1024,\"height\":450,\"caption\":\"Col\u00e9gio Pur\u00edssimo Cora\u00e7\u00e3o de Maria | Rede ICM de educa\u00e7\u00e3o\"},\"image\":{\"@id\":\"https:\/\/redeicm.org.br\/purissimo\/#\/schema\/logo\/image\/\"}}]}<\/script>\n<!-- \/ Yoast SEO plugin. -->","yoast_head_json":{"title":"Sistema de Ensino Poliedro - Col\u00e9gio Pur\u00edssimo Cora\u00e7\u00e3o de Maria | Rede ICM de educa\u00e7\u00e3o","robots":{"index":"index","follow":"follow","max-snippet":"max-snippet:-1","max-image-preview":"max-image-preview:large","max-video-preview":"max-video-preview:-1"},"canonical":"https:\/\/redeicm.org.br\/purissimo\/sistema-de-ensino-poliedro\/","og_locale":"pt_BR","og_type":"article","og_title":"Sistema de Ensino Poliedro - Col\u00e9gio Pur\u00edssimo Cora\u00e7\u00e3o de Maria | Rede ICM de educa\u00e7\u00e3o","og_description":"O Ensino M\u00e9dio do Col\u00e9gio Pur\u00edssimo adota o Sistema de Ensino Poliedro, um sistema forte e muito diferenciado. O Poliedro iniciou suas atividades em 1993 para preparar os jovens para o ingresso nas melhores universidades do pa\u00eds. Com o desenvolvimento de um trabalho s\u00e9rio e direcionado e, consequentemente, com os sucessivos \u00eaxitos obtidos pelos alunos [&hellip;]","og_url":"https:\/\/redeicm.org.br\/purissimo\/sistema-de-ensino-poliedro\/","og_site_name":"Col\u00e9gio Pur\u00edssimo Cora\u00e7\u00e3o de Maria | Rede ICM de educa\u00e7\u00e3o","article_modified_time":"2025-06-13T21:33:15+00:00","twitter_card":"summary_large_image","twitter_misc":{"Est. tempo de leitura":"1 minuto"},"schema":{"@context":"https:\/\/schema.org","@graph":[{"@type":"WebPage","@id":"https:\/\/redeicm.org.br\/purissimo\/sistema-de-ensino-poliedro\/","url":"https:\/\/redeicm.org.br\/purissimo\/sistema-de-ensino-poliedro\/","name":"Sistema de Ensino Poliedro - Col\u00e9gio Pur\u00edssimo Cora\u00e7\u00e3o de Maria | Rede ICM de educa\u00e7\u00e3o","isPartOf":{"@id":"https:\/\/redeicm.org.br\/purissimo\/#website"},"datePublished":"2024-08-22T23:20:56+00:00","dateModified":"2025-06-13T21:33:15+00:00","breadcrumb":{"@id":"https:\/\/redeicm.org.br\/purissimo\/sistema-de-ensino-poliedro\/#breadcrumb"},"inLanguage":"pt-BR","potentialAction":[{"@type":"ReadAction","target":["https:\/\/redeicm.org.br\/purissimo\/sistema-de-ensino-poliedro\/"]}]},{"@type":"BreadcrumbList","@id":"https:\/\/redeicm.org.br\/purissimo\/sistema-de-ensino-poliedro\/#breadcrumb","itemListElement":[{"@type":"ListItem","position":1,"name":"In\u00edcio","item":"https:\/\/redeicm.org.br\/purissimo\/"},{"@type":"ListItem","position":2,"name":"Sistema de Ensino Poliedro"}]},{"@type":"WebSite","@id":"https:\/\/redeicm.org.br\/purissimo\/#website","url":"https:\/\/redeicm.org.br\/purissimo\/","name":"Col\u00e9gio Pur\u00edssimo Cora\u00e7\u00e3o de Maria | Rede ICM de educa\u00e7\u00e3o","description":"","publisher":{"@id":"https:\/\/redeicm.org.br\/purissimo\/#organization"},"potentialAction":[{"@type":"SearchAction","target":{"@type":"EntryPoint","urlTemplate":"https:\/\/redeicm.org.br\/purissimo\/?s={search_term_string}"},"query-input":{"@type":"PropertyValueSpecification","valueRequired":true,"valueName":"search_term_string"}}],"inLanguage":"pt-BR"},{"@type":"Organization","@id":"https:\/\/redeicm.org.br\/purissimo\/#organization","name":"Col\u00e9gio Pur\u00edssimo Cora\u00e7\u00e3o de Maria | Rede ICM de educa\u00e7\u00e3o","url":"https:\/\/redeicm.org.br\/purissimo\/","logo":{"@type":"ImageObject","inLanguage":"pt-BR","@id":"https:\/\/redeicm.org.br\/purissimo\/#\/schema\/logo\/image\/","url":"https:\/\/redeicm.org.br\/purissimo\/wp-content\/uploads\/sites\/20\/2024\/08\/ICM_Educacao_Purissimo-12-1024x450-1.webp","contentUrl":"https:\/\/redeicm.org.br\/purissimo\/wp-content\/uploads\/sites\/20\/2024\/08\/ICM_Educacao_Purissimo-12-1024x450-1.webp","width":1024,"height":450,"caption":"Col\u00e9gio Pur\u00edssimo Cora\u00e7\u00e3o de Maria | Rede ICM de educa\u00e7\u00e3o"},"image":{"@id":"https:\/\/redeicm.org.br\/purissimo\/#\/schema\/logo\/image\/"}}]}},"_links":{"self":[{"href":"https:\/\/redeicm.org.br\/purissimo\/wp-json\/wp\/v2\/pages\/441","targetHints":{"allow":["GET"]}}],"collection":[{"href":"https:\/\/redeicm.org.br\/purissimo\/wp-json\/wp\/v2\/pages"}],"about":[{"href":"https:\/\/redeicm.org.br\/purissimo\/wp-json\/wp\/v2\/types\/page"}],"author":[{"embeddable":true,"href":"https:\/\/redeicm.org.br\/purissimo\/wp-json\/wp\/v2\/users\/1"}],"replies":[{"embeddable":true,"href":"https:\/\/redeicm.org.br\/purissimo\/wp-json\/wp\/v2\/comments?post=441"}],"version-history":[{"count":16,"href":"https:\/\/redeicm.org.br\/purissimo\/wp-json\/wp\/v2\/pages\/441\/revisions"}],"predecessor-version":[{"id":1359,"href":"https:\/\/redeicm.org.br\/purissimo\/wp-json\/wp\/v2\/pages\/441\/revisions\/1359"}],"wp:attachment":[{"href":"https:\/\/redeicm.org.br\/purissimo\/wp-json\/wp\/v2\/media?parent=441"}],"curies":[{"name":"wp","href":"https:\/\/api.w.org\/{rel}","templated":true}]}}