{"id":431,"date":"2024-08-22T20:16:04","date_gmt":"2024-08-22T23:16:04","guid":{"rendered":"https:\/\/redeicm.org.br\/purissimo\/?page_id=431"},"modified":"2025-06-13T17:59:05","modified_gmt":"2025-06-13T20:59:05","slug":"novo-ensino-medio","status":"publish","type":"page","link":"https:\/\/redeicm.org.br\/purissimo\/novo-ensino-medio\/","title":{"rendered":"Novo Ensino M\u00e9dio"},"content":{"rendered":"\t\t<div data-elementor-type=\"wp-page\" data-elementor-id=\"431\" class=\"elementor elementor-431\" data-elementor-post-type=\"page\">\n\t\t\t\t<div class=\"elementor-element elementor-element-4ae772b0 e-flex e-con-boxed e-con e-parent\" data-id=\"4ae772b0\" data-element_type=\"container\" data-e-type=\"container\" data-settings=\"{&quot;background_background&quot;:&quot;classic&quot;}\">\n\t\t\t\t\t<div class=\"e-con-inner\">\n\t\t\t\t<div class=\"elementor-element elementor-element-9632edd elementor-widget elementor-widget-heading\" data-id=\"9632edd\" data-element_type=\"widget\" data-e-type=\"widget\" data-widget_type=\"heading.default\">\n\t\t\t\t<div class=\"elementor-widget-container\">\n\t\t\t\t\t<h1 class=\"elementor-heading-title elementor-size-default\">Novo Ensino M\u00e9dio<\/h1>\t\t\t\t<\/div>\n\t\t\t\t<\/div>\n\t\t\t\t\t<\/div>\n\t\t\t\t<\/div>\n\t\t<div class=\"elementor-element elementor-element-83bd9cf e-flex e-con-boxed e-con e-parent\" data-id=\"83bd9cf\" data-element_type=\"container\" data-e-type=\"container\">\n\t\t\t\t\t<div class=\"e-con-inner\">\n\t\t\t\t<div class=\"elementor-element elementor-element-8a1b5d7 elementor-invisible elementor-widget elementor-widget-text-editor\" data-id=\"8a1b5d7\" data-element_type=\"widget\" data-e-type=\"widget\" data-settings=\"{&quot;_animation&quot;:&quot;fadeInUp&quot;}\" data-widget_type=\"text-editor.default\">\n\t\t\t\t<div class=\"elementor-widget-container\">\n\t\t\t\t\t\t\t\t\t<p>A Lei n\u00ba 13.415\/2017 alterou a Lei de Diretrizes e Bases da Educa\u00e7\u00e3o Nacional e estabeleceu uma mudan\u00e7a na estrutura do ensino m\u00e9dio, ampliando o tempo m\u00ednimo do estudante na escola e definindo uma nova organiza\u00e7\u00e3o curricular, mais flex\u00edvel, que contemple uma Base Nacional Comum Curricular (BNCC) e a oferta de diferentes possibilidades de escolhas aos estudantes, os itiner\u00e1rios formativos, com foco nas \u00e1reas de conhecimento e na forma\u00e7\u00e3o t\u00e9cnica e profissional.<\/p><p>\u00a0<\/p><h2><strong>Itiner\u00e1rios Formativos<\/strong><\/h2><p>Os itiner\u00e1rios formativos s\u00e3o conjuntos de atividades, laborat\u00f3rios, grupos de estudo, est\u00e1gios e demais experi\u00eancias formativas, tendo como objetivo consolidar o conhecimento adquirido em sala e integr\u00e1-lo \u00e0 realidade fora da escola. Eles foram organizados levando-se em conta os eixos estruturantes, os quais delineiam a abordagem de cada itiner\u00e1rio, e est\u00e3o divididos em quatro categorias propostas pelo MEC:<\/p><p>\u00a0<\/p><h3><strong>EIXOS ESTRUTURANTES:<\/strong><\/h3><p>\u00a0<\/p><h4><strong>INVESTIGA\u00c7\u00c3O CIENT\u00cdFICA<\/strong><\/h4><p>Trabalha com o conhecimento sistematizado, atrav\u00e9s de pr\u00e1ticas e produ\u00e7\u00f5es cient\u00edficas e objetiva instigar a capacidade investigativa dos jovens, orientando na identifica\u00e7\u00e3o de fontes confi\u00e1veis e instruindo sobre a \u00e9tica no uso de dados.<\/p><p>\u00a0<\/p><h4><strong>MEDIA\u00c7\u00c3O E INTERVEN\u00c7\u00c3O CULTURAL<\/strong><\/h4><p>Articula projetos de mobiliza\u00e7\u00e3o e interven\u00e7\u00f5es ambientais\/culturais. Diante de um problema os alunos aprendem a elaborar planos de a\u00e7\u00e3o resolutivos e que previnam o desdobramento de novos conflitos. Compreender a relev\u00e2ncia de projetos sociais\/culturais, aprendendo a desenvolv\u00ea-los criando condi\u00e7\u00f5es para transformar realidades e expandir horizontes.<\/p><p>\u00a0<\/p><h4><strong>PROCESSOS CRIATIVOS<\/strong><\/h4><p>Provoca os alunos a elaborar solu\u00e7\u00f5es efetivas e inovadoras. Produtos, servi\u00e7os comunicacionais, interven\u00e7\u00f5es art\u00edsticas entre outros. Fomentar a capacidade de criar e executar resolu\u00e7\u00f5es criativas e funcionais.<\/p><p>\u00a0<\/p><h4><strong>EMPREENDEDORISMO<\/strong><\/h4><p>Identifica causas e \u00e1reas que onde os alunos gostariam de impactar com seu empreendimento e recebem suporte para desenvolv\u00ea-lo na perspectiva empresarial. Aprendem a analisar o mercado, identificar desafios, planejar testes, desenvolver capacidades de gest\u00e3o e a lapidar ideias iniciais at\u00e9 que se tornem mais atrativas e vantajosas.<\/p><p>O projeto inicial nacional do Novo Ensino M\u00e9dio previa um m\u00e1ximo de 1800 horas de Forma\u00e7\u00e3o Geral B\u00e1sica e um m\u00ednimo de 1200 horas de Itiner\u00e1rios Formativos. No ano de 2023 o projeto passou por an\u00e1lise nacional e nova avalia\u00e7\u00e3o do MEC, o qual prop\u00f4s altera\u00e7\u00f5es na distribui\u00e7\u00e3o da carga hor\u00e1ria total dessa etapa, passando a Forma\u00e7\u00e3o Geral B\u00e1sica para um m\u00e1ximo de 2400 horas e um m\u00ednimo de 600 horas de Itiner\u00e1rios Formativos.<\/p><p>\u00a0<\/p><h2><strong>Novo Ensino M\u00e9dio no Col\u00e9gio Pur\u00edssimo<\/strong><\/h2><p>Nosso Ensino M\u00e9dio conta com uma carga hor\u00e1ria bastante superior ao m\u00ednimo estabelecido, fazendo com que os alunos retornem para atividades em algumas tardes. Esse projeto de Novo Ensino M\u00e9dio trabalha com os 4 eixos estruturantes, al\u00e9m de uma carga consider\u00e1vel de Itiner\u00e1rios Proped\u00eauticos, os quais est\u00e3o acompanhados de simulados diversos externos (Sistema de Ensino Poliedro), para que possamos aferir, de maneira mais precisa, o real conhecimento adquirido por nossos alunos.<\/p><p>Todos os Itiner\u00e1rios Formativos possuem \u201cintencionalidade pedag\u00f3gica\u201d, ou seja, est\u00e3o colocados no projeto para que os alunos possam amarrar os conte\u00fados estudados, transformando-os em conhecimento.<\/p><p>Nossos professores e equipe de coordena\u00e7\u00e3o foram certificados pelo Sistema de Ensino Poliedro para o trabalho com o Novo Ensino M\u00e9dio, com forma\u00e7\u00f5es espec\u00edficas sobre o tema.<\/p><p>Al\u00e9m das mudan\u00e7as na matriz curricular, toda a metodologia de ensino foi reavaliada, utilizando-se nos itiner\u00e1rios as Metodologias Ativas de Aprendizagem. O processo avaliativo tamb\u00e9m foi modificado.<\/p><p>Nosso Processo Avaliativo do Ensino M\u00e9dio \u00e9 plural e, de fato, processual. Para a an\u00e1lise das notas dos alunos, levamos em conta Provas Oficiais, Pr\u00e1ticas de Laborat\u00f3rio e Atividades \u201cMaker\u201d, Simulados, Procedimentos Cotidianos, Atividades Avaliativas Diversas, Produ\u00e7\u00e3o Textual, Projetos Sociais, Olimp\u00edadas Cient\u00edficas, Empresa J\u00fanior Pur\u00edssimo, Esportes, Artes, entre outros.<\/p><p>Dessa forma, o aluno \u00e9 visto como um ser humano \u00fanico em forma\u00e7\u00e3o, com compet\u00eancias e habilidades que podem ser aprimoradas, sem deixar de lado sua identidade.<\/p><p>Projetos m\u00e3o-na-massa e pr\u00e1ticas experimentais realizadas nos Laborat\u00f3rios de Ci\u00eancias da Natureza potencializam o \u201csaber fazer\u201d, aplicando em atividades pr\u00e1ticas os conhecimentos adquiridos pelos alunos em itiner\u00e1rios formativos e em disciplinas de Forma\u00e7\u00e3o Geral B\u00e1sica. O Col\u00e9gio conta at\u00e9 com um programa de \u201cEmpresa J\u00fanior\u201d, na qual os alunos simulam uma verdadeira empresa e resolvem problemas pr\u00e1ticos com muita dedica\u00e7\u00e3o e criatividade.<\/p><p>Os Itiner\u00e1rios trabalham, ainda, com projetos pr\u00e1ticos que visam resolver problemas da comunidade interna e externa. Esses projetos j\u00e1 foram agraciados com importantes premia\u00e7\u00f5es, entre elas o \u201cPr\u00eamio Excel\u00eancia Poliedro\u201d, em diversas oportunidades, FEBRACE (Feira Brasileira de Ci\u00eancias e Engenharia), FEBIC (Feira Brasileira de Inicia\u00e7\u00e3o Cient\u00edfica), FEMIC (Feira Mineira de Inicia\u00e7\u00e3o Cient\u00edfica) e MOSTRATEC (Mostra Internacional de Ci\u00eancia e Tecnologia).<\/p><p>Na Terceira S\u00e9rie do Ensino M\u00e9dio a matriz curricular conta com 41 aulas semanais, incluindo \u201cForma\u00e7\u00e3o Geral B\u00e1sica\u201d e \u201cItiner\u00e1rios Proped\u00eauticos\u201d, os quais s\u00e3o acompanhados de simulados nos modelos ENEM, FUVEST, UNESP e UNICAMP, distribu\u00eddos durante todo o ano letivo, ajudando na forma\u00e7\u00e3o do aluno para o ingresso na vida Universit\u00e1ria. Nessa s\u00e9rie os alunos preparam-se para o ingresso nas melhores universidades, nacionais e internacionais.<\/p>\t\t\t\t\t\t\t\t<\/div>\n\t\t\t\t<\/div>\n\t\t\t\t\t<\/div>\n\t\t\t\t<\/div>\n\t\t\t\t<\/div>\n\t\t","protected":false},"excerpt":{"rendered":"<p>A Lei n\u00ba 13.415\/2017 alterou a Lei de Diretrizes e Bases da Educa\u00e7\u00e3o Nacional e estabeleceu uma mudan\u00e7a na estrutura do ensino m\u00e9dio, ampliando o tempo m\u00ednimo do estudante na escola e definindo uma nova organiza\u00e7\u00e3o curricular, mais flex\u00edvel, que contemple uma Base Nacional Comum Curricular (BNCC) e a oferta de diferentes possibilidades de escolhas [&hellip;]<\/p>\n","protected":false},"author":1,"featured_media":0,"parent":0,"menu_order":0,"comment_status":"closed","ping_status":"closed","template":"","meta":{"_acf_changed":false,"footnotes":""},"class_list":["post-431","page","type-page","status-publish","hentry"],"acf":[],"yoast_head":"<!-- This site is optimized with the Yoast SEO plugin v26.3 - https:\/\/yoast.com\/wordpress\/plugins\/seo\/ -->\n<title>Novo Ensino M\u00e9dio - Col\u00e9gio Pur\u00edssimo Cora\u00e7\u00e3o de Maria | Rede ICM de educa\u00e7\u00e3o<\/title>\n<meta name=\"robots\" content=\"index, follow, max-snippet:-1, max-image-preview:large, max-video-preview:-1\" \/>\n<link rel=\"canonical\" href=\"https:\/\/redeicm.org.br\/purissimo\/novo-ensino-medio\/\" \/>\n<meta property=\"og:locale\" content=\"pt_BR\" \/>\n<meta property=\"og:type\" content=\"article\" \/>\n<meta property=\"og:title\" content=\"Novo Ensino M\u00e9dio - Col\u00e9gio Pur\u00edssimo Cora\u00e7\u00e3o de Maria | Rede ICM de educa\u00e7\u00e3o\" \/>\n<meta property=\"og:description\" content=\"A Lei n\u00ba 13.415\/2017 alterou a Lei de Diretrizes e Bases da Educa\u00e7\u00e3o Nacional e estabeleceu uma mudan\u00e7a na estrutura do ensino m\u00e9dio, ampliando o tempo m\u00ednimo do estudante na escola e definindo uma nova organiza\u00e7\u00e3o curricular, mais flex\u00edvel, que contemple uma Base Nacional Comum Curricular (BNCC) e a oferta de diferentes possibilidades de escolhas [&hellip;]\" \/>\n<meta property=\"og:url\" content=\"https:\/\/redeicm.org.br\/purissimo\/novo-ensino-medio\/\" \/>\n<meta property=\"og:site_name\" content=\"Col\u00e9gio Pur\u00edssimo Cora\u00e7\u00e3o de Maria | Rede ICM de educa\u00e7\u00e3o\" \/>\n<meta property=\"article:modified_time\" content=\"2025-06-13T20:59:05+00:00\" \/>\n<meta name=\"twitter:card\" content=\"summary_large_image\" \/>\n<meta name=\"twitter:label1\" content=\"Est. tempo de leitura\" \/>\n\t<meta name=\"twitter:data1\" content=\"5 minutos\" \/>\n<script type=\"application\/ld+json\" class=\"yoast-schema-graph\">{\"@context\":\"https:\/\/schema.org\",\"@graph\":[{\"@type\":\"WebPage\",\"@id\":\"https:\/\/redeicm.org.br\/purissimo\/novo-ensino-medio\/\",\"url\":\"https:\/\/redeicm.org.br\/purissimo\/novo-ensino-medio\/\",\"name\":\"Novo Ensino M\u00e9dio - Col\u00e9gio Pur\u00edssimo Cora\u00e7\u00e3o de Maria | Rede ICM de educa\u00e7\u00e3o\",\"isPartOf\":{\"@id\":\"https:\/\/redeicm.org.br\/purissimo\/#website\"},\"datePublished\":\"2024-08-22T23:16:04+00:00\",\"dateModified\":\"2025-06-13T20:59:05+00:00\",\"breadcrumb\":{\"@id\":\"https:\/\/redeicm.org.br\/purissimo\/novo-ensino-medio\/#breadcrumb\"},\"inLanguage\":\"pt-BR\",\"potentialAction\":[{\"@type\":\"ReadAction\",\"target\":[\"https:\/\/redeicm.org.br\/purissimo\/novo-ensino-medio\/\"]}]},{\"@type\":\"BreadcrumbList\",\"@id\":\"https:\/\/redeicm.org.br\/purissimo\/novo-ensino-medio\/#breadcrumb\",\"itemListElement\":[{\"@type\":\"ListItem\",\"position\":1,\"name\":\"In\u00edcio\",\"item\":\"https:\/\/redeicm.org.br\/purissimo\/\"},{\"@type\":\"ListItem\",\"position\":2,\"name\":\"Novo Ensino M\u00e9dio\"}]},{\"@type\":\"WebSite\",\"@id\":\"https:\/\/redeicm.org.br\/purissimo\/#website\",\"url\":\"https:\/\/redeicm.org.br\/purissimo\/\",\"name\":\"Col\u00e9gio Pur\u00edssimo Cora\u00e7\u00e3o de Maria | Rede ICM de educa\u00e7\u00e3o\",\"description\":\"\",\"publisher\":{\"@id\":\"https:\/\/redeicm.org.br\/purissimo\/#organization\"},\"potentialAction\":[{\"@type\":\"SearchAction\",\"target\":{\"@type\":\"EntryPoint\",\"urlTemplate\":\"https:\/\/redeicm.org.br\/purissimo\/?s={search_term_string}\"},\"query-input\":{\"@type\":\"PropertyValueSpecification\",\"valueRequired\":true,\"valueName\":\"search_term_string\"}}],\"inLanguage\":\"pt-BR\"},{\"@type\":\"Organization\",\"@id\":\"https:\/\/redeicm.org.br\/purissimo\/#organization\",\"name\":\"Col\u00e9gio Pur\u00edssimo Cora\u00e7\u00e3o de Maria | Rede ICM de educa\u00e7\u00e3o\",\"url\":\"https:\/\/redeicm.org.br\/purissimo\/\",\"logo\":{\"@type\":\"ImageObject\",\"inLanguage\":\"pt-BR\",\"@id\":\"https:\/\/redeicm.org.br\/purissimo\/#\/schema\/logo\/image\/\",\"url\":\"https:\/\/redeicm.org.br\/purissimo\/wp-content\/uploads\/sites\/20\/2024\/08\/ICM_Educacao_Purissimo-12-1024x450-1.webp\",\"contentUrl\":\"https:\/\/redeicm.org.br\/purissimo\/wp-content\/uploads\/sites\/20\/2024\/08\/ICM_Educacao_Purissimo-12-1024x450-1.webp\",\"width\":1024,\"height\":450,\"caption\":\"Col\u00e9gio Pur\u00edssimo Cora\u00e7\u00e3o de Maria | Rede ICM de educa\u00e7\u00e3o\"},\"image\":{\"@id\":\"https:\/\/redeicm.org.br\/purissimo\/#\/schema\/logo\/image\/\"}}]}<\/script>\n<!-- \/ Yoast SEO plugin. -->","yoast_head_json":{"title":"Novo Ensino M\u00e9dio - Col\u00e9gio Pur\u00edssimo Cora\u00e7\u00e3o de Maria | Rede ICM de educa\u00e7\u00e3o","robots":{"index":"index","follow":"follow","max-snippet":"max-snippet:-1","max-image-preview":"max-image-preview:large","max-video-preview":"max-video-preview:-1"},"canonical":"https:\/\/redeicm.org.br\/purissimo\/novo-ensino-medio\/","og_locale":"pt_BR","og_type":"article","og_title":"Novo Ensino M\u00e9dio - Col\u00e9gio Pur\u00edssimo Cora\u00e7\u00e3o de Maria | Rede ICM de educa\u00e7\u00e3o","og_description":"A Lei n\u00ba 13.415\/2017 alterou a Lei de Diretrizes e Bases da Educa\u00e7\u00e3o Nacional e estabeleceu uma mudan\u00e7a na estrutura do ensino m\u00e9dio, ampliando o tempo m\u00ednimo do estudante na escola e definindo uma nova organiza\u00e7\u00e3o curricular, mais flex\u00edvel, que contemple uma Base Nacional Comum Curricular (BNCC) e a oferta de diferentes possibilidades de escolhas [&hellip;]","og_url":"https:\/\/redeicm.org.br\/purissimo\/novo-ensino-medio\/","og_site_name":"Col\u00e9gio Pur\u00edssimo Cora\u00e7\u00e3o de Maria | Rede ICM de educa\u00e7\u00e3o","article_modified_time":"2025-06-13T20:59:05+00:00","twitter_card":"summary_large_image","twitter_misc":{"Est. tempo de leitura":"5 minutos"},"schema":{"@context":"https:\/\/schema.org","@graph":[{"@type":"WebPage","@id":"https:\/\/redeicm.org.br\/purissimo\/novo-ensino-medio\/","url":"https:\/\/redeicm.org.br\/purissimo\/novo-ensino-medio\/","name":"Novo Ensino M\u00e9dio - Col\u00e9gio Pur\u00edssimo Cora\u00e7\u00e3o de Maria | Rede ICM de educa\u00e7\u00e3o","isPartOf":{"@id":"https:\/\/redeicm.org.br\/purissimo\/#website"},"datePublished":"2024-08-22T23:16:04+00:00","dateModified":"2025-06-13T20:59:05+00:00","breadcrumb":{"@id":"https:\/\/redeicm.org.br\/purissimo\/novo-ensino-medio\/#breadcrumb"},"inLanguage":"pt-BR","potentialAction":[{"@type":"ReadAction","target":["https:\/\/redeicm.org.br\/purissimo\/novo-ensino-medio\/"]}]},{"@type":"BreadcrumbList","@id":"https:\/\/redeicm.org.br\/purissimo\/novo-ensino-medio\/#breadcrumb","itemListElement":[{"@type":"ListItem","position":1,"name":"In\u00edcio","item":"https:\/\/redeicm.org.br\/purissimo\/"},{"@type":"ListItem","position":2,"name":"Novo Ensino M\u00e9dio"}]},{"@type":"WebSite","@id":"https:\/\/redeicm.org.br\/purissimo\/#website","url":"https:\/\/redeicm.org.br\/purissimo\/","name":"Col\u00e9gio Pur\u00edssimo Cora\u00e7\u00e3o de Maria | Rede ICM de educa\u00e7\u00e3o","description":"","publisher":{"@id":"https:\/\/redeicm.org.br\/purissimo\/#organization"},"potentialAction":[{"@type":"SearchAction","target":{"@type":"EntryPoint","urlTemplate":"https:\/\/redeicm.org.br\/purissimo\/?s={search_term_string}"},"query-input":{"@type":"PropertyValueSpecification","valueRequired":true,"valueName":"search_term_string"}}],"inLanguage":"pt-BR"},{"@type":"Organization","@id":"https:\/\/redeicm.org.br\/purissimo\/#organization","name":"Col\u00e9gio Pur\u00edssimo Cora\u00e7\u00e3o de Maria | Rede ICM de educa\u00e7\u00e3o","url":"https:\/\/redeicm.org.br\/purissimo\/","logo":{"@type":"ImageObject","inLanguage":"pt-BR","@id":"https:\/\/redeicm.org.br\/purissimo\/#\/schema\/logo\/image\/","url":"https:\/\/redeicm.org.br\/purissimo\/wp-content\/uploads\/sites\/20\/2024\/08\/ICM_Educacao_Purissimo-12-1024x450-1.webp","contentUrl":"https:\/\/redeicm.org.br\/purissimo\/wp-content\/uploads\/sites\/20\/2024\/08\/ICM_Educacao_Purissimo-12-1024x450-1.webp","width":1024,"height":450,"caption":"Col\u00e9gio Pur\u00edssimo Cora\u00e7\u00e3o de Maria | Rede ICM de educa\u00e7\u00e3o"},"image":{"@id":"https:\/\/redeicm.org.br\/purissimo\/#\/schema\/logo\/image\/"}}]}},"_links":{"self":[{"href":"https:\/\/redeicm.org.br\/purissimo\/wp-json\/wp\/v2\/pages\/431","targetHints":{"allow":["GET"]}}],"collection":[{"href":"https:\/\/redeicm.org.br\/purissimo\/wp-json\/wp\/v2\/pages"}],"about":[{"href":"https:\/\/redeicm.org.br\/purissimo\/wp-json\/wp\/v2\/types\/page"}],"author":[{"embeddable":true,"href":"https:\/\/redeicm.org.br\/purissimo\/wp-json\/wp\/v2\/users\/1"}],"replies":[{"embeddable":true,"href":"https:\/\/redeicm.org.br\/purissimo\/wp-json\/wp\/v2\/comments?post=431"}],"version-history":[{"count":13,"href":"https:\/\/redeicm.org.br\/purissimo\/wp-json\/wp\/v2\/pages\/431\/revisions"}],"predecessor-version":[{"id":1318,"href":"https:\/\/redeicm.org.br\/purissimo\/wp-json\/wp\/v2\/pages\/431\/revisions\/1318"}],"wp:attachment":[{"href":"https:\/\/redeicm.org.br\/purissimo\/wp-json\/wp\/v2\/media?parent=431"}],"curies":[{"name":"wp","href":"https:\/\/api.w.org\/{rel}","templated":true}]}}