{"id":397,"date":"2024-08-22T19:34:20","date_gmt":"2024-08-22T22:34:20","guid":{"rendered":"https:\/\/redeicm.org.br\/purissimo\/?page_id=397"},"modified":"2025-06-27T16:00:36","modified_gmt":"2025-06-27T19:00:36","slug":"normas-fundamental","status":"publish","type":"page","link":"https:\/\/redeicm.org.br\/purissimo\/normas-fundamental\/","title":{"rendered":"Normas &#8211; Ensino Fundamental"},"content":{"rendered":"\t\t<div data-elementor-type=\"wp-page\" data-elementor-id=\"397\" class=\"elementor elementor-397\" data-elementor-post-type=\"page\">\n\t\t\t\t<div class=\"elementor-element elementor-element-6a6be65d e-flex e-con-boxed e-con e-parent\" data-id=\"6a6be65d\" data-element_type=\"container\" data-e-type=\"container\" data-settings=\"{&quot;background_background&quot;:&quot;classic&quot;}\">\n\t\t\t\t\t<div class=\"e-con-inner\">\n\t\t\t\t<div class=\"elementor-element elementor-element-1e4de2a6 elementor-widget elementor-widget-heading\" data-id=\"1e4de2a6\" data-element_type=\"widget\" data-e-type=\"widget\" data-widget_type=\"heading.default\">\n\t\t\t\t<div class=\"elementor-widget-container\">\n\t\t\t\t\t<h1 class=\"elementor-heading-title elementor-size-default\">Normas &#8211; Ensino Fundamental<\/h1>\t\t\t\t<\/div>\n\t\t\t\t<\/div>\n\t\t\t\t\t<\/div>\n\t\t\t\t<\/div>\n\t\t<div class=\"elementor-element elementor-element-4bee94d e-flex e-con-boxed e-con e-parent\" data-id=\"4bee94d\" data-element_type=\"container\" data-e-type=\"container\">\n\t\t\t\t\t<div class=\"e-con-inner\">\n\t\t\t\t<div class=\"elementor-element elementor-element-f675838 elementor-widget elementor-widget-text-editor\" data-id=\"f675838\" data-element_type=\"widget\" data-e-type=\"widget\" data-widget_type=\"text-editor.default\">\n\t\t\t\t<div class=\"elementor-widget-container\">\n\t\t\t\t\t\t\t\t\t<h2><b>Principais orienta\u00e7\u00f5es\u00a0<\/b><\/h2><p>Para garantir um ambiente de aprendizado harmonioso e produtivo, apresentamos as principais normas do Col\u00e9gio Pur\u00edssimo. Contamos com a parceria da fam\u00edlia para o cumprimento dessas diretrizes, essenciais para o desenvolvimento de nossos alunos.<\/p><p><b>Comunica\u00e7\u00e3o Eficaz e Organizada<\/b><\/p><ul><li><b>Aplicativo \u201cRede ICM\u201d:<\/b>\u00a0 Ele ser\u00e1 nosso principal canal para mensagens r\u00e1pidas, avisos e conversas com as professoras e a coordena\u00e7\u00e3o.<\/li><li><b>Atendimento Agendado:<\/b>\u00a0Caso precisem conversar com as professoras, por favor,\u00a0<b>agendem um hor\u00e1rio<\/b>\u00a0por meio do aplicativo\u00a0<b>\u201cRede ICM\u201d<\/b>. Assim, ser\u00e1 poss\u00edvel oferecer a voc\u00eas a aten\u00e7\u00e3o que merecem, em um momento exclusivo.<\/li><\/ul><p><b>Pontualidade e Compromisso<\/b><\/p><ul><li><b>Hor\u00e1rios de Entrada e Sa\u00edda:<\/b>\u00a0respeitar os hor\u00e1rios de entrada e sa\u00edda \u00e9 muito importante, j\u00e1 que os atrasos podem gerar inseguran\u00e7a e ansiedade nas crian\u00e7as, al\u00e9m de perder algumas viv\u00eancias importantes.<\/li><\/ul><p><b>Turno da Manh\u00e3:<\/b>\u00a0das\u00a0<b>7h20 \u00e0s 11h50\u00a0<\/b><\/p><p><b>Turno da Tarde:<\/b>\u00a0das\u00a0<b>13h \u00e0s 17h30<\/b><\/p><ul><li><b>Sa\u00edda Durante a Aula:<\/b>\u00a0Se seu filho precisar sair da escola durante o per\u00edodo de aula, por favor,\u00a0<b>informem com anteced\u00eancia \u00e0 professora, via aplicativo.\u00a0<\/b>Caso a crian\u00e7a precise ir embora com algu\u00e9m n\u00e3o autorizado na ficha informativa, \u00e9 fundamental que conste o nome completo e o RG da pessoa autorizada a fazer a retirada.<\/li><li><b>Uniforme:<\/b>\u00a0o uso do\u00a0<b>uniforme \u00e9 imprescind\u00edvel<\/b>\u00a0(ver\u00e3o e inverno) e ele deve ter a\u00a0<b>identifica\u00e7\u00e3o da crian\u00e7a<\/b>. Para a seguran\u00e7a e conforto, n\u00e3o \u00e9 permitido o uso de sand\u00e1lias com saltos altos e chinelos.<\/li><\/ul><p><b>Demais normas e orienta\u00e7\u00f5es ser\u00e3o entregues \u00e0 fam\u00edlia no in\u00edcio das aulas.<\/b><\/p><h2>Normas Ensino Fundamental Anos Finais \u2013 6\u00ba ao 9\u00ba ano.<\/h2><p>As normas escolares s\u00e3o fundamentais para garantir condi\u00e7\u00f5es de aprendizagem a todos os estudantes, organizar o trabalho pedag\u00f3gico, prevenir posturas inadequadas, desenvolver um ambiente escolar acolhedor, garantindo a conviv\u00eancia harmoniosa e o respeito m\u00fatuo.<br \/>Ainda, as normativas auxiliam na constru\u00e7\u00e3o da cidadania tangenciando valores como responsabilidade, princ\u00edpios \u00e9ticos e morais contribuindo, portanto, na forma\u00e7\u00e3o integral dos estudantes.<\/p><ul><li><strong>Postura disciplinar<\/strong><\/li><\/ul><p>A postura disciplinar incentiva os estudantes a serem respons\u00e1veis, respeitosos e comprometidos em suas tarefas, contribuindo para que a conviv\u00eancia com seus pares seja agrad\u00e1vel e harm\u00f4nica. Longe de ser uma ferramenta de controle autorit\u00e1rio, a disciplina \u00e9 uma habilidade que os estudantes levam consigo ao longo da vida.<br \/>Assim:<\/p><ul><li>Os estudantes dever\u00e3o zelar pelo espa\u00e7o f\u00edsico e mobili\u00e1rio da escola;<\/li><li>N\u00e3o ser\u00e1 permitido ao estudante se ausentar da sala de aula para o uso de telefone e aquisi\u00e7\u00e3o de fotoc\u00f3pias de material escolar, empr\u00e9stimo de materiais em outras salas e compras na cantina;<\/li><li>N\u00e3o \u00e9 permitida a compra de qualquer tipo de alimento, por aplicativos, a ser entregue no Col\u00e9gio. Dentro do ambiente escolar, os estudantes poder\u00e3o trazer seus lanches de casa ou adquiri-los na cantina escolar;<\/li><li>Os estudantes n\u00e3o s\u00e3o autorizados a mascar chiclete ou ingerir alimentos durante as aulas;<\/li><li>\u00c9 proibido trazer para o Col\u00e9gio bolas ou qualquer objeto que n\u00e3o seja de uso escolar;<\/li><li>N\u00e3o \u00e9 permitida a venda de produtos e objetos por parte dos estudantes no ambiente escolar;<\/li><li>N\u00e3o \u00e9 autorizada a realiza\u00e7\u00e3o de festas e comemora\u00e7\u00f5es dentro do ambiente escolar, sem a pr\u00e9via autoriza\u00e7\u00e3o da coordena\u00e7\u00e3o e dire\u00e7\u00e3o.\u00a0<strong>Assim, a organiza\u00e7\u00e3o de qualquer evento deve ser alinhada e combinada, com anteced\u00eancia, junto \u00e0 coordena\u00e7\u00e3o.<\/strong><\/li><\/ul><p><strong>Observa\u00e7\u00e3o:<\/strong>\u00a0os acontecimentos ocorridos dentro do ambiente escolar e as san\u00e7\u00f5es previstas em Regimento Escolar ser\u00e3o comunicados apenas \u00e0s fam\u00edlias dos estudantes nessa condi\u00e7\u00e3o.<\/p><ul><li>Uso do uniforme escolar<\/li><\/ul><p>\u00c9 obrigat\u00f3rio o uso do uniforme escolar (no per\u00edodo de aulas, no hor\u00e1rio inverso, durante as aulas de educa\u00e7\u00e3o f\u00edsica, sa\u00eddas pedag\u00f3gicas e demais atividades do col\u00e9gio).<br \/>Pedimos a gentileza de identificar com o nome completo do estudante, as etiquetas das pe\u00e7as. Facilitar\u00e1 a devolu\u00e7\u00e3o em caso de perda!<\/p><p>OBSERVA\u00c7\u00c3O: para as aulas de Educa\u00e7\u00e3o F\u00edsica \u00e9 obrigat\u00f3rio o uso de t\u00eanis.<\/p><ul><li><strong>Material escolar<\/strong><\/li><\/ul><p>Todos os materiais dever\u00e3o estar identificados com o nome completo do estudante, contribuindo para a devolu\u00e7\u00e3o em caso de perda;<\/p><p>Os estudantes dever\u00e3o zelar pelos materiais escolares ou n\u00e3o, trazidos ao Col\u00e9gio.<br \/>Dessa forma, a coordena\u00e7\u00e3o n\u00e3o se responsabiliza pela perda ou extravio desses itens.<\/p><ul><li>Uso de dispositivos eletr\u00f4nicos<\/li><\/ul><p>Conforme texto da Lei Federal no 15.100, de 13 de janeiro de 2025, o uso de telefones celulares e quaisquer outros dispositivos eletr\u00f4nicos, com acesso \u00e0 internet, est\u00e3o proibidos nas salas de aula e demais depend\u00eancias do Col\u00e9gio.<br \/>Recomendamos que o estudante N\u00c3O TRAGA aparelhos dessa natureza. Em caso de descumprimento do previsto na legisla\u00e7\u00e3o, o Col\u00e9gio aplicar\u00e1 as san\u00e7\u00f5es disciplinares previstas no Regimento Escolar:<\/p><ul><li>Reten\u00e7\u00e3o do aparelho e comunica\u00e7\u00e3o \u00e0 fam\u00edlia para retirada pelos respons\u00e1veis e ci\u00eancia da advert\u00eancia escrita;<\/li><li>Suspens\u00e3o das atividades escolares.<\/li><\/ul><p>Contamos com a colabora\u00e7\u00e3o dos respons\u00e1veis nessa empreitada. O Col\u00e9gio n\u00e3o se responsabiliza pelos aparelhos trazidos.<\/p><div class=\"angwp_67673 _ning_cont _ning_hidden _ning_outer _align_center responsive _ning_visible\" data-size=\"customxundefined\" data-bid=\"67673\" data-aid=\"0\"><div class=\"_ning_label _left\">\u00a0<\/div><div class=\"_ning_inner\"><a class=\"strack_cli _ning_link\" href=\"https:\/\/www.redeicm.org.br\/purissimo?_dnlink=67673&amp;t=1751039899\" target=\"_blank\" rel=\"noopener\">\u00a0<\/a><\/div><\/div>\t\t\t\t\t\t\t\t<\/div>\n\t\t\t\t<\/div>\n\t\t\t\t\t<\/div>\n\t\t\t\t<\/div>\n\t\t\t\t<\/div>\n\t\t","protected":false},"excerpt":{"rendered":"<p>Principais orienta\u00e7\u00f5es\u00a0 Para garantir um ambiente de aprendizado harmonioso e produtivo, apresentamos as principais normas do Col\u00e9gio Pur\u00edssimo. Contamos com a parceria da fam\u00edlia para o cumprimento dessas diretrizes, essenciais para o desenvolvimento de nossos alunos. Comunica\u00e7\u00e3o Eficaz e Organizada Aplicativo \u201cRede ICM\u201d:\u00a0 Ele ser\u00e1 nosso principal canal para mensagens r\u00e1pidas, avisos e conversas com [&hellip;]<\/p>\n","protected":false},"author":1,"featured_media":0,"parent":0,"menu_order":0,"comment_status":"closed","ping_status":"closed","template":"","meta":{"_acf_changed":false,"footnotes":""},"class_list":["post-397","page","type-page","status-publish","hentry"],"acf":[],"yoast_head":"<!-- This site is optimized with the Yoast SEO plugin v26.3 - https:\/\/yoast.com\/wordpress\/plugins\/seo\/ -->\n<title>Normas - Ensino Fundamental - Col\u00e9gio Pur\u00edssimo Cora\u00e7\u00e3o de Maria | Rede ICM de educa\u00e7\u00e3o<\/title>\n<meta name=\"robots\" content=\"index, follow, max-snippet:-1, max-image-preview:large, max-video-preview:-1\" \/>\n<link rel=\"canonical\" href=\"https:\/\/redeicm.org.br\/purissimo\/normas-fundamental\/\" \/>\n<meta property=\"og:locale\" content=\"pt_BR\" \/>\n<meta property=\"og:type\" content=\"article\" \/>\n<meta property=\"og:title\" content=\"Normas - Ensino Fundamental - Col\u00e9gio Pur\u00edssimo Cora\u00e7\u00e3o de Maria | Rede ICM de educa\u00e7\u00e3o\" \/>\n<meta property=\"og:description\" content=\"Principais orienta\u00e7\u00f5es\u00a0 Para garantir um ambiente de aprendizado harmonioso e produtivo, apresentamos as principais normas do Col\u00e9gio Pur\u00edssimo. Contamos com a parceria da fam\u00edlia para o cumprimento dessas diretrizes, essenciais para o desenvolvimento de nossos alunos. Comunica\u00e7\u00e3o Eficaz e Organizada Aplicativo \u201cRede ICM\u201d:\u00a0 Ele ser\u00e1 nosso principal canal para mensagens r\u00e1pidas, avisos e conversas com [&hellip;]\" \/>\n<meta property=\"og:url\" content=\"https:\/\/redeicm.org.br\/purissimo\/normas-fundamental\/\" \/>\n<meta property=\"og:site_name\" content=\"Col\u00e9gio Pur\u00edssimo Cora\u00e7\u00e3o de Maria | Rede ICM de educa\u00e7\u00e3o\" \/>\n<meta property=\"article:modified_time\" content=\"2025-06-27T19:00:36+00:00\" \/>\n<meta name=\"twitter:card\" content=\"summary_large_image\" \/>\n<meta name=\"twitter:label1\" content=\"Est. tempo de leitura\" \/>\n\t<meta name=\"twitter:data1\" content=\"5 minutos\" \/>\n<script type=\"application\/ld+json\" class=\"yoast-schema-graph\">{\"@context\":\"https:\/\/schema.org\",\"@graph\":[{\"@type\":\"WebPage\",\"@id\":\"https:\/\/redeicm.org.br\/purissimo\/normas-fundamental\/\",\"url\":\"https:\/\/redeicm.org.br\/purissimo\/normas-fundamental\/\",\"name\":\"Normas - Ensino Fundamental - Col\u00e9gio Pur\u00edssimo Cora\u00e7\u00e3o de Maria | Rede ICM de educa\u00e7\u00e3o\",\"isPartOf\":{\"@id\":\"https:\/\/redeicm.org.br\/purissimo\/#website\"},\"datePublished\":\"2024-08-22T22:34:20+00:00\",\"dateModified\":\"2025-06-27T19:00:36+00:00\",\"breadcrumb\":{\"@id\":\"https:\/\/redeicm.org.br\/purissimo\/normas-fundamental\/#breadcrumb\"},\"inLanguage\":\"pt-BR\",\"potentialAction\":[{\"@type\":\"ReadAction\",\"target\":[\"https:\/\/redeicm.org.br\/purissimo\/normas-fundamental\/\"]}]},{\"@type\":\"BreadcrumbList\",\"@id\":\"https:\/\/redeicm.org.br\/purissimo\/normas-fundamental\/#breadcrumb\",\"itemListElement\":[{\"@type\":\"ListItem\",\"position\":1,\"name\":\"In\u00edcio\",\"item\":\"https:\/\/redeicm.org.br\/purissimo\/\"},{\"@type\":\"ListItem\",\"position\":2,\"name\":\"Normas &#8211; Ensino Fundamental\"}]},{\"@type\":\"WebSite\",\"@id\":\"https:\/\/redeicm.org.br\/purissimo\/#website\",\"url\":\"https:\/\/redeicm.org.br\/purissimo\/\",\"name\":\"Col\u00e9gio Pur\u00edssimo Cora\u00e7\u00e3o de Maria | Rede ICM de educa\u00e7\u00e3o\",\"description\":\"\",\"publisher\":{\"@id\":\"https:\/\/redeicm.org.br\/purissimo\/#organization\"},\"potentialAction\":[{\"@type\":\"SearchAction\",\"target\":{\"@type\":\"EntryPoint\",\"urlTemplate\":\"https:\/\/redeicm.org.br\/purissimo\/?s={search_term_string}\"},\"query-input\":{\"@type\":\"PropertyValueSpecification\",\"valueRequired\":true,\"valueName\":\"search_term_string\"}}],\"inLanguage\":\"pt-BR\"},{\"@type\":\"Organization\",\"@id\":\"https:\/\/redeicm.org.br\/purissimo\/#organization\",\"name\":\"Col\u00e9gio Pur\u00edssimo Cora\u00e7\u00e3o de Maria | Rede ICM de educa\u00e7\u00e3o\",\"url\":\"https:\/\/redeicm.org.br\/purissimo\/\",\"logo\":{\"@type\":\"ImageObject\",\"inLanguage\":\"pt-BR\",\"@id\":\"https:\/\/redeicm.org.br\/purissimo\/#\/schema\/logo\/image\/\",\"url\":\"https:\/\/redeicm.org.br\/purissimo\/wp-content\/uploads\/sites\/20\/2024\/08\/ICM_Educacao_Purissimo-12-1024x450-1.webp\",\"contentUrl\":\"https:\/\/redeicm.org.br\/purissimo\/wp-content\/uploads\/sites\/20\/2024\/08\/ICM_Educacao_Purissimo-12-1024x450-1.webp\",\"width\":1024,\"height\":450,\"caption\":\"Col\u00e9gio Pur\u00edssimo Cora\u00e7\u00e3o de Maria | Rede ICM de educa\u00e7\u00e3o\"},\"image\":{\"@id\":\"https:\/\/redeicm.org.br\/purissimo\/#\/schema\/logo\/image\/\"}}]}<\/script>\n<!-- \/ Yoast SEO plugin. -->","yoast_head_json":{"title":"Normas - Ensino Fundamental - Col\u00e9gio Pur\u00edssimo Cora\u00e7\u00e3o de Maria | Rede ICM de educa\u00e7\u00e3o","robots":{"index":"index","follow":"follow","max-snippet":"max-snippet:-1","max-image-preview":"max-image-preview:large","max-video-preview":"max-video-preview:-1"},"canonical":"https:\/\/redeicm.org.br\/purissimo\/normas-fundamental\/","og_locale":"pt_BR","og_type":"article","og_title":"Normas - Ensino Fundamental - Col\u00e9gio Pur\u00edssimo Cora\u00e7\u00e3o de Maria | Rede ICM de educa\u00e7\u00e3o","og_description":"Principais orienta\u00e7\u00f5es\u00a0 Para garantir um ambiente de aprendizado harmonioso e produtivo, apresentamos as principais normas do Col\u00e9gio Pur\u00edssimo. Contamos com a parceria da fam\u00edlia para o cumprimento dessas diretrizes, essenciais para o desenvolvimento de nossos alunos. Comunica\u00e7\u00e3o Eficaz e Organizada Aplicativo \u201cRede ICM\u201d:\u00a0 Ele ser\u00e1 nosso principal canal para mensagens r\u00e1pidas, avisos e conversas com [&hellip;]","og_url":"https:\/\/redeicm.org.br\/purissimo\/normas-fundamental\/","og_site_name":"Col\u00e9gio Pur\u00edssimo Cora\u00e7\u00e3o de Maria | Rede ICM de educa\u00e7\u00e3o","article_modified_time":"2025-06-27T19:00:36+00:00","twitter_card":"summary_large_image","twitter_misc":{"Est. tempo de leitura":"5 minutos"},"schema":{"@context":"https:\/\/schema.org","@graph":[{"@type":"WebPage","@id":"https:\/\/redeicm.org.br\/purissimo\/normas-fundamental\/","url":"https:\/\/redeicm.org.br\/purissimo\/normas-fundamental\/","name":"Normas - Ensino Fundamental - Col\u00e9gio Pur\u00edssimo Cora\u00e7\u00e3o de Maria | Rede ICM de educa\u00e7\u00e3o","isPartOf":{"@id":"https:\/\/redeicm.org.br\/purissimo\/#website"},"datePublished":"2024-08-22T22:34:20+00:00","dateModified":"2025-06-27T19:00:36+00:00","breadcrumb":{"@id":"https:\/\/redeicm.org.br\/purissimo\/normas-fundamental\/#breadcrumb"},"inLanguage":"pt-BR","potentialAction":[{"@type":"ReadAction","target":["https:\/\/redeicm.org.br\/purissimo\/normas-fundamental\/"]}]},{"@type":"BreadcrumbList","@id":"https:\/\/redeicm.org.br\/purissimo\/normas-fundamental\/#breadcrumb","itemListElement":[{"@type":"ListItem","position":1,"name":"In\u00edcio","item":"https:\/\/redeicm.org.br\/purissimo\/"},{"@type":"ListItem","position":2,"name":"Normas &#8211; Ensino Fundamental"}]},{"@type":"WebSite","@id":"https:\/\/redeicm.org.br\/purissimo\/#website","url":"https:\/\/redeicm.org.br\/purissimo\/","name":"Col\u00e9gio Pur\u00edssimo Cora\u00e7\u00e3o de Maria | Rede ICM de educa\u00e7\u00e3o","description":"","publisher":{"@id":"https:\/\/redeicm.org.br\/purissimo\/#organization"},"potentialAction":[{"@type":"SearchAction","target":{"@type":"EntryPoint","urlTemplate":"https:\/\/redeicm.org.br\/purissimo\/?s={search_term_string}"},"query-input":{"@type":"PropertyValueSpecification","valueRequired":true,"valueName":"search_term_string"}}],"inLanguage":"pt-BR"},{"@type":"Organization","@id":"https:\/\/redeicm.org.br\/purissimo\/#organization","name":"Col\u00e9gio Pur\u00edssimo Cora\u00e7\u00e3o de Maria | Rede ICM de educa\u00e7\u00e3o","url":"https:\/\/redeicm.org.br\/purissimo\/","logo":{"@type":"ImageObject","inLanguage":"pt-BR","@id":"https:\/\/redeicm.org.br\/purissimo\/#\/schema\/logo\/image\/","url":"https:\/\/redeicm.org.br\/purissimo\/wp-content\/uploads\/sites\/20\/2024\/08\/ICM_Educacao_Purissimo-12-1024x450-1.webp","contentUrl":"https:\/\/redeicm.org.br\/purissimo\/wp-content\/uploads\/sites\/20\/2024\/08\/ICM_Educacao_Purissimo-12-1024x450-1.webp","width":1024,"height":450,"caption":"Col\u00e9gio Pur\u00edssimo Cora\u00e7\u00e3o de Maria | Rede ICM de educa\u00e7\u00e3o"},"image":{"@id":"https:\/\/redeicm.org.br\/purissimo\/#\/schema\/logo\/image\/"}}]}},"_links":{"self":[{"href":"https:\/\/redeicm.org.br\/purissimo\/wp-json\/wp\/v2\/pages\/397","targetHints":{"allow":["GET"]}}],"collection":[{"href":"https:\/\/redeicm.org.br\/purissimo\/wp-json\/wp\/v2\/pages"}],"about":[{"href":"https:\/\/redeicm.org.br\/purissimo\/wp-json\/wp\/v2\/types\/page"}],"author":[{"embeddable":true,"href":"https:\/\/redeicm.org.br\/purissimo\/wp-json\/wp\/v2\/users\/1"}],"replies":[{"embeddable":true,"href":"https:\/\/redeicm.org.br\/purissimo\/wp-json\/wp\/v2\/comments?post=397"}],"version-history":[{"count":17,"href":"https:\/\/redeicm.org.br\/purissimo\/wp-json\/wp\/v2\/pages\/397\/revisions"}],"predecessor-version":[{"id":1498,"href":"https:\/\/redeicm.org.br\/purissimo\/wp-json\/wp\/v2\/pages\/397\/revisions\/1498"}],"wp:attachment":[{"href":"https:\/\/redeicm.org.br\/purissimo\/wp-json\/wp\/v2\/media?parent=397"}],"curies":[{"name":"wp","href":"https:\/\/api.w.org\/{rel}","templated":true}]}}