{"id":366,"date":"2024-08-21T20:53:25","date_gmt":"2024-08-21T23:53:25","guid":{"rendered":"https:\/\/redeicm.org.br\/purissimo\/?page_id=366"},"modified":"2025-06-18T14:00:11","modified_gmt":"2025-06-18T17:00:11","slug":"ensino-fundamental","status":"publish","type":"page","link":"https:\/\/redeicm.org.br\/purissimo\/ensino-fundamental\/","title":{"rendered":"Ensino Fundamental"},"content":{"rendered":"\t\t<div data-elementor-type=\"wp-page\" data-elementor-id=\"366\" class=\"elementor elementor-366\" data-elementor-post-type=\"page\">\n\t\t\t\t<div class=\"elementor-element elementor-element-1464735 e-flex e-con-boxed e-con e-parent\" data-id=\"1464735\" data-element_type=\"container\" data-e-type=\"container\" data-settings=\"{&quot;background_background&quot;:&quot;classic&quot;}\">\n\t\t\t\t\t<div class=\"e-con-inner\">\n\t\t\t\t<div class=\"elementor-element elementor-element-c235606 elementor-widget elementor-widget-heading\" data-id=\"c235606\" data-element_type=\"widget\" data-e-type=\"widget\" data-widget_type=\"heading.default\">\n\t\t\t\t<div class=\"elementor-widget-container\">\n\t\t\t\t\t<h1 class=\"elementor-heading-title elementor-size-default\">Ensino Fundamental<\/h1>\t\t\t\t<\/div>\n\t\t\t\t<\/div>\n\t\t\t\t\t<\/div>\n\t\t\t\t<\/div>\n\t\t<div class=\"elementor-element elementor-element-4a59e2a e-flex e-con-boxed e-con e-parent\" data-id=\"4a59e2a\" data-element_type=\"container\" data-e-type=\"container\">\n\t\t\t\t\t<div class=\"e-con-inner\">\n\t\t\t\t<div class=\"elementor-element elementor-element-7d7de3a elementor-invisible elementor-widget elementor-widget-text-editor\" data-id=\"7d7de3a\" data-element_type=\"widget\" data-e-type=\"widget\" data-settings=\"{&quot;_animation&quot;:&quot;fadeInUp&quot;}\" data-widget_type=\"text-editor.default\">\n\t\t\t\t<div class=\"elementor-widget-container\">\n\t\t\t\t\t\t\t\t\t<p>O Ensino Fundamental do Col\u00e9gio Pur\u00edssimo est\u00e1 estruturado em nove anos, proporcionando uma educa\u00e7\u00e3o integral baseada na promo\u00e7\u00e3o humana, na constru\u00e7\u00e3o do conhecimento e no desenvolvimento de compet\u00eancias e habilidades. As expectativas de aprendizagem permitem aos alunos m\u00faltiplas leituras de mundo, incentivando a reflex\u00e3o e a transforma\u00e7\u00e3o da realidade.<\/p><p>Nos anos iniciais (1\u00ba ao 5\u00ba ano) do Ensino Fundamental, os alunos desenvolvem habilidades essenciais em escrita, leitura e c\u00e1lculo. Al\u00e9m disso, participam de experi\u00eancias que estimulam a autonomia e a capacidade de lidar com situa\u00e7\u00f5es do cotidiano.<\/p><p>J\u00e1 no Ensino Fundamental II (6\u00ba ao 9\u00ba ano), prioriza-se a forma\u00e7\u00e3o b\u00e1sica do aluno por meio do pleno dom\u00ednio da leitura, escrita e c\u00e1lculo, da compreens\u00e3o e responsabilidade cr\u00edtica sobre o ambiente natural, social, pol\u00edtico, tecnol\u00f3gico, art\u00edstico e \u00e9tico. Al\u00e9m disso, tem-se a aquisi\u00e7\u00e3o de conhecimentos e habilidades coerentes com atitudes e valores pertinentes \u00e0s caracter\u00edsticas da inf\u00e2ncia e da adolesc\u00eancia e as maravilhas que esta fase da vida proporciona.<\/p><p>O eixo metodol\u00f3gico do trabalho do Col\u00e9gio Pur\u00edssimo enfatiza o desenvolvimento de conte\u00fados conceituais, procedimentais e atitudinais, objetivando a constitui\u00e7\u00e3o de compet\u00eancias na Escola, diante do processo de forma\u00e7\u00e3o integral do ser humano para responder aos desafios que a vida apresenta. Sob o ponto de vista curricular, privilegia a partilha de experi\u00eancias, a curiosidade, a pesquisa, a investiga\u00e7\u00e3o, a problematiza\u00e7\u00e3o, a resolu\u00e7\u00e3o de problemas, a gest\u00e3o de conflitos, a resili\u00eancia, a viv\u00eancia, o empreendedorismo e o trabalho em equipe.<\/p>\t\t\t\t\t\t\t\t<\/div>\n\t\t\t\t<\/div>\n\t\t\t\t\t<\/div>\n\t\t\t\t<\/div>\n\t\t\t\t<\/div>\n\t\t","protected":false},"excerpt":{"rendered":"<p>Ensino Fundamental O Ensino Fundamental do Col\u00e9gio Pur\u00edssimo est\u00e1 estruturado em nove anos, proporcionando uma educa\u00e7\u00e3o integral baseada na promo\u00e7\u00e3o humana, na constru\u00e7\u00e3o do conhecimento e no desenvolvimento de compet\u00eancias e habilidades. As expectativas de aprendizagem permitem aos alunos m\u00faltiplas leituras de mundo, incentivando a reflex\u00e3o e a transforma\u00e7\u00e3o da realidade. Nos anos iniciais (1\u00ba [&hellip;]<\/p>\n","protected":false},"author":1,"featured_media":0,"parent":0,"menu_order":0,"comment_status":"closed","ping_status":"closed","template":"","meta":{"_acf_changed":false,"footnotes":""},"class_list":["post-366","page","type-page","status-publish","hentry"],"acf":[],"yoast_head":"<!-- This site is optimized with the Yoast SEO plugin v26.3 - https:\/\/yoast.com\/wordpress\/plugins\/seo\/ -->\n<title>Ensino Fundamental - Col\u00e9gio Pur\u00edssimo Cora\u00e7\u00e3o de Maria | Rede ICM de educa\u00e7\u00e3o<\/title>\n<meta name=\"robots\" content=\"index, follow, max-snippet:-1, max-image-preview:large, max-video-preview:-1\" \/>\n<link rel=\"canonical\" href=\"https:\/\/redeicm.org.br\/purissimo\/ensino-fundamental\/\" \/>\n<meta property=\"og:locale\" content=\"pt_BR\" \/>\n<meta property=\"og:type\" content=\"article\" \/>\n<meta property=\"og:title\" content=\"Ensino Fundamental - Col\u00e9gio Pur\u00edssimo Cora\u00e7\u00e3o de Maria | Rede ICM de educa\u00e7\u00e3o\" \/>\n<meta property=\"og:description\" content=\"Ensino Fundamental O Ensino Fundamental do Col\u00e9gio Pur\u00edssimo est\u00e1 estruturado em nove anos, proporcionando uma educa\u00e7\u00e3o integral baseada na promo\u00e7\u00e3o humana, na constru\u00e7\u00e3o do conhecimento e no desenvolvimento de compet\u00eancias e habilidades. As expectativas de aprendizagem permitem aos alunos m\u00faltiplas leituras de mundo, incentivando a reflex\u00e3o e a transforma\u00e7\u00e3o da realidade. Nos anos iniciais (1\u00ba [&hellip;]\" \/>\n<meta property=\"og:url\" content=\"https:\/\/redeicm.org.br\/purissimo\/ensino-fundamental\/\" \/>\n<meta property=\"og:site_name\" content=\"Col\u00e9gio Pur\u00edssimo Cora\u00e7\u00e3o de Maria | Rede ICM de educa\u00e7\u00e3o\" \/>\n<meta property=\"article:modified_time\" content=\"2025-06-18T17:00:11+00:00\" \/>\n<meta name=\"twitter:card\" content=\"summary_large_image\" \/>\n<meta name=\"twitter:label1\" content=\"Est. tempo de leitura\" \/>\n\t<meta name=\"twitter:data1\" content=\"2 minutos\" \/>\n<script type=\"application\/ld+json\" class=\"yoast-schema-graph\">{\"@context\":\"https:\/\/schema.org\",\"@graph\":[{\"@type\":\"WebPage\",\"@id\":\"https:\/\/redeicm.org.br\/purissimo\/ensino-fundamental\/\",\"url\":\"https:\/\/redeicm.org.br\/purissimo\/ensino-fundamental\/\",\"name\":\"Ensino Fundamental - Col\u00e9gio Pur\u00edssimo Cora\u00e7\u00e3o de Maria | Rede ICM de educa\u00e7\u00e3o\",\"isPartOf\":{\"@id\":\"https:\/\/redeicm.org.br\/purissimo\/#website\"},\"datePublished\":\"2024-08-21T23:53:25+00:00\",\"dateModified\":\"2025-06-18T17:00:11+00:00\",\"breadcrumb\":{\"@id\":\"https:\/\/redeicm.org.br\/purissimo\/ensino-fundamental\/#breadcrumb\"},\"inLanguage\":\"pt-BR\",\"potentialAction\":[{\"@type\":\"ReadAction\",\"target\":[\"https:\/\/redeicm.org.br\/purissimo\/ensino-fundamental\/\"]}]},{\"@type\":\"BreadcrumbList\",\"@id\":\"https:\/\/redeicm.org.br\/purissimo\/ensino-fundamental\/#breadcrumb\",\"itemListElement\":[{\"@type\":\"ListItem\",\"position\":1,\"name\":\"In\u00edcio\",\"item\":\"https:\/\/redeicm.org.br\/purissimo\/\"},{\"@type\":\"ListItem\",\"position\":2,\"name\":\"Ensino Fundamental\"}]},{\"@type\":\"WebSite\",\"@id\":\"https:\/\/redeicm.org.br\/purissimo\/#website\",\"url\":\"https:\/\/redeicm.org.br\/purissimo\/\",\"name\":\"Col\u00e9gio Pur\u00edssimo Cora\u00e7\u00e3o de Maria | Rede ICM de educa\u00e7\u00e3o\",\"description\":\"\",\"publisher\":{\"@id\":\"https:\/\/redeicm.org.br\/purissimo\/#organization\"},\"potentialAction\":[{\"@type\":\"SearchAction\",\"target\":{\"@type\":\"EntryPoint\",\"urlTemplate\":\"https:\/\/redeicm.org.br\/purissimo\/?s={search_term_string}\"},\"query-input\":{\"@type\":\"PropertyValueSpecification\",\"valueRequired\":true,\"valueName\":\"search_term_string\"}}],\"inLanguage\":\"pt-BR\"},{\"@type\":\"Organization\",\"@id\":\"https:\/\/redeicm.org.br\/purissimo\/#organization\",\"name\":\"Col\u00e9gio Pur\u00edssimo Cora\u00e7\u00e3o de Maria | Rede ICM de educa\u00e7\u00e3o\",\"url\":\"https:\/\/redeicm.org.br\/purissimo\/\",\"logo\":{\"@type\":\"ImageObject\",\"inLanguage\":\"pt-BR\",\"@id\":\"https:\/\/redeicm.org.br\/purissimo\/#\/schema\/logo\/image\/\",\"url\":\"https:\/\/redeicm.org.br\/purissimo\/wp-content\/uploads\/sites\/20\/2024\/08\/ICM_Educacao_Purissimo-12-1024x450-1.webp\",\"contentUrl\":\"https:\/\/redeicm.org.br\/purissimo\/wp-content\/uploads\/sites\/20\/2024\/08\/ICM_Educacao_Purissimo-12-1024x450-1.webp\",\"width\":1024,\"height\":450,\"caption\":\"Col\u00e9gio Pur\u00edssimo Cora\u00e7\u00e3o de Maria | Rede ICM de educa\u00e7\u00e3o\"},\"image\":{\"@id\":\"https:\/\/redeicm.org.br\/purissimo\/#\/schema\/logo\/image\/\"}}]}<\/script>\n<!-- \/ Yoast SEO plugin. -->","yoast_head_json":{"title":"Ensino Fundamental - Col\u00e9gio Pur\u00edssimo Cora\u00e7\u00e3o de Maria | Rede ICM de educa\u00e7\u00e3o","robots":{"index":"index","follow":"follow","max-snippet":"max-snippet:-1","max-image-preview":"max-image-preview:large","max-video-preview":"max-video-preview:-1"},"canonical":"https:\/\/redeicm.org.br\/purissimo\/ensino-fundamental\/","og_locale":"pt_BR","og_type":"article","og_title":"Ensino Fundamental - Col\u00e9gio Pur\u00edssimo Cora\u00e7\u00e3o de Maria | Rede ICM de educa\u00e7\u00e3o","og_description":"Ensino Fundamental O Ensino Fundamental do Col\u00e9gio Pur\u00edssimo est\u00e1 estruturado em nove anos, proporcionando uma educa\u00e7\u00e3o integral baseada na promo\u00e7\u00e3o humana, na constru\u00e7\u00e3o do conhecimento e no desenvolvimento de compet\u00eancias e habilidades. As expectativas de aprendizagem permitem aos alunos m\u00faltiplas leituras de mundo, incentivando a reflex\u00e3o e a transforma\u00e7\u00e3o da realidade. Nos anos iniciais (1\u00ba [&hellip;]","og_url":"https:\/\/redeicm.org.br\/purissimo\/ensino-fundamental\/","og_site_name":"Col\u00e9gio Pur\u00edssimo Cora\u00e7\u00e3o de Maria | Rede ICM de educa\u00e7\u00e3o","article_modified_time":"2025-06-18T17:00:11+00:00","twitter_card":"summary_large_image","twitter_misc":{"Est. tempo de leitura":"2 minutos"},"schema":{"@context":"https:\/\/schema.org","@graph":[{"@type":"WebPage","@id":"https:\/\/redeicm.org.br\/purissimo\/ensino-fundamental\/","url":"https:\/\/redeicm.org.br\/purissimo\/ensino-fundamental\/","name":"Ensino Fundamental - Col\u00e9gio Pur\u00edssimo Cora\u00e7\u00e3o de Maria | Rede ICM de educa\u00e7\u00e3o","isPartOf":{"@id":"https:\/\/redeicm.org.br\/purissimo\/#website"},"datePublished":"2024-08-21T23:53:25+00:00","dateModified":"2025-06-18T17:00:11+00:00","breadcrumb":{"@id":"https:\/\/redeicm.org.br\/purissimo\/ensino-fundamental\/#breadcrumb"},"inLanguage":"pt-BR","potentialAction":[{"@type":"ReadAction","target":["https:\/\/redeicm.org.br\/purissimo\/ensino-fundamental\/"]}]},{"@type":"BreadcrumbList","@id":"https:\/\/redeicm.org.br\/purissimo\/ensino-fundamental\/#breadcrumb","itemListElement":[{"@type":"ListItem","position":1,"name":"In\u00edcio","item":"https:\/\/redeicm.org.br\/purissimo\/"},{"@type":"ListItem","position":2,"name":"Ensino Fundamental"}]},{"@type":"WebSite","@id":"https:\/\/redeicm.org.br\/purissimo\/#website","url":"https:\/\/redeicm.org.br\/purissimo\/","name":"Col\u00e9gio Pur\u00edssimo Cora\u00e7\u00e3o de Maria | Rede ICM de educa\u00e7\u00e3o","description":"","publisher":{"@id":"https:\/\/redeicm.org.br\/purissimo\/#organization"},"potentialAction":[{"@type":"SearchAction","target":{"@type":"EntryPoint","urlTemplate":"https:\/\/redeicm.org.br\/purissimo\/?s={search_term_string}"},"query-input":{"@type":"PropertyValueSpecification","valueRequired":true,"valueName":"search_term_string"}}],"inLanguage":"pt-BR"},{"@type":"Organization","@id":"https:\/\/redeicm.org.br\/purissimo\/#organization","name":"Col\u00e9gio Pur\u00edssimo Cora\u00e7\u00e3o de Maria | Rede ICM de educa\u00e7\u00e3o","url":"https:\/\/redeicm.org.br\/purissimo\/","logo":{"@type":"ImageObject","inLanguage":"pt-BR","@id":"https:\/\/redeicm.org.br\/purissimo\/#\/schema\/logo\/image\/","url":"https:\/\/redeicm.org.br\/purissimo\/wp-content\/uploads\/sites\/20\/2024\/08\/ICM_Educacao_Purissimo-12-1024x450-1.webp","contentUrl":"https:\/\/redeicm.org.br\/purissimo\/wp-content\/uploads\/sites\/20\/2024\/08\/ICM_Educacao_Purissimo-12-1024x450-1.webp","width":1024,"height":450,"caption":"Col\u00e9gio Pur\u00edssimo Cora\u00e7\u00e3o de Maria | Rede ICM de educa\u00e7\u00e3o"},"image":{"@id":"https:\/\/redeicm.org.br\/purissimo\/#\/schema\/logo\/image\/"}}]}},"_links":{"self":[{"href":"https:\/\/redeicm.org.br\/purissimo\/wp-json\/wp\/v2\/pages\/366","targetHints":{"allow":["GET"]}}],"collection":[{"href":"https:\/\/redeicm.org.br\/purissimo\/wp-json\/wp\/v2\/pages"}],"about":[{"href":"https:\/\/redeicm.org.br\/purissimo\/wp-json\/wp\/v2\/types\/page"}],"author":[{"embeddable":true,"href":"https:\/\/redeicm.org.br\/purissimo\/wp-json\/wp\/v2\/users\/1"}],"replies":[{"embeddable":true,"href":"https:\/\/redeicm.org.br\/purissimo\/wp-json\/wp\/v2\/comments?post=366"}],"version-history":[{"count":10,"href":"https:\/\/redeicm.org.br\/purissimo\/wp-json\/wp\/v2\/pages\/366\/revisions"}],"predecessor-version":[{"id":1474,"href":"https:\/\/redeicm.org.br\/purissimo\/wp-json\/wp\/v2\/pages\/366\/revisions\/1474"}],"wp:attachment":[{"href":"https:\/\/redeicm.org.br\/purissimo\/wp-json\/wp\/v2\/media?parent=366"}],"curies":[{"name":"wp","href":"https:\/\/api.w.org\/{rel}","templated":true}]}}