{"id":349,"date":"2024-08-21T20:46:23","date_gmt":"2024-08-21T23:46:23","guid":{"rendered":"https:\/\/redeicm.org.br\/purissimo\/?page_id=349"},"modified":"2025-06-27T16:08:49","modified_gmt":"2025-06-27T19:08:49","slug":"normas-educacao-infantil","status":"publish","type":"page","link":"https:\/\/redeicm.org.br\/purissimo\/normas-educacao-infantil\/","title":{"rendered":"Normas &#8211; Educa\u00e7\u00e3o Infantil"},"content":{"rendered":"\t\t<div data-elementor-type=\"wp-page\" data-elementor-id=\"349\" class=\"elementor elementor-349\" data-elementor-post-type=\"page\">\n\t\t\t\t<div class=\"elementor-element elementor-element-62936240 e-flex e-con-boxed e-con e-parent\" data-id=\"62936240\" data-element_type=\"container\" data-e-type=\"container\" data-settings=\"{&quot;background_background&quot;:&quot;classic&quot;}\">\n\t\t\t\t\t<div class=\"e-con-inner\">\n\t\t\t\t<div class=\"elementor-element elementor-element-29fe3b91 elementor-widget elementor-widget-heading\" data-id=\"29fe3b91\" data-element_type=\"widget\" data-e-type=\"widget\" data-widget_type=\"heading.default\">\n\t\t\t\t<div class=\"elementor-widget-container\">\n\t\t\t\t\t<h1 class=\"elementor-heading-title elementor-size-default\">Normas &#8211; Educa\u00e7\u00e3o Infantil<\/h1>\t\t\t\t<\/div>\n\t\t\t\t<\/div>\n\t\t\t\t\t<\/div>\n\t\t\t\t<\/div>\n\t\t<div class=\"elementor-element elementor-element-059ee8b e-flex e-con-boxed e-con e-parent\" data-id=\"059ee8b\" data-element_type=\"container\" data-e-type=\"container\">\n\t\t\t\t\t<div class=\"e-con-inner\">\n\t\t\t\t<div class=\"elementor-element elementor-element-93dcd25 elementor-invisible elementor-widget elementor-widget-text-editor\" data-id=\"93dcd25\" data-element_type=\"widget\" data-e-type=\"widget\" data-settings=\"{&quot;_animation&quot;:&quot;fadeInUp&quot;}\" data-widget_type=\"text-editor.default\">\n\t\t\t\t<div class=\"elementor-widget-container\">\n\t\t\t\t\t\t\t\t\t<h2><b>Principais orienta\u00e7\u00f5es\u00a0<\/b><\/h2><p>Para garantir a seguran\u00e7a, o bem-estar e o melhor aproveitamento de cada crian\u00e7a em nossa escola, preparamos algumas orienta\u00e7\u00f5es importantes sobre o nosso dia a dia. Elas foram pensadas para fortalecer a parceria entre fam\u00edlia e escola, criando um ambiente ainda mais acolhedor para todos.<\/p><h2><b>Comunica\u00e7\u00e3o Eficaz e Organizada<\/b><\/h2><ul><li><b>Aplicativo \u201cRede ICM\u201d:<\/b>\u00a0 Ele ser\u00e1 nosso principal canal para mensagens r\u00e1pidas, avisos e conversas com as professoras e a coordena\u00e7\u00e3o.<\/li><li><b>Atendimento Agendado:<\/b>\u00a0Caso precisem conversar com as professoras, por favor,\u00a0<b>agendem um hor\u00e1rio<\/b>\u00a0por meio do aplicativo\u00a0<b>\u201cRede ICM\u201d<\/b>. Assim, ser\u00e1 poss\u00edvel oferecer a voc\u00eas a aten\u00e7\u00e3o que merecem, em um momento exclusivo.<\/li><\/ul><h2><b>Pontualidade e Compromisso<\/b><\/h2><ul><li><b>Hor\u00e1rios de Entrada e Sa\u00edda:<\/b>\u00a0respeitar os hor\u00e1rios de entrada e sa\u00edda \u00e9 muito importante, j\u00e1 que os atrasos podem gerar inseguran\u00e7a e ansiedade nas crian\u00e7as, al\u00e9m de perder algumas viv\u00eancias importantes.<\/li><\/ul><p><b>Turno da Manh\u00e3:<\/b>\u00a0das\u00a0<b>7h20 \u00e0s 11h50\u00a0<\/b><\/p><p><b>Turno da Tarde:<\/b>\u00a0das\u00a0<b>13h \u00e0s 17h30<\/b><\/p><ul><li><b>Sa\u00edda Durante a Aula:<\/b>\u00a0Se seu filho precisar sair da escola durante o per\u00edodo de aula, por favor,\u00a0<b>informem com anteced\u00eancia \u00e0 professora, via aplicativo.\u00a0<\/b>Caso a crian\u00e7a precise ir embora com algu\u00e9m n\u00e3o autorizado na ficha informativa, \u00e9 fundamental que conste o nome completo e o RG da pessoa autorizada a fazer a retirada.<\/li><li><b>Uniforme:<\/b>\u00a0o uso do\u00a0<b>uniforme \u00e9 imprescind\u00edvel<\/b>\u00a0(ver\u00e3o e inverno) e ele deve ter a\u00a0<b>identifica\u00e7\u00e3o da crian\u00e7a<\/b>. Para a seguran\u00e7a e conforto, n\u00e3o \u00e9 permitido o uso de sand\u00e1lias com saltos altos e chinelos.<\/li><\/ul><p><b>Demais normas e orienta\u00e7\u00f5es ser\u00e3o entregues \u00e0 fam\u00edlia no in\u00edcio das aulas.\u00a0<\/b><\/p>\t\t\t\t\t\t\t\t<\/div>\n\t\t\t\t<\/div>\n\t\t\t\t\t<\/div>\n\t\t\t\t<\/div>\n\t\t\t\t<\/div>\n\t\t","protected":false},"excerpt":{"rendered":"<p>Principais orienta\u00e7\u00f5es\u00a0 Para garantir a seguran\u00e7a, o bem-estar e o melhor aproveitamento de cada crian\u00e7a em nossa escola, preparamos algumas orienta\u00e7\u00f5es importantes sobre o nosso dia a dia. Elas foram pensadas para fortalecer a parceria entre fam\u00edlia e escola, criando um ambiente ainda mais acolhedor para todos. Comunica\u00e7\u00e3o Eficaz e Organizada Aplicativo \u201cRede ICM\u201d:\u00a0 Ele [&hellip;]<\/p>\n","protected":false},"author":1,"featured_media":0,"parent":0,"menu_order":0,"comment_status":"closed","ping_status":"closed","template":"","meta":{"_acf_changed":false,"footnotes":""},"class_list":["post-349","page","type-page","status-publish","hentry"],"acf":[],"yoast_head":"<!-- This site is optimized with the Yoast SEO plugin v26.3 - https:\/\/yoast.com\/wordpress\/plugins\/seo\/ -->\n<title>Normas - Educa\u00e7\u00e3o Infantil - Col\u00e9gio Pur\u00edssimo Cora\u00e7\u00e3o de Maria | Rede ICM de educa\u00e7\u00e3o<\/title>\n<meta name=\"robots\" content=\"index, follow, max-snippet:-1, max-image-preview:large, max-video-preview:-1\" \/>\n<link rel=\"canonical\" href=\"https:\/\/redeicm.org.br\/purissimo\/normas-educacao-infantil\/\" \/>\n<meta property=\"og:locale\" content=\"pt_BR\" \/>\n<meta property=\"og:type\" content=\"article\" \/>\n<meta property=\"og:title\" content=\"Normas - Educa\u00e7\u00e3o Infantil - Col\u00e9gio Pur\u00edssimo Cora\u00e7\u00e3o de Maria | Rede ICM de educa\u00e7\u00e3o\" \/>\n<meta property=\"og:description\" content=\"Principais orienta\u00e7\u00f5es\u00a0 Para garantir a seguran\u00e7a, o bem-estar e o melhor aproveitamento de cada crian\u00e7a em nossa escola, preparamos algumas orienta\u00e7\u00f5es importantes sobre o nosso dia a dia. Elas foram pensadas para fortalecer a parceria entre fam\u00edlia e escola, criando um ambiente ainda mais acolhedor para todos. Comunica\u00e7\u00e3o Eficaz e Organizada Aplicativo \u201cRede ICM\u201d:\u00a0 Ele [&hellip;]\" \/>\n<meta property=\"og:url\" content=\"https:\/\/redeicm.org.br\/purissimo\/normas-educacao-infantil\/\" \/>\n<meta property=\"og:site_name\" content=\"Col\u00e9gio Pur\u00edssimo Cora\u00e7\u00e3o de Maria | Rede ICM de educa\u00e7\u00e3o\" \/>\n<meta property=\"article:modified_time\" content=\"2025-06-27T19:08:49+00:00\" \/>\n<meta name=\"twitter:card\" content=\"summary_large_image\" \/>\n<meta name=\"twitter:label1\" content=\"Est. tempo de leitura\" \/>\n\t<meta name=\"twitter:data1\" content=\"2 minutos\" \/>\n<script type=\"application\/ld+json\" class=\"yoast-schema-graph\">{\"@context\":\"https:\/\/schema.org\",\"@graph\":[{\"@type\":\"WebPage\",\"@id\":\"https:\/\/redeicm.org.br\/purissimo\/normas-educacao-infantil\/\",\"url\":\"https:\/\/redeicm.org.br\/purissimo\/normas-educacao-infantil\/\",\"name\":\"Normas - Educa\u00e7\u00e3o Infantil - Col\u00e9gio Pur\u00edssimo Cora\u00e7\u00e3o de Maria | Rede ICM de educa\u00e7\u00e3o\",\"isPartOf\":{\"@id\":\"https:\/\/redeicm.org.br\/purissimo\/#website\"},\"datePublished\":\"2024-08-21T23:46:23+00:00\",\"dateModified\":\"2025-06-27T19:08:49+00:00\",\"breadcrumb\":{\"@id\":\"https:\/\/redeicm.org.br\/purissimo\/normas-educacao-infantil\/#breadcrumb\"},\"inLanguage\":\"pt-BR\",\"potentialAction\":[{\"@type\":\"ReadAction\",\"target\":[\"https:\/\/redeicm.org.br\/purissimo\/normas-educacao-infantil\/\"]}]},{\"@type\":\"BreadcrumbList\",\"@id\":\"https:\/\/redeicm.org.br\/purissimo\/normas-educacao-infantil\/#breadcrumb\",\"itemListElement\":[{\"@type\":\"ListItem\",\"position\":1,\"name\":\"In\u00edcio\",\"item\":\"https:\/\/redeicm.org.br\/purissimo\/\"},{\"@type\":\"ListItem\",\"position\":2,\"name\":\"Normas &#8211; Educa\u00e7\u00e3o Infantil\"}]},{\"@type\":\"WebSite\",\"@id\":\"https:\/\/redeicm.org.br\/purissimo\/#website\",\"url\":\"https:\/\/redeicm.org.br\/purissimo\/\",\"name\":\"Col\u00e9gio Pur\u00edssimo Cora\u00e7\u00e3o de Maria | Rede ICM de educa\u00e7\u00e3o\",\"description\":\"\",\"publisher\":{\"@id\":\"https:\/\/redeicm.org.br\/purissimo\/#organization\"},\"potentialAction\":[{\"@type\":\"SearchAction\",\"target\":{\"@type\":\"EntryPoint\",\"urlTemplate\":\"https:\/\/redeicm.org.br\/purissimo\/?s={search_term_string}\"},\"query-input\":{\"@type\":\"PropertyValueSpecification\",\"valueRequired\":true,\"valueName\":\"search_term_string\"}}],\"inLanguage\":\"pt-BR\"},{\"@type\":\"Organization\",\"@id\":\"https:\/\/redeicm.org.br\/purissimo\/#organization\",\"name\":\"Col\u00e9gio Pur\u00edssimo Cora\u00e7\u00e3o de Maria | Rede ICM de educa\u00e7\u00e3o\",\"url\":\"https:\/\/redeicm.org.br\/purissimo\/\",\"logo\":{\"@type\":\"ImageObject\",\"inLanguage\":\"pt-BR\",\"@id\":\"https:\/\/redeicm.org.br\/purissimo\/#\/schema\/logo\/image\/\",\"url\":\"https:\/\/redeicm.org.br\/purissimo\/wp-content\/uploads\/sites\/20\/2024\/08\/ICM_Educacao_Purissimo-12-1024x450-1.webp\",\"contentUrl\":\"https:\/\/redeicm.org.br\/purissimo\/wp-content\/uploads\/sites\/20\/2024\/08\/ICM_Educacao_Purissimo-12-1024x450-1.webp\",\"width\":1024,\"height\":450,\"caption\":\"Col\u00e9gio Pur\u00edssimo Cora\u00e7\u00e3o de Maria | Rede ICM de educa\u00e7\u00e3o\"},\"image\":{\"@id\":\"https:\/\/redeicm.org.br\/purissimo\/#\/schema\/logo\/image\/\"}}]}<\/script>\n<!-- \/ Yoast SEO plugin. -->","yoast_head_json":{"title":"Normas - Educa\u00e7\u00e3o Infantil - Col\u00e9gio Pur\u00edssimo Cora\u00e7\u00e3o de Maria | Rede ICM de educa\u00e7\u00e3o","robots":{"index":"index","follow":"follow","max-snippet":"max-snippet:-1","max-image-preview":"max-image-preview:large","max-video-preview":"max-video-preview:-1"},"canonical":"https:\/\/redeicm.org.br\/purissimo\/normas-educacao-infantil\/","og_locale":"pt_BR","og_type":"article","og_title":"Normas - Educa\u00e7\u00e3o Infantil - Col\u00e9gio Pur\u00edssimo Cora\u00e7\u00e3o de Maria | Rede ICM de educa\u00e7\u00e3o","og_description":"Principais orienta\u00e7\u00f5es\u00a0 Para garantir a seguran\u00e7a, o bem-estar e o melhor aproveitamento de cada crian\u00e7a em nossa escola, preparamos algumas orienta\u00e7\u00f5es importantes sobre o nosso dia a dia. Elas foram pensadas para fortalecer a parceria entre fam\u00edlia e escola, criando um ambiente ainda mais acolhedor para todos. Comunica\u00e7\u00e3o Eficaz e Organizada Aplicativo \u201cRede ICM\u201d:\u00a0 Ele [&hellip;]","og_url":"https:\/\/redeicm.org.br\/purissimo\/normas-educacao-infantil\/","og_site_name":"Col\u00e9gio Pur\u00edssimo Cora\u00e7\u00e3o de Maria | Rede ICM de educa\u00e7\u00e3o","article_modified_time":"2025-06-27T19:08:49+00:00","twitter_card":"summary_large_image","twitter_misc":{"Est. tempo de leitura":"2 minutos"},"schema":{"@context":"https:\/\/schema.org","@graph":[{"@type":"WebPage","@id":"https:\/\/redeicm.org.br\/purissimo\/normas-educacao-infantil\/","url":"https:\/\/redeicm.org.br\/purissimo\/normas-educacao-infantil\/","name":"Normas - Educa\u00e7\u00e3o Infantil - Col\u00e9gio Pur\u00edssimo Cora\u00e7\u00e3o de Maria | Rede ICM de educa\u00e7\u00e3o","isPartOf":{"@id":"https:\/\/redeicm.org.br\/purissimo\/#website"},"datePublished":"2024-08-21T23:46:23+00:00","dateModified":"2025-06-27T19:08:49+00:00","breadcrumb":{"@id":"https:\/\/redeicm.org.br\/purissimo\/normas-educacao-infantil\/#breadcrumb"},"inLanguage":"pt-BR","potentialAction":[{"@type":"ReadAction","target":["https:\/\/redeicm.org.br\/purissimo\/normas-educacao-infantil\/"]}]},{"@type":"BreadcrumbList","@id":"https:\/\/redeicm.org.br\/purissimo\/normas-educacao-infantil\/#breadcrumb","itemListElement":[{"@type":"ListItem","position":1,"name":"In\u00edcio","item":"https:\/\/redeicm.org.br\/purissimo\/"},{"@type":"ListItem","position":2,"name":"Normas &#8211; Educa\u00e7\u00e3o Infantil"}]},{"@type":"WebSite","@id":"https:\/\/redeicm.org.br\/purissimo\/#website","url":"https:\/\/redeicm.org.br\/purissimo\/","name":"Col\u00e9gio Pur\u00edssimo Cora\u00e7\u00e3o de Maria | Rede ICM de educa\u00e7\u00e3o","description":"","publisher":{"@id":"https:\/\/redeicm.org.br\/purissimo\/#organization"},"potentialAction":[{"@type":"SearchAction","target":{"@type":"EntryPoint","urlTemplate":"https:\/\/redeicm.org.br\/purissimo\/?s={search_term_string}"},"query-input":{"@type":"PropertyValueSpecification","valueRequired":true,"valueName":"search_term_string"}}],"inLanguage":"pt-BR"},{"@type":"Organization","@id":"https:\/\/redeicm.org.br\/purissimo\/#organization","name":"Col\u00e9gio Pur\u00edssimo Cora\u00e7\u00e3o de Maria | Rede ICM de educa\u00e7\u00e3o","url":"https:\/\/redeicm.org.br\/purissimo\/","logo":{"@type":"ImageObject","inLanguage":"pt-BR","@id":"https:\/\/redeicm.org.br\/purissimo\/#\/schema\/logo\/image\/","url":"https:\/\/redeicm.org.br\/purissimo\/wp-content\/uploads\/sites\/20\/2024\/08\/ICM_Educacao_Purissimo-12-1024x450-1.webp","contentUrl":"https:\/\/redeicm.org.br\/purissimo\/wp-content\/uploads\/sites\/20\/2024\/08\/ICM_Educacao_Purissimo-12-1024x450-1.webp","width":1024,"height":450,"caption":"Col\u00e9gio Pur\u00edssimo Cora\u00e7\u00e3o de Maria | Rede ICM de educa\u00e7\u00e3o"},"image":{"@id":"https:\/\/redeicm.org.br\/purissimo\/#\/schema\/logo\/image\/"}}]}},"_links":{"self":[{"href":"https:\/\/redeicm.org.br\/purissimo\/wp-json\/wp\/v2\/pages\/349","targetHints":{"allow":["GET"]}}],"collection":[{"href":"https:\/\/redeicm.org.br\/purissimo\/wp-json\/wp\/v2\/pages"}],"about":[{"href":"https:\/\/redeicm.org.br\/purissimo\/wp-json\/wp\/v2\/types\/page"}],"author":[{"embeddable":true,"href":"https:\/\/redeicm.org.br\/purissimo\/wp-json\/wp\/v2\/users\/1"}],"replies":[{"embeddable":true,"href":"https:\/\/redeicm.org.br\/purissimo\/wp-json\/wp\/v2\/comments?post=349"}],"version-history":[{"count":17,"href":"https:\/\/redeicm.org.br\/purissimo\/wp-json\/wp\/v2\/pages\/349\/revisions"}],"predecessor-version":[{"id":1510,"href":"https:\/\/redeicm.org.br\/purissimo\/wp-json\/wp\/v2\/pages\/349\/revisions\/1510"}],"wp:attachment":[{"href":"https:\/\/redeicm.org.br\/purissimo\/wp-json\/wp\/v2\/media?parent=349"}],"curies":[{"name":"wp","href":"https:\/\/api.w.org\/{rel}","templated":true}]}}