{"id":316,"date":"2024-08-21T20:30:57","date_gmt":"2024-08-21T23:30:57","guid":{"rendered":"https:\/\/redeicm.org.br\/purissimo\/?page_id=316"},"modified":"2025-09-12T15:34:41","modified_gmt":"2025-09-12T18:34:41","slug":"turno-extracurricular-colegio-purissimo","status":"publish","type":"page","link":"https:\/\/redeicm.org.br\/purissimo\/turno-extracurricular-colegio-purissimo\/","title":{"rendered":"Turno Extracurricular Col\u00e9gio Pur\u00edssimo Rio Claro"},"content":{"rendered":"\t\t<div data-elementor-type=\"wp-page\" data-elementor-id=\"316\" class=\"elementor elementor-316\" data-elementor-post-type=\"page\">\n\t\t\t\t<div class=\"elementor-element elementor-element-3b8077ab e-flex e-con-boxed e-con e-parent\" data-id=\"3b8077ab\" data-element_type=\"container\" data-e-type=\"container\" data-settings=\"{&quot;background_background&quot;:&quot;classic&quot;}\">\n\t\t\t\t\t<div class=\"e-con-inner\">\n\t\t\t\t<div class=\"elementor-element elementor-element-a123d5e elementor-widget elementor-widget-heading\" data-id=\"a123d5e\" data-element_type=\"widget\" data-e-type=\"widget\" data-widget_type=\"heading.default\">\n\t\t\t\t<div class=\"elementor-widget-container\">\n\t\t\t\t\t<h1 class=\"elementor-heading-title elementor-size-default\">Turno Extracurricular Col\u00e9gio Pur\u00edssimo Rio Claro<\/h1>\t\t\t\t<\/div>\n\t\t\t\t<\/div>\n\t\t\t\t\t<\/div>\n\t\t\t\t<\/div>\n\t\t<div class=\"elementor-element elementor-element-c0f3ab9 e-flex e-con-boxed e-con e-parent\" data-id=\"c0f3ab9\" data-element_type=\"container\" data-e-type=\"container\">\n\t\t\t\t\t<div class=\"e-con-inner\">\n\t\t\t\t<div class=\"elementor-element elementor-element-15722a4 elementor-invisible elementor-widget elementor-widget-text-editor\" data-id=\"15722a4\" data-element_type=\"widget\" data-e-type=\"widget\" data-settings=\"{&quot;_animation&quot;:&quot;fadeInUp&quot;}\" data-widget_type=\"text-editor.default\">\n\t\t\t\t<div class=\"elementor-widget-container\">\n\t\t\t\t\t\t\t\t\t<h2><b>Turno Extracurricular (Integral): Onde o cuidado encontra a divers\u00e3o e o aprendizado!<\/b><\/h2><p><strong data-start=\"222\" data-end=\"284\">O Turno Extracurricular do Col\u00e9gio Pur\u00edssimo em Rio Claro<\/strong> foi pensado para oferecer mais tranquilidade \u00e0s fam\u00edlias e mais oportunidades de aprendizado para os estudantes. Aqui, as crian\u00e7as permanecem em um ambiente que j\u00e1 conhecem, adoram e onde se sentem totalmente seguras. No per\u00edodo estendido, os alunos ampliam sua forma\u00e7\u00e3o com atividades em artes, esportes, m\u00fasica, dan\u00e7a e tecnologia. Al\u00e9m disso, garante mais aprendizado e desenvolvimento integral. Assim, o<span style=\"font-weight: bolder\" data-start=\"222\" data-end=\"284\">\u00a0Turno Extracurricular do Col\u00e9gio Pur\u00edssimo em Rio Claro<\/span> representa a extens\u00e3o do lar do(a) seu(a) pequeno(a), em um espa\u00e7o seguro e acolhedor, onde cada descoberta \u00e9 celebrada e cada talento \u00e9 estimulado.<\/p><p>Chega de tarde em frente \u00e0 TV ou ao celular! Aqui, a rotina \u00e9 outra: \u00e9 brincadeira de verdade, amizade que floresce e aprendizado que ganha vida. Com uma programa\u00e7\u00e3o pensada nos m\u00ednimos detalhes, transformamos o tempo extra em uma aventura de crescimento. Dessa forma seu(a) filho(a) vai se divertir, socializar, adquirir autonomia, aprender e se desenvolver de um jeito que voc\u00ea nem imagina!<\/p><h2><strong>Por que escolher o Turno Extracurricular do Col\u00e9gio Pur\u00edssimo.<\/strong><\/h2><ul><li><b>Seguran\u00e7a e aconchego:\u00a0<\/b>um ambiente familiar onde ele(a) j\u00e1 tem seus amigos e professores, sentindo-se amado(a) e cuidado(a) em cada momento.<\/li><li><b>Rotina equilibrada:<\/b>\u00a0misturamos o acompanhamento das tarefas escolares com muita divers\u00e3o e criatividade. \u00c9 a dose certa de estudo e lazer para que ele(a) cres\u00e7a feliz!<\/li><li><b>Desenvolvimento pleno:<\/b> atividades que estimulam a autonomia, a colabora\u00e7\u00e3o e a intelig\u00eancia emocional. Dessa forma seu(a) filho(a) vai aprender a voar cada vez mais alto!<\/li><li><b>Alimenta\u00e7\u00e3o gostosa e cuidados essenciais:<\/b> lanche e almo\u00e7o preparados com carinho e pensando na sa\u00fade, al\u00e9m de um tempo para o descanso e depois a higiene pessoal, que tamb\u00e9m \u00e9 muito importante!<\/li><li><b>Um mundo de atividades:<\/b>\u00a0de\u00a0<a href=\"https:\/\/abem.mus.br\/\" target=\"_blank\" rel=\"noopener\">musicaliza\u00e7\u00e3o<\/a>\u00a0a\u00a0<a href=\"https:\/\/www.cbj.com.br\" target=\"_blank\" rel=\"noopener\">jud\u00f4<\/a>, passando por dan\u00e7a, oficinas de arte e culin\u00e1ria, projeto \u201cmaker\u201d, clubinhos de ci\u00eancias e investiga\u00e7\u00e3o cient\u00edfica, s\u00e3o muitas as possibilidades para descobrir novos talentos e habilidades!<\/li><li><b>Amizades e Valores:<\/b>\u00a0Nosso ambiente multi-idade promove a troca entre crian\u00e7as de diferentes idades, ensinando empatia, respeito e a import\u00e2ncia de compartilhar.<\/li><\/ul><p>Nosso Turno Integral \u00e9 perfeito para alunos da <a href=\"https:\/\/redeicm.org.br\/purissimo\/educacao-infantil-2\/\" target=\"_blank\" rel=\"noopener\">Educa\u00e7\u00e3o Infantil<\/a> ao 5\u00ba ano do <a href=\"https:\/\/redeicm.org.br\/purissimo\/ensino-fundamental\/\" target=\"_blank\" rel=\"noopener\">Ensino Fundamental<\/a> \u2013 Anos Iniciais.<\/p><h3><b>Hor\u00e1rios e como participar:<\/b><\/h3><ul><li><b>Das 11h50 \u00e0s 18h<\/b>\u00a0(ideal para quem estuda no per\u00edodo da manh\u00e3 e precisa de uma tarde recheada de coisas boas!).<\/li><li><b>Flexibilidade para a sua Fam\u00edlia:\u00a0<\/b>voc\u00ea pode escolher se quer o Turno Integral para todos os dias da semana ou apenas para aqueles dias que voc\u00ea mais precisa.<\/li><li><b>Cursos extracurriculares:\u00a0<\/b>essa \u00e9 a oportunidade de ficar em um ambiente seguro e conhecido, bem como realizar uma atividade cultural\u00a0 diferenciada a cada dia.<\/li><\/ul><p>Para garantir a vaga do(a) seu(a) filho(a) nessa jornada de alegria e aprendizado, \u00e9 s\u00f3 conversar com a secretaria do col\u00e9gio.<\/p><p>Venha descobrir como o Turno Extracurricular pode transformar as tardes em uma experi\u00eancia inesquec\u00edvel, cheia de descobertas e muito carinho!<\/p>\t\t\t\t\t\t\t\t<\/div>\n\t\t\t\t<\/div>\n\t\t\t\t\t<\/div>\n\t\t\t\t<\/div>\n\t\t\t\t<\/div>\n\t\t","protected":false},"excerpt":{"rendered":"<p>Turno Extracurricular (Integral): Onde o cuidado encontra a divers\u00e3o e o aprendizado! O Turno Extracurricular do Col\u00e9gio Pur\u00edssimo em Rio Claro foi pensado para oferecer mais tranquilidade \u00e0s fam\u00edlias e mais oportunidades de aprendizado para os estudantes. Aqui, as crian\u00e7as permanecem em um ambiente que j\u00e1 conhecem, adoram e onde se sentem totalmente seguras. No [&hellip;]<\/p>\n","protected":false},"author":1,"featured_media":0,"parent":0,"menu_order":0,"comment_status":"closed","ping_status":"closed","template":"","meta":{"_acf_changed":false,"footnotes":""},"class_list":["post-316","page","type-page","status-publish","hentry"],"acf":[],"yoast_head":"<!-- This site is optimized with the Yoast SEO plugin v26.3 - https:\/\/yoast.com\/wordpress\/plugins\/seo\/ -->\n<title>Turno Extracurricular Col\u00e9gio Pur\u00edssimo Rio Claro Col\u00e9gio Pur\u00edssimo Cora\u00e7\u00e3o de Maria | Rede ICM de educa\u00e7\u00e3o extracurricular<\/title>\n<meta name=\"description\" content=\"Descubra o Turno Extracurricular do Col\u00e9gio Pur\u00edssimo em Rio Claro-SP: atividades em artes, esportes, m\u00fasica, maker e cuidado integral que transformam tardes em experi\u00eancias de aprendizado e alegria.\" \/>\n<meta name=\"robots\" content=\"index, follow, max-snippet:-1, max-image-preview:large, max-video-preview:-1\" \/>\n<link rel=\"canonical\" href=\"https:\/\/redeicm.org.br\/purissimo\/turno-extracurricular-colegio-purissimo\/\" \/>\n<meta property=\"og:locale\" content=\"pt_BR\" \/>\n<meta property=\"og:type\" content=\"article\" \/>\n<meta property=\"og:title\" content=\"Turno Extracurricular Col\u00e9gio Pur\u00edssimo Rio Claro Col\u00e9gio Pur\u00edssimo Cora\u00e7\u00e3o de Maria | Rede ICM de educa\u00e7\u00e3o extracurricular\" \/>\n<meta property=\"og:description\" content=\"Descubra o Turno Extracurricular do Col\u00e9gio Pur\u00edssimo em Rio Claro-SP: atividades em artes, esportes, m\u00fasica, maker e cuidado integral que transformam tardes em experi\u00eancias de aprendizado e alegria.\" \/>\n<meta property=\"og:url\" content=\"https:\/\/redeicm.org.br\/purissimo\/turno-extracurricular-colegio-purissimo\/\" \/>\n<meta property=\"og:site_name\" content=\"Col\u00e9gio Pur\u00edssimo Cora\u00e7\u00e3o de Maria | Rede ICM de educa\u00e7\u00e3o\" \/>\n<meta property=\"article:modified_time\" content=\"2025-09-12T18:34:41+00:00\" \/>\n<meta name=\"twitter:card\" content=\"summary_large_image\" \/>\n<meta name=\"twitter:label1\" content=\"Est. tempo de leitura\" \/>\n\t<meta name=\"twitter:data1\" content=\"3 minutos\" \/>\n<script type=\"application\/ld+json\" class=\"yoast-schema-graph\">{\"@context\":\"https:\/\/schema.org\",\"@graph\":[{\"@type\":\"WebPage\",\"@id\":\"https:\/\/redeicm.org.br\/purissimo\/turno-extracurricular-colegio-purissimo\/\",\"url\":\"https:\/\/redeicm.org.br\/purissimo\/turno-extracurricular-colegio-purissimo\/\",\"name\":\"Turno Extracurricular Col\u00e9gio Pur\u00edssimo Rio Claro Col\u00e9gio Pur\u00edssimo Cora\u00e7\u00e3o de Maria | Rede ICM de educa\u00e7\u00e3o extracurricular\",\"isPartOf\":{\"@id\":\"https:\/\/redeicm.org.br\/purissimo\/#website\"},\"datePublished\":\"2024-08-21T23:30:57+00:00\",\"dateModified\":\"2025-09-12T18:34:41+00:00\",\"description\":\"Descubra o Turno Extracurricular do Col\u00e9gio Pur\u00edssimo em Rio Claro-SP: atividades em artes, esportes, m\u00fasica, maker e cuidado integral que transformam tardes em experi\u00eancias de aprendizado e alegria.\",\"breadcrumb\":{\"@id\":\"https:\/\/redeicm.org.br\/purissimo\/turno-extracurricular-colegio-purissimo\/#breadcrumb\"},\"inLanguage\":\"pt-BR\",\"potentialAction\":[{\"@type\":\"ReadAction\",\"target\":[\"https:\/\/redeicm.org.br\/purissimo\/turno-extracurricular-colegio-purissimo\/\"]}]},{\"@type\":\"BreadcrumbList\",\"@id\":\"https:\/\/redeicm.org.br\/purissimo\/turno-extracurricular-colegio-purissimo\/#breadcrumb\",\"itemListElement\":[{\"@type\":\"ListItem\",\"position\":1,\"name\":\"In\u00edcio\",\"item\":\"https:\/\/redeicm.org.br\/purissimo\/\"},{\"@type\":\"ListItem\",\"position\":2,\"name\":\"Turno Extracurricular Col\u00e9gio Pur\u00edssimo Rio Claro\"}]},{\"@type\":\"WebSite\",\"@id\":\"https:\/\/redeicm.org.br\/purissimo\/#website\",\"url\":\"https:\/\/redeicm.org.br\/purissimo\/\",\"name\":\"Col\u00e9gio Pur\u00edssimo Cora\u00e7\u00e3o de Maria | Rede ICM de educa\u00e7\u00e3o\",\"description\":\"\",\"publisher\":{\"@id\":\"https:\/\/redeicm.org.br\/purissimo\/#organization\"},\"potentialAction\":[{\"@type\":\"SearchAction\",\"target\":{\"@type\":\"EntryPoint\",\"urlTemplate\":\"https:\/\/redeicm.org.br\/purissimo\/?s={search_term_string}\"},\"query-input\":{\"@type\":\"PropertyValueSpecification\",\"valueRequired\":true,\"valueName\":\"search_term_string\"}}],\"inLanguage\":\"pt-BR\"},{\"@type\":\"Organization\",\"@id\":\"https:\/\/redeicm.org.br\/purissimo\/#organization\",\"name\":\"Col\u00e9gio Pur\u00edssimo Cora\u00e7\u00e3o de Maria | Rede ICM de educa\u00e7\u00e3o\",\"url\":\"https:\/\/redeicm.org.br\/purissimo\/\",\"logo\":{\"@type\":\"ImageObject\",\"inLanguage\":\"pt-BR\",\"@id\":\"https:\/\/redeicm.org.br\/purissimo\/#\/schema\/logo\/image\/\",\"url\":\"https:\/\/redeicm.org.br\/purissimo\/wp-content\/uploads\/sites\/20\/2024\/08\/ICM_Educacao_Purissimo-12-1024x450-1.webp\",\"contentUrl\":\"https:\/\/redeicm.org.br\/purissimo\/wp-content\/uploads\/sites\/20\/2024\/08\/ICM_Educacao_Purissimo-12-1024x450-1.webp\",\"width\":1024,\"height\":450,\"caption\":\"Col\u00e9gio Pur\u00edssimo Cora\u00e7\u00e3o de Maria | Rede ICM de educa\u00e7\u00e3o\"},\"image\":{\"@id\":\"https:\/\/redeicm.org.br\/purissimo\/#\/schema\/logo\/image\/\"}}]}<\/script>\n<!-- \/ Yoast SEO plugin. -->","yoast_head_json":{"title":"Turno Extracurricular Col\u00e9gio Pur\u00edssimo Rio Claro Col\u00e9gio Pur\u00edssimo Cora\u00e7\u00e3o de Maria | Rede ICM de educa\u00e7\u00e3o extracurricular","description":"Descubra o Turno Extracurricular do Col\u00e9gio Pur\u00edssimo em Rio Claro-SP: atividades em artes, esportes, m\u00fasica, maker e cuidado integral que transformam tardes em experi\u00eancias de aprendizado e alegria.","robots":{"index":"index","follow":"follow","max-snippet":"max-snippet:-1","max-image-preview":"max-image-preview:large","max-video-preview":"max-video-preview:-1"},"canonical":"https:\/\/redeicm.org.br\/purissimo\/turno-extracurricular-colegio-purissimo\/","og_locale":"pt_BR","og_type":"article","og_title":"Turno Extracurricular Col\u00e9gio Pur\u00edssimo Rio Claro Col\u00e9gio Pur\u00edssimo Cora\u00e7\u00e3o de Maria | Rede ICM de educa\u00e7\u00e3o extracurricular","og_description":"Descubra o Turno Extracurricular do Col\u00e9gio Pur\u00edssimo em Rio Claro-SP: atividades em artes, esportes, m\u00fasica, maker e cuidado integral que transformam tardes em experi\u00eancias de aprendizado e alegria.","og_url":"https:\/\/redeicm.org.br\/purissimo\/turno-extracurricular-colegio-purissimo\/","og_site_name":"Col\u00e9gio Pur\u00edssimo Cora\u00e7\u00e3o de Maria | Rede ICM de educa\u00e7\u00e3o","article_modified_time":"2025-09-12T18:34:41+00:00","twitter_card":"summary_large_image","twitter_misc":{"Est. tempo de leitura":"3 minutos"},"schema":{"@context":"https:\/\/schema.org","@graph":[{"@type":"WebPage","@id":"https:\/\/redeicm.org.br\/purissimo\/turno-extracurricular-colegio-purissimo\/","url":"https:\/\/redeicm.org.br\/purissimo\/turno-extracurricular-colegio-purissimo\/","name":"Turno Extracurricular Col\u00e9gio Pur\u00edssimo Rio Claro Col\u00e9gio Pur\u00edssimo Cora\u00e7\u00e3o de Maria | Rede ICM de educa\u00e7\u00e3o extracurricular","isPartOf":{"@id":"https:\/\/redeicm.org.br\/purissimo\/#website"},"datePublished":"2024-08-21T23:30:57+00:00","dateModified":"2025-09-12T18:34:41+00:00","description":"Descubra o Turno Extracurricular do Col\u00e9gio Pur\u00edssimo em Rio Claro-SP: atividades em artes, esportes, m\u00fasica, maker e cuidado integral que transformam tardes em experi\u00eancias de aprendizado e alegria.","breadcrumb":{"@id":"https:\/\/redeicm.org.br\/purissimo\/turno-extracurricular-colegio-purissimo\/#breadcrumb"},"inLanguage":"pt-BR","potentialAction":[{"@type":"ReadAction","target":["https:\/\/redeicm.org.br\/purissimo\/turno-extracurricular-colegio-purissimo\/"]}]},{"@type":"BreadcrumbList","@id":"https:\/\/redeicm.org.br\/purissimo\/turno-extracurricular-colegio-purissimo\/#breadcrumb","itemListElement":[{"@type":"ListItem","position":1,"name":"In\u00edcio","item":"https:\/\/redeicm.org.br\/purissimo\/"},{"@type":"ListItem","position":2,"name":"Turno Extracurricular Col\u00e9gio Pur\u00edssimo Rio Claro"}]},{"@type":"WebSite","@id":"https:\/\/redeicm.org.br\/purissimo\/#website","url":"https:\/\/redeicm.org.br\/purissimo\/","name":"Col\u00e9gio Pur\u00edssimo Cora\u00e7\u00e3o de Maria | Rede ICM de educa\u00e7\u00e3o","description":"","publisher":{"@id":"https:\/\/redeicm.org.br\/purissimo\/#organization"},"potentialAction":[{"@type":"SearchAction","target":{"@type":"EntryPoint","urlTemplate":"https:\/\/redeicm.org.br\/purissimo\/?s={search_term_string}"},"query-input":{"@type":"PropertyValueSpecification","valueRequired":true,"valueName":"search_term_string"}}],"inLanguage":"pt-BR"},{"@type":"Organization","@id":"https:\/\/redeicm.org.br\/purissimo\/#organization","name":"Col\u00e9gio Pur\u00edssimo Cora\u00e7\u00e3o de Maria | Rede ICM de educa\u00e7\u00e3o","url":"https:\/\/redeicm.org.br\/purissimo\/","logo":{"@type":"ImageObject","inLanguage":"pt-BR","@id":"https:\/\/redeicm.org.br\/purissimo\/#\/schema\/logo\/image\/","url":"https:\/\/redeicm.org.br\/purissimo\/wp-content\/uploads\/sites\/20\/2024\/08\/ICM_Educacao_Purissimo-12-1024x450-1.webp","contentUrl":"https:\/\/redeicm.org.br\/purissimo\/wp-content\/uploads\/sites\/20\/2024\/08\/ICM_Educacao_Purissimo-12-1024x450-1.webp","width":1024,"height":450,"caption":"Col\u00e9gio Pur\u00edssimo Cora\u00e7\u00e3o de Maria | Rede ICM de educa\u00e7\u00e3o"},"image":{"@id":"https:\/\/redeicm.org.br\/purissimo\/#\/schema\/logo\/image\/"}}]}},"_links":{"self":[{"href":"https:\/\/redeicm.org.br\/purissimo\/wp-json\/wp\/v2\/pages\/316","targetHints":{"allow":["GET"]}}],"collection":[{"href":"https:\/\/redeicm.org.br\/purissimo\/wp-json\/wp\/v2\/pages"}],"about":[{"href":"https:\/\/redeicm.org.br\/purissimo\/wp-json\/wp\/v2\/types\/page"}],"author":[{"embeddable":true,"href":"https:\/\/redeicm.org.br\/purissimo\/wp-json\/wp\/v2\/users\/1"}],"replies":[{"embeddable":true,"href":"https:\/\/redeicm.org.br\/purissimo\/wp-json\/wp\/v2\/comments?post=316"}],"version-history":[{"count":56,"href":"https:\/\/redeicm.org.br\/purissimo\/wp-json\/wp\/v2\/pages\/316\/revisions"}],"predecessor-version":[{"id":5096,"href":"https:\/\/redeicm.org.br\/purissimo\/wp-json\/wp\/v2\/pages\/316\/revisions\/5096"}],"wp:attachment":[{"href":"https:\/\/redeicm.org.br\/purissimo\/wp-json\/wp\/v2\/media?parent=316"}],"curies":[{"name":"wp","href":"https:\/\/api.w.org\/{rel}","templated":true}]}}