{"id":307,"date":"2024-08-21T20:26:17","date_gmt":"2024-08-21T23:26:17","guid":{"rendered":"https:\/\/redeicm.org.br\/purissimo\/?page_id=307"},"modified":"2025-06-30T11:25:53","modified_gmt":"2025-06-30T14:25:53","slug":"turno-estendido-com-refeicao","status":"publish","type":"page","link":"https:\/\/redeicm.org.br\/purissimo\/turno-estendido-com-refeicao\/","title":{"rendered":"Turno Estendido com Refei\u00e7\u00e3o"},"content":{"rendered":"\t\t<div data-elementor-type=\"wp-page\" data-elementor-id=\"307\" class=\"elementor elementor-307\" data-elementor-post-type=\"page\">\n\t\t\t\t<div class=\"elementor-element elementor-element-6c629785 e-flex e-con-boxed e-con e-parent\" data-id=\"6c629785\" data-element_type=\"container\" data-e-type=\"container\" data-settings=\"{&quot;background_background&quot;:&quot;classic&quot;}\">\n\t\t\t\t\t<div class=\"e-con-inner\">\n\t\t\t\t<div class=\"elementor-element elementor-element-12d0e23f elementor-widget elementor-widget-heading\" data-id=\"12d0e23f\" data-element_type=\"widget\" data-e-type=\"widget\" data-widget_type=\"heading.default\">\n\t\t\t\t<div class=\"elementor-widget-container\">\n\t\t\t\t\t<h1 class=\"elementor-heading-title elementor-size-default\">Turno Estendido com Refei\u00e7\u00e3o<\/h1>\t\t\t\t<\/div>\n\t\t\t\t<\/div>\n\t\t\t\t\t<\/div>\n\t\t\t\t<\/div>\n\t\t<div class=\"elementor-element elementor-element-ec6f1f4 e-flex e-con-boxed e-con e-parent\" data-id=\"ec6f1f4\" data-element_type=\"container\" data-e-type=\"container\">\n\t\t\t\t\t<div class=\"e-con-inner\">\n\t\t\t\t<div class=\"elementor-element elementor-element-40779e3 elementor-invisible elementor-widget elementor-widget-text-editor\" data-id=\"40779e3\" data-element_type=\"widget\" data-e-type=\"widget\" data-settings=\"{&quot;_animation&quot;:&quot;fadeInUp&quot;}\" data-widget_type=\"text-editor.default\">\n\t\t\t\t<div class=\"elementor-widget-container\">\n\t\t\t\t\t\t\t\t\t<h2><b>Turno Estendido: Almo\u00e7o Saud\u00e1vel e Seguro para o seu Filho!<\/b><\/h2><p>Sabemos que a rotina das fam\u00edlias pode ser corrida, e garantir que seu filho tenha um almo\u00e7o de qualidade em um ambiente seguro \u00e9 uma prioridade. Pensando nisso, o Col\u00e9gio oferece o servi\u00e7o de Turno Estendido, especialmente para atender \u00e0s necessidades dos alunos da Educa\u00e7\u00e3o Infantil ao 5\u00ba ano do Ensino Fundamental Anos Iniciais.<\/p><p>Se o seu filho estuda no per\u00edodo da manh\u00e3 ou da tarde, e voc\u00ea precisa de um apoio no hor\u00e1rio do almo\u00e7o, nosso Turno Estendido \u00e9 a solu\u00e7\u00e3o ideal! Das 12h \u00e0s 13h, seu pequeno ter\u00e1 um espa\u00e7o acolhedor e supervisionado, onde poder\u00e1 desfrutar de uma alimenta\u00e7\u00e3o nutritiva e balanceada, preparada com todo o cuidado pela nossa equipe.<\/p><p>Mais do que apenas uma refei\u00e7\u00e3o, oferecemos tranquilidade para voc\u00ea e bem-estar para o seu filho. \u00c9 a garantia de que ele estar\u00e1 em um local seguro e com a aten\u00e7\u00e3o que merece durante o intervalo do almo\u00e7o.<\/p><h3><b>Como Contratar?<\/b><\/h3><p>Para garantir a vaga do seu filho no Turno Estendido, a contrata\u00e7\u00e3o deve ser feita com um dia de anteced\u00eancia diretamente na contabilidade do Col\u00e9gio.<\/p><p>N\u00e3o perca essa oportunidade de proporcionar mais conforto e seguran\u00e7a para a jornada escolar do seu filho. Entre em contato com a nossa contabilidade para mais informa\u00e7\u00f5es e garanta j\u00e1 a participa\u00e7\u00e3o dele!<\/p>\t\t\t\t\t\t\t\t<\/div>\n\t\t\t\t<\/div>\n\t\t\t\t\t<\/div>\n\t\t\t\t<\/div>\n\t\t\t\t<\/div>\n\t\t","protected":false},"excerpt":{"rendered":"<p>Turno Estendido: Almo\u00e7o Saud\u00e1vel e Seguro para o seu Filho! Sabemos que a rotina das fam\u00edlias pode ser corrida, e garantir que seu filho tenha um almo\u00e7o de qualidade em um ambiente seguro \u00e9 uma prioridade. Pensando nisso, o Col\u00e9gio oferece o servi\u00e7o de Turno Estendido, especialmente para atender \u00e0s necessidades dos alunos da Educa\u00e7\u00e3o [&hellip;]<\/p>\n","protected":false},"author":1,"featured_media":0,"parent":0,"menu_order":0,"comment_status":"closed","ping_status":"closed","template":"","meta":{"_acf_changed":false,"footnotes":""},"class_list":["post-307","page","type-page","status-publish","hentry"],"acf":[],"yoast_head":"<!-- This site is optimized with the Yoast SEO plugin v26.3 - https:\/\/yoast.com\/wordpress\/plugins\/seo\/ -->\n<title>Turno Estendido com Refei\u00e7\u00e3o - Col\u00e9gio Pur\u00edssimo Cora\u00e7\u00e3o de Maria | Rede ICM de educa\u00e7\u00e3o<\/title>\n<meta name=\"robots\" content=\"index, follow, max-snippet:-1, max-image-preview:large, max-video-preview:-1\" \/>\n<link rel=\"canonical\" href=\"https:\/\/redeicm.org.br\/purissimo\/turno-estendido-com-refeicao\/\" \/>\n<meta property=\"og:locale\" content=\"pt_BR\" \/>\n<meta property=\"og:type\" content=\"article\" \/>\n<meta property=\"og:title\" content=\"Turno Estendido com Refei\u00e7\u00e3o - Col\u00e9gio Pur\u00edssimo Cora\u00e7\u00e3o de Maria | Rede ICM de educa\u00e7\u00e3o\" \/>\n<meta property=\"og:description\" content=\"Turno Estendido: Almo\u00e7o Saud\u00e1vel e Seguro para o seu Filho! Sabemos que a rotina das fam\u00edlias pode ser corrida, e garantir que seu filho tenha um almo\u00e7o de qualidade em um ambiente seguro \u00e9 uma prioridade. Pensando nisso, o Col\u00e9gio oferece o servi\u00e7o de Turno Estendido, especialmente para atender \u00e0s necessidades dos alunos da Educa\u00e7\u00e3o [&hellip;]\" \/>\n<meta property=\"og:url\" content=\"https:\/\/redeicm.org.br\/purissimo\/turno-estendido-com-refeicao\/\" \/>\n<meta property=\"og:site_name\" content=\"Col\u00e9gio Pur\u00edssimo Cora\u00e7\u00e3o de Maria | Rede ICM de educa\u00e7\u00e3o\" \/>\n<meta property=\"article:modified_time\" content=\"2025-06-30T14:25:53+00:00\" \/>\n<meta name=\"twitter:card\" content=\"summary_large_image\" \/>\n<meta name=\"twitter:label1\" content=\"Est. tempo de leitura\" \/>\n\t<meta name=\"twitter:data1\" content=\"2 minutos\" \/>\n<script type=\"application\/ld+json\" class=\"yoast-schema-graph\">{\"@context\":\"https:\/\/schema.org\",\"@graph\":[{\"@type\":\"WebPage\",\"@id\":\"https:\/\/redeicm.org.br\/purissimo\/turno-estendido-com-refeicao\/\",\"url\":\"https:\/\/redeicm.org.br\/purissimo\/turno-estendido-com-refeicao\/\",\"name\":\"Turno Estendido com Refei\u00e7\u00e3o - Col\u00e9gio Pur\u00edssimo Cora\u00e7\u00e3o de Maria | Rede ICM de educa\u00e7\u00e3o\",\"isPartOf\":{\"@id\":\"https:\/\/redeicm.org.br\/purissimo\/#website\"},\"datePublished\":\"2024-08-21T23:26:17+00:00\",\"dateModified\":\"2025-06-30T14:25:53+00:00\",\"breadcrumb\":{\"@id\":\"https:\/\/redeicm.org.br\/purissimo\/turno-estendido-com-refeicao\/#breadcrumb\"},\"inLanguage\":\"pt-BR\",\"potentialAction\":[{\"@type\":\"ReadAction\",\"target\":[\"https:\/\/redeicm.org.br\/purissimo\/turno-estendido-com-refeicao\/\"]}]},{\"@type\":\"BreadcrumbList\",\"@id\":\"https:\/\/redeicm.org.br\/purissimo\/turno-estendido-com-refeicao\/#breadcrumb\",\"itemListElement\":[{\"@type\":\"ListItem\",\"position\":1,\"name\":\"In\u00edcio\",\"item\":\"https:\/\/redeicm.org.br\/purissimo\/\"},{\"@type\":\"ListItem\",\"position\":2,\"name\":\"Turno Estendido com Refei\u00e7\u00e3o\"}]},{\"@type\":\"WebSite\",\"@id\":\"https:\/\/redeicm.org.br\/purissimo\/#website\",\"url\":\"https:\/\/redeicm.org.br\/purissimo\/\",\"name\":\"Col\u00e9gio Pur\u00edssimo Cora\u00e7\u00e3o de Maria | Rede ICM de educa\u00e7\u00e3o\",\"description\":\"\",\"publisher\":{\"@id\":\"https:\/\/redeicm.org.br\/purissimo\/#organization\"},\"potentialAction\":[{\"@type\":\"SearchAction\",\"target\":{\"@type\":\"EntryPoint\",\"urlTemplate\":\"https:\/\/redeicm.org.br\/purissimo\/?s={search_term_string}\"},\"query-input\":{\"@type\":\"PropertyValueSpecification\",\"valueRequired\":true,\"valueName\":\"search_term_string\"}}],\"inLanguage\":\"pt-BR\"},{\"@type\":\"Organization\",\"@id\":\"https:\/\/redeicm.org.br\/purissimo\/#organization\",\"name\":\"Col\u00e9gio Pur\u00edssimo Cora\u00e7\u00e3o de Maria | Rede ICM de educa\u00e7\u00e3o\",\"url\":\"https:\/\/redeicm.org.br\/purissimo\/\",\"logo\":{\"@type\":\"ImageObject\",\"inLanguage\":\"pt-BR\",\"@id\":\"https:\/\/redeicm.org.br\/purissimo\/#\/schema\/logo\/image\/\",\"url\":\"https:\/\/redeicm.org.br\/purissimo\/wp-content\/uploads\/sites\/20\/2024\/08\/ICM_Educacao_Purissimo-12-1024x450-1.webp\",\"contentUrl\":\"https:\/\/redeicm.org.br\/purissimo\/wp-content\/uploads\/sites\/20\/2024\/08\/ICM_Educacao_Purissimo-12-1024x450-1.webp\",\"width\":1024,\"height\":450,\"caption\":\"Col\u00e9gio Pur\u00edssimo Cora\u00e7\u00e3o de Maria | Rede ICM de educa\u00e7\u00e3o\"},\"image\":{\"@id\":\"https:\/\/redeicm.org.br\/purissimo\/#\/schema\/logo\/image\/\"}}]}<\/script>\n<!-- \/ Yoast SEO plugin. -->","yoast_head_json":{"title":"Turno Estendido com Refei\u00e7\u00e3o - Col\u00e9gio Pur\u00edssimo Cora\u00e7\u00e3o de Maria | Rede ICM de educa\u00e7\u00e3o","robots":{"index":"index","follow":"follow","max-snippet":"max-snippet:-1","max-image-preview":"max-image-preview:large","max-video-preview":"max-video-preview:-1"},"canonical":"https:\/\/redeicm.org.br\/purissimo\/turno-estendido-com-refeicao\/","og_locale":"pt_BR","og_type":"article","og_title":"Turno Estendido com Refei\u00e7\u00e3o - Col\u00e9gio Pur\u00edssimo Cora\u00e7\u00e3o de Maria | Rede ICM de educa\u00e7\u00e3o","og_description":"Turno Estendido: Almo\u00e7o Saud\u00e1vel e Seguro para o seu Filho! Sabemos que a rotina das fam\u00edlias pode ser corrida, e garantir que seu filho tenha um almo\u00e7o de qualidade em um ambiente seguro \u00e9 uma prioridade. Pensando nisso, o Col\u00e9gio oferece o servi\u00e7o de Turno Estendido, especialmente para atender \u00e0s necessidades dos alunos da Educa\u00e7\u00e3o [&hellip;]","og_url":"https:\/\/redeicm.org.br\/purissimo\/turno-estendido-com-refeicao\/","og_site_name":"Col\u00e9gio Pur\u00edssimo Cora\u00e7\u00e3o de Maria | Rede ICM de educa\u00e7\u00e3o","article_modified_time":"2025-06-30T14:25:53+00:00","twitter_card":"summary_large_image","twitter_misc":{"Est. tempo de leitura":"2 minutos"},"schema":{"@context":"https:\/\/schema.org","@graph":[{"@type":"WebPage","@id":"https:\/\/redeicm.org.br\/purissimo\/turno-estendido-com-refeicao\/","url":"https:\/\/redeicm.org.br\/purissimo\/turno-estendido-com-refeicao\/","name":"Turno Estendido com Refei\u00e7\u00e3o - Col\u00e9gio Pur\u00edssimo Cora\u00e7\u00e3o de Maria | Rede ICM de educa\u00e7\u00e3o","isPartOf":{"@id":"https:\/\/redeicm.org.br\/purissimo\/#website"},"datePublished":"2024-08-21T23:26:17+00:00","dateModified":"2025-06-30T14:25:53+00:00","breadcrumb":{"@id":"https:\/\/redeicm.org.br\/purissimo\/turno-estendido-com-refeicao\/#breadcrumb"},"inLanguage":"pt-BR","potentialAction":[{"@type":"ReadAction","target":["https:\/\/redeicm.org.br\/purissimo\/turno-estendido-com-refeicao\/"]}]},{"@type":"BreadcrumbList","@id":"https:\/\/redeicm.org.br\/purissimo\/turno-estendido-com-refeicao\/#breadcrumb","itemListElement":[{"@type":"ListItem","position":1,"name":"In\u00edcio","item":"https:\/\/redeicm.org.br\/purissimo\/"},{"@type":"ListItem","position":2,"name":"Turno Estendido com Refei\u00e7\u00e3o"}]},{"@type":"WebSite","@id":"https:\/\/redeicm.org.br\/purissimo\/#website","url":"https:\/\/redeicm.org.br\/purissimo\/","name":"Col\u00e9gio Pur\u00edssimo Cora\u00e7\u00e3o de Maria | Rede ICM de educa\u00e7\u00e3o","description":"","publisher":{"@id":"https:\/\/redeicm.org.br\/purissimo\/#organization"},"potentialAction":[{"@type":"SearchAction","target":{"@type":"EntryPoint","urlTemplate":"https:\/\/redeicm.org.br\/purissimo\/?s={search_term_string}"},"query-input":{"@type":"PropertyValueSpecification","valueRequired":true,"valueName":"search_term_string"}}],"inLanguage":"pt-BR"},{"@type":"Organization","@id":"https:\/\/redeicm.org.br\/purissimo\/#organization","name":"Col\u00e9gio Pur\u00edssimo Cora\u00e7\u00e3o de Maria | Rede ICM de educa\u00e7\u00e3o","url":"https:\/\/redeicm.org.br\/purissimo\/","logo":{"@type":"ImageObject","inLanguage":"pt-BR","@id":"https:\/\/redeicm.org.br\/purissimo\/#\/schema\/logo\/image\/","url":"https:\/\/redeicm.org.br\/purissimo\/wp-content\/uploads\/sites\/20\/2024\/08\/ICM_Educacao_Purissimo-12-1024x450-1.webp","contentUrl":"https:\/\/redeicm.org.br\/purissimo\/wp-content\/uploads\/sites\/20\/2024\/08\/ICM_Educacao_Purissimo-12-1024x450-1.webp","width":1024,"height":450,"caption":"Col\u00e9gio Pur\u00edssimo Cora\u00e7\u00e3o de Maria | Rede ICM de educa\u00e7\u00e3o"},"image":{"@id":"https:\/\/redeicm.org.br\/purissimo\/#\/schema\/logo\/image\/"}}]}},"_links":{"self":[{"href":"https:\/\/redeicm.org.br\/purissimo\/wp-json\/wp\/v2\/pages\/307","targetHints":{"allow":["GET"]}}],"collection":[{"href":"https:\/\/redeicm.org.br\/purissimo\/wp-json\/wp\/v2\/pages"}],"about":[{"href":"https:\/\/redeicm.org.br\/purissimo\/wp-json\/wp\/v2\/types\/page"}],"author":[{"embeddable":true,"href":"https:\/\/redeicm.org.br\/purissimo\/wp-json\/wp\/v2\/users\/1"}],"replies":[{"embeddable":true,"href":"https:\/\/redeicm.org.br\/purissimo\/wp-json\/wp\/v2\/comments?post=307"}],"version-history":[{"count":16,"href":"https:\/\/redeicm.org.br\/purissimo\/wp-json\/wp\/v2\/pages\/307\/revisions"}],"predecessor-version":[{"id":1516,"href":"https:\/\/redeicm.org.br\/purissimo\/wp-json\/wp\/v2\/pages\/307\/revisions\/1516"}],"wp:attachment":[{"href":"https:\/\/redeicm.org.br\/purissimo\/wp-json\/wp\/v2\/media?parent=307"}],"curies":[{"name":"wp","href":"https:\/\/api.w.org\/{rel}","templated":true}]}}