{"id":285,"date":"2024-08-21T20:18:07","date_gmt":"2024-08-21T23:18:07","guid":{"rendered":"https:\/\/redeicm.org.br\/purissimo\/?page_id=285"},"modified":"2025-06-18T13:53:06","modified_gmt":"2025-06-18T16:53:06","slug":"ambientes","status":"publish","type":"page","link":"https:\/\/redeicm.org.br\/purissimo\/ambientes\/","title":{"rendered":"Ambientes"},"content":{"rendered":"\t\t<div data-elementor-type=\"wp-page\" data-elementor-id=\"285\" class=\"elementor elementor-285\" data-elementor-post-type=\"page\">\n\t\t\t\t<div class=\"elementor-element elementor-element-2a0215b e-flex e-con-boxed e-con e-parent\" data-id=\"2a0215b\" data-element_type=\"container\" data-e-type=\"container\" data-settings=\"{&quot;background_background&quot;:&quot;classic&quot;}\">\n\t\t\t\t\t<div class=\"e-con-inner\">\n\t\t\t\t<div class=\"elementor-element elementor-element-6e77208 elementor-widget elementor-widget-heading\" data-id=\"6e77208\" data-element_type=\"widget\" data-e-type=\"widget\" data-widget_type=\"heading.default\">\n\t\t\t\t<div class=\"elementor-widget-container\">\n\t\t\t\t\t<h1 class=\"elementor-heading-title elementor-size-default\">Ambientes<\/h1>\t\t\t\t<\/div>\n\t\t\t\t<\/div>\n\t\t\t\t\t<\/div>\n\t\t\t\t<\/div>\n\t\t<div class=\"elementor-element elementor-element-0608a9d e-con-full e-flex e-con e-parent\" data-id=\"0608a9d\" data-element_type=\"container\" data-e-type=\"container\">\n\t\t<div class=\"elementor-element elementor-element-b60b9da e-flex e-con-boxed e-con e-child\" data-id=\"b60b9da\" data-element_type=\"container\" data-e-type=\"container\">\n\t\t\t\t\t<div class=\"e-con-inner\">\n\t\t\t\t<div class=\"elementor-element elementor-element-910a846 elementor-skin-carousel elementor-arrows-yes elementor-widget elementor-widget-media-carousel\" data-id=\"910a846\" data-element_type=\"widget\" data-e-type=\"widget\" data-settings=\"{&quot;skin&quot;:&quot;carousel&quot;,&quot;effect&quot;:&quot;slide&quot;,&quot;show_arrows&quot;:&quot;yes&quot;,&quot;speed&quot;:500,&quot;autoplay&quot;:&quot;yes&quot;,&quot;autoplay_speed&quot;:5000,&quot;loop&quot;:&quot;yes&quot;,&quot;pause_on_hover&quot;:&quot;yes&quot;,&quot;pause_on_interaction&quot;:&quot;yes&quot;,&quot;space_between&quot;:{&quot;unit&quot;:&quot;px&quot;,&quot;size&quot;:10,&quot;sizes&quot;:[]},&quot;space_between_tablet&quot;:{&quot;unit&quot;:&quot;px&quot;,&quot;size&quot;:10,&quot;sizes&quot;:[]},&quot;space_between_mobile&quot;:{&quot;unit&quot;:&quot;px&quot;,&quot;size&quot;:10,&quot;sizes&quot;:[]}}\" data-widget_type=\"media-carousel.default\">\n\t\t\t\t<div class=\"elementor-widget-container\">\n\t\t\t\t\t\t\t\t\t<div class=\"elementor-swiper\">\n\t\t\t\t\t<div class=\"elementor-main-swiper swiper\" role=\"region\" aria-roledescription=\"carousel\" aria-label=\"Slides\">\n\t\t\t\t<div class=\"swiper-wrapper\">\n\t\t\t\t\t\t\t\t\t\t\t<div class=\"swiper-slide\" role=\"group\" aria-roledescription=\"slide\">\n\t\t\t\t\t\t\t\t\t<div class=\"elementor-carousel-image\" role=\"img\" aria-label=\"AMBIENTE-WJ01-6181\" style=\"background-image: url(&#039;https:\/\/redeicm.org.br\/purissimo\/wp-content\/uploads\/sites\/20\/2024\/08\/AMBIENTE-WJ01-6181.webp&#039;)\">\n\n\t\t\t\n\t\t\t\t\t<\/div>\n\t\t\t\t\t\t\t\t<\/div>\n\t\t\t\t\t\t\t\t\t\t\t<div class=\"swiper-slide\" role=\"group\" aria-roledescription=\"slide\">\n\t\t\t\t\t\t\t\t\t<div class=\"elementor-carousel-image\" role=\"img\" aria-label=\"IMG_9683\" style=\"background-image: url(&#039;https:\/\/redeicm.org.br\/purissimo\/wp-content\/uploads\/sites\/20\/2024\/08\/IMG_9683-scaled.webp&#039;)\">\n\n\t\t\t\n\t\t\t\t\t<\/div>\n\t\t\t\t\t\t\t\t<\/div>\n\t\t\t\t\t\t\t\t\t\t\t<div class=\"swiper-slide\" role=\"group\" aria-roledescription=\"slide\">\n\t\t\t\t\t\t\t\t\t<div class=\"elementor-carousel-image\" role=\"img\" aria-label=\"AMBIENTE-WJ01-6080\" style=\"background-image: url(&#039;https:\/\/redeicm.org.br\/purissimo\/wp-content\/uploads\/sites\/20\/2024\/08\/AMBIENTE-WJ01-6080.webp&#039;)\">\n\n\t\t\t\n\t\t\t\t\t<\/div>\n\t\t\t\t\t\t\t\t<\/div>\n\t\t\t\t\t\t\t\t\t<\/div>\n\t\t\t\t\t\t\t\t\t\t\t\t\t\t\t<div class=\"elementor-swiper-button elementor-swiper-button-prev\" role=\"button\" tabindex=\"0\" aria-label=\"Anterior\">\n\t\t\t\t\t\t\t<svg aria-hidden=\"true\" class=\"e-font-icon-svg e-eicon-chevron-left\" viewBox=\"0 0 1000 1000\" xmlns=\"http:\/\/www.w3.org\/2000\/svg\"><path d=\"M646 125C629 125 613 133 604 142L308 442C296 454 292 471 292 487 292 504 296 521 308 533L604 854C617 867 629 875 646 875 663 875 679 871 692 858 704 846 713 829 713 812 713 796 708 779 692 767L438 487 692 225C700 217 708 204 708 187 708 171 704 154 692 142 675 129 663 125 646 125Z\"><\/path><\/svg>\t\t\t\t\t\t<\/div>\n\t\t\t\t\t\t<div class=\"elementor-swiper-button elementor-swiper-button-next\" role=\"button\" tabindex=\"0\" aria-label=\"Pr\u00f3ximo\">\n\t\t\t\t\t\t\t<svg aria-hidden=\"true\" class=\"e-font-icon-svg e-eicon-chevron-right\" viewBox=\"0 0 1000 1000\" xmlns=\"http:\/\/www.w3.org\/2000\/svg\"><path d=\"M696 533C708 521 713 504 713 487 713 471 708 454 696 446L400 146C388 133 375 125 354 125 338 125 325 129 313 142 300 154 292 171 292 187 292 204 296 221 308 233L563 492 304 771C292 783 288 800 288 817 288 833 296 850 308 863 321 871 338 875 354 875 371 875 388 867 400 854L696 533Z\"><\/path><\/svg>\t\t\t\t\t\t<\/div>\n\t\t\t\t\t\t\t\t\t\t\t\t\t\t\t\t\t<\/div>\n\t\t\t\t<\/div>\n\t\t\t\t\t\t\t\t<\/div>\n\t\t\t\t<\/div>\n\t\t\t\t<div class=\"elementor-element elementor-element-7d89cf9 elementor-invisible elementor-widget elementor-widget-text-editor\" data-id=\"7d89cf9\" data-element_type=\"widget\" data-e-type=\"widget\" data-settings=\"{&quot;_animation&quot;:&quot;fadeInUp&quot;}\" data-widget_type=\"text-editor.default\">\n\t\t\t\t<div class=\"elementor-widget-container\">\n\t\t\t\t\t\t\t\t\t<p>O Col\u00e9gio Pur\u00edssimo possui uma estrutura voltada para o total desenvolvimento de seus alunos, com seguran\u00e7a, e excelentes profissionais para o melhor atendimento de todas as necessidades dos estudantes e seus respons\u00e1veis.<\/p><p>Com mais de 9 mil m\u00b2 de \u00e1rea constru\u00edda, a unidade possui dois espa\u00e7os f\u00edsicos distintos: o Col\u00e9gio, onde funcionam do 4\u00ba ano do Ensino Fundamental I ao Ensino M\u00e9dio e o Curso Pr\u00e9-Vestibular, e a Casa Azul destinada \u00e0 Educa\u00e7\u00e3o Infantil e ao Ensino Fundamental (1\u00ba ao 3\u00ba ano).<\/p><p>O Col\u00e9gio disp\u00f5e de um amplo espa\u00e7o f\u00edsico que tem import\u00e2ncia fundamental no desenvolvimento e aprendizagem da crian\u00e7a. A Casa Azul \u00e9 o pr\u00e9dio destinado a Educa\u00e7\u00e3o Infantil e ao Ensino Fundamental I, o Pr\u00e9dio Hist\u00f3rico \u00e9 tombado como patrim\u00f4nio cultural da cidade de Rio Claro. Com arquitetura de \u00e9poca o local proporciona uma aten\u00e7\u00e3o especial dentro da rotina da escola. \u00c1reas especialmente planejadas para acolher as crian\u00e7as em suas necessidades de explora\u00e7\u00e3o, espa\u00e7os destinados unicamente a essa idade, tais como banheiros adaptados, p\u00e1tio e \u00e1rea de lanche, parque, entrada e sa\u00edda controlada, garantindo que toda aten\u00e7\u00e3o dos profissionais da escola estejam voltados para atender as necessidades espec\u00edficas dessa faixa et\u00e1ria incluindo movimento, socializa\u00e7\u00e3o com o mundo e com as pessoas que as rodeiam e desenvolvimento de potencialidades e habilidades sejam elas: motoras, cognitivas ou afetivas.<\/p><ul><li><strong>Salas de aula ambientes para ingl\u00eas e geografia;<\/strong><\/li><li><strong>Sala de iPad;<\/strong><\/li><li><strong>Sala de Chromebooks;<\/strong><\/li><li><strong>Sala Google;<\/strong><\/li><li><strong>Laborat\u00f3rio de inform\u00e1tica;<\/strong><\/li><li><strong>Capela;<\/strong><\/li><li><strong>Cantinas;<\/strong><\/li><li><strong>Bibliotecas;<\/strong><\/li><li><strong>Enfermarias;<\/strong><\/li><li><strong>Museu com rochas e animais empalhados;<\/strong><\/li><li><strong>Salas de artes;<\/strong><\/li><li><strong>\u00c1rea verde com animais e horta;<\/strong><\/li><li><strong>Quadras poliesportivas;<\/strong><\/li><li><strong>Sala de m\u00fasica;<\/strong><\/li><li><strong>Sala de brinquedos;<\/strong><\/li><li><strong>Parque infantil;<\/strong><\/li><li><strong>Mini cidade;<\/strong><\/li><li><strong>Sala de cinema;<\/strong><\/li><li><strong>Laborat\u00f3rios de qu\u00edmica, f\u00edsica e biologia;<\/strong><\/li><li><strong>Sal\u00e3o nobre;<\/strong><\/li><li><strong>Anfiteatro;<\/strong><\/li><li><strong>Espa\u00e7os e jogos colaborativos;<\/strong><\/li><li><strong>Salas com isolamento ac\u00fastico;<\/strong><\/li><li><strong>Est\u00fadio de M\u00fasica;<\/strong><\/li><li><strong>Dormit\u00f3rio;<\/strong><\/li><li><strong>Espa\u00e7o Maker.<\/strong><\/li><\/ul>\t\t\t\t\t\t\t\t<\/div>\n\t\t\t\t<\/div>\n\t\t\t\t\t<\/div>\n\t\t\t\t<\/div>\n\t\t\t\t<\/div>\n\t\t\t\t<\/div>\n\t\t","protected":false},"excerpt":{"rendered":"<p>O Col\u00e9gio Pur\u00edssimo possui uma estrutura voltada para o total desenvolvimento de seus alunos, com seguran\u00e7a, e excelentes profissionais para o melhor atendimento de todas as necessidades dos estudantes e seus respons\u00e1veis. Com mais de 9 mil m\u00b2 de \u00e1rea constru\u00edda, a unidade possui dois espa\u00e7os f\u00edsicos distintos: o Col\u00e9gio, onde funcionam do 4\u00ba ano [&hellip;]<\/p>\n","protected":false},"author":1,"featured_media":0,"parent":0,"menu_order":0,"comment_status":"closed","ping_status":"closed","template":"","meta":{"_acf_changed":false,"footnotes":""},"class_list":["post-285","page","type-page","status-publish","hentry"],"acf":[],"yoast_head":"<!-- This site is optimized with the Yoast SEO plugin v26.3 - https:\/\/yoast.com\/wordpress\/plugins\/seo\/ -->\n<title>Ambientes - Col\u00e9gio Pur\u00edssimo Cora\u00e7\u00e3o de Maria | Rede ICM de educa\u00e7\u00e3o<\/title>\n<meta name=\"robots\" content=\"index, follow, max-snippet:-1, max-image-preview:large, max-video-preview:-1\" \/>\n<link rel=\"canonical\" href=\"https:\/\/redeicm.org.br\/purissimo\/ambientes\/\" \/>\n<meta property=\"og:locale\" content=\"pt_BR\" \/>\n<meta property=\"og:type\" content=\"article\" \/>\n<meta property=\"og:title\" content=\"Ambientes - Col\u00e9gio Pur\u00edssimo Cora\u00e7\u00e3o de Maria | Rede ICM de educa\u00e7\u00e3o\" \/>\n<meta property=\"og:description\" content=\"O Col\u00e9gio Pur\u00edssimo possui uma estrutura voltada para o total desenvolvimento de seus alunos, com seguran\u00e7a, e excelentes profissionais para o melhor atendimento de todas as necessidades dos estudantes e seus respons\u00e1veis. Com mais de 9 mil m\u00b2 de \u00e1rea constru\u00edda, a unidade possui dois espa\u00e7os f\u00edsicos distintos: o Col\u00e9gio, onde funcionam do 4\u00ba ano [&hellip;]\" \/>\n<meta property=\"og:url\" content=\"https:\/\/redeicm.org.br\/purissimo\/ambientes\/\" \/>\n<meta property=\"og:site_name\" content=\"Col\u00e9gio Pur\u00edssimo Cora\u00e7\u00e3o de Maria | Rede ICM de educa\u00e7\u00e3o\" \/>\n<meta property=\"article:modified_time\" content=\"2025-06-18T16:53:06+00:00\" \/>\n<meta name=\"twitter:card\" content=\"summary_large_image\" \/>\n<meta name=\"twitter:label1\" content=\"Est. tempo de leitura\" \/>\n\t<meta name=\"twitter:data1\" content=\"2 minutos\" \/>\n<script type=\"application\/ld+json\" class=\"yoast-schema-graph\">{\"@context\":\"https:\/\/schema.org\",\"@graph\":[{\"@type\":\"WebPage\",\"@id\":\"https:\/\/redeicm.org.br\/purissimo\/ambientes\/\",\"url\":\"https:\/\/redeicm.org.br\/purissimo\/ambientes\/\",\"name\":\"Ambientes - Col\u00e9gio Pur\u00edssimo Cora\u00e7\u00e3o de Maria | Rede ICM de educa\u00e7\u00e3o\",\"isPartOf\":{\"@id\":\"https:\/\/redeicm.org.br\/purissimo\/#website\"},\"datePublished\":\"2024-08-21T23:18:07+00:00\",\"dateModified\":\"2025-06-18T16:53:06+00:00\",\"breadcrumb\":{\"@id\":\"https:\/\/redeicm.org.br\/purissimo\/ambientes\/#breadcrumb\"},\"inLanguage\":\"pt-BR\",\"potentialAction\":[{\"@type\":\"ReadAction\",\"target\":[\"https:\/\/redeicm.org.br\/purissimo\/ambientes\/\"]}]},{\"@type\":\"BreadcrumbList\",\"@id\":\"https:\/\/redeicm.org.br\/purissimo\/ambientes\/#breadcrumb\",\"itemListElement\":[{\"@type\":\"ListItem\",\"position\":1,\"name\":\"In\u00edcio\",\"item\":\"https:\/\/redeicm.org.br\/purissimo\/\"},{\"@type\":\"ListItem\",\"position\":2,\"name\":\"Ambientes\"}]},{\"@type\":\"WebSite\",\"@id\":\"https:\/\/redeicm.org.br\/purissimo\/#website\",\"url\":\"https:\/\/redeicm.org.br\/purissimo\/\",\"name\":\"Col\u00e9gio Pur\u00edssimo Cora\u00e7\u00e3o de Maria | Rede ICM de educa\u00e7\u00e3o\",\"description\":\"\",\"publisher\":{\"@id\":\"https:\/\/redeicm.org.br\/purissimo\/#organization\"},\"potentialAction\":[{\"@type\":\"SearchAction\",\"target\":{\"@type\":\"EntryPoint\",\"urlTemplate\":\"https:\/\/redeicm.org.br\/purissimo\/?s={search_term_string}\"},\"query-input\":{\"@type\":\"PropertyValueSpecification\",\"valueRequired\":true,\"valueName\":\"search_term_string\"}}],\"inLanguage\":\"pt-BR\"},{\"@type\":\"Organization\",\"@id\":\"https:\/\/redeicm.org.br\/purissimo\/#organization\",\"name\":\"Col\u00e9gio Pur\u00edssimo Cora\u00e7\u00e3o de Maria | Rede ICM de educa\u00e7\u00e3o\",\"url\":\"https:\/\/redeicm.org.br\/purissimo\/\",\"logo\":{\"@type\":\"ImageObject\",\"inLanguage\":\"pt-BR\",\"@id\":\"https:\/\/redeicm.org.br\/purissimo\/#\/schema\/logo\/image\/\",\"url\":\"https:\/\/redeicm.org.br\/purissimo\/wp-content\/uploads\/sites\/20\/2024\/08\/ICM_Educacao_Purissimo-12-1024x450-1.webp\",\"contentUrl\":\"https:\/\/redeicm.org.br\/purissimo\/wp-content\/uploads\/sites\/20\/2024\/08\/ICM_Educacao_Purissimo-12-1024x450-1.webp\",\"width\":1024,\"height\":450,\"caption\":\"Col\u00e9gio Pur\u00edssimo Cora\u00e7\u00e3o de Maria | Rede ICM de educa\u00e7\u00e3o\"},\"image\":{\"@id\":\"https:\/\/redeicm.org.br\/purissimo\/#\/schema\/logo\/image\/\"}}]}<\/script>\n<!-- \/ Yoast SEO plugin. -->","yoast_head_json":{"title":"Ambientes - Col\u00e9gio Pur\u00edssimo Cora\u00e7\u00e3o de Maria | Rede ICM de educa\u00e7\u00e3o","robots":{"index":"index","follow":"follow","max-snippet":"max-snippet:-1","max-image-preview":"max-image-preview:large","max-video-preview":"max-video-preview:-1"},"canonical":"https:\/\/redeicm.org.br\/purissimo\/ambientes\/","og_locale":"pt_BR","og_type":"article","og_title":"Ambientes - Col\u00e9gio Pur\u00edssimo Cora\u00e7\u00e3o de Maria | Rede ICM de educa\u00e7\u00e3o","og_description":"O Col\u00e9gio Pur\u00edssimo possui uma estrutura voltada para o total desenvolvimento de seus alunos, com seguran\u00e7a, e excelentes profissionais para o melhor atendimento de todas as necessidades dos estudantes e seus respons\u00e1veis. Com mais de 9 mil m\u00b2 de \u00e1rea constru\u00edda, a unidade possui dois espa\u00e7os f\u00edsicos distintos: o Col\u00e9gio, onde funcionam do 4\u00ba ano [&hellip;]","og_url":"https:\/\/redeicm.org.br\/purissimo\/ambientes\/","og_site_name":"Col\u00e9gio Pur\u00edssimo Cora\u00e7\u00e3o de Maria | Rede ICM de educa\u00e7\u00e3o","article_modified_time":"2025-06-18T16:53:06+00:00","twitter_card":"summary_large_image","twitter_misc":{"Est. tempo de leitura":"2 minutos"},"schema":{"@context":"https:\/\/schema.org","@graph":[{"@type":"WebPage","@id":"https:\/\/redeicm.org.br\/purissimo\/ambientes\/","url":"https:\/\/redeicm.org.br\/purissimo\/ambientes\/","name":"Ambientes - Col\u00e9gio Pur\u00edssimo Cora\u00e7\u00e3o de Maria | Rede ICM de educa\u00e7\u00e3o","isPartOf":{"@id":"https:\/\/redeicm.org.br\/purissimo\/#website"},"datePublished":"2024-08-21T23:18:07+00:00","dateModified":"2025-06-18T16:53:06+00:00","breadcrumb":{"@id":"https:\/\/redeicm.org.br\/purissimo\/ambientes\/#breadcrumb"},"inLanguage":"pt-BR","potentialAction":[{"@type":"ReadAction","target":["https:\/\/redeicm.org.br\/purissimo\/ambientes\/"]}]},{"@type":"BreadcrumbList","@id":"https:\/\/redeicm.org.br\/purissimo\/ambientes\/#breadcrumb","itemListElement":[{"@type":"ListItem","position":1,"name":"In\u00edcio","item":"https:\/\/redeicm.org.br\/purissimo\/"},{"@type":"ListItem","position":2,"name":"Ambientes"}]},{"@type":"WebSite","@id":"https:\/\/redeicm.org.br\/purissimo\/#website","url":"https:\/\/redeicm.org.br\/purissimo\/","name":"Col\u00e9gio Pur\u00edssimo Cora\u00e7\u00e3o de Maria | Rede ICM de educa\u00e7\u00e3o","description":"","publisher":{"@id":"https:\/\/redeicm.org.br\/purissimo\/#organization"},"potentialAction":[{"@type":"SearchAction","target":{"@type":"EntryPoint","urlTemplate":"https:\/\/redeicm.org.br\/purissimo\/?s={search_term_string}"},"query-input":{"@type":"PropertyValueSpecification","valueRequired":true,"valueName":"search_term_string"}}],"inLanguage":"pt-BR"},{"@type":"Organization","@id":"https:\/\/redeicm.org.br\/purissimo\/#organization","name":"Col\u00e9gio Pur\u00edssimo Cora\u00e7\u00e3o de Maria | Rede ICM de educa\u00e7\u00e3o","url":"https:\/\/redeicm.org.br\/purissimo\/","logo":{"@type":"ImageObject","inLanguage":"pt-BR","@id":"https:\/\/redeicm.org.br\/purissimo\/#\/schema\/logo\/image\/","url":"https:\/\/redeicm.org.br\/purissimo\/wp-content\/uploads\/sites\/20\/2024\/08\/ICM_Educacao_Purissimo-12-1024x450-1.webp","contentUrl":"https:\/\/redeicm.org.br\/purissimo\/wp-content\/uploads\/sites\/20\/2024\/08\/ICM_Educacao_Purissimo-12-1024x450-1.webp","width":1024,"height":450,"caption":"Col\u00e9gio Pur\u00edssimo Cora\u00e7\u00e3o de Maria | Rede ICM de educa\u00e7\u00e3o"},"image":{"@id":"https:\/\/redeicm.org.br\/purissimo\/#\/schema\/logo\/image\/"}}]}},"_links":{"self":[{"href":"https:\/\/redeicm.org.br\/purissimo\/wp-json\/wp\/v2\/pages\/285","targetHints":{"allow":["GET"]}}],"collection":[{"href":"https:\/\/redeicm.org.br\/purissimo\/wp-json\/wp\/v2\/pages"}],"about":[{"href":"https:\/\/redeicm.org.br\/purissimo\/wp-json\/wp\/v2\/types\/page"}],"author":[{"embeddable":true,"href":"https:\/\/redeicm.org.br\/purissimo\/wp-json\/wp\/v2\/users\/1"}],"replies":[{"embeddable":true,"href":"https:\/\/redeicm.org.br\/purissimo\/wp-json\/wp\/v2\/comments?post=285"}],"version-history":[{"count":16,"href":"https:\/\/redeicm.org.br\/purissimo\/wp-json\/wp\/v2\/pages\/285\/revisions"}],"predecessor-version":[{"id":1465,"href":"https:\/\/redeicm.org.br\/purissimo\/wp-json\/wp\/v2\/pages\/285\/revisions\/1465"}],"wp:attachment":[{"href":"https:\/\/redeicm.org.br\/purissimo\/wp-json\/wp\/v2\/media?parent=285"}],"curies":[{"name":"wp","href":"https:\/\/api.w.org\/{rel}","templated":true}]}}