{"id":274,"date":"2024-08-21T20:08:32","date_gmt":"2024-08-21T23:08:32","guid":{"rendered":"https:\/\/redeicm.org.br\/purissimo\/?page_id=274"},"modified":"2025-06-17T17:48:40","modified_gmt":"2025-06-17T20:48:40","slug":"sobre-a-unidade-de-educacao","status":"publish","type":"page","link":"https:\/\/redeicm.org.br\/purissimo\/sobre-a-unidade-de-educacao\/","title":{"rendered":"Sobre a Unidade de Educa\u00e7\u00e3o"},"content":{"rendered":"\t\t<div data-elementor-type=\"wp-page\" data-elementor-id=\"274\" class=\"elementor elementor-274\" data-elementor-post-type=\"page\">\n\t\t\t\t<div class=\"elementor-element elementor-element-316af586 e-flex e-con-boxed e-con e-parent\" data-id=\"316af586\" data-element_type=\"container\" data-e-type=\"container\" data-settings=\"{&quot;background_background&quot;:&quot;classic&quot;}\">\n\t\t\t\t\t<div class=\"e-con-inner\">\n\t\t\t\t<div class=\"elementor-element elementor-element-79cfea4c elementor-widget elementor-widget-heading\" data-id=\"79cfea4c\" data-element_type=\"widget\" data-e-type=\"widget\" data-widget_type=\"heading.default\">\n\t\t\t\t<div class=\"elementor-widget-container\">\n\t\t\t\t\t<h1 class=\"elementor-heading-title elementor-size-default\">Sobre a Unidade de Educa\u00e7\u00e3o<\/h1>\t\t\t\t<\/div>\n\t\t\t\t<\/div>\n\t\t\t\t\t<\/div>\n\t\t\t\t<\/div>\n\t\t<div class=\"elementor-element elementor-element-7fae7d8 e-flex e-con-boxed e-con e-parent\" data-id=\"7fae7d8\" data-element_type=\"container\" data-e-type=\"container\">\n\t\t\t\t\t<div class=\"e-con-inner\">\n\t\t\t\t<div class=\"elementor-element elementor-element-fce4fcc elementor-skin-carousel elementor-arrows-yes elementor-widget elementor-widget-media-carousel\" data-id=\"fce4fcc\" data-element_type=\"widget\" data-e-type=\"widget\" data-settings=\"{&quot;skin&quot;:&quot;carousel&quot;,&quot;effect&quot;:&quot;slide&quot;,&quot;show_arrows&quot;:&quot;yes&quot;,&quot;speed&quot;:500,&quot;autoplay&quot;:&quot;yes&quot;,&quot;autoplay_speed&quot;:5000,&quot;loop&quot;:&quot;yes&quot;,&quot;pause_on_hover&quot;:&quot;yes&quot;,&quot;pause_on_interaction&quot;:&quot;yes&quot;,&quot;space_between&quot;:{&quot;unit&quot;:&quot;px&quot;,&quot;size&quot;:10,&quot;sizes&quot;:[]},&quot;space_between_tablet&quot;:{&quot;unit&quot;:&quot;px&quot;,&quot;size&quot;:10,&quot;sizes&quot;:[]},&quot;space_between_mobile&quot;:{&quot;unit&quot;:&quot;px&quot;,&quot;size&quot;:10,&quot;sizes&quot;:[]}}\" data-widget_type=\"media-carousel.default\">\n\t\t\t\t<div class=\"elementor-widget-container\">\n\t\t\t\t\t\t\t\t\t<div class=\"elementor-swiper\">\n\t\t\t\t\t<div class=\"elementor-main-swiper swiper\" role=\"region\" aria-roledescription=\"carousel\" aria-label=\"Slides\">\n\t\t\t\t<div class=\"swiper-wrapper\">\n\t\t\t\t\t\t\t\t\t\t\t<div class=\"swiper-slide\" role=\"group\" aria-roledescription=\"slide\">\n\t\t\t\t\t\t\t\t\t<div class=\"elementor-carousel-image\" role=\"img\" aria-label=\"RJ01-8828-600x400\" style=\"background-image: url(&#039;https:\/\/redeicm.org.br\/purissimo\/wp-content\/uploads\/sites\/20\/2024\/08\/RJ01-8828-600x400-1.webp&#039;)\">\n\n\t\t\t\n\t\t\t\t\t<\/div>\n\t\t\t\t\t\t\t\t<\/div>\n\t\t\t\t\t\t\t\t\t\t\t<div class=\"swiper-slide\" role=\"group\" aria-roledescription=\"slide\">\n\t\t\t\t\t\t\t\t\t<div class=\"elementor-carousel-image\" role=\"img\" aria-label=\"IMG_1510-1-300x225\" style=\"background-image: url(&#039;https:\/\/redeicm.org.br\/purissimo\/wp-content\/uploads\/sites\/20\/2024\/08\/IMG_1510-1-300x225-1.webp&#039;)\">\n\n\t\t\t\n\t\t\t\t\t<\/div>\n\t\t\t\t\t\t\t\t<\/div>\n\t\t\t\t\t\t\t\t\t<\/div>\n\t\t\t\t\t\t\t\t\t\t\t\t\t\t\t<div class=\"elementor-swiper-button elementor-swiper-button-prev\" role=\"button\" tabindex=\"0\" aria-label=\"Anterior\">\n\t\t\t\t\t\t\t<svg aria-hidden=\"true\" class=\"e-font-icon-svg e-eicon-chevron-left\" viewBox=\"0 0 1000 1000\" xmlns=\"http:\/\/www.w3.org\/2000\/svg\"><path d=\"M646 125C629 125 613 133 604 142L308 442C296 454 292 471 292 487 292 504 296 521 308 533L604 854C617 867 629 875 646 875 663 875 679 871 692 858 704 846 713 829 713 812 713 796 708 779 692 767L438 487 692 225C700 217 708 204 708 187 708 171 704 154 692 142 675 129 663 125 646 125Z\"><\/path><\/svg>\t\t\t\t\t\t<\/div>\n\t\t\t\t\t\t<div class=\"elementor-swiper-button elementor-swiper-button-next\" role=\"button\" tabindex=\"0\" aria-label=\"Pr\u00f3ximo\">\n\t\t\t\t\t\t\t<svg aria-hidden=\"true\" class=\"e-font-icon-svg e-eicon-chevron-right\" viewBox=\"0 0 1000 1000\" xmlns=\"http:\/\/www.w3.org\/2000\/svg\"><path d=\"M696 533C708 521 713 504 713 487 713 471 708 454 696 446L400 146C388 133 375 125 354 125 338 125 325 129 313 142 300 154 292 171 292 187 292 204 296 221 308 233L563 492 304 771C292 783 288 800 288 817 288 833 296 850 308 863 321 871 338 875 354 875 371 875 388 867 400 854L696 533Z\"><\/path><\/svg>\t\t\t\t\t\t<\/div>\n\t\t\t\t\t\t\t\t\t\t\t\t\t\t\t\t\t<\/div>\n\t\t\t\t<\/div>\n\t\t\t\t\t\t\t\t<\/div>\n\t\t\t\t<\/div>\n\t\t\t\t<div class=\"elementor-element elementor-element-e6ec7b9 elementor-invisible elementor-widget elementor-widget-text-editor\" data-id=\"e6ec7b9\" data-element_type=\"widget\" data-e-type=\"widget\" data-settings=\"{&quot;_animation&quot;:&quot;fadeInUp&quot;}\" data-widget_type=\"text-editor.default\">\n\t\t\t\t<div class=\"elementor-widget-container\">\n\t\t\t\t\t\t\t\t\t<p>O Col\u00e9gio Pur\u00edssimo Cora\u00e7\u00e3o de Maria \u00e9 uma institui\u00e7\u00e3o mantida pela Congrega\u00e7\u00e3o das Irm\u00e3s do Imaculado Cora\u00e7\u00e3o de Maria \u2013 Rede ICM, que desenvolve uma educa\u00e7\u00e3o fundamentada nos princ\u00edpios b\u00e1sicos das Diretrizes e Bases da Educa\u00e7\u00e3o Escolar e no Projeto Educativo elaborado pelo Setor Pedag\u00f3gico da Congrega\u00e7\u00e3o, cujos alicerces s\u00e3o os ensinamentos de sua fundadora, B\u00e1rbara Maix, assegurando aos alunos a oportunidade de desenvolver potencialidades que os capacitem para o exerc\u00edcio de uma cidadania mais justa e fraterna.<\/p><p>\u201cEducar para a Vida\u201d \u00e9 a m\u00e1xima do Col\u00e9gio Pur\u00edssimo que, nesse contexto, tem como miss\u00e3o envolver a crian\u00e7a e o adolescente no processo pedag\u00f3gico, priorizando todos os seus aspectos \u2013 racional, social, emocional, f\u00edsico, ps\u00edquico e espiritual. Situado na \u00e1rea central de Rio Claro, interior de S\u00e3o Paulo, o Col\u00e9gio oferece cursos:<\/p><ul><li>Educa\u00e7\u00e3o Infantil<\/li><li>Ensino Fundamental<\/li><li>Ensino M\u00e9dio<\/li><li>Turno Integral<\/li><\/ul><p>Com mais de 100 anos de tradi\u00e7\u00e3o, o Pur\u00edssimo tem como compromisso a transforma\u00e7\u00e3o do ser humano \u2013 e isso faz com que o aluno aprenda a relacionar o conhecimento constru\u00eddo em sala de aula com a vida cotidiana.<\/p><h2><strong>Hist\u00f3ria<\/strong><\/h2><p>A hist\u00f3ria do Col\u00e9gio Pur\u00edssimo come\u00e7ou em 15 de maio de 1909, fruto do di\u00e1logo entre o Monsenhor Francisco Botti, vig\u00e1rio de Rio Claro, e a Madre Clementina, da Congrega\u00e7\u00e3o do Imaculado Cora\u00e7\u00e3o de Maria. Inicialmente, a escola era dedicada \u00e0 educa\u00e7\u00e3o de meninas, passando posteriormente a admitir alunos do sexo masculino.<\/p><p>Em 1927, foi implantado o internato exclusivo para mo\u00e7as e, no ano seguinte, instalada a Escola Normal Livre Pur\u00edssimo Cora\u00e7\u00e3o de Maria, tornando-se a primeira Escola Normal do interior paulista. Durante 70 anos, esse curso formou professores prim\u00e1rios e marcou a hist\u00f3ria educacional da regi\u00e3o.<\/p><p>Com a moderniza\u00e7\u00e3o da sociedade e da educa\u00e7\u00e3o, a escola passou por reformula\u00e7\u00f5es e adotou turmas mistas. Ao longo das d\u00e9cadas, ofereceu cursos como Forma\u00e7\u00e3o de Professores Prim\u00e1rios, Curso Ginasial, Supletivo de 1o e 2o graus e T\u00e9cnico em Eletr\u00f4nica.<\/p><p>Em agosto de 2000, com a reestrutura\u00e7\u00e3o do Ensino M\u00e9dio, retomou o nome Col\u00e9gio Pur\u00edssimo Cora\u00e7\u00e3o de Maria.<\/p><p>Atualmente, o col\u00e9gio conta com duas unidades: o pr\u00e9dio principal, onde funcionam o 4o e 5o anos do Ensino Fundamental Anos Iniciais, Ensino Fundamental Anos Finais (6o ao 9o ano), Ensino M\u00e9dio; e a Casa Azul, que atende a Educa\u00e7\u00e3o Infantil e parte do Ensino Fundamental Anos Iniciais. Com uma educa\u00e7\u00e3o baseada na Proposta Libertadora de Jesus Cristo, o col\u00e9gio promove a comunh\u00e3o e participa\u00e7\u00e3o, fortalecendo o relacionamento entre escola, alunos e comunidade.<\/p><h2><strong>Linha do Tempo<\/strong><\/h2><p>1909 \u2013 Come\u00e7o da hist\u00f3ria do Col\u00e9gio Pur\u00edssimo Cora\u00e7\u00e3o de Maria;<br \/>1926 \u2013 Alicerce do pr\u00e9dio da Rua 7;<br \/>1927 \u2013 Implanta\u00e7\u00e3o do internato de mo\u00e7as;<br \/>1928 \u2013 Instala\u00e7\u00e3o do curso Normal \u2013 primeiro do interior paulista;<br \/>1934 \u2013 Autoriza\u00e7\u00e3o para o funcionamento do curso Ginasial;<br \/>1941 \u2013 In\u00edcio da constru\u00e7\u00e3o da capela;<br \/>1974 \u2013 Implanta\u00e7\u00e3o do curso Supletivo de 1\u00b0 a 2\u00b0 graus;<br \/>2005 \u2013 Inaugura\u00e7\u00e3o da Casa Azul;<br \/>2008 \u2013 Curso Pr\u00e9-Vestibular Pur\u00edssimo-Poliedro;<br \/>2009 \u2013 Comemora\u00e7\u00e3o Centen\u00e1rio;<br \/>2011 \u2013 1\u00b0 Ano de Beatifica\u00e7\u00e3o da Bem-Aventurada B\u00e1rbara Maix;<br \/>2016 \u2013 Unfica\u00e7\u00e3o Rede ICM;<br \/>2017 \u2013 Lan\u00e7amento nova marca.<\/p><p>Com uma hist\u00f3ria de tradi\u00e7\u00e3o e inova\u00e7\u00e3o, o Col\u00e9gio Pur\u00edssimo segue evoluindo e reafirmando seu compromisso com a educa\u00e7\u00e3o de qualidade e a forma\u00e7\u00e3o humana.<\/p>\t\t\t\t\t\t\t\t<\/div>\n\t\t\t\t<\/div>\n\t\t\t\t\t<\/div>\n\t\t\t\t<\/div>\n\t\t\t\t<\/div>\n\t\t","protected":false},"excerpt":{"rendered":"<p>O Col\u00e9gio Pur\u00edssimo Cora\u00e7\u00e3o de Maria \u00e9 uma institui\u00e7\u00e3o mantida pela Congrega\u00e7\u00e3o das Irm\u00e3s do Imaculado Cora\u00e7\u00e3o de Maria \u2013 Rede ICM, que desenvolve uma educa\u00e7\u00e3o fundamentada nos princ\u00edpios b\u00e1sicos das Diretrizes e Bases da Educa\u00e7\u00e3o Escolar e no Projeto Educativo elaborado pelo Setor Pedag\u00f3gico da Congrega\u00e7\u00e3o, cujos alicerces s\u00e3o os ensinamentos de sua fundadora, [&hellip;]<\/p>\n","protected":false},"author":1,"featured_media":0,"parent":0,"menu_order":0,"comment_status":"closed","ping_status":"closed","template":"","meta":{"_acf_changed":false,"footnotes":""},"class_list":["post-274","page","type-page","status-publish","hentry"],"acf":[],"yoast_head":"<!-- This site is optimized with the Yoast SEO plugin v26.3 - https:\/\/yoast.com\/wordpress\/plugins\/seo\/ -->\n<title>Sobre a Unidade de Educa\u00e7\u00e3o - Col\u00e9gio Pur\u00edssimo Cora\u00e7\u00e3o de Maria | Rede ICM de educa\u00e7\u00e3o<\/title>\n<meta name=\"robots\" content=\"index, follow, max-snippet:-1, max-image-preview:large, max-video-preview:-1\" \/>\n<link rel=\"canonical\" href=\"https:\/\/redeicm.org.br\/purissimo\/sobre-a-unidade-de-educacao\/\" \/>\n<meta property=\"og:locale\" content=\"pt_BR\" \/>\n<meta property=\"og:type\" content=\"article\" \/>\n<meta property=\"og:title\" content=\"Sobre a Unidade de Educa\u00e7\u00e3o - Col\u00e9gio Pur\u00edssimo Cora\u00e7\u00e3o de Maria | Rede ICM de educa\u00e7\u00e3o\" \/>\n<meta property=\"og:description\" content=\"O Col\u00e9gio Pur\u00edssimo Cora\u00e7\u00e3o de Maria \u00e9 uma institui\u00e7\u00e3o mantida pela Congrega\u00e7\u00e3o das Irm\u00e3s do Imaculado Cora\u00e7\u00e3o de Maria \u2013 Rede ICM, que desenvolve uma educa\u00e7\u00e3o fundamentada nos princ\u00edpios b\u00e1sicos das Diretrizes e Bases da Educa\u00e7\u00e3o Escolar e no Projeto Educativo elaborado pelo Setor Pedag\u00f3gico da Congrega\u00e7\u00e3o, cujos alicerces s\u00e3o os ensinamentos de sua fundadora, [&hellip;]\" \/>\n<meta property=\"og:url\" content=\"https:\/\/redeicm.org.br\/purissimo\/sobre-a-unidade-de-educacao\/\" \/>\n<meta property=\"og:site_name\" content=\"Col\u00e9gio Pur\u00edssimo Cora\u00e7\u00e3o de Maria | Rede ICM de educa\u00e7\u00e3o\" \/>\n<meta property=\"article:modified_time\" content=\"2025-06-17T20:48:40+00:00\" \/>\n<meta name=\"twitter:card\" content=\"summary_large_image\" \/>\n<meta name=\"twitter:label1\" content=\"Est. tempo de leitura\" \/>\n\t<meta name=\"twitter:data1\" content=\"3 minutos\" \/>\n<script type=\"application\/ld+json\" class=\"yoast-schema-graph\">{\"@context\":\"https:\/\/schema.org\",\"@graph\":[{\"@type\":\"WebPage\",\"@id\":\"https:\/\/redeicm.org.br\/purissimo\/sobre-a-unidade-de-educacao\/\",\"url\":\"https:\/\/redeicm.org.br\/purissimo\/sobre-a-unidade-de-educacao\/\",\"name\":\"Sobre a Unidade de Educa\u00e7\u00e3o - Col\u00e9gio Pur\u00edssimo Cora\u00e7\u00e3o de Maria | Rede ICM de educa\u00e7\u00e3o\",\"isPartOf\":{\"@id\":\"https:\/\/redeicm.org.br\/purissimo\/#website\"},\"datePublished\":\"2024-08-21T23:08:32+00:00\",\"dateModified\":\"2025-06-17T20:48:40+00:00\",\"breadcrumb\":{\"@id\":\"https:\/\/redeicm.org.br\/purissimo\/sobre-a-unidade-de-educacao\/#breadcrumb\"},\"inLanguage\":\"pt-BR\",\"potentialAction\":[{\"@type\":\"ReadAction\",\"target\":[\"https:\/\/redeicm.org.br\/purissimo\/sobre-a-unidade-de-educacao\/\"]}]},{\"@type\":\"BreadcrumbList\",\"@id\":\"https:\/\/redeicm.org.br\/purissimo\/sobre-a-unidade-de-educacao\/#breadcrumb\",\"itemListElement\":[{\"@type\":\"ListItem\",\"position\":1,\"name\":\"In\u00edcio\",\"item\":\"https:\/\/redeicm.org.br\/purissimo\/\"},{\"@type\":\"ListItem\",\"position\":2,\"name\":\"Sobre a Unidade de Educa\u00e7\u00e3o\"}]},{\"@type\":\"WebSite\",\"@id\":\"https:\/\/redeicm.org.br\/purissimo\/#website\",\"url\":\"https:\/\/redeicm.org.br\/purissimo\/\",\"name\":\"Col\u00e9gio Pur\u00edssimo Cora\u00e7\u00e3o de Maria | Rede ICM de educa\u00e7\u00e3o\",\"description\":\"\",\"publisher\":{\"@id\":\"https:\/\/redeicm.org.br\/purissimo\/#organization\"},\"potentialAction\":[{\"@type\":\"SearchAction\",\"target\":{\"@type\":\"EntryPoint\",\"urlTemplate\":\"https:\/\/redeicm.org.br\/purissimo\/?s={search_term_string}\"},\"query-input\":{\"@type\":\"PropertyValueSpecification\",\"valueRequired\":true,\"valueName\":\"search_term_string\"}}],\"inLanguage\":\"pt-BR\"},{\"@type\":\"Organization\",\"@id\":\"https:\/\/redeicm.org.br\/purissimo\/#organization\",\"name\":\"Col\u00e9gio Pur\u00edssimo Cora\u00e7\u00e3o de Maria | Rede ICM de educa\u00e7\u00e3o\",\"url\":\"https:\/\/redeicm.org.br\/purissimo\/\",\"logo\":{\"@type\":\"ImageObject\",\"inLanguage\":\"pt-BR\",\"@id\":\"https:\/\/redeicm.org.br\/purissimo\/#\/schema\/logo\/image\/\",\"url\":\"https:\/\/redeicm.org.br\/purissimo\/wp-content\/uploads\/sites\/20\/2024\/08\/ICM_Educacao_Purissimo-12-1024x450-1.webp\",\"contentUrl\":\"https:\/\/redeicm.org.br\/purissimo\/wp-content\/uploads\/sites\/20\/2024\/08\/ICM_Educacao_Purissimo-12-1024x450-1.webp\",\"width\":1024,\"height\":450,\"caption\":\"Col\u00e9gio Pur\u00edssimo Cora\u00e7\u00e3o de Maria | Rede ICM de educa\u00e7\u00e3o\"},\"image\":{\"@id\":\"https:\/\/redeicm.org.br\/purissimo\/#\/schema\/logo\/image\/\"}}]}<\/script>\n<!-- \/ Yoast SEO plugin. -->","yoast_head_json":{"title":"Sobre a Unidade de Educa\u00e7\u00e3o - Col\u00e9gio Pur\u00edssimo Cora\u00e7\u00e3o de Maria | Rede ICM de educa\u00e7\u00e3o","robots":{"index":"index","follow":"follow","max-snippet":"max-snippet:-1","max-image-preview":"max-image-preview:large","max-video-preview":"max-video-preview:-1"},"canonical":"https:\/\/redeicm.org.br\/purissimo\/sobre-a-unidade-de-educacao\/","og_locale":"pt_BR","og_type":"article","og_title":"Sobre a Unidade de Educa\u00e7\u00e3o - Col\u00e9gio Pur\u00edssimo Cora\u00e7\u00e3o de Maria | Rede ICM de educa\u00e7\u00e3o","og_description":"O Col\u00e9gio Pur\u00edssimo Cora\u00e7\u00e3o de Maria \u00e9 uma institui\u00e7\u00e3o mantida pela Congrega\u00e7\u00e3o das Irm\u00e3s do Imaculado Cora\u00e7\u00e3o de Maria \u2013 Rede ICM, que desenvolve uma educa\u00e7\u00e3o fundamentada nos princ\u00edpios b\u00e1sicos das Diretrizes e Bases da Educa\u00e7\u00e3o Escolar e no Projeto Educativo elaborado pelo Setor Pedag\u00f3gico da Congrega\u00e7\u00e3o, cujos alicerces s\u00e3o os ensinamentos de sua fundadora, [&hellip;]","og_url":"https:\/\/redeicm.org.br\/purissimo\/sobre-a-unidade-de-educacao\/","og_site_name":"Col\u00e9gio Pur\u00edssimo Cora\u00e7\u00e3o de Maria | Rede ICM de educa\u00e7\u00e3o","article_modified_time":"2025-06-17T20:48:40+00:00","twitter_card":"summary_large_image","twitter_misc":{"Est. tempo de leitura":"3 minutos"},"schema":{"@context":"https:\/\/schema.org","@graph":[{"@type":"WebPage","@id":"https:\/\/redeicm.org.br\/purissimo\/sobre-a-unidade-de-educacao\/","url":"https:\/\/redeicm.org.br\/purissimo\/sobre-a-unidade-de-educacao\/","name":"Sobre a Unidade de Educa\u00e7\u00e3o - Col\u00e9gio Pur\u00edssimo Cora\u00e7\u00e3o de Maria | Rede ICM de educa\u00e7\u00e3o","isPartOf":{"@id":"https:\/\/redeicm.org.br\/purissimo\/#website"},"datePublished":"2024-08-21T23:08:32+00:00","dateModified":"2025-06-17T20:48:40+00:00","breadcrumb":{"@id":"https:\/\/redeicm.org.br\/purissimo\/sobre-a-unidade-de-educacao\/#breadcrumb"},"inLanguage":"pt-BR","potentialAction":[{"@type":"ReadAction","target":["https:\/\/redeicm.org.br\/purissimo\/sobre-a-unidade-de-educacao\/"]}]},{"@type":"BreadcrumbList","@id":"https:\/\/redeicm.org.br\/purissimo\/sobre-a-unidade-de-educacao\/#breadcrumb","itemListElement":[{"@type":"ListItem","position":1,"name":"In\u00edcio","item":"https:\/\/redeicm.org.br\/purissimo\/"},{"@type":"ListItem","position":2,"name":"Sobre a Unidade de Educa\u00e7\u00e3o"}]},{"@type":"WebSite","@id":"https:\/\/redeicm.org.br\/purissimo\/#website","url":"https:\/\/redeicm.org.br\/purissimo\/","name":"Col\u00e9gio Pur\u00edssimo Cora\u00e7\u00e3o de Maria | Rede ICM de educa\u00e7\u00e3o","description":"","publisher":{"@id":"https:\/\/redeicm.org.br\/purissimo\/#organization"},"potentialAction":[{"@type":"SearchAction","target":{"@type":"EntryPoint","urlTemplate":"https:\/\/redeicm.org.br\/purissimo\/?s={search_term_string}"},"query-input":{"@type":"PropertyValueSpecification","valueRequired":true,"valueName":"search_term_string"}}],"inLanguage":"pt-BR"},{"@type":"Organization","@id":"https:\/\/redeicm.org.br\/purissimo\/#organization","name":"Col\u00e9gio Pur\u00edssimo Cora\u00e7\u00e3o de Maria | Rede ICM de educa\u00e7\u00e3o","url":"https:\/\/redeicm.org.br\/purissimo\/","logo":{"@type":"ImageObject","inLanguage":"pt-BR","@id":"https:\/\/redeicm.org.br\/purissimo\/#\/schema\/logo\/image\/","url":"https:\/\/redeicm.org.br\/purissimo\/wp-content\/uploads\/sites\/20\/2024\/08\/ICM_Educacao_Purissimo-12-1024x450-1.webp","contentUrl":"https:\/\/redeicm.org.br\/purissimo\/wp-content\/uploads\/sites\/20\/2024\/08\/ICM_Educacao_Purissimo-12-1024x450-1.webp","width":1024,"height":450,"caption":"Col\u00e9gio Pur\u00edssimo Cora\u00e7\u00e3o de Maria | Rede ICM de educa\u00e7\u00e3o"},"image":{"@id":"https:\/\/redeicm.org.br\/purissimo\/#\/schema\/logo\/image\/"}}]}},"_links":{"self":[{"href":"https:\/\/redeicm.org.br\/purissimo\/wp-json\/wp\/v2\/pages\/274","targetHints":{"allow":["GET"]}}],"collection":[{"href":"https:\/\/redeicm.org.br\/purissimo\/wp-json\/wp\/v2\/pages"}],"about":[{"href":"https:\/\/redeicm.org.br\/purissimo\/wp-json\/wp\/v2\/types\/page"}],"author":[{"embeddable":true,"href":"https:\/\/redeicm.org.br\/purissimo\/wp-json\/wp\/v2\/users\/1"}],"replies":[{"embeddable":true,"href":"https:\/\/redeicm.org.br\/purissimo\/wp-json\/wp\/v2\/comments?post=274"}],"version-history":[{"count":28,"href":"https:\/\/redeicm.org.br\/purissimo\/wp-json\/wp\/v2\/pages\/274\/revisions"}],"predecessor-version":[{"id":1444,"href":"https:\/\/redeicm.org.br\/purissimo\/wp-json\/wp\/v2\/pages\/274\/revisions\/1444"}],"wp:attachment":[{"href":"https:\/\/redeicm.org.br\/purissimo\/wp-json\/wp\/v2\/media?parent=274"}],"curies":[{"name":"wp","href":"https:\/\/api.w.org\/{rel}","templated":true}]}}