{"id":1403,"date":"2025-06-16T18:34:55","date_gmt":"2025-06-16T21:34:55","guid":{"rendered":"https:\/\/redeicm.org.br\/purissimo\/?page_id=1403"},"modified":"2025-06-16T18:38:07","modified_gmt":"2025-06-16T21:38:07","slug":"espaco-maker","status":"publish","type":"page","link":"https:\/\/redeicm.org.br\/purissimo\/espaco-maker\/","title":{"rendered":"Espa\u00e7o Maker"},"content":{"rendered":"\t\t<div data-elementor-type=\"wp-page\" data-elementor-id=\"1403\" class=\"elementor elementor-1403\" data-elementor-post-type=\"page\">\n\t\t\t\t<div class=\"elementor-element elementor-element-2cb45e77 e-flex e-con-boxed e-con e-parent\" data-id=\"2cb45e77\" data-element_type=\"container\" data-e-type=\"container\" data-settings=\"{&quot;background_background&quot;:&quot;classic&quot;}\">\n\t\t\t\t\t<div class=\"e-con-inner\">\n\t\t\t\t<div class=\"elementor-element elementor-element-7a709335 elementor-widget elementor-widget-heading\" data-id=\"7a709335\" data-element_type=\"widget\" data-e-type=\"widget\" data-widget_type=\"heading.default\">\n\t\t\t\t<div class=\"elementor-widget-container\">\n\t\t\t\t\t<h1 class=\"elementor-heading-title elementor-size-default\">Espa\u00e7o Maker<\/h1>\t\t\t\t<\/div>\n\t\t\t\t<\/div>\n\t\t\t\t\t<\/div>\n\t\t\t\t<\/div>\n\t\t<div class=\"elementor-element elementor-element-243aa39 e-con-full e-flex e-con e-parent\" data-id=\"243aa39\" data-element_type=\"container\" data-e-type=\"container\">\n\t\t<div class=\"elementor-element elementor-element-19eef11 e-flex e-con-boxed e-con e-child\" data-id=\"19eef11\" data-element_type=\"container\" data-e-type=\"container\">\n\t\t\t\t\t<div class=\"e-con-inner\">\n\t\t\t\t<div class=\"elementor-element elementor-element-a66cdd3 elementor-invisible elementor-widget elementor-widget-text-editor\" data-id=\"a66cdd3\" data-element_type=\"widget\" data-e-type=\"widget\" data-settings=\"{&quot;_animation&quot;:&quot;fadeInUp&quot;}\" data-widget_type=\"text-editor.default\">\n\t\t\t\t<div class=\"elementor-widget-container\">\n\t\t\t\t\t\t\t\t\t<p>Atualmente nota-se um movimento grande sobre Cultura Maker, mas voc\u00ea sabe o que isso significa e para que serve?<\/p><p>A Cultura Maker \u00e9 a extens\u00e3o do fa\u00e7a-voc\u00ea-mesmo, ou\u00a0<em>Do it yourself<\/em>\u00a0(DIY), que ficou muito popular com v\u00eddeos nas redes sociais sobre pessoas consertando, modificando, criando e produzindo objetos com as m\u00e3os, mostrando que qualquer um pode fazer isso. Fazer antes e refletir depois \u00e9 a ess\u00eancia dessa cultura.<\/p><p>Sendo assim, para estimular a criatividade e a l\u00f3gica dos alunos, o Col\u00e9gio Pur\u00edssimo inaugurou em 2019 uma sala dedicada a essa pr\u00e1tica, o Espa\u00e7o Maker. Nesse espa\u00e7o, utilizamos al\u00e9m das ferramentas tradicionais de uma oficina, uma serra de corte, notebook e tablets com softwares de programa\u00e7\u00f5es e uma impressora 3D que faz parte de v\u00e1rios projetos desenvolvidos pelos alunos.<\/p><p>A Cultura Maker desenvolve a coopera\u00e7\u00e3o entre os alunos, o pensamento cr\u00edtico, o desenvolvimento de criatividade, trabalho em equipe, o planejamento e a resolu\u00e7\u00e3o de problemas, a autonomia e a resili\u00eancia, de modo que pretendemos com o espa\u00e7o, formar alunos preparados para a vida, proativos e humanos.<\/p><p>O professor Filippi Ongarelli \u00e9 respons\u00e1vel pelo Espa\u00e7o Maker do Col\u00e9gio e j\u00e1 desenvolveu v\u00e1rios projetos voltados para a forma\u00e7\u00e3o humana que trabalham com alunos desde o maternal at\u00e9 o Ensino M\u00e9dio.<\/p><p>Fala, Filippi!<img fetchpriority=\"high\" decoding=\"async\" class=\"wp-image-70132  alignright\" src=\"https:\/\/www.redeicm.org.br\/purissimo\/wp-content\/uploads\/sites\/16\/2019\/10\/Filippi-Espa%C3%A7o-Maker-216x300.png\" sizes=\"(max-width: 282px) 100vw, 282px\" srcset=\"https:\/\/www.redeicm.org.br\/purissimo\/wp-content\/uploads\/sites\/16\/2019\/10\/Filippi-Espa\u00e7o-Maker-216x300.png 216w, https:\/\/www.redeicm.org.br\/purissimo\/wp-content\/uploads\/sites\/16\/2019\/10\/Filippi-Espa\u00e7o-Maker-600x835.png 600w, https:\/\/www.redeicm.org.br\/purissimo\/wp-content\/uploads\/sites\/16\/2019\/10\/Filippi-Espa\u00e7o-Maker.png 629w\" alt=\"\" width=\"282\" height=\"391\" \/><\/p><p>Maker vem do ingl\u00eas, \u201cfazer\u201d, que consiste em um sistema de aprendizagem, baseado em projetos (Problem-Based Learning) capaz de estimular a pr\u00f3-atividade e o aprimoramento pessoal em um grupo acad\u00eamico por meio de discuss\u00f5es profundas de casos interdisciplinares.<\/p><p>A cultura Maker se baseia na ideia de que pessoas devem ser capazes de fabricar, construir, reparar e alterar objetos, baseando-se num ambiente de colabora\u00e7\u00e3o e transmiss\u00e3o de informa\u00e7\u00f5es entre grupos e pessoas. Aqui no Col\u00e9gio Pur\u00edssimo, tomamos os devidos cuidados para que os projetos possam estimular a forma\u00e7\u00e3o humana de cada um de nossos alunos.<\/p><div class=\"angwp_67673 _ning_cont _ning_hidden _ning_outer _align_center responsive _ning_visible\" data-size=\"customxundefined\" data-bid=\"67673\" data-aid=\"0\"><div class=\"_ning_label _left\">\u00a0<\/div><div class=\"_ning_inner\"><a class=\"strack_cli _ning_link\" href=\"https:\/\/www.redeicm.org.br\/purissimo?_dnlink=67673&amp;t=1750098642\" target=\"_blank\" rel=\"noopener\">\u00a0<\/a><\/div><\/div>\t\t\t\t\t\t\t\t<\/div>\n\t\t\t\t<\/div>\n\t\t\t\t\t<\/div>\n\t\t\t\t<\/div>\n\t\t\t\t<\/div>\n\t\t\t\t<\/div>\n\t\t","protected":false},"excerpt":{"rendered":"<p>Atualmente nota-se um movimento grande sobre Cultura Maker, mas voc\u00ea sabe o que isso significa e para que serve? A Cultura Maker \u00e9 a extens\u00e3o do fa\u00e7a-voc\u00ea-mesmo, ou\u00a0Do it yourself\u00a0(DIY), que ficou muito popular com v\u00eddeos nas redes sociais sobre pessoas consertando, modificando, criando e produzindo objetos com as m\u00e3os, mostrando que qualquer um pode [&hellip;]<\/p>\n","protected":false},"author":1,"featured_media":0,"parent":0,"menu_order":0,"comment_status":"closed","ping_status":"closed","template":"","meta":{"_acf_changed":false,"footnotes":""},"class_list":["post-1403","page","type-page","status-publish","hentry"],"acf":[],"yoast_head":"<!-- This site is optimized with the Yoast SEO plugin v26.3 - https:\/\/yoast.com\/wordpress\/plugins\/seo\/ -->\n<title>Espa\u00e7o Maker - Col\u00e9gio Pur\u00edssimo Cora\u00e7\u00e3o de Maria | Rede ICM de educa\u00e7\u00e3o<\/title>\n<meta name=\"robots\" content=\"index, follow, max-snippet:-1, max-image-preview:large, max-video-preview:-1\" \/>\n<link rel=\"canonical\" href=\"https:\/\/redeicm.org.br\/purissimo\/espaco-maker\/\" \/>\n<meta property=\"og:locale\" content=\"pt_BR\" \/>\n<meta property=\"og:type\" content=\"article\" \/>\n<meta property=\"og:title\" content=\"Espa\u00e7o Maker - Col\u00e9gio Pur\u00edssimo Cora\u00e7\u00e3o de Maria | Rede ICM de educa\u00e7\u00e3o\" \/>\n<meta property=\"og:description\" content=\"Atualmente nota-se um movimento grande sobre Cultura Maker, mas voc\u00ea sabe o que isso significa e para que serve? A Cultura Maker \u00e9 a extens\u00e3o do fa\u00e7a-voc\u00ea-mesmo, ou\u00a0Do it yourself\u00a0(DIY), que ficou muito popular com v\u00eddeos nas redes sociais sobre pessoas consertando, modificando, criando e produzindo objetos com as m\u00e3os, mostrando que qualquer um pode [&hellip;]\" \/>\n<meta property=\"og:url\" content=\"https:\/\/redeicm.org.br\/purissimo\/espaco-maker\/\" \/>\n<meta property=\"og:site_name\" content=\"Col\u00e9gio Pur\u00edssimo Cora\u00e7\u00e3o de Maria | Rede ICM de educa\u00e7\u00e3o\" \/>\n<meta property=\"article:modified_time\" content=\"2025-06-16T21:38:07+00:00\" \/>\n<meta property=\"og:image\" content=\"https:\/\/www.redeicm.org.br\/purissimo\/wp-content\/uploads\/sites\/16\/2019\/10\/Filippi-Espa%C3%A7o-Maker-216x300.png\" \/>\n<meta name=\"twitter:card\" content=\"summary_large_image\" \/>\n<meta name=\"twitter:label1\" content=\"Est. tempo de leitura\" \/>\n\t<meta name=\"twitter:data1\" content=\"2 minutos\" \/>\n<script type=\"application\/ld+json\" class=\"yoast-schema-graph\">{\"@context\":\"https:\/\/schema.org\",\"@graph\":[{\"@type\":\"WebPage\",\"@id\":\"https:\/\/redeicm.org.br\/purissimo\/espaco-maker\/\",\"url\":\"https:\/\/redeicm.org.br\/purissimo\/espaco-maker\/\",\"name\":\"Espa\u00e7o Maker - Col\u00e9gio Pur\u00edssimo Cora\u00e7\u00e3o de Maria | Rede ICM de educa\u00e7\u00e3o\",\"isPartOf\":{\"@id\":\"https:\/\/redeicm.org.br\/purissimo\/#website\"},\"primaryImageOfPage\":{\"@id\":\"https:\/\/redeicm.org.br\/purissimo\/espaco-maker\/#primaryimage\"},\"image\":{\"@id\":\"https:\/\/redeicm.org.br\/purissimo\/espaco-maker\/#primaryimage\"},\"thumbnailUrl\":\"https:\/\/www.redeicm.org.br\/purissimo\/wp-content\/uploads\/sites\/16\/2019\/10\/Filippi-Espa%C3%A7o-Maker-216x300.png\",\"datePublished\":\"2025-06-16T21:34:55+00:00\",\"dateModified\":\"2025-06-16T21:38:07+00:00\",\"breadcrumb\":{\"@id\":\"https:\/\/redeicm.org.br\/purissimo\/espaco-maker\/#breadcrumb\"},\"inLanguage\":\"pt-BR\",\"potentialAction\":[{\"@type\":\"ReadAction\",\"target\":[\"https:\/\/redeicm.org.br\/purissimo\/espaco-maker\/\"]}]},{\"@type\":\"ImageObject\",\"inLanguage\":\"pt-BR\",\"@id\":\"https:\/\/redeicm.org.br\/purissimo\/espaco-maker\/#primaryimage\",\"url\":\"https:\/\/www.redeicm.org.br\/purissimo\/wp-content\/uploads\/sites\/16\/2019\/10\/Filippi-Espa%C3%A7o-Maker-216x300.png\",\"contentUrl\":\"https:\/\/www.redeicm.org.br\/purissimo\/wp-content\/uploads\/sites\/16\/2019\/10\/Filippi-Espa%C3%A7o-Maker-216x300.png\"},{\"@type\":\"BreadcrumbList\",\"@id\":\"https:\/\/redeicm.org.br\/purissimo\/espaco-maker\/#breadcrumb\",\"itemListElement\":[{\"@type\":\"ListItem\",\"position\":1,\"name\":\"In\u00edcio\",\"item\":\"https:\/\/redeicm.org.br\/purissimo\/\"},{\"@type\":\"ListItem\",\"position\":2,\"name\":\"Espa\u00e7o Maker\"}]},{\"@type\":\"WebSite\",\"@id\":\"https:\/\/redeicm.org.br\/purissimo\/#website\",\"url\":\"https:\/\/redeicm.org.br\/purissimo\/\",\"name\":\"Col\u00e9gio Pur\u00edssimo Cora\u00e7\u00e3o de Maria | Rede ICM de educa\u00e7\u00e3o\",\"description\":\"\",\"publisher\":{\"@id\":\"https:\/\/redeicm.org.br\/purissimo\/#organization\"},\"potentialAction\":[{\"@type\":\"SearchAction\",\"target\":{\"@type\":\"EntryPoint\",\"urlTemplate\":\"https:\/\/redeicm.org.br\/purissimo\/?s={search_term_string}\"},\"query-input\":{\"@type\":\"PropertyValueSpecification\",\"valueRequired\":true,\"valueName\":\"search_term_string\"}}],\"inLanguage\":\"pt-BR\"},{\"@type\":\"Organization\",\"@id\":\"https:\/\/redeicm.org.br\/purissimo\/#organization\",\"name\":\"Col\u00e9gio Pur\u00edssimo Cora\u00e7\u00e3o de Maria | Rede ICM de educa\u00e7\u00e3o\",\"url\":\"https:\/\/redeicm.org.br\/purissimo\/\",\"logo\":{\"@type\":\"ImageObject\",\"inLanguage\":\"pt-BR\",\"@id\":\"https:\/\/redeicm.org.br\/purissimo\/#\/schema\/logo\/image\/\",\"url\":\"https:\/\/redeicm.org.br\/purissimo\/wp-content\/uploads\/sites\/20\/2024\/08\/ICM_Educacao_Purissimo-12-1024x450-1.webp\",\"contentUrl\":\"https:\/\/redeicm.org.br\/purissimo\/wp-content\/uploads\/sites\/20\/2024\/08\/ICM_Educacao_Purissimo-12-1024x450-1.webp\",\"width\":1024,\"height\":450,\"caption\":\"Col\u00e9gio Pur\u00edssimo Cora\u00e7\u00e3o de Maria | Rede ICM de educa\u00e7\u00e3o\"},\"image\":{\"@id\":\"https:\/\/redeicm.org.br\/purissimo\/#\/schema\/logo\/image\/\"}}]}<\/script>\n<!-- \/ Yoast SEO plugin. -->","yoast_head_json":{"title":"Espa\u00e7o Maker - Col\u00e9gio Pur\u00edssimo Cora\u00e7\u00e3o de Maria | Rede ICM de educa\u00e7\u00e3o","robots":{"index":"index","follow":"follow","max-snippet":"max-snippet:-1","max-image-preview":"max-image-preview:large","max-video-preview":"max-video-preview:-1"},"canonical":"https:\/\/redeicm.org.br\/purissimo\/espaco-maker\/","og_locale":"pt_BR","og_type":"article","og_title":"Espa\u00e7o Maker - Col\u00e9gio Pur\u00edssimo Cora\u00e7\u00e3o de Maria | Rede ICM de educa\u00e7\u00e3o","og_description":"Atualmente nota-se um movimento grande sobre Cultura Maker, mas voc\u00ea sabe o que isso significa e para que serve? A Cultura Maker \u00e9 a extens\u00e3o do fa\u00e7a-voc\u00ea-mesmo, ou\u00a0Do it yourself\u00a0(DIY), que ficou muito popular com v\u00eddeos nas redes sociais sobre pessoas consertando, modificando, criando e produzindo objetos com as m\u00e3os, mostrando que qualquer um pode [&hellip;]","og_url":"https:\/\/redeicm.org.br\/purissimo\/espaco-maker\/","og_site_name":"Col\u00e9gio Pur\u00edssimo Cora\u00e7\u00e3o de Maria | Rede ICM de educa\u00e7\u00e3o","article_modified_time":"2025-06-16T21:38:07+00:00","og_image":[{"url":"https:\/\/www.redeicm.org.br\/purissimo\/wp-content\/uploads\/sites\/16\/2019\/10\/Filippi-Espa%C3%A7o-Maker-216x300.png","type":"","width":"","height":""}],"twitter_card":"summary_large_image","twitter_misc":{"Est. tempo de leitura":"2 minutos"},"schema":{"@context":"https:\/\/schema.org","@graph":[{"@type":"WebPage","@id":"https:\/\/redeicm.org.br\/purissimo\/espaco-maker\/","url":"https:\/\/redeicm.org.br\/purissimo\/espaco-maker\/","name":"Espa\u00e7o Maker - Col\u00e9gio Pur\u00edssimo Cora\u00e7\u00e3o de Maria | Rede ICM de educa\u00e7\u00e3o","isPartOf":{"@id":"https:\/\/redeicm.org.br\/purissimo\/#website"},"primaryImageOfPage":{"@id":"https:\/\/redeicm.org.br\/purissimo\/espaco-maker\/#primaryimage"},"image":{"@id":"https:\/\/redeicm.org.br\/purissimo\/espaco-maker\/#primaryimage"},"thumbnailUrl":"https:\/\/www.redeicm.org.br\/purissimo\/wp-content\/uploads\/sites\/16\/2019\/10\/Filippi-Espa%C3%A7o-Maker-216x300.png","datePublished":"2025-06-16T21:34:55+00:00","dateModified":"2025-06-16T21:38:07+00:00","breadcrumb":{"@id":"https:\/\/redeicm.org.br\/purissimo\/espaco-maker\/#breadcrumb"},"inLanguage":"pt-BR","potentialAction":[{"@type":"ReadAction","target":["https:\/\/redeicm.org.br\/purissimo\/espaco-maker\/"]}]},{"@type":"ImageObject","inLanguage":"pt-BR","@id":"https:\/\/redeicm.org.br\/purissimo\/espaco-maker\/#primaryimage","url":"https:\/\/www.redeicm.org.br\/purissimo\/wp-content\/uploads\/sites\/16\/2019\/10\/Filippi-Espa%C3%A7o-Maker-216x300.png","contentUrl":"https:\/\/www.redeicm.org.br\/purissimo\/wp-content\/uploads\/sites\/16\/2019\/10\/Filippi-Espa%C3%A7o-Maker-216x300.png"},{"@type":"BreadcrumbList","@id":"https:\/\/redeicm.org.br\/purissimo\/espaco-maker\/#breadcrumb","itemListElement":[{"@type":"ListItem","position":1,"name":"In\u00edcio","item":"https:\/\/redeicm.org.br\/purissimo\/"},{"@type":"ListItem","position":2,"name":"Espa\u00e7o Maker"}]},{"@type":"WebSite","@id":"https:\/\/redeicm.org.br\/purissimo\/#website","url":"https:\/\/redeicm.org.br\/purissimo\/","name":"Col\u00e9gio Pur\u00edssimo Cora\u00e7\u00e3o de Maria | Rede ICM de educa\u00e7\u00e3o","description":"","publisher":{"@id":"https:\/\/redeicm.org.br\/purissimo\/#organization"},"potentialAction":[{"@type":"SearchAction","target":{"@type":"EntryPoint","urlTemplate":"https:\/\/redeicm.org.br\/purissimo\/?s={search_term_string}"},"query-input":{"@type":"PropertyValueSpecification","valueRequired":true,"valueName":"search_term_string"}}],"inLanguage":"pt-BR"},{"@type":"Organization","@id":"https:\/\/redeicm.org.br\/purissimo\/#organization","name":"Col\u00e9gio Pur\u00edssimo Cora\u00e7\u00e3o de Maria | Rede ICM de educa\u00e7\u00e3o","url":"https:\/\/redeicm.org.br\/purissimo\/","logo":{"@type":"ImageObject","inLanguage":"pt-BR","@id":"https:\/\/redeicm.org.br\/purissimo\/#\/schema\/logo\/image\/","url":"https:\/\/redeicm.org.br\/purissimo\/wp-content\/uploads\/sites\/20\/2024\/08\/ICM_Educacao_Purissimo-12-1024x450-1.webp","contentUrl":"https:\/\/redeicm.org.br\/purissimo\/wp-content\/uploads\/sites\/20\/2024\/08\/ICM_Educacao_Purissimo-12-1024x450-1.webp","width":1024,"height":450,"caption":"Col\u00e9gio Pur\u00edssimo Cora\u00e7\u00e3o de Maria | Rede ICM de educa\u00e7\u00e3o"},"image":{"@id":"https:\/\/redeicm.org.br\/purissimo\/#\/schema\/logo\/image\/"}}]}},"_links":{"self":[{"href":"https:\/\/redeicm.org.br\/purissimo\/wp-json\/wp\/v2\/pages\/1403","targetHints":{"allow":["GET"]}}],"collection":[{"href":"https:\/\/redeicm.org.br\/purissimo\/wp-json\/wp\/v2\/pages"}],"about":[{"href":"https:\/\/redeicm.org.br\/purissimo\/wp-json\/wp\/v2\/types\/page"}],"author":[{"embeddable":true,"href":"https:\/\/redeicm.org.br\/purissimo\/wp-json\/wp\/v2\/users\/1"}],"replies":[{"embeddable":true,"href":"https:\/\/redeicm.org.br\/purissimo\/wp-json\/wp\/v2\/comments?post=1403"}],"version-history":[{"count":8,"href":"https:\/\/redeicm.org.br\/purissimo\/wp-json\/wp\/v2\/pages\/1403\/revisions"}],"predecessor-version":[{"id":1411,"href":"https:\/\/redeicm.org.br\/purissimo\/wp-json\/wp\/v2\/pages\/1403\/revisions\/1411"}],"wp:attachment":[{"href":"https:\/\/redeicm.org.br\/purissimo\/wp-json\/wp\/v2\/media?parent=1403"}],"curies":[{"name":"wp","href":"https:\/\/api.w.org\/{rel}","templated":true}]}}