{"id":343,"date":"2024-09-08T13:19:54","date_gmt":"2024-09-08T16:19:54","guid":{"rendered":"https:\/\/redeicm.org.br\/providencia\/?page_id=343"},"modified":"2025-05-21T16:21:22","modified_gmt":"2025-05-21T19:21:22","slug":"servico-de-psicologia","status":"publish","type":"page","link":"https:\/\/redeicm.org.br\/providencia\/servico-de-psicologia\/","title":{"rendered":"Servi\u00e7o de Psicologia"},"content":{"rendered":"\t\t<div data-elementor-type=\"wp-page\" data-elementor-id=\"343\" class=\"elementor elementor-343\" data-elementor-post-type=\"page\">\n\t\t\t\t<div class=\"elementor-element elementor-element-7d9f9446 e-flex e-con-boxed e-con e-parent\" data-id=\"7d9f9446\" data-element_type=\"container\" data-e-type=\"container\" data-settings=\"{&quot;background_background&quot;:&quot;classic&quot;}\">\n\t\t\t\t\t<div class=\"e-con-inner\">\n\t\t\t\t<div class=\"elementor-element elementor-element-2fb7211d elementor-widget elementor-widget-heading\" data-id=\"2fb7211d\" data-element_type=\"widget\" data-e-type=\"widget\" data-widget_type=\"heading.default\">\n\t\t\t\t<div class=\"elementor-widget-container\">\n\t\t\t\t\t<h1 class=\"elementor-heading-title elementor-size-default\">Servi\u00e7o de Psicologia<\/h1>\t\t\t\t<\/div>\n\t\t\t\t<\/div>\n\t\t\t\t\t<\/div>\n\t\t\t\t<\/div>\n\t\t<div class=\"elementor-element elementor-element-3bc92487 e-con-full e-flex e-con e-parent\" data-id=\"3bc92487\" data-element_type=\"container\" data-e-type=\"container\">\n\t\t<div class=\"elementor-element elementor-element-31cd7a96 e-flex e-con-boxed e-con e-child\" data-id=\"31cd7a96\" data-element_type=\"container\" data-e-type=\"container\">\n\t\t\t\t\t<div class=\"e-con-inner\">\n\t\t\t\t<div class=\"elementor-element elementor-element-1a72e9a5 elementor-invisible elementor-widget elementor-widget-text-editor\" data-id=\"1a72e9a5\" data-element_type=\"widget\" data-e-type=\"widget\" data-settings=\"{&quot;_animation&quot;:&quot;fadeInUp&quot;}\" data-widget_type=\"text-editor.default\">\n\t\t\t\t<div class=\"elementor-widget-container\">\n\t\t\t\t\t\t\t\t\t<p>O Servi\u00e7o de Psicologia busca a promo\u00e7\u00e3o de espa\u00e7os de escuta e acolhimento para as crian\u00e7as, adolescentes, jovens e familiares atendidos, realizando o acompanhamento dos mesmos na Institui\u00e7\u00e3o. Em suas atividades, visa contribuir para a qualidade de vida, o desenvolvimento da autonomia e de rela\u00e7\u00f5es de conviv\u00eancia, considerando as quest\u00f5es sociais e atreladas \u00e0s pol\u00edticas p\u00fablicas.\u00a0Presta informa\u00e7\u00f5es e orienta\u00e7\u00f5es, est\u00e1 a servi\u00e7o dos direitos dos usu\u00e1rios e articula a\u00e7\u00f5es, junto \u00e0 equipe t\u00e9cnica, com a rede de servi\u00e7os do territ\u00f3rio. As interven\u00e7\u00f5es s\u00e3o integradas com a equipe numa perspectiva interdisciplinar para garantir a prote\u00e7\u00e3o social.<\/p><p><strong>Psic\u00f3loga<\/strong>: D\u00e9bora da Silva Ribeiro<\/p>\t\t\t\t\t\t\t\t<\/div>\n\t\t\t\t<\/div>\n\t\t\t\t\t<\/div>\n\t\t\t\t<\/div>\n\t\t\t\t<\/div>\n\t\t\t\t<\/div>\n\t\t","protected":false},"excerpt":{"rendered":"<p>O Servi\u00e7o de Psicologia busca a promo\u00e7\u00e3o de espa\u00e7os de escuta e acolhimento para as crian\u00e7as, adolescentes, jovens e familiares atendidos, realizando o acompanhamento dos mesmos na Institui\u00e7\u00e3o. Em suas atividades, visa contribuir para a qualidade de vida, o desenvolvimento da autonomia e de rela\u00e7\u00f5es de conviv\u00eancia, considerando as quest\u00f5es sociais e atreladas \u00e0s pol\u00edticas [&hellip;]<\/p>\n","protected":false},"author":1,"featured_media":113,"parent":0,"menu_order":0,"comment_status":"closed","ping_status":"closed","template":"","meta":{"_acf_changed":false,"footnotes":""},"class_list":["post-343","page","type-page","status-publish","has-post-thumbnail","hentry"],"acf":[],"yoast_head":"<!-- This site is optimized with the Yoast SEO plugin v26.3 - https:\/\/yoast.com\/wordpress\/plugins\/seo\/ -->\n<title>Servi\u00e7o de Psicologia - Instituto Provid\u00eancia | Rede ICM de Educa\u00e7\u00e3o e Assist\u00eancia Social<\/title>\n<meta name=\"robots\" content=\"index, follow, max-snippet:-1, max-image-preview:large, max-video-preview:-1\" \/>\n<link rel=\"canonical\" href=\"https:\/\/redeicm.org.br\/providencia\/servico-de-psicologia\/\" \/>\n<meta property=\"og:locale\" content=\"pt_BR\" \/>\n<meta property=\"og:type\" content=\"article\" \/>\n<meta property=\"og:title\" content=\"Servi\u00e7o de Psicologia - Instituto Provid\u00eancia | Rede ICM de Educa\u00e7\u00e3o e Assist\u00eancia Social\" \/>\n<meta property=\"og:description\" content=\"O Servi\u00e7o de Psicologia busca a promo\u00e7\u00e3o de espa\u00e7os de escuta e acolhimento para as crian\u00e7as, adolescentes, jovens e familiares atendidos, realizando o acompanhamento dos mesmos na Institui\u00e7\u00e3o. Em suas atividades, visa contribuir para a qualidade de vida, o desenvolvimento da autonomia e de rela\u00e7\u00f5es de conviv\u00eancia, considerando as quest\u00f5es sociais e atreladas \u00e0s pol\u00edticas [&hellip;]\" \/>\n<meta property=\"og:url\" content=\"https:\/\/redeicm.org.br\/providencia\/servico-de-psicologia\/\" \/>\n<meta property=\"og:site_name\" content=\"Instituto Provid\u00eancia | Rede ICM de Educa\u00e7\u00e3o e Assist\u00eancia Social\" \/>\n<meta property=\"article:modified_time\" content=\"2025-05-21T19:21:22+00:00\" \/>\n<meta property=\"og:image\" content=\"https:\/\/redeicm.org.br\/providencia\/wp-content\/uploads\/sites\/15\/2024\/08\/banner-ensino-fundamental-finais.jpg\" \/>\n\t<meta property=\"og:image:width\" content=\"1440\" \/>\n\t<meta property=\"og:image:height\" content=\"401\" \/>\n\t<meta property=\"og:image:type\" content=\"image\/jpeg\" \/>\n<meta name=\"twitter:card\" content=\"summary_large_image\" \/>\n<meta name=\"twitter:label1\" content=\"Est. tempo de leitura\" \/>\n\t<meta name=\"twitter:data1\" content=\"1 minuto\" \/>\n<script type=\"application\/ld+json\" class=\"yoast-schema-graph\">{\"@context\":\"https:\/\/schema.org\",\"@graph\":[{\"@type\":\"WebPage\",\"@id\":\"https:\/\/redeicm.org.br\/providencia\/servico-de-psicologia\/\",\"url\":\"https:\/\/redeicm.org.br\/providencia\/servico-de-psicologia\/\",\"name\":\"Servi\u00e7o de Psicologia - Instituto Provid\u00eancia | Rede ICM de Educa\u00e7\u00e3o e Assist\u00eancia Social\",\"isPartOf\":{\"@id\":\"https:\/\/redeicm.org.br\/providencia\/#website\"},\"primaryImageOfPage\":{\"@id\":\"https:\/\/redeicm.org.br\/providencia\/servico-de-psicologia\/#primaryimage\"},\"image\":{\"@id\":\"https:\/\/redeicm.org.br\/providencia\/servico-de-psicologia\/#primaryimage\"},\"thumbnailUrl\":\"https:\/\/redeicm.org.br\/providencia\/wp-content\/uploads\/sites\/15\/2024\/08\/banner-ensino-fundamental-finais.jpg\",\"datePublished\":\"2024-09-08T16:19:54+00:00\",\"dateModified\":\"2025-05-21T19:21:22+00:00\",\"breadcrumb\":{\"@id\":\"https:\/\/redeicm.org.br\/providencia\/servico-de-psicologia\/#breadcrumb\"},\"inLanguage\":\"pt-BR\",\"potentialAction\":[{\"@type\":\"ReadAction\",\"target\":[\"https:\/\/redeicm.org.br\/providencia\/servico-de-psicologia\/\"]}]},{\"@type\":\"ImageObject\",\"inLanguage\":\"pt-BR\",\"@id\":\"https:\/\/redeicm.org.br\/providencia\/servico-de-psicologia\/#primaryimage\",\"url\":\"https:\/\/redeicm.org.br\/providencia\/wp-content\/uploads\/sites\/15\/2024\/08\/banner-ensino-fundamental-finais.jpg\",\"contentUrl\":\"https:\/\/redeicm.org.br\/providencia\/wp-content\/uploads\/sites\/15\/2024\/08\/banner-ensino-fundamental-finais.jpg\",\"width\":1440,\"height\":401},{\"@type\":\"BreadcrumbList\",\"@id\":\"https:\/\/redeicm.org.br\/providencia\/servico-de-psicologia\/#breadcrumb\",\"itemListElement\":[{\"@type\":\"ListItem\",\"position\":1,\"name\":\"In\u00edcio\",\"item\":\"https:\/\/redeicm.org.br\/providencia\/\"},{\"@type\":\"ListItem\",\"position\":2,\"name\":\"Servi\u00e7o de Psicologia\"}]},{\"@type\":\"WebSite\",\"@id\":\"https:\/\/redeicm.org.br\/providencia\/#website\",\"url\":\"https:\/\/redeicm.org.br\/providencia\/\",\"name\":\"Instituto Provid\u00eancia | Rede ICM de Educa\u00e7\u00e3o e Assist\u00eancia Social\",\"description\":\"\",\"publisher\":{\"@id\":\"https:\/\/redeicm.org.br\/providencia\/#organization\"},\"potentialAction\":[{\"@type\":\"SearchAction\",\"target\":{\"@type\":\"EntryPoint\",\"urlTemplate\":\"https:\/\/redeicm.org.br\/providencia\/?s={search_term_string}\"},\"query-input\":{\"@type\":\"PropertyValueSpecification\",\"valueRequired\":true,\"valueName\":\"search_term_string\"}}],\"inLanguage\":\"pt-BR\"},{\"@type\":\"Organization\",\"@id\":\"https:\/\/redeicm.org.br\/providencia\/#organization\",\"name\":\"Instituto Provid\u00eancia | Rede ICM de Educa\u00e7\u00e3o e Assist\u00eancia Social\",\"url\":\"https:\/\/redeicm.org.br\/providencia\/\",\"logo\":{\"@type\":\"ImageObject\",\"inLanguage\":\"pt-BR\",\"@id\":\"https:\/\/redeicm.org.br\/providencia\/#\/schema\/logo\/image\/\",\"url\":\"https:\/\/redeicm.org.br\/providencia\/wp-content\/uploads\/sites\/15\/2024\/08\/2024_Rede-ICM_Instituto-Providencia_assinatura_preferencial-1-scaled.png\",\"contentUrl\":\"https:\/\/redeicm.org.br\/providencia\/wp-content\/uploads\/sites\/15\/2024\/08\/2024_Rede-ICM_Instituto-Providencia_assinatura_preferencial-1-scaled.png\",\"width\":2560,\"height\":1003,\"caption\":\"Instituto Provid\u00eancia | Rede ICM de Educa\u00e7\u00e3o e Assist\u00eancia Social\"},\"image\":{\"@id\":\"https:\/\/redeicm.org.br\/providencia\/#\/schema\/logo\/image\/\"}}]}<\/script>\n<!-- \/ Yoast SEO plugin. -->","yoast_head_json":{"title":"Servi\u00e7o de Psicologia - Instituto Provid\u00eancia | Rede ICM de Educa\u00e7\u00e3o e Assist\u00eancia Social","robots":{"index":"index","follow":"follow","max-snippet":"max-snippet:-1","max-image-preview":"max-image-preview:large","max-video-preview":"max-video-preview:-1"},"canonical":"https:\/\/redeicm.org.br\/providencia\/servico-de-psicologia\/","og_locale":"pt_BR","og_type":"article","og_title":"Servi\u00e7o de Psicologia - Instituto Provid\u00eancia | Rede ICM de Educa\u00e7\u00e3o e Assist\u00eancia Social","og_description":"O Servi\u00e7o de Psicologia busca a promo\u00e7\u00e3o de espa\u00e7os de escuta e acolhimento para as crian\u00e7as, adolescentes, jovens e familiares atendidos, realizando o acompanhamento dos mesmos na Institui\u00e7\u00e3o. Em suas atividades, visa contribuir para a qualidade de vida, o desenvolvimento da autonomia e de rela\u00e7\u00f5es de conviv\u00eancia, considerando as quest\u00f5es sociais e atreladas \u00e0s pol\u00edticas [&hellip;]","og_url":"https:\/\/redeicm.org.br\/providencia\/servico-de-psicologia\/","og_site_name":"Instituto Provid\u00eancia | Rede ICM de Educa\u00e7\u00e3o e Assist\u00eancia Social","article_modified_time":"2025-05-21T19:21:22+00:00","og_image":[{"width":1440,"height":401,"url":"https:\/\/redeicm.org.br\/providencia\/wp-content\/uploads\/sites\/15\/2024\/08\/banner-ensino-fundamental-finais.jpg","type":"image\/jpeg"}],"twitter_card":"summary_large_image","twitter_misc":{"Est. tempo de leitura":"1 minuto"},"schema":{"@context":"https:\/\/schema.org","@graph":[{"@type":"WebPage","@id":"https:\/\/redeicm.org.br\/providencia\/servico-de-psicologia\/","url":"https:\/\/redeicm.org.br\/providencia\/servico-de-psicologia\/","name":"Servi\u00e7o de Psicologia - Instituto Provid\u00eancia | Rede ICM de Educa\u00e7\u00e3o e Assist\u00eancia Social","isPartOf":{"@id":"https:\/\/redeicm.org.br\/providencia\/#website"},"primaryImageOfPage":{"@id":"https:\/\/redeicm.org.br\/providencia\/servico-de-psicologia\/#primaryimage"},"image":{"@id":"https:\/\/redeicm.org.br\/providencia\/servico-de-psicologia\/#primaryimage"},"thumbnailUrl":"https:\/\/redeicm.org.br\/providencia\/wp-content\/uploads\/sites\/15\/2024\/08\/banner-ensino-fundamental-finais.jpg","datePublished":"2024-09-08T16:19:54+00:00","dateModified":"2025-05-21T19:21:22+00:00","breadcrumb":{"@id":"https:\/\/redeicm.org.br\/providencia\/servico-de-psicologia\/#breadcrumb"},"inLanguage":"pt-BR","potentialAction":[{"@type":"ReadAction","target":["https:\/\/redeicm.org.br\/providencia\/servico-de-psicologia\/"]}]},{"@type":"ImageObject","inLanguage":"pt-BR","@id":"https:\/\/redeicm.org.br\/providencia\/servico-de-psicologia\/#primaryimage","url":"https:\/\/redeicm.org.br\/providencia\/wp-content\/uploads\/sites\/15\/2024\/08\/banner-ensino-fundamental-finais.jpg","contentUrl":"https:\/\/redeicm.org.br\/providencia\/wp-content\/uploads\/sites\/15\/2024\/08\/banner-ensino-fundamental-finais.jpg","width":1440,"height":401},{"@type":"BreadcrumbList","@id":"https:\/\/redeicm.org.br\/providencia\/servico-de-psicologia\/#breadcrumb","itemListElement":[{"@type":"ListItem","position":1,"name":"In\u00edcio","item":"https:\/\/redeicm.org.br\/providencia\/"},{"@type":"ListItem","position":2,"name":"Servi\u00e7o de Psicologia"}]},{"@type":"WebSite","@id":"https:\/\/redeicm.org.br\/providencia\/#website","url":"https:\/\/redeicm.org.br\/providencia\/","name":"Instituto Provid\u00eancia | Rede ICM de Educa\u00e7\u00e3o e Assist\u00eancia Social","description":"","publisher":{"@id":"https:\/\/redeicm.org.br\/providencia\/#organization"},"potentialAction":[{"@type":"SearchAction","target":{"@type":"EntryPoint","urlTemplate":"https:\/\/redeicm.org.br\/providencia\/?s={search_term_string}"},"query-input":{"@type":"PropertyValueSpecification","valueRequired":true,"valueName":"search_term_string"}}],"inLanguage":"pt-BR"},{"@type":"Organization","@id":"https:\/\/redeicm.org.br\/providencia\/#organization","name":"Instituto Provid\u00eancia | Rede ICM de Educa\u00e7\u00e3o e Assist\u00eancia Social","url":"https:\/\/redeicm.org.br\/providencia\/","logo":{"@type":"ImageObject","inLanguage":"pt-BR","@id":"https:\/\/redeicm.org.br\/providencia\/#\/schema\/logo\/image\/","url":"https:\/\/redeicm.org.br\/providencia\/wp-content\/uploads\/sites\/15\/2024\/08\/2024_Rede-ICM_Instituto-Providencia_assinatura_preferencial-1-scaled.png","contentUrl":"https:\/\/redeicm.org.br\/providencia\/wp-content\/uploads\/sites\/15\/2024\/08\/2024_Rede-ICM_Instituto-Providencia_assinatura_preferencial-1-scaled.png","width":2560,"height":1003,"caption":"Instituto Provid\u00eancia | Rede ICM de Educa\u00e7\u00e3o e Assist\u00eancia Social"},"image":{"@id":"https:\/\/redeicm.org.br\/providencia\/#\/schema\/logo\/image\/"}}]}},"_links":{"self":[{"href":"https:\/\/redeicm.org.br\/providencia\/wp-json\/wp\/v2\/pages\/343","targetHints":{"allow":["GET"]}}],"collection":[{"href":"https:\/\/redeicm.org.br\/providencia\/wp-json\/wp\/v2\/pages"}],"about":[{"href":"https:\/\/redeicm.org.br\/providencia\/wp-json\/wp\/v2\/types\/page"}],"author":[{"embeddable":true,"href":"https:\/\/redeicm.org.br\/providencia\/wp-json\/wp\/v2\/users\/1"}],"replies":[{"embeddable":true,"href":"https:\/\/redeicm.org.br\/providencia\/wp-json\/wp\/v2\/comments?post=343"}],"version-history":[{"count":3,"href":"https:\/\/redeicm.org.br\/providencia\/wp-json\/wp\/v2\/pages\/343\/revisions"}],"predecessor-version":[{"id":2940,"href":"https:\/\/redeicm.org.br\/providencia\/wp-json\/wp\/v2\/pages\/343\/revisions\/2940"}],"wp:featuredmedia":[{"embeddable":true,"href":"https:\/\/redeicm.org.br\/providencia\/wp-json\/wp\/v2\/media\/113"}],"wp:attachment":[{"href":"https:\/\/redeicm.org.br\/providencia\/wp-json\/wp\/v2\/media?parent=343"}],"curies":[{"name":"wp","href":"https:\/\/api.w.org\/{rel}","templated":true}]}}