{"id":3101,"date":"2025-05-22T16:46:43","date_gmt":"2025-05-22T19:46:43","guid":{"rendered":"https:\/\/redeicm.org.br\/providencia\/?page_id=3101"},"modified":"2025-05-22T17:17:37","modified_gmt":"2025-05-22T20:17:37","slug":"parceiros","status":"publish","type":"page","link":"https:\/\/redeicm.org.br\/providencia\/parceiros\/","title":{"rendered":"Parceiros"},"content":{"rendered":"\t\t<div data-elementor-type=\"wp-page\" data-elementor-id=\"3101\" class=\"elementor elementor-3101\" data-elementor-post-type=\"page\">\n\t\t\t\t<div class=\"elementor-element elementor-element-a28359d e-flex e-con-boxed e-con e-parent\" data-id=\"a28359d\" data-element_type=\"container\" data-e-type=\"container\">\n\t\t\t\t\t<div class=\"e-con-inner\">\n\t\t\t\t<div class=\"elementor-element elementor-element-fef9fcb elementor-widget elementor-widget-heading\" data-id=\"fef9fcb\" data-element_type=\"widget\" data-e-type=\"widget\" data-widget_type=\"heading.default\">\n\t\t\t\t<div class=\"elementor-widget-container\">\n\t\t\t\t\t<h2 class=\"elementor-heading-title elementor-size-default\">Sua Parceria transforma muitas vidas!\n<br>A vida transformada transforma o mundo.<\/h2>\t\t\t\t<\/div>\n\t\t\t\t<\/div>\n\t\t\t\t<div class=\"elementor-element elementor-element-5d1f9fc elementor-widget elementor-widget-text-editor\" data-id=\"5d1f9fc\" data-element_type=\"widget\" data-e-type=\"widget\" data-widget_type=\"text-editor.default\">\n\t\t\t\t<div class=\"elementor-widget-container\">\n\t\t\t\t\t\t\t\t\t<p>Parcerias com o Poder P\u00fablico Municipal:<\/p><p>Termo de Colabora\u00e7\u00e3o 239\/2017 \u2013 Servi\u00e7o de Conviv\u00eancia e Fortalecimento de V\u00ednculos \u2013 160 atendimentos.<\/p><p>Termo de Colabora\u00e7\u00e3o 240\/2017 \u2013 Servi\u00e7o de Conviv\u00eancia e Fortalecimento de V\u00ednculos Trabalho Educativo \u2013 36 atendimentos.<\/p>\t\t\t\t\t\t\t\t<\/div>\n\t\t\t\t<\/div>\n\t\t\t\t\t<\/div>\n\t\t\t\t<\/div>\n\t\t<div class=\"elementor-element elementor-element-5d8fe9c e-flex e-con-boxed e-con e-parent\" data-id=\"5d8fe9c\" data-element_type=\"container\" data-e-type=\"container\">\n\t\t\t\t\t<div class=\"e-con-inner\">\n\t\t\t\t<div class=\"elementor-element elementor-element-11baa56 elementor-widget elementor-widget-image\" data-id=\"11baa56\" data-element_type=\"widget\" data-e-type=\"widget\" data-widget_type=\"image.default\">\n\t\t\t\t<div class=\"elementor-widget-container\">\n\t\t\t\t\t\t\t\t\t\t\t\t\t\t\t\t<a href=\"https:\/\/prefeitura.poa.br\/fasc\">\n\t\t\t\t\t\t\t<img fetchpriority=\"high\" decoding=\"async\" width=\"294\" height=\"300\" src=\"https:\/\/redeicm.org.br\/providencia\/wp-content\/uploads\/sites\/15\/2025\/05\/selo_instituicao_parceira-294x300-1.png\" class=\"attachment-large size-large wp-image-3104\" alt=\"\" \/>\t\t\t\t\t\t\t\t<\/a>\n\t\t\t\t\t\t\t\t\t\t\t\t\t\t\t<\/div>\n\t\t\t\t<\/div>\n\t\t\t\t<div class=\"elementor-element elementor-element-0bea635 elementor-widget elementor-widget-image\" data-id=\"0bea635\" data-element_type=\"widget\" data-e-type=\"widget\" data-widget_type=\"image.default\">\n\t\t\t\t<div class=\"elementor-widget-container\">\n\t\t\t\t\t\t\t\t\t\t\t\t\t\t\t\t<a href=\"https:\/\/prefeitura.poa.br\/\">\n\t\t\t\t\t\t\t<img decoding=\"async\" width=\"237\" height=\"186\" src=\"https:\/\/redeicm.org.br\/providencia\/wp-content\/uploads\/sites\/15\/2025\/05\/SMDS_V_pages-to-jpg-0001.jpg\" class=\"attachment-large size-large wp-image-3105\" alt=\"\" \/>\t\t\t\t\t\t\t\t<\/a>\n\t\t\t\t\t\t\t\t\t\t\t\t\t\t\t<\/div>\n\t\t\t\t<\/div>\n\t\t\t\t<div class=\"elementor-element elementor-element-dd32e7d elementor-widget elementor-widget-text-editor\" data-id=\"dd32e7d\" data-element_type=\"widget\" data-e-type=\"widget\" data-widget_type=\"text-editor.default\">\n\t\t\t\t<div class=\"elementor-widget-container\">\n\t\t\t\t\t\t\t\t\t<p>Outras parcerias:<\/p>\t\t\t\t\t\t\t\t<\/div>\n\t\t\t\t<\/div>\n\t\t\t\t<div class=\"elementor-element elementor-element-4404d08 elementor-widget elementor-widget-image\" data-id=\"4404d08\" data-element_type=\"widget\" data-e-type=\"widget\" data-widget_type=\"image.default\">\n\t\t\t\t<div class=\"elementor-widget-container\">\n\t\t\t\t\t\t\t\t\t\t\t\t\t\t\t<img decoding=\"async\" width=\"300\" height=\"241\" src=\"https:\/\/redeicm.org.br\/providencia\/wp-content\/uploads\/sites\/15\/2025\/05\/logo-mesa-300x241-1.png\" class=\"attachment-large size-large wp-image-3106\" alt=\"\" \/>\t\t\t\t\t\t\t\t\t\t\t\t\t\t\t<\/div>\n\t\t\t\t<\/div>\n\t\t\t\t<div class=\"elementor-element elementor-element-9a46bdb elementor-widget elementor-widget-image\" data-id=\"9a46bdb\" data-element_type=\"widget\" data-e-type=\"widget\" data-widget_type=\"image.default\">\n\t\t\t\t<div class=\"elementor-widget-container\">\n\t\t\t\t\t\t\t\t\t\t\t\t\t\t\t<img loading=\"lazy\" decoding=\"async\" width=\"225\" height=\"225\" src=\"https:\/\/redeicm.org.br\/providencia\/wp-content\/uploads\/sites\/15\/2025\/05\/francisco-novelletto.png\" class=\"attachment-large size-large wp-image-3107\" alt=\"\" srcset=\"https:\/\/redeicm.org.br\/providencia\/wp-content\/uploads\/sites\/15\/2025\/05\/francisco-novelletto.png 225w, https:\/\/redeicm.org.br\/providencia\/wp-content\/uploads\/sites\/15\/2025\/05\/francisco-novelletto-150x150.png 150w\" sizes=\"(max-width: 225px) 100vw, 225px\" \/>\t\t\t\t\t\t\t\t\t\t\t\t\t\t\t<\/div>\n\t\t\t\t<\/div>\n\t\t\t\t<div class=\"elementor-element elementor-element-0e2af7d elementor-widget elementor-widget-image\" data-id=\"0e2af7d\" data-element_type=\"widget\" data-e-type=\"widget\" data-widget_type=\"image.default\">\n\t\t\t\t<div class=\"elementor-widget-container\">\n\t\t\t\t\t\t\t\t\t\t\t\t\t\t\t<img loading=\"lazy\" decoding=\"async\" width=\"300\" height=\"94\" src=\"https:\/\/redeicm.org.br\/providencia\/wp-content\/uploads\/sites\/15\/2025\/05\/gqyfNz6PKMBtneqUWEVSWIHqGKf59vqvwrcA8B8I-1-300x94-1.jpg\" class=\"attachment-large size-large wp-image-3108\" alt=\"\" \/>\t\t\t\t\t\t\t\t\t\t\t\t\t\t\t<\/div>\n\t\t\t\t<\/div>\n\t\t\t\t\t<\/div>\n\t\t\t\t<\/div>\n\t\t<div class=\"elementor-element elementor-element-df0c4d4 e-flex e-con-boxed e-con e-parent\" data-id=\"df0c4d4\" data-element_type=\"container\" data-e-type=\"container\">\n\t\t\t\t\t<div class=\"e-con-inner\">\n\t\t\t\t<div class=\"elementor-element elementor-element-9386019 elementor-align-center elementor-widget elementor-widget-button\" data-id=\"9386019\" data-element_type=\"widget\" data-e-type=\"widget\" data-widget_type=\"button.default\">\n\t\t\t\t<div class=\"elementor-widget-container\">\n\t\t\t\t\t\t\t\t\t<div class=\"elementor-button-wrapper\">\n\t\t\t\t\t<a class=\"elementor-button elementor-button-link elementor-size-sm\" href=\"https:\/\/redeicm.org.br\/providencia\/doacoes\/\">\n\t\t\t\t\t\t<span class=\"elementor-button-content-wrapper\">\n\t\t\t\t\t\t<span class=\"elementor-button-icon\">\n\t\t\t\t<svg aria-hidden=\"true\" class=\"e-font-icon-svg e-fas-handshake\" viewBox=\"0 0 640 512\" xmlns=\"http:\/\/www.w3.org\/2000\/svg\"><path d=\"M434.7 64h-85.9c-8 0-15.7 3-21.6 8.4l-98.3 90c-.1.1-.2.3-.3.4-16.6 15.6-16.3 40.5-2.1 56 12.7 13.9 39.4 17.6 56.1 2.7.1-.1.3-.1.4-.2l79.9-73.2c6.5-5.9 16.7-5.5 22.6 1 6 6.5 5.5 16.6-1 22.6l-26.1 23.9L504 313.8c2.9 2.4 5.5 5 7.9 7.7V128l-54.6-54.6c-5.9-6-14.1-9.4-22.6-9.4zM544 128.2v223.9c0 17.7 14.3 32 32 32h64V128.2h-96zm48 223.9c-8.8 0-16-7.2-16-16s7.2-16 16-16 16 7.2 16 16-7.2 16-16 16zM0 384h64c17.7 0 32-14.3 32-32V128.2H0V384zm48-63.9c8.8 0 16 7.2 16 16s-7.2 16-16 16-16-7.2-16-16c0-8.9 7.2-16 16-16zm435.9 18.6L334.6 217.5l-30 27.5c-29.7 27.1-75.2 24.5-101.7-4.4-26.9-29.4-24.8-74.9 4.4-101.7L289.1 64h-83.8c-8.5 0-16.6 3.4-22.6 9.4L128 128v223.9h18.3l90.5 81.9c27.4 22.3 67.7 18.1 90-9.3l.2-.2 17.9 15.5c15.9 13 39.4 10.5 52.3-5.4l31.4-38.6 5.4 4.4c13.7 11.1 33.9 9.1 45-4.7l9.5-11.7c11.2-13.8 9.1-33.9-4.6-45.1z\"><\/path><\/svg>\t\t\t<\/span>\n\t\t\t\t\t\t\t\t\t<span class=\"elementor-button-text\">FA\u00c7A SUA DOA\u00c7\u00c3O<\/span>\n\t\t\t\t\t<\/span>\n\t\t\t\t\t<\/a>\n\t\t\t\t<\/div>\n\t\t\t\t\t\t\t\t<\/div>\n\t\t\t\t<\/div>\n\t\t\t\t\t<\/div>\n\t\t\t\t<\/div>\n\t\t\t\t<\/div>\n\t\t","protected":false},"excerpt":{"rendered":"<p>Sua Parceria transforma muitas vidas! A vida transformada transforma o mundo. Parcerias com o Poder P\u00fablico Municipal: Termo de Colabora\u00e7\u00e3o 239\/2017 \u2013 Servi\u00e7o de Conviv\u00eancia e Fortalecimento de V\u00ednculos \u2013 160 atendimentos. Termo de Colabora\u00e7\u00e3o 240\/2017 \u2013 Servi\u00e7o de Conviv\u00eancia e Fortalecimento de V\u00ednculos Trabalho Educativo \u2013 36 atendimentos. Outras parcerias: FA\u00c7A SUA DOA\u00c7\u00c3O<\/p>\n","protected":false},"author":1,"featured_media":0,"parent":0,"menu_order":0,"comment_status":"closed","ping_status":"closed","template":"elementor_canvas","meta":{"_acf_changed":false,"footnotes":""},"class_list":["post-3101","page","type-page","status-publish","hentry"],"acf":[],"yoast_head":"<!-- This site is optimized with the Yoast SEO plugin v26.3 - https:\/\/yoast.com\/wordpress\/plugins\/seo\/ -->\n<title>Parceiros - Instituto Provid\u00eancia | Rede ICM de Educa\u00e7\u00e3o e Assist\u00eancia Social<\/title>\n<meta name=\"robots\" content=\"index, follow, max-snippet:-1, max-image-preview:large, max-video-preview:-1\" \/>\n<link rel=\"canonical\" href=\"https:\/\/redeicm.org.br\/providencia\/parceiros\/\" \/>\n<meta property=\"og:locale\" content=\"pt_BR\" \/>\n<meta property=\"og:type\" content=\"article\" \/>\n<meta property=\"og:title\" content=\"Parceiros - Instituto Provid\u00eancia | Rede ICM de Educa\u00e7\u00e3o e Assist\u00eancia Social\" \/>\n<meta property=\"og:description\" content=\"Sua Parceria transforma muitas vidas! A vida transformada transforma o mundo. Parcerias com o Poder P\u00fablico Municipal: Termo de Colabora\u00e7\u00e3o 239\/2017 \u2013 Servi\u00e7o de Conviv\u00eancia e Fortalecimento de V\u00ednculos \u2013 160 atendimentos. Termo de Colabora\u00e7\u00e3o 240\/2017 \u2013 Servi\u00e7o de Conviv\u00eancia e Fortalecimento de V\u00ednculos Trabalho Educativo \u2013 36 atendimentos. Outras parcerias: FA\u00c7A SUA DOA\u00c7\u00c3O\" \/>\n<meta property=\"og:url\" content=\"https:\/\/redeicm.org.br\/providencia\/parceiros\/\" \/>\n<meta property=\"og:site_name\" content=\"Instituto Provid\u00eancia | Rede ICM de Educa\u00e7\u00e3o e Assist\u00eancia Social\" \/>\n<meta property=\"article:modified_time\" content=\"2025-05-22T20:17:37+00:00\" \/>\n<meta property=\"og:image\" content=\"https:\/\/redeicm.org.br\/providencia\/wp-content\/uploads\/sites\/15\/2025\/05\/selo_instituicao_parceira-294x300-1.png\" \/>\n\t<meta property=\"og:image:width\" content=\"294\" \/>\n\t<meta property=\"og:image:height\" content=\"300\" \/>\n\t<meta property=\"og:image:type\" content=\"image\/png\" \/>\n<meta name=\"twitter:card\" content=\"summary_large_image\" \/>\n<meta name=\"twitter:label1\" content=\"Est. tempo de leitura\" \/>\n\t<meta name=\"twitter:data1\" content=\"2 minutos\" \/>\n<script type=\"application\/ld+json\" class=\"yoast-schema-graph\">{\"@context\":\"https:\/\/schema.org\",\"@graph\":[{\"@type\":\"WebPage\",\"@id\":\"https:\/\/redeicm.org.br\/providencia\/parceiros\/\",\"url\":\"https:\/\/redeicm.org.br\/providencia\/parceiros\/\",\"name\":\"Parceiros - Instituto Provid\u00eancia | Rede ICM de Educa\u00e7\u00e3o e Assist\u00eancia Social\",\"isPartOf\":{\"@id\":\"https:\/\/redeicm.org.br\/providencia\/#website\"},\"primaryImageOfPage\":{\"@id\":\"https:\/\/redeicm.org.br\/providencia\/parceiros\/#primaryimage\"},\"image\":{\"@id\":\"https:\/\/redeicm.org.br\/providencia\/parceiros\/#primaryimage\"},\"thumbnailUrl\":\"https:\/\/redeicm.org.br\/providencia\/wp-content\/uploads\/sites\/15\/2025\/05\/selo_instituicao_parceira-294x300-1.png\",\"datePublished\":\"2025-05-22T19:46:43+00:00\",\"dateModified\":\"2025-05-22T20:17:37+00:00\",\"breadcrumb\":{\"@id\":\"https:\/\/redeicm.org.br\/providencia\/parceiros\/#breadcrumb\"},\"inLanguage\":\"pt-BR\",\"potentialAction\":[{\"@type\":\"ReadAction\",\"target\":[\"https:\/\/redeicm.org.br\/providencia\/parceiros\/\"]}]},{\"@type\":\"ImageObject\",\"inLanguage\":\"pt-BR\",\"@id\":\"https:\/\/redeicm.org.br\/providencia\/parceiros\/#primaryimage\",\"url\":\"https:\/\/redeicm.org.br\/providencia\/wp-content\/uploads\/sites\/15\/2025\/05\/selo_instituicao_parceira-294x300-1.png\",\"contentUrl\":\"https:\/\/redeicm.org.br\/providencia\/wp-content\/uploads\/sites\/15\/2025\/05\/selo_instituicao_parceira-294x300-1.png\",\"width\":294,\"height\":300},{\"@type\":\"BreadcrumbList\",\"@id\":\"https:\/\/redeicm.org.br\/providencia\/parceiros\/#breadcrumb\",\"itemListElement\":[{\"@type\":\"ListItem\",\"position\":1,\"name\":\"In\u00edcio\",\"item\":\"https:\/\/redeicm.org.br\/providencia\/\"},{\"@type\":\"ListItem\",\"position\":2,\"name\":\"Parceiros\"}]},{\"@type\":\"WebSite\",\"@id\":\"https:\/\/redeicm.org.br\/providencia\/#website\",\"url\":\"https:\/\/redeicm.org.br\/providencia\/\",\"name\":\"Instituto Provid\u00eancia | Rede ICM de Educa\u00e7\u00e3o e Assist\u00eancia Social\",\"description\":\"\",\"publisher\":{\"@id\":\"https:\/\/redeicm.org.br\/providencia\/#organization\"},\"potentialAction\":[{\"@type\":\"SearchAction\",\"target\":{\"@type\":\"EntryPoint\",\"urlTemplate\":\"https:\/\/redeicm.org.br\/providencia\/?s={search_term_string}\"},\"query-input\":{\"@type\":\"PropertyValueSpecification\",\"valueRequired\":true,\"valueName\":\"search_term_string\"}}],\"inLanguage\":\"pt-BR\"},{\"@type\":\"Organization\",\"@id\":\"https:\/\/redeicm.org.br\/providencia\/#organization\",\"name\":\"Instituto Provid\u00eancia | Rede ICM de Educa\u00e7\u00e3o e Assist\u00eancia Social\",\"url\":\"https:\/\/redeicm.org.br\/providencia\/\",\"logo\":{\"@type\":\"ImageObject\",\"inLanguage\":\"pt-BR\",\"@id\":\"https:\/\/redeicm.org.br\/providencia\/#\/schema\/logo\/image\/\",\"url\":\"https:\/\/redeicm.org.br\/providencia\/wp-content\/uploads\/sites\/15\/2024\/08\/2024_Rede-ICM_Instituto-Providencia_assinatura_preferencial-1-scaled.png\",\"contentUrl\":\"https:\/\/redeicm.org.br\/providencia\/wp-content\/uploads\/sites\/15\/2024\/08\/2024_Rede-ICM_Instituto-Providencia_assinatura_preferencial-1-scaled.png\",\"width\":2560,\"height\":1003,\"caption\":\"Instituto Provid\u00eancia | Rede ICM de Educa\u00e7\u00e3o e Assist\u00eancia Social\"},\"image\":{\"@id\":\"https:\/\/redeicm.org.br\/providencia\/#\/schema\/logo\/image\/\"}}]}<\/script>\n<!-- \/ Yoast SEO plugin. -->","yoast_head_json":{"title":"Parceiros - Instituto Provid\u00eancia | Rede ICM de Educa\u00e7\u00e3o e Assist\u00eancia Social","robots":{"index":"index","follow":"follow","max-snippet":"max-snippet:-1","max-image-preview":"max-image-preview:large","max-video-preview":"max-video-preview:-1"},"canonical":"https:\/\/redeicm.org.br\/providencia\/parceiros\/","og_locale":"pt_BR","og_type":"article","og_title":"Parceiros - Instituto Provid\u00eancia | Rede ICM de Educa\u00e7\u00e3o e Assist\u00eancia Social","og_description":"Sua Parceria transforma muitas vidas! A vida transformada transforma o mundo. Parcerias com o Poder P\u00fablico Municipal: Termo de Colabora\u00e7\u00e3o 239\/2017 \u2013 Servi\u00e7o de Conviv\u00eancia e Fortalecimento de V\u00ednculos \u2013 160 atendimentos. Termo de Colabora\u00e7\u00e3o 240\/2017 \u2013 Servi\u00e7o de Conviv\u00eancia e Fortalecimento de V\u00ednculos Trabalho Educativo \u2013 36 atendimentos. Outras parcerias: FA\u00c7A SUA DOA\u00c7\u00c3O","og_url":"https:\/\/redeicm.org.br\/providencia\/parceiros\/","og_site_name":"Instituto Provid\u00eancia | Rede ICM de Educa\u00e7\u00e3o e Assist\u00eancia Social","article_modified_time":"2025-05-22T20:17:37+00:00","og_image":[{"width":294,"height":300,"url":"https:\/\/redeicm.org.br\/providencia\/wp-content\/uploads\/sites\/15\/2025\/05\/selo_instituicao_parceira-294x300-1.png","type":"image\/png"}],"twitter_card":"summary_large_image","twitter_misc":{"Est. tempo de leitura":"2 minutos"},"schema":{"@context":"https:\/\/schema.org","@graph":[{"@type":"WebPage","@id":"https:\/\/redeicm.org.br\/providencia\/parceiros\/","url":"https:\/\/redeicm.org.br\/providencia\/parceiros\/","name":"Parceiros - Instituto Provid\u00eancia | Rede ICM de Educa\u00e7\u00e3o e Assist\u00eancia Social","isPartOf":{"@id":"https:\/\/redeicm.org.br\/providencia\/#website"},"primaryImageOfPage":{"@id":"https:\/\/redeicm.org.br\/providencia\/parceiros\/#primaryimage"},"image":{"@id":"https:\/\/redeicm.org.br\/providencia\/parceiros\/#primaryimage"},"thumbnailUrl":"https:\/\/redeicm.org.br\/providencia\/wp-content\/uploads\/sites\/15\/2025\/05\/selo_instituicao_parceira-294x300-1.png","datePublished":"2025-05-22T19:46:43+00:00","dateModified":"2025-05-22T20:17:37+00:00","breadcrumb":{"@id":"https:\/\/redeicm.org.br\/providencia\/parceiros\/#breadcrumb"},"inLanguage":"pt-BR","potentialAction":[{"@type":"ReadAction","target":["https:\/\/redeicm.org.br\/providencia\/parceiros\/"]}]},{"@type":"ImageObject","inLanguage":"pt-BR","@id":"https:\/\/redeicm.org.br\/providencia\/parceiros\/#primaryimage","url":"https:\/\/redeicm.org.br\/providencia\/wp-content\/uploads\/sites\/15\/2025\/05\/selo_instituicao_parceira-294x300-1.png","contentUrl":"https:\/\/redeicm.org.br\/providencia\/wp-content\/uploads\/sites\/15\/2025\/05\/selo_instituicao_parceira-294x300-1.png","width":294,"height":300},{"@type":"BreadcrumbList","@id":"https:\/\/redeicm.org.br\/providencia\/parceiros\/#breadcrumb","itemListElement":[{"@type":"ListItem","position":1,"name":"In\u00edcio","item":"https:\/\/redeicm.org.br\/providencia\/"},{"@type":"ListItem","position":2,"name":"Parceiros"}]},{"@type":"WebSite","@id":"https:\/\/redeicm.org.br\/providencia\/#website","url":"https:\/\/redeicm.org.br\/providencia\/","name":"Instituto Provid\u00eancia | Rede ICM de Educa\u00e7\u00e3o e Assist\u00eancia Social","description":"","publisher":{"@id":"https:\/\/redeicm.org.br\/providencia\/#organization"},"potentialAction":[{"@type":"SearchAction","target":{"@type":"EntryPoint","urlTemplate":"https:\/\/redeicm.org.br\/providencia\/?s={search_term_string}"},"query-input":{"@type":"PropertyValueSpecification","valueRequired":true,"valueName":"search_term_string"}}],"inLanguage":"pt-BR"},{"@type":"Organization","@id":"https:\/\/redeicm.org.br\/providencia\/#organization","name":"Instituto Provid\u00eancia | Rede ICM de Educa\u00e7\u00e3o e Assist\u00eancia Social","url":"https:\/\/redeicm.org.br\/providencia\/","logo":{"@type":"ImageObject","inLanguage":"pt-BR","@id":"https:\/\/redeicm.org.br\/providencia\/#\/schema\/logo\/image\/","url":"https:\/\/redeicm.org.br\/providencia\/wp-content\/uploads\/sites\/15\/2024\/08\/2024_Rede-ICM_Instituto-Providencia_assinatura_preferencial-1-scaled.png","contentUrl":"https:\/\/redeicm.org.br\/providencia\/wp-content\/uploads\/sites\/15\/2024\/08\/2024_Rede-ICM_Instituto-Providencia_assinatura_preferencial-1-scaled.png","width":2560,"height":1003,"caption":"Instituto Provid\u00eancia | Rede ICM de Educa\u00e7\u00e3o e Assist\u00eancia Social"},"image":{"@id":"https:\/\/redeicm.org.br\/providencia\/#\/schema\/logo\/image\/"}}]}},"_links":{"self":[{"href":"https:\/\/redeicm.org.br\/providencia\/wp-json\/wp\/v2\/pages\/3101","targetHints":{"allow":["GET"]}}],"collection":[{"href":"https:\/\/redeicm.org.br\/providencia\/wp-json\/wp\/v2\/pages"}],"about":[{"href":"https:\/\/redeicm.org.br\/providencia\/wp-json\/wp\/v2\/types\/page"}],"author":[{"embeddable":true,"href":"https:\/\/redeicm.org.br\/providencia\/wp-json\/wp\/v2\/users\/1"}],"replies":[{"embeddable":true,"href":"https:\/\/redeicm.org.br\/providencia\/wp-json\/wp\/v2\/comments?post=3101"}],"version-history":[{"count":16,"href":"https:\/\/redeicm.org.br\/providencia\/wp-json\/wp\/v2\/pages\/3101\/revisions"}],"predecessor-version":[{"id":3129,"href":"https:\/\/redeicm.org.br\/providencia\/wp-json\/wp\/v2\/pages\/3101\/revisions\/3129"}],"wp:attachment":[{"href":"https:\/\/redeicm.org.br\/providencia\/wp-json\/wp\/v2\/media?parent=3101"}],"curies":[{"name":"wp","href":"https:\/\/api.w.org\/{rel}","templated":true}]}}