{"id":3034,"date":"2025-05-22T10:36:21","date_gmt":"2025-05-22T13:36:21","guid":{"rendered":"https:\/\/redeicm.org.br\/providencia\/?page_id=3034"},"modified":"2025-05-22T10:36:21","modified_gmt":"2025-05-22T13:36:21","slug":"atividades","status":"publish","type":"page","link":"https:\/\/redeicm.org.br\/providencia\/atividades\/","title":{"rendered":"Atividades"},"content":{"rendered":"","protected":false},"excerpt":{"rendered":"","protected":false},"author":1,"featured_media":0,"parent":0,"menu_order":0,"comment_status":"closed","ping_status":"closed","template":"","meta":{"_acf_changed":false,"footnotes":""},"class_list":["post-3034","page","type-page","status-publish","hentry"],"acf":[],"yoast_head":"<!-- This site is optimized with the Yoast SEO plugin v26.3 - https:\/\/yoast.com\/wordpress\/plugins\/seo\/ -->\n<title>Atividades - Instituto Provid\u00eancia | Rede ICM de Educa\u00e7\u00e3o e Assist\u00eancia Social<\/title>\n<meta name=\"robots\" content=\"index, follow, max-snippet:-1, max-image-preview:large, max-video-preview:-1\" \/>\n<link rel=\"canonical\" href=\"https:\/\/redeicm.org.br\/providencia\/atividades\/\" \/>\n<meta property=\"og:locale\" content=\"pt_BR\" \/>\n<meta property=\"og:type\" content=\"article\" \/>\n<meta property=\"og:title\" content=\"Atividades - Instituto Provid\u00eancia | Rede ICM de Educa\u00e7\u00e3o e Assist\u00eancia Social\" \/>\n<meta property=\"og:url\" content=\"https:\/\/redeicm.org.br\/providencia\/atividades\/\" \/>\n<meta property=\"og:site_name\" content=\"Instituto Provid\u00eancia | Rede ICM de Educa\u00e7\u00e3o e Assist\u00eancia Social\" \/>\n<meta name=\"twitter:card\" content=\"summary_large_image\" \/>\n<script type=\"application\/ld+json\" class=\"yoast-schema-graph\">{\"@context\":\"https:\/\/schema.org\",\"@graph\":[{\"@type\":\"WebPage\",\"@id\":\"https:\/\/redeicm.org.br\/providencia\/atividades\/\",\"url\":\"https:\/\/redeicm.org.br\/providencia\/atividades\/\",\"name\":\"Atividades - Instituto Provid\u00eancia | Rede ICM de Educa\u00e7\u00e3o e Assist\u00eancia Social\",\"isPartOf\":{\"@id\":\"https:\/\/redeicm.org.br\/providencia\/#website\"},\"datePublished\":\"2025-05-22T13:36:21+00:00\",\"breadcrumb\":{\"@id\":\"https:\/\/redeicm.org.br\/providencia\/atividades\/#breadcrumb\"},\"inLanguage\":\"pt-BR\",\"potentialAction\":[{\"@type\":\"ReadAction\",\"target\":[\"https:\/\/redeicm.org.br\/providencia\/atividades\/\"]}]},{\"@type\":\"BreadcrumbList\",\"@id\":\"https:\/\/redeicm.org.br\/providencia\/atividades\/#breadcrumb\",\"itemListElement\":[{\"@type\":\"ListItem\",\"position\":1,\"name\":\"In\u00edcio\",\"item\":\"https:\/\/redeicm.org.br\/providencia\/\"},{\"@type\":\"ListItem\",\"position\":2,\"name\":\"Atividades\"}]},{\"@type\":\"WebSite\",\"@id\":\"https:\/\/redeicm.org.br\/providencia\/#website\",\"url\":\"https:\/\/redeicm.org.br\/providencia\/\",\"name\":\"Instituto Provid\u00eancia | Rede ICM de Educa\u00e7\u00e3o e Assist\u00eancia Social\",\"description\":\"\",\"publisher\":{\"@id\":\"https:\/\/redeicm.org.br\/providencia\/#organization\"},\"potentialAction\":[{\"@type\":\"SearchAction\",\"target\":{\"@type\":\"EntryPoint\",\"urlTemplate\":\"https:\/\/redeicm.org.br\/providencia\/?s={search_term_string}\"},\"query-input\":{\"@type\":\"PropertyValueSpecification\",\"valueRequired\":true,\"valueName\":\"search_term_string\"}}],\"inLanguage\":\"pt-BR\"},{\"@type\":\"Organization\",\"@id\":\"https:\/\/redeicm.org.br\/providencia\/#organization\",\"name\":\"Instituto Provid\u00eancia | Rede ICM de Educa\u00e7\u00e3o e Assist\u00eancia Social\",\"url\":\"https:\/\/redeicm.org.br\/providencia\/\",\"logo\":{\"@type\":\"ImageObject\",\"inLanguage\":\"pt-BR\",\"@id\":\"https:\/\/redeicm.org.br\/providencia\/#\/schema\/logo\/image\/\",\"url\":\"https:\/\/redeicm.org.br\/providencia\/wp-content\/uploads\/sites\/15\/2024\/08\/2024_Rede-ICM_Instituto-Providencia_assinatura_preferencial-1-scaled.png\",\"contentUrl\":\"https:\/\/redeicm.org.br\/providencia\/wp-content\/uploads\/sites\/15\/2024\/08\/2024_Rede-ICM_Instituto-Providencia_assinatura_preferencial-1-scaled.png\",\"width\":2560,\"height\":1003,\"caption\":\"Instituto Provid\u00eancia | Rede ICM de Educa\u00e7\u00e3o e Assist\u00eancia Social\"},\"image\":{\"@id\":\"https:\/\/redeicm.org.br\/providencia\/#\/schema\/logo\/image\/\"}}]}<\/script>\n<!-- \/ Yoast SEO plugin. -->","yoast_head_json":{"title":"Atividades - Instituto Provid\u00eancia | Rede ICM de Educa\u00e7\u00e3o e Assist\u00eancia Social","robots":{"index":"index","follow":"follow","max-snippet":"max-snippet:-1","max-image-preview":"max-image-preview:large","max-video-preview":"max-video-preview:-1"},"canonical":"https:\/\/redeicm.org.br\/providencia\/atividades\/","og_locale":"pt_BR","og_type":"article","og_title":"Atividades - Instituto Provid\u00eancia | Rede ICM de Educa\u00e7\u00e3o e Assist\u00eancia Social","og_url":"https:\/\/redeicm.org.br\/providencia\/atividades\/","og_site_name":"Instituto Provid\u00eancia | Rede ICM de Educa\u00e7\u00e3o e Assist\u00eancia Social","twitter_card":"summary_large_image","schema":{"@context":"https:\/\/schema.org","@graph":[{"@type":"WebPage","@id":"https:\/\/redeicm.org.br\/providencia\/atividades\/","url":"https:\/\/redeicm.org.br\/providencia\/atividades\/","name":"Atividades - Instituto Provid\u00eancia | Rede ICM de Educa\u00e7\u00e3o e Assist\u00eancia Social","isPartOf":{"@id":"https:\/\/redeicm.org.br\/providencia\/#website"},"datePublished":"2025-05-22T13:36:21+00:00","breadcrumb":{"@id":"https:\/\/redeicm.org.br\/providencia\/atividades\/#breadcrumb"},"inLanguage":"pt-BR","potentialAction":[{"@type":"ReadAction","target":["https:\/\/redeicm.org.br\/providencia\/atividades\/"]}]},{"@type":"BreadcrumbList","@id":"https:\/\/redeicm.org.br\/providencia\/atividades\/#breadcrumb","itemListElement":[{"@type":"ListItem","position":1,"name":"In\u00edcio","item":"https:\/\/redeicm.org.br\/providencia\/"},{"@type":"ListItem","position":2,"name":"Atividades"}]},{"@type":"WebSite","@id":"https:\/\/redeicm.org.br\/providencia\/#website","url":"https:\/\/redeicm.org.br\/providencia\/","name":"Instituto Provid\u00eancia | Rede ICM de Educa\u00e7\u00e3o e Assist\u00eancia Social","description":"","publisher":{"@id":"https:\/\/redeicm.org.br\/providencia\/#organization"},"potentialAction":[{"@type":"SearchAction","target":{"@type":"EntryPoint","urlTemplate":"https:\/\/redeicm.org.br\/providencia\/?s={search_term_string}"},"query-input":{"@type":"PropertyValueSpecification","valueRequired":true,"valueName":"search_term_string"}}],"inLanguage":"pt-BR"},{"@type":"Organization","@id":"https:\/\/redeicm.org.br\/providencia\/#organization","name":"Instituto Provid\u00eancia | Rede ICM de Educa\u00e7\u00e3o e Assist\u00eancia Social","url":"https:\/\/redeicm.org.br\/providencia\/","logo":{"@type":"ImageObject","inLanguage":"pt-BR","@id":"https:\/\/redeicm.org.br\/providencia\/#\/schema\/logo\/image\/","url":"https:\/\/redeicm.org.br\/providencia\/wp-content\/uploads\/sites\/15\/2024\/08\/2024_Rede-ICM_Instituto-Providencia_assinatura_preferencial-1-scaled.png","contentUrl":"https:\/\/redeicm.org.br\/providencia\/wp-content\/uploads\/sites\/15\/2024\/08\/2024_Rede-ICM_Instituto-Providencia_assinatura_preferencial-1-scaled.png","width":2560,"height":1003,"caption":"Instituto Provid\u00eancia | Rede ICM de Educa\u00e7\u00e3o e Assist\u00eancia Social"},"image":{"@id":"https:\/\/redeicm.org.br\/providencia\/#\/schema\/logo\/image\/"}}]}},"_links":{"self":[{"href":"https:\/\/redeicm.org.br\/providencia\/wp-json\/wp\/v2\/pages\/3034","targetHints":{"allow":["GET"]}}],"collection":[{"href":"https:\/\/redeicm.org.br\/providencia\/wp-json\/wp\/v2\/pages"}],"about":[{"href":"https:\/\/redeicm.org.br\/providencia\/wp-json\/wp\/v2\/types\/page"}],"author":[{"embeddable":true,"href":"https:\/\/redeicm.org.br\/providencia\/wp-json\/wp\/v2\/users\/1"}],"replies":[{"embeddable":true,"href":"https:\/\/redeicm.org.br\/providencia\/wp-json\/wp\/v2\/comments?post=3034"}],"version-history":[{"count":2,"href":"https:\/\/redeicm.org.br\/providencia\/wp-json\/wp\/v2\/pages\/3034\/revisions"}],"predecessor-version":[{"id":3037,"href":"https:\/\/redeicm.org.br\/providencia\/wp-json\/wp\/v2\/pages\/3034\/revisions\/3037"}],"wp:attachment":[{"href":"https:\/\/redeicm.org.br\/providencia\/wp-json\/wp\/v2\/media?parent=3034"}],"curies":[{"name":"wp","href":"https:\/\/api.w.org\/{rel}","templated":true}]}}