{"id":286,"date":"2024-09-08T12:53:07","date_gmt":"2024-09-08T15:53:07","guid":{"rendered":"https:\/\/redeicm.org.br\/providencia\/?page_id=286"},"modified":"2025-05-22T10:27:57","modified_gmt":"2025-05-22T13:27:57","slug":"servico-de-convivencia-e-fortalecimento-de-vinculos","status":"publish","type":"page","link":"https:\/\/redeicm.org.br\/providencia\/servico-de-convivencia-e-fortalecimento-de-vinculos\/","title":{"rendered":"Servi\u00e7o de Conviv\u00eancia e Fortalecimento de V\u00ednculos"},"content":{"rendered":"\t\t<div data-elementor-type=\"wp-page\" data-elementor-id=\"286\" class=\"elementor elementor-286\" data-elementor-post-type=\"page\">\n\t\t\t\t<div class=\"elementor-element elementor-element-7d9f9446 e-flex e-con-boxed e-con e-parent\" data-id=\"7d9f9446\" data-element_type=\"container\" data-e-type=\"container\" data-settings=\"{&quot;background_background&quot;:&quot;classic&quot;}\">\n\t\t\t\t\t<div class=\"e-con-inner\">\n\t\t\t\t\t<\/div>\n\t\t\t\t<\/div>\n\t\t<div class=\"elementor-element elementor-element-3bc92487 e-con-full e-flex e-con e-parent\" data-id=\"3bc92487\" data-element_type=\"container\" data-e-type=\"container\">\n\t\t<div class=\"elementor-element elementor-element-31cd7a96 e-flex e-con-boxed e-con e-child\" data-id=\"31cd7a96\" data-element_type=\"container\" data-e-type=\"container\">\n\t\t\t\t\t<div class=\"e-con-inner\">\n\t\t\t\t<div class=\"elementor-element elementor-element-1a72e9a5 elementor-invisible elementor-widget elementor-widget-text-editor\" data-id=\"1a72e9a5\" data-element_type=\"widget\" data-e-type=\"widget\" data-settings=\"{&quot;_animation&quot;:&quot;fadeInUp&quot;}\" data-widget_type=\"text-editor.default\">\n\t\t\t\t<div class=\"elementor-widget-container\">\n\t\t\t\t\t\t\t\t\t<p>O Servi\u00e7o de Conviv\u00eancia e Fortalecimento de V\u00ednculos (SCFV) \u00e9, segundo a Tipifica\u00e7\u00e3o Nacional de Servi\u00e7os Socioassistenciais, um servi\u00e7o realizado com grupos, organizado de modo a prevenir as situa\u00e7\u00f5es de risco social, ampliar trocas culturais e de viv\u00eancias, desenvolver o sentimento de perten\u00e7a e de identidade, fortalecer v\u00ednculos e incentivar a socializa\u00e7\u00e3o e a conviv\u00eancia comunit\u00e1ria.<\/p><p>Possui car\u00e1ter preventivo, pautado na defesa dos direitos e desenvolvimento das capacidades e potencialidades de cada indiv\u00edduo, prevenindo situa\u00e7\u00f5es de vulnerabilidade social.<\/p><p>Trata-se de um Servi\u00e7o da Prote\u00e7\u00e3o Social B\u00e1sica do Sistema \u00danico de Assist\u00eancia Social, regulamentado pela Tipifica\u00e7\u00e3o Nacional de Servi\u00e7os Socioassistenciais (Resolu\u00e7\u00e3o CNAS n\u00ba 109\/2009). E foi reordenado em 2013 por meio da Resolu\u00e7\u00e3o CNAS n\u00ba01\/2013.<\/p><p>O p\u00fablico-alvo do SCFV atendido no Instituto Provid\u00eancia s\u00e3o crian\u00e7as, adolescentes e jovens, usu\u00e1rios da faixa de 06 a 17 anos.<\/p><p><span style=\"font-weight: 400;\">\u00a0<\/span><\/p>\t\t\t\t\t\t\t\t<\/div>\n\t\t\t\t<\/div>\n\t\t<div class=\"elementor-element elementor-element-c4b861c e-grid e-con-full e-con e-child\" data-id=\"c4b861c\" data-element_type=\"container\" data-e-type=\"container\">\n\t\t\t\t<div class=\"elementor-element elementor-element-1175804 elementor-invisible elementor-widget elementor-widget-button\" data-id=\"1175804\" data-element_type=\"widget\" data-e-type=\"widget\" data-settings=\"{&quot;_animation&quot;:&quot;fadeInUp&quot;}\" data-widget_type=\"button.default\">\n\t\t\t\t<div class=\"elementor-widget-container\">\n\t\t\t\t\t\t\t\t\t<div class=\"elementor-button-wrapper\">\n\t\t\t\t\t<a class=\"elementor-button elementor-button-link elementor-size-sm\" href=\"https:\/\/redeicm.org.br\/providencia\/servico-de-convivencia-e-fortalecimento-de-vinculos-scfv-6-aos-15-anos\/\">\n\t\t\t\t\t\t<span class=\"elementor-button-content-wrapper\">\n\t\t\t\t\t\t\t\t\t<span class=\"elementor-button-text\">Conhe\u00e7a o SCFV para 6 a 14 anos<\/span>\n\t\t\t\t\t<\/span>\n\t\t\t\t\t<\/a>\n\t\t\t\t<\/div>\n\t\t\t\t\t\t\t\t<\/div>\n\t\t\t\t<\/div>\n\t\t\t\t<div class=\"elementor-element elementor-element-7e35f25 elementor-invisible elementor-widget elementor-widget-button\" data-id=\"7e35f25\" data-element_type=\"widget\" data-e-type=\"widget\" data-settings=\"{&quot;_animation&quot;:&quot;fadeInUp&quot;}\" data-widget_type=\"button.default\">\n\t\t\t\t<div class=\"elementor-widget-container\">\n\t\t\t\t\t\t\t\t\t<div class=\"elementor-button-wrapper\">\n\t\t\t\t\t<a class=\"elementor-button elementor-button-link elementor-size-sm\" href=\"https:\/\/redeicm.org.br\/providencia\/servico-de-convivencia-e-fortalecimento-de-vinculos-de-15-a-17-anos\/\">\n\t\t\t\t\t\t<span class=\"elementor-button-content-wrapper\">\n\t\t\t\t\t\t\t\t\t<span class=\"elementor-button-text\">Conhe\u00e7a o SCFV para 15 a 17 anos<\/span>\n\t\t\t\t\t<\/span>\n\t\t\t\t\t<\/a>\n\t\t\t\t<\/div>\n\t\t\t\t\t\t\t\t<\/div>\n\t\t\t\t<\/div>\n\t\t\t\t<\/div>\n\t\t\t\t\t<\/div>\n\t\t\t\t<\/div>\n\t\t\t\t<\/div>\n\t\t<div class=\"elementor-element elementor-element-34fb736 e-flex e-con-boxed e-con e-parent\" data-id=\"34fb736\" data-element_type=\"container\" data-e-type=\"container\">\n\t\t\t\t\t<div class=\"e-con-inner\">\n\t\t\t\t<div class=\"elementor-element elementor-element-b24591b elementor-invisible elementor-widget elementor-widget-video\" data-id=\"b24591b\" data-element_type=\"widget\" data-e-type=\"widget\" data-settings=\"{&quot;youtube_url&quot;:&quot;https:\\\/\\\/www.youtube.com\\\/watch?v=gnS6luc3Stc&amp;t=1s&quot;,&quot;autoplay&quot;:&quot;yes&quot;,&quot;_animation&quot;:&quot;fadeInUp&quot;,&quot;video_type&quot;:&quot;youtube&quot;,&quot;controls&quot;:&quot;yes&quot;}\" data-widget_type=\"video.default\">\n\t\t\t\t<div class=\"elementor-widget-container\">\n\t\t\t\t\t\t\t<div class=\"elementor-wrapper elementor-open-inline\">\n\t\t\t<div class=\"elementor-video\"><\/div>\t\t<\/div>\n\t\t\t\t\t\t<\/div>\n\t\t\t\t<\/div>\n\t\t\t\t\t<\/div>\n\t\t\t\t<\/div>\n\t\t<div class=\"elementor-element elementor-element-e5822c2 e-flex e-con-boxed e-con e-parent\" data-id=\"e5822c2\" data-element_type=\"container\" data-e-type=\"container\">\n\t\t\t\t\t<div class=\"e-con-inner\">\n\t\t\t\t\t<\/div>\n\t\t\t\t<\/div>\n\t\t\t\t<\/div>\n\t\t","protected":false},"excerpt":{"rendered":"<p>O Servi\u00e7o de Conviv\u00eancia e Fortalecimento de V\u00ednculos (SCFV) \u00e9, segundo a Tipifica\u00e7\u00e3o Nacional de Servi\u00e7os Socioassistenciais, um servi\u00e7o realizado com grupos, organizado de modo a prevenir as situa\u00e7\u00f5es de risco social, ampliar trocas culturais e de viv\u00eancias, desenvolver o sentimento de perten\u00e7a e de identidade, fortalecer v\u00ednculos e incentivar a socializa\u00e7\u00e3o e a conviv\u00eancia [&hellip;]<\/p>\n","protected":false},"author":1,"featured_media":113,"parent":0,"menu_order":0,"comment_status":"closed","ping_status":"closed","template":"","meta":{"_acf_changed":false,"footnotes":""},"class_list":["post-286","page","type-page","status-publish","has-post-thumbnail","hentry"],"acf":[],"yoast_head":"<!-- This site is optimized with the Yoast SEO plugin v26.3 - https:\/\/yoast.com\/wordpress\/plugins\/seo\/ -->\n<title>Servi\u00e7o de Conviv\u00eancia e Fortalecimento de V\u00ednculos - Instituto Provid\u00eancia | Rede ICM de Educa\u00e7\u00e3o e Assist\u00eancia Social<\/title>\n<meta name=\"robots\" content=\"index, follow, max-snippet:-1, max-image-preview:large, max-video-preview:-1\" \/>\n<link rel=\"canonical\" href=\"https:\/\/redeicm.org.br\/providencia\/servico-de-convivencia-e-fortalecimento-de-vinculos\/\" \/>\n<meta property=\"og:locale\" content=\"pt_BR\" \/>\n<meta property=\"og:type\" content=\"article\" \/>\n<meta property=\"og:title\" content=\"Servi\u00e7o de Conviv\u00eancia e Fortalecimento de V\u00ednculos - Instituto Provid\u00eancia | Rede ICM de Educa\u00e7\u00e3o e Assist\u00eancia Social\" \/>\n<meta property=\"og:description\" content=\"O Servi\u00e7o de Conviv\u00eancia e Fortalecimento de V\u00ednculos (SCFV) \u00e9, segundo a Tipifica\u00e7\u00e3o Nacional de Servi\u00e7os Socioassistenciais, um servi\u00e7o realizado com grupos, organizado de modo a prevenir as situa\u00e7\u00f5es de risco social, ampliar trocas culturais e de viv\u00eancias, desenvolver o sentimento de perten\u00e7a e de identidade, fortalecer v\u00ednculos e incentivar a socializa\u00e7\u00e3o e a conviv\u00eancia [&hellip;]\" \/>\n<meta property=\"og:url\" content=\"https:\/\/redeicm.org.br\/providencia\/servico-de-convivencia-e-fortalecimento-de-vinculos\/\" \/>\n<meta property=\"og:site_name\" content=\"Instituto Provid\u00eancia | Rede ICM de Educa\u00e7\u00e3o e Assist\u00eancia Social\" \/>\n<meta property=\"article:modified_time\" content=\"2025-05-22T13:27:57+00:00\" \/>\n<meta property=\"og:image\" content=\"https:\/\/redeicm.org.br\/providencia\/wp-content\/uploads\/sites\/15\/2024\/08\/banner-ensino-fundamental-finais.jpg\" \/>\n\t<meta property=\"og:image:width\" content=\"1440\" \/>\n\t<meta property=\"og:image:height\" content=\"401\" \/>\n\t<meta property=\"og:image:type\" content=\"image\/jpeg\" \/>\n<meta name=\"twitter:card\" content=\"summary_large_image\" \/>\n<meta name=\"twitter:label1\" content=\"Est. tempo de leitura\" \/>\n\t<meta name=\"twitter:data1\" content=\"1 minuto\" \/>\n<script type=\"application\/ld+json\" class=\"yoast-schema-graph\">{\"@context\":\"https:\/\/schema.org\",\"@graph\":[{\"@type\":\"WebPage\",\"@id\":\"https:\/\/redeicm.org.br\/providencia\/servico-de-convivencia-e-fortalecimento-de-vinculos\/\",\"url\":\"https:\/\/redeicm.org.br\/providencia\/servico-de-convivencia-e-fortalecimento-de-vinculos\/\",\"name\":\"Servi\u00e7o de Conviv\u00eancia e Fortalecimento de V\u00ednculos - Instituto Provid\u00eancia | Rede ICM de Educa\u00e7\u00e3o e Assist\u00eancia Social\",\"isPartOf\":{\"@id\":\"https:\/\/redeicm.org.br\/providencia\/#website\"},\"primaryImageOfPage\":{\"@id\":\"https:\/\/redeicm.org.br\/providencia\/servico-de-convivencia-e-fortalecimento-de-vinculos\/#primaryimage\"},\"image\":{\"@id\":\"https:\/\/redeicm.org.br\/providencia\/servico-de-convivencia-e-fortalecimento-de-vinculos\/#primaryimage\"},\"thumbnailUrl\":\"https:\/\/redeicm.org.br\/providencia\/wp-content\/uploads\/sites\/15\/2024\/08\/banner-ensino-fundamental-finais.jpg\",\"datePublished\":\"2024-09-08T15:53:07+00:00\",\"dateModified\":\"2025-05-22T13:27:57+00:00\",\"breadcrumb\":{\"@id\":\"https:\/\/redeicm.org.br\/providencia\/servico-de-convivencia-e-fortalecimento-de-vinculos\/#breadcrumb\"},\"inLanguage\":\"pt-BR\",\"potentialAction\":[{\"@type\":\"ReadAction\",\"target\":[\"https:\/\/redeicm.org.br\/providencia\/servico-de-convivencia-e-fortalecimento-de-vinculos\/\"]}]},{\"@type\":\"ImageObject\",\"inLanguage\":\"pt-BR\",\"@id\":\"https:\/\/redeicm.org.br\/providencia\/servico-de-convivencia-e-fortalecimento-de-vinculos\/#primaryimage\",\"url\":\"https:\/\/redeicm.org.br\/providencia\/wp-content\/uploads\/sites\/15\/2024\/08\/banner-ensino-fundamental-finais.jpg\",\"contentUrl\":\"https:\/\/redeicm.org.br\/providencia\/wp-content\/uploads\/sites\/15\/2024\/08\/banner-ensino-fundamental-finais.jpg\",\"width\":1440,\"height\":401},{\"@type\":\"BreadcrumbList\",\"@id\":\"https:\/\/redeicm.org.br\/providencia\/servico-de-convivencia-e-fortalecimento-de-vinculos\/#breadcrumb\",\"itemListElement\":[{\"@type\":\"ListItem\",\"position\":1,\"name\":\"In\u00edcio\",\"item\":\"https:\/\/redeicm.org.br\/providencia\/\"},{\"@type\":\"ListItem\",\"position\":2,\"name\":\"Servi\u00e7o de Conviv\u00eancia e Fortalecimento de V\u00ednculos\"}]},{\"@type\":\"WebSite\",\"@id\":\"https:\/\/redeicm.org.br\/providencia\/#website\",\"url\":\"https:\/\/redeicm.org.br\/providencia\/\",\"name\":\"Instituto Provid\u00eancia | Rede ICM de Educa\u00e7\u00e3o e Assist\u00eancia Social\",\"description\":\"\",\"publisher\":{\"@id\":\"https:\/\/redeicm.org.br\/providencia\/#organization\"},\"potentialAction\":[{\"@type\":\"SearchAction\",\"target\":{\"@type\":\"EntryPoint\",\"urlTemplate\":\"https:\/\/redeicm.org.br\/providencia\/?s={search_term_string}\"},\"query-input\":{\"@type\":\"PropertyValueSpecification\",\"valueRequired\":true,\"valueName\":\"search_term_string\"}}],\"inLanguage\":\"pt-BR\"},{\"@type\":\"Organization\",\"@id\":\"https:\/\/redeicm.org.br\/providencia\/#organization\",\"name\":\"Instituto Provid\u00eancia | Rede ICM de Educa\u00e7\u00e3o e Assist\u00eancia Social\",\"url\":\"https:\/\/redeicm.org.br\/providencia\/\",\"logo\":{\"@type\":\"ImageObject\",\"inLanguage\":\"pt-BR\",\"@id\":\"https:\/\/redeicm.org.br\/providencia\/#\/schema\/logo\/image\/\",\"url\":\"https:\/\/redeicm.org.br\/providencia\/wp-content\/uploads\/sites\/15\/2024\/08\/2024_Rede-ICM_Instituto-Providencia_assinatura_preferencial-1-scaled.png\",\"contentUrl\":\"https:\/\/redeicm.org.br\/providencia\/wp-content\/uploads\/sites\/15\/2024\/08\/2024_Rede-ICM_Instituto-Providencia_assinatura_preferencial-1-scaled.png\",\"width\":2560,\"height\":1003,\"caption\":\"Instituto Provid\u00eancia | Rede ICM de Educa\u00e7\u00e3o e Assist\u00eancia Social\"},\"image\":{\"@id\":\"https:\/\/redeicm.org.br\/providencia\/#\/schema\/logo\/image\/\"}}]}<\/script>\n<!-- \/ Yoast SEO plugin. -->","yoast_head_json":{"title":"Servi\u00e7o de Conviv\u00eancia e Fortalecimento de V\u00ednculos - Instituto Provid\u00eancia | Rede ICM de Educa\u00e7\u00e3o e Assist\u00eancia Social","robots":{"index":"index","follow":"follow","max-snippet":"max-snippet:-1","max-image-preview":"max-image-preview:large","max-video-preview":"max-video-preview:-1"},"canonical":"https:\/\/redeicm.org.br\/providencia\/servico-de-convivencia-e-fortalecimento-de-vinculos\/","og_locale":"pt_BR","og_type":"article","og_title":"Servi\u00e7o de Conviv\u00eancia e Fortalecimento de V\u00ednculos - Instituto Provid\u00eancia | Rede ICM de Educa\u00e7\u00e3o e Assist\u00eancia Social","og_description":"O Servi\u00e7o de Conviv\u00eancia e Fortalecimento de V\u00ednculos (SCFV) \u00e9, segundo a Tipifica\u00e7\u00e3o Nacional de Servi\u00e7os Socioassistenciais, um servi\u00e7o realizado com grupos, organizado de modo a prevenir as situa\u00e7\u00f5es de risco social, ampliar trocas culturais e de viv\u00eancias, desenvolver o sentimento de perten\u00e7a e de identidade, fortalecer v\u00ednculos e incentivar a socializa\u00e7\u00e3o e a conviv\u00eancia [&hellip;]","og_url":"https:\/\/redeicm.org.br\/providencia\/servico-de-convivencia-e-fortalecimento-de-vinculos\/","og_site_name":"Instituto Provid\u00eancia | Rede ICM de Educa\u00e7\u00e3o e Assist\u00eancia Social","article_modified_time":"2025-05-22T13:27:57+00:00","og_image":[{"width":1440,"height":401,"url":"https:\/\/redeicm.org.br\/providencia\/wp-content\/uploads\/sites\/15\/2024\/08\/banner-ensino-fundamental-finais.jpg","type":"image\/jpeg"}],"twitter_card":"summary_large_image","twitter_misc":{"Est. tempo de leitura":"1 minuto"},"schema":{"@context":"https:\/\/schema.org","@graph":[{"@type":"WebPage","@id":"https:\/\/redeicm.org.br\/providencia\/servico-de-convivencia-e-fortalecimento-de-vinculos\/","url":"https:\/\/redeicm.org.br\/providencia\/servico-de-convivencia-e-fortalecimento-de-vinculos\/","name":"Servi\u00e7o de Conviv\u00eancia e Fortalecimento de V\u00ednculos - Instituto Provid\u00eancia | Rede ICM de Educa\u00e7\u00e3o e Assist\u00eancia Social","isPartOf":{"@id":"https:\/\/redeicm.org.br\/providencia\/#website"},"primaryImageOfPage":{"@id":"https:\/\/redeicm.org.br\/providencia\/servico-de-convivencia-e-fortalecimento-de-vinculos\/#primaryimage"},"image":{"@id":"https:\/\/redeicm.org.br\/providencia\/servico-de-convivencia-e-fortalecimento-de-vinculos\/#primaryimage"},"thumbnailUrl":"https:\/\/redeicm.org.br\/providencia\/wp-content\/uploads\/sites\/15\/2024\/08\/banner-ensino-fundamental-finais.jpg","datePublished":"2024-09-08T15:53:07+00:00","dateModified":"2025-05-22T13:27:57+00:00","breadcrumb":{"@id":"https:\/\/redeicm.org.br\/providencia\/servico-de-convivencia-e-fortalecimento-de-vinculos\/#breadcrumb"},"inLanguage":"pt-BR","potentialAction":[{"@type":"ReadAction","target":["https:\/\/redeicm.org.br\/providencia\/servico-de-convivencia-e-fortalecimento-de-vinculos\/"]}]},{"@type":"ImageObject","inLanguage":"pt-BR","@id":"https:\/\/redeicm.org.br\/providencia\/servico-de-convivencia-e-fortalecimento-de-vinculos\/#primaryimage","url":"https:\/\/redeicm.org.br\/providencia\/wp-content\/uploads\/sites\/15\/2024\/08\/banner-ensino-fundamental-finais.jpg","contentUrl":"https:\/\/redeicm.org.br\/providencia\/wp-content\/uploads\/sites\/15\/2024\/08\/banner-ensino-fundamental-finais.jpg","width":1440,"height":401},{"@type":"BreadcrumbList","@id":"https:\/\/redeicm.org.br\/providencia\/servico-de-convivencia-e-fortalecimento-de-vinculos\/#breadcrumb","itemListElement":[{"@type":"ListItem","position":1,"name":"In\u00edcio","item":"https:\/\/redeicm.org.br\/providencia\/"},{"@type":"ListItem","position":2,"name":"Servi\u00e7o de Conviv\u00eancia e Fortalecimento de V\u00ednculos"}]},{"@type":"WebSite","@id":"https:\/\/redeicm.org.br\/providencia\/#website","url":"https:\/\/redeicm.org.br\/providencia\/","name":"Instituto Provid\u00eancia | Rede ICM de Educa\u00e7\u00e3o e Assist\u00eancia Social","description":"","publisher":{"@id":"https:\/\/redeicm.org.br\/providencia\/#organization"},"potentialAction":[{"@type":"SearchAction","target":{"@type":"EntryPoint","urlTemplate":"https:\/\/redeicm.org.br\/providencia\/?s={search_term_string}"},"query-input":{"@type":"PropertyValueSpecification","valueRequired":true,"valueName":"search_term_string"}}],"inLanguage":"pt-BR"},{"@type":"Organization","@id":"https:\/\/redeicm.org.br\/providencia\/#organization","name":"Instituto Provid\u00eancia | Rede ICM de Educa\u00e7\u00e3o e Assist\u00eancia Social","url":"https:\/\/redeicm.org.br\/providencia\/","logo":{"@type":"ImageObject","inLanguage":"pt-BR","@id":"https:\/\/redeicm.org.br\/providencia\/#\/schema\/logo\/image\/","url":"https:\/\/redeicm.org.br\/providencia\/wp-content\/uploads\/sites\/15\/2024\/08\/2024_Rede-ICM_Instituto-Providencia_assinatura_preferencial-1-scaled.png","contentUrl":"https:\/\/redeicm.org.br\/providencia\/wp-content\/uploads\/sites\/15\/2024\/08\/2024_Rede-ICM_Instituto-Providencia_assinatura_preferencial-1-scaled.png","width":2560,"height":1003,"caption":"Instituto Provid\u00eancia | Rede ICM de Educa\u00e7\u00e3o e Assist\u00eancia Social"},"image":{"@id":"https:\/\/redeicm.org.br\/providencia\/#\/schema\/logo\/image\/"}}]}},"_links":{"self":[{"href":"https:\/\/redeicm.org.br\/providencia\/wp-json\/wp\/v2\/pages\/286","targetHints":{"allow":["GET"]}}],"collection":[{"href":"https:\/\/redeicm.org.br\/providencia\/wp-json\/wp\/v2\/pages"}],"about":[{"href":"https:\/\/redeicm.org.br\/providencia\/wp-json\/wp\/v2\/types\/page"}],"author":[{"embeddable":true,"href":"https:\/\/redeicm.org.br\/providencia\/wp-json\/wp\/v2\/users\/1"}],"replies":[{"embeddable":true,"href":"https:\/\/redeicm.org.br\/providencia\/wp-json\/wp\/v2\/comments?post=286"}],"version-history":[{"count":9,"href":"https:\/\/redeicm.org.br\/providencia\/wp-json\/wp\/v2\/pages\/286\/revisions"}],"predecessor-version":[{"id":3033,"href":"https:\/\/redeicm.org.br\/providencia\/wp-json\/wp\/v2\/pages\/286\/revisions\/3033"}],"wp:featuredmedia":[{"embeddable":true,"href":"https:\/\/redeicm.org.br\/providencia\/wp-json\/wp\/v2\/media\/113"}],"wp:attachment":[{"href":"https:\/\/redeicm.org.br\/providencia\/wp-json\/wp\/v2\/media?parent=286"}],"curies":[{"name":"wp","href":"https:\/\/api.w.org\/{rel}","templated":true}]}}