{"id":705,"date":"2025-04-29T16:08:43","date_gmt":"2025-04-29T19:08:43","guid":{"rendered":"https:\/\/redeicm.org.br\/pioxii\/?page_id=705"},"modified":"2025-08-21T16:21:40","modified_gmt":"2025-08-21T19:21:40","slug":"filosofia","status":"publish","type":"page","link":"https:\/\/redeicm.org.br\/pioxii\/filosofia\/","title":{"rendered":"Filosofia"},"content":{"rendered":"\t\t<div data-elementor-type=\"wp-page\" data-elementor-id=\"705\" class=\"elementor elementor-705\" data-elementor-post-type=\"page\">\n\t\t\t\t<div class=\"elementor-element elementor-element-491a1f7 e-flex e-con-boxed e-con e-parent\" data-id=\"491a1f7\" data-element_type=\"container\" data-e-type=\"container\" data-settings=\"{&quot;background_background&quot;:&quot;classic&quot;}\">\n\t\t\t\t\t<div class=\"e-con-inner\">\n\t\t\t\t\t<\/div>\n\t\t\t\t<\/div>\n\t\t<div class=\"elementor-element elementor-element-ca2f056 e-flex e-con-boxed e-con e-parent\" data-id=\"ca2f056\" data-element_type=\"container\" data-e-type=\"container\">\n\t\t\t\t\t<div class=\"e-con-inner\">\n\t\t\t\t<div class=\"elementor-element elementor-element-3a9e5c4 elementor-widget elementor-widget-text-editor\" data-id=\"3a9e5c4\" data-element_type=\"widget\" data-e-type=\"widget\" data-widget_type=\"text-editor.default\">\n\t\t\t\t<div class=\"elementor-widget-container\">\n\t\t\t\t\t\t\t\t\t<ul><li><h6>Dinamizar uma escola que tenha responsabilidade no processo de transforma\u00e7\u00e3o social, visto que a Escola \u00e9 espa\u00e7o privilegiado onde se buscam experi\u00eancias para a nova sociedade que idealizamos.<\/h6><\/li><\/ul><ul><li><h6>Comprometer-se com a a\u00e7\u00e3o evangelizadora \u2013 responsabilidade de todo educador crist\u00e3o.<\/h6><\/li><\/ul><ul><li><h6>Organizar um curr\u00edculo aberto, em processo, assumido por todos os educadores.<\/h6><\/li><\/ul><ul><li><h6>Assumir uma pedagogia voltada para o di\u00e1logo, para a troca constante de desafios, permitindo que o educando ocupe seu pr\u00f3prio espa\u00e7o, como sujeito cr\u00edtico, criativo, preparado para ser agente de a\u00e7\u00e3o transformadora, visando \u00e0 sociedade nova.<\/h6><\/li><\/ul><ul><li><h6>Manter a qualidade de ensino relacionada, fundamentalmente, com a forma\u00e7\u00e3o do cidad\u00e3o consciente de seus direitos, consciente de que \u00e9 o ser humano que faz a hist\u00f3ria e, ao faz\u00ea-la, tem nas m\u00e3os a oportunidade de tornar a sociedade justa, solid\u00e1ria e fraterna.<\/h6><\/li><\/ul>\t\t\t\t\t\t\t\t<\/div>\n\t\t\t\t<\/div>\n\t\t\t\t\t<\/div>\n\t\t\t\t<\/div>\n\t\t<div class=\"elementor-element elementor-element-6838148 e-flex e-con-boxed e-con e-parent\" data-id=\"6838148\" data-element_type=\"container\" data-e-type=\"container\">\n\t\t\t\t\t<div class=\"e-con-inner\">\n\t\t\t\t<div class=\"elementor-element elementor-element-b3fd24f elementor-widget elementor-widget-image\" data-id=\"b3fd24f\" data-element_type=\"widget\" data-e-type=\"widget\" data-widget_type=\"image.default\">\n\t\t\t\t<div class=\"elementor-widget-container\">\n\t\t\t\t\t\t\t\t\t\t\t\t\t\t\t<img fetchpriority=\"high\" decoding=\"async\" width=\"1280\" height=\"853\" src=\"https:\/\/redeicm.org.br\/pioxii\/wp-content\/uploads\/sites\/2\/2025\/06\/Image00013-4.jpg\" class=\"attachment-full size-full wp-image-2210\" alt=\"\" srcset=\"https:\/\/redeicm.org.br\/pioxii\/wp-content\/uploads\/sites\/2\/2025\/06\/Image00013-4.jpg 1280w, https:\/\/redeicm.org.br\/pioxii\/wp-content\/uploads\/sites\/2\/2025\/06\/Image00013-4-300x200.jpg 300w, https:\/\/redeicm.org.br\/pioxii\/wp-content\/uploads\/sites\/2\/2025\/06\/Image00013-4-1024x682.jpg 1024w, https:\/\/redeicm.org.br\/pioxii\/wp-content\/uploads\/sites\/2\/2025\/06\/Image00013-4-768x512.jpg 768w\" sizes=\"(max-width: 1280px) 100vw, 1280px\" \/>\t\t\t\t\t\t\t\t\t\t\t\t\t\t\t<\/div>\n\t\t\t\t<\/div>\n\t\t\t\t\t<\/div>\n\t\t\t\t<\/div>\n\t\t\t\t<\/div>\n\t\t","protected":false},"excerpt":{"rendered":"<p>Dinamizar uma escola que tenha responsabilidade no processo de transforma\u00e7\u00e3o social, visto que a Escola \u00e9 espa\u00e7o privilegiado onde se buscam experi\u00eancias para a nova sociedade que idealizamos. Comprometer-se com a a\u00e7\u00e3o evangelizadora \u2013 responsabilidade de todo educador crist\u00e3o. Organizar um curr\u00edculo aberto, em processo, assumido por todos os educadores. Assumir uma pedagogia voltada para [&hellip;]<\/p>\n","protected":false},"author":1,"featured_media":0,"parent":0,"menu_order":0,"comment_status":"closed","ping_status":"closed","template":"","meta":{"_acf_changed":false,"footnotes":""},"class_list":["post-705","page","type-page","status-publish","hentry"],"acf":[],"yoast_head":"<!-- This site is optimized with the Yoast SEO plugin v26.3 - https:\/\/yoast.com\/wordpress\/plugins\/seo\/ -->\n<title>Filosofia - Escola Pio XII | Rede ICM de educa\u00e7\u00e3o<\/title>\n<meta name=\"robots\" content=\"index, follow, max-snippet:-1, max-image-preview:large, max-video-preview:-1\" \/>\n<link rel=\"canonical\" href=\"https:\/\/redeicm.org.br\/pioxii\/filosofia\/\" \/>\n<meta property=\"og:locale\" content=\"pt_BR\" \/>\n<meta property=\"og:type\" content=\"article\" \/>\n<meta property=\"og:title\" content=\"Filosofia - Escola Pio XII | Rede ICM de educa\u00e7\u00e3o\" \/>\n<meta property=\"og:description\" content=\"Dinamizar uma escola que tenha responsabilidade no processo de transforma\u00e7\u00e3o social, visto que a Escola \u00e9 espa\u00e7o privilegiado onde se buscam experi\u00eancias para a nova sociedade que idealizamos. Comprometer-se com a a\u00e7\u00e3o evangelizadora \u2013 responsabilidade de todo educador crist\u00e3o. Organizar um curr\u00edculo aberto, em processo, assumido por todos os educadores. Assumir uma pedagogia voltada para [&hellip;]\" \/>\n<meta property=\"og:url\" content=\"https:\/\/redeicm.org.br\/pioxii\/filosofia\/\" \/>\n<meta property=\"og:site_name\" content=\"Escola Pio XII | Rede ICM de educa\u00e7\u00e3o\" \/>\n<meta property=\"article:modified_time\" content=\"2025-08-21T19:21:40+00:00\" \/>\n<meta property=\"og:image\" content=\"https:\/\/redeicm.org.br\/pioxii\/wp-content\/uploads\/sites\/2\/2025\/06\/Image00013-4.jpg\" \/>\n<meta name=\"twitter:card\" content=\"summary_large_image\" \/>\n<meta name=\"twitter:label1\" content=\"Est. tempo de leitura\" \/>\n\t<meta name=\"twitter:data1\" content=\"1 minuto\" \/>\n<script type=\"application\/ld+json\" class=\"yoast-schema-graph\">{\"@context\":\"https:\/\/schema.org\",\"@graph\":[{\"@type\":\"WebPage\",\"@id\":\"https:\/\/redeicm.org.br\/pioxii\/filosofia\/\",\"url\":\"https:\/\/redeicm.org.br\/pioxii\/filosofia\/\",\"name\":\"Filosofia - Escola Pio XII | Rede ICM de educa\u00e7\u00e3o\",\"isPartOf\":{\"@id\":\"https:\/\/redeicm.org.br\/pioxii\/#website\"},\"primaryImageOfPage\":{\"@id\":\"https:\/\/redeicm.org.br\/pioxii\/filosofia\/#primaryimage\"},\"image\":{\"@id\":\"https:\/\/redeicm.org.br\/pioxii\/filosofia\/#primaryimage\"},\"thumbnailUrl\":\"https:\/\/redeicm.org.br\/pioxii\/wp-content\/uploads\/sites\/2\/2025\/06\/Image00013-4.jpg\",\"datePublished\":\"2025-04-29T19:08:43+00:00\",\"dateModified\":\"2025-08-21T19:21:40+00:00\",\"breadcrumb\":{\"@id\":\"https:\/\/redeicm.org.br\/pioxii\/filosofia\/#breadcrumb\"},\"inLanguage\":\"pt-BR\",\"potentialAction\":[{\"@type\":\"ReadAction\",\"target\":[\"https:\/\/redeicm.org.br\/pioxii\/filosofia\/\"]}]},{\"@type\":\"ImageObject\",\"inLanguage\":\"pt-BR\",\"@id\":\"https:\/\/redeicm.org.br\/pioxii\/filosofia\/#primaryimage\",\"url\":\"https:\/\/redeicm.org.br\/pioxii\/wp-content\/uploads\/sites\/2\/2025\/06\/Image00013-4.jpg\",\"contentUrl\":\"https:\/\/redeicm.org.br\/pioxii\/wp-content\/uploads\/sites\/2\/2025\/06\/Image00013-4.jpg\",\"width\":1280,\"height\":853},{\"@type\":\"BreadcrumbList\",\"@id\":\"https:\/\/redeicm.org.br\/pioxii\/filosofia\/#breadcrumb\",\"itemListElement\":[{\"@type\":\"ListItem\",\"position\":1,\"name\":\"In\u00edcio\",\"item\":\"https:\/\/redeicm.org.br\/pioxii\/\"},{\"@type\":\"ListItem\",\"position\":2,\"name\":\"Filosofia\"}]},{\"@type\":\"WebSite\",\"@id\":\"https:\/\/redeicm.org.br\/pioxii\/#website\",\"url\":\"https:\/\/redeicm.org.br\/pioxii\/\",\"name\":\"Escola Pio XII | Rede ICM de educa\u00e7\u00e3o\",\"description\":\"\",\"publisher\":{\"@id\":\"https:\/\/redeicm.org.br\/pioxii\/#organization\"},\"potentialAction\":[{\"@type\":\"SearchAction\",\"target\":{\"@type\":\"EntryPoint\",\"urlTemplate\":\"https:\/\/redeicm.org.br\/pioxii\/?s={search_term_string}\"},\"query-input\":{\"@type\":\"PropertyValueSpecification\",\"valueRequired\":true,\"valueName\":\"search_term_string\"}}],\"inLanguage\":\"pt-BR\"},{\"@type\":\"Organization\",\"@id\":\"https:\/\/redeicm.org.br\/pioxii\/#organization\",\"name\":\"Escola Pio XII | Rede ICM de educa\u00e7\u00e3o\",\"url\":\"https:\/\/redeicm.org.br\/pioxii\/\",\"logo\":{\"@type\":\"ImageObject\",\"inLanguage\":\"pt-BR\",\"@id\":\"https:\/\/redeicm.org.br\/pioxii\/#\/schema\/logo\/image\/\",\"url\":\"https:\/\/redeicm.org.br\/pioxii\/wp-content\/uploads\/sites\/2\/2024\/07\/logo-pio-xii.png\",\"contentUrl\":\"https:\/\/redeicm.org.br\/pioxii\/wp-content\/uploads\/sites\/2\/2024\/07\/logo-pio-xii.png\",\"width\":184,\"height\":75,\"caption\":\"Escola Pio XII | Rede ICM de educa\u00e7\u00e3o\"},\"image\":{\"@id\":\"https:\/\/redeicm.org.br\/pioxii\/#\/schema\/logo\/image\/\"}}]}<\/script>\n<!-- \/ Yoast SEO plugin. -->","yoast_head_json":{"title":"Filosofia - Escola Pio XII | Rede ICM de educa\u00e7\u00e3o","robots":{"index":"index","follow":"follow","max-snippet":"max-snippet:-1","max-image-preview":"max-image-preview:large","max-video-preview":"max-video-preview:-1"},"canonical":"https:\/\/redeicm.org.br\/pioxii\/filosofia\/","og_locale":"pt_BR","og_type":"article","og_title":"Filosofia - Escola Pio XII | Rede ICM de educa\u00e7\u00e3o","og_description":"Dinamizar uma escola que tenha responsabilidade no processo de transforma\u00e7\u00e3o social, visto que a Escola \u00e9 espa\u00e7o privilegiado onde se buscam experi\u00eancias para a nova sociedade que idealizamos. Comprometer-se com a a\u00e7\u00e3o evangelizadora \u2013 responsabilidade de todo educador crist\u00e3o. Organizar um curr\u00edculo aberto, em processo, assumido por todos os educadores. Assumir uma pedagogia voltada para [&hellip;]","og_url":"https:\/\/redeicm.org.br\/pioxii\/filosofia\/","og_site_name":"Escola Pio XII | Rede ICM de educa\u00e7\u00e3o","article_modified_time":"2025-08-21T19:21:40+00:00","og_image":[{"url":"https:\/\/redeicm.org.br\/pioxii\/wp-content\/uploads\/sites\/2\/2025\/06\/Image00013-4.jpg","type":"","width":"","height":""}],"twitter_card":"summary_large_image","twitter_misc":{"Est. tempo de leitura":"1 minuto"},"schema":{"@context":"https:\/\/schema.org","@graph":[{"@type":"WebPage","@id":"https:\/\/redeicm.org.br\/pioxii\/filosofia\/","url":"https:\/\/redeicm.org.br\/pioxii\/filosofia\/","name":"Filosofia - Escola Pio XII | Rede ICM de educa\u00e7\u00e3o","isPartOf":{"@id":"https:\/\/redeicm.org.br\/pioxii\/#website"},"primaryImageOfPage":{"@id":"https:\/\/redeicm.org.br\/pioxii\/filosofia\/#primaryimage"},"image":{"@id":"https:\/\/redeicm.org.br\/pioxii\/filosofia\/#primaryimage"},"thumbnailUrl":"https:\/\/redeicm.org.br\/pioxii\/wp-content\/uploads\/sites\/2\/2025\/06\/Image00013-4.jpg","datePublished":"2025-04-29T19:08:43+00:00","dateModified":"2025-08-21T19:21:40+00:00","breadcrumb":{"@id":"https:\/\/redeicm.org.br\/pioxii\/filosofia\/#breadcrumb"},"inLanguage":"pt-BR","potentialAction":[{"@type":"ReadAction","target":["https:\/\/redeicm.org.br\/pioxii\/filosofia\/"]}]},{"@type":"ImageObject","inLanguage":"pt-BR","@id":"https:\/\/redeicm.org.br\/pioxii\/filosofia\/#primaryimage","url":"https:\/\/redeicm.org.br\/pioxii\/wp-content\/uploads\/sites\/2\/2025\/06\/Image00013-4.jpg","contentUrl":"https:\/\/redeicm.org.br\/pioxii\/wp-content\/uploads\/sites\/2\/2025\/06\/Image00013-4.jpg","width":1280,"height":853},{"@type":"BreadcrumbList","@id":"https:\/\/redeicm.org.br\/pioxii\/filosofia\/#breadcrumb","itemListElement":[{"@type":"ListItem","position":1,"name":"In\u00edcio","item":"https:\/\/redeicm.org.br\/pioxii\/"},{"@type":"ListItem","position":2,"name":"Filosofia"}]},{"@type":"WebSite","@id":"https:\/\/redeicm.org.br\/pioxii\/#website","url":"https:\/\/redeicm.org.br\/pioxii\/","name":"Escola Pio XII | Rede ICM de educa\u00e7\u00e3o","description":"","publisher":{"@id":"https:\/\/redeicm.org.br\/pioxii\/#organization"},"potentialAction":[{"@type":"SearchAction","target":{"@type":"EntryPoint","urlTemplate":"https:\/\/redeicm.org.br\/pioxii\/?s={search_term_string}"},"query-input":{"@type":"PropertyValueSpecification","valueRequired":true,"valueName":"search_term_string"}}],"inLanguage":"pt-BR"},{"@type":"Organization","@id":"https:\/\/redeicm.org.br\/pioxii\/#organization","name":"Escola Pio XII | Rede ICM de educa\u00e7\u00e3o","url":"https:\/\/redeicm.org.br\/pioxii\/","logo":{"@type":"ImageObject","inLanguage":"pt-BR","@id":"https:\/\/redeicm.org.br\/pioxii\/#\/schema\/logo\/image\/","url":"https:\/\/redeicm.org.br\/pioxii\/wp-content\/uploads\/sites\/2\/2024\/07\/logo-pio-xii.png","contentUrl":"https:\/\/redeicm.org.br\/pioxii\/wp-content\/uploads\/sites\/2\/2024\/07\/logo-pio-xii.png","width":184,"height":75,"caption":"Escola Pio XII | Rede ICM de educa\u00e7\u00e3o"},"image":{"@id":"https:\/\/redeicm.org.br\/pioxii\/#\/schema\/logo\/image\/"}}]}},"_links":{"self":[{"href":"https:\/\/redeicm.org.br\/pioxii\/wp-json\/wp\/v2\/pages\/705","targetHints":{"allow":["GET"]}}],"collection":[{"href":"https:\/\/redeicm.org.br\/pioxii\/wp-json\/wp\/v2\/pages"}],"about":[{"href":"https:\/\/redeicm.org.br\/pioxii\/wp-json\/wp\/v2\/types\/page"}],"author":[{"embeddable":true,"href":"https:\/\/redeicm.org.br\/pioxii\/wp-json\/wp\/v2\/users\/1"}],"replies":[{"embeddable":true,"href":"https:\/\/redeicm.org.br\/pioxii\/wp-json\/wp\/v2\/comments?post=705"}],"version-history":[{"count":10,"href":"https:\/\/redeicm.org.br\/pioxii\/wp-json\/wp\/v2\/pages\/705\/revisions"}],"predecessor-version":[{"id":2422,"href":"https:\/\/redeicm.org.br\/pioxii\/wp-json\/wp\/v2\/pages\/705\/revisions\/2422"}],"wp:attachment":[{"href":"https:\/\/redeicm.org.br\/pioxii\/wp-json\/wp\/v2\/media?parent=705"}],"curies":[{"name":"wp","href":"https:\/\/api.w.org\/{rel}","templated":true}]}}