{"id":698,"date":"2025-04-29T16:00:57","date_gmt":"2025-04-29T19:00:57","guid":{"rendered":"https:\/\/redeicm.org.br\/pioxii\/?page_id=698"},"modified":"2025-08-21T10:50:21","modified_gmt":"2025-08-21T13:50:21","slug":"sobre-a-unidade-de-eduacao","status":"publish","type":"page","link":"https:\/\/redeicm.org.br\/pioxii\/sobre-a-unidade-de-eduacao\/","title":{"rendered":"Sobre a Unidade de Educa\u00e7\u00e3o"},"content":{"rendered":"\t\t<div data-elementor-type=\"wp-page\" data-elementor-id=\"698\" class=\"elementor elementor-698\" data-elementor-post-type=\"page\">\n\t\t\t\t<div class=\"elementor-element elementor-element-d803d31 e-flex e-con-boxed e-con e-parent\" data-id=\"d803d31\" data-element_type=\"container\" data-e-type=\"container\" data-settings=\"{&quot;background_background&quot;:&quot;classic&quot;}\">\n\t\t\t\t\t<div class=\"e-con-inner\">\n\t\t\t\t<div class=\"elementor-element elementor-element-b6a93b8 elementor-widget elementor-widget-heading\" data-id=\"b6a93b8\" data-element_type=\"widget\" data-e-type=\"widget\" data-widget_type=\"heading.default\">\n\t\t\t\t<div class=\"elementor-widget-container\">\n\t\t\t\t\t<h2 class=\"elementor-heading-title elementor-size-default\"><br><br><br><br><br>Escola Pio XII \u2013 Rede ICM de Educa\u00e7\u00e3o\n\n<\/h2>\t\t\t\t<\/div>\n\t\t\t\t<\/div>\n\t\t\t\t\t<\/div>\n\t\t\t\t<\/div>\n\t\t<div class=\"elementor-element elementor-element-5df1045 e-flex e-con-boxed e-con e-parent\" data-id=\"5df1045\" data-element_type=\"container\" data-e-type=\"container\">\n\t\t\t\t\t<div class=\"e-con-inner\">\n\t\t\t\t<div class=\"elementor-element elementor-element-4b421f2 elementor-widget elementor-widget-text-editor\" data-id=\"4b421f2\" data-element_type=\"widget\" data-e-type=\"widget\" data-widget_type=\"text-editor.default\">\n\t\t\t\t<div class=\"elementor-widget-container\">\n\t\t\t\t\t\t\t\t\t<p class=\"western\" align=\"JUSTIFY\"><strong>Escola Pio XII \u2013 Rede ICM de Educa\u00e7\u00e3o<\/strong><\/p><p class=\"western\" align=\"JUSTIFY\">A Escola \u00e9 mantida pela Sociedade Educa\u00e7\u00e3o e Caridade, personifica\u00e7\u00e3o civil da Congrega\u00e7\u00e3o das Irm\u00e3s do Imaculado Cora\u00e7\u00e3o de Maria, com sede em Porto Alegre.<\/p><p class=\"western\" align=\"JUSTIFY\"><strong>Unidade de Ensino<\/strong><\/p><p class=\"western\" align=\"JUSTIFY\">A Escola Pio XII localiza-se na Av. Meriti, 265, em Vila Kosmos, cidade do Rio de Janeiro C\u00f3digo Postal 21220-202, home page\u00a0<u><a href=\"http:\/\/www.escolapioxii.g12.br\/\">www.escolapioxii.g12.br<\/a><\/u>\u00a0e e-mail escolapioxii@escolapioxii.g12.br.<\/p><p class=\"western\" align=\"JUSTIFY\">Fundada em 1954 pela Sociedade Educa\u00e7\u00e3o e Caridade, est\u00e1 registrada sob o n\u00ba 2186 de julho de 1955, Secretaria de Educa\u00e7\u00e3o e Cultura, pertence \u00e0 5\u00aa CRE da XIV Regi\u00e3o Administrativa do Munic\u00edpio do Rio de Janeiro. Foi reconhecida pelo parecer 424\/84, publicado no DO de 17 de maio de 1985 e autorizada a ministrar o Ensino M\u00e9dio Regular pela Portaria N\u00ba 249\/05, publicada no DO de 09 de agosto de 2005.<\/p><p class=\"western\" align=\"JUSTIFY\"><b>Proposta Pol\u00edtico-Pedag\u00f3gica<\/b><\/p><p class=\"western\" align=\"JUSTIFY\">Nossa proposta segue o Projeto Educativo da Sociedade Educa\u00e7\u00e3o e Caridade Congrega\u00e7\u00e3o das Irm\u00e3s do Imaculado Cora\u00e7\u00e3o de Maria.<\/p><p class=\"western\" align=\"JUSTIFY\"><b>Hist\u00f3rico<\/b><\/p><p class=\"western\" align=\"JUSTIFY\">A Escola Pio XII, faz parte da hist\u00f3ria do Bairro Vila Kosmos e da Par\u00f3quia Nossa Senhora do Carmo.<\/p><p class=\"western\" align=\"JUSTIFY\">Suas aulas come\u00e7aram em fevereiro de 1954. Enquanto o Bairro crescia e a Par\u00f3quia era constru\u00edda, a Escola iniciava suas atividades.<\/p><p class=\"western\" align=\"JUSTIFY\">A partir de 1955, as Irm\u00e3s haviam adquirido, al\u00e9m do galp\u00e3o, a antiga Igreja de madeira e iniciaram a constru\u00e7\u00e3o da Escola.<\/p><p class=\"western\" align=\"JUSTIFY\">A obra foi se expandindo at\u00e9 se tornar o pr\u00e9dio atual, com salas de aula espa\u00e7osas, refrigeradas e equipadas com multim\u00eddia, modernos laborat\u00f3rios de Ci\u00eancias e Inform\u00e1tica, Laborat\u00f3rio Maker, Sala de Leitura e Biblioteca atualizadas e informatizadas, duas quadras esportivas, capela, dois parquinhos, salas de conviv\u00eancia e uma cantina; um Espa\u00e7o Cultural Esportivo com piscina, quadra esportivas,\u00a0 restaurante, sala de pilates, jud\u00f4 e boxe.<\/p><p class=\"western\" align=\"JUSTIFY\">A localiza\u00e7\u00e3o da Escola \u00e9 bastante privilegiada em termos de transportes, com \u00f4nibus, BRT e o metr\u00f4 atendendo \u00e0 comunidade. O bairro tornou-se mais movimentado com a inaugura\u00e7\u00e3o do Shopping Carioca, ampliando e diversificando seu com\u00e9rcio<strong>.<\/strong><\/p><p class=\"western\" align=\"JUSTIFY\"><strong>Cursos Mantidos<\/strong><\/p><p class=\"western\" align=\"JUSTIFY\">A Escola Pio XII mant\u00e9m:<\/p><ul><li class=\"western\">Maternal;<\/li><li class=\"western\">Educa\u00e7\u00e3o Infantil;<\/li><li class=\"western\">Ensino Fundamental;<\/li><li class=\"western\">Ensino M\u00e9dio;<\/li><li class=\"western\">Turno Extraclasse \u2013 Hor\u00e1rio Integral.<\/li><\/ul>\t\t\t\t\t\t\t\t<\/div>\n\t\t\t\t<\/div>\n\t\t\t\t\t<\/div>\n\t\t\t\t<\/div>\n\t\t\t\t<\/div>\n\t\t","protected":false},"excerpt":{"rendered":"<p>Escola Pio XII \u2013 Rede ICM de Educa\u00e7\u00e3o Escola Pio XII \u2013 Rede ICM de Educa\u00e7\u00e3o A Escola \u00e9 mantida pela Sociedade Educa\u00e7\u00e3o e Caridade, personifica\u00e7\u00e3o civil da Congrega\u00e7\u00e3o das Irm\u00e3s do Imaculado Cora\u00e7\u00e3o de Maria, com sede em Porto Alegre. Unidade de Ensino A Escola Pio XII localiza-se na Av. Meriti, 265, em Vila [&hellip;]<\/p>\n","protected":false},"author":1,"featured_media":2367,"parent":0,"menu_order":0,"comment_status":"closed","ping_status":"closed","template":"","meta":{"_acf_changed":false,"footnotes":""},"class_list":["post-698","page","type-page","status-publish","has-post-thumbnail","hentry"],"acf":[],"yoast_head":"<!-- This site is optimized with the Yoast SEO plugin v26.3 - https:\/\/yoast.com\/wordpress\/plugins\/seo\/ -->\n<title>Sobre a Unidade de Educa\u00e7\u00e3o - Escola Pio XII | Rede ICM de educa\u00e7\u00e3o<\/title>\n<meta name=\"robots\" content=\"index, follow, max-snippet:-1, max-image-preview:large, max-video-preview:-1\" \/>\n<link rel=\"canonical\" href=\"https:\/\/redeicm.org.br\/pioxii\/sobre-a-unidade-de-eduacao\/\" \/>\n<meta property=\"og:locale\" content=\"pt_BR\" \/>\n<meta property=\"og:type\" content=\"article\" \/>\n<meta property=\"og:title\" content=\"Sobre a Unidade de Educa\u00e7\u00e3o - Escola Pio XII | Rede ICM de educa\u00e7\u00e3o\" \/>\n<meta property=\"og:description\" content=\"Escola Pio XII \u2013 Rede ICM de Educa\u00e7\u00e3o Escola Pio XII \u2013 Rede ICM de Educa\u00e7\u00e3o A Escola \u00e9 mantida pela Sociedade Educa\u00e7\u00e3o e Caridade, personifica\u00e7\u00e3o civil da Congrega\u00e7\u00e3o das Irm\u00e3s do Imaculado Cora\u00e7\u00e3o de Maria, com sede em Porto Alegre. Unidade de Ensino A Escola Pio XII localiza-se na Av. Meriti, 265, em Vila [&hellip;]\" \/>\n<meta property=\"og:url\" content=\"https:\/\/redeicm.org.br\/pioxii\/sobre-a-unidade-de-eduacao\/\" \/>\n<meta property=\"og:site_name\" content=\"Escola Pio XII | Rede ICM de educa\u00e7\u00e3o\" \/>\n<meta property=\"article:modified_time\" content=\"2025-08-21T13:50:21+00:00\" \/>\n<meta property=\"og:image\" content=\"https:\/\/redeicm.org.br\/pioxii\/wp-content\/uploads\/sites\/2\/2025\/08\/Banner-Site-Novo-6.png\" \/>\n\t<meta property=\"og:image:width\" content=\"1920\" \/>\n\t<meta property=\"og:image:height\" content=\"550\" \/>\n\t<meta property=\"og:image:type\" content=\"image\/png\" \/>\n<meta name=\"twitter:card\" content=\"summary_large_image\" \/>\n<meta name=\"twitter:label1\" content=\"Est. tempo de leitura\" \/>\n\t<meta name=\"twitter:data1\" content=\"2 minutos\" \/>\n<script type=\"application\/ld+json\" class=\"yoast-schema-graph\">{\"@context\":\"https:\/\/schema.org\",\"@graph\":[{\"@type\":\"WebPage\",\"@id\":\"https:\/\/redeicm.org.br\/pioxii\/sobre-a-unidade-de-eduacao\/\",\"url\":\"https:\/\/redeicm.org.br\/pioxii\/sobre-a-unidade-de-eduacao\/\",\"name\":\"Sobre a Unidade de Educa\u00e7\u00e3o - Escola Pio XII | Rede ICM de educa\u00e7\u00e3o\",\"isPartOf\":{\"@id\":\"https:\/\/redeicm.org.br\/pioxii\/#website\"},\"primaryImageOfPage\":{\"@id\":\"https:\/\/redeicm.org.br\/pioxii\/sobre-a-unidade-de-eduacao\/#primaryimage\"},\"image\":{\"@id\":\"https:\/\/redeicm.org.br\/pioxii\/sobre-a-unidade-de-eduacao\/#primaryimage\"},\"thumbnailUrl\":\"https:\/\/redeicm.org.br\/pioxii\/wp-content\/uploads\/sites\/2\/2025\/08\/Banner-Site-Novo-6.png\",\"datePublished\":\"2025-04-29T19:00:57+00:00\",\"dateModified\":\"2025-08-21T13:50:21+00:00\",\"breadcrumb\":{\"@id\":\"https:\/\/redeicm.org.br\/pioxii\/sobre-a-unidade-de-eduacao\/#breadcrumb\"},\"inLanguage\":\"pt-BR\",\"potentialAction\":[{\"@type\":\"ReadAction\",\"target\":[\"https:\/\/redeicm.org.br\/pioxii\/sobre-a-unidade-de-eduacao\/\"]}]},{\"@type\":\"ImageObject\",\"inLanguage\":\"pt-BR\",\"@id\":\"https:\/\/redeicm.org.br\/pioxii\/sobre-a-unidade-de-eduacao\/#primaryimage\",\"url\":\"https:\/\/redeicm.org.br\/pioxii\/wp-content\/uploads\/sites\/2\/2025\/08\/Banner-Site-Novo-6.png\",\"contentUrl\":\"https:\/\/redeicm.org.br\/pioxii\/wp-content\/uploads\/sites\/2\/2025\/08\/Banner-Site-Novo-6.png\",\"width\":1920,\"height\":550},{\"@type\":\"BreadcrumbList\",\"@id\":\"https:\/\/redeicm.org.br\/pioxii\/sobre-a-unidade-de-eduacao\/#breadcrumb\",\"itemListElement\":[{\"@type\":\"ListItem\",\"position\":1,\"name\":\"In\u00edcio\",\"item\":\"https:\/\/redeicm.org.br\/pioxii\/\"},{\"@type\":\"ListItem\",\"position\":2,\"name\":\"Sobre a Unidade de Educa\u00e7\u00e3o\"}]},{\"@type\":\"WebSite\",\"@id\":\"https:\/\/redeicm.org.br\/pioxii\/#website\",\"url\":\"https:\/\/redeicm.org.br\/pioxii\/\",\"name\":\"Escola Pio XII | Rede ICM de educa\u00e7\u00e3o\",\"description\":\"\",\"publisher\":{\"@id\":\"https:\/\/redeicm.org.br\/pioxii\/#organization\"},\"potentialAction\":[{\"@type\":\"SearchAction\",\"target\":{\"@type\":\"EntryPoint\",\"urlTemplate\":\"https:\/\/redeicm.org.br\/pioxii\/?s={search_term_string}\"},\"query-input\":{\"@type\":\"PropertyValueSpecification\",\"valueRequired\":true,\"valueName\":\"search_term_string\"}}],\"inLanguage\":\"pt-BR\"},{\"@type\":\"Organization\",\"@id\":\"https:\/\/redeicm.org.br\/pioxii\/#organization\",\"name\":\"Escola Pio XII | Rede ICM de educa\u00e7\u00e3o\",\"url\":\"https:\/\/redeicm.org.br\/pioxii\/\",\"logo\":{\"@type\":\"ImageObject\",\"inLanguage\":\"pt-BR\",\"@id\":\"https:\/\/redeicm.org.br\/pioxii\/#\/schema\/logo\/image\/\",\"url\":\"https:\/\/redeicm.org.br\/pioxii\/wp-content\/uploads\/sites\/2\/2024\/07\/logo-pio-xii.png\",\"contentUrl\":\"https:\/\/redeicm.org.br\/pioxii\/wp-content\/uploads\/sites\/2\/2024\/07\/logo-pio-xii.png\",\"width\":184,\"height\":75,\"caption\":\"Escola Pio XII | Rede ICM de educa\u00e7\u00e3o\"},\"image\":{\"@id\":\"https:\/\/redeicm.org.br\/pioxii\/#\/schema\/logo\/image\/\"}}]}<\/script>\n<!-- \/ Yoast SEO plugin. -->","yoast_head_json":{"title":"Sobre a Unidade de Educa\u00e7\u00e3o - Escola Pio XII | Rede ICM de educa\u00e7\u00e3o","robots":{"index":"index","follow":"follow","max-snippet":"max-snippet:-1","max-image-preview":"max-image-preview:large","max-video-preview":"max-video-preview:-1"},"canonical":"https:\/\/redeicm.org.br\/pioxii\/sobre-a-unidade-de-eduacao\/","og_locale":"pt_BR","og_type":"article","og_title":"Sobre a Unidade de Educa\u00e7\u00e3o - Escola Pio XII | Rede ICM de educa\u00e7\u00e3o","og_description":"Escola Pio XII \u2013 Rede ICM de Educa\u00e7\u00e3o Escola Pio XII \u2013 Rede ICM de Educa\u00e7\u00e3o A Escola \u00e9 mantida pela Sociedade Educa\u00e7\u00e3o e Caridade, personifica\u00e7\u00e3o civil da Congrega\u00e7\u00e3o das Irm\u00e3s do Imaculado Cora\u00e7\u00e3o de Maria, com sede em Porto Alegre. Unidade de Ensino A Escola Pio XII localiza-se na Av. Meriti, 265, em Vila [&hellip;]","og_url":"https:\/\/redeicm.org.br\/pioxii\/sobre-a-unidade-de-eduacao\/","og_site_name":"Escola Pio XII | Rede ICM de educa\u00e7\u00e3o","article_modified_time":"2025-08-21T13:50:21+00:00","og_image":[{"width":1920,"height":550,"url":"https:\/\/redeicm.org.br\/pioxii\/wp-content\/uploads\/sites\/2\/2025\/08\/Banner-Site-Novo-6.png","type":"image\/png"}],"twitter_card":"summary_large_image","twitter_misc":{"Est. tempo de leitura":"2 minutos"},"schema":{"@context":"https:\/\/schema.org","@graph":[{"@type":"WebPage","@id":"https:\/\/redeicm.org.br\/pioxii\/sobre-a-unidade-de-eduacao\/","url":"https:\/\/redeicm.org.br\/pioxii\/sobre-a-unidade-de-eduacao\/","name":"Sobre a Unidade de Educa\u00e7\u00e3o - Escola Pio XII | Rede ICM de educa\u00e7\u00e3o","isPartOf":{"@id":"https:\/\/redeicm.org.br\/pioxii\/#website"},"primaryImageOfPage":{"@id":"https:\/\/redeicm.org.br\/pioxii\/sobre-a-unidade-de-eduacao\/#primaryimage"},"image":{"@id":"https:\/\/redeicm.org.br\/pioxii\/sobre-a-unidade-de-eduacao\/#primaryimage"},"thumbnailUrl":"https:\/\/redeicm.org.br\/pioxii\/wp-content\/uploads\/sites\/2\/2025\/08\/Banner-Site-Novo-6.png","datePublished":"2025-04-29T19:00:57+00:00","dateModified":"2025-08-21T13:50:21+00:00","breadcrumb":{"@id":"https:\/\/redeicm.org.br\/pioxii\/sobre-a-unidade-de-eduacao\/#breadcrumb"},"inLanguage":"pt-BR","potentialAction":[{"@type":"ReadAction","target":["https:\/\/redeicm.org.br\/pioxii\/sobre-a-unidade-de-eduacao\/"]}]},{"@type":"ImageObject","inLanguage":"pt-BR","@id":"https:\/\/redeicm.org.br\/pioxii\/sobre-a-unidade-de-eduacao\/#primaryimage","url":"https:\/\/redeicm.org.br\/pioxii\/wp-content\/uploads\/sites\/2\/2025\/08\/Banner-Site-Novo-6.png","contentUrl":"https:\/\/redeicm.org.br\/pioxii\/wp-content\/uploads\/sites\/2\/2025\/08\/Banner-Site-Novo-6.png","width":1920,"height":550},{"@type":"BreadcrumbList","@id":"https:\/\/redeicm.org.br\/pioxii\/sobre-a-unidade-de-eduacao\/#breadcrumb","itemListElement":[{"@type":"ListItem","position":1,"name":"In\u00edcio","item":"https:\/\/redeicm.org.br\/pioxii\/"},{"@type":"ListItem","position":2,"name":"Sobre a Unidade de Educa\u00e7\u00e3o"}]},{"@type":"WebSite","@id":"https:\/\/redeicm.org.br\/pioxii\/#website","url":"https:\/\/redeicm.org.br\/pioxii\/","name":"Escola Pio XII | Rede ICM de educa\u00e7\u00e3o","description":"","publisher":{"@id":"https:\/\/redeicm.org.br\/pioxii\/#organization"},"potentialAction":[{"@type":"SearchAction","target":{"@type":"EntryPoint","urlTemplate":"https:\/\/redeicm.org.br\/pioxii\/?s={search_term_string}"},"query-input":{"@type":"PropertyValueSpecification","valueRequired":true,"valueName":"search_term_string"}}],"inLanguage":"pt-BR"},{"@type":"Organization","@id":"https:\/\/redeicm.org.br\/pioxii\/#organization","name":"Escola Pio XII | Rede ICM de educa\u00e7\u00e3o","url":"https:\/\/redeicm.org.br\/pioxii\/","logo":{"@type":"ImageObject","inLanguage":"pt-BR","@id":"https:\/\/redeicm.org.br\/pioxii\/#\/schema\/logo\/image\/","url":"https:\/\/redeicm.org.br\/pioxii\/wp-content\/uploads\/sites\/2\/2024\/07\/logo-pio-xii.png","contentUrl":"https:\/\/redeicm.org.br\/pioxii\/wp-content\/uploads\/sites\/2\/2024\/07\/logo-pio-xii.png","width":184,"height":75,"caption":"Escola Pio XII | Rede ICM de educa\u00e7\u00e3o"},"image":{"@id":"https:\/\/redeicm.org.br\/pioxii\/#\/schema\/logo\/image\/"}}]}},"_links":{"self":[{"href":"https:\/\/redeicm.org.br\/pioxii\/wp-json\/wp\/v2\/pages\/698","targetHints":{"allow":["GET"]}}],"collection":[{"href":"https:\/\/redeicm.org.br\/pioxii\/wp-json\/wp\/v2\/pages"}],"about":[{"href":"https:\/\/redeicm.org.br\/pioxii\/wp-json\/wp\/v2\/types\/page"}],"author":[{"embeddable":true,"href":"https:\/\/redeicm.org.br\/pioxii\/wp-json\/wp\/v2\/users\/1"}],"replies":[{"embeddable":true,"href":"https:\/\/redeicm.org.br\/pioxii\/wp-json\/wp\/v2\/comments?post=698"}],"version-history":[{"count":29,"href":"https:\/\/redeicm.org.br\/pioxii\/wp-json\/wp\/v2\/pages\/698\/revisions"}],"predecessor-version":[{"id":2385,"href":"https:\/\/redeicm.org.br\/pioxii\/wp-json\/wp\/v2\/pages\/698\/revisions\/2385"}],"wp:featuredmedia":[{"embeddable":true,"href":"https:\/\/redeicm.org.br\/pioxii\/wp-json\/wp\/v2\/media\/2367"}],"wp:attachment":[{"href":"https:\/\/redeicm.org.br\/pioxii\/wp-json\/wp\/v2\/media?parent=698"}],"curies":[{"name":"wp","href":"https:\/\/api.w.org\/{rel}","templated":true}]}}