{"id":292,"date":"2024-08-08T11:42:20","date_gmt":"2024-08-08T14:42:20","guid":{"rendered":"https:\/\/redeicm.org.br\/pioxii\/?page_id=292"},"modified":"2025-08-21T16:46:02","modified_gmt":"2025-08-21T19:46:02","slug":"ensino-medio","status":"publish","type":"page","link":"https:\/\/redeicm.org.br\/pioxii\/ensino-medio\/","title":{"rendered":"Ensino M\u00e9dio"},"content":{"rendered":"\t\t<div data-elementor-type=\"wp-page\" data-elementor-id=\"292\" class=\"elementor elementor-292\" data-elementor-post-type=\"page\">\n\t\t\t\t<div class=\"elementor-element elementor-element-35d4227 e-flex e-con-boxed e-con e-parent\" data-id=\"35d4227\" data-element_type=\"container\" data-e-type=\"container\" data-settings=\"{&quot;background_background&quot;:&quot;classic&quot;}\">\n\t\t\t\t\t<div class=\"e-con-inner\">\n\t\t\t\t\t<\/div>\n\t\t\t\t<\/div>\n\t\t<div class=\"elementor-element elementor-element-4a588c5 e-flex e-con-boxed e-con e-parent\" data-id=\"4a588c5\" data-element_type=\"container\" data-e-type=\"container\">\n\t\t\t\t\t<div class=\"e-con-inner\">\n\t\t\t\t<div class=\"elementor-element elementor-element-c015a02 elementor-widget elementor-widget-heading\" data-id=\"c015a02\" data-element_type=\"widget\" data-e-type=\"widget\" data-widget_type=\"heading.default\">\n\t\t\t\t<div class=\"elementor-widget-container\">\n\t\t\t\t\t<h1 class=\"elementor-heading-title elementor-size-default\">Ensino M\u00e9dio<\/h1>\t\t\t\t<\/div>\n\t\t\t\t<\/div>\n\t\t\t\t\t<\/div>\n\t\t\t\t<\/div>\n\t\t<div class=\"elementor-element elementor-element-5234431 e-con-full e-flex e-con e-parent\" data-id=\"5234431\" data-element_type=\"container\" data-e-type=\"container\">\n\t\t<div class=\"elementor-element elementor-element-f178737 e-flex e-con-boxed e-con e-child\" data-id=\"f178737\" data-element_type=\"container\" data-e-type=\"container\">\n\t\t\t\t\t<div class=\"e-con-inner\">\n\t\t\t\t<div class=\"elementor-element elementor-element-5461cbe elementor-invisible elementor-widget elementor-widget-text-editor\" data-id=\"5461cbe\" data-element_type=\"widget\" data-e-type=\"widget\" data-settings=\"{&quot;_animation&quot;:&quot;fadeInUp&quot;}\" data-widget_type=\"text-editor.default\">\n\t\t\t\t<div class=\"elementor-widget-container\">\n\t\t\t\t\t\t\t\t\t<p>A Escola Pio XII, como institui\u00e7\u00e3o cat\u00f3lica, assume o desafio de se antecipar \u00e0s tend\u00eancias que priorizam a educa\u00e7\u00e3o como um compromisso a servi\u00e7o do bem comum, propondo, em seu curr\u00edculo, um relacionamento cr\u00edtico entre saberes reconhecidos universalmente e o uso que deles se faz para a constru\u00e7\u00e3o de uma sociedade justa e solid\u00e1ria.<\/p><p>No Ensino M\u00e9dio, o ponto de partida est\u00e1 na experi\u00eancia de vida do aluno e nos contextos em que ele dever\u00e1 atuar a partir do seu pr\u00f3prio ambiente natural e cultural, numa perspectiva de amplia\u00e7\u00e3o e desenvolvimento.<\/p><p>Priorizamos a organiza\u00e7\u00e3o curricular atrav\u00e9s de temas trabalhados sob v\u00e1rios pontos de vista, explorando todas as rela\u00e7\u00f5es poss\u00edveis, ultrapassando os limites das disciplinas espec\u00edficas e trabalhando os conte\u00fados de forma integrada e significativa, de forma interdisciplinar e contextualizada, onde os conhecimentos se cruzam e se completam. Adotamos uma metodologia voltada para o desenvolvimento da capacidade de pesquisar, buscar informa\u00e7\u00f5es, analis\u00e1-las, selecion\u00e1-las; metodologia direcionada para o conhecimento significativo, integrado e articulado com o contexto social e cultural como base para fazer frente aos desafios postos por um mundo em constantes mudan\u00e7as.<\/p><p>Atrav\u00e9s da aquisi\u00e7\u00e3o de conhecimentos b\u00e1sicos, prepara\u00e7\u00e3o cient\u00edfica e capacidade para usar diferentes tecnologias relativas \u00e0s \u00e1reas de atua\u00e7\u00e3o, queremos ajudar a formar gente capaz de dizer e escrever o que pensa, argumentar e resolver problemas, mobilizando e aperfei\u00e7oando a capacidade de lidar com diferentes informa\u00e7\u00f5es e preparando-os para um processo de informa\u00e7\u00e3o continuada, abertos a novos aprendizados.<\/p>\t\t\t\t\t\t\t\t<\/div>\n\t\t\t\t<\/div>\n\t\t\t\t\t<\/div>\n\t\t\t\t<\/div>\n\t\t\t\t<\/div>\n\t\t<div class=\"elementor-element elementor-element-efe9de3 e-flex e-con-boxed e-con e-parent\" data-id=\"efe9de3\" data-element_type=\"container\" data-e-type=\"container\">\n\t\t\t\t\t<div class=\"e-con-inner\">\n\t\t<div class=\"elementor-element elementor-element-1f4b307 e-con-full e-flex e-con e-child\" data-id=\"1f4b307\" data-element_type=\"container\" data-e-type=\"container\">\n\t\t\t\t<div class=\"elementor-element elementor-element-de72623 elementor-widget elementor-widget-image\" data-id=\"de72623\" data-element_type=\"widget\" data-e-type=\"widget\" data-widget_type=\"image.default\">\n\t\t\t\t<div class=\"elementor-widget-container\">\n\t\t\t\t\t\t\t\t\t\t\t\t<figure class=\"wp-caption\">\n\t\t\t\t\t\t\t\t\t\t<img fetchpriority=\"high\" decoding=\"async\" width=\"300\" height=\"200\" src=\"https:\/\/redeicm.org.br\/pioxii\/wp-content\/uploads\/sites\/2\/2025\/06\/Image00001-5-300x200.jpg\" class=\"attachment-medium size-medium wp-image-2137\" alt=\"\" srcset=\"https:\/\/redeicm.org.br\/pioxii\/wp-content\/uploads\/sites\/2\/2025\/06\/Image00001-5-300x200.jpg 300w, https:\/\/redeicm.org.br\/pioxii\/wp-content\/uploads\/sites\/2\/2025\/06\/Image00001-5-1024x682.jpg 1024w, https:\/\/redeicm.org.br\/pioxii\/wp-content\/uploads\/sites\/2\/2025\/06\/Image00001-5-768x512.jpg 768w, https:\/\/redeicm.org.br\/pioxii\/wp-content\/uploads\/sites\/2\/2025\/06\/Image00001-5.jpg 1280w\" sizes=\"(max-width: 300px) 100vw, 300px\" \/>\t\t\t\t\t\t\t\t\t\t\t<figcaption class=\"widget-image-caption wp-caption-text\">Investiga\u00e7\u00e3o Cient\u00edfica - Aul\u00f5es Enem\/Vestibulares <\/figcaption>\n\t\t\t\t\t\t\t\t\t\t<\/figure>\n\t\t\t\t\t\t\t\t\t<\/div>\n\t\t\t\t<\/div>\n\t\t\t\t<\/div>\n\t\t<div class=\"elementor-element elementor-element-ec31c63 e-con-full e-flex e-con e-child\" data-id=\"ec31c63\" data-element_type=\"container\" data-e-type=\"container\">\n\t\t\t\t<div class=\"elementor-element elementor-element-100cd1c elementor-widget elementor-widget-image\" data-id=\"100cd1c\" data-element_type=\"widget\" data-e-type=\"widget\" data-widget_type=\"image.default\">\n\t\t\t\t<div class=\"elementor-widget-container\">\n\t\t\t\t\t\t\t\t\t\t\t\t<figure class=\"wp-caption\">\n\t\t\t\t\t\t\t\t\t\t<img decoding=\"async\" width=\"300\" height=\"200\" src=\"https:\/\/redeicm.org.br\/pioxii\/wp-content\/uploads\/sites\/2\/2025\/06\/Image00003-5-300x200.jpg\" class=\"attachment-medium size-medium wp-image-2139\" alt=\"\" srcset=\"https:\/\/redeicm.org.br\/pioxii\/wp-content\/uploads\/sites\/2\/2025\/06\/Image00003-5-300x200.jpg 300w, https:\/\/redeicm.org.br\/pioxii\/wp-content\/uploads\/sites\/2\/2025\/06\/Image00003-5-1024x682.jpg 1024w, https:\/\/redeicm.org.br\/pioxii\/wp-content\/uploads\/sites\/2\/2025\/06\/Image00003-5-768x512.jpg 768w, https:\/\/redeicm.org.br\/pioxii\/wp-content\/uploads\/sites\/2\/2025\/06\/Image00003-5.jpg 1280w\" sizes=\"(max-width: 300px) 100vw, 300px\" \/>\t\t\t\t\t\t\t\t\t\t\t<figcaption class=\"widget-image-caption wp-caption-text\">Projeto de Vida <\/figcaption>\n\t\t\t\t\t\t\t\t\t\t<\/figure>\n\t\t\t\t\t\t\t\t\t<\/div>\n\t\t\t\t<\/div>\n\t\t\t\t<\/div>\n\t\t<div class=\"elementor-element elementor-element-f04c6a0 e-con-full e-flex e-con e-child\" data-id=\"f04c6a0\" data-element_type=\"container\" data-e-type=\"container\">\n\t\t\t\t<div class=\"elementor-element elementor-element-a8e4a96 elementor-widget elementor-widget-image\" data-id=\"a8e4a96\" data-element_type=\"widget\" data-e-type=\"widget\" data-widget_type=\"image.default\">\n\t\t\t\t<div class=\"elementor-widget-container\">\n\t\t\t\t\t\t\t\t\t\t\t\t<figure class=\"wp-caption\">\n\t\t\t\t\t\t\t\t\t\t<img decoding=\"async\" width=\"300\" height=\"200\" src=\"https:\/\/redeicm.org.br\/pioxii\/wp-content\/uploads\/sites\/2\/2025\/06\/Image00002-6-300x200.jpg\" class=\"attachment-medium size-medium wp-image-2138\" alt=\"\" srcset=\"https:\/\/redeicm.org.br\/pioxii\/wp-content\/uploads\/sites\/2\/2025\/06\/Image00002-6-300x200.jpg 300w, https:\/\/redeicm.org.br\/pioxii\/wp-content\/uploads\/sites\/2\/2025\/06\/Image00002-6-1024x682.jpg 1024w, https:\/\/redeicm.org.br\/pioxii\/wp-content\/uploads\/sites\/2\/2025\/06\/Image00002-6-768x512.jpg 768w, https:\/\/redeicm.org.br\/pioxii\/wp-content\/uploads\/sites\/2\/2025\/06\/Image00002-6.jpg 1280w\" sizes=\"(max-width: 300px) 100vw, 300px\" \/>\t\t\t\t\t\t\t\t\t\t\t<figcaption class=\"widget-image-caption wp-caption-text\">Itiner\u00e1rios Formativos <\/figcaption>\n\t\t\t\t\t\t\t\t\t\t<\/figure>\n\t\t\t\t\t\t\t\t\t<\/div>\n\t\t\t\t<\/div>\n\t\t\t\t<\/div>\n\t\t<div class=\"elementor-element elementor-element-e4dd15f e-con-full e-flex e-con e-child\" data-id=\"e4dd15f\" data-element_type=\"container\" data-e-type=\"container\">\n\t\t\t\t<div class=\"elementor-element elementor-element-ff08650 elementor-widget elementor-widget-image\" data-id=\"ff08650\" data-element_type=\"widget\" data-e-type=\"widget\" data-widget_type=\"image.default\">\n\t\t\t\t<div class=\"elementor-widget-container\">\n\t\t\t\t\t\t\t\t\t\t\t\t<figure class=\"wp-caption\">\n\t\t\t\t\t\t\t\t\t\t<img loading=\"lazy\" decoding=\"async\" width=\"300\" height=\"200\" src=\"https:\/\/redeicm.org.br\/pioxii\/wp-content\/uploads\/sites\/2\/2025\/06\/Image00004-5-300x200.jpg\" class=\"attachment-medium size-medium wp-image-2140\" alt=\"\" srcset=\"https:\/\/redeicm.org.br\/pioxii\/wp-content\/uploads\/sites\/2\/2025\/06\/Image00004-5-300x200.jpg 300w, https:\/\/redeicm.org.br\/pioxii\/wp-content\/uploads\/sites\/2\/2025\/06\/Image00004-5-1024x682.jpg 1024w, https:\/\/redeicm.org.br\/pioxii\/wp-content\/uploads\/sites\/2\/2025\/06\/Image00004-5-768x512.jpg 768w, https:\/\/redeicm.org.br\/pioxii\/wp-content\/uploads\/sites\/2\/2025\/06\/Image00004-5.jpg 1280w\" sizes=\"(max-width: 300px) 100vw, 300px\" \/>\t\t\t\t\t\t\t\t\t\t\t<figcaption class=\"widget-image-caption wp-caption-text\">Servi\u00e7o de Pastoral <\/figcaption>\n\t\t\t\t\t\t\t\t\t\t<\/figure>\n\t\t\t\t\t\t\t\t\t<\/div>\n\t\t\t\t<\/div>\n\t\t\t\t<\/div>\n\t\t\t\t\t<\/div>\n\t\t\t\t<\/div>\n\t\t\t\t<\/div>\n\t\t","protected":false},"excerpt":{"rendered":"<p>A Escola Pio XII, como institui\u00e7\u00e3o cat\u00f3lica, assume o desafio de se antecipar \u00e0s tend\u00eancias que priorizam a educa\u00e7\u00e3o como um compromisso a servi\u00e7o do bem comum, propondo, em seu curr\u00edculo, um relacionamento cr\u00edtico entre saberes reconhecidos universalmente e o uso que deles se faz para a constru\u00e7\u00e3o de uma sociedade justa e solid\u00e1ria. No [&hellip;]<\/p>\n","protected":false},"author":1,"featured_media":2444,"parent":0,"menu_order":0,"comment_status":"closed","ping_status":"closed","template":"","meta":{"_acf_changed":false,"footnotes":""},"class_list":["post-292","page","type-page","status-publish","has-post-thumbnail","hentry"],"acf":[],"yoast_head":"<!-- This site is optimized with the Yoast SEO plugin v26.3 - https:\/\/yoast.com\/wordpress\/plugins\/seo\/ -->\n<title>Ensino M\u00e9dio - Escola Pio XII | Rede ICM de educa\u00e7\u00e3o<\/title>\n<meta name=\"robots\" content=\"index, follow, max-snippet:-1, max-image-preview:large, max-video-preview:-1\" \/>\n<link rel=\"canonical\" href=\"https:\/\/redeicm.org.br\/pioxii\/ensino-medio\/\" \/>\n<meta property=\"og:locale\" content=\"pt_BR\" \/>\n<meta property=\"og:type\" content=\"article\" \/>\n<meta property=\"og:title\" content=\"Ensino M\u00e9dio - Escola Pio XII | Rede ICM de educa\u00e7\u00e3o\" \/>\n<meta property=\"og:description\" content=\"A Escola Pio XII, como institui\u00e7\u00e3o cat\u00f3lica, assume o desafio de se antecipar \u00e0s tend\u00eancias que priorizam a educa\u00e7\u00e3o como um compromisso a servi\u00e7o do bem comum, propondo, em seu curr\u00edculo, um relacionamento cr\u00edtico entre saberes reconhecidos universalmente e o uso que deles se faz para a constru\u00e7\u00e3o de uma sociedade justa e solid\u00e1ria. No [&hellip;]\" \/>\n<meta property=\"og:url\" content=\"https:\/\/redeicm.org.br\/pioxii\/ensino-medio\/\" \/>\n<meta property=\"og:site_name\" content=\"Escola Pio XII | Rede ICM de educa\u00e7\u00e3o\" \/>\n<meta property=\"article:modified_time\" content=\"2025-08-21T19:46:02+00:00\" \/>\n<meta property=\"og:image\" content=\"https:\/\/redeicm.org.br\/pioxii\/wp-content\/uploads\/sites\/2\/2025\/08\/Banner-de-pagina-4.png\" \/>\n\t<meta property=\"og:image:width\" content=\"1440\" \/>\n\t<meta property=\"og:image:height\" content=\"400\" \/>\n\t<meta property=\"og:image:type\" content=\"image\/png\" \/>\n<meta name=\"twitter:card\" content=\"summary_large_image\" \/>\n<meta name=\"twitter:label1\" content=\"Est. tempo de leitura\" \/>\n\t<meta name=\"twitter:data1\" content=\"3 minutos\" \/>\n<script type=\"application\/ld+json\" class=\"yoast-schema-graph\">{\"@context\":\"https:\/\/schema.org\",\"@graph\":[{\"@type\":\"WebPage\",\"@id\":\"https:\/\/redeicm.org.br\/pioxii\/ensino-medio\/\",\"url\":\"https:\/\/redeicm.org.br\/pioxii\/ensino-medio\/\",\"name\":\"Ensino M\u00e9dio - Escola Pio XII | Rede ICM de educa\u00e7\u00e3o\",\"isPartOf\":{\"@id\":\"https:\/\/redeicm.org.br\/pioxii\/#website\"},\"primaryImageOfPage\":{\"@id\":\"https:\/\/redeicm.org.br\/pioxii\/ensino-medio\/#primaryimage\"},\"image\":{\"@id\":\"https:\/\/redeicm.org.br\/pioxii\/ensino-medio\/#primaryimage\"},\"thumbnailUrl\":\"https:\/\/redeicm.org.br\/pioxii\/wp-content\/uploads\/sites\/2\/2025\/08\/Banner-de-pagina-4.png\",\"datePublished\":\"2024-08-08T14:42:20+00:00\",\"dateModified\":\"2025-08-21T19:46:02+00:00\",\"breadcrumb\":{\"@id\":\"https:\/\/redeicm.org.br\/pioxii\/ensino-medio\/#breadcrumb\"},\"inLanguage\":\"pt-BR\",\"potentialAction\":[{\"@type\":\"ReadAction\",\"target\":[\"https:\/\/redeicm.org.br\/pioxii\/ensino-medio\/\"]}]},{\"@type\":\"ImageObject\",\"inLanguage\":\"pt-BR\",\"@id\":\"https:\/\/redeicm.org.br\/pioxii\/ensino-medio\/#primaryimage\",\"url\":\"https:\/\/redeicm.org.br\/pioxii\/wp-content\/uploads\/sites\/2\/2025\/08\/Banner-de-pagina-4.png\",\"contentUrl\":\"https:\/\/redeicm.org.br\/pioxii\/wp-content\/uploads\/sites\/2\/2025\/08\/Banner-de-pagina-4.png\",\"width\":1440,\"height\":400},{\"@type\":\"BreadcrumbList\",\"@id\":\"https:\/\/redeicm.org.br\/pioxii\/ensino-medio\/#breadcrumb\",\"itemListElement\":[{\"@type\":\"ListItem\",\"position\":1,\"name\":\"In\u00edcio\",\"item\":\"https:\/\/redeicm.org.br\/pioxii\/\"},{\"@type\":\"ListItem\",\"position\":2,\"name\":\"Ensino M\u00e9dio\"}]},{\"@type\":\"WebSite\",\"@id\":\"https:\/\/redeicm.org.br\/pioxii\/#website\",\"url\":\"https:\/\/redeicm.org.br\/pioxii\/\",\"name\":\"Escola Pio XII | Rede ICM de educa\u00e7\u00e3o\",\"description\":\"\",\"publisher\":{\"@id\":\"https:\/\/redeicm.org.br\/pioxii\/#organization\"},\"potentialAction\":[{\"@type\":\"SearchAction\",\"target\":{\"@type\":\"EntryPoint\",\"urlTemplate\":\"https:\/\/redeicm.org.br\/pioxii\/?s={search_term_string}\"},\"query-input\":{\"@type\":\"PropertyValueSpecification\",\"valueRequired\":true,\"valueName\":\"search_term_string\"}}],\"inLanguage\":\"pt-BR\"},{\"@type\":\"Organization\",\"@id\":\"https:\/\/redeicm.org.br\/pioxii\/#organization\",\"name\":\"Escola Pio XII | Rede ICM de educa\u00e7\u00e3o\",\"url\":\"https:\/\/redeicm.org.br\/pioxii\/\",\"logo\":{\"@type\":\"ImageObject\",\"inLanguage\":\"pt-BR\",\"@id\":\"https:\/\/redeicm.org.br\/pioxii\/#\/schema\/logo\/image\/\",\"url\":\"https:\/\/redeicm.org.br\/pioxii\/wp-content\/uploads\/sites\/2\/2024\/07\/logo-pio-xii.png\",\"contentUrl\":\"https:\/\/redeicm.org.br\/pioxii\/wp-content\/uploads\/sites\/2\/2024\/07\/logo-pio-xii.png\",\"width\":184,\"height\":75,\"caption\":\"Escola Pio XII | Rede ICM de educa\u00e7\u00e3o\"},\"image\":{\"@id\":\"https:\/\/redeicm.org.br\/pioxii\/#\/schema\/logo\/image\/\"}}]}<\/script>\n<!-- \/ Yoast SEO plugin. -->","yoast_head_json":{"title":"Ensino M\u00e9dio - Escola Pio XII | Rede ICM de educa\u00e7\u00e3o","robots":{"index":"index","follow":"follow","max-snippet":"max-snippet:-1","max-image-preview":"max-image-preview:large","max-video-preview":"max-video-preview:-1"},"canonical":"https:\/\/redeicm.org.br\/pioxii\/ensino-medio\/","og_locale":"pt_BR","og_type":"article","og_title":"Ensino M\u00e9dio - Escola Pio XII | Rede ICM de educa\u00e7\u00e3o","og_description":"A Escola Pio XII, como institui\u00e7\u00e3o cat\u00f3lica, assume o desafio de se antecipar \u00e0s tend\u00eancias que priorizam a educa\u00e7\u00e3o como um compromisso a servi\u00e7o do bem comum, propondo, em seu curr\u00edculo, um relacionamento cr\u00edtico entre saberes reconhecidos universalmente e o uso que deles se faz para a constru\u00e7\u00e3o de uma sociedade justa e solid\u00e1ria. No [&hellip;]","og_url":"https:\/\/redeicm.org.br\/pioxii\/ensino-medio\/","og_site_name":"Escola Pio XII | Rede ICM de educa\u00e7\u00e3o","article_modified_time":"2025-08-21T19:46:02+00:00","og_image":[{"width":1440,"height":400,"url":"https:\/\/redeicm.org.br\/pioxii\/wp-content\/uploads\/sites\/2\/2025\/08\/Banner-de-pagina-4.png","type":"image\/png"}],"twitter_card":"summary_large_image","twitter_misc":{"Est. tempo de leitura":"3 minutos"},"schema":{"@context":"https:\/\/schema.org","@graph":[{"@type":"WebPage","@id":"https:\/\/redeicm.org.br\/pioxii\/ensino-medio\/","url":"https:\/\/redeicm.org.br\/pioxii\/ensino-medio\/","name":"Ensino M\u00e9dio - Escola Pio XII | Rede ICM de educa\u00e7\u00e3o","isPartOf":{"@id":"https:\/\/redeicm.org.br\/pioxii\/#website"},"primaryImageOfPage":{"@id":"https:\/\/redeicm.org.br\/pioxii\/ensino-medio\/#primaryimage"},"image":{"@id":"https:\/\/redeicm.org.br\/pioxii\/ensino-medio\/#primaryimage"},"thumbnailUrl":"https:\/\/redeicm.org.br\/pioxii\/wp-content\/uploads\/sites\/2\/2025\/08\/Banner-de-pagina-4.png","datePublished":"2024-08-08T14:42:20+00:00","dateModified":"2025-08-21T19:46:02+00:00","breadcrumb":{"@id":"https:\/\/redeicm.org.br\/pioxii\/ensino-medio\/#breadcrumb"},"inLanguage":"pt-BR","potentialAction":[{"@type":"ReadAction","target":["https:\/\/redeicm.org.br\/pioxii\/ensino-medio\/"]}]},{"@type":"ImageObject","inLanguage":"pt-BR","@id":"https:\/\/redeicm.org.br\/pioxii\/ensino-medio\/#primaryimage","url":"https:\/\/redeicm.org.br\/pioxii\/wp-content\/uploads\/sites\/2\/2025\/08\/Banner-de-pagina-4.png","contentUrl":"https:\/\/redeicm.org.br\/pioxii\/wp-content\/uploads\/sites\/2\/2025\/08\/Banner-de-pagina-4.png","width":1440,"height":400},{"@type":"BreadcrumbList","@id":"https:\/\/redeicm.org.br\/pioxii\/ensino-medio\/#breadcrumb","itemListElement":[{"@type":"ListItem","position":1,"name":"In\u00edcio","item":"https:\/\/redeicm.org.br\/pioxii\/"},{"@type":"ListItem","position":2,"name":"Ensino M\u00e9dio"}]},{"@type":"WebSite","@id":"https:\/\/redeicm.org.br\/pioxii\/#website","url":"https:\/\/redeicm.org.br\/pioxii\/","name":"Escola Pio XII | Rede ICM de educa\u00e7\u00e3o","description":"","publisher":{"@id":"https:\/\/redeicm.org.br\/pioxii\/#organization"},"potentialAction":[{"@type":"SearchAction","target":{"@type":"EntryPoint","urlTemplate":"https:\/\/redeicm.org.br\/pioxii\/?s={search_term_string}"},"query-input":{"@type":"PropertyValueSpecification","valueRequired":true,"valueName":"search_term_string"}}],"inLanguage":"pt-BR"},{"@type":"Organization","@id":"https:\/\/redeicm.org.br\/pioxii\/#organization","name":"Escola Pio XII | Rede ICM de educa\u00e7\u00e3o","url":"https:\/\/redeicm.org.br\/pioxii\/","logo":{"@type":"ImageObject","inLanguage":"pt-BR","@id":"https:\/\/redeicm.org.br\/pioxii\/#\/schema\/logo\/image\/","url":"https:\/\/redeicm.org.br\/pioxii\/wp-content\/uploads\/sites\/2\/2024\/07\/logo-pio-xii.png","contentUrl":"https:\/\/redeicm.org.br\/pioxii\/wp-content\/uploads\/sites\/2\/2024\/07\/logo-pio-xii.png","width":184,"height":75,"caption":"Escola Pio XII | Rede ICM de educa\u00e7\u00e3o"},"image":{"@id":"https:\/\/redeicm.org.br\/pioxii\/#\/schema\/logo\/image\/"}}]}},"_links":{"self":[{"href":"https:\/\/redeicm.org.br\/pioxii\/wp-json\/wp\/v2\/pages\/292","targetHints":{"allow":["GET"]}}],"collection":[{"href":"https:\/\/redeicm.org.br\/pioxii\/wp-json\/wp\/v2\/pages"}],"about":[{"href":"https:\/\/redeicm.org.br\/pioxii\/wp-json\/wp\/v2\/types\/page"}],"author":[{"embeddable":true,"href":"https:\/\/redeicm.org.br\/pioxii\/wp-json\/wp\/v2\/users\/1"}],"replies":[{"embeddable":true,"href":"https:\/\/redeicm.org.br\/pioxii\/wp-json\/wp\/v2\/comments?post=292"}],"version-history":[{"count":8,"href":"https:\/\/redeicm.org.br\/pioxii\/wp-json\/wp\/v2\/pages\/292\/revisions"}],"predecessor-version":[{"id":2450,"href":"https:\/\/redeicm.org.br\/pioxii\/wp-json\/wp\/v2\/pages\/292\/revisions\/2450"}],"wp:featuredmedia":[{"embeddable":true,"href":"https:\/\/redeicm.org.br\/pioxii\/wp-json\/wp\/v2\/media\/2444"}],"wp:attachment":[{"href":"https:\/\/redeicm.org.br\/pioxii\/wp-json\/wp\/v2\/media?parent=292"}],"curies":[{"name":"wp","href":"https:\/\/api.w.org\/{rel}","templated":true}]}}