{"id":1803,"date":"2025-06-13T17:10:36","date_gmt":"2025-06-13T20:10:36","guid":{"rendered":"https:\/\/redeicm.org.br\/pioxii\/?page_id=1803"},"modified":"2025-08-21T16:23:40","modified_gmt":"2025-08-21T19:23:40","slug":"normas-de-convivencia","status":"publish","type":"page","link":"https:\/\/redeicm.org.br\/pioxii\/normas-de-convivencia\/","title":{"rendered":"Normas de Conviv\u00eancia"},"content":{"rendered":"\t\t<div data-elementor-type=\"wp-page\" data-elementor-id=\"1803\" class=\"elementor elementor-1803\" data-elementor-post-type=\"page\">\n\t\t\t\t<div class=\"elementor-element elementor-element-491a1f7 e-flex e-con-boxed e-con e-parent\" data-id=\"491a1f7\" data-element_type=\"container\" data-e-type=\"container\" data-settings=\"{&quot;background_background&quot;:&quot;classic&quot;}\">\n\t\t\t\t\t<div class=\"e-con-inner\">\n\t\t\t\t\t<\/div>\n\t\t\t\t<\/div>\n\t\t<div class=\"elementor-element elementor-element-ca2f056 e-flex e-con-boxed e-con e-parent\" data-id=\"ca2f056\" data-element_type=\"container\" data-e-type=\"container\">\n\t\t\t\t\t<div class=\"e-con-inner\">\n\t\t\t\t<div class=\"elementor-element elementor-element-3a9e5c4 elementor-widget elementor-widget-text-editor\" data-id=\"3a9e5c4\" data-element_type=\"widget\" data-e-type=\"widget\" data-widget_type=\"text-editor.default\">\n\t\t\t\t<div class=\"elementor-widget-container\">\n\t\t\t\t\t\t\t\t\t<p lang=\"pt-BR\" align=\"justify\"><b>NORMAS DA ESCOLA \u2013 Do Maternal ao Ensino M\u00e9dio<\/b><\/p><p lang=\"pt-BR\" align=\"justify\">Senhor(a) Respons\u00e1vel<\/p><p lang=\"pt-BR\" align=\"justify\">Quando fazemos parte de um grupo, necessitamos de algumas normas que garantam unidade nas a\u00e7\u00f5es e igualdade de direitos, para que todos se sintam acolhidos e respeitados. Neste sentido, gostar\u00edamos de contar com sua colabora\u00e7\u00e3o no atendimento das quest\u00f5es abaixo relacionadas, que ir\u00e3o contribuir para a tranquilidade de nossas crian\u00e7as e o bom funcionamento da escola.<\/p><p lang=\"pt-BR\" align=\"justify\"><b>AGENDA ESCOLAR:<\/b><\/p><p lang=\"pt-BR\" align=\"justify\">A agenda deve ser o ve\u00edculo de comunica\u00e7\u00e3o entre a fam\u00edlia e a escola. Utilize-a com frequ\u00eancia, mas lembre-se de que as\/os professoras e professores, n\u00e3o t\u00eam possibilidade de dar respostas detalhadas; havendo necessidade, ser\u00e1 melhor um agendamento com prof. e\/ou coordena\u00e7\u00e3o.<\/p><p lang=\"pt-BR\" align=\"justify\"><b>REUNI\u00d5ES, ENCONTROS E CIRCUITOS<\/b>:<\/p><p lang=\"pt-BR\" align=\"justify\">A presen\u00e7a dos respons\u00e1veis nesses momentos \u00e9 de fundamental import\u00e2ncia para que a parceria Escola \/ Fam\u00edlia efetivamente aconte\u00e7a. Quando as crian\u00e7as e jovens sabem que seus respons\u00e1veis acreditam na escola, participam, planejam juntos e acompanham o processo educativo, elas se sentem mais confiantes e seguras.<\/p><p lang=\"pt-BR\" align=\"justify\"><b>ENTRADA\u00a0E SA\u00cdDA<\/b>:<\/p><p lang=\"pt-BR\" align=\"justify\">Solicitamos que os respons\u00e1veis\u00a0n\u00e3o conversem\u00a0com as professoras nos hor\u00e1rios de entrada e de sa\u00edda dos alunos \/as. Este procedimento divide a aten\u00e7\u00e3o da professora. Nesses momentos, ela deve apenas receb\u00ea-las ou entreg\u00e1-las aos respons\u00e1veis, dedicando a seus alunos total aten\u00e7\u00e3o.<\/p><p lang=\"pt-BR\" align=\"justify\">No hor\u00e1rio de entrada, o port\u00e3o \u00e9 aberto 10 minutos antes do in\u00edcio do turno, para favorecer aos pais e evitar aglomera\u00e7\u00f5es na porta da escola. Colabore conosco, orientando seu filho\/ sua filha para que n\u00e3o corra no p\u00e1tio. Quando isso ocorre, a crian\u00e7a chega \u00e0 sala de aula suada e agitada, o que dificulta sua concentra\u00e7\u00e3o nos estudos.<\/p><p lang=\"pt-BR\" align=\"justify\">Respeite os hor\u00e1rios estabelecidos. Os atrasos interferem na din\u00e2mica\u00a0e na participa\u00e7\u00e3o de seu filho e a de outros alunos\/as nas atividades,\u00a0trazendo preju\u00edzo para todos.\u00a0Na sa\u00edda, procure estar na escola no hor\u00e1rio estabelecido. Sua\u00a0demora pode causar inseguran\u00e7a e sensa\u00e7\u00e3o de perda\/abandono no (a) seu \/ sua filho(a).<\/p><p lang=\"pt-BR\" align=\"justify\"><b>COMEMORA\u00c7\u00c3O\u00a0DE ANIVERS\u00c1RIOS<\/b>:<\/p><p>Sabemos o quanto \u00e9 saud\u00e1vel uma confraterniza\u00e7\u00e3o entre os nossos alunos, sobretudo quando existe um motivo t\u00e3o importante como a data de anivers\u00e1rio. Entretanto, precisamos considerar que essa comemora\u00e7\u00e3o necessita de organiza\u00e7\u00e3o, colabora\u00e7\u00e3o e, principalmente, compreens\u00e3o das fam\u00edlias quanto ao uso do espa\u00e7o escolar.<\/p><p>Sendo assim, solicitamos aten\u00e7\u00e3o quanto \u00e0s regras para esta atividade:<\/p><table><tbody><tr><td><b>Maternal II ao Pr\u00e9-II<\/b><\/td><td><p>\u00a0\u00a0\u00a0Comemora\u00e7\u00e3o no\u00a0<b>refeit\u00f3rio<\/b>\u00a0<b>1,<\/b>\u00a0no hor\u00e1rio do recreio da turma, sendo permitida a presen\u00e7a de no m\u00e1ximo, dois respons\u00e1veis que poder\u00e3o organizar o espa\u00e7o, participando do momento do \u201cparab\u00e9ns\u201d e da foto.<\/p><p>No envio do bolo, doces, salgados, sucos, copos e guardanapos, solicitaram que evitem exageros. \u00a0Sugerimos que sejam feitos kits individuais.<\/p><p>Optar por alimentos saud\u00e1veis \u00e9 importante, tamb\u00e9m, nesse momento.<\/p><p>N\u00e3o ser\u00e1 permitida a troca do uniforme no momento da comemora\u00e7\u00e3o do anivers\u00e1rio.<\/p><p>A decora\u00e7\u00e3o deve se limitar, somente ,\u00e0 mesa do bolo.<\/p><\/td><\/tr><tr><td><p><b>Fundamental I<\/b><\/p><p><b>(1\u00ba ao 5\u00ba AE)<\/b><\/p><\/td><td><p>\u00a0\u00a0\u00a0Comemora\u00e7\u00e3o, no\u00a0<b>refeit\u00f3rio<\/b>\u00a0<b>2,\u00a0<\/b>somente, para os alunos da turma, no hor\u00e1rio do recreio. A foto pode ser tirada pelo professor (a) e enviada para os respons\u00e1veis via \u201cClip Escola\u201d.<\/p><p>No envio do bolo, doces, salgados, sucos, copos e guardanapos, solicitaram que evitem exageros. \u00a0Sugerimos que sejam feitos kits individuais.<\/p><p>Optar por alimentos saud\u00e1veis \u00e9 importante, tamb\u00e9m, nesse momento.<\/p><p>N\u00e3o ser\u00e1 permitida a troca do uniforme no momento da comemora\u00e7\u00e3o do anivers\u00e1rio.<\/p><p>A decora\u00e7\u00e3o deve se limitar, somente, \u00e0 mesa do bolo.<\/p><\/td><\/tr><tr><td><p><b>Fundamental II e<\/b><\/p><p><b>M\u00e9dio<\/b><\/p><\/td><td>\u00a0\u00a0Comemora\u00e7\u00e3o, somente para os alunos, no\u00a0<b>p\u00e1tio<\/b>\u00a0<b>1,<\/b>\u00a0no hor\u00e1rio do recreio da turma, apenas com bolo.<\/td><\/tr><\/tbody><\/table><p>As comemora\u00e7\u00f5es de anivers\u00e1rio, seguindo as regras acima, devem ser comunicadas ao Professor (a) da turma ou \u00e0 Coordena\u00e7\u00e3o com\u00a0<b>1 (uma)<\/b>\u00a0semana de anteced\u00eancia.<\/p><p><b>\u00a0\u00a0\u00a0<\/b>Como estas comemora\u00e7\u00f5es de anivers\u00e1rio s\u00e3o feitas no hor\u00e1rio do recreio, com\u00a0<b>dura\u00e7\u00e3o de 20 min<\/b>, informamos que, neste dia, ap\u00f3s a comemora\u00e7\u00e3o, os alunos retornam para a sua rotina de sala de aula.<\/p><p>Para essa rotina de comemora\u00e7\u00e3o, n\u00e3o devem ser distribu\u00eddos convites, porque todas as crian\u00e7as da turma j\u00e1 est\u00e3o convidadas.<\/p><p><b>\u00a0\u00a0\u00a0<\/b>Os anivers\u00e1rios comemorados fora da escola pertencem ao \u00e2mbito social de cada fam\u00edlia, portanto, solicitamos aos respons\u00e1veis que n\u00e3o utilizem a agenda escolar para enviar o convite aos colegas de turma.<\/p><p><b>OBS.:\u00a0<\/b>O Restaurante do Espa\u00e7o Cultural Esportivo Pio XII abre seu espa\u00e7o para comemora\u00e7\u00f5es de anivers\u00e1rio, somente, ap\u00f3s o t\u00e9rmino do hor\u00e1rio Regular do turno da Tarde. Entretanto, recebe pedidos de kits para serem entregues na Escola. \u00a0\u00a0Havendo interesse, entre em contato com Sr. Leonardo pelo telefone 3586-5266.<\/p><p lang=\"pt-BR\" align=\"justify\"><b>BRINQUEDOS\u00a0E OBJETOS PESSOAIS<\/b><\/p><p lang=\"pt-BR\" align=\"justify\">Nosso objetivo, ao solicitar que as crian\u00e7as da Ed. Infantil tragam um objeto para a Hora das Novidades, ou um brinquedo no dia combinado com a turma, \u00e9 estimular a observa\u00e7\u00e3o, o funcionamento e, principalmente, a partilha com os colegas. \u00c9 muito importante que todos tragam \u201cnovidades\u201d, mas que todos, tamb\u00e9m, possam manuse\u00e1-las.<\/p><p lang=\"pt-BR\" align=\"justify\">Brinquedos caros ou eletr\u00f4nicos\/ objetos de valor, devem ser deixados em casa.<\/p><p lang=\"pt-BR\" align=\"justify\">\u00c9 necess\u00e1rio orientar as crian\u00e7as e jovens sobre o cuidado com seus pertences, al\u00e9m da disciplina para o uso do celular. Sendo indispens\u00e1vel, n\u00e3o \u00e9 permitido seu uso em sala de aula. A necessidade deve ser comunicada.<\/p><p lang=\"pt-BR\" align=\"justify\"><b>UNIFORME<\/b><\/p><p lang=\"pt-BR\" align=\"justify\">Relembramos que o uniforme deve seguir as orienta\u00e7\u00f5es recebidas no dia da matr\u00edcula. Meias, t\u00eanis e agasalhos coloridos, bon\u00e9s e toucas n\u00e3o s\u00e3o permitidos, al\u00e9m de brincos, j\u00f3ias e\/ ou bijuterias extravagantes.<\/p><p lang=\"pt-BR\" align=\"justify\">Em algumas atividades extras, a combinar com os inspetores de disciplina e\/ ou coordena\u00e7\u00e3o, como aulas \u2013 passeio, visitas e excurs\u00f5es, ser\u00e1 liberado o uso da cal\u00e7a jeans, de modelo tradicional, em azul.<\/p><p lang=\"pt-BR\" align=\"justify\"><b>MEDICAMENTOS<\/b><\/p><p lang=\"pt-BR\" align=\"justify\">Se a crian\u00e7a\/jovem necessitar do uso de algum medicamento, o respons\u00e1vel dever\u00e1 envi\u00e1-lo na mochila e comunicar, pela Agenda, o nome do medicamento, a dosagem e o hor\u00e1rio das doses, assinando esse bilhete.<\/p><p lang=\"pt-BR\" align=\"justify\">Nenhum medicamento ser\u00e1 por n\u00f3s ministrado por solicita\u00e7\u00e3o telef\u00f4nica, apenas por escrito. Relembramos que o uso de medicamentos s\u00f3 deve ocorrer por prescri\u00e7\u00e3o m\u00e9dica.<\/p><p lang=\"pt-BR\" align=\"justify\"><b>ATIVIDADES EXTRACURRICULARES<\/b><\/p><p lang=\"pt-BR\" align=\"justify\">As atividades desenvolvidas fora do hor\u00e1rio normal das aulas possuem regulamenta\u00e7\u00e3o e organiza\u00e7\u00e3o pr\u00f3prias. Se algo n\u00e3o estiver acontecendo de acordo com o estabelecido no momento da inscri\u00e7\u00e3o, procurar os Supervisores e\/ ou Coordenadores do ECE \u2013 PIO XII.<\/p><p lang=\"pt-BR\" align=\"justify\"><b>ATENDIMENTO A RESPONS\u00c1VEIS<\/b><\/p><p lang=\"pt-BR\" align=\"justify\">Com o\/a professor\/a: solicitar a marca\u00e7\u00e3o do atendimento pela Agenda. Lembramos que o hor\u00e1rio combinado precisa ser rigorosamente respeitado, pois est\u00e1 articulado \u00e0s possibilidades de hor\u00e1rio de outros professores.<\/p><p lang=\"pt-BR\" align=\"justify\">Com a Coordena\u00e7\u00e3o: ligar para a recep\u00e7\u00e3o (3391-0074\/ 3391- 0177\/ 98297-0018) e fazer o agendamento, com anteced\u00eancia.<\/p><p lang=\"pt-BR\" align=\"justify\"><b>GRUPOS DE ESTUDOS\/ BIBLIOTECA<\/b><\/p><p lang=\"pt-BR\" align=\"justify\">Os alunos que quiserem estudar em grupo e\/ou fazer pesquisas na Biblioteca, fora de seus hor\u00e1rios regulares de aula, poder\u00e3o faz\u00ea-lo mediante organiza\u00e7\u00e3o e orienta\u00e7\u00e3o do\/a professor\/a da disciplina; os inspetores e a recep\u00e7\u00e3o dever\u00e3o ser informados; os alunos de 6\u00ba e 7\u00ba AE dever\u00e3o, ainda, trazer autoriza\u00e7\u00e3o do respons\u00e1vel na agenda; o uso do uniforme \u00e9 obrigat\u00f3rio.<\/p><p lang=\"pt-BR\" align=\"justify\"><b>EDUCA\u00c7\u00c3O F\u00cdSICA<\/b><\/p><p lang=\"pt-BR\" align=\"justify\">As aulas de Ed. F\u00edsica s\u00e3o de presen\u00e7a obrigat\u00f3ria, pois fazem parte da Grade Curricular do Ensino Fundamental e do M\u00e9dio. A escolha de modalidade\/ dia da semana, vem atender solicita\u00e7\u00f5es dos alunos.<\/p><p lang=\"pt-BR\" align=\"justify\"><b>OUTROS<\/b><\/p><p lang=\"pt-BR\" align=\"justify\">Solicitamos manter atualizados, junto \u00e0 Secretaria da Escola e na Agenda do aluno, os n\u00fameros dos telefones fixos e celulares para contato com a fam\u00edlia em caso de urg\u00eancia.<\/p><p lang=\"pt-BR\" align=\"justify\">Agradecemos a compreens\u00e3o e colabora\u00e7\u00e3o.<\/p><p lang=\"pt-BR\" align=\"justify\">Irm\u00e3s, Dire\u00e7\u00e3o e Coordena\u00e7\u00e3o<\/p>\t\t\t\t\t\t\t\t<\/div>\n\t\t\t\t<\/div>\n\t\t\t\t\t<\/div>\n\t\t\t\t<\/div>\n\t\t\t\t<\/div>\n\t\t","protected":false},"excerpt":{"rendered":"<p>NORMAS DA ESCOLA \u2013 Do Maternal ao Ensino M\u00e9dio Senhor(a) Respons\u00e1vel Quando fazemos parte de um grupo, necessitamos de algumas normas que garantam unidade nas a\u00e7\u00f5es e igualdade de direitos, para que todos se sintam acolhidos e respeitados. Neste sentido, gostar\u00edamos de contar com sua colabora\u00e7\u00e3o no atendimento das quest\u00f5es abaixo relacionadas, que ir\u00e3o contribuir [&hellip;]<\/p>\n","protected":false},"author":1,"featured_media":0,"parent":0,"menu_order":0,"comment_status":"closed","ping_status":"closed","template":"","meta":{"_acf_changed":false,"footnotes":""},"class_list":["post-1803","page","type-page","status-publish","hentry"],"acf":[],"yoast_head":"<!-- This site is optimized with the Yoast SEO plugin v26.3 - https:\/\/yoast.com\/wordpress\/plugins\/seo\/ -->\n<title>Normas de Conviv\u00eancia - Escola Pio XII | Rede ICM de educa\u00e7\u00e3o<\/title>\n<meta name=\"robots\" content=\"index, follow, max-snippet:-1, max-image-preview:large, max-video-preview:-1\" \/>\n<link rel=\"canonical\" href=\"https:\/\/redeicm.org.br\/pioxii\/normas-de-convivencia\/\" \/>\n<meta property=\"og:locale\" content=\"pt_BR\" \/>\n<meta property=\"og:type\" content=\"article\" \/>\n<meta property=\"og:title\" content=\"Normas de Conviv\u00eancia - Escola Pio XII | Rede ICM de educa\u00e7\u00e3o\" \/>\n<meta property=\"og:description\" content=\"NORMAS DA ESCOLA \u2013 Do Maternal ao Ensino M\u00e9dio Senhor(a) Respons\u00e1vel Quando fazemos parte de um grupo, necessitamos de algumas normas que garantam unidade nas a\u00e7\u00f5es e igualdade de direitos, para que todos se sintam acolhidos e respeitados. Neste sentido, gostar\u00edamos de contar com sua colabora\u00e7\u00e3o no atendimento das quest\u00f5es abaixo relacionadas, que ir\u00e3o contribuir [&hellip;]\" \/>\n<meta property=\"og:url\" content=\"https:\/\/redeicm.org.br\/pioxii\/normas-de-convivencia\/\" \/>\n<meta property=\"og:site_name\" content=\"Escola Pio XII | Rede ICM de educa\u00e7\u00e3o\" \/>\n<meta property=\"article:modified_time\" content=\"2025-08-21T19:23:40+00:00\" \/>\n<meta name=\"twitter:card\" content=\"summary_large_image\" \/>\n<meta name=\"twitter:label1\" content=\"Est. tempo de leitura\" \/>\n\t<meta name=\"twitter:data1\" content=\"7 minutos\" \/>\n<script type=\"application\/ld+json\" class=\"yoast-schema-graph\">{\"@context\":\"https:\/\/schema.org\",\"@graph\":[{\"@type\":\"WebPage\",\"@id\":\"https:\/\/redeicm.org.br\/pioxii\/normas-de-convivencia\/\",\"url\":\"https:\/\/redeicm.org.br\/pioxii\/normas-de-convivencia\/\",\"name\":\"Normas de Conviv\u00eancia - Escola Pio XII | Rede ICM de educa\u00e7\u00e3o\",\"isPartOf\":{\"@id\":\"https:\/\/redeicm.org.br\/pioxii\/#website\"},\"datePublished\":\"2025-06-13T20:10:36+00:00\",\"dateModified\":\"2025-08-21T19:23:40+00:00\",\"breadcrumb\":{\"@id\":\"https:\/\/redeicm.org.br\/pioxii\/normas-de-convivencia\/#breadcrumb\"},\"inLanguage\":\"pt-BR\",\"potentialAction\":[{\"@type\":\"ReadAction\",\"target\":[\"https:\/\/redeicm.org.br\/pioxii\/normas-de-convivencia\/\"]}]},{\"@type\":\"BreadcrumbList\",\"@id\":\"https:\/\/redeicm.org.br\/pioxii\/normas-de-convivencia\/#breadcrumb\",\"itemListElement\":[{\"@type\":\"ListItem\",\"position\":1,\"name\":\"In\u00edcio\",\"item\":\"https:\/\/redeicm.org.br\/pioxii\/\"},{\"@type\":\"ListItem\",\"position\":2,\"name\":\"Normas de Conviv\u00eancia\"}]},{\"@type\":\"WebSite\",\"@id\":\"https:\/\/redeicm.org.br\/pioxii\/#website\",\"url\":\"https:\/\/redeicm.org.br\/pioxii\/\",\"name\":\"Escola Pio XII | Rede ICM de educa\u00e7\u00e3o\",\"description\":\"\",\"publisher\":{\"@id\":\"https:\/\/redeicm.org.br\/pioxii\/#organization\"},\"potentialAction\":[{\"@type\":\"SearchAction\",\"target\":{\"@type\":\"EntryPoint\",\"urlTemplate\":\"https:\/\/redeicm.org.br\/pioxii\/?s={search_term_string}\"},\"query-input\":{\"@type\":\"PropertyValueSpecification\",\"valueRequired\":true,\"valueName\":\"search_term_string\"}}],\"inLanguage\":\"pt-BR\"},{\"@type\":\"Organization\",\"@id\":\"https:\/\/redeicm.org.br\/pioxii\/#organization\",\"name\":\"Escola Pio XII | Rede ICM de educa\u00e7\u00e3o\",\"url\":\"https:\/\/redeicm.org.br\/pioxii\/\",\"logo\":{\"@type\":\"ImageObject\",\"inLanguage\":\"pt-BR\",\"@id\":\"https:\/\/redeicm.org.br\/pioxii\/#\/schema\/logo\/image\/\",\"url\":\"https:\/\/redeicm.org.br\/pioxii\/wp-content\/uploads\/sites\/2\/2024\/07\/logo-pio-xii.png\",\"contentUrl\":\"https:\/\/redeicm.org.br\/pioxii\/wp-content\/uploads\/sites\/2\/2024\/07\/logo-pio-xii.png\",\"width\":184,\"height\":75,\"caption\":\"Escola Pio XII | Rede ICM de educa\u00e7\u00e3o\"},\"image\":{\"@id\":\"https:\/\/redeicm.org.br\/pioxii\/#\/schema\/logo\/image\/\"}}]}<\/script>\n<!-- \/ Yoast SEO plugin. -->","yoast_head_json":{"title":"Normas de Conviv\u00eancia - Escola Pio XII | Rede ICM de educa\u00e7\u00e3o","robots":{"index":"index","follow":"follow","max-snippet":"max-snippet:-1","max-image-preview":"max-image-preview:large","max-video-preview":"max-video-preview:-1"},"canonical":"https:\/\/redeicm.org.br\/pioxii\/normas-de-convivencia\/","og_locale":"pt_BR","og_type":"article","og_title":"Normas de Conviv\u00eancia - Escola Pio XII | Rede ICM de educa\u00e7\u00e3o","og_description":"NORMAS DA ESCOLA \u2013 Do Maternal ao Ensino M\u00e9dio Senhor(a) Respons\u00e1vel Quando fazemos parte de um grupo, necessitamos de algumas normas que garantam unidade nas a\u00e7\u00f5es e igualdade de direitos, para que todos se sintam acolhidos e respeitados. Neste sentido, gostar\u00edamos de contar com sua colabora\u00e7\u00e3o no atendimento das quest\u00f5es abaixo relacionadas, que ir\u00e3o contribuir [&hellip;]","og_url":"https:\/\/redeicm.org.br\/pioxii\/normas-de-convivencia\/","og_site_name":"Escola Pio XII | Rede ICM de educa\u00e7\u00e3o","article_modified_time":"2025-08-21T19:23:40+00:00","twitter_card":"summary_large_image","twitter_misc":{"Est. tempo de leitura":"7 minutos"},"schema":{"@context":"https:\/\/schema.org","@graph":[{"@type":"WebPage","@id":"https:\/\/redeicm.org.br\/pioxii\/normas-de-convivencia\/","url":"https:\/\/redeicm.org.br\/pioxii\/normas-de-convivencia\/","name":"Normas de Conviv\u00eancia - Escola Pio XII | Rede ICM de educa\u00e7\u00e3o","isPartOf":{"@id":"https:\/\/redeicm.org.br\/pioxii\/#website"},"datePublished":"2025-06-13T20:10:36+00:00","dateModified":"2025-08-21T19:23:40+00:00","breadcrumb":{"@id":"https:\/\/redeicm.org.br\/pioxii\/normas-de-convivencia\/#breadcrumb"},"inLanguage":"pt-BR","potentialAction":[{"@type":"ReadAction","target":["https:\/\/redeicm.org.br\/pioxii\/normas-de-convivencia\/"]}]},{"@type":"BreadcrumbList","@id":"https:\/\/redeicm.org.br\/pioxii\/normas-de-convivencia\/#breadcrumb","itemListElement":[{"@type":"ListItem","position":1,"name":"In\u00edcio","item":"https:\/\/redeicm.org.br\/pioxii\/"},{"@type":"ListItem","position":2,"name":"Normas de Conviv\u00eancia"}]},{"@type":"WebSite","@id":"https:\/\/redeicm.org.br\/pioxii\/#website","url":"https:\/\/redeicm.org.br\/pioxii\/","name":"Escola Pio XII | Rede ICM de educa\u00e7\u00e3o","description":"","publisher":{"@id":"https:\/\/redeicm.org.br\/pioxii\/#organization"},"potentialAction":[{"@type":"SearchAction","target":{"@type":"EntryPoint","urlTemplate":"https:\/\/redeicm.org.br\/pioxii\/?s={search_term_string}"},"query-input":{"@type":"PropertyValueSpecification","valueRequired":true,"valueName":"search_term_string"}}],"inLanguage":"pt-BR"},{"@type":"Organization","@id":"https:\/\/redeicm.org.br\/pioxii\/#organization","name":"Escola Pio XII | Rede ICM de educa\u00e7\u00e3o","url":"https:\/\/redeicm.org.br\/pioxii\/","logo":{"@type":"ImageObject","inLanguage":"pt-BR","@id":"https:\/\/redeicm.org.br\/pioxii\/#\/schema\/logo\/image\/","url":"https:\/\/redeicm.org.br\/pioxii\/wp-content\/uploads\/sites\/2\/2024\/07\/logo-pio-xii.png","contentUrl":"https:\/\/redeicm.org.br\/pioxii\/wp-content\/uploads\/sites\/2\/2024\/07\/logo-pio-xii.png","width":184,"height":75,"caption":"Escola Pio XII | Rede ICM de educa\u00e7\u00e3o"},"image":{"@id":"https:\/\/redeicm.org.br\/pioxii\/#\/schema\/logo\/image\/"}}]}},"_links":{"self":[{"href":"https:\/\/redeicm.org.br\/pioxii\/wp-json\/wp\/v2\/pages\/1803","targetHints":{"allow":["GET"]}}],"collection":[{"href":"https:\/\/redeicm.org.br\/pioxii\/wp-json\/wp\/v2\/pages"}],"about":[{"href":"https:\/\/redeicm.org.br\/pioxii\/wp-json\/wp\/v2\/types\/page"}],"author":[{"embeddable":true,"href":"https:\/\/redeicm.org.br\/pioxii\/wp-json\/wp\/v2\/users\/1"}],"replies":[{"embeddable":true,"href":"https:\/\/redeicm.org.br\/pioxii\/wp-json\/wp\/v2\/comments?post=1803"}],"version-history":[{"count":13,"href":"https:\/\/redeicm.org.br\/pioxii\/wp-json\/wp\/v2\/pages\/1803\/revisions"}],"predecessor-version":[{"id":2425,"href":"https:\/\/redeicm.org.br\/pioxii\/wp-json\/wp\/v2\/pages\/1803\/revisions\/2425"}],"wp:attachment":[{"href":"https:\/\/redeicm.org.br\/pioxii\/wp-json\/wp\/v2\/media?parent=1803"}],"curies":[{"name":"wp","href":"https:\/\/api.w.org\/{rel}","templated":true}]}}