{"id":299,"date":"2024-09-09T13:02:43","date_gmt":"2024-09-09T16:02:43","guid":{"rendered":"https:\/\/redeicm.org.br\/maossolidarias\/?page_id=299"},"modified":"2025-10-28T15:28:13","modified_gmt":"2025-10-28T18:28:13","slug":"servico-de-convivencia-e-fortalecimento-de-vinculos","status":"publish","type":"page","link":"https:\/\/redeicm.org.br\/maossolidarias\/servico-de-convivencia-e-fortalecimento-de-vinculos\/","title":{"rendered":"Servi\u00e7o de Conviv\u00eancia e Fortalecimento de V\u00ednculos"},"content":{"rendered":"\t\t<div data-elementor-type=\"wp-page\" data-elementor-id=\"299\" class=\"elementor elementor-299\" data-elementor-post-type=\"page\">\n\t\t\t\t<div class=\"elementor-element elementor-element-042c352 e-con-full e-flex e-con e-parent\" data-id=\"042c352\" data-element_type=\"container\" data-e-type=\"container\">\n\t\t<div class=\"elementor-element elementor-element-4ff2b60 e-flex e-con-boxed e-con e-child\" data-id=\"4ff2b60\" data-element_type=\"container\" data-e-type=\"container\">\n\t\t\t\t\t<div class=\"e-con-inner\">\n\t\t\t\t<div class=\"elementor-element elementor-element-b8b30ec elementor-widget elementor-widget-text-editor\" data-id=\"b8b30ec\" data-element_type=\"widget\" data-e-type=\"widget\" data-widget_type=\"text-editor.default\">\n\t\t\t\t<div class=\"elementor-widget-container\">\n\t\t\t\t\t\t\t\t\t<p>Nova <strong>inser\u00e7\u00e3o<\/strong>.\u00a0<\/p>\t\t\t\t\t\t\t\t<\/div>\n\t\t\t\t<\/div>\n\t\t\t\t\t<\/div>\n\t\t\t\t<\/div>\n\t\t\t\t<\/div>\n\t\t\t\t<\/div>\n\t\t","protected":false},"excerpt":{"rendered":"<p>Nova inser\u00e7\u00e3o.\u00a0<\/p>\n","protected":false},"author":1,"featured_media":0,"parent":0,"menu_order":0,"comment_status":"closed","ping_status":"closed","template":"","meta":{"_acf_changed":false,"footnotes":""},"class_list":["post-299","page","type-page","status-publish","hentry"],"acf":[],"yoast_head":"<!-- This site is optimized with the Yoast SEO plugin v26.3 - https:\/\/yoast.com\/wordpress\/plugins\/seo\/ -->\n<title>Servi\u00e7o de Conviv\u00eancia e Fortalecimento de V\u00ednculos - Centro de Conviv\u00eancia M\u00e3os Solid\u00e1rias | Rede ICM de Educa\u00e7\u00e3o e Assist\u00eancia Social<\/title>\n<meta name=\"robots\" content=\"index, follow, max-snippet:-1, max-image-preview:large, max-video-preview:-1\" \/>\n<link rel=\"canonical\" href=\"https:\/\/redeicm.org.br\/maossolidarias\/servico-de-convivencia-e-fortalecimento-de-vinculos\/\" \/>\n<meta property=\"og:locale\" content=\"pt_BR\" \/>\n<meta property=\"og:type\" content=\"article\" \/>\n<meta property=\"og:title\" content=\"Servi\u00e7o de Conviv\u00eancia e Fortalecimento de V\u00ednculos - Centro de Conviv\u00eancia M\u00e3os Solid\u00e1rias | Rede ICM de Educa\u00e7\u00e3o e Assist\u00eancia Social\" \/>\n<meta property=\"og:description\" content=\"Nova inser\u00e7\u00e3o.\u00a0\" \/>\n<meta property=\"og:url\" content=\"https:\/\/redeicm.org.br\/maossolidarias\/servico-de-convivencia-e-fortalecimento-de-vinculos\/\" \/>\n<meta property=\"og:site_name\" content=\"Centro de Conviv\u00eancia M\u00e3os Solid\u00e1rias | Rede ICM de Educa\u00e7\u00e3o e Assist\u00eancia Social\" \/>\n<meta property=\"article:modified_time\" content=\"2025-10-28T18:28:13+00:00\" \/>\n<meta name=\"twitter:card\" content=\"summary_large_image\" \/>\n<meta name=\"twitter:label1\" content=\"Est. tempo de leitura\" \/>\n\t<meta name=\"twitter:data1\" content=\"1 minuto\" \/>\n<script type=\"application\/ld+json\" class=\"yoast-schema-graph\">{\"@context\":\"https:\/\/schema.org\",\"@graph\":[{\"@type\":\"WebPage\",\"@id\":\"https:\/\/redeicm.org.br\/maossolidarias\/servico-de-convivencia-e-fortalecimento-de-vinculos\/\",\"url\":\"https:\/\/redeicm.org.br\/maossolidarias\/servico-de-convivencia-e-fortalecimento-de-vinculos\/\",\"name\":\"Servi\u00e7o de Conviv\u00eancia e Fortalecimento de V\u00ednculos - Centro de Conviv\u00eancia M\u00e3os Solid\u00e1rias | Rede ICM de Educa\u00e7\u00e3o e Assist\u00eancia Social\",\"isPartOf\":{\"@id\":\"https:\/\/redeicm.org.br\/maossolidarias\/#website\"},\"datePublished\":\"2024-09-09T16:02:43+00:00\",\"dateModified\":\"2025-10-28T18:28:13+00:00\",\"breadcrumb\":{\"@id\":\"https:\/\/redeicm.org.br\/maossolidarias\/servico-de-convivencia-e-fortalecimento-de-vinculos\/#breadcrumb\"},\"inLanguage\":\"pt-BR\",\"potentialAction\":[{\"@type\":\"ReadAction\",\"target\":[\"https:\/\/redeicm.org.br\/maossolidarias\/servico-de-convivencia-e-fortalecimento-de-vinculos\/\"]}]},{\"@type\":\"BreadcrumbList\",\"@id\":\"https:\/\/redeicm.org.br\/maossolidarias\/servico-de-convivencia-e-fortalecimento-de-vinculos\/#breadcrumb\",\"itemListElement\":[{\"@type\":\"ListItem\",\"position\":1,\"name\":\"In\u00edcio\",\"item\":\"https:\/\/redeicm.org.br\/maossolidarias\/\"},{\"@type\":\"ListItem\",\"position\":2,\"name\":\"Servi\u00e7o de Conviv\u00eancia e Fortalecimento de V\u00ednculos\"}]},{\"@type\":\"WebSite\",\"@id\":\"https:\/\/redeicm.org.br\/maossolidarias\/#website\",\"url\":\"https:\/\/redeicm.org.br\/maossolidarias\/\",\"name\":\"Centro de Conviv\u00eancia M\u00e3os Solid\u00e1rias | Rede ICM de Educa\u00e7\u00e3o e Assist\u00eancia Social\",\"description\":\"\",\"publisher\":{\"@id\":\"https:\/\/redeicm.org.br\/maossolidarias\/#organization\"},\"potentialAction\":[{\"@type\":\"SearchAction\",\"target\":{\"@type\":\"EntryPoint\",\"urlTemplate\":\"https:\/\/redeicm.org.br\/maossolidarias\/?s={search_term_string}\"},\"query-input\":{\"@type\":\"PropertyValueSpecification\",\"valueRequired\":true,\"valueName\":\"search_term_string\"}}],\"inLanguage\":\"pt-BR\"},{\"@type\":\"Organization\",\"@id\":\"https:\/\/redeicm.org.br\/maossolidarias\/#organization\",\"name\":\"Centro de Conviv\u00eancia M\u00e3os Solid\u00e1rias | Rede ICM de Educa\u00e7\u00e3o e Assist\u00eancia Social\",\"url\":\"https:\/\/redeicm.org.br\/maossolidarias\/\",\"logo\":{\"@type\":\"ImageObject\",\"inLanguage\":\"pt-BR\",\"@id\":\"https:\/\/redeicm.org.br\/maossolidarias\/#\/schema\/logo\/image\/\",\"url\":\"https:\/\/redeicm.org.br\/maossolidarias\/wp-content\/uploads\/sites\/19\/2024\/08\/logo-icm-maos-solidarias.webp\",\"contentUrl\":\"https:\/\/redeicm.org.br\/maossolidarias\/wp-content\/uploads\/sites\/19\/2024\/08\/logo-icm-maos-solidarias.webp\",\"width\":1024,\"height\":360,\"caption\":\"Centro de Conviv\u00eancia M\u00e3os Solid\u00e1rias | Rede ICM de Educa\u00e7\u00e3o e Assist\u00eancia Social\"},\"image\":{\"@id\":\"https:\/\/redeicm.org.br\/maossolidarias\/#\/schema\/logo\/image\/\"}}]}<\/script>\n<!-- \/ Yoast SEO plugin. -->","yoast_head_json":{"title":"Servi\u00e7o de Conviv\u00eancia e Fortalecimento de V\u00ednculos - Centro de Conviv\u00eancia M\u00e3os Solid\u00e1rias | Rede ICM de Educa\u00e7\u00e3o e Assist\u00eancia Social","robots":{"index":"index","follow":"follow","max-snippet":"max-snippet:-1","max-image-preview":"max-image-preview:large","max-video-preview":"max-video-preview:-1"},"canonical":"https:\/\/redeicm.org.br\/maossolidarias\/servico-de-convivencia-e-fortalecimento-de-vinculos\/","og_locale":"pt_BR","og_type":"article","og_title":"Servi\u00e7o de Conviv\u00eancia e Fortalecimento de V\u00ednculos - Centro de Conviv\u00eancia M\u00e3os Solid\u00e1rias | Rede ICM de Educa\u00e7\u00e3o e Assist\u00eancia Social","og_description":"Nova inser\u00e7\u00e3o.\u00a0","og_url":"https:\/\/redeicm.org.br\/maossolidarias\/servico-de-convivencia-e-fortalecimento-de-vinculos\/","og_site_name":"Centro de Conviv\u00eancia M\u00e3os Solid\u00e1rias | Rede ICM de Educa\u00e7\u00e3o e Assist\u00eancia Social","article_modified_time":"2025-10-28T18:28:13+00:00","twitter_card":"summary_large_image","twitter_misc":{"Est. tempo de leitura":"1 minuto"},"schema":{"@context":"https:\/\/schema.org","@graph":[{"@type":"WebPage","@id":"https:\/\/redeicm.org.br\/maossolidarias\/servico-de-convivencia-e-fortalecimento-de-vinculos\/","url":"https:\/\/redeicm.org.br\/maossolidarias\/servico-de-convivencia-e-fortalecimento-de-vinculos\/","name":"Servi\u00e7o de Conviv\u00eancia e Fortalecimento de V\u00ednculos - Centro de Conviv\u00eancia M\u00e3os Solid\u00e1rias | Rede ICM de Educa\u00e7\u00e3o e Assist\u00eancia Social","isPartOf":{"@id":"https:\/\/redeicm.org.br\/maossolidarias\/#website"},"datePublished":"2024-09-09T16:02:43+00:00","dateModified":"2025-10-28T18:28:13+00:00","breadcrumb":{"@id":"https:\/\/redeicm.org.br\/maossolidarias\/servico-de-convivencia-e-fortalecimento-de-vinculos\/#breadcrumb"},"inLanguage":"pt-BR","potentialAction":[{"@type":"ReadAction","target":["https:\/\/redeicm.org.br\/maossolidarias\/servico-de-convivencia-e-fortalecimento-de-vinculos\/"]}]},{"@type":"BreadcrumbList","@id":"https:\/\/redeicm.org.br\/maossolidarias\/servico-de-convivencia-e-fortalecimento-de-vinculos\/#breadcrumb","itemListElement":[{"@type":"ListItem","position":1,"name":"In\u00edcio","item":"https:\/\/redeicm.org.br\/maossolidarias\/"},{"@type":"ListItem","position":2,"name":"Servi\u00e7o de Conviv\u00eancia e Fortalecimento de V\u00ednculos"}]},{"@type":"WebSite","@id":"https:\/\/redeicm.org.br\/maossolidarias\/#website","url":"https:\/\/redeicm.org.br\/maossolidarias\/","name":"Centro de Conviv\u00eancia M\u00e3os Solid\u00e1rias | Rede ICM de Educa\u00e7\u00e3o e Assist\u00eancia Social","description":"","publisher":{"@id":"https:\/\/redeicm.org.br\/maossolidarias\/#organization"},"potentialAction":[{"@type":"SearchAction","target":{"@type":"EntryPoint","urlTemplate":"https:\/\/redeicm.org.br\/maossolidarias\/?s={search_term_string}"},"query-input":{"@type":"PropertyValueSpecification","valueRequired":true,"valueName":"search_term_string"}}],"inLanguage":"pt-BR"},{"@type":"Organization","@id":"https:\/\/redeicm.org.br\/maossolidarias\/#organization","name":"Centro de Conviv\u00eancia M\u00e3os Solid\u00e1rias | Rede ICM de Educa\u00e7\u00e3o e Assist\u00eancia Social","url":"https:\/\/redeicm.org.br\/maossolidarias\/","logo":{"@type":"ImageObject","inLanguage":"pt-BR","@id":"https:\/\/redeicm.org.br\/maossolidarias\/#\/schema\/logo\/image\/","url":"https:\/\/redeicm.org.br\/maossolidarias\/wp-content\/uploads\/sites\/19\/2024\/08\/logo-icm-maos-solidarias.webp","contentUrl":"https:\/\/redeicm.org.br\/maossolidarias\/wp-content\/uploads\/sites\/19\/2024\/08\/logo-icm-maos-solidarias.webp","width":1024,"height":360,"caption":"Centro de Conviv\u00eancia M\u00e3os Solid\u00e1rias | Rede ICM de Educa\u00e7\u00e3o e Assist\u00eancia Social"},"image":{"@id":"https:\/\/redeicm.org.br\/maossolidarias\/#\/schema\/logo\/image\/"}}]}},"_links":{"self":[{"href":"https:\/\/redeicm.org.br\/maossolidarias\/wp-json\/wp\/v2\/pages\/299","targetHints":{"allow":["GET"]}}],"collection":[{"href":"https:\/\/redeicm.org.br\/maossolidarias\/wp-json\/wp\/v2\/pages"}],"about":[{"href":"https:\/\/redeicm.org.br\/maossolidarias\/wp-json\/wp\/v2\/types\/page"}],"author":[{"embeddable":true,"href":"https:\/\/redeicm.org.br\/maossolidarias\/wp-json\/wp\/v2\/users\/1"}],"replies":[{"embeddable":true,"href":"https:\/\/redeicm.org.br\/maossolidarias\/wp-json\/wp\/v2\/comments?post=299"}],"version-history":[{"count":15,"href":"https:\/\/redeicm.org.br\/maossolidarias\/wp-json\/wp\/v2\/pages\/299\/revisions"}],"predecessor-version":[{"id":534,"href":"https:\/\/redeicm.org.br\/maossolidarias\/wp-json\/wp\/v2\/pages\/299\/revisions\/534"}],"wp:attachment":[{"href":"https:\/\/redeicm.org.br\/maossolidarias\/wp-json\/wp\/v2\/media?parent=299"}],"curies":[{"name":"wp","href":"https:\/\/api.w.org\/{rel}","templated":true}]}}